{"id":91581,"date":"2024-05-29T11:39:36","date_gmt":"2024-05-29T09:39:36","guid":{"rendered":"https:\/\/grontkontor.dk\/about-grontkontor-dk\/"},"modified":"2025-11-27T11:16:20","modified_gmt":"2025-11-27T10:16:20","slug":"about-grontkontor-dk","status":"publish","type":"page","link":"https:\/\/grontkontor.dk\/de\/about-grontkontor-dk\/","title":{"rendered":"\u00dcber Porridge ntkontor.dk"},"content":{"rendered":"\t\t<div data-elementor-type=\"wp-page\" data-elementor-id=\"91581\" class=\"elementor elementor-91581 elementor-9139\">\n\t\t\t\t\t\t\t<div class=\"elementor-element elementor-element-709690b padding e-con-boxed e-flex e-con\" data-id=\"709690b\" data-element_type=\"container\" data-settings=\"{&quot;content_width&quot;:&quot;boxed&quot;}\">\n\t\t\t\t\t<div class=\"e-con-inner\">\n\t\t<div class=\"elementor-element elementor-element-68e8358 e-con-full e-flex e-con\" data-id=\"68e8358\" data-element_type=\"container\" data-settings=\"{&quot;background_background&quot;:&quot;classic&quot;,&quot;content_width&quot;:&quot;full&quot;}\">\n\t\t\t\t<div class=\"elementor-element elementor-element-df75538 elementor-widget elementor-widget-heading\" data-id=\"df75538\" data-element_type=\"widget\" data-widget_type=\"heading.default\">\n\t\t\t\t<div class=\"elementor-widget-container\">\n\t\t\t<style>\/*! elementor - v3.13.3 - 28-05-2023 *\/\n.elementor-heading-title{padding:0;margin:0;line-height:1}.elementor-widget-heading .elementor-heading-title[class*=elementor-size-]>a{color:inherit;font-size:inherit;line-height:inherit}.elementor-widget-heading .elementor-heading-title.elementor-size-small{font-size:15px}.elementor-widget-heading .elementor-heading-title.elementor-size-medium{font-size:19px}.elementor-widget-heading .elementor-heading-title.elementor-size-large{font-size:29px}.elementor-widget-heading .elementor-heading-title.elementor-size-xl{font-size:39px}.elementor-widget-heading .elementor-heading-title.elementor-size-xxl{font-size:59px}<\/style><h1 class=\"elementor-heading-title elementor-size-default\">\u00dcber grontkontor.dk<\/h1>\t\t<\/div>\n\t\t\t\t<\/div>\n\t\t\t\t<div class=\"elementor-element elementor-element-90327e4 elementor-widget__width-initial elementor-widget elementor-widget-text-editor\" data-id=\"90327e4\" data-element_type=\"widget\" data-widget_type=\"text-editor.default\">\n\t\t\t\t<div class=\"elementor-widget-container\">\n\t\t\t<style>\/*! elementor - v3.13.3 - 28-05-2023 *\/\n.elementor-widget-text-editor.elementor-drop-cap-view-stacked .elementor-drop-cap{background-color:#69727d;color:#fff}.elementor-widget-text-editor.elementor-drop-cap-view-framed .elementor-drop-cap{color:#69727d;border:3px solid;background-color:transparent}.elementor-widget-text-editor:not(.elementor-drop-cap-view-default) .elementor-drop-cap{margin-top:8px}.elementor-widget-text-editor:not(.elementor-drop-cap-view-default) .elementor-drop-cap-letter{width:1em;height:1em}.elementor-widget-text-editor .elementor-drop-cap{float:left;text-align:center;line-height:1;font-size:50px}.elementor-widget-text-editor .elementor-drop-cap-letter{display:inline-block}<\/style>\t\t\t\t<p>Grontkontor.dk wurde aus dem Wunsch heraus gegr\u00fcndet, mit Verantwortung gegen\u00fcber seinen Bewohnern zu einem nachhaltigen Planeten beizutragen.<\/p><p>Wir m\u00f6chten dazu beitragen, dass unansehnliche, umweltsch\u00e4dliche PVC-Produkte und dergleichen, die unter fragw\u00fcrdigen Bedingungen hergestellt werden, durch solide und gut gestaltete Produkte ersetzt werden, die aus klimafreundlichen Materialien mit einem hohen Ma\u00df an sozialer Verantwortung hergestellt werden.<\/p><div class=\"usGWQd\"><div class=\"KkbLmb\"><div class=\"lRu31\" dir=\"ltr\"><span class=\"HwtZe\" lang=\"de\"><span class=\"jCAhz ChMk0b\"><span class=\"ryNqvb\">Wir legen besonderen Wert darauf, dass unsere Produkte im Herstellungsprozess, bei den Materialien und beim Transport unseren Planeten so wenig wie m\u00f6glich belasten. Sie werden unter fairen und sicheren Bedingungen mit angemessener Bezahlung hergestellt. Sie sind funktional und \u00e4sthetisch ansprechend gestaltet. Ihr Preis entspricht m\u00f6glichst dem von vergleichbar umweltsch\u00e4dlichen Produkten.<\/span><\/span><\/span><\/div><div dir=\"ltr\">\u00a0<\/div><div class=\"lRu31\" dir=\"ltr\"><span class=\"HwtZe\" lang=\"de\"><span class=\"jCAhz ChMk0b\"><span class=\"ryNqvb\">Das ideale Produkt best\u00fcnde aus 100 % nachhaltigen Materialien, w\u00fcrde ohne fossile Energie von Arbeitskr\u00e4ften in Entwicklungsl\u00e4ndern zu L\u00f6hnen hergestellt, die europ\u00e4ischen L\u00f6hnen entsprechen, und mit solar- oder windbetriebenen Transportmitteln zu unseren Kunden gebracht.<\/span><\/span><span class=\"jCAhz ChMk0b\"><span class=\"ryNqvb\"> Leider konnten wir dieses Produkt bisher nicht finden. <img decoding=\"async\" class=\"emoji\" role=\"img\" draggable=\"false\" src=\"https:\/\/s.w.org\/images\/core\/emoji\/15.0.3\/svg\/1f642.svg\" alt=\"\ud83d\ude42\" \/> <\/span><\/span><\/span><\/div><div dir=\"ltr\">\u00a0<\/div><div class=\"lRu31\" dir=\"ltr\"><span class=\"HwtZe\" lang=\"de\"><span class=\"jCAhz ChMk0b\"><span class=\"ryNqvb\">In der Realit\u00e4t muss man Kompromisse eingehen.<\/span><\/span> <span class=\"jCAhz ChMk0b\"><span class=\"ryNqvb\">Die Produkte auf gr\u00f8ntkontor.dk wurden nach dem pragmatischen Prinzip der gr\u00f6\u00dftm\u00f6glichen Nachhaltigkeit im Vergleich zu herk\u00f6mmlichen Produkten ausgew\u00e4hlt.<\/span><\/span> <span class=\"jCAhz\"><span class=\"ryNqvb\">Erfahren Sie mehr \u00fcber unsere Kriterien f\u00fcr Produktnachhaltigkeit.<\/span><\/span><\/span><\/div><\/div><\/div><div>\u00a0<\/div>\t\t\t\t\t\t<\/div>\n\t\t\t\t<\/div>\n\t\t\t\t<\/div>\n\t\t<div class=\"elementor-element elementor-element-42e6fbc e-con-full e-flex e-con\" data-id=\"42e6fbc\" data-element_type=\"container\" data-settings=\"{&quot;background_background&quot;:&quot;classic&quot;,&quot;content_width&quot;:&quot;full&quot;}\">\n\t\t\t\t<div class=\"elementor-element elementor-element-d7caeee elementor-widget elementor-widget-heading\" data-id=\"d7caeee\" data-element_type=\"widget\" data-widget_type=\"heading.default\">\n\t\t\t\t<div class=\"elementor-widget-container\">\n\t\t\t<h2 class=\"elementor-heading-title elementor-size-default\">Skulle du have v\u00e6ret i kontakt med os?<\/h2>\t\t<\/div>\n\t\t\t\t<\/div>\n\t\t\t\t<div class=\"elementor-element elementor-element-83b8b6d elementor-widget__width-initial elementor-widget elementor-widget-text-editor\" data-id=\"83b8b6d\" data-element_type=\"widget\" data-widget_type=\"text-editor.default\">\n\t\t\t\t<div class=\"elementor-widget-container\">\n\t\t\t\t\t\t\t<p>Find vores kontakt oplysninger her.<\/p>\n\t\t\t\t\t\t<\/div>\n\t\t\t\t<\/div>\n\t\t\t\t<div class=\"elementor-element elementor-element-90c68c5 e-transform e-transform elementor-widget elementor-widget-button\" data-id=\"90c68c5\" data-element_type=\"widget\" data-settings=\"{&quot;_transform_translateX_effect_hover&quot;:{&quot;unit&quot;:&quot;px&quot;,&quot;size&quot;:0,&quot;sizes&quot;:[]},&quot;_transform_translateY_effect_hover&quot;:{&quot;unit&quot;:&quot;px&quot;,&quot;size&quot;:-2,&quot;sizes&quot;:[]},&quot;_transform_translateX_effect&quot;:{&quot;unit&quot;:&quot;px&quot;,&quot;size&quot;:&quot;&quot;,&quot;sizes&quot;:[]},&quot;_transform_translateX_effect_tablet&quot;:{&quot;unit&quot;:&quot;px&quot;,&quot;size&quot;:&quot;&quot;,&quot;sizes&quot;:[]},&quot;_transform_translateX_effect_mobile&quot;:{&quot;unit&quot;:&quot;px&quot;,&quot;size&quot;:&quot;&quot;,&quot;sizes&quot;:[]},&quot;_transform_translateY_effect&quot;:{&quot;unit&quot;:&quot;px&quot;,&quot;size&quot;:&quot;&quot;,&quot;sizes&quot;:[]},&quot;_transform_translateY_effect_tablet&quot;:{&quot;unit&quot;:&quot;px&quot;,&quot;size&quot;:&quot;&quot;,&quot;sizes&quot;:[]},&quot;_transform_translateY_effect_mobile&quot;:{&quot;unit&quot;:&quot;px&quot;,&quot;size&quot;:&quot;&quot;,&quot;sizes&quot;:[]},&quot;_transform_translateX_effect_hover_tablet&quot;:{&quot;unit&quot;:&quot;px&quot;,&quot;size&quot;:&quot;&quot;,&quot;sizes&quot;:[]},&quot;_transform_translateX_effect_hover_mobile&quot;:{&quot;unit&quot;:&quot;px&quot;,&quot;size&quot;:&quot;&quot;,&quot;sizes&quot;:[]},&quot;_transform_translateY_effect_hover_tablet&quot;:{&quot;unit&quot;:&quot;px&quot;,&quot;size&quot;:&quot;&quot;,&quot;sizes&quot;:[]},&quot;_transform_translateY_effect_hover_mobile&quot;:{&quot;unit&quot;:&quot;px&quot;,&quot;size&quot;:&quot;&quot;,&quot;sizes&quot;:[]}}\" data-widget_type=\"button.default\">\n\t\t\t\t<div class=\"elementor-widget-container\">\n\t\t\t\t\t<div class=\"elementor-button-wrapper\">\n\t\t\t<a href=\"https:\/\/grontkontor.dk\/kontakt\/\" class=\"elementor-button-link elementor-button elementor-size-sm\" role=\"button\">\n\t\t\t\t\t\t<span class=\"elementor-button-content-wrapper\">\n\t\t\t\t\t\t\t<span class=\"elementor-button-icon elementor-align-icon-right\">\n\t\t\t\t<i aria-hidden=\"true\" class=\"fas fa-chevron-right\"><\/i>\t\t\t<\/span>\n\t\t\t\t\t\t<span class=\"elementor-button-text\">Kontakt os<\/span>\n\t\t<\/span>\n\t\t\t\t\t<\/a>\n\t\t<\/div>\n\t\t\t\t<\/div>\n\t\t\t\t<\/div>\n\t\t\t\t<\/div>\n\t\t\t\t\t<\/div>\n\t\t\t\t<\/div>\n\t\t\t\t\t\t\t<\/div>\n\t\t","protected":false},"excerpt":{"rendered":"<p>\u00dcber grontkontor.dk Grontkontor.dk wurde aus dem Wunsch heraus gegr\u00fcndet, mit Verantwortung gegen\u00fcber seinen Bewohnern zu einem nachhaltigen Planeten beizutragen. Wir m\u00f6chten dazu beitragen, dass unansehnliche, umweltsch\u00e4dliche PVC-Produkte und dergleichen, die unter fragw\u00fcrdigen Bedingungen hergestellt werden, durch solide und gut gestaltete Produkte ersetzt werden, die aus klimafreundlichen Materialien mit einem hohen Ma\u00df an sozialer Verantwortung hergestellt [&hellip;]<\/p>\n","protected":false},"author":88,"featured_media":0,"parent":0,"menu_order":0,"comment_status":"closed","ping_status":"closed","template":"","meta":{"_acf_changed":false,"footnotes":""},"class_list":["post-91581","page","type-page","status-publish","hentry"],"acf":[],"yoast_head":"<!-- This site is optimized with the Yoast SEO Premium plugin v21.2 (Yoast SEO v21.2) - https:\/\/yoast.com\/wordpress\/plugins\/seo\/ -->\n<title>\u00dcber Porridge ntkontor.dk - Gr\u00f8nt Kontor<\/title>\n<meta name=\"robots\" content=\"index, follow, max-snippet:-1, max-image-preview:large, max-video-preview:-1\" \/>\n<link rel=\"canonical\" href=\"https:\/\/grontkontor.dk\/om-grontkontor-dk\/\" \/>\n<meta property=\"og:locale\" content=\"de_DE\" \/>\n<meta property=\"og:type\" content=\"article\" \/>\n<meta property=\"og:title\" content=\"\u00dcber Porridge ntkontor.dk\" \/>\n<meta property=\"og:description\" content=\"\u00dcber grontkontor.dk Grontkontor.dk wurde aus dem Wunsch heraus gegr\u00fcndet, mit Verantwortung gegen\u00fcber seinen Bewohnern zu einem nachhaltigen Planeten beizutragen. Wir m\u00f6chten dazu beitragen, dass unansehnliche, umweltsch\u00e4dliche PVC-Produkte und dergleichen, die unter fragw\u00fcrdigen Bedingungen hergestellt werden, durch solide und gut gestaltete Produkte ersetzt werden, die aus klimafreundlichen Materialien mit einem hohen Ma\u00df an sozialer Verantwortung hergestellt [&hellip;]\" \/>\n<meta property=\"og:url\" content=\"https:\/\/grontkontor.dk\/om-grontkontor-dk\/\" \/>\n<meta property=\"og:site_name\" content=\"Gr\u00f8nt Kontor\" \/>\n<meta property=\"article:publisher\" content=\"https:\/\/www.facebook.com\/grontkontor.dk\/\" \/>\n<meta property=\"article:modified_time\" content=\"2025-11-27T10:16:20+00:00\" \/>\n<meta property=\"og:image\" content=\"https:\/\/s.w.org\/images\/core\/emoji\/15.0.3\/svg\/1f642.svg\" \/>\n<meta name=\"twitter:card\" content=\"summary_large_image\" \/>\n<meta name=\"twitter:label1\" content=\"Gesch\u00e4tzte Lesezeit\" \/>\n\t<meta name=\"twitter:data1\" content=\"2\u00a0Minuten\" \/>\n<script type=\"application\/ld+json\" class=\"yoast-schema-graph\">{\"@context\":\"https:\/\/schema.org\",\"@graph\":[{\"@type\":\"WebPage\",\"@id\":\"https:\/\/grontkontor.dk\/om-grontkontor-dk\/\",\"url\":\"https:\/\/grontkontor.dk\/om-grontkontor-dk\/\",\"name\":\"\u00dcber Porridge ntkontor.dk - Gr\u00f8nt Kontor\",\"isPartOf\":{\"@id\":\"https:\/\/grontkontor.dk\/#website\"},\"datePublished\":\"2024-05-29T09:39:36+00:00\",\"dateModified\":\"2025-11-27T10:16:20+00:00\",\"breadcrumb\":{\"@id\":\"https:\/\/grontkontor.dk\/om-grontkontor-dk\/#breadcrumb\"},\"inLanguage\":\"de\",\"potentialAction\":[{\"@type\":\"ReadAction\",\"target\":[\"https:\/\/grontkontor.dk\/om-grontkontor-dk\/\"]}]},{\"@type\":\"BreadcrumbList\",\"@id\":\"https:\/\/grontkontor.dk\/om-grontkontor-dk\/#breadcrumb\",\"itemListElement\":[{\"@type\":\"ListItem\",\"position\":1,\"name\":\"Forside\",\"item\":\"https:\/\/grontkontor.dk\/de\/\"},{\"@type\":\"ListItem\",\"position\":2,\"name\":\"\u00dcber Porridge ntkontor.dk\"}]},{\"@type\":\"WebSite\",\"@id\":\"https:\/\/grontkontor.dk\/#website\",\"url\":\"https:\/\/grontkontor.dk\/\",\"name\":\"Gr\u00f8nt Kontor\",\"description\":\"Milj\u00f8venlige produkter til kontor og erhverv med fokus p\u00e5 b\u00e6redygtighed, design og fair trade.\",\"publisher\":{\"@id\":\"https:\/\/grontkontor.dk\/#organization\"},\"potentialAction\":[{\"@type\":\"SearchAction\",\"target\":{\"@type\":\"EntryPoint\",\"urlTemplate\":\"https:\/\/grontkontor.dk\/?s={search_term_string}\"},\"query-input\":\"required name=search_term_string\"}],\"inLanguage\":\"de\"},{\"@type\":\"Organization\",\"@id\":\"https:\/\/grontkontor.dk\/#organization\",\"name\":\"Gr\u00f8nt Kontor\",\"url\":\"https:\/\/grontkontor.dk\/\",\"logo\":{\"@type\":\"ImageObject\",\"inLanguage\":\"de\",\"@id\":\"https:\/\/grontkontor.dk\/#\/schema\/logo\/image\/\",\"url\":\"https:\/\/grontkontor.dk\/wp-content\/uploads\/2014\/02\/Logo_groent_kontor_300x80.png\",\"contentUrl\":\"https:\/\/grontkontor.dk\/wp-content\/uploads\/2014\/02\/Logo_groent_kontor_300x80.png\",\"width\":300,\"height\":80,\"caption\":\"Gr\u00f8nt Kontor\"},\"image\":{\"@id\":\"https:\/\/grontkontor.dk\/#\/schema\/logo\/image\/\"},\"sameAs\":[\"https:\/\/www.facebook.com\/grontkontor.dk\/\"]}]}<\/script>\n<!-- \/ Yoast SEO Premium plugin. -->","yoast_head_json":{"title":"\u00dcber Porridge ntkontor.dk - Gr\u00f8nt Kontor","robots":{"index":"index","follow":"follow","max-snippet":"max-snippet:-1","max-image-preview":"max-image-preview:large","max-video-preview":"max-video-preview:-1"},"canonical":"https:\/\/grontkontor.dk\/om-grontkontor-dk\/","og_locale":"de_DE","og_type":"article","og_title":"\u00dcber Porridge ntkontor.dk","og_description":"\u00dcber grontkontor.dk Grontkontor.dk wurde aus dem Wunsch heraus gegr\u00fcndet, mit Verantwortung gegen\u00fcber seinen Bewohnern zu einem nachhaltigen Planeten beizutragen. Wir m\u00f6chten dazu beitragen, dass unansehnliche, umweltsch\u00e4dliche PVC-Produkte und dergleichen, die unter fragw\u00fcrdigen Bedingungen hergestellt werden, durch solide und gut gestaltete Produkte ersetzt werden, die aus klimafreundlichen Materialien mit einem hohen Ma\u00df an sozialer Verantwortung hergestellt [&hellip;]","og_url":"https:\/\/grontkontor.dk\/om-grontkontor-dk\/","og_site_name":"Gr\u00f8nt Kontor","article_publisher":"https:\/\/www.facebook.com\/grontkontor.dk\/","article_modified_time":"2025-11-27T10:16:20+00:00","og_image":[{"url":"https:\/\/s.w.org\/images\/core\/emoji\/15.0.3\/svg\/1f642.svg"}],"twitter_card":"summary_large_image","twitter_misc":{"Gesch\u00e4tzte Lesezeit":"2\u00a0Minuten"},"schema":{"@context":"https:\/\/schema.org","@graph":[{"@type":"WebPage","@id":"https:\/\/grontkontor.dk\/om-grontkontor-dk\/","url":"https:\/\/grontkontor.dk\/om-grontkontor-dk\/","name":"\u00dcber Porridge ntkontor.dk - Gr\u00f8nt Kontor","isPartOf":{"@id":"https:\/\/grontkontor.dk\/#website"},"datePublished":"2024-05-29T09:39:36+00:00","dateModified":"2025-11-27T10:16:20+00:00","breadcrumb":{"@id":"https:\/\/grontkontor.dk\/om-grontkontor-dk\/#breadcrumb"},"inLanguage":"de","potentialAction":[{"@type":"ReadAction","target":["https:\/\/grontkontor.dk\/om-grontkontor-dk\/"]}]},{"@type":"BreadcrumbList","@id":"https:\/\/grontkontor.dk\/om-grontkontor-dk\/#breadcrumb","itemListElement":[{"@type":"ListItem","position":1,"name":"Forside","item":"https:\/\/grontkontor.dk\/de\/"},{"@type":"ListItem","position":2,"name":"\u00dcber Porridge ntkontor.dk"}]},{"@type":"WebSite","@id":"https:\/\/grontkontor.dk\/#website","url":"https:\/\/grontkontor.dk\/","name":"Gr\u00f8nt Kontor","description":"Milj\u00f8venlige produkter til kontor og erhverv med fokus p\u00e5 b\u00e6redygtighed, design og fair trade.","publisher":{"@id":"https:\/\/grontkontor.dk\/#organization"},"potentialAction":[{"@type":"SearchAction","target":{"@type":"EntryPoint","urlTemplate":"https:\/\/grontkontor.dk\/?s={search_term_string}"},"query-input":"required name=search_term_string"}],"inLanguage":"de"},{"@type":"Organization","@id":"https:\/\/grontkontor.dk\/#organization","name":"Gr\u00f8nt Kontor","url":"https:\/\/grontkontor.dk\/","logo":{"@type":"ImageObject","inLanguage":"de","@id":"https:\/\/grontkontor.dk\/#\/schema\/logo\/image\/","url":"https:\/\/grontkontor.dk\/wp-content\/uploads\/2014\/02\/Logo_groent_kontor_300x80.png","contentUrl":"https:\/\/grontkontor.dk\/wp-content\/uploads\/2014\/02\/Logo_groent_kontor_300x80.png","width":300,"height":80,"caption":"Gr\u00f8nt Kontor"},"image":{"@id":"https:\/\/grontkontor.dk\/#\/schema\/logo\/image\/"},"sameAs":["https:\/\/www.facebook.com\/grontkontor.dk\/"]}]}},"_links":{"self":[{"href":"https:\/\/grontkontor.dk\/de\/wp-json\/wp\/v2\/pages\/91581"}],"collection":[{"href":"https:\/\/grontkontor.dk\/de\/wp-json\/wp\/v2\/pages"}],"about":[{"href":"https:\/\/grontkontor.dk\/de\/wp-json\/wp\/v2\/types\/page"}],"author":[{"embeddable":true,"href":"https:\/\/grontkontor.dk\/de\/wp-json\/wp\/v2\/users\/88"}],"replies":[{"embeddable":true,"href":"https:\/\/grontkontor.dk\/de\/wp-json\/wp\/v2\/comments?post=91581"}],"version-history":[{"count":11,"href":"https:\/\/grontkontor.dk\/de\/wp-json\/wp\/v2\/pages\/91581\/revisions"}],"predecessor-version":[{"id":131261,"href":"https:\/\/grontkontor.dk\/de\/wp-json\/wp\/v2\/pages\/91581\/revisions\/131261"}],"wp:attachment":[{"href":"https:\/\/grontkontor.dk\/de\/wp-json\/wp\/v2\/media?parent=91581"}],"curies":[{"name":"wp","href":"https:\/\/api.w.org\/{rel}","templated":true}]}}