{"id":102835,"date":"2024-06-27T08:47:31","date_gmt":"2024-06-27T06:47:32","guid":{"rendered":"https:\/\/grontkontor.dk\/?post_type=product&#038;p=102835"},"modified":"2024-07-03T10:39:37","modified_gmt":"2024-07-03T08:39:37","slug":"lesezeichen-mit-haftnotizen-und-blumenfrosch","status":"publish","type":"product","link":"https:\/\/grontkontor.dk\/de\/shop\/lesezeichen-mit-haftnotizen-und-blumenfrosch\/","title":{"rendered":"Lesezeichen mit Haftnotizen und Blumensamen"},"content":{"rendered":"<p>Intelligentes und umweltfreundliches Lesezeichen aus Samenpapier mit Haftnotizen. Ausgestattet mit einem intelligenten Haken, der das Lesezeichen fest h\u00e4lt, damit es auf der Seite bleibt. Wenn das Lesezeichen seine Nutzungsdauer erf\u00fcllt hat, erh\u00e4lt es neues Leben als Petunienbl\u00fcten in Ihrem Garten, Balkon oder Wohnzimmer. Eine Anleitung zur Bepflanzung finden Sie auf der R\u00fcckseite aufgedruckt.<\/p>\n<p>Ein klimafreundliches Produkt, das sich perfekt als Handout \/ Giveaway f\u00fcr Studentenmessen, Konferenzen oder andere Veranstaltungen eignet.<\/p>\n<p>Kann mit Logodruck geliefert werden.<\/p>\n<p>[papir]<\/p>\n","protected":false},"excerpt":{"rendered":"<p>Intelligentes und umweltfreundliches Lesezeichen aus Samenpapier mit Haftnotizen. Ausgestattet mit einem intelligenten Haken, der das Lesezeichen fest h\u00e4lt, damit es auf der Seite bleibt. Wenn das Lesezeichen seine Nutzungsdauer erf\u00fcllt hat, erh\u00e4lt es neues Leben als Petunienbl\u00fcten in Ihrem Garten, Balkon oder Wohnzimmer. Eine Anleitung zur Bepflanzung finden Sie auf der R\u00fcckseite aufgedruckt. Ein klimafreundliches [&hellip;]<\/p>\n","protected":false},"featured_media":102911,"comment_status":"closed","ping_status":"closed","template":"","meta":{"_acf_changed":false},"product_cat":[3325,3084,3728,3604],"product_tag":[3732],"class_list":{"0":"post-102835","1":"product","2":"type-product","3":"status-publish","4":"has-post-thumbnail","6":"product_cat-dummy-moq-1-de","7":"product_cat-neuheiten","8":"product_cat-notizbloecke","9":"product_cat-papier-und-bloecke","10":"product_tag-haftnotizen","11":"tm-has-options","13":"first","14":"instock","15":"taxable","16":"shipping-taxable","17":"purchasable","18":"product-type-simple"},"acf":[],"yoast_head":"<!-- This site is optimized with the Yoast SEO Premium plugin v21.2 (Yoast SEO v21.2) - https:\/\/yoast.com\/wordpress\/plugins\/seo\/ -->\n<title>Lesezeichen mit Haftnotizen und Blumensamen - Gr\u00f8nt Kontor<\/title>\n<meta name=\"robots\" content=\"index, follow, max-snippet:-1, max-image-preview:large, max-video-preview:-1\" \/>\n<link rel=\"canonical\" href=\"https:\/\/grontkontor.dk\/de\/shop\/lesezeichen-mit-haftnotizen-und-blumenfrosch\/\" \/>\n<meta property=\"og:locale\" content=\"de_DE\" \/>\n<meta property=\"og:type\" content=\"article\" \/>\n<meta property=\"og:title\" content=\"Lesezeichen mit Haftnotizen und Blumensamen\" \/>\n<meta property=\"og:description\" content=\"Intelligentes und umweltfreundliches Lesezeichen aus Samenpapier mit Haftnotizen. Ausgestattet mit einem intelligenten Haken, der das Lesezeichen fest h\u00e4lt, damit es auf der Seite bleibt. Wenn das Lesezeichen seine Nutzungsdauer erf\u00fcllt hat, erh\u00e4lt es neues Leben als Petunienbl\u00fcten in Ihrem Garten, Balkon oder Wohnzimmer. Eine Anleitung zur Bepflanzung finden Sie auf der R\u00fcckseite aufgedruckt. Ein klimafreundliches [&hellip;]\" \/>\n<meta property=\"og:url\" content=\"https:\/\/grontkontor.dk\/de\/shop\/lesezeichen-mit-haftnotizen-und-blumenfrosch\/\" \/>\n<meta property=\"og:site_name\" content=\"Gr\u00f8nt Kontor\" \/>\n<meta property=\"article:publisher\" content=\"https:\/\/www.facebook.com\/grontkontor.dk\/\" \/>\n<meta property=\"article:modified_time\" content=\"2024-07-03T08:39:37+00:00\" \/>\n<meta name=\"twitter:card\" content=\"summary_large_image\" \/>\n<script type=\"application\/ld+json\" class=\"yoast-schema-graph\">{\"@context\":\"https:\/\/schema.org\",\"@graph\":[{\"@type\":\"WebPage\",\"@id\":\"https:\/\/grontkontor.dk\/de\/shop\/lesezeichen-mit-haftnotizen-und-blumenfrosch\/\",\"url\":\"https:\/\/grontkontor.dk\/de\/shop\/lesezeichen-mit-haftnotizen-und-blumenfrosch\/\",\"name\":\"Lesezeichen mit Haftnotizen und Blumensamen - Gr\u00f8nt Kontor\",\"isPartOf\":{\"@id\":\"https:\/\/grontkontor.dk\/#website\"},\"datePublished\":\"2024-06-27T06:47:32+00:00\",\"dateModified\":\"2024-07-03T08:39:37+00:00\",\"breadcrumb\":{\"@id\":\"https:\/\/grontkontor.dk\/de\/shop\/lesezeichen-mit-haftnotizen-und-blumenfrosch\/#breadcrumb\"},\"inLanguage\":\"de\",\"potentialAction\":[{\"@type\":\"ReadAction\",\"target\":[\"https:\/\/grontkontor.dk\/de\/shop\/lesezeichen-mit-haftnotizen-und-blumenfrosch\/\"]}]},{\"@type\":\"BreadcrumbList\",\"@id\":\"https:\/\/grontkontor.dk\/de\/shop\/lesezeichen-mit-haftnotizen-und-blumenfrosch\/#breadcrumb\",\"itemListElement\":[{\"@type\":\"ListItem\",\"position\":1,\"name\":\"Forside\",\"item\":\"https:\/\/grontkontor.dk\/de\/\"},{\"@type\":\"ListItem\",\"position\":2,\"name\":\"Laden\",\"item\":\"https:\/\/grontkontor.dk\/de\/laden\/\"},{\"@type\":\"ListItem\",\"position\":3,\"name\":\"Papir og blokke\",\"item\":\"https:\/\/grontkontor.dk\/produkt-kategori\/papir\/\"},{\"@type\":\"ListItem\",\"position\":4,\"name\":\"Memoblokke\",\"item\":\"https:\/\/grontkontor.dk\/produkt-kategori\/papir\/memoblokke\/\"},{\"@type\":\"ListItem\",\"position\":5,\"name\":\"Lesezeichen mit Haftnotizen und Blumensamen\"}]},{\"@type\":\"WebSite\",\"@id\":\"https:\/\/grontkontor.dk\/#website\",\"url\":\"https:\/\/grontkontor.dk\/\",\"name\":\"Gr\u00f8nt Kontor\",\"description\":\"Milj\u00f8venlige produkter til kontor og erhverv med fokus p\u00e5 b\u00e6redygtighed, design og fair trade.\",\"publisher\":{\"@id\":\"https:\/\/grontkontor.dk\/#organization\"},\"potentialAction\":[{\"@type\":\"SearchAction\",\"target\":{\"@type\":\"EntryPoint\",\"urlTemplate\":\"https:\/\/grontkontor.dk\/?s={search_term_string}\"},\"query-input\":\"required name=search_term_string\"}],\"inLanguage\":\"de\"},{\"@type\":\"Organization\",\"@id\":\"https:\/\/grontkontor.dk\/#organization\",\"name\":\"Gr\u00f8nt Kontor\",\"url\":\"https:\/\/grontkontor.dk\/\",\"logo\":{\"@type\":\"ImageObject\",\"inLanguage\":\"de\",\"@id\":\"https:\/\/grontkontor.dk\/#\/schema\/logo\/image\/\",\"url\":\"https:\/\/grontkontor.dk\/wp-content\/uploads\/2014\/02\/Logo_groent_kontor_300x80.png\",\"contentUrl\":\"https:\/\/grontkontor.dk\/wp-content\/uploads\/2014\/02\/Logo_groent_kontor_300x80.png\",\"width\":300,\"height\":80,\"caption\":\"Gr\u00f8nt Kontor\"},\"image\":{\"@id\":\"https:\/\/grontkontor.dk\/#\/schema\/logo\/image\/\"},\"sameAs\":[\"https:\/\/www.facebook.com\/grontkontor.dk\/\"]}]}<\/script>\n<!-- \/ Yoast SEO Premium plugin. -->","yoast_head_json":{"title":"Lesezeichen mit Haftnotizen und Blumensamen - Gr\u00f8nt Kontor","robots":{"index":"index","follow":"follow","max-snippet":"max-snippet:-1","max-image-preview":"max-image-preview:large","max-video-preview":"max-video-preview:-1"},"canonical":"https:\/\/grontkontor.dk\/de\/shop\/lesezeichen-mit-haftnotizen-und-blumenfrosch\/","og_locale":"de_DE","og_type":"article","og_title":"Lesezeichen mit Haftnotizen und Blumensamen","og_description":"Intelligentes und umweltfreundliches Lesezeichen aus Samenpapier mit Haftnotizen. Ausgestattet mit einem intelligenten Haken, der das Lesezeichen fest h\u00e4lt, damit es auf der Seite bleibt. Wenn das Lesezeichen seine Nutzungsdauer erf\u00fcllt hat, erh\u00e4lt es neues Leben als Petunienbl\u00fcten in Ihrem Garten, Balkon oder Wohnzimmer. Eine Anleitung zur Bepflanzung finden Sie auf der R\u00fcckseite aufgedruckt. Ein klimafreundliches [&hellip;]","og_url":"https:\/\/grontkontor.dk\/de\/shop\/lesezeichen-mit-haftnotizen-und-blumenfrosch\/","og_site_name":"Gr\u00f8nt Kontor","article_publisher":"https:\/\/www.facebook.com\/grontkontor.dk\/","article_modified_time":"2024-07-03T08:39:37+00:00","twitter_card":"summary_large_image","schema":{"@context":"https:\/\/schema.org","@graph":[{"@type":"WebPage","@id":"https:\/\/grontkontor.dk\/de\/shop\/lesezeichen-mit-haftnotizen-und-blumenfrosch\/","url":"https:\/\/grontkontor.dk\/de\/shop\/lesezeichen-mit-haftnotizen-und-blumenfrosch\/","name":"Lesezeichen mit Haftnotizen und Blumensamen - Gr\u00f8nt Kontor","isPartOf":{"@id":"https:\/\/grontkontor.dk\/#website"},"datePublished":"2024-06-27T06:47:32+00:00","dateModified":"2024-07-03T08:39:37+00:00","breadcrumb":{"@id":"https:\/\/grontkontor.dk\/de\/shop\/lesezeichen-mit-haftnotizen-und-blumenfrosch\/#breadcrumb"},"inLanguage":"de","potentialAction":[{"@type":"ReadAction","target":["https:\/\/grontkontor.dk\/de\/shop\/lesezeichen-mit-haftnotizen-und-blumenfrosch\/"]}]},{"@type":"BreadcrumbList","@id":"https:\/\/grontkontor.dk\/de\/shop\/lesezeichen-mit-haftnotizen-und-blumenfrosch\/#breadcrumb","itemListElement":[{"@type":"ListItem","position":1,"name":"Forside","item":"https:\/\/grontkontor.dk\/de\/"},{"@type":"ListItem","position":2,"name":"Laden","item":"https:\/\/grontkontor.dk\/de\/laden\/"},{"@type":"ListItem","position":3,"name":"Papir og blokke","item":"https:\/\/grontkontor.dk\/produkt-kategori\/papir\/"},{"@type":"ListItem","position":4,"name":"Memoblokke","item":"https:\/\/grontkontor.dk\/produkt-kategori\/papir\/memoblokke\/"},{"@type":"ListItem","position":5,"name":"Lesezeichen mit Haftnotizen und Blumensamen"}]},{"@type":"WebSite","@id":"https:\/\/grontkontor.dk\/#website","url":"https:\/\/grontkontor.dk\/","name":"Gr\u00f8nt Kontor","description":"Milj\u00f8venlige produkter til kontor og erhverv med fokus p\u00e5 b\u00e6redygtighed, design og fair trade.","publisher":{"@id":"https:\/\/grontkontor.dk\/#organization"},"potentialAction":[{"@type":"SearchAction","target":{"@type":"EntryPoint","urlTemplate":"https:\/\/grontkontor.dk\/?s={search_term_string}"},"query-input":"required name=search_term_string"}],"inLanguage":"de"},{"@type":"Organization","@id":"https:\/\/grontkontor.dk\/#organization","name":"Gr\u00f8nt Kontor","url":"https:\/\/grontkontor.dk\/","logo":{"@type":"ImageObject","inLanguage":"de","@id":"https:\/\/grontkontor.dk\/#\/schema\/logo\/image\/","url":"https:\/\/grontkontor.dk\/wp-content\/uploads\/2014\/02\/Logo_groent_kontor_300x80.png","contentUrl":"https:\/\/grontkontor.dk\/wp-content\/uploads\/2014\/02\/Logo_groent_kontor_300x80.png","width":300,"height":80,"caption":"Gr\u00f8nt Kontor"},"image":{"@id":"https:\/\/grontkontor.dk\/#\/schema\/logo\/image\/"},"sameAs":["https:\/\/www.facebook.com\/grontkontor.dk\/"]}]}},"_links":{"self":[{"href":"https:\/\/grontkontor.dk\/de\/wp-json\/wp\/v2\/product\/102835"}],"collection":[{"href":"https:\/\/grontkontor.dk\/de\/wp-json\/wp\/v2\/product"}],"about":[{"href":"https:\/\/grontkontor.dk\/de\/wp-json\/wp\/v2\/types\/product"}],"replies":[{"embeddable":true,"href":"https:\/\/grontkontor.dk\/de\/wp-json\/wp\/v2\/comments?post=102835"}],"wp:featuredmedia":[{"embeddable":true,"href":"https:\/\/grontkontor.dk\/de\/wp-json\/wp\/v2\/media\/102911"}],"wp:attachment":[{"href":"https:\/\/grontkontor.dk\/de\/wp-json\/wp\/v2\/media?parent=102835"}],"wp:term":[{"taxonomy":"product_cat","embeddable":true,"href":"https:\/\/grontkontor.dk\/de\/wp-json\/wp\/v2\/product_cat?post=102835"},{"taxonomy":"product_tag","embeddable":true,"href":"https:\/\/grontkontor.dk\/de\/wp-json\/wp\/v2\/product_tag?post=102835"}],"curies":[{"name":"wp","href":"https:\/\/api.w.org\/{rel}","templated":true}]}}