{"id":103996,"date":"2024-05-08T11:47:20","date_gmt":"2024-07-03T08:39:47","guid":{"rendered":"https:\/\/grontkontor.dk\/shop\/becher-aus-recyceltem-aluminium-und-bambus\/"},"modified":"2024-07-03T10:39:47","modified_gmt":"2024-07-03T08:39:47","slug":"becher-aus-recyceltem-aluminium-und-bambus","status":"publish","type":"product","link":"https:\/\/grontkontor.dk\/de\/shop\/becher-aus-recyceltem-aluminium-und-bambus\/","title":{"rendered":"Becher aus recyceltem Aluminium und Bambus"},"content":{"rendered":"<p>Smarter und klimafreundlicher Becher mit einem Fassungsverm\u00f6gen von 430 ml. Der Becher und der Strohhalm bestehen aus recyceltem Aluminium mit einem Bambusdeckel. Pr\u00e4sentiert in einer individuellen Designbox mit Papierschutz.<\/p>\n<p>Recyceltes Aluminium ist ein Material, das nahezu unendlich recycelt werden kann, ohne seine urspr\u00fcnglichen Eigenschaften zu verlieren. Recyceltes Aluminium verbraucht im Vergleich zu herk\u00f6mmlichem Aluminium weniger Energie und weniger Schadstoffe im Herstellungsprozess.<\/p>\n<p>[bambus_s] [grs_s]<\/p>\n<p>&nbsp;<\/p>\n<p><img loading=\"lazy\" decoding=\"async\" src=\"https:\/\/grontkontor.dk\/wp-content\/uploads\/2021\/02\/genbrug.jpg\" alt=\"Fremstillet af genbrugsmaterialer\" width=\"50\" height=\"50\" class=\"size-full wp-image-23031\" srcset=\"https:\/\/grontkontor.dk\/wp-content\/uploads\/2021\/02\/genbrug.jpg 199w, https:\/\/grontkontor.dk\/wp-content\/uploads\/2021\/02\/genbrug-100x100.jpg 100w\" sizes=\"(max-width: 50px) 100vw, 50px\" \/> <a href=\"https:\/\/textileexchange.org\/standards\/recycled-claim-standard-global-recycled-standard\/\"><img loading=\"lazy\" decoding=\"async\" src=\"https:\/\/grontkontor.dk\/wp-content\/uploads\/2021\/06\/global-recycled-standard-1.jpg\" alt=\"Global recycled standard\" width=\"50\" height=\"50\" class=\"size-full wp-image-25504\" \/> <\/a><\/p>\n<p>&nbsp;<\/p>\n<p>&nbsp;<\/p>\n","protected":false},"excerpt":{"rendered":"<p>Smarter und klimafreundlicher Becher mit einem Fassungsverm\u00f6gen von 430 ml. Der Becher und der Strohhalm bestehen aus recyceltem Aluminium mit einem Bambusdeckel. Pr\u00e4sentiert in einer individuellen Designbox mit Papierschutz. Recyceltes Aluminium ist ein Material, das nahezu unendlich recycelt werden kann, ohne seine urspr\u00fcnglichen Eigenschaften zu verlieren. Recyceltes Aluminium verbraucht im Vergleich zu herk\u00f6mmlichem Aluminium weniger [&hellip;]<\/p>\n","protected":false},"featured_media":85036,"comment_status":"closed","ping_status":"closed","template":"","meta":{"_acf_changed":false},"product_cat":[3465,3325,3339,3084],"product_tag":[3663],"class_list":{"0":"post-103996","1":"product","2":"type-product","3":"status-publish","4":"has-post-thumbnail","6":"product_cat-becher-tassen-etc","7":"product_cat-dummy-moq-1-de","8":"product_cat-essen-und-trinken","9":"product_cat-neuheiten","10":"product_tag-becher","11":"pa_farve-blau","12":"pa_farve-schwarz","13":"pa_farve-silber","14":"tm-has-options","16":"first","17":"instock","18":"taxable","19":"shipping-taxable","20":"purchasable","21":"product-type-simple"},"acf":[],"yoast_head":"<!-- This site is optimized with the Yoast SEO Premium plugin v21.2 (Yoast SEO v21.2) - https:\/\/yoast.com\/wordpress\/plugins\/seo\/ -->\n<title>Becher aus recyceltem Aluminium und Bambus - Gr\u00f8nt Kontor<\/title>\n<meta name=\"robots\" content=\"index, follow, max-snippet:-1, max-image-preview:large, max-video-preview:-1\" \/>\n<link rel=\"canonical\" href=\"https:\/\/grontkontor.dk\/shop\/krus-i-genanvendt-aluminium-og-bambus\/\" \/>\n<meta property=\"og:locale\" content=\"de_DE\" \/>\n<meta property=\"og:type\" content=\"article\" \/>\n<meta property=\"og:title\" content=\"Becher aus recyceltem Aluminium und Bambus\" \/>\n<meta property=\"og:description\" content=\"Smarter und klimafreundlicher Becher mit einem Fassungsverm\u00f6gen von 430 ml. Der Becher und der Strohhalm bestehen aus recyceltem Aluminium mit einem Bambusdeckel. Pr\u00e4sentiert in einer individuellen Designbox mit Papierschutz. Recyceltes Aluminium ist ein Material, das nahezu unendlich recycelt werden kann, ohne seine urspr\u00fcnglichen Eigenschaften zu verlieren. Recyceltes Aluminium verbraucht im Vergleich zu herk\u00f6mmlichem Aluminium weniger [&hellip;]\" \/>\n<meta property=\"og:url\" content=\"https:\/\/grontkontor.dk\/shop\/krus-i-genanvendt-aluminium-og-bambus\/\" \/>\n<meta property=\"og:site_name\" content=\"Gr\u00f8nt Kontor\" \/>\n<meta property=\"article:publisher\" content=\"https:\/\/www.facebook.com\/grontkontor.dk\/\" \/>\n<meta property=\"og:image\" content=\"https:\/\/grontkontor.dk\/wp-content\/uploads\/2024\/05\/Klimavenlig-kop-i-genanvendt-aluminium-med-sugeroer-og-laag.jpg\" \/>\n\t<meta property=\"og:image:width\" content=\"900\" \/>\n\t<meta property=\"og:image:height\" content=\"639\" \/>\n\t<meta property=\"og:image:type\" content=\"image\/jpeg\" \/>\n<meta name=\"twitter:card\" content=\"summary_large_image\" \/>\n<script type=\"application\/ld+json\" class=\"yoast-schema-graph\">{\"@context\":\"https:\/\/schema.org\",\"@graph\":[{\"@type\":\"WebPage\",\"@id\":\"https:\/\/grontkontor.dk\/shop\/krus-i-genanvendt-aluminium-og-bambus\/\",\"url\":\"https:\/\/grontkontor.dk\/shop\/krus-i-genanvendt-aluminium-og-bambus\/\",\"name\":\"Becher aus recyceltem Aluminium und Bambus - Gr\u00f8nt Kontor\",\"isPartOf\":{\"@id\":\"https:\/\/grontkontor.dk\/#website\"},\"datePublished\":\"2024-07-03T08:39:47+00:00\",\"dateModified\":\"2024-07-03T08:39:47+00:00\",\"breadcrumb\":{\"@id\":\"https:\/\/grontkontor.dk\/shop\/krus-i-genanvendt-aluminium-og-bambus\/#breadcrumb\"},\"inLanguage\":\"de\",\"potentialAction\":[{\"@type\":\"ReadAction\",\"target\":[\"https:\/\/grontkontor.dk\/shop\/krus-i-genanvendt-aluminium-og-bambus\/\"]}]},{\"@type\":\"BreadcrumbList\",\"@id\":\"https:\/\/grontkontor.dk\/shop\/krus-i-genanvendt-aluminium-og-bambus\/#breadcrumb\",\"itemListElement\":[{\"@type\":\"ListItem\",\"position\":1,\"name\":\"Forside\",\"item\":\"https:\/\/grontkontor.dk\/de\/\"},{\"@type\":\"ListItem\",\"position\":2,\"name\":\"Laden\",\"item\":\"https:\/\/grontkontor.dk\/de\/laden\/\"},{\"@type\":\"ListItem\",\"position\":3,\"name\":\"Essen und Trinken\",\"item\":\"https:\/\/grontkontor.dk\/de\/produkt-kategori\/essen-und-trinken\/\"},{\"@type\":\"ListItem\",\"position\":4,\"name\":\"Becher, Tassen etc.\",\"item\":\"https:\/\/grontkontor.dk\/de\/produkt-kategori\/essen-und-trinken\/becher-tassen-etc\/\"},{\"@type\":\"ListItem\",\"position\":5,\"name\":\"Becher aus recyceltem Aluminium und Bambus\"}]},{\"@type\":\"WebSite\",\"@id\":\"https:\/\/grontkontor.dk\/#website\",\"url\":\"https:\/\/grontkontor.dk\/\",\"name\":\"Gr\u00f8nt Kontor\",\"description\":\"Milj\u00f8venlige produkter til kontor og erhverv med fokus p\u00e5 b\u00e6redygtighed, design og fair trade.\",\"publisher\":{\"@id\":\"https:\/\/grontkontor.dk\/#organization\"},\"potentialAction\":[{\"@type\":\"SearchAction\",\"target\":{\"@type\":\"EntryPoint\",\"urlTemplate\":\"https:\/\/grontkontor.dk\/?s={search_term_string}\"},\"query-input\":\"required name=search_term_string\"}],\"inLanguage\":\"de\"},{\"@type\":\"Organization\",\"@id\":\"https:\/\/grontkontor.dk\/#organization\",\"name\":\"Gr\u00f8nt Kontor\",\"url\":\"https:\/\/grontkontor.dk\/\",\"logo\":{\"@type\":\"ImageObject\",\"inLanguage\":\"de\",\"@id\":\"https:\/\/grontkontor.dk\/#\/schema\/logo\/image\/\",\"url\":\"https:\/\/grontkontor.dk\/wp-content\/uploads\/2014\/02\/Logo_groent_kontor_300x80.png\",\"contentUrl\":\"https:\/\/grontkontor.dk\/wp-content\/uploads\/2014\/02\/Logo_groent_kontor_300x80.png\",\"width\":300,\"height\":80,\"caption\":\"Gr\u00f8nt Kontor\"},\"image\":{\"@id\":\"https:\/\/grontkontor.dk\/#\/schema\/logo\/image\/\"},\"sameAs\":[\"https:\/\/www.facebook.com\/grontkontor.dk\/\"]}]}<\/script>\n<!-- \/ Yoast SEO Premium plugin. -->","yoast_head_json":{"title":"Becher aus recyceltem Aluminium und Bambus - Gr\u00f8nt Kontor","robots":{"index":"index","follow":"follow","max-snippet":"max-snippet:-1","max-image-preview":"max-image-preview:large","max-video-preview":"max-video-preview:-1"},"canonical":"https:\/\/grontkontor.dk\/shop\/krus-i-genanvendt-aluminium-og-bambus\/","og_locale":"de_DE","og_type":"article","og_title":"Becher aus recyceltem Aluminium und Bambus","og_description":"Smarter und klimafreundlicher Becher mit einem Fassungsverm\u00f6gen von 430 ml. Der Becher und der Strohhalm bestehen aus recyceltem Aluminium mit einem Bambusdeckel. Pr\u00e4sentiert in einer individuellen Designbox mit Papierschutz. Recyceltes Aluminium ist ein Material, das nahezu unendlich recycelt werden kann, ohne seine urspr\u00fcnglichen Eigenschaften zu verlieren. Recyceltes Aluminium verbraucht im Vergleich zu herk\u00f6mmlichem Aluminium weniger [&hellip;]","og_url":"https:\/\/grontkontor.dk\/shop\/krus-i-genanvendt-aluminium-og-bambus\/","og_site_name":"Gr\u00f8nt Kontor","article_publisher":"https:\/\/www.facebook.com\/grontkontor.dk\/","og_image":[{"width":900,"height":639,"url":"https:\/\/grontkontor.dk\/wp-content\/uploads\/2024\/05\/Klimavenlig-kop-i-genanvendt-aluminium-med-sugeroer-og-laag.jpg","type":"image\/jpeg"}],"twitter_card":"summary_large_image","schema":{"@context":"https:\/\/schema.org","@graph":[{"@type":"WebPage","@id":"https:\/\/grontkontor.dk\/shop\/krus-i-genanvendt-aluminium-og-bambus\/","url":"https:\/\/grontkontor.dk\/shop\/krus-i-genanvendt-aluminium-og-bambus\/","name":"Becher aus recyceltem Aluminium und Bambus - Gr\u00f8nt Kontor","isPartOf":{"@id":"https:\/\/grontkontor.dk\/#website"},"datePublished":"2024-07-03T08:39:47+00:00","dateModified":"2024-07-03T08:39:47+00:00","breadcrumb":{"@id":"https:\/\/grontkontor.dk\/shop\/krus-i-genanvendt-aluminium-og-bambus\/#breadcrumb"},"inLanguage":"de","potentialAction":[{"@type":"ReadAction","target":["https:\/\/grontkontor.dk\/shop\/krus-i-genanvendt-aluminium-og-bambus\/"]}]},{"@type":"BreadcrumbList","@id":"https:\/\/grontkontor.dk\/shop\/krus-i-genanvendt-aluminium-og-bambus\/#breadcrumb","itemListElement":[{"@type":"ListItem","position":1,"name":"Forside","item":"https:\/\/grontkontor.dk\/de\/"},{"@type":"ListItem","position":2,"name":"Laden","item":"https:\/\/grontkontor.dk\/de\/laden\/"},{"@type":"ListItem","position":3,"name":"Essen und Trinken","item":"https:\/\/grontkontor.dk\/de\/produkt-kategori\/essen-und-trinken\/"},{"@type":"ListItem","position":4,"name":"Becher, Tassen etc.","item":"https:\/\/grontkontor.dk\/de\/produkt-kategori\/essen-und-trinken\/becher-tassen-etc\/"},{"@type":"ListItem","position":5,"name":"Becher aus recyceltem Aluminium und Bambus"}]},{"@type":"WebSite","@id":"https:\/\/grontkontor.dk\/#website","url":"https:\/\/grontkontor.dk\/","name":"Gr\u00f8nt Kontor","description":"Milj\u00f8venlige produkter til kontor og erhverv med fokus p\u00e5 b\u00e6redygtighed, design og fair trade.","publisher":{"@id":"https:\/\/grontkontor.dk\/#organization"},"potentialAction":[{"@type":"SearchAction","target":{"@type":"EntryPoint","urlTemplate":"https:\/\/grontkontor.dk\/?s={search_term_string}"},"query-input":"required name=search_term_string"}],"inLanguage":"de"},{"@type":"Organization","@id":"https:\/\/grontkontor.dk\/#organization","name":"Gr\u00f8nt Kontor","url":"https:\/\/grontkontor.dk\/","logo":{"@type":"ImageObject","inLanguage":"de","@id":"https:\/\/grontkontor.dk\/#\/schema\/logo\/image\/","url":"https:\/\/grontkontor.dk\/wp-content\/uploads\/2014\/02\/Logo_groent_kontor_300x80.png","contentUrl":"https:\/\/grontkontor.dk\/wp-content\/uploads\/2014\/02\/Logo_groent_kontor_300x80.png","width":300,"height":80,"caption":"Gr\u00f8nt Kontor"},"image":{"@id":"https:\/\/grontkontor.dk\/#\/schema\/logo\/image\/"},"sameAs":["https:\/\/www.facebook.com\/grontkontor.dk\/"]}]}},"_links":{"self":[{"href":"https:\/\/grontkontor.dk\/de\/wp-json\/wp\/v2\/product\/103996"}],"collection":[{"href":"https:\/\/grontkontor.dk\/de\/wp-json\/wp\/v2\/product"}],"about":[{"href":"https:\/\/grontkontor.dk\/de\/wp-json\/wp\/v2\/types\/product"}],"replies":[{"embeddable":true,"href":"https:\/\/grontkontor.dk\/de\/wp-json\/wp\/v2\/comments?post=103996"}],"wp:featuredmedia":[{"embeddable":true,"href":"https:\/\/grontkontor.dk\/de\/wp-json\/wp\/v2\/media\/85036"}],"wp:attachment":[{"href":"https:\/\/grontkontor.dk\/de\/wp-json\/wp\/v2\/media?parent=103996"}],"wp:term":[{"taxonomy":"product_cat","embeddable":true,"href":"https:\/\/grontkontor.dk\/de\/wp-json\/wp\/v2\/product_cat?post=103996"},{"taxonomy":"product_tag","embeddable":true,"href":"https:\/\/grontkontor.dk\/de\/wp-json\/wp\/v2\/product_tag?post=103996"}],"curies":[{"name":"wp","href":"https:\/\/api.w.org\/{rel}","templated":true}]}}