{"id":107569,"date":"2024-08-07T09:31:50","date_gmt":"2024-08-07T07:31:51","guid":{"rendered":"https:\/\/grontkontor.dk\/?post_type=product&#038;p=107569"},"modified":"2024-10-10T09:45:47","modified_gmt":"2024-10-10T07:45:47","slug":"mulleimer-recycling-46-l","status":"publish","type":"product","link":"https:\/\/grontkontor.dk\/de\/shop\/mulleimer-recycling-46-l\/","title":{"rendered":"M\u00fclleimer recycelt 46 L"},"content":{"rendered":"<p>Der M\u00fclleimer ist ein klimafreundliches Produkt f\u00fcr die M\u00fclltrennung, das in Schweden aus langlebigem recyceltem Kunststoff entwickelt und hergestellt wird. Die 46-Liter-Box ist sowohl in Wei\u00df als auch in Schwarz erh\u00e4ltlich. Ein robuster Bambusdeckel kann erworben werden, um das Design zu vervollst\u00e4ndigen, sowie Eins\u00e4tze aus grauem, umweltfreundlichem, recyceltem Kunststoff f\u00fcr die M\u00fclltrennung.  <\/p>\n<p>F\u00fcr das Produkt k\u00f6nnen Sie <a class=\"light\" href=\"https:\/\/grontkontor.dk\/shop\/laag-til-affaldsspand-46-l\/\">Deckel<\/a>, <a class=\"light\" href=\"https:\/\/grontkontor.dk\/produkt\/indsats-til-affaldssortering\/\">Eins\u00e4tze f\u00fcr die Abfallsortierung<\/a> und <a class=\"light\" href=\"https:\/\/grontkontor.dk\/produkt\/laag-til-indsats-til-affaldssortering\/\">Deckel f\u00fcr die Eins\u00e4tze kaufen. <\/a> <\/p>\n<p>Ma\u00dfe: 72 x 21,5 x 42 cm<br \/>\nInnenma\u00dfe: 66,8 x 16,4 x 41,5 cm<\/p>\n<p>&nbsp;<\/p>\n<p><img loading=\"lazy\" decoding=\"async\" class=\"size-medium wp-image-21008\" src=\"https:\/\/grontkontor.dk\/wp-content\/uploads\/2020\/11\/eu-flag_1-300x199.jpg\" alt=\"Fremstillet i EU\" width=\"76\" height=\"50\" srcset=\"https:\/\/grontkontor.dk\/wp-content\/uploads\/2020\/11\/eu-flag_1-300x199.jpg 300w, https:\/\/grontkontor.dk\/wp-content\/uploads\/2020\/11\/eu-flag_1.jpg 530w\" sizes=\"(max-width: 76px) 100vw, 76px\" \/> <img loading=\"lazy\" decoding=\"async\" src=\"https:\/\/grontkontor.dk\/wp-content\/uploads\/2021\/02\/genbrug.jpg\" alt=\"Fremstillet af genbrugsmaterialer\" width=\"50\" height=\"50\" class=\"size-full wp-image-23031\" srcset=\"https:\/\/grontkontor.dk\/wp-content\/uploads\/2021\/02\/genbrug.jpg 199w, https:\/\/grontkontor.dk\/wp-content\/uploads\/2021\/02\/genbrug-100x100.jpg 100w\" sizes=\"(max-width: 50px) 100vw, 50px\" \/><\/p>\n","protected":false},"excerpt":{"rendered":"<p>Der M\u00fclleimer ist ein klimafreundliches Produkt f\u00fcr die M\u00fclltrennung, das in Schweden aus langlebigem recyceltem Kunststoff entwickelt und hergestellt wird. Die 46-Liter-Box ist sowohl in Wei\u00df als auch in Schwarz erh\u00e4ltlich. Ein robuster Bambusdeckel kann erworben werden, um das Design zu vervollst\u00e4ndigen, sowie Eins\u00e4tze aus grauem, umweltfreundlichem, recyceltem Kunststoff f\u00fcr die M\u00fclltrennung. F\u00fcr das Produkt [&hellip;]<\/p>\n","protected":false},"featured_media":107661,"comment_status":"closed","ping_status":"closed","template":"","meta":{"_acf_changed":false},"product_cat":[3433,3325,3084,3425],"product_tag":[3434,3435],"class_list":{"0":"post-107569","1":"product","2":"type-product","3":"status-publish","4":"has-post-thumbnail","6":"product_cat-abfallwirtschaft","7":"product_cat-dummy-moq-1-de","8":"product_cat-neuheiten","9":"product_cat-reinigung","10":"product_tag-abfallsortierung","11":"product_tag-abfallwirtschaft","12":"pa_farve-schwarz","13":"pa_farve-weiss","14":"tm-no-options","16":"first","17":"instock","18":"taxable","19":"shipping-taxable","20":"purchasable","21":"product-type-variable","22":"has-default-attributes"},"acf":[],"yoast_head":"<!-- This site is optimized with the Yoast SEO Premium plugin v21.2 (Yoast SEO v21.2) - https:\/\/yoast.com\/wordpress\/plugins\/seo\/ -->\n<title>M\u00fclleimer recycelt 46 L - Gr\u00f8nt Kontor<\/title>\n<meta name=\"robots\" content=\"index, follow, max-snippet:-1, max-image-preview:large, max-video-preview:-1\" \/>\n<link rel=\"canonical\" href=\"https:\/\/grontkontor.dk\/de\/shop\/mulleimer-recycling-46-l\/\" \/>\n<meta property=\"og:locale\" content=\"de_DE\" \/>\n<meta property=\"og:type\" content=\"article\" \/>\n<meta property=\"og:title\" content=\"M\u00fclleimer recycelt 46 L\" \/>\n<meta property=\"og:description\" content=\"Der M\u00fclleimer ist ein klimafreundliches Produkt f\u00fcr die M\u00fclltrennung, das in Schweden aus langlebigem recyceltem Kunststoff entwickelt und hergestellt wird. Die 46-Liter-Box ist sowohl in Wei\u00df als auch in Schwarz erh\u00e4ltlich. Ein robuster Bambusdeckel kann erworben werden, um das Design zu vervollst\u00e4ndigen, sowie Eins\u00e4tze aus grauem, umweltfreundlichem, recyceltem Kunststoff f\u00fcr die M\u00fclltrennung. F\u00fcr das Produkt [&hellip;]\" \/>\n<meta property=\"og:url\" content=\"https:\/\/grontkontor.dk\/de\/shop\/mulleimer-recycling-46-l\/\" \/>\n<meta property=\"og:site_name\" content=\"Gr\u00f8nt Kontor\" \/>\n<meta property=\"article:publisher\" content=\"https:\/\/www.facebook.com\/grontkontor.dk\/\" \/>\n<meta property=\"article:modified_time\" content=\"2024-10-10T07:45:47+00:00\" \/>\n<meta property=\"og:image\" content=\"https:\/\/grontkontor.dk\/wp-content\/uploads\/2024\/08\/Klimavenlig-affaldsspand-46L-i-recycled-plast-hvid-og-sort.jpg\" \/>\n\t<meta property=\"og:image:width\" content=\"900\" \/>\n\t<meta property=\"og:image:height\" content=\"639\" \/>\n\t<meta property=\"og:image:type\" content=\"image\/jpeg\" \/>\n<meta name=\"twitter:card\" content=\"summary_large_image\" \/>\n<script type=\"application\/ld+json\" class=\"yoast-schema-graph\">{\"@context\":\"https:\/\/schema.org\",\"@graph\":[{\"@type\":\"WebPage\",\"@id\":\"https:\/\/grontkontor.dk\/de\/shop\/mulleimer-recycling-46-l\/\",\"url\":\"https:\/\/grontkontor.dk\/de\/shop\/mulleimer-recycling-46-l\/\",\"name\":\"M\u00fclleimer recycelt 46 L - Gr\u00f8nt Kontor\",\"isPartOf\":{\"@id\":\"https:\/\/grontkontor.dk\/#website\"},\"datePublished\":\"2024-08-07T07:31:51+00:00\",\"dateModified\":\"2024-10-10T07:45:47+00:00\",\"breadcrumb\":{\"@id\":\"https:\/\/grontkontor.dk\/de\/shop\/mulleimer-recycling-46-l\/#breadcrumb\"},\"inLanguage\":\"de\",\"potentialAction\":[{\"@type\":\"ReadAction\",\"target\":[\"https:\/\/grontkontor.dk\/de\/shop\/mulleimer-recycling-46-l\/\"]}]},{\"@type\":\"BreadcrumbList\",\"@id\":\"https:\/\/grontkontor.dk\/de\/shop\/mulleimer-recycling-46-l\/#breadcrumb\",\"itemListElement\":[{\"@type\":\"ListItem\",\"position\":1,\"name\":\"Forside\",\"item\":\"https:\/\/grontkontor.dk\/de\/\"},{\"@type\":\"ListItem\",\"position\":2,\"name\":\"Laden\",\"item\":\"https:\/\/grontkontor.dk\/de\/laden\/\"},{\"@type\":\"ListItem\",\"position\":3,\"name\":\"M\u00f6bel und Einrichtungsgegenst\u00e4nde\",\"item\":\"https:\/\/grontkontor.dk\/de\/produkt-kategori\/moebel-und-einrichtungsgegenstaende\/\"},{\"@type\":\"ListItem\",\"position\":4,\"name\":\"Abfallwirtschaft\",\"item\":\"https:\/\/grontkontor.dk\/de\/produkt-kategori\/moebel-und-einrichtungsgegenstaende\/abfallwirtschaft\/\"},{\"@type\":\"ListItem\",\"position\":5,\"name\":\"M\u00fclleimer recycelt 46 L\"}]},{\"@type\":\"WebSite\",\"@id\":\"https:\/\/grontkontor.dk\/#website\",\"url\":\"https:\/\/grontkontor.dk\/\",\"name\":\"Gr\u00f8nt Kontor\",\"description\":\"Milj\u00f8venlige produkter til kontor og erhverv med fokus p\u00e5 b\u00e6redygtighed, design og fair trade.\",\"publisher\":{\"@id\":\"https:\/\/grontkontor.dk\/#organization\"},\"potentialAction\":[{\"@type\":\"SearchAction\",\"target\":{\"@type\":\"EntryPoint\",\"urlTemplate\":\"https:\/\/grontkontor.dk\/?s={search_term_string}\"},\"query-input\":\"required name=search_term_string\"}],\"inLanguage\":\"de\"},{\"@type\":\"Organization\",\"@id\":\"https:\/\/grontkontor.dk\/#organization\",\"name\":\"Gr\u00f8nt Kontor\",\"url\":\"https:\/\/grontkontor.dk\/\",\"logo\":{\"@type\":\"ImageObject\",\"inLanguage\":\"de\",\"@id\":\"https:\/\/grontkontor.dk\/#\/schema\/logo\/image\/\",\"url\":\"https:\/\/grontkontor.dk\/wp-content\/uploads\/2014\/02\/Logo_groent_kontor_300x80.png\",\"contentUrl\":\"https:\/\/grontkontor.dk\/wp-content\/uploads\/2014\/02\/Logo_groent_kontor_300x80.png\",\"width\":300,\"height\":80,\"caption\":\"Gr\u00f8nt Kontor\"},\"image\":{\"@id\":\"https:\/\/grontkontor.dk\/#\/schema\/logo\/image\/\"},\"sameAs\":[\"https:\/\/www.facebook.com\/grontkontor.dk\/\"]}]}<\/script>\n<!-- \/ Yoast SEO Premium plugin. -->","yoast_head_json":{"title":"M\u00fclleimer recycelt 46 L - Gr\u00f8nt Kontor","robots":{"index":"index","follow":"follow","max-snippet":"max-snippet:-1","max-image-preview":"max-image-preview:large","max-video-preview":"max-video-preview:-1"},"canonical":"https:\/\/grontkontor.dk\/de\/shop\/mulleimer-recycling-46-l\/","og_locale":"de_DE","og_type":"article","og_title":"M\u00fclleimer recycelt 46 L","og_description":"Der M\u00fclleimer ist ein klimafreundliches Produkt f\u00fcr die M\u00fclltrennung, das in Schweden aus langlebigem recyceltem Kunststoff entwickelt und hergestellt wird. Die 46-Liter-Box ist sowohl in Wei\u00df als auch in Schwarz erh\u00e4ltlich. Ein robuster Bambusdeckel kann erworben werden, um das Design zu vervollst\u00e4ndigen, sowie Eins\u00e4tze aus grauem, umweltfreundlichem, recyceltem Kunststoff f\u00fcr die M\u00fclltrennung. F\u00fcr das Produkt [&hellip;]","og_url":"https:\/\/grontkontor.dk\/de\/shop\/mulleimer-recycling-46-l\/","og_site_name":"Gr\u00f8nt Kontor","article_publisher":"https:\/\/www.facebook.com\/grontkontor.dk\/","article_modified_time":"2024-10-10T07:45:47+00:00","og_image":[{"width":900,"height":639,"url":"https:\/\/grontkontor.dk\/wp-content\/uploads\/2024\/08\/Klimavenlig-affaldsspand-46L-i-recycled-plast-hvid-og-sort.jpg","type":"image\/jpeg"}],"twitter_card":"summary_large_image","schema":{"@context":"https:\/\/schema.org","@graph":[{"@type":"WebPage","@id":"https:\/\/grontkontor.dk\/de\/shop\/mulleimer-recycling-46-l\/","url":"https:\/\/grontkontor.dk\/de\/shop\/mulleimer-recycling-46-l\/","name":"M\u00fclleimer recycelt 46 L - Gr\u00f8nt Kontor","isPartOf":{"@id":"https:\/\/grontkontor.dk\/#website"},"datePublished":"2024-08-07T07:31:51+00:00","dateModified":"2024-10-10T07:45:47+00:00","breadcrumb":{"@id":"https:\/\/grontkontor.dk\/de\/shop\/mulleimer-recycling-46-l\/#breadcrumb"},"inLanguage":"de","potentialAction":[{"@type":"ReadAction","target":["https:\/\/grontkontor.dk\/de\/shop\/mulleimer-recycling-46-l\/"]}]},{"@type":"BreadcrumbList","@id":"https:\/\/grontkontor.dk\/de\/shop\/mulleimer-recycling-46-l\/#breadcrumb","itemListElement":[{"@type":"ListItem","position":1,"name":"Forside","item":"https:\/\/grontkontor.dk\/de\/"},{"@type":"ListItem","position":2,"name":"Laden","item":"https:\/\/grontkontor.dk\/de\/laden\/"},{"@type":"ListItem","position":3,"name":"M\u00f6bel und Einrichtungsgegenst\u00e4nde","item":"https:\/\/grontkontor.dk\/de\/produkt-kategori\/moebel-und-einrichtungsgegenstaende\/"},{"@type":"ListItem","position":4,"name":"Abfallwirtschaft","item":"https:\/\/grontkontor.dk\/de\/produkt-kategori\/moebel-und-einrichtungsgegenstaende\/abfallwirtschaft\/"},{"@type":"ListItem","position":5,"name":"M\u00fclleimer recycelt 46 L"}]},{"@type":"WebSite","@id":"https:\/\/grontkontor.dk\/#website","url":"https:\/\/grontkontor.dk\/","name":"Gr\u00f8nt Kontor","description":"Milj\u00f8venlige produkter til kontor og erhverv med fokus p\u00e5 b\u00e6redygtighed, design og fair trade.","publisher":{"@id":"https:\/\/grontkontor.dk\/#organization"},"potentialAction":[{"@type":"SearchAction","target":{"@type":"EntryPoint","urlTemplate":"https:\/\/grontkontor.dk\/?s={search_term_string}"},"query-input":"required name=search_term_string"}],"inLanguage":"de"},{"@type":"Organization","@id":"https:\/\/grontkontor.dk\/#organization","name":"Gr\u00f8nt Kontor","url":"https:\/\/grontkontor.dk\/","logo":{"@type":"ImageObject","inLanguage":"de","@id":"https:\/\/grontkontor.dk\/#\/schema\/logo\/image\/","url":"https:\/\/grontkontor.dk\/wp-content\/uploads\/2014\/02\/Logo_groent_kontor_300x80.png","contentUrl":"https:\/\/grontkontor.dk\/wp-content\/uploads\/2014\/02\/Logo_groent_kontor_300x80.png","width":300,"height":80,"caption":"Gr\u00f8nt Kontor"},"image":{"@id":"https:\/\/grontkontor.dk\/#\/schema\/logo\/image\/"},"sameAs":["https:\/\/www.facebook.com\/grontkontor.dk\/"]}]}},"_links":{"self":[{"href":"https:\/\/grontkontor.dk\/de\/wp-json\/wp\/v2\/product\/107569"}],"collection":[{"href":"https:\/\/grontkontor.dk\/de\/wp-json\/wp\/v2\/product"}],"about":[{"href":"https:\/\/grontkontor.dk\/de\/wp-json\/wp\/v2\/types\/product"}],"replies":[{"embeddable":true,"href":"https:\/\/grontkontor.dk\/de\/wp-json\/wp\/v2\/comments?post=107569"}],"wp:featuredmedia":[{"embeddable":true,"href":"https:\/\/grontkontor.dk\/de\/wp-json\/wp\/v2\/media\/107661"}],"wp:attachment":[{"href":"https:\/\/grontkontor.dk\/de\/wp-json\/wp\/v2\/media?parent=107569"}],"wp:term":[{"taxonomy":"product_cat","embeddable":true,"href":"https:\/\/grontkontor.dk\/de\/wp-json\/wp\/v2\/product_cat?post=107569"},{"taxonomy":"product_tag","embeddable":true,"href":"https:\/\/grontkontor.dk\/de\/wp-json\/wp\/v2\/product_tag?post=107569"}],"curies":[{"name":"wp","href":"https:\/\/api.w.org\/{rel}","templated":true}]}}