{"id":108639,"date":"2024-08-21T13:43:56","date_gmt":"2024-08-21T11:43:57","guid":{"rendered":"https:\/\/grontkontor.dk\/?post_type=product&#038;p=108639"},"modified":"2024-10-10T09:45:54","modified_gmt":"2024-10-10T07:45:54","slug":"organizer-set-mit-4-teilig-recycelt","status":"publish","type":"product","link":"https:\/\/grontkontor.dk\/de\/shop\/organizer-set-mit-4-teilig-recycelt\/","title":{"rendered":"4-teiliges recyceltes Organizer-Set"},"content":{"rendered":"<p>Flexibler Schreibtisch-Organizer mit 4 separaten Organizer-F\u00e4chern. Halten Sie Ihren Arbeitsplatz aufger\u00e4umt, indem Sie Bleistifte, Lineale, Scheren, B\u00fcroklammern, Radiergummis und andere kleine Gegenst\u00e4nde auf Ihrem Schreibtisch aufbewahren. Das Tablett ist mit Gummif\u00fc\u00dfen ausgestattet, um es stabil und fest zu halten. Verwenden Sie die Tabletts zusammen als Set oder separat, wenn Sie kleine Vertiefungen und Punkte im Auge behalten m\u00fcssen.   <\/p>\n<p><a href=\"https:\/\/ic.fsc.org\/en\/\" target=\"window\"><img loading=\"lazy\" decoding=\"async\" class=\"size-full wp-image-12735\" src=\"https:\/\/grontkontor.dk\/wp-content\/uploads\/2019\/04\/fsc-certificeret.png\" \n\t\t alt=\"FSC-certificeret\" title=\"FSC-certificeret\" width=\"44\" height=\"51\" border=0\/><\/a> [bigso_all]<\/p>\n<p>&nbsp;<\/p>\n","protected":false},"excerpt":{"rendered":"<p>Flexibler Schreibtisch-Organizer mit 4 separaten Organizer-F\u00e4chern. Halten Sie Ihren Arbeitsplatz aufger\u00e4umt, indem Sie Bleistifte, Lineale, Scheren, B\u00fcroklammern, Radiergummis und andere kleine Gegenst\u00e4nde auf Ihrem Schreibtisch aufbewahren. Das Tablett ist mit Gummif\u00fc\u00dfen ausgestattet, um es stabil und fest zu halten. Verwenden Sie die Tabletts zusammen als Set oder separat, wenn Sie kleine Vertiefungen und Punkte im [&hellip;]<\/p>\n","protected":false},"featured_media":108644,"comment_status":"closed","ping_status":"closed","template":"","meta":{"_acf_changed":false},"product_cat":[3325,3321,3083,3323,3519,3440],"product_tag":[3756,4009,4010],"class_list":{"0":"post-108639","1":"product","2":"type-product","3":"status-publish","4":"has-post-thumbnail","6":"product_cat-dummy-moq-1-de","7":"product_cat-klimafreundliche-werbegeschenke","8":"product_cat-nature-recyclingpapier","9":"product_cat-produktserien","10":"product_cat-schreibtischausstattung","11":"product_cat-sonstiges-fuer-den-schreibtisch","12":"product_tag-organisator","13":"product_tag-schreibtischausstattung","14":"product_tag-sonstiges-fuer-den-schreibtisch","15":"tm-has-options","17":"first","18":"instock","19":"taxable","20":"shipping-taxable","21":"purchasable","22":"product-type-simple"},"acf":[],"yoast_head":"<!-- This site is optimized with the Yoast SEO Premium plugin v21.2 (Yoast SEO v21.2) - https:\/\/yoast.com\/wordpress\/plugins\/seo\/ -->\n<title>4-teiliges recyceltes Organizer-Set - Gr\u00f8nt Kontor<\/title>\n<meta name=\"robots\" content=\"index, follow, max-snippet:-1, max-image-preview:large, max-video-preview:-1\" \/>\n<link rel=\"canonical\" href=\"https:\/\/grontkontor.dk\/shop\/organizersaet-med-4-dele-recycled\/\" \/>\n<meta property=\"og:locale\" content=\"de_DE\" \/>\n<meta property=\"og:type\" content=\"article\" \/>\n<meta property=\"og:title\" content=\"4-teiliges recyceltes Organizer-Set\" \/>\n<meta property=\"og:description\" content=\"Flexibler Schreibtisch-Organizer mit 4 separaten Organizer-F\u00e4chern. Halten Sie Ihren Arbeitsplatz aufger\u00e4umt, indem Sie Bleistifte, Lineale, Scheren, B\u00fcroklammern, Radiergummis und andere kleine Gegenst\u00e4nde auf Ihrem Schreibtisch aufbewahren. Das Tablett ist mit Gummif\u00fc\u00dfen ausgestattet, um es stabil und fest zu halten. Verwenden Sie die Tabletts zusammen als Set oder separat, wenn Sie kleine Vertiefungen und Punkte im [&hellip;]\" \/>\n<meta property=\"og:url\" content=\"https:\/\/grontkontor.dk\/shop\/organizersaet-med-4-dele-recycled\/\" \/>\n<meta property=\"og:site_name\" content=\"Gr\u00f8nt Kontor\" \/>\n<meta property=\"article:publisher\" content=\"https:\/\/www.facebook.com\/grontkontor.dk\/\" \/>\n<meta property=\"article:modified_time\" content=\"2024-10-10T07:45:54+00:00\" \/>\n<meta property=\"og:image\" content=\"https:\/\/grontkontor.dk\/wp-content\/uploads\/2024\/08\/Organizer-saer-skrivebords-organizer-genbrugspap.jpg\" \/>\n\t<meta property=\"og:image:width\" content=\"900\" \/>\n\t<meta property=\"og:image:height\" content=\"639\" \/>\n\t<meta property=\"og:image:type\" content=\"image\/jpeg\" \/>\n<meta name=\"twitter:card\" content=\"summary_large_image\" \/>\n<script type=\"application\/ld+json\" class=\"yoast-schema-graph\">{\"@context\":\"https:\/\/schema.org\",\"@graph\":[{\"@type\":\"WebPage\",\"@id\":\"https:\/\/grontkontor.dk\/shop\/organizersaet-med-4-dele-recycled\/\",\"url\":\"https:\/\/grontkontor.dk\/shop\/organizersaet-med-4-dele-recycled\/\",\"name\":\"4-teiliges recyceltes Organizer-Set - Gr\u00f8nt Kontor\",\"isPartOf\":{\"@id\":\"https:\/\/grontkontor.dk\/#website\"},\"datePublished\":\"2024-08-21T11:43:57+00:00\",\"dateModified\":\"2024-10-10T07:45:54+00:00\",\"breadcrumb\":{\"@id\":\"https:\/\/grontkontor.dk\/shop\/organizersaet-med-4-dele-recycled\/#breadcrumb\"},\"inLanguage\":\"de\",\"potentialAction\":[{\"@type\":\"ReadAction\",\"target\":[\"https:\/\/grontkontor.dk\/shop\/organizersaet-med-4-dele-recycled\/\"]}]},{\"@type\":\"BreadcrumbList\",\"@id\":\"https:\/\/grontkontor.dk\/shop\/organizersaet-med-4-dele-recycled\/#breadcrumb\",\"itemListElement\":[{\"@type\":\"ListItem\",\"position\":1,\"name\":\"Forside\",\"item\":\"https:\/\/grontkontor.dk\/de\/\"},{\"@type\":\"ListItem\",\"position\":2,\"name\":\"Laden\",\"item\":\"https:\/\/grontkontor.dk\/de\/laden\/\"},{\"@type\":\"ListItem\",\"position\":3,\"name\":\"Produktserien\",\"item\":\"https:\/\/grontkontor.dk\/de\/produkt-kategori\/produktserien\/\"},{\"@type\":\"ListItem\",\"position\":4,\"name\":\"Nature-Recyclingpapier\",\"item\":\"https:\/\/grontkontor.dk\/de\/produkt-kategori\/produktserien\/nature-recyclingpapier\/\"},{\"@type\":\"ListItem\",\"position\":5,\"name\":\"4-teiliges recyceltes Organizer-Set\"}]},{\"@type\":\"WebSite\",\"@id\":\"https:\/\/grontkontor.dk\/#website\",\"url\":\"https:\/\/grontkontor.dk\/\",\"name\":\"Gr\u00f8nt Kontor\",\"description\":\"Milj\u00f8venlige produkter til kontor og erhverv med fokus p\u00e5 b\u00e6redygtighed, design og fair trade.\",\"publisher\":{\"@id\":\"https:\/\/grontkontor.dk\/#organization\"},\"potentialAction\":[{\"@type\":\"SearchAction\",\"target\":{\"@type\":\"EntryPoint\",\"urlTemplate\":\"https:\/\/grontkontor.dk\/?s={search_term_string}\"},\"query-input\":\"required name=search_term_string\"}],\"inLanguage\":\"de\"},{\"@type\":\"Organization\",\"@id\":\"https:\/\/grontkontor.dk\/#organization\",\"name\":\"Gr\u00f8nt Kontor\",\"url\":\"https:\/\/grontkontor.dk\/\",\"logo\":{\"@type\":\"ImageObject\",\"inLanguage\":\"de\",\"@id\":\"https:\/\/grontkontor.dk\/#\/schema\/logo\/image\/\",\"url\":\"https:\/\/grontkontor.dk\/wp-content\/uploads\/2014\/02\/Logo_groent_kontor_300x80.png\",\"contentUrl\":\"https:\/\/grontkontor.dk\/wp-content\/uploads\/2014\/02\/Logo_groent_kontor_300x80.png\",\"width\":300,\"height\":80,\"caption\":\"Gr\u00f8nt Kontor\"},\"image\":{\"@id\":\"https:\/\/grontkontor.dk\/#\/schema\/logo\/image\/\"},\"sameAs\":[\"https:\/\/www.facebook.com\/grontkontor.dk\/\"]}]}<\/script>\n<!-- \/ Yoast SEO Premium plugin. -->","yoast_head_json":{"title":"4-teiliges recyceltes Organizer-Set - Gr\u00f8nt Kontor","robots":{"index":"index","follow":"follow","max-snippet":"max-snippet:-1","max-image-preview":"max-image-preview:large","max-video-preview":"max-video-preview:-1"},"canonical":"https:\/\/grontkontor.dk\/shop\/organizersaet-med-4-dele-recycled\/","og_locale":"de_DE","og_type":"article","og_title":"4-teiliges recyceltes Organizer-Set","og_description":"Flexibler Schreibtisch-Organizer mit 4 separaten Organizer-F\u00e4chern. Halten Sie Ihren Arbeitsplatz aufger\u00e4umt, indem Sie Bleistifte, Lineale, Scheren, B\u00fcroklammern, Radiergummis und andere kleine Gegenst\u00e4nde auf Ihrem Schreibtisch aufbewahren. Das Tablett ist mit Gummif\u00fc\u00dfen ausgestattet, um es stabil und fest zu halten. Verwenden Sie die Tabletts zusammen als Set oder separat, wenn Sie kleine Vertiefungen und Punkte im [&hellip;]","og_url":"https:\/\/grontkontor.dk\/shop\/organizersaet-med-4-dele-recycled\/","og_site_name":"Gr\u00f8nt Kontor","article_publisher":"https:\/\/www.facebook.com\/grontkontor.dk\/","article_modified_time":"2024-10-10T07:45:54+00:00","og_image":[{"width":900,"height":639,"url":"https:\/\/grontkontor.dk\/wp-content\/uploads\/2024\/08\/Organizer-saer-skrivebords-organizer-genbrugspap.jpg","type":"image\/jpeg"}],"twitter_card":"summary_large_image","schema":{"@context":"https:\/\/schema.org","@graph":[{"@type":"WebPage","@id":"https:\/\/grontkontor.dk\/shop\/organizersaet-med-4-dele-recycled\/","url":"https:\/\/grontkontor.dk\/shop\/organizersaet-med-4-dele-recycled\/","name":"4-teiliges recyceltes Organizer-Set - Gr\u00f8nt Kontor","isPartOf":{"@id":"https:\/\/grontkontor.dk\/#website"},"datePublished":"2024-08-21T11:43:57+00:00","dateModified":"2024-10-10T07:45:54+00:00","breadcrumb":{"@id":"https:\/\/grontkontor.dk\/shop\/organizersaet-med-4-dele-recycled\/#breadcrumb"},"inLanguage":"de","potentialAction":[{"@type":"ReadAction","target":["https:\/\/grontkontor.dk\/shop\/organizersaet-med-4-dele-recycled\/"]}]},{"@type":"BreadcrumbList","@id":"https:\/\/grontkontor.dk\/shop\/organizersaet-med-4-dele-recycled\/#breadcrumb","itemListElement":[{"@type":"ListItem","position":1,"name":"Forside","item":"https:\/\/grontkontor.dk\/de\/"},{"@type":"ListItem","position":2,"name":"Laden","item":"https:\/\/grontkontor.dk\/de\/laden\/"},{"@type":"ListItem","position":3,"name":"Produktserien","item":"https:\/\/grontkontor.dk\/de\/produkt-kategori\/produktserien\/"},{"@type":"ListItem","position":4,"name":"Nature-Recyclingpapier","item":"https:\/\/grontkontor.dk\/de\/produkt-kategori\/produktserien\/nature-recyclingpapier\/"},{"@type":"ListItem","position":5,"name":"4-teiliges recyceltes Organizer-Set"}]},{"@type":"WebSite","@id":"https:\/\/grontkontor.dk\/#website","url":"https:\/\/grontkontor.dk\/","name":"Gr\u00f8nt Kontor","description":"Milj\u00f8venlige produkter til kontor og erhverv med fokus p\u00e5 b\u00e6redygtighed, design og fair trade.","publisher":{"@id":"https:\/\/grontkontor.dk\/#organization"},"potentialAction":[{"@type":"SearchAction","target":{"@type":"EntryPoint","urlTemplate":"https:\/\/grontkontor.dk\/?s={search_term_string}"},"query-input":"required name=search_term_string"}],"inLanguage":"de"},{"@type":"Organization","@id":"https:\/\/grontkontor.dk\/#organization","name":"Gr\u00f8nt Kontor","url":"https:\/\/grontkontor.dk\/","logo":{"@type":"ImageObject","inLanguage":"de","@id":"https:\/\/grontkontor.dk\/#\/schema\/logo\/image\/","url":"https:\/\/grontkontor.dk\/wp-content\/uploads\/2014\/02\/Logo_groent_kontor_300x80.png","contentUrl":"https:\/\/grontkontor.dk\/wp-content\/uploads\/2014\/02\/Logo_groent_kontor_300x80.png","width":300,"height":80,"caption":"Gr\u00f8nt Kontor"},"image":{"@id":"https:\/\/grontkontor.dk\/#\/schema\/logo\/image\/"},"sameAs":["https:\/\/www.facebook.com\/grontkontor.dk\/"]}]}},"_links":{"self":[{"href":"https:\/\/grontkontor.dk\/de\/wp-json\/wp\/v2\/product\/108639"}],"collection":[{"href":"https:\/\/grontkontor.dk\/de\/wp-json\/wp\/v2\/product"}],"about":[{"href":"https:\/\/grontkontor.dk\/de\/wp-json\/wp\/v2\/types\/product"}],"replies":[{"embeddable":true,"href":"https:\/\/grontkontor.dk\/de\/wp-json\/wp\/v2\/comments?post=108639"}],"wp:featuredmedia":[{"embeddable":true,"href":"https:\/\/grontkontor.dk\/de\/wp-json\/wp\/v2\/media\/108644"}],"wp:attachment":[{"href":"https:\/\/grontkontor.dk\/de\/wp-json\/wp\/v2\/media?parent=108639"}],"wp:term":[{"taxonomy":"product_cat","embeddable":true,"href":"https:\/\/grontkontor.dk\/de\/wp-json\/wp\/v2\/product_cat?post=108639"},{"taxonomy":"product_tag","embeddable":true,"href":"https:\/\/grontkontor.dk\/de\/wp-json\/wp\/v2\/product_tag?post=108639"}],"curies":[{"name":"wp","href":"https:\/\/api.w.org\/{rel}","templated":true}]}}