{"id":115435,"date":"2024-09-25T15:27:30","date_gmt":"2024-09-25T13:27:33","guid":{"rendered":"https:\/\/grontkontor.dk\/?post_type=product&#038;p=115435"},"modified":"2024-10-10T09:46:19","modified_gmt":"2024-10-10T07:46:19","slug":"strandtasche-fairtrade-280-g-slash-m2","status":"publish","type":"product","link":"https:\/\/grontkontor.dk\/de\/shop\/strandtasche-fairtrade-280-g-slash-m2\/","title":{"rendered":"Strandtasche Fairtrade 280 g\/m\u00b2"},"content":{"rendered":"<p data-pm-slice=\"1 1 []\">Umweltfreundliche Tragetasche aus 100% Baumwolle mit einem Gewicht von 280 g\/m2 und in nat\u00fcrlicher Farbe. Gen\u00e4ht mit Griffen im Seilstil und verst\u00e4rkt mit Metallringen. Best\u00e4ndig bis zu 10 kg, inklusive Fairtrade-Siegel und Hangtag aus recyceltem Karton  <\/p>\n<p>Ein sch\u00f6nes umweltfreundliches Werbegeschenk, das sich f\u00fcr die Handhabung Ihrer Handouts auf einer Messe oder Veranstaltung eignet. M\u00f6glichkeit des ein- oder beidseitigen Drucks.<\/p>\n<p>[bomuld_s]<\/p>\n<p>[fairtrade_s]<\/p>\n<p>&nbsp;<\/p>\n<a href=\"http:\/\/www.fairtrade-maerket.dk\/\" target=\"window\"><img loading=\"lazy\" decoding=\"async\" class=\"alignnone size-full\" src=\"https:\/\/grontkontor.dk\/wp-content\/uploads\/2019\/04\/fairtrade-certificeret.jpg\" \n  alt=\"Fair trade certifikatet - din garanti for at arbejdere og b?nder har fair arbejdsforhold og indt?gt\" width=\"49\" height=\"50\" border=0 \/><\/a>\n","protected":false},"excerpt":{"rendered":"<p>Umweltfreundliche Tragetasche aus 100% Baumwolle mit einem Gewicht von 280 g\/m2 und in nat\u00fcrlicher Farbe. Gen\u00e4ht mit Griffen im Seilstil und verst\u00e4rkt mit Metallringen. Best\u00e4ndig bis zu 10 kg, inklusive Fairtrade-Siegel und Hangtag aus recyceltem Karton Ein sch\u00f6nes umweltfreundliches Werbegeschenk, das sich f\u00fcr die Handhabung Ihrer Handouts auf einer Messe oder Veranstaltung eignet. M\u00f6glichkeit des [&hellip;]<\/p>\n","protected":false},"featured_media":95390,"comment_status":"closed","ping_status":"closed","template":"","meta":{"_acf_changed":false},"product_cat":[3325,3321,3084,3327,3341],"product_tag":[4502],"class_list":{"0":"post-115435","1":"product","2":"type-product","3":"status-publish","4":"has-post-thumbnail","6":"product_cat-dummy-moq-1-de","7":"product_cat-klimafreundliche-werbegeschenke","8":"product_cat-neuheiten","9":"product_cat-sport-und-freizeit","10":"product_cat-stofftaschen","11":"product_tag-strandtasche","12":"tm-has-options","14":"first","15":"instock","16":"taxable","17":"shipping-taxable","18":"purchasable","19":"product-type-simple"},"acf":[],"yoast_head":"<!-- This site is optimized with the Yoast SEO Premium plugin v21.2 (Yoast SEO v21.2) - https:\/\/yoast.com\/wordpress\/plugins\/seo\/ -->\n<title>Strandtasche Fairtrade 280 g\/m\u00b2 - Gr\u00f8nt Kontor<\/title>\n<meta name=\"robots\" content=\"index, follow, max-snippet:-1, max-image-preview:large, max-video-preview:-1\" \/>\n<link rel=\"canonical\" href=\"https:\/\/grontkontor.dk\/shop\/beach-bag-fairtrade-280-gsm\/\" \/>\n<meta property=\"og:locale\" content=\"de_DE\" \/>\n<meta property=\"og:type\" content=\"article\" \/>\n<meta property=\"og:title\" content=\"Strandtasche Fairtrade 280 g\/m\u00b2\" \/>\n<meta property=\"og:description\" content=\"Umweltfreundliche Tragetasche aus 100% Baumwolle mit einem Gewicht von 280 g\/m2 und in nat\u00fcrlicher Farbe. Gen\u00e4ht mit Griffen im Seilstil und verst\u00e4rkt mit Metallringen. Best\u00e4ndig bis zu 10 kg, inklusive Fairtrade-Siegel und Hangtag aus recyceltem Karton Ein sch\u00f6nes umweltfreundliches Werbegeschenk, das sich f\u00fcr die Handhabung Ihrer Handouts auf einer Messe oder Veranstaltung eignet. M\u00f6glichkeit des [&hellip;]\" \/>\n<meta property=\"og:url\" content=\"https:\/\/grontkontor.dk\/shop\/beach-bag-fairtrade-280-gsm\/\" \/>\n<meta property=\"og:site_name\" content=\"Gr\u00f8nt Kontor\" \/>\n<meta property=\"article:publisher\" content=\"https:\/\/www.facebook.com\/grontkontor.dk\/\" \/>\n<meta property=\"article:modified_time\" content=\"2024-10-10T07:46:19+00:00\" \/>\n<meta property=\"og:image\" content=\"https:\/\/grontkontor.dk\/wp-content\/uploads\/2024\/05\/Klimavenlig-mulepose-med-klodsbund-i-genanvendt-bomuld-collage.jpg\" \/>\n\t<meta property=\"og:image:width\" content=\"900\" \/>\n\t<meta property=\"og:image:height\" content=\"639\" \/>\n\t<meta property=\"og:image:type\" content=\"image\/jpeg\" \/>\n<meta name=\"twitter:card\" content=\"summary_large_image\" \/>\n<script type=\"application\/ld+json\" class=\"yoast-schema-graph\">{\"@context\":\"https:\/\/schema.org\",\"@graph\":[{\"@type\":\"WebPage\",\"@id\":\"https:\/\/grontkontor.dk\/shop\/beach-bag-fairtrade-280-gsm\/\",\"url\":\"https:\/\/grontkontor.dk\/shop\/beach-bag-fairtrade-280-gsm\/\",\"name\":\"Strandtasche Fairtrade 280 g\/m\u00b2 - Gr\u00f8nt Kontor\",\"isPartOf\":{\"@id\":\"https:\/\/grontkontor.dk\/#website\"},\"datePublished\":\"2024-09-25T13:27:33+00:00\",\"dateModified\":\"2024-10-10T07:46:19+00:00\",\"breadcrumb\":{\"@id\":\"https:\/\/grontkontor.dk\/shop\/beach-bag-fairtrade-280-gsm\/#breadcrumb\"},\"inLanguage\":\"de\",\"potentialAction\":[{\"@type\":\"ReadAction\",\"target\":[\"https:\/\/grontkontor.dk\/shop\/beach-bag-fairtrade-280-gsm\/\"]}]},{\"@type\":\"BreadcrumbList\",\"@id\":\"https:\/\/grontkontor.dk\/shop\/beach-bag-fairtrade-280-gsm\/#breadcrumb\",\"itemListElement\":[{\"@type\":\"ListItem\",\"position\":1,\"name\":\"Forside\",\"item\":\"https:\/\/grontkontor.dk\/de\/\"},{\"@type\":\"ListItem\",\"position\":2,\"name\":\"Laden\",\"item\":\"https:\/\/grontkontor.dk\/de\/laden\/\"},{\"@type\":\"ListItem\",\"position\":3,\"name\":\"Taschen, Taschen und H\u00fcllen\",\"item\":\"https:\/\/grontkontor.dk\/de\/produkt-kategori\/taschen-tueten-und-huellen\/\"},{\"@type\":\"ListItem\",\"position\":4,\"name\":\"Tragetaschen\",\"item\":\"https:\/\/grontkontor.dk\/de\/produkt-kategori\/taschen-tueten-und-huellen\/stofftaschen\/\"},{\"@type\":\"ListItem\",\"position\":5,\"name\":\"Strandtasche Fairtrade 280 g\/m\u00b2\"}]},{\"@type\":\"WebSite\",\"@id\":\"https:\/\/grontkontor.dk\/#website\",\"url\":\"https:\/\/grontkontor.dk\/\",\"name\":\"Gr\u00f8nt Kontor\",\"description\":\"Milj\u00f8venlige produkter til kontor og erhverv med fokus p\u00e5 b\u00e6redygtighed, design og fair trade.\",\"publisher\":{\"@id\":\"https:\/\/grontkontor.dk\/#organization\"},\"potentialAction\":[{\"@type\":\"SearchAction\",\"target\":{\"@type\":\"EntryPoint\",\"urlTemplate\":\"https:\/\/grontkontor.dk\/?s={search_term_string}\"},\"query-input\":\"required name=search_term_string\"}],\"inLanguage\":\"de\"},{\"@type\":\"Organization\",\"@id\":\"https:\/\/grontkontor.dk\/#organization\",\"name\":\"Gr\u00f8nt Kontor\",\"url\":\"https:\/\/grontkontor.dk\/\",\"logo\":{\"@type\":\"ImageObject\",\"inLanguage\":\"de\",\"@id\":\"https:\/\/grontkontor.dk\/#\/schema\/logo\/image\/\",\"url\":\"https:\/\/grontkontor.dk\/wp-content\/uploads\/2014\/02\/Logo_groent_kontor_300x80.png\",\"contentUrl\":\"https:\/\/grontkontor.dk\/wp-content\/uploads\/2014\/02\/Logo_groent_kontor_300x80.png\",\"width\":300,\"height\":80,\"caption\":\"Gr\u00f8nt Kontor\"},\"image\":{\"@id\":\"https:\/\/grontkontor.dk\/#\/schema\/logo\/image\/\"},\"sameAs\":[\"https:\/\/www.facebook.com\/grontkontor.dk\/\"]}]}<\/script>\n<!-- \/ Yoast SEO Premium plugin. -->","yoast_head_json":{"title":"Strandtasche Fairtrade 280 g\/m\u00b2 - Gr\u00f8nt Kontor","robots":{"index":"index","follow":"follow","max-snippet":"max-snippet:-1","max-image-preview":"max-image-preview:large","max-video-preview":"max-video-preview:-1"},"canonical":"https:\/\/grontkontor.dk\/shop\/beach-bag-fairtrade-280-gsm\/","og_locale":"de_DE","og_type":"article","og_title":"Strandtasche Fairtrade 280 g\/m\u00b2","og_description":"Umweltfreundliche Tragetasche aus 100% Baumwolle mit einem Gewicht von 280 g\/m2 und in nat\u00fcrlicher Farbe. Gen\u00e4ht mit Griffen im Seilstil und verst\u00e4rkt mit Metallringen. Best\u00e4ndig bis zu 10 kg, inklusive Fairtrade-Siegel und Hangtag aus recyceltem Karton Ein sch\u00f6nes umweltfreundliches Werbegeschenk, das sich f\u00fcr die Handhabung Ihrer Handouts auf einer Messe oder Veranstaltung eignet. M\u00f6glichkeit des [&hellip;]","og_url":"https:\/\/grontkontor.dk\/shop\/beach-bag-fairtrade-280-gsm\/","og_site_name":"Gr\u00f8nt Kontor","article_publisher":"https:\/\/www.facebook.com\/grontkontor.dk\/","article_modified_time":"2024-10-10T07:46:19+00:00","og_image":[{"width":900,"height":639,"url":"https:\/\/grontkontor.dk\/wp-content\/uploads\/2024\/05\/Klimavenlig-mulepose-med-klodsbund-i-genanvendt-bomuld-collage.jpg","type":"image\/jpeg"}],"twitter_card":"summary_large_image","schema":{"@context":"https:\/\/schema.org","@graph":[{"@type":"WebPage","@id":"https:\/\/grontkontor.dk\/shop\/beach-bag-fairtrade-280-gsm\/","url":"https:\/\/grontkontor.dk\/shop\/beach-bag-fairtrade-280-gsm\/","name":"Strandtasche Fairtrade 280 g\/m\u00b2 - Gr\u00f8nt Kontor","isPartOf":{"@id":"https:\/\/grontkontor.dk\/#website"},"datePublished":"2024-09-25T13:27:33+00:00","dateModified":"2024-10-10T07:46:19+00:00","breadcrumb":{"@id":"https:\/\/grontkontor.dk\/shop\/beach-bag-fairtrade-280-gsm\/#breadcrumb"},"inLanguage":"de","potentialAction":[{"@type":"ReadAction","target":["https:\/\/grontkontor.dk\/shop\/beach-bag-fairtrade-280-gsm\/"]}]},{"@type":"BreadcrumbList","@id":"https:\/\/grontkontor.dk\/shop\/beach-bag-fairtrade-280-gsm\/#breadcrumb","itemListElement":[{"@type":"ListItem","position":1,"name":"Forside","item":"https:\/\/grontkontor.dk\/de\/"},{"@type":"ListItem","position":2,"name":"Laden","item":"https:\/\/grontkontor.dk\/de\/laden\/"},{"@type":"ListItem","position":3,"name":"Taschen, Taschen und H\u00fcllen","item":"https:\/\/grontkontor.dk\/de\/produkt-kategori\/taschen-tueten-und-huellen\/"},{"@type":"ListItem","position":4,"name":"Tragetaschen","item":"https:\/\/grontkontor.dk\/de\/produkt-kategori\/taschen-tueten-und-huellen\/stofftaschen\/"},{"@type":"ListItem","position":5,"name":"Strandtasche Fairtrade 280 g\/m\u00b2"}]},{"@type":"WebSite","@id":"https:\/\/grontkontor.dk\/#website","url":"https:\/\/grontkontor.dk\/","name":"Gr\u00f8nt Kontor","description":"Milj\u00f8venlige produkter til kontor og erhverv med fokus p\u00e5 b\u00e6redygtighed, design og fair trade.","publisher":{"@id":"https:\/\/grontkontor.dk\/#organization"},"potentialAction":[{"@type":"SearchAction","target":{"@type":"EntryPoint","urlTemplate":"https:\/\/grontkontor.dk\/?s={search_term_string}"},"query-input":"required name=search_term_string"}],"inLanguage":"de"},{"@type":"Organization","@id":"https:\/\/grontkontor.dk\/#organization","name":"Gr\u00f8nt Kontor","url":"https:\/\/grontkontor.dk\/","logo":{"@type":"ImageObject","inLanguage":"de","@id":"https:\/\/grontkontor.dk\/#\/schema\/logo\/image\/","url":"https:\/\/grontkontor.dk\/wp-content\/uploads\/2014\/02\/Logo_groent_kontor_300x80.png","contentUrl":"https:\/\/grontkontor.dk\/wp-content\/uploads\/2014\/02\/Logo_groent_kontor_300x80.png","width":300,"height":80,"caption":"Gr\u00f8nt Kontor"},"image":{"@id":"https:\/\/grontkontor.dk\/#\/schema\/logo\/image\/"},"sameAs":["https:\/\/www.facebook.com\/grontkontor.dk\/"]}]}},"_links":{"self":[{"href":"https:\/\/grontkontor.dk\/de\/wp-json\/wp\/v2\/product\/115435"}],"collection":[{"href":"https:\/\/grontkontor.dk\/de\/wp-json\/wp\/v2\/product"}],"about":[{"href":"https:\/\/grontkontor.dk\/de\/wp-json\/wp\/v2\/types\/product"}],"replies":[{"embeddable":true,"href":"https:\/\/grontkontor.dk\/de\/wp-json\/wp\/v2\/comments?post=115435"}],"wp:featuredmedia":[{"embeddable":true,"href":"https:\/\/grontkontor.dk\/de\/wp-json\/wp\/v2\/media\/95390"}],"wp:attachment":[{"href":"https:\/\/grontkontor.dk\/de\/wp-json\/wp\/v2\/media?parent=115435"}],"wp:term":[{"taxonomy":"product_cat","embeddable":true,"href":"https:\/\/grontkontor.dk\/de\/wp-json\/wp\/v2\/product_cat?post=115435"},{"taxonomy":"product_tag","embeddable":true,"href":"https:\/\/grontkontor.dk\/de\/wp-json\/wp\/v2\/product_tag?post=115435"}],"curies":[{"name":"wp","href":"https:\/\/api.w.org\/{rel}","templated":true}]}}