{"id":115946,"date":"2024-10-01T10:39:31","date_gmt":"2024-10-10T07:46:28","guid":{"rendered":"https:\/\/grontkontor.dk\/shop\/thermoskanne-recycelt-staal-pp-350-ml\/"},"modified":"2024-10-10T09:46:28","modified_gmt":"2024-10-10T07:46:28","slug":"thermoskanne-recycelt-staal-pp-350-ml","status":"publish","type":"product","link":"https:\/\/grontkontor.dk\/de\/shop\/thermoskanne-recycelt-staal-pp-350-ml\/","title":{"rendered":"Thermobecher aus recyceltem Stahl &amp; PP 350 ml"},"content":{"rendered":"<p>Umweltfreundlicher Kaffeebecher aus recyceltem Stahl, besteht zu 90 % aus recyceltem Edelstahl und zu 10 % aus gew\u00f6hnlichem Edelstahl. \u00c4u\u00dfere Schicht aus recyceltem PP und Band aus RPET. Erh\u00e4ltlich in 7 Farben: Dunkelblau, Hellblau, Schwarz, Gr\u00fcn, Grau, Dunkelgrau und Wei\u00df ohne Druck. Kann bis zu 1 St\u00fcck in schwarz bestellt werden. Perfekt als klimafreundliches Firmengeschenk oder Handout f\u00fcr Messen und Events.  <\/p>\n<p>[staal_s] [rpet_s]<\/p>\n<p>&nbsp;<\/p>\n<img loading=\"lazy\" decoding=\"async\" src=\"https:\/\/grontkontor.dk\/wp-content\/uploads\/2021\/02\/genbrug.jpg\" alt=\"Fremstillet af genbrugsmaterialer\" width=\"50\" height=\"50\" class=\"size-full wp-image-23031\" srcset=\"https:\/\/grontkontor.dk\/wp-content\/uploads\/2021\/02\/genbrug.jpg 199w, https:\/\/grontkontor.dk\/wp-content\/uploads\/2021\/02\/genbrug-100x100.jpg 100w\" sizes=\"(max-width: 50px) 100vw, 50px\" \/>\n","protected":false},"excerpt":{"rendered":"<p>Umweltfreundlicher Kaffeebecher aus recyceltem Stahl, besteht zu 90 % aus recyceltem Edelstahl und zu 10 % aus gew\u00f6hnlichem Edelstahl. \u00c4u\u00dfere Schicht aus recyceltem PP und Band aus RPET. Erh\u00e4ltlich in 7 Farben: Dunkelblau, Hellblau, Schwarz, Gr\u00fcn, Grau, Dunkelgrau und Wei\u00df ohne Druck. Kann bis zu 1 St\u00fcck in schwarz bestellt werden. Perfekt als klimafreundliches Firmengeschenk [&hellip;]<\/p>\n","protected":false},"featured_media":115610,"comment_status":"closed","ping_status":"closed","template":"","meta":{"_acf_changed":false},"product_cat":[3662,3465,3325,3418,3084],"product_tag":[3663,3833],"class_list":{"0":"post-115946","1":"product","2":"type-product","3":"status-publish","4":"has-post-thumbnail","6":"product_cat-becher-und-tassen-fuer-die-messe","7":"product_cat-becher-tassen-etc","8":"product_cat-dummy-moq-1-de","9":"product_cat-messe-und-event","10":"product_cat-neuheiten","11":"product_tag-becher","12":"product_tag-thermo-becher","13":"pa_farve-dunkelblau","14":"pa_farve-dunkelgrau-de","15":"pa_farve-grau-de","16":"pa_farve-gruen","17":"pa_farve-hellblau","18":"pa_farve-schwarz","19":"pa_farve-weiss","20":"tm-has-options","22":"first","23":"instock","24":"sale","25":"taxable","26":"shipping-taxable","27":"purchasable","28":"product-type-variable","29":"has-default-attributes"},"acf":[],"yoast_head":"<!-- This site is optimized with the Yoast SEO Premium plugin v21.2 (Yoast SEO v21.2) - https:\/\/yoast.com\/wordpress\/plugins\/seo\/ -->\n<title>Thermobecher aus recyceltem Stahl &amp; PP 350 ml - Gr\u00f8nt Kontor<\/title>\n<meta name=\"robots\" content=\"index, follow, max-snippet:-1, max-image-preview:large, max-video-preview:-1\" \/>\n<link rel=\"canonical\" href=\"https:\/\/grontkontor.dk\/shop\/termokop-genanvendt-staal-pp-350-ml\/\" \/>\n<meta property=\"og:locale\" content=\"de_DE\" \/>\n<meta property=\"og:type\" content=\"article\" \/>\n<meta property=\"og:title\" content=\"Thermobecher aus recyceltem Stahl &amp; PP 350 ml\" \/>\n<meta property=\"og:description\" content=\"Umweltfreundlicher Kaffeebecher aus recyceltem Stahl, besteht zu 90 % aus recyceltem Edelstahl und zu 10 % aus gew\u00f6hnlichem Edelstahl. \u00c4u\u00dfere Schicht aus recyceltem PP und Band aus RPET. Erh\u00e4ltlich in 7 Farben: Dunkelblau, Hellblau, Schwarz, Gr\u00fcn, Grau, Dunkelgrau und Wei\u00df ohne Druck. Kann bis zu 1 St\u00fcck in schwarz bestellt werden. Perfekt als klimafreundliches Firmengeschenk [&hellip;]\" \/>\n<meta property=\"og:url\" content=\"https:\/\/grontkontor.dk\/shop\/termokop-genanvendt-staal-pp-350-ml\/\" \/>\n<meta property=\"og:site_name\" content=\"Gr\u00f8nt Kontor\" \/>\n<meta property=\"article:publisher\" content=\"https:\/\/www.facebook.com\/grontkontor.dk\/\" \/>\n<meta property=\"og:image\" content=\"https:\/\/grontkontor.dk\/wp-content\/uploads\/2024\/10\/Klimavenlig-termokop-i-genanvendt-staal-og-plast-sort.jpg\" \/>\n\t<meta property=\"og:image:width\" content=\"900\" \/>\n\t<meta property=\"og:image:height\" content=\"639\" \/>\n\t<meta property=\"og:image:type\" content=\"image\/jpeg\" \/>\n<meta name=\"twitter:card\" content=\"summary_large_image\" \/>\n<script type=\"application\/ld+json\" class=\"yoast-schema-graph\">{\"@context\":\"https:\/\/schema.org\",\"@graph\":[{\"@type\":\"WebPage\",\"@id\":\"https:\/\/grontkontor.dk\/shop\/termokop-genanvendt-staal-pp-350-ml\/\",\"url\":\"https:\/\/grontkontor.dk\/shop\/termokop-genanvendt-staal-pp-350-ml\/\",\"name\":\"Thermobecher aus recyceltem Stahl &amp; PP 350 ml - Gr\u00f8nt Kontor\",\"isPartOf\":{\"@id\":\"https:\/\/grontkontor.dk\/#website\"},\"datePublished\":\"2024-10-10T07:46:28+00:00\",\"dateModified\":\"2024-10-10T07:46:28+00:00\",\"breadcrumb\":{\"@id\":\"https:\/\/grontkontor.dk\/shop\/termokop-genanvendt-staal-pp-350-ml\/#breadcrumb\"},\"inLanguage\":\"de\",\"potentialAction\":[{\"@type\":\"ReadAction\",\"target\":[\"https:\/\/grontkontor.dk\/shop\/termokop-genanvendt-staal-pp-350-ml\/\"]}]},{\"@type\":\"BreadcrumbList\",\"@id\":\"https:\/\/grontkontor.dk\/shop\/termokop-genanvendt-staal-pp-350-ml\/#breadcrumb\",\"itemListElement\":[{\"@type\":\"ListItem\",\"position\":1,\"name\":\"Forside\",\"item\":\"https:\/\/grontkontor.dk\/de\/\"},{\"@type\":\"ListItem\",\"position\":2,\"name\":\"Laden\",\"item\":\"https:\/\/grontkontor.dk\/de\/laden\/\"},{\"@type\":\"ListItem\",\"position\":3,\"name\":\"Messe und Event\",\"item\":\"https:\/\/grontkontor.dk\/de\/produkt-kategori\/messe-und-event\/\"},{\"@type\":\"ListItem\",\"position\":4,\"name\":\"Becher und Tassen f\u00fcr die Messe\",\"item\":\"https:\/\/grontkontor.dk\/de\/produkt-kategori\/messe-und-event\/becher-und-tassen-fuer-die-messe\/\"},{\"@type\":\"ListItem\",\"position\":5,\"name\":\"Thermobecher aus recyceltem Stahl &amp; PP 350 ml\"}]},{\"@type\":\"WebSite\",\"@id\":\"https:\/\/grontkontor.dk\/#website\",\"url\":\"https:\/\/grontkontor.dk\/\",\"name\":\"Gr\u00f8nt Kontor\",\"description\":\"Milj\u00f8venlige produkter til kontor og erhverv med fokus p\u00e5 b\u00e6redygtighed, design og fair trade.\",\"publisher\":{\"@id\":\"https:\/\/grontkontor.dk\/#organization\"},\"potentialAction\":[{\"@type\":\"SearchAction\",\"target\":{\"@type\":\"EntryPoint\",\"urlTemplate\":\"https:\/\/grontkontor.dk\/?s={search_term_string}\"},\"query-input\":\"required name=search_term_string\"}],\"inLanguage\":\"de\"},{\"@type\":\"Organization\",\"@id\":\"https:\/\/grontkontor.dk\/#organization\",\"name\":\"Gr\u00f8nt Kontor\",\"url\":\"https:\/\/grontkontor.dk\/\",\"logo\":{\"@type\":\"ImageObject\",\"inLanguage\":\"de\",\"@id\":\"https:\/\/grontkontor.dk\/#\/schema\/logo\/image\/\",\"url\":\"https:\/\/grontkontor.dk\/wp-content\/uploads\/2014\/02\/Logo_groent_kontor_300x80.png\",\"contentUrl\":\"https:\/\/grontkontor.dk\/wp-content\/uploads\/2014\/02\/Logo_groent_kontor_300x80.png\",\"width\":300,\"height\":80,\"caption\":\"Gr\u00f8nt Kontor\"},\"image\":{\"@id\":\"https:\/\/grontkontor.dk\/#\/schema\/logo\/image\/\"},\"sameAs\":[\"https:\/\/www.facebook.com\/grontkontor.dk\/\"]}]}<\/script>\n<!-- \/ Yoast SEO Premium plugin. -->","yoast_head_json":{"title":"Thermobecher aus recyceltem Stahl &amp; PP 350 ml - Gr\u00f8nt Kontor","robots":{"index":"index","follow":"follow","max-snippet":"max-snippet:-1","max-image-preview":"max-image-preview:large","max-video-preview":"max-video-preview:-1"},"canonical":"https:\/\/grontkontor.dk\/shop\/termokop-genanvendt-staal-pp-350-ml\/","og_locale":"de_DE","og_type":"article","og_title":"Thermobecher aus recyceltem Stahl &amp; PP 350 ml","og_description":"Umweltfreundlicher Kaffeebecher aus recyceltem Stahl, besteht zu 90 % aus recyceltem Edelstahl und zu 10 % aus gew\u00f6hnlichem Edelstahl. \u00c4u\u00dfere Schicht aus recyceltem PP und Band aus RPET. Erh\u00e4ltlich in 7 Farben: Dunkelblau, Hellblau, Schwarz, Gr\u00fcn, Grau, Dunkelgrau und Wei\u00df ohne Druck. Kann bis zu 1 St\u00fcck in schwarz bestellt werden. Perfekt als klimafreundliches Firmengeschenk [&hellip;]","og_url":"https:\/\/grontkontor.dk\/shop\/termokop-genanvendt-staal-pp-350-ml\/","og_site_name":"Gr\u00f8nt Kontor","article_publisher":"https:\/\/www.facebook.com\/grontkontor.dk\/","og_image":[{"width":900,"height":639,"url":"https:\/\/grontkontor.dk\/wp-content\/uploads\/2024\/10\/Klimavenlig-termokop-i-genanvendt-staal-og-plast-sort.jpg","type":"image\/jpeg"}],"twitter_card":"summary_large_image","schema":{"@context":"https:\/\/schema.org","@graph":[{"@type":"WebPage","@id":"https:\/\/grontkontor.dk\/shop\/termokop-genanvendt-staal-pp-350-ml\/","url":"https:\/\/grontkontor.dk\/shop\/termokop-genanvendt-staal-pp-350-ml\/","name":"Thermobecher aus recyceltem Stahl &amp; PP 350 ml - Gr\u00f8nt Kontor","isPartOf":{"@id":"https:\/\/grontkontor.dk\/#website"},"datePublished":"2024-10-10T07:46:28+00:00","dateModified":"2024-10-10T07:46:28+00:00","breadcrumb":{"@id":"https:\/\/grontkontor.dk\/shop\/termokop-genanvendt-staal-pp-350-ml\/#breadcrumb"},"inLanguage":"de","potentialAction":[{"@type":"ReadAction","target":["https:\/\/grontkontor.dk\/shop\/termokop-genanvendt-staal-pp-350-ml\/"]}]},{"@type":"BreadcrumbList","@id":"https:\/\/grontkontor.dk\/shop\/termokop-genanvendt-staal-pp-350-ml\/#breadcrumb","itemListElement":[{"@type":"ListItem","position":1,"name":"Forside","item":"https:\/\/grontkontor.dk\/de\/"},{"@type":"ListItem","position":2,"name":"Laden","item":"https:\/\/grontkontor.dk\/de\/laden\/"},{"@type":"ListItem","position":3,"name":"Messe und Event","item":"https:\/\/grontkontor.dk\/de\/produkt-kategori\/messe-und-event\/"},{"@type":"ListItem","position":4,"name":"Becher und Tassen f\u00fcr die Messe","item":"https:\/\/grontkontor.dk\/de\/produkt-kategori\/messe-und-event\/becher-und-tassen-fuer-die-messe\/"},{"@type":"ListItem","position":5,"name":"Thermobecher aus recyceltem Stahl &amp; PP 350 ml"}]},{"@type":"WebSite","@id":"https:\/\/grontkontor.dk\/#website","url":"https:\/\/grontkontor.dk\/","name":"Gr\u00f8nt Kontor","description":"Milj\u00f8venlige produkter til kontor og erhverv med fokus p\u00e5 b\u00e6redygtighed, design og fair trade.","publisher":{"@id":"https:\/\/grontkontor.dk\/#organization"},"potentialAction":[{"@type":"SearchAction","target":{"@type":"EntryPoint","urlTemplate":"https:\/\/grontkontor.dk\/?s={search_term_string}"},"query-input":"required name=search_term_string"}],"inLanguage":"de"},{"@type":"Organization","@id":"https:\/\/grontkontor.dk\/#organization","name":"Gr\u00f8nt Kontor","url":"https:\/\/grontkontor.dk\/","logo":{"@type":"ImageObject","inLanguage":"de","@id":"https:\/\/grontkontor.dk\/#\/schema\/logo\/image\/","url":"https:\/\/grontkontor.dk\/wp-content\/uploads\/2014\/02\/Logo_groent_kontor_300x80.png","contentUrl":"https:\/\/grontkontor.dk\/wp-content\/uploads\/2014\/02\/Logo_groent_kontor_300x80.png","width":300,"height":80,"caption":"Gr\u00f8nt Kontor"},"image":{"@id":"https:\/\/grontkontor.dk\/#\/schema\/logo\/image\/"},"sameAs":["https:\/\/www.facebook.com\/grontkontor.dk\/"]}]}},"_links":{"self":[{"href":"https:\/\/grontkontor.dk\/de\/wp-json\/wp\/v2\/product\/115946"}],"collection":[{"href":"https:\/\/grontkontor.dk\/de\/wp-json\/wp\/v2\/product"}],"about":[{"href":"https:\/\/grontkontor.dk\/de\/wp-json\/wp\/v2\/types\/product"}],"replies":[{"embeddable":true,"href":"https:\/\/grontkontor.dk\/de\/wp-json\/wp\/v2\/comments?post=115946"}],"wp:featuredmedia":[{"embeddable":true,"href":"https:\/\/grontkontor.dk\/de\/wp-json\/wp\/v2\/media\/115610"}],"wp:attachment":[{"href":"https:\/\/grontkontor.dk\/de\/wp-json\/wp\/v2\/media?parent=115946"}],"wp:term":[{"taxonomy":"product_cat","embeddable":true,"href":"https:\/\/grontkontor.dk\/de\/wp-json\/wp\/v2\/product_cat?post=115946"},{"taxonomy":"product_tag","embeddable":true,"href":"https:\/\/grontkontor.dk\/de\/wp-json\/wp\/v2\/product_tag?post=115946"}],"curies":[{"name":"wp","href":"https:\/\/api.w.org\/{rel}","templated":true}]}}