{"id":116164,"date":"2024-10-22T15:51:03","date_gmt":"2024-10-22T13:51:04","guid":{"rendered":"https:\/\/grontkontor.dk\/?post_type=product&#038;p=116164"},"modified":"2025-01-17T13:18:07","modified_gmt":"2025-01-17T12:18:07","slug":"oekologisk-raa-noeddemix","status":"publish","type":"product","link":"https:\/\/grontkontor.dk\/de\/shop\/oekologisk-raa-noeddemix\/","title":{"rendered":"Bio Rohnussmischung"},"content":{"rendered":"<p>Diese Mischung besteht aus vier k\u00f6stlichen Bio-N\u00fcssen, die alle unverarbeitet sind, um ihre ges\u00fcndeste Form zu erhalten. Mit einer Kombination aus Cashewkernen, Mandeln, Paran\u00fcssen und Haseln\u00fcssen ist f\u00fcr jeden etwas dabei. Diese Mischung ist perfekt f\u00fcr alle, die ein abwechslungsreiches Geschmackserlebnis w\u00fcnschen.<br \/>\nMindestens 24 St\u00fcck werden dann in 6er-Kartons verkauft. Zutaten: MANDELN*35%, HASELN\u00dcSSE*30%, CASHEWN\u00dcSSE*20%, PARAN\u00dcSSE*15%<br \/>\n* = bio<br \/>\nKann Spuren enthalten von: Sesam, Soja, Gluten, Erdn\u00fcssen und anderen Schalenfr\u00fcchten<br \/>\nNettogewicht: 100 g<br \/>\nHergestellt in D\u00e4nemark<br \/>\nLagerung: Trocken und k\u00fchl  <\/p>\n<a href=\"https:\/\/www.foedevarestyrelsen.dk\/Leksikon\/Sider\/%C3%98-m%C3%A6rket.aspx\"><img loading=\"lazy\" decoding=\"async\" class=\"size-medium wp-image-24418\" src=\"https:\/\/grontkontor.dk\/wp-content\/uploads\/2024\/05\/statskontrolleret-oekologisk-2.jpg\" alt=\"Statskontrolleret \u00f8kologisk\" width=\"54\" height=\"50\" \/><\/a>\n<p>&nbsp;<\/p>\n","protected":false},"excerpt":{"rendered":"<p>Diese Mischung besteht aus vier k\u00f6stlichen Bio-N\u00fcssen, die alle unverarbeitet sind, um ihre ges\u00fcndeste Form zu erhalten. Mit einer Kombination aus Cashewkernen, Mandeln, Paran\u00fcssen und Haseln\u00fcssen ist f\u00fcr jeden etwas dabei. Diese Mischung ist perfekt f\u00fcr alle, die ein abwechslungsreiches Geschmackserlebnis w\u00fcnschen. Mindestens 24 St\u00fcck werden dann in 6er-Kartons verkauft. Zutaten: MANDELN*35%, HASELN\u00dcSSE*30%, CASHEWN\u00dcSSE*20%, PARAN\u00dcSSE*15% [&hellip;]<\/p>\n","protected":false},"featured_media":116173,"comment_status":"closed","ping_status":"closed","template":"","meta":{"_acf_changed":false},"product_cat":[3822,3089,3084,3420,3824],"product_tag":[3422],"class_list":{"0":"post-116164","1":"product","2":"type-product","3":"status-publish","4":"has-post-thumbnail","6":"product_cat-crunch-und-snacks","7":"product_cat-dummy-moq-10-50-de","8":"product_cat-neuheiten","9":"product_cat-suessigkeiten-und-snacks","10":"product_cat-suessigkeiten-snacks-und-snacks","11":"product_tag-schnellimbisse","12":"tm-has-options","14":"first","15":"instock","16":"taxable","17":"shipping-taxable","18":"purchasable","19":"product-type-simple"},"acf":[],"yoast_head":"<!-- This site is optimized with the Yoast SEO Premium plugin v21.2 (Yoast SEO v21.2) - https:\/\/yoast.com\/wordpress\/plugins\/seo\/ -->\n<title>Bio Rohnussmischung - Gr\u00f8nt Kontor<\/title>\n<meta name=\"robots\" content=\"index, follow, max-snippet:-1, max-image-preview:large, max-video-preview:-1\" \/>\n<link rel=\"canonical\" href=\"https:\/\/grontkontor.dk\/de\/shop\/oekologisk-raa-noeddemix\/\" \/>\n<meta property=\"og:locale\" content=\"de_DE\" \/>\n<meta property=\"og:type\" content=\"article\" \/>\n<meta property=\"og:title\" content=\"Bio Rohnussmischung\" \/>\n<meta property=\"og:description\" content=\"Diese Mischung besteht aus vier k\u00f6stlichen Bio-N\u00fcssen, die alle unverarbeitet sind, um ihre ges\u00fcndeste Form zu erhalten. Mit einer Kombination aus Cashewkernen, Mandeln, Paran\u00fcssen und Haseln\u00fcssen ist f\u00fcr jeden etwas dabei. Diese Mischung ist perfekt f\u00fcr alle, die ein abwechslungsreiches Geschmackserlebnis w\u00fcnschen. Mindestens 24 St\u00fcck werden dann in 6er-Kartons verkauft. Zutaten: MANDELN*35%, HASELN\u00dcSSE*30%, CASHEWN\u00dcSSE*20%, PARAN\u00dcSSE*15% [&hellip;]\" \/>\n<meta property=\"og:url\" content=\"https:\/\/grontkontor.dk\/de\/shop\/oekologisk-raa-noeddemix\/\" \/>\n<meta property=\"og:site_name\" content=\"Gr\u00f8nt Kontor\" \/>\n<meta property=\"article:publisher\" content=\"https:\/\/www.facebook.com\/grontkontor.dk\/\" \/>\n<meta property=\"article:modified_time\" content=\"2025-01-17T12:18:07+00:00\" \/>\n<meta property=\"og:image\" content=\"https:\/\/grontkontor.dk\/wp-content\/uploads\/2024\/10\/Oekologisk-raa-noeddeblanding.jpg\" \/>\n\t<meta property=\"og:image:width\" content=\"900\" \/>\n\t<meta property=\"og:image:height\" content=\"639\" \/>\n\t<meta property=\"og:image:type\" content=\"image\/jpeg\" \/>\n<meta name=\"twitter:card\" content=\"summary_large_image\" \/>\n<script type=\"application\/ld+json\" class=\"yoast-schema-graph\">{\"@context\":\"https:\/\/schema.org\",\"@graph\":[{\"@type\":\"WebPage\",\"@id\":\"https:\/\/grontkontor.dk\/de\/shop\/oekologisk-raa-noeddemix\/\",\"url\":\"https:\/\/grontkontor.dk\/de\/shop\/oekologisk-raa-noeddemix\/\",\"name\":\"Bio Rohnussmischung - Gr\u00f8nt Kontor\",\"isPartOf\":{\"@id\":\"https:\/\/grontkontor.dk\/#website\"},\"datePublished\":\"2024-10-22T13:51:04+00:00\",\"dateModified\":\"2025-01-17T12:18:07+00:00\",\"breadcrumb\":{\"@id\":\"https:\/\/grontkontor.dk\/de\/shop\/oekologisk-raa-noeddemix\/#breadcrumb\"},\"inLanguage\":\"de\",\"potentialAction\":[{\"@type\":\"ReadAction\",\"target\":[\"https:\/\/grontkontor.dk\/de\/shop\/oekologisk-raa-noeddemix\/\"]}]},{\"@type\":\"BreadcrumbList\",\"@id\":\"https:\/\/grontkontor.dk\/de\/shop\/oekologisk-raa-noeddemix\/#breadcrumb\",\"itemListElement\":[{\"@type\":\"ListItem\",\"position\":1,\"name\":\"Forside\",\"item\":\"https:\/\/grontkontor.dk\/de\/\"},{\"@type\":\"ListItem\",\"position\":2,\"name\":\"Laden\",\"item\":\"https:\/\/grontkontor.dk\/de\/laden\/\"},{\"@type\":\"ListItem\",\"position\":3,\"name\":\"Mad og drikke\",\"item\":\"https:\/\/grontkontor.dk\/produkt-kategori\/mad-og-drikke\/\"},{\"@type\":\"ListItem\",\"position\":4,\"name\":\"Slik og snacks\",\"item\":\"https:\/\/grontkontor.dk\/produkt-kategori\/mad-og-drikke\/slik-og-snacks\/\"},{\"@type\":\"ListItem\",\"position\":5,\"name\":\"Bio Rohnussmischung\"}]},{\"@type\":\"WebSite\",\"@id\":\"https:\/\/grontkontor.dk\/#website\",\"url\":\"https:\/\/grontkontor.dk\/\",\"name\":\"Gr\u00f8nt Kontor\",\"description\":\"Milj\u00f8venlige produkter til kontor og erhverv med fokus p\u00e5 b\u00e6redygtighed, design og fair trade.\",\"publisher\":{\"@id\":\"https:\/\/grontkontor.dk\/#organization\"},\"potentialAction\":[{\"@type\":\"SearchAction\",\"target\":{\"@type\":\"EntryPoint\",\"urlTemplate\":\"https:\/\/grontkontor.dk\/?s={search_term_string}\"},\"query-input\":\"required name=search_term_string\"}],\"inLanguage\":\"de\"},{\"@type\":\"Organization\",\"@id\":\"https:\/\/grontkontor.dk\/#organization\",\"name\":\"Gr\u00f8nt Kontor\",\"url\":\"https:\/\/grontkontor.dk\/\",\"logo\":{\"@type\":\"ImageObject\",\"inLanguage\":\"de\",\"@id\":\"https:\/\/grontkontor.dk\/#\/schema\/logo\/image\/\",\"url\":\"https:\/\/grontkontor.dk\/wp-content\/uploads\/2014\/02\/Logo_groent_kontor_300x80.png\",\"contentUrl\":\"https:\/\/grontkontor.dk\/wp-content\/uploads\/2014\/02\/Logo_groent_kontor_300x80.png\",\"width\":300,\"height\":80,\"caption\":\"Gr\u00f8nt Kontor\"},\"image\":{\"@id\":\"https:\/\/grontkontor.dk\/#\/schema\/logo\/image\/\"},\"sameAs\":[\"https:\/\/www.facebook.com\/grontkontor.dk\/\"]}]}<\/script>\n<!-- \/ Yoast SEO Premium plugin. -->","yoast_head_json":{"title":"Bio Rohnussmischung - Gr\u00f8nt Kontor","robots":{"index":"index","follow":"follow","max-snippet":"max-snippet:-1","max-image-preview":"max-image-preview:large","max-video-preview":"max-video-preview:-1"},"canonical":"https:\/\/grontkontor.dk\/de\/shop\/oekologisk-raa-noeddemix\/","og_locale":"de_DE","og_type":"article","og_title":"Bio Rohnussmischung","og_description":"Diese Mischung besteht aus vier k\u00f6stlichen Bio-N\u00fcssen, die alle unverarbeitet sind, um ihre ges\u00fcndeste Form zu erhalten. Mit einer Kombination aus Cashewkernen, Mandeln, Paran\u00fcssen und Haseln\u00fcssen ist f\u00fcr jeden etwas dabei. Diese Mischung ist perfekt f\u00fcr alle, die ein abwechslungsreiches Geschmackserlebnis w\u00fcnschen. Mindestens 24 St\u00fcck werden dann in 6er-Kartons verkauft. Zutaten: MANDELN*35%, HASELN\u00dcSSE*30%, CASHEWN\u00dcSSE*20%, PARAN\u00dcSSE*15% [&hellip;]","og_url":"https:\/\/grontkontor.dk\/de\/shop\/oekologisk-raa-noeddemix\/","og_site_name":"Gr\u00f8nt Kontor","article_publisher":"https:\/\/www.facebook.com\/grontkontor.dk\/","article_modified_time":"2025-01-17T12:18:07+00:00","og_image":[{"width":900,"height":639,"url":"https:\/\/grontkontor.dk\/wp-content\/uploads\/2024\/10\/Oekologisk-raa-noeddeblanding.jpg","type":"image\/jpeg"}],"twitter_card":"summary_large_image","schema":{"@context":"https:\/\/schema.org","@graph":[{"@type":"WebPage","@id":"https:\/\/grontkontor.dk\/de\/shop\/oekologisk-raa-noeddemix\/","url":"https:\/\/grontkontor.dk\/de\/shop\/oekologisk-raa-noeddemix\/","name":"Bio Rohnussmischung - Gr\u00f8nt Kontor","isPartOf":{"@id":"https:\/\/grontkontor.dk\/#website"},"datePublished":"2024-10-22T13:51:04+00:00","dateModified":"2025-01-17T12:18:07+00:00","breadcrumb":{"@id":"https:\/\/grontkontor.dk\/de\/shop\/oekologisk-raa-noeddemix\/#breadcrumb"},"inLanguage":"de","potentialAction":[{"@type":"ReadAction","target":["https:\/\/grontkontor.dk\/de\/shop\/oekologisk-raa-noeddemix\/"]}]},{"@type":"BreadcrumbList","@id":"https:\/\/grontkontor.dk\/de\/shop\/oekologisk-raa-noeddemix\/#breadcrumb","itemListElement":[{"@type":"ListItem","position":1,"name":"Forside","item":"https:\/\/grontkontor.dk\/de\/"},{"@type":"ListItem","position":2,"name":"Laden","item":"https:\/\/grontkontor.dk\/de\/laden\/"},{"@type":"ListItem","position":3,"name":"Mad og drikke","item":"https:\/\/grontkontor.dk\/produkt-kategori\/mad-og-drikke\/"},{"@type":"ListItem","position":4,"name":"Slik og snacks","item":"https:\/\/grontkontor.dk\/produkt-kategori\/mad-og-drikke\/slik-og-snacks\/"},{"@type":"ListItem","position":5,"name":"Bio Rohnussmischung"}]},{"@type":"WebSite","@id":"https:\/\/grontkontor.dk\/#website","url":"https:\/\/grontkontor.dk\/","name":"Gr\u00f8nt Kontor","description":"Milj\u00f8venlige produkter til kontor og erhverv med fokus p\u00e5 b\u00e6redygtighed, design og fair trade.","publisher":{"@id":"https:\/\/grontkontor.dk\/#organization"},"potentialAction":[{"@type":"SearchAction","target":{"@type":"EntryPoint","urlTemplate":"https:\/\/grontkontor.dk\/?s={search_term_string}"},"query-input":"required name=search_term_string"}],"inLanguage":"de"},{"@type":"Organization","@id":"https:\/\/grontkontor.dk\/#organization","name":"Gr\u00f8nt Kontor","url":"https:\/\/grontkontor.dk\/","logo":{"@type":"ImageObject","inLanguage":"de","@id":"https:\/\/grontkontor.dk\/#\/schema\/logo\/image\/","url":"https:\/\/grontkontor.dk\/wp-content\/uploads\/2014\/02\/Logo_groent_kontor_300x80.png","contentUrl":"https:\/\/grontkontor.dk\/wp-content\/uploads\/2014\/02\/Logo_groent_kontor_300x80.png","width":300,"height":80,"caption":"Gr\u00f8nt Kontor"},"image":{"@id":"https:\/\/grontkontor.dk\/#\/schema\/logo\/image\/"},"sameAs":["https:\/\/www.facebook.com\/grontkontor.dk\/"]}]}},"_links":{"self":[{"href":"https:\/\/grontkontor.dk\/de\/wp-json\/wp\/v2\/product\/116164"}],"collection":[{"href":"https:\/\/grontkontor.dk\/de\/wp-json\/wp\/v2\/product"}],"about":[{"href":"https:\/\/grontkontor.dk\/de\/wp-json\/wp\/v2\/types\/product"}],"replies":[{"embeddable":true,"href":"https:\/\/grontkontor.dk\/de\/wp-json\/wp\/v2\/comments?post=116164"}],"wp:featuredmedia":[{"embeddable":true,"href":"https:\/\/grontkontor.dk\/de\/wp-json\/wp\/v2\/media\/116173"}],"wp:attachment":[{"href":"https:\/\/grontkontor.dk\/de\/wp-json\/wp\/v2\/media?parent=116164"}],"wp:term":[{"taxonomy":"product_cat","embeddable":true,"href":"https:\/\/grontkontor.dk\/de\/wp-json\/wp\/v2\/product_cat?post=116164"},{"taxonomy":"product_tag","embeddable":true,"href":"https:\/\/grontkontor.dk\/de\/wp-json\/wp\/v2\/product_tag?post=116164"}],"curies":[{"name":"wp","href":"https:\/\/api.w.org\/{rel}","templated":true}]}}