{"id":116220,"date":"2024-10-28T11:43:24","date_gmt":"2024-10-28T10:43:25","guid":{"rendered":"https:\/\/grontkontor.dk\/?post_type=product&#038;p=116220"},"modified":"2025-01-17T13:18:12","modified_gmt":"2025-01-17T12:18:12","slug":"kopipapir-sukkerroer-a4","status":"publish","type":"product","link":"https:\/\/grontkontor.dk\/de\/shop\/kopipapir-sukkerroer-a4\/","title":{"rendered":"Kopierpapier Zuckerrohr A4"},"content":{"rendered":"<p>Klimafreundliches ungebleichtes und holzfreies Kopierpapier aus Reststoffen aus der Zuckerrohrproduktion. Geeignet f\u00fcr Laserdruck, Kopieren oder Tintenstrahldruck. G\u00fcnstig, umweltfreundlich und lecker &#8211; win &#8211; win &#8211; win \ud83d\ude42 Grammatur: 75 g\/m\u00b2. Kommt in Packungen mit 500 Blatt. 5 Packungen pro Karton. <\/p>\n<p>&nbsp;<\/p>\n","protected":false},"excerpt":{"rendered":"<p>Klimafreundliches ungebleichtes und holzfreies Kopierpapier aus Reststoffen aus der Zuckerrohrproduktion. Geeignet f\u00fcr Laserdruck, Kopieren oder Tintenstrahldruck. G\u00fcnstig, umweltfreundlich und lecker &#8211; win &#8211; win &#8211; win \ud83d\ude42 Grammatur: 75 g\/m\u00b2. Kommt in Packungen mit 500 Blatt. 5 Packungen pro Karton. &nbsp;<\/p>\n","protected":false},"featured_media":116228,"comment_status":"closed","ping_status":"closed","template":"","meta":{"_acf_changed":false},"product_cat":[3325,4159,3084,3604],"product_tag":[4496,4161,4163,4160],"class_list":{"0":"post-116220","1":"product","2":"type-product","3":"status-publish","4":"has-post-thumbnail","6":"product_cat-dummy-moq-1-de","7":"product_cat-kopier-und-druckerpapier","8":"product_cat-neuheiten","9":"product_cat-papier-und-bloecke","10":"product_tag-druckerpapier","11":"product_tag-kopierpapier","12":"product_tag-laser-papier","13":"product_tag-papier","14":"tm-has-options","16":"first","17":"instock","18":"featured","19":"taxable","20":"shipping-taxable","21":"purchasable","22":"product-type-simple"},"acf":[],"yoast_head":"<!-- This site is optimized with the Yoast SEO Premium plugin v21.2 (Yoast SEO v21.2) - https:\/\/yoast.com\/wordpress\/plugins\/seo\/ -->\n<title>Kopierpapier Zuckerrohr A4 - Gr\u00f8nt Kontor<\/title>\n<meta name=\"robots\" content=\"index, follow, max-snippet:-1, max-image-preview:large, max-video-preview:-1\" \/>\n<link rel=\"canonical\" href=\"https:\/\/grontkontor.dk\/de\/shop\/kopipapir-sukkerroer-a4\/\" \/>\n<meta property=\"og:locale\" content=\"de_DE\" \/>\n<meta property=\"og:type\" content=\"article\" \/>\n<meta property=\"og:title\" content=\"Kopierpapier Zuckerrohr A4\" \/>\n<meta property=\"og:description\" content=\"Klimafreundliches ungebleichtes und holzfreies Kopierpapier aus Reststoffen aus der Zuckerrohrproduktion. Geeignet f\u00fcr Laserdruck, Kopieren oder Tintenstrahldruck. G\u00fcnstig, umweltfreundlich und lecker &#8211; win &#8211; win &#8211; win \ud83d\ude42 Grammatur: 75 g\/m\u00b2. Kommt in Packungen mit 500 Blatt. 5 Packungen pro Karton. &nbsp;\" \/>\n<meta property=\"og:url\" content=\"https:\/\/grontkontor.dk\/de\/shop\/kopipapir-sukkerroer-a4\/\" \/>\n<meta property=\"og:site_name\" content=\"Gr\u00f8nt Kontor\" \/>\n<meta property=\"article:publisher\" content=\"https:\/\/www.facebook.com\/grontkontor.dk\/\" \/>\n<meta property=\"article:modified_time\" content=\"2025-01-17T12:18:12+00:00\" \/>\n<meta property=\"og:image\" content=\"https:\/\/grontkontor.dk\/wp-content\/uploads\/2020\/11\/maestro-extra-80g.jpg\" \/>\n\t<meta property=\"og:image:width\" content=\"900\" \/>\n\t<meta property=\"og:image:height\" content=\"638\" \/>\n\t<meta property=\"og:image:type\" content=\"image\/jpeg\" \/>\n<meta name=\"twitter:card\" content=\"summary_large_image\" \/>\n<script type=\"application\/ld+json\" class=\"yoast-schema-graph\">{\"@context\":\"https:\/\/schema.org\",\"@graph\":[{\"@type\":\"WebPage\",\"@id\":\"https:\/\/grontkontor.dk\/de\/shop\/kopipapir-sukkerroer-a4\/\",\"url\":\"https:\/\/grontkontor.dk\/de\/shop\/kopipapir-sukkerroer-a4\/\",\"name\":\"Kopierpapier Zuckerrohr A4 - Gr\u00f8nt Kontor\",\"isPartOf\":{\"@id\":\"https:\/\/grontkontor.dk\/#website\"},\"datePublished\":\"2024-10-28T10:43:25+00:00\",\"dateModified\":\"2025-01-17T12:18:12+00:00\",\"breadcrumb\":{\"@id\":\"https:\/\/grontkontor.dk\/de\/shop\/kopipapir-sukkerroer-a4\/#breadcrumb\"},\"inLanguage\":\"de\",\"potentialAction\":[{\"@type\":\"ReadAction\",\"target\":[\"https:\/\/grontkontor.dk\/de\/shop\/kopipapir-sukkerroer-a4\/\"]}]},{\"@type\":\"BreadcrumbList\",\"@id\":\"https:\/\/grontkontor.dk\/de\/shop\/kopipapir-sukkerroer-a4\/#breadcrumb\",\"itemListElement\":[{\"@type\":\"ListItem\",\"position\":1,\"name\":\"Forside\",\"item\":\"https:\/\/grontkontor.dk\/de\/\"},{\"@type\":\"ListItem\",\"position\":2,\"name\":\"Laden\",\"item\":\"https:\/\/grontkontor.dk\/de\/laden\/\"},{\"@type\":\"ListItem\",\"position\":3,\"name\":\"Papir og blokke\",\"item\":\"https:\/\/grontkontor.dk\/produkt-kategori\/papir\/\"},{\"@type\":\"ListItem\",\"position\":4,\"name\":\"Kopi- og printerpapir\",\"item\":\"https:\/\/grontkontor.dk\/produkt-kategori\/papir\/kopi-og-printerpapir\/\"},{\"@type\":\"ListItem\",\"position\":5,\"name\":\"Kopierpapier Zuckerrohr A4\"}]},{\"@type\":\"WebSite\",\"@id\":\"https:\/\/grontkontor.dk\/#website\",\"url\":\"https:\/\/grontkontor.dk\/\",\"name\":\"Gr\u00f8nt Kontor\",\"description\":\"Milj\u00f8venlige produkter til kontor og erhverv med fokus p\u00e5 b\u00e6redygtighed, design og fair trade.\",\"publisher\":{\"@id\":\"https:\/\/grontkontor.dk\/#organization\"},\"potentialAction\":[{\"@type\":\"SearchAction\",\"target\":{\"@type\":\"EntryPoint\",\"urlTemplate\":\"https:\/\/grontkontor.dk\/?s={search_term_string}\"},\"query-input\":\"required name=search_term_string\"}],\"inLanguage\":\"de\"},{\"@type\":\"Organization\",\"@id\":\"https:\/\/grontkontor.dk\/#organization\",\"name\":\"Gr\u00f8nt Kontor\",\"url\":\"https:\/\/grontkontor.dk\/\",\"logo\":{\"@type\":\"ImageObject\",\"inLanguage\":\"de\",\"@id\":\"https:\/\/grontkontor.dk\/#\/schema\/logo\/image\/\",\"url\":\"https:\/\/grontkontor.dk\/wp-content\/uploads\/2014\/02\/Logo_groent_kontor_300x80.png\",\"contentUrl\":\"https:\/\/grontkontor.dk\/wp-content\/uploads\/2014\/02\/Logo_groent_kontor_300x80.png\",\"width\":300,\"height\":80,\"caption\":\"Gr\u00f8nt Kontor\"},\"image\":{\"@id\":\"https:\/\/grontkontor.dk\/#\/schema\/logo\/image\/\"},\"sameAs\":[\"https:\/\/www.facebook.com\/grontkontor.dk\/\"]}]}<\/script>\n<!-- \/ Yoast SEO Premium plugin. -->","yoast_head_json":{"title":"Kopierpapier Zuckerrohr A4 - Gr\u00f8nt Kontor","robots":{"index":"index","follow":"follow","max-snippet":"max-snippet:-1","max-image-preview":"max-image-preview:large","max-video-preview":"max-video-preview:-1"},"canonical":"https:\/\/grontkontor.dk\/de\/shop\/kopipapir-sukkerroer-a4\/","og_locale":"de_DE","og_type":"article","og_title":"Kopierpapier Zuckerrohr A4","og_description":"Klimafreundliches ungebleichtes und holzfreies Kopierpapier aus Reststoffen aus der Zuckerrohrproduktion. Geeignet f\u00fcr Laserdruck, Kopieren oder Tintenstrahldruck. G\u00fcnstig, umweltfreundlich und lecker &#8211; win &#8211; win &#8211; win \ud83d\ude42 Grammatur: 75 g\/m\u00b2. Kommt in Packungen mit 500 Blatt. 5 Packungen pro Karton. &nbsp;","og_url":"https:\/\/grontkontor.dk\/de\/shop\/kopipapir-sukkerroer-a4\/","og_site_name":"Gr\u00f8nt Kontor","article_publisher":"https:\/\/www.facebook.com\/grontkontor.dk\/","article_modified_time":"2025-01-17T12:18:12+00:00","og_image":[{"width":900,"height":638,"url":"https:\/\/grontkontor.dk\/wp-content\/uploads\/2020\/11\/maestro-extra-80g.jpg","type":"image\/jpeg"}],"twitter_card":"summary_large_image","schema":{"@context":"https:\/\/schema.org","@graph":[{"@type":"WebPage","@id":"https:\/\/grontkontor.dk\/de\/shop\/kopipapir-sukkerroer-a4\/","url":"https:\/\/grontkontor.dk\/de\/shop\/kopipapir-sukkerroer-a4\/","name":"Kopierpapier Zuckerrohr A4 - Gr\u00f8nt Kontor","isPartOf":{"@id":"https:\/\/grontkontor.dk\/#website"},"datePublished":"2024-10-28T10:43:25+00:00","dateModified":"2025-01-17T12:18:12+00:00","breadcrumb":{"@id":"https:\/\/grontkontor.dk\/de\/shop\/kopipapir-sukkerroer-a4\/#breadcrumb"},"inLanguage":"de","potentialAction":[{"@type":"ReadAction","target":["https:\/\/grontkontor.dk\/de\/shop\/kopipapir-sukkerroer-a4\/"]}]},{"@type":"BreadcrumbList","@id":"https:\/\/grontkontor.dk\/de\/shop\/kopipapir-sukkerroer-a4\/#breadcrumb","itemListElement":[{"@type":"ListItem","position":1,"name":"Forside","item":"https:\/\/grontkontor.dk\/de\/"},{"@type":"ListItem","position":2,"name":"Laden","item":"https:\/\/grontkontor.dk\/de\/laden\/"},{"@type":"ListItem","position":3,"name":"Papir og blokke","item":"https:\/\/grontkontor.dk\/produkt-kategori\/papir\/"},{"@type":"ListItem","position":4,"name":"Kopi- og printerpapir","item":"https:\/\/grontkontor.dk\/produkt-kategori\/papir\/kopi-og-printerpapir\/"},{"@type":"ListItem","position":5,"name":"Kopierpapier Zuckerrohr A4"}]},{"@type":"WebSite","@id":"https:\/\/grontkontor.dk\/#website","url":"https:\/\/grontkontor.dk\/","name":"Gr\u00f8nt Kontor","description":"Milj\u00f8venlige produkter til kontor og erhverv med fokus p\u00e5 b\u00e6redygtighed, design og fair trade.","publisher":{"@id":"https:\/\/grontkontor.dk\/#organization"},"potentialAction":[{"@type":"SearchAction","target":{"@type":"EntryPoint","urlTemplate":"https:\/\/grontkontor.dk\/?s={search_term_string}"},"query-input":"required name=search_term_string"}],"inLanguage":"de"},{"@type":"Organization","@id":"https:\/\/grontkontor.dk\/#organization","name":"Gr\u00f8nt Kontor","url":"https:\/\/grontkontor.dk\/","logo":{"@type":"ImageObject","inLanguage":"de","@id":"https:\/\/grontkontor.dk\/#\/schema\/logo\/image\/","url":"https:\/\/grontkontor.dk\/wp-content\/uploads\/2014\/02\/Logo_groent_kontor_300x80.png","contentUrl":"https:\/\/grontkontor.dk\/wp-content\/uploads\/2014\/02\/Logo_groent_kontor_300x80.png","width":300,"height":80,"caption":"Gr\u00f8nt Kontor"},"image":{"@id":"https:\/\/grontkontor.dk\/#\/schema\/logo\/image\/"},"sameAs":["https:\/\/www.facebook.com\/grontkontor.dk\/"]}]}},"_links":{"self":[{"href":"https:\/\/grontkontor.dk\/de\/wp-json\/wp\/v2\/product\/116220"}],"collection":[{"href":"https:\/\/grontkontor.dk\/de\/wp-json\/wp\/v2\/product"}],"about":[{"href":"https:\/\/grontkontor.dk\/de\/wp-json\/wp\/v2\/types\/product"}],"replies":[{"embeddable":true,"href":"https:\/\/grontkontor.dk\/de\/wp-json\/wp\/v2\/comments?post=116220"}],"wp:featuredmedia":[{"embeddable":true,"href":"https:\/\/grontkontor.dk\/de\/wp-json\/wp\/v2\/media\/116228"}],"wp:attachment":[{"href":"https:\/\/grontkontor.dk\/de\/wp-json\/wp\/v2\/media?parent=116220"}],"wp:term":[{"taxonomy":"product_cat","embeddable":true,"href":"https:\/\/grontkontor.dk\/de\/wp-json\/wp\/v2\/product_cat?post=116220"},{"taxonomy":"product_tag","embeddable":true,"href":"https:\/\/grontkontor.dk\/de\/wp-json\/wp\/v2\/product_tag?post=116220"}],"curies":[{"name":"wp","href":"https:\/\/api.w.org\/{rel}","templated":true}]}}