{"id":117301,"date":"2025-04-03T12:57:41","date_gmt":"2024-11-27T08:51:14","guid":{"rendered":"https:\/\/grontkontor.dk\/shop\/klimavenlig-t-shirt-oekologisk-bomuld-unisex\/"},"modified":"2025-11-06T10:08:14","modified_gmt":"2025-11-06T09:08:14","slug":"klimavenlig-t-shirt-oekologisk-bomuld-unisex","status":"publish","type":"product","link":"https:\/\/grontkontor.dk\/de\/shop\/klimavenlig-t-shirt-oekologisk-bomuld-unisex\/","title":{"rendered":"Klimafreundliches T-Shirt Bio-Baumwolle Unisex"},"content":{"rendered":"<p>Ein klimafreundliches Unisex-T-Shirt aus 100% Bio-Baumwolle ist die perfekte Wahl f\u00fcr Profilbekleidung, die Komfort, Stil und Verantwortung vereint. Dieses Hemd hat einen klassischen Schnitt, der sowohl M\u00e4nnern als auch Frauen passt, und ist in den Gr\u00f6\u00dfen XS bis XXL erh\u00e4ltlich, damit jeder eine gute Passform finden kann.<br \/>\nDas T-Shirt hat ein Gewicht von 150 g\/m\u00b2, wodurch es leicht, atmungsaktiv und sowohl f\u00fcr Arbeit als auch f\u00fcr Freizeit geeignet ist. Es kann in mehreren Farben bestellt werden und bietet Unternehmen Flexibilit\u00e4t, die ihre visuelle Identit\u00e4t anpassen m\u00f6chten. Standardm\u00e4\u00dfig kann es je nach Druckverfahren mit Logodruck in bis zu vier Farben geliefert werden, und es besteht auch die M\u00f6glichkeit der Stickerei, wenn Sie einen exklusiveren Look w\u00fcnschen.<x id=\"gid_1\"><\/x>Mit einer Mindestbestellmenge von 50 St\u00fcck eignet sich das Unisex-T-Shirt ideal als Firmengeschenk, Mitarbeiterkleidung oder als Werbeartikel f\u00fcr Messen und Veranstaltungen. Die Kombination aus Bio-Baumwolle und klassischem Design macht es zu einer umweltfreundlichen L\u00f6sung, die immer wieder verwendet werden kann.<x id=\"gid_2\"><\/x>Wenn du dich f\u00fcr klimafreundliche T-Shirts aus Bio-Materialien entscheidest, signalisierst du R\u00fccksichtnahme auf Mensch und Umwelt. Dieses Unisex-Hemd ist eine sichere Wahl, die Funktion, Qualit\u00e4t und gr\u00fcne Werte vereint.<br \/>\n[oekobomuld] [gots_s]<\/p>\n<a href=\"https:\/\/www.eco-branding.dk\/miljoemaerkning\/gots.aspx\" rel=\"noopener\" target=\"_blank\"><img loading=\"lazy\" decoding=\"async\" class=\"size-full wp-image-12808\" src=\"https:\/\/grontkontor.dk\/wp-content\/uploads\/2019\/04\/gots-certificeret.jpg\" \n   alt=\"Gots certificeret - din garanti for, at produktet indeholder mindst 70% ?kologisk bomuld\"  description=\"Gots certificeret - din garanti for, at produktet indeholder mindst 70% ?kologisk bomuld\" width=\"50\" height=\"50\" \n\t border=0 \/><\/a>\n","protected":false},"excerpt":{"rendered":"<p>Ein klimafreundliches Unisex-T-Shirt aus 100% Bio-Baumwolle ist die perfekte Wahl f\u00fcr Profilbekleidung, die Komfort, Stil und Verantwortung vereint. Dieses Hemd hat einen klassischen Schnitt, der sowohl M\u00e4nnern als auch Frauen passt, und ist in den Gr\u00f6\u00dfen XS bis XXL erh\u00e4ltlich, damit jeder eine gute Passform finden kann. Das T-Shirt hat ein Gewicht von 150 g\/m\u00b2, [&hellip;]<\/p>\n","protected":false},"featured_media":82777,"comment_status":"closed","ping_status":"closed","template":"","meta":{"_acf_changed":false},"product_cat":[3089,3321,3084,4842],"product_tag":[4814,4815,3460,4817,4816],"class_list":{"0":"post-117301","1":"product","2":"type-product","3":"status-publish","4":"has-post-thumbnail","6":"product_cat-dummy-moq-10-50-de","7":"product_cat-klimafreundliche-werbegeschenke","8":"product_cat-neuheiten","9":"product_cat-t-shirts-sweatshirts-und-poloshirts","10":"product_tag-hemd","11":"product_tag-t-shirt-de-2","12":"product_tag-t-shirt-de","13":"product_tag-t-shirts-de-2","14":"product_tag-t-shirts-de","15":"pa_farve-blau","16":"pa_farve-gelb-de","17":"pa_farve-gruen","18":"pa_farve-lila","19":"pa_farve-natur-de","20":"tm-has-options","22":"first","23":"instock","24":"sale","25":"taxable","26":"shipping-taxable","27":"purchasable","28":"product-type-simple"},"acf":[],"yoast_head":"<!-- This site is optimized with the Yoast SEO Premium plugin v21.2 (Yoast SEO v21.2) - https:\/\/yoast.com\/wordpress\/plugins\/seo\/ -->\n<title>Klimafreundliches T-Shirt Bio-Baumwolle Unisex - Gr\u00f8nt Kontor<\/title>\n<meta name=\"description\" content=\"Klimafreundliches Unisex T-Shirt aus 100% Bio-Baumwolle. Umweltfreundliches Hemd in vielen Gr\u00f6\u00dfen und Farben. Perfekt f\u00fcr den Druck oder die Stickerei von Logos.\" \/>\n<meta name=\"robots\" content=\"index, follow, max-snippet:-1, max-image-preview:large, max-video-preview:-1\" \/>\n<link rel=\"canonical\" href=\"https:\/\/grontkontor.dk\/de\/shop\/klimavenlig-t-shirt-oekologisk-bomuld-unisex\/\" \/>\n<meta property=\"og:locale\" content=\"de_DE\" \/>\n<meta property=\"og:type\" content=\"article\" \/>\n<meta property=\"og:title\" content=\"Klimafreundliches T-Shirt Bio-Baumwolle Unisex\" \/>\n<meta property=\"og:description\" content=\"Klimafreundliches Unisex T-Shirt aus 100% Bio-Baumwolle. Umweltfreundliches Hemd in vielen Gr\u00f6\u00dfen und Farben. Perfekt f\u00fcr den Druck oder die Stickerei von Logos.\" \/>\n<meta property=\"og:url\" content=\"https:\/\/grontkontor.dk\/de\/shop\/klimavenlig-t-shirt-oekologisk-bomuld-unisex\/\" \/>\n<meta property=\"og:site_name\" content=\"Gr\u00f8nt Kontor\" \/>\n<meta property=\"article:publisher\" content=\"https:\/\/www.facebook.com\/grontkontor.dk\/\" \/>\n<meta property=\"article:modified_time\" content=\"2025-11-06T09:08:14+00:00\" \/>\n<meta property=\"og:image\" content=\"https:\/\/grontkontor.dk\/wp-content\/uploads\/2024\/03\/Klimavenlig-oekologisk-t-shirt-unisex-pastelfarver.jpg\" \/>\n\t<meta property=\"og:image:width\" content=\"900\" \/>\n\t<meta property=\"og:image:height\" content=\"639\" \/>\n\t<meta property=\"og:image:type\" content=\"image\/jpeg\" \/>\n<meta name=\"twitter:card\" content=\"summary_large_image\" \/>\n<meta name=\"twitter:label1\" content=\"Gesch\u00e4tzte Lesezeit\" \/>\n\t<meta name=\"twitter:data1\" content=\"1\u00a0Minute\" \/>\n<script type=\"application\/ld+json\" class=\"yoast-schema-graph\">{\"@context\":\"https:\/\/schema.org\",\"@graph\":[{\"@type\":\"WebPage\",\"@id\":\"https:\/\/grontkontor.dk\/de\/shop\/klimavenlig-t-shirt-oekologisk-bomuld-unisex\/\",\"url\":\"https:\/\/grontkontor.dk\/de\/shop\/klimavenlig-t-shirt-oekologisk-bomuld-unisex\/\",\"name\":\"Klimafreundliches T-Shirt Bio-Baumwolle Unisex - Gr\u00f8nt Kontor\",\"isPartOf\":{\"@id\":\"https:\/\/grontkontor.dk\/#website\"},\"datePublished\":\"2024-11-27T08:51:14+00:00\",\"dateModified\":\"2025-11-06T09:08:14+00:00\",\"description\":\"Klimafreundliches Unisex T-Shirt aus 100% Bio-Baumwolle. Umweltfreundliches Hemd in vielen Gr\u00f6\u00dfen und Farben. Perfekt f\u00fcr den Druck oder die Stickerei von Logos.\",\"breadcrumb\":{\"@id\":\"https:\/\/grontkontor.dk\/de\/shop\/klimavenlig-t-shirt-oekologisk-bomuld-unisex\/#breadcrumb\"},\"inLanguage\":\"de\",\"potentialAction\":[{\"@type\":\"ReadAction\",\"target\":[\"https:\/\/grontkontor.dk\/de\/shop\/klimavenlig-t-shirt-oekologisk-bomuld-unisex\/\"]}]},{\"@type\":\"BreadcrumbList\",\"@id\":\"https:\/\/grontkontor.dk\/de\/shop\/klimavenlig-t-shirt-oekologisk-bomuld-unisex\/#breadcrumb\",\"itemListElement\":[{\"@type\":\"ListItem\",\"position\":1,\"name\":\"Forside\",\"item\":\"https:\/\/grontkontor.dk\/de\/\"},{\"@type\":\"ListItem\",\"position\":2,\"name\":\"Laden\",\"item\":\"https:\/\/grontkontor.dk\/de\/laden\/\"},{\"@type\":\"ListItem\",\"position\":3,\"name\":\"Kleidung\",\"item\":\"https:\/\/grontkontor.dk\/de\/produkt-kategori\/kleidung\/\"},{\"@type\":\"ListItem\",\"position\":4,\"name\":\"T-Shirts, Sweatshirts und Poloshirts\",\"item\":\"https:\/\/grontkontor.dk\/de\/produkt-kategori\/kleidung\/t-shirts-sweatshirts-und-poloshirts\/\"},{\"@type\":\"ListItem\",\"position\":5,\"name\":\"Klimafreundliches T-Shirt Bio-Baumwolle Unisex\"}]},{\"@type\":\"WebSite\",\"@id\":\"https:\/\/grontkontor.dk\/#website\",\"url\":\"https:\/\/grontkontor.dk\/\",\"name\":\"Gr\u00f8nt Kontor\",\"description\":\"Milj\u00f8venlige produkter til kontor og erhverv med fokus p\u00e5 b\u00e6redygtighed, design og fair trade.\",\"publisher\":{\"@id\":\"https:\/\/grontkontor.dk\/#organization\"},\"potentialAction\":[{\"@type\":\"SearchAction\",\"target\":{\"@type\":\"EntryPoint\",\"urlTemplate\":\"https:\/\/grontkontor.dk\/?s={search_term_string}\"},\"query-input\":\"required name=search_term_string\"}],\"inLanguage\":\"de\"},{\"@type\":\"Organization\",\"@id\":\"https:\/\/grontkontor.dk\/#organization\",\"name\":\"Gr\u00f8nt Kontor\",\"url\":\"https:\/\/grontkontor.dk\/\",\"logo\":{\"@type\":\"ImageObject\",\"inLanguage\":\"de\",\"@id\":\"https:\/\/grontkontor.dk\/#\/schema\/logo\/image\/\",\"url\":\"https:\/\/grontkontor.dk\/wp-content\/uploads\/2014\/02\/Logo_groent_kontor_300x80.png\",\"contentUrl\":\"https:\/\/grontkontor.dk\/wp-content\/uploads\/2014\/02\/Logo_groent_kontor_300x80.png\",\"width\":300,\"height\":80,\"caption\":\"Gr\u00f8nt Kontor\"},\"image\":{\"@id\":\"https:\/\/grontkontor.dk\/#\/schema\/logo\/image\/\"},\"sameAs\":[\"https:\/\/www.facebook.com\/grontkontor.dk\/\"]}]}<\/script>\n<!-- \/ Yoast SEO Premium plugin. -->","yoast_head_json":{"title":"Klimafreundliches T-Shirt Bio-Baumwolle Unisex - Gr\u00f8nt Kontor","description":"Klimafreundliches Unisex T-Shirt aus 100% Bio-Baumwolle. Umweltfreundliches Hemd in vielen Gr\u00f6\u00dfen und Farben. Perfekt f\u00fcr den Druck oder die Stickerei von Logos.","robots":{"index":"index","follow":"follow","max-snippet":"max-snippet:-1","max-image-preview":"max-image-preview:large","max-video-preview":"max-video-preview:-1"},"canonical":"https:\/\/grontkontor.dk\/de\/shop\/klimavenlig-t-shirt-oekologisk-bomuld-unisex\/","og_locale":"de_DE","og_type":"article","og_title":"Klimafreundliches T-Shirt Bio-Baumwolle Unisex","og_description":"Klimafreundliches Unisex T-Shirt aus 100% Bio-Baumwolle. Umweltfreundliches Hemd in vielen Gr\u00f6\u00dfen und Farben. Perfekt f\u00fcr den Druck oder die Stickerei von Logos.","og_url":"https:\/\/grontkontor.dk\/de\/shop\/klimavenlig-t-shirt-oekologisk-bomuld-unisex\/","og_site_name":"Gr\u00f8nt Kontor","article_publisher":"https:\/\/www.facebook.com\/grontkontor.dk\/","article_modified_time":"2025-11-06T09:08:14+00:00","og_image":[{"width":900,"height":639,"url":"https:\/\/grontkontor.dk\/wp-content\/uploads\/2024\/03\/Klimavenlig-oekologisk-t-shirt-unisex-pastelfarver.jpg","type":"image\/jpeg"}],"twitter_card":"summary_large_image","twitter_misc":{"Gesch\u00e4tzte Lesezeit":"1\u00a0Minute"},"schema":{"@context":"https:\/\/schema.org","@graph":[{"@type":"WebPage","@id":"https:\/\/grontkontor.dk\/de\/shop\/klimavenlig-t-shirt-oekologisk-bomuld-unisex\/","url":"https:\/\/grontkontor.dk\/de\/shop\/klimavenlig-t-shirt-oekologisk-bomuld-unisex\/","name":"Klimafreundliches T-Shirt Bio-Baumwolle Unisex - Gr\u00f8nt Kontor","isPartOf":{"@id":"https:\/\/grontkontor.dk\/#website"},"datePublished":"2024-11-27T08:51:14+00:00","dateModified":"2025-11-06T09:08:14+00:00","description":"Klimafreundliches Unisex T-Shirt aus 100% Bio-Baumwolle. Umweltfreundliches Hemd in vielen Gr\u00f6\u00dfen und Farben. Perfekt f\u00fcr den Druck oder die Stickerei von Logos.","breadcrumb":{"@id":"https:\/\/grontkontor.dk\/de\/shop\/klimavenlig-t-shirt-oekologisk-bomuld-unisex\/#breadcrumb"},"inLanguage":"de","potentialAction":[{"@type":"ReadAction","target":["https:\/\/grontkontor.dk\/de\/shop\/klimavenlig-t-shirt-oekologisk-bomuld-unisex\/"]}]},{"@type":"BreadcrumbList","@id":"https:\/\/grontkontor.dk\/de\/shop\/klimavenlig-t-shirt-oekologisk-bomuld-unisex\/#breadcrumb","itemListElement":[{"@type":"ListItem","position":1,"name":"Forside","item":"https:\/\/grontkontor.dk\/de\/"},{"@type":"ListItem","position":2,"name":"Laden","item":"https:\/\/grontkontor.dk\/de\/laden\/"},{"@type":"ListItem","position":3,"name":"Kleidung","item":"https:\/\/grontkontor.dk\/de\/produkt-kategori\/kleidung\/"},{"@type":"ListItem","position":4,"name":"T-Shirts, Sweatshirts und Poloshirts","item":"https:\/\/grontkontor.dk\/de\/produkt-kategori\/kleidung\/t-shirts-sweatshirts-und-poloshirts\/"},{"@type":"ListItem","position":5,"name":"Klimafreundliches T-Shirt Bio-Baumwolle Unisex"}]},{"@type":"WebSite","@id":"https:\/\/grontkontor.dk\/#website","url":"https:\/\/grontkontor.dk\/","name":"Gr\u00f8nt Kontor","description":"Milj\u00f8venlige produkter til kontor og erhverv med fokus p\u00e5 b\u00e6redygtighed, design og fair trade.","publisher":{"@id":"https:\/\/grontkontor.dk\/#organization"},"potentialAction":[{"@type":"SearchAction","target":{"@type":"EntryPoint","urlTemplate":"https:\/\/grontkontor.dk\/?s={search_term_string}"},"query-input":"required name=search_term_string"}],"inLanguage":"de"},{"@type":"Organization","@id":"https:\/\/grontkontor.dk\/#organization","name":"Gr\u00f8nt Kontor","url":"https:\/\/grontkontor.dk\/","logo":{"@type":"ImageObject","inLanguage":"de","@id":"https:\/\/grontkontor.dk\/#\/schema\/logo\/image\/","url":"https:\/\/grontkontor.dk\/wp-content\/uploads\/2014\/02\/Logo_groent_kontor_300x80.png","contentUrl":"https:\/\/grontkontor.dk\/wp-content\/uploads\/2014\/02\/Logo_groent_kontor_300x80.png","width":300,"height":80,"caption":"Gr\u00f8nt Kontor"},"image":{"@id":"https:\/\/grontkontor.dk\/#\/schema\/logo\/image\/"},"sameAs":["https:\/\/www.facebook.com\/grontkontor.dk\/"]}]}},"_links":{"self":[{"href":"https:\/\/grontkontor.dk\/de\/wp-json\/wp\/v2\/product\/117301"}],"collection":[{"href":"https:\/\/grontkontor.dk\/de\/wp-json\/wp\/v2\/product"}],"about":[{"href":"https:\/\/grontkontor.dk\/de\/wp-json\/wp\/v2\/types\/product"}],"replies":[{"embeddable":true,"href":"https:\/\/grontkontor.dk\/de\/wp-json\/wp\/v2\/comments?post=117301"}],"wp:featuredmedia":[{"embeddable":true,"href":"https:\/\/grontkontor.dk\/de\/wp-json\/wp\/v2\/media\/82777"}],"wp:attachment":[{"href":"https:\/\/grontkontor.dk\/de\/wp-json\/wp\/v2\/media?parent=117301"}],"wp:term":[{"taxonomy":"product_cat","embeddable":true,"href":"https:\/\/grontkontor.dk\/de\/wp-json\/wp\/v2\/product_cat?post=117301"},{"taxonomy":"product_tag","embeddable":true,"href":"https:\/\/grontkontor.dk\/de\/wp-json\/wp\/v2\/product_tag?post=117301"}],"curies":[{"name":"wp","href":"https:\/\/api.w.org\/{rel}","templated":true}]}}