{"id":117317,"date":"2024-06-26T10:12:29","date_gmt":"2024-11-27T09:08:10","guid":{"rendered":"https:\/\/grontkontor.dk\/shop\/coaster-saet-i-genanvendt-plast\/"},"modified":"2024-11-27T10:08:10","modified_gmt":"2024-11-27T09:08:10","slug":"coaster-saet-i-genanvendt-plast","status":"publish","type":"product","link":"https:\/\/grontkontor.dk\/de\/shop\/coaster-saet-i-genanvendt-plast\/","title":{"rendered":"Untersetzer-Set aus recyceltem Kunststoff"},"content":{"rendered":"<p>Umweltfreundliche Untersetzer werden aus recycelten Plastikflaschen in Sets zu 10 St\u00fcck hergestellt. Kommt mit einem Bambushalter. Diese klimafreundlichen Untersetzer k\u00f6nnen mit oder ohne Logodruck geliefert werden. Geeignet f\u00fcr Caf\u00e9 oder Restaurant. Verwenden Sie sie als sch\u00f6nes Firmengeschenk oder als Werbegeschenk f\u00fcr Messen oder Veranstaltungen.    <\/p>\n<p>[rpet]<\/p>\n<p>[bambus]<\/p>\n<p>&nbsp;<\/p>\n","protected":false},"excerpt":{"rendered":"<p>Umweltfreundliche Untersetzer werden aus recycelten Plastikflaschen in Sets zu 10 St\u00fcck hergestellt. Kommt mit einem Bambushalter. Diese klimafreundlichen Untersetzer k\u00f6nnen mit oder ohne Logodruck geliefert werden. Geeignet f\u00fcr Caf\u00e9 oder Restaurant. Verwenden Sie sie als sch\u00f6nes Firmengeschenk oder als Werbegeschenk f\u00fcr Messen oder Veranstaltungen. [rpet] [bambus] &nbsp;<\/p>\n","protected":false},"featured_media":102395,"comment_status":"closed","ping_status":"closed","template":"","meta":{"_acf_changed":false},"product_cat":[3334,3325,3339,3466,3321,3084,3323],"product_tag":[3757],"class_list":{"0":"post-117317","1":"product","2":"type-product","3":"status-publish","4":"has-post-thumbnail","6":"product_cat-bambus-de","7":"product_cat-dummy-moq-1-de","8":"product_cat-essen-und-trinken","9":"product_cat-hotel-restaurant","10":"product_cat-klimafreundliche-werbegeschenke","11":"product_cat-neuheiten","12":"product_cat-produktserien","13":"product_tag-untersetzer","14":"tm-has-options","16":"first","17":"instock","18":"taxable","19":"shipping-taxable","20":"purchasable","21":"product-type-simple"},"acf":[],"yoast_head":"<!-- This site is optimized with the Yoast SEO Premium plugin v21.2 (Yoast SEO v21.2) - https:\/\/yoast.com\/wordpress\/plugins\/seo\/ -->\n<title>Untersetzer-Set aus recyceltem Kunststoff - Gr\u00f8nt Kontor<\/title>\n<meta name=\"robots\" content=\"index, follow, max-snippet:-1, max-image-preview:large, max-video-preview:-1\" \/>\n<link rel=\"canonical\" href=\"https:\/\/grontkontor.dk\/de\/shop\/coaster-saet-i-genanvendt-plast\/\" \/>\n<meta property=\"og:locale\" content=\"de_DE\" \/>\n<meta property=\"og:type\" content=\"article\" \/>\n<meta property=\"og:title\" content=\"Untersetzer-Set aus recyceltem Kunststoff\" \/>\n<meta property=\"og:description\" content=\"Umweltfreundliche Untersetzer werden aus recycelten Plastikflaschen in Sets zu 10 St\u00fcck hergestellt. Kommt mit einem Bambushalter. Diese klimafreundlichen Untersetzer k\u00f6nnen mit oder ohne Logodruck geliefert werden. Geeignet f\u00fcr Caf\u00e9 oder Restaurant. Verwenden Sie sie als sch\u00f6nes Firmengeschenk oder als Werbegeschenk f\u00fcr Messen oder Veranstaltungen. [rpet] [bambus] &nbsp;\" \/>\n<meta property=\"og:url\" content=\"https:\/\/grontkontor.dk\/de\/shop\/coaster-saet-i-genanvendt-plast\/\" \/>\n<meta property=\"og:site_name\" content=\"Gr\u00f8nt Kontor\" \/>\n<meta property=\"article:publisher\" content=\"https:\/\/www.facebook.com\/grontkontor.dk\/\" \/>\n<meta property=\"og:image\" content=\"https:\/\/grontkontor.dk\/wp-content\/uploads\/2024\/06\/Klimavenlige-coasters-i-rpet.jpg\" \/>\n\t<meta property=\"og:image:width\" content=\"900\" \/>\n\t<meta property=\"og:image:height\" content=\"639\" \/>\n\t<meta property=\"og:image:type\" content=\"image\/jpeg\" \/>\n<meta name=\"twitter:card\" content=\"summary_large_image\" \/>\n<script type=\"application\/ld+json\" class=\"yoast-schema-graph\">{\"@context\":\"https:\/\/schema.org\",\"@graph\":[{\"@type\":\"WebPage\",\"@id\":\"https:\/\/grontkontor.dk\/de\/shop\/coaster-saet-i-genanvendt-plast\/\",\"url\":\"https:\/\/grontkontor.dk\/de\/shop\/coaster-saet-i-genanvendt-plast\/\",\"name\":\"Untersetzer-Set aus recyceltem Kunststoff - Gr\u00f8nt Kontor\",\"isPartOf\":{\"@id\":\"https:\/\/grontkontor.dk\/#website\"},\"datePublished\":\"2024-11-27T09:08:10+00:00\",\"dateModified\":\"2024-11-27T09:08:10+00:00\",\"breadcrumb\":{\"@id\":\"https:\/\/grontkontor.dk\/de\/shop\/coaster-saet-i-genanvendt-plast\/#breadcrumb\"},\"inLanguage\":\"de\",\"potentialAction\":[{\"@type\":\"ReadAction\",\"target\":[\"https:\/\/grontkontor.dk\/de\/shop\/coaster-saet-i-genanvendt-plast\/\"]}]},{\"@type\":\"BreadcrumbList\",\"@id\":\"https:\/\/grontkontor.dk\/de\/shop\/coaster-saet-i-genanvendt-plast\/#breadcrumb\",\"itemListElement\":[{\"@type\":\"ListItem\",\"position\":1,\"name\":\"Forside\",\"item\":\"https:\/\/grontkontor.dk\/de\/\"},{\"@type\":\"ListItem\",\"position\":2,\"name\":\"Laden\",\"item\":\"https:\/\/grontkontor.dk\/de\/laden\/\"},{\"@type\":\"ListItem\",\"position\":3,\"name\":\"Untersetzer-Set aus recyceltem Kunststoff\"}]},{\"@type\":\"WebSite\",\"@id\":\"https:\/\/grontkontor.dk\/#website\",\"url\":\"https:\/\/grontkontor.dk\/\",\"name\":\"Gr\u00f8nt Kontor\",\"description\":\"Milj\u00f8venlige produkter til kontor og erhverv med fokus p\u00e5 b\u00e6redygtighed, design og fair trade.\",\"publisher\":{\"@id\":\"https:\/\/grontkontor.dk\/#organization\"},\"potentialAction\":[{\"@type\":\"SearchAction\",\"target\":{\"@type\":\"EntryPoint\",\"urlTemplate\":\"https:\/\/grontkontor.dk\/?s={search_term_string}\"},\"query-input\":\"required name=search_term_string\"}],\"inLanguage\":\"de\"},{\"@type\":\"Organization\",\"@id\":\"https:\/\/grontkontor.dk\/#organization\",\"name\":\"Gr\u00f8nt Kontor\",\"url\":\"https:\/\/grontkontor.dk\/\",\"logo\":{\"@type\":\"ImageObject\",\"inLanguage\":\"de\",\"@id\":\"https:\/\/grontkontor.dk\/#\/schema\/logo\/image\/\",\"url\":\"https:\/\/grontkontor.dk\/wp-content\/uploads\/2014\/02\/Logo_groent_kontor_300x80.png\",\"contentUrl\":\"https:\/\/grontkontor.dk\/wp-content\/uploads\/2014\/02\/Logo_groent_kontor_300x80.png\",\"width\":300,\"height\":80,\"caption\":\"Gr\u00f8nt Kontor\"},\"image\":{\"@id\":\"https:\/\/grontkontor.dk\/#\/schema\/logo\/image\/\"},\"sameAs\":[\"https:\/\/www.facebook.com\/grontkontor.dk\/\"]}]}<\/script>\n<!-- \/ Yoast SEO Premium plugin. -->","yoast_head_json":{"title":"Untersetzer-Set aus recyceltem Kunststoff - Gr\u00f8nt Kontor","robots":{"index":"index","follow":"follow","max-snippet":"max-snippet:-1","max-image-preview":"max-image-preview:large","max-video-preview":"max-video-preview:-1"},"canonical":"https:\/\/grontkontor.dk\/de\/shop\/coaster-saet-i-genanvendt-plast\/","og_locale":"de_DE","og_type":"article","og_title":"Untersetzer-Set aus recyceltem Kunststoff","og_description":"Umweltfreundliche Untersetzer werden aus recycelten Plastikflaschen in Sets zu 10 St\u00fcck hergestellt. Kommt mit einem Bambushalter. Diese klimafreundlichen Untersetzer k\u00f6nnen mit oder ohne Logodruck geliefert werden. Geeignet f\u00fcr Caf\u00e9 oder Restaurant. Verwenden Sie sie als sch\u00f6nes Firmengeschenk oder als Werbegeschenk f\u00fcr Messen oder Veranstaltungen. [rpet] [bambus] &nbsp;","og_url":"https:\/\/grontkontor.dk\/de\/shop\/coaster-saet-i-genanvendt-plast\/","og_site_name":"Gr\u00f8nt Kontor","article_publisher":"https:\/\/www.facebook.com\/grontkontor.dk\/","og_image":[{"width":900,"height":639,"url":"https:\/\/grontkontor.dk\/wp-content\/uploads\/2024\/06\/Klimavenlige-coasters-i-rpet.jpg","type":"image\/jpeg"}],"twitter_card":"summary_large_image","schema":{"@context":"https:\/\/schema.org","@graph":[{"@type":"WebPage","@id":"https:\/\/grontkontor.dk\/de\/shop\/coaster-saet-i-genanvendt-plast\/","url":"https:\/\/grontkontor.dk\/de\/shop\/coaster-saet-i-genanvendt-plast\/","name":"Untersetzer-Set aus recyceltem Kunststoff - Gr\u00f8nt Kontor","isPartOf":{"@id":"https:\/\/grontkontor.dk\/#website"},"datePublished":"2024-11-27T09:08:10+00:00","dateModified":"2024-11-27T09:08:10+00:00","breadcrumb":{"@id":"https:\/\/grontkontor.dk\/de\/shop\/coaster-saet-i-genanvendt-plast\/#breadcrumb"},"inLanguage":"de","potentialAction":[{"@type":"ReadAction","target":["https:\/\/grontkontor.dk\/de\/shop\/coaster-saet-i-genanvendt-plast\/"]}]},{"@type":"BreadcrumbList","@id":"https:\/\/grontkontor.dk\/de\/shop\/coaster-saet-i-genanvendt-plast\/#breadcrumb","itemListElement":[{"@type":"ListItem","position":1,"name":"Forside","item":"https:\/\/grontkontor.dk\/de\/"},{"@type":"ListItem","position":2,"name":"Laden","item":"https:\/\/grontkontor.dk\/de\/laden\/"},{"@type":"ListItem","position":3,"name":"Untersetzer-Set aus recyceltem Kunststoff"}]},{"@type":"WebSite","@id":"https:\/\/grontkontor.dk\/#website","url":"https:\/\/grontkontor.dk\/","name":"Gr\u00f8nt Kontor","description":"Milj\u00f8venlige produkter til kontor og erhverv med fokus p\u00e5 b\u00e6redygtighed, design og fair trade.","publisher":{"@id":"https:\/\/grontkontor.dk\/#organization"},"potentialAction":[{"@type":"SearchAction","target":{"@type":"EntryPoint","urlTemplate":"https:\/\/grontkontor.dk\/?s={search_term_string}"},"query-input":"required name=search_term_string"}],"inLanguage":"de"},{"@type":"Organization","@id":"https:\/\/grontkontor.dk\/#organization","name":"Gr\u00f8nt Kontor","url":"https:\/\/grontkontor.dk\/","logo":{"@type":"ImageObject","inLanguage":"de","@id":"https:\/\/grontkontor.dk\/#\/schema\/logo\/image\/","url":"https:\/\/grontkontor.dk\/wp-content\/uploads\/2014\/02\/Logo_groent_kontor_300x80.png","contentUrl":"https:\/\/grontkontor.dk\/wp-content\/uploads\/2014\/02\/Logo_groent_kontor_300x80.png","width":300,"height":80,"caption":"Gr\u00f8nt Kontor"},"image":{"@id":"https:\/\/grontkontor.dk\/#\/schema\/logo\/image\/"},"sameAs":["https:\/\/www.facebook.com\/grontkontor.dk\/"]}]}},"_links":{"self":[{"href":"https:\/\/grontkontor.dk\/de\/wp-json\/wp\/v2\/product\/117317"}],"collection":[{"href":"https:\/\/grontkontor.dk\/de\/wp-json\/wp\/v2\/product"}],"about":[{"href":"https:\/\/grontkontor.dk\/de\/wp-json\/wp\/v2\/types\/product"}],"replies":[{"embeddable":true,"href":"https:\/\/grontkontor.dk\/de\/wp-json\/wp\/v2\/comments?post=117317"}],"wp:featuredmedia":[{"embeddable":true,"href":"https:\/\/grontkontor.dk\/de\/wp-json\/wp\/v2\/media\/102395"}],"wp:attachment":[{"href":"https:\/\/grontkontor.dk\/de\/wp-json\/wp\/v2\/media?parent=117317"}],"wp:term":[{"taxonomy":"product_cat","embeddable":true,"href":"https:\/\/grontkontor.dk\/de\/wp-json\/wp\/v2\/product_cat?post=117317"},{"taxonomy":"product_tag","embeddable":true,"href":"https:\/\/grontkontor.dk\/de\/wp-json\/wp\/v2\/product_tag?post=117317"}],"curies":[{"name":"wp","href":"https:\/\/api.w.org\/{rel}","templated":true}]}}