{"id":117604,"date":"2024-12-18T12:57:33","date_gmt":"2024-12-18T11:57:36","guid":{"rendered":"https:\/\/grontkontor.dk\/?post_type=product&#038;p=117604"},"modified":"2025-01-17T13:19:55","modified_gmt":"2025-01-17T12:19:55","slug":"notesbog-i-genanvendt-pap","status":"publish","type":"product","link":"https:\/\/grontkontor.dk\/de\/shop\/notesbog-i-genanvendt-pap\/","title":{"rendered":"Notizbuch aus recyceltem Karton"},"content":{"rendered":"<p data-pm-slice=\"0 0 []\">Klimafreundlicher A5 Hardcover Notizblock aus 100% Recyclingpapier. Enth\u00e4lt 120 linierte Seiten, ebenfalls aus Recyclingpapier. Erh\u00e4ltlich in den Farben Natur, Gr\u00fcn und Schwarz.  <\/p>\n<p data-pm-slice=\"0 0 []\">Ein klimafreundliches Produkt, das sich perfekt als Handout \/ Giveaway f\u00fcr Studentenmessen, Konferenzen oder andere Veranstaltungen eignet.<\/p>\n<p>Kann mit Logodruck geliefert werden.<\/p>\n<p>[papir-recycled]<\/p>\n<p>&nbsp;<\/p>\n<img loading=\"lazy\" decoding=\"async\" src=\"https:\/\/grontkontor.dk\/wp-content\/uploads\/2021\/02\/genbrug.jpg\" alt=\"Fremstillet af genbrugsmaterialer\" width=\"50\" height=\"50\" class=\"size-full wp-image-23031\" srcset=\"https:\/\/grontkontor.dk\/wp-content\/uploads\/2021\/02\/genbrug.jpg 199w, https:\/\/grontkontor.dk\/wp-content\/uploads\/2021\/02\/genbrug-100x100.jpg 100w\" sizes=\"(max-width: 50px) 100vw, 50px\" \/>\n","protected":false},"excerpt":{"rendered":"<p>Klimafreundlicher A5 Hardcover Notizblock aus 100% Recyclingpapier. Enth\u00e4lt 120 linierte Seiten, ebenfalls aus Recyclingpapier. Erh\u00e4ltlich in den Farben Natur, Gr\u00fcn und Schwarz. Ein klimafreundliches Produkt, das sich perfekt als Handout \/ Giveaway f\u00fcr Studentenmessen, Konferenzen oder andere Veranstaltungen eignet. Kann mit Logodruck geliefert werden. [papir-recycled] &nbsp;<\/p>\n","protected":false},"featured_media":117634,"comment_status":"closed","ping_status":"closed","template":"","meta":{"_acf_changed":false},"product_cat":[3325,3084,3728,3604],"product_tag":[3729,3608],"class_list":{"0":"post-117604","1":"product","2":"type-product","3":"status-publish","4":"has-post-thumbnail","6":"product_cat-dummy-moq-1-de","7":"product_cat-neuheiten","8":"product_cat-notizbloecke","9":"product_cat-papier-und-bloecke","10":"product_tag-notizblock","11":"product_tag-notizbuch","12":"pa_farve-anthrazitgrau","13":"pa_farve-armeegruen","14":"pa_farve-azurblau","15":"pa_farve-baum","16":"pa_farve-beige-de","17":"pa_farve-blau-de","18":"pa_farve-blau","19":"pa_farve-blau-min-15","20":"pa_farve-blau-min-100-stk","21":"pa_farve-blau-min-15-stueck","22":"pa_farve-blau-gelb","23":"pa_farve-blau-gruen-gelb","24":"pa_farve-blaue-tinte","25":"pa_farve-bordeaux-de","26":"pa_farve-braun","27":"pa_farve-braun-de","28":"pa_farve-braun-de-2","29":"pa_farve-braun-mit-schwarzem-ober-und-unterteil","30":"pa_farve-browne-de","31":"pa_farve-dunkelblau","32":"pa_farve-dunkelgrau","33":"pa_farve-dunkelgrau-de","34":"pa_farve-dunkelgruen","35":"pa_farve-dunkelrot","36":"pa_farve-durchsichtig","37":"pa_farve-durchsichtig-de","38":"pa_farve-ed-de","39":"pa_farve-eiche","40":"pa_farve-flaschengruen","41":"pa_farve-fuchsia-min-100-stk-de","42":"pa_farve-gebrochenes-weiss","43":"pa_farve-gelb-de","44":"pa_farve-gelb","45":"pa_farve-gemischt","46":"pa_farve-gold-de","47":"pa_farve-graphit","48":"pa_farve-grau","49":"pa_farve-grau-de","50":"pa_farve-grau-min-100-stk","51":"pa_farve-gruen","52":"pa_farve-gruen-de","53":"pa_farve-hellblau","54":"pa_farve-himbeere-rot","55":"pa_farve-karmesinrot","56":"pa_farve-kastanienbraun","57":"pa_farve-kerosingruen","58":"pa_farve-khaki-de","59":"pa_farve-kriegsmarine","60":"pa_farve-koenigsblau-de","61":"pa_farve-koenigsblau","62":"pa_farve-lichtgrau","63":"pa_farve-lichtgruen","64":"pa_farve-lila","65":"pa_farve-limone","66":"pa_farve-lindgruen","67":"pa_farve-magenta-de","68":"pa_farve-minze","69":"pa_farve-mischen","70":"pa_farve-natur-de","71":"pa_farve-natur-min-100-stk-de","72":"pa_farve-olive","73":"pa_farve-orange-de","74":"pa_farve-ozeanblau","75":"pa_farve-pfirsich","76":"pa_farve-rahm-de","77":"pa_farve-rahm","78":"pa_farve-rosa-de","79":"pa_farve-rose","80":"pa_farve-rot","81":"pa_farve-rot-min-15","82":"pa_farve-rot-min-15-blau-min-15","83":"pa_farve-rot-min-100-stk","84":"pa_farve-rot-min-15-stueck","85":"pa_farve-rot-min-15-stueck-blau-min-15-stueck","86":"pa_farve-schwarz-de","87":"pa_farve-schwarz","88":"pa_farve-schwarz-min-100-stk","89":"pa_farve-schwarz-gold-silber","90":"pa_farve-schwarze-tinte","91":"pa_farve-senf","92":"pa_farve-senfgelb","93":"pa_farve-silber-de-2","94":"pa_farve-silber-de","95":"pa_farve-silber","96":"pa_farve-struktur-de","97":"pa_farve-tiefgruen","98":"pa_farve-tuerkis","99":"pa_farve-tuerkis-de","100":"pa_farve-verletzen","101":"pa_farve-viele","102":"pa_farve-violett","103":"pa_farve-walnuss","104":"pa_farve-weinrot","105":"pa_farve-weiss","106":"pa_farve-weiss-de","107":"pa_farve-weiss-pigmentiert","108":"pa_farve-weiss-pigmentiert-mit-brauner-ober-und-unterseite","109":"pa_farve-weiss-pigmentiert-mit-schwarzer-ober-und-unterseite","110":"tm-has-options","112":"first","113":"instock","114":"taxable","115":"shipping-taxable","116":"purchasable","117":"product-type-variable","118":"has-default-attributes"},"acf":[],"yoast_head":"<!-- This site is optimized with the Yoast SEO Premium plugin v21.2 (Yoast SEO v21.2) - https:\/\/yoast.com\/wordpress\/plugins\/seo\/ -->\n<title>Notizbuch aus recyceltem Karton - Gr\u00f8nt Kontor<\/title>\n<meta name=\"robots\" content=\"index, follow, max-snippet:-1, max-image-preview:large, max-video-preview:-1\" \/>\n<link rel=\"canonical\" href=\"https:\/\/grontkontor.dk\/de\/shop\/notesbog-i-genanvendt-pap\/\" \/>\n<meta property=\"og:locale\" content=\"de_DE\" \/>\n<meta property=\"og:type\" content=\"article\" \/>\n<meta property=\"og:title\" content=\"Notizbuch aus recyceltem Karton\" \/>\n<meta property=\"og:description\" content=\"Klimafreundlicher A5 Hardcover Notizblock aus 100% Recyclingpapier. Enth\u00e4lt 120 linierte Seiten, ebenfalls aus Recyclingpapier. Erh\u00e4ltlich in den Farben Natur, Gr\u00fcn und Schwarz. Ein klimafreundliches Produkt, das sich perfekt als Handout \/ Giveaway f\u00fcr Studentenmessen, Konferenzen oder andere Veranstaltungen eignet. Kann mit Logodruck geliefert werden. [papir-recycled] &nbsp;\" \/>\n<meta property=\"og:url\" content=\"https:\/\/grontkontor.dk\/de\/shop\/notesbog-i-genanvendt-pap\/\" \/>\n<meta property=\"og:site_name\" content=\"Gr\u00f8nt Kontor\" \/>\n<meta property=\"article:publisher\" content=\"https:\/\/www.facebook.com\/grontkontor.dk\/\" \/>\n<meta property=\"article:modified_time\" content=\"2025-01-17T12:19:55+00:00\" \/>\n<meta property=\"og:image\" content=\"https:\/\/grontkontor.dk\/wp-content\/uploads\/2024\/08\/Klimavenlig-notesbog-i-frugtpapir-collage.jpg\" \/>\n\t<meta property=\"og:image:width\" content=\"900\" \/>\n\t<meta property=\"og:image:height\" content=\"639\" \/>\n\t<meta property=\"og:image:type\" content=\"image\/jpeg\" \/>\n<meta name=\"twitter:card\" content=\"summary_large_image\" \/>\n<meta name=\"twitter:label1\" content=\"Gesch\u00e4tzte Lesezeit\" \/>\n\t<meta name=\"twitter:data1\" content=\"1\u00a0Minute\" \/>\n<script type=\"application\/ld+json\" class=\"yoast-schema-graph\">{\"@context\":\"https:\/\/schema.org\",\"@graph\":[{\"@type\":\"WebPage\",\"@id\":\"https:\/\/grontkontor.dk\/de\/shop\/notesbog-i-genanvendt-pap\/\",\"url\":\"https:\/\/grontkontor.dk\/de\/shop\/notesbog-i-genanvendt-pap\/\",\"name\":\"Notizbuch aus recyceltem Karton - Gr\u00f8nt Kontor\",\"isPartOf\":{\"@id\":\"https:\/\/grontkontor.dk\/#website\"},\"datePublished\":\"2024-12-18T11:57:36+00:00\",\"dateModified\":\"2025-01-17T12:19:55+00:00\",\"breadcrumb\":{\"@id\":\"https:\/\/grontkontor.dk\/de\/shop\/notesbog-i-genanvendt-pap\/#breadcrumb\"},\"inLanguage\":\"de\",\"potentialAction\":[{\"@type\":\"ReadAction\",\"target\":[\"https:\/\/grontkontor.dk\/de\/shop\/notesbog-i-genanvendt-pap\/\"]}]},{\"@type\":\"BreadcrumbList\",\"@id\":\"https:\/\/grontkontor.dk\/de\/shop\/notesbog-i-genanvendt-pap\/#breadcrumb\",\"itemListElement\":[{\"@type\":\"ListItem\",\"position\":1,\"name\":\"Forside\",\"item\":\"https:\/\/grontkontor.dk\/de\/\"},{\"@type\":\"ListItem\",\"position\":2,\"name\":\"Laden\",\"item\":\"https:\/\/grontkontor.dk\/de\/laden\/\"},{\"@type\":\"ListItem\",\"position\":3,\"name\":\"Papir og blokke\",\"item\":\"https:\/\/grontkontor.dk\/produkt-kategori\/papir\/\"},{\"@type\":\"ListItem\",\"position\":4,\"name\":\"Memoblokke\",\"item\":\"https:\/\/grontkontor.dk\/produkt-kategori\/papir\/memoblokke\/\"},{\"@type\":\"ListItem\",\"position\":5,\"name\":\"Notizbuch aus recyceltem Karton\"}]},{\"@type\":\"WebSite\",\"@id\":\"https:\/\/grontkontor.dk\/#website\",\"url\":\"https:\/\/grontkontor.dk\/\",\"name\":\"Gr\u00f8nt Kontor\",\"description\":\"Milj\u00f8venlige produkter til kontor og erhverv med fokus p\u00e5 b\u00e6redygtighed, design og fair trade.\",\"publisher\":{\"@id\":\"https:\/\/grontkontor.dk\/#organization\"},\"potentialAction\":[{\"@type\":\"SearchAction\",\"target\":{\"@type\":\"EntryPoint\",\"urlTemplate\":\"https:\/\/grontkontor.dk\/?s={search_term_string}\"},\"query-input\":\"required name=search_term_string\"}],\"inLanguage\":\"de\"},{\"@type\":\"Organization\",\"@id\":\"https:\/\/grontkontor.dk\/#organization\",\"name\":\"Gr\u00f8nt Kontor\",\"url\":\"https:\/\/grontkontor.dk\/\",\"logo\":{\"@type\":\"ImageObject\",\"inLanguage\":\"de\",\"@id\":\"https:\/\/grontkontor.dk\/#\/schema\/logo\/image\/\",\"url\":\"https:\/\/grontkontor.dk\/wp-content\/uploads\/2014\/02\/Logo_groent_kontor_300x80.png\",\"contentUrl\":\"https:\/\/grontkontor.dk\/wp-content\/uploads\/2014\/02\/Logo_groent_kontor_300x80.png\",\"width\":300,\"height\":80,\"caption\":\"Gr\u00f8nt Kontor\"},\"image\":{\"@id\":\"https:\/\/grontkontor.dk\/#\/schema\/logo\/image\/\"},\"sameAs\":[\"https:\/\/www.facebook.com\/grontkontor.dk\/\"]}]}<\/script>\n<!-- \/ Yoast SEO Premium plugin. -->","yoast_head_json":{"title":"Notizbuch aus recyceltem Karton - Gr\u00f8nt Kontor","robots":{"index":"index","follow":"follow","max-snippet":"max-snippet:-1","max-image-preview":"max-image-preview:large","max-video-preview":"max-video-preview:-1"},"canonical":"https:\/\/grontkontor.dk\/de\/shop\/notesbog-i-genanvendt-pap\/","og_locale":"de_DE","og_type":"article","og_title":"Notizbuch aus recyceltem Karton","og_description":"Klimafreundlicher A5 Hardcover Notizblock aus 100% Recyclingpapier. Enth\u00e4lt 120 linierte Seiten, ebenfalls aus Recyclingpapier. Erh\u00e4ltlich in den Farben Natur, Gr\u00fcn und Schwarz. Ein klimafreundliches Produkt, das sich perfekt als Handout \/ Giveaway f\u00fcr Studentenmessen, Konferenzen oder andere Veranstaltungen eignet. Kann mit Logodruck geliefert werden. [papir-recycled] &nbsp;","og_url":"https:\/\/grontkontor.dk\/de\/shop\/notesbog-i-genanvendt-pap\/","og_site_name":"Gr\u00f8nt Kontor","article_publisher":"https:\/\/www.facebook.com\/grontkontor.dk\/","article_modified_time":"2025-01-17T12:19:55+00:00","og_image":[{"width":900,"height":639,"url":"https:\/\/grontkontor.dk\/wp-content\/uploads\/2024\/08\/Klimavenlig-notesbog-i-frugtpapir-collage.jpg","type":"image\/jpeg"}],"twitter_card":"summary_large_image","twitter_misc":{"Gesch\u00e4tzte Lesezeit":"1\u00a0Minute"},"schema":{"@context":"https:\/\/schema.org","@graph":[{"@type":"WebPage","@id":"https:\/\/grontkontor.dk\/de\/shop\/notesbog-i-genanvendt-pap\/","url":"https:\/\/grontkontor.dk\/de\/shop\/notesbog-i-genanvendt-pap\/","name":"Notizbuch aus recyceltem Karton - Gr\u00f8nt Kontor","isPartOf":{"@id":"https:\/\/grontkontor.dk\/#website"},"datePublished":"2024-12-18T11:57:36+00:00","dateModified":"2025-01-17T12:19:55+00:00","breadcrumb":{"@id":"https:\/\/grontkontor.dk\/de\/shop\/notesbog-i-genanvendt-pap\/#breadcrumb"},"inLanguage":"de","potentialAction":[{"@type":"ReadAction","target":["https:\/\/grontkontor.dk\/de\/shop\/notesbog-i-genanvendt-pap\/"]}]},{"@type":"BreadcrumbList","@id":"https:\/\/grontkontor.dk\/de\/shop\/notesbog-i-genanvendt-pap\/#breadcrumb","itemListElement":[{"@type":"ListItem","position":1,"name":"Forside","item":"https:\/\/grontkontor.dk\/de\/"},{"@type":"ListItem","position":2,"name":"Laden","item":"https:\/\/grontkontor.dk\/de\/laden\/"},{"@type":"ListItem","position":3,"name":"Papir og blokke","item":"https:\/\/grontkontor.dk\/produkt-kategori\/papir\/"},{"@type":"ListItem","position":4,"name":"Memoblokke","item":"https:\/\/grontkontor.dk\/produkt-kategori\/papir\/memoblokke\/"},{"@type":"ListItem","position":5,"name":"Notizbuch aus recyceltem Karton"}]},{"@type":"WebSite","@id":"https:\/\/grontkontor.dk\/#website","url":"https:\/\/grontkontor.dk\/","name":"Gr\u00f8nt Kontor","description":"Milj\u00f8venlige produkter til kontor og erhverv med fokus p\u00e5 b\u00e6redygtighed, design og fair trade.","publisher":{"@id":"https:\/\/grontkontor.dk\/#organization"},"potentialAction":[{"@type":"SearchAction","target":{"@type":"EntryPoint","urlTemplate":"https:\/\/grontkontor.dk\/?s={search_term_string}"},"query-input":"required name=search_term_string"}],"inLanguage":"de"},{"@type":"Organization","@id":"https:\/\/grontkontor.dk\/#organization","name":"Gr\u00f8nt Kontor","url":"https:\/\/grontkontor.dk\/","logo":{"@type":"ImageObject","inLanguage":"de","@id":"https:\/\/grontkontor.dk\/#\/schema\/logo\/image\/","url":"https:\/\/grontkontor.dk\/wp-content\/uploads\/2014\/02\/Logo_groent_kontor_300x80.png","contentUrl":"https:\/\/grontkontor.dk\/wp-content\/uploads\/2014\/02\/Logo_groent_kontor_300x80.png","width":300,"height":80,"caption":"Gr\u00f8nt Kontor"},"image":{"@id":"https:\/\/grontkontor.dk\/#\/schema\/logo\/image\/"},"sameAs":["https:\/\/www.facebook.com\/grontkontor.dk\/"]}]}},"_links":{"self":[{"href":"https:\/\/grontkontor.dk\/de\/wp-json\/wp\/v2\/product\/117604"}],"collection":[{"href":"https:\/\/grontkontor.dk\/de\/wp-json\/wp\/v2\/product"}],"about":[{"href":"https:\/\/grontkontor.dk\/de\/wp-json\/wp\/v2\/types\/product"}],"replies":[{"embeddable":true,"href":"https:\/\/grontkontor.dk\/de\/wp-json\/wp\/v2\/comments?post=117604"}],"wp:featuredmedia":[{"embeddable":true,"href":"https:\/\/grontkontor.dk\/de\/wp-json\/wp\/v2\/media\/117634"}],"wp:attachment":[{"href":"https:\/\/grontkontor.dk\/de\/wp-json\/wp\/v2\/media?parent=117604"}],"wp:term":[{"taxonomy":"product_cat","embeddable":true,"href":"https:\/\/grontkontor.dk\/de\/wp-json\/wp\/v2\/product_cat?post=117604"},{"taxonomy":"product_tag","embeddable":true,"href":"https:\/\/grontkontor.dk\/de\/wp-json\/wp\/v2\/product_tag?post=117604"}],"curies":[{"name":"wp","href":"https:\/\/api.w.org\/{rel}","templated":true}]}}