{"id":117795,"date":"2025-01-07T10:22:21","date_gmt":"2025-01-07T09:22:26","guid":{"rendered":"https:\/\/grontkontor.dk\/?post_type=product&#038;p=117795"},"modified":"2025-09-19T20:22:51","modified_gmt":"2025-09-19T18:22:51","slug":"mulepose-genanvendt-plast-70-gsm-m-u-tryk","status":"publish","type":"product","link":"https:\/\/grontkontor.dk\/de\/shop\/mulepose-genanvendt-plast-70-gsm-m-u-tryk\/","title":{"rendered":"Tragetasche aus recyceltem Kunststoff 70 g\/m\u00b2 ohne Druck"},"content":{"rendered":"<p data-start=\"320\" data-end=\"761\">Eine Tragetasche soll praktisch und am besten auch klimafreundlich sein, und diese g\u00fcnstige Einkaufstasche aus rPET verbindet Funktionalit\u00e4t mit R\u00fccksicht auf die Umwelt. Die Tasche ist sowohl recycelt als auch recycelbar, da sie aus recyceltem PET hergestellt wird und damit eine umweltfreundliche Alternative zu Einweg-Tragetaschen und Plastik-Einkaufst\u00fcten darstellt. Er ist in den Farben Schwarz, Blau, Wei\u00df und Natur erh\u00e4ltlich und kann mit oder ohne Druck bestellt werden, so dass er an Ihr Unternehmen oder Ihre Veranstaltung angepasst werden kann.  <\/p>\n<p data-start=\"763\" data-end=\"1073\">Mit langen Henkeln von 68 cm l\u00e4sst sich die Tragetasche leicht \u00fcber der Schulter tragen und kann bis zu 5 kg tragen, was sie ideal als Einkaufstasche, Tragetasche oder als budgetfreundliche Geschenktasche macht. Sie eignet sich perfekt als Einkaufstasche, f\u00fcr Messen, Events und Firmengeschenke, bei denen Praktikabilit\u00e4t und Klimafreundlichkeit Hand in Hand gehen m\u00fcssen. <\/p>\n<p data-start=\"1075\" data-end=\"1440\">Diese klimafreundliche Tragetasche ist sowohl langlebig als auch funktional. Es kann zusammengefaltet und in der Tasche verstaut werden, so dass es sofort einsatzbereit ist, egal ob Sie f\u00fcr den Alltag einkaufen oder sie als Tasche f\u00fcr gr\u00f6\u00dfere Veranstaltungen verwenden m\u00fcssen. Da es recycelt und recycelbar ist, kann es immer wieder verwendet werden, wodurch Abfall reduziert und umweltfreundliche Entscheidungen unterst\u00fctzt werden.  <\/p>\n<p data-start=\"1442\" data-end=\"1734\">Die Tragetasche kann auch mit einem ein- oder beidseitigen Logodruck personalisiert werden, was sie zu einem wirkungsvollen Werbeartikel oder Firmengeschenk macht. Es kombiniert eine budgetfreundliche Alternative mit einem starken klimafreundlichen Signal, das die Sorge um die Umwelt zeigt und gleichzeitig den praktischen Bed\u00fcrfnissen entspricht. <\/p>\n<p data-start=\"1736\" data-end=\"2020\">Mit dieser klimafreundlichen Einkaufstasche aus rPET erhalten Sie eine Tragetasche, die funktional, langlebig und umweltfreundlich ist. Sie eignet sich hervorragend als Einkaufstasche, Geschenkt\u00fcte, Handout oder als praktische L\u00f6sung f\u00fcr Events und Messen und setzt ein klares Zeichen der Verantwortung und R\u00fccksichtnahme auf die Umwelt. <\/p>\n<p>[rpet]<\/p>\n<p>&nbsp;<\/p>\n<img loading=\"lazy\" decoding=\"async\" src=\"https:\/\/grontkontor.dk\/wp-content\/uploads\/2021\/02\/genbrug.jpg\" alt=\"Fremstillet af genbrugsmaterialer\" width=\"50\" height=\"50\" class=\"size-full wp-image-23031\" srcset=\"https:\/\/grontkontor.dk\/wp-content\/uploads\/2021\/02\/genbrug.jpg 199w, https:\/\/grontkontor.dk\/wp-content\/uploads\/2021\/02\/genbrug-100x100.jpg 100w\" sizes=\"(max-width: 50px) 100vw, 50px\" \/>\n","protected":false},"excerpt":{"rendered":"<p>Eine Tragetasche soll praktisch und am besten auch klimafreundlich sein, und diese g\u00fcnstige Einkaufstasche aus rPET verbindet Funktionalit\u00e4t mit R\u00fccksicht auf die Umwelt. Die Tasche ist sowohl recycelt als auch recycelbar, da sie aus recyceltem PET hergestellt wird und damit eine umweltfreundliche Alternative zu Einweg-Tragetaschen und Plastik-Einkaufst\u00fcten darstellt. Er ist in den Farben Schwarz, Blau, [&hellip;]<\/p>\n","protected":false},"featured_media":117839,"comment_status":"closed","ping_status":"closed","template":"","meta":{"_acf_changed":false},"product_cat":[3325,4449,3321,3084,3512,3341],"product_tag":[4007,4508,3345,3342],"class_list":{"0":"post-117795","1":"product","2":"type-product","3":"status-publish","4":"has-post-thumbnail","6":"product_cat-dummy-moq-1-de","7":"product_cat-geschenktueten-und-geschenkboxen","8":"product_cat-klimafreundliche-werbegeschenke","9":"product_cat-neuheiten","10":"product_cat-taschen-tueten-und-huellen","11":"product_cat-stofftaschen","12":"product_tag-recycelt","13":"product_tag-recycelte-baumwolle-de","14":"product_tag-tragetasche-de","15":"product_tag-tragetasche","16":"tm-has-options","18":"first","19":"instock","20":"taxable","21":"shipping-taxable","22":"purchasable","23":"product-type-variable","24":"has-default-attributes"},"acf":[],"yoast_head":"<!-- This site is optimized with the Yoast SEO Premium plugin v21.2 (Yoast SEO v21.2) - https:\/\/yoast.com\/wordpress\/plugins\/seo\/ -->\n<title>Tragetasche aus recyceltem Kunststoff 70 g\/m\u00b2 ohne Druck - Gr\u00f8nt Kontor<\/title>\n<meta name=\"description\" content=\"Klimafreundliche Tragetasche aus rPET. Umweltfreundliche Einkaufstasche mit langen Henkeln. Perfekt als Geschenkt\u00fcte, Einkaufstasche oder Handout mit oder ohne Aufdruck.\" \/>\n<meta name=\"robots\" content=\"index, follow, max-snippet:-1, max-image-preview:large, max-video-preview:-1\" \/>\n<link rel=\"canonical\" href=\"https:\/\/grontkontor.dk\/de\/shop\/mulepose-genanvendt-plast-70-gsm-m-u-tryk\/\" \/>\n<meta property=\"og:locale\" content=\"de_DE\" \/>\n<meta property=\"og:type\" content=\"article\" \/>\n<meta property=\"og:title\" content=\"Tragetasche aus recyceltem Kunststoff 70 g\/m\u00b2 ohne Druck\" \/>\n<meta property=\"og:description\" content=\"Klimafreundliche Tragetasche aus rPET. Umweltfreundliche Einkaufstasche mit langen Henkeln. Perfekt als Geschenkt\u00fcte, Einkaufstasche oder Handout mit oder ohne Aufdruck.\" \/>\n<meta property=\"og:url\" content=\"https:\/\/grontkontor.dk\/de\/shop\/mulepose-genanvendt-plast-70-gsm-m-u-tryk\/\" \/>\n<meta property=\"og:site_name\" content=\"Gr\u00f8nt Kontor\" \/>\n<meta property=\"article:publisher\" content=\"https:\/\/www.facebook.com\/grontkontor.dk\/\" \/>\n<meta property=\"article:modified_time\" content=\"2025-09-19T18:22:51+00:00\" \/>\n<meta property=\"og:image\" content=\"https:\/\/grontkontor.dk\/wp-content\/uploads\/2023\/09\/recycled-mulepose-bomuld-120-gsm-1.jpg\" \/>\n\t<meta property=\"og:image:width\" content=\"900\" \/>\n\t<meta property=\"og:image:height\" content=\"639\" \/>\n\t<meta property=\"og:image:type\" content=\"image\/jpeg\" \/>\n<meta name=\"twitter:card\" content=\"summary_large_image\" \/>\n<meta name=\"twitter:label1\" content=\"Gesch\u00e4tzte Lesezeit\" \/>\n\t<meta name=\"twitter:data1\" content=\"2\u00a0Minuten\" \/>\n<script type=\"application\/ld+json\" class=\"yoast-schema-graph\">{\"@context\":\"https:\/\/schema.org\",\"@graph\":[{\"@type\":\"WebPage\",\"@id\":\"https:\/\/grontkontor.dk\/de\/shop\/mulepose-genanvendt-plast-70-gsm-m-u-tryk\/\",\"url\":\"https:\/\/grontkontor.dk\/de\/shop\/mulepose-genanvendt-plast-70-gsm-m-u-tryk\/\",\"name\":\"Tragetasche aus recyceltem Kunststoff 70 g\/m\u00b2 ohne Druck - Gr\u00f8nt Kontor\",\"isPartOf\":{\"@id\":\"https:\/\/grontkontor.dk\/#website\"},\"datePublished\":\"2025-01-07T09:22:26+00:00\",\"dateModified\":\"2025-09-19T18:22:51+00:00\",\"description\":\"Klimafreundliche Tragetasche aus rPET. Umweltfreundliche Einkaufstasche mit langen Henkeln. Perfekt als Geschenkt\u00fcte, Einkaufstasche oder Handout mit oder ohne Aufdruck.\",\"breadcrumb\":{\"@id\":\"https:\/\/grontkontor.dk\/de\/shop\/mulepose-genanvendt-plast-70-gsm-m-u-tryk\/#breadcrumb\"},\"inLanguage\":\"de\",\"potentialAction\":[{\"@type\":\"ReadAction\",\"target\":[\"https:\/\/grontkontor.dk\/de\/shop\/mulepose-genanvendt-plast-70-gsm-m-u-tryk\/\"]}]},{\"@type\":\"BreadcrumbList\",\"@id\":\"https:\/\/grontkontor.dk\/de\/shop\/mulepose-genanvendt-plast-70-gsm-m-u-tryk\/#breadcrumb\",\"itemListElement\":[{\"@type\":\"ListItem\",\"position\":1,\"name\":\"Forside\",\"item\":\"https:\/\/grontkontor.dk\/de\/\"},{\"@type\":\"ListItem\",\"position\":2,\"name\":\"Laden\",\"item\":\"https:\/\/grontkontor.dk\/de\/laden\/\"},{\"@type\":\"ListItem\",\"position\":3,\"name\":\"Dummy MOQ 1\",\"item\":\"https:\/\/grontkontor.dk\/produkt-kategori\/dummy-moq-1\/\"},{\"@type\":\"ListItem\",\"position\":4,\"name\":\"Tragetasche aus recyceltem Kunststoff 70 g\/m\u00b2 ohne Druck\"}]},{\"@type\":\"WebSite\",\"@id\":\"https:\/\/grontkontor.dk\/#website\",\"url\":\"https:\/\/grontkontor.dk\/\",\"name\":\"Gr\u00f8nt Kontor\",\"description\":\"Milj\u00f8venlige produkter til kontor og erhverv med fokus p\u00e5 b\u00e6redygtighed, design og fair trade.\",\"publisher\":{\"@id\":\"https:\/\/grontkontor.dk\/#organization\"},\"potentialAction\":[{\"@type\":\"SearchAction\",\"target\":{\"@type\":\"EntryPoint\",\"urlTemplate\":\"https:\/\/grontkontor.dk\/?s={search_term_string}\"},\"query-input\":\"required name=search_term_string\"}],\"inLanguage\":\"de\"},{\"@type\":\"Organization\",\"@id\":\"https:\/\/grontkontor.dk\/#organization\",\"name\":\"Gr\u00f8nt Kontor\",\"url\":\"https:\/\/grontkontor.dk\/\",\"logo\":{\"@type\":\"ImageObject\",\"inLanguage\":\"de\",\"@id\":\"https:\/\/grontkontor.dk\/#\/schema\/logo\/image\/\",\"url\":\"https:\/\/grontkontor.dk\/wp-content\/uploads\/2014\/02\/Logo_groent_kontor_300x80.png\",\"contentUrl\":\"https:\/\/grontkontor.dk\/wp-content\/uploads\/2014\/02\/Logo_groent_kontor_300x80.png\",\"width\":300,\"height\":80,\"caption\":\"Gr\u00f8nt Kontor\"},\"image\":{\"@id\":\"https:\/\/grontkontor.dk\/#\/schema\/logo\/image\/\"},\"sameAs\":[\"https:\/\/www.facebook.com\/grontkontor.dk\/\"]}]}<\/script>\n<!-- \/ Yoast SEO Premium plugin. -->","yoast_head_json":{"title":"Tragetasche aus recyceltem Kunststoff 70 g\/m\u00b2 ohne Druck - Gr\u00f8nt Kontor","description":"Klimafreundliche Tragetasche aus rPET. Umweltfreundliche Einkaufstasche mit langen Henkeln. Perfekt als Geschenkt\u00fcte, Einkaufstasche oder Handout mit oder ohne Aufdruck.","robots":{"index":"index","follow":"follow","max-snippet":"max-snippet:-1","max-image-preview":"max-image-preview:large","max-video-preview":"max-video-preview:-1"},"canonical":"https:\/\/grontkontor.dk\/de\/shop\/mulepose-genanvendt-plast-70-gsm-m-u-tryk\/","og_locale":"de_DE","og_type":"article","og_title":"Tragetasche aus recyceltem Kunststoff 70 g\/m\u00b2 ohne Druck","og_description":"Klimafreundliche Tragetasche aus rPET. Umweltfreundliche Einkaufstasche mit langen Henkeln. Perfekt als Geschenkt\u00fcte, Einkaufstasche oder Handout mit oder ohne Aufdruck.","og_url":"https:\/\/grontkontor.dk\/de\/shop\/mulepose-genanvendt-plast-70-gsm-m-u-tryk\/","og_site_name":"Gr\u00f8nt Kontor","article_publisher":"https:\/\/www.facebook.com\/grontkontor.dk\/","article_modified_time":"2025-09-19T18:22:51+00:00","og_image":[{"width":900,"height":639,"url":"https:\/\/grontkontor.dk\/wp-content\/uploads\/2023\/09\/recycled-mulepose-bomuld-120-gsm-1.jpg","type":"image\/jpeg"}],"twitter_card":"summary_large_image","twitter_misc":{"Gesch\u00e4tzte Lesezeit":"2\u00a0Minuten"},"schema":{"@context":"https:\/\/schema.org","@graph":[{"@type":"WebPage","@id":"https:\/\/grontkontor.dk\/de\/shop\/mulepose-genanvendt-plast-70-gsm-m-u-tryk\/","url":"https:\/\/grontkontor.dk\/de\/shop\/mulepose-genanvendt-plast-70-gsm-m-u-tryk\/","name":"Tragetasche aus recyceltem Kunststoff 70 g\/m\u00b2 ohne Druck - Gr\u00f8nt Kontor","isPartOf":{"@id":"https:\/\/grontkontor.dk\/#website"},"datePublished":"2025-01-07T09:22:26+00:00","dateModified":"2025-09-19T18:22:51+00:00","description":"Klimafreundliche Tragetasche aus rPET. Umweltfreundliche Einkaufstasche mit langen Henkeln. Perfekt als Geschenkt\u00fcte, Einkaufstasche oder Handout mit oder ohne Aufdruck.","breadcrumb":{"@id":"https:\/\/grontkontor.dk\/de\/shop\/mulepose-genanvendt-plast-70-gsm-m-u-tryk\/#breadcrumb"},"inLanguage":"de","potentialAction":[{"@type":"ReadAction","target":["https:\/\/grontkontor.dk\/de\/shop\/mulepose-genanvendt-plast-70-gsm-m-u-tryk\/"]}]},{"@type":"BreadcrumbList","@id":"https:\/\/grontkontor.dk\/de\/shop\/mulepose-genanvendt-plast-70-gsm-m-u-tryk\/#breadcrumb","itemListElement":[{"@type":"ListItem","position":1,"name":"Forside","item":"https:\/\/grontkontor.dk\/de\/"},{"@type":"ListItem","position":2,"name":"Laden","item":"https:\/\/grontkontor.dk\/de\/laden\/"},{"@type":"ListItem","position":3,"name":"Dummy MOQ 1","item":"https:\/\/grontkontor.dk\/produkt-kategori\/dummy-moq-1\/"},{"@type":"ListItem","position":4,"name":"Tragetasche aus recyceltem Kunststoff 70 g\/m\u00b2 ohne Druck"}]},{"@type":"WebSite","@id":"https:\/\/grontkontor.dk\/#website","url":"https:\/\/grontkontor.dk\/","name":"Gr\u00f8nt Kontor","description":"Milj\u00f8venlige produkter til kontor og erhverv med fokus p\u00e5 b\u00e6redygtighed, design og fair trade.","publisher":{"@id":"https:\/\/grontkontor.dk\/#organization"},"potentialAction":[{"@type":"SearchAction","target":{"@type":"EntryPoint","urlTemplate":"https:\/\/grontkontor.dk\/?s={search_term_string}"},"query-input":"required name=search_term_string"}],"inLanguage":"de"},{"@type":"Organization","@id":"https:\/\/grontkontor.dk\/#organization","name":"Gr\u00f8nt Kontor","url":"https:\/\/grontkontor.dk\/","logo":{"@type":"ImageObject","inLanguage":"de","@id":"https:\/\/grontkontor.dk\/#\/schema\/logo\/image\/","url":"https:\/\/grontkontor.dk\/wp-content\/uploads\/2014\/02\/Logo_groent_kontor_300x80.png","contentUrl":"https:\/\/grontkontor.dk\/wp-content\/uploads\/2014\/02\/Logo_groent_kontor_300x80.png","width":300,"height":80,"caption":"Gr\u00f8nt Kontor"},"image":{"@id":"https:\/\/grontkontor.dk\/#\/schema\/logo\/image\/"},"sameAs":["https:\/\/www.facebook.com\/grontkontor.dk\/"]}]}},"_links":{"self":[{"href":"https:\/\/grontkontor.dk\/de\/wp-json\/wp\/v2\/product\/117795"}],"collection":[{"href":"https:\/\/grontkontor.dk\/de\/wp-json\/wp\/v2\/product"}],"about":[{"href":"https:\/\/grontkontor.dk\/de\/wp-json\/wp\/v2\/types\/product"}],"replies":[{"embeddable":true,"href":"https:\/\/grontkontor.dk\/de\/wp-json\/wp\/v2\/comments?post=117795"}],"wp:featuredmedia":[{"embeddable":true,"href":"https:\/\/grontkontor.dk\/de\/wp-json\/wp\/v2\/media\/117839"}],"wp:attachment":[{"href":"https:\/\/grontkontor.dk\/de\/wp-json\/wp\/v2\/media?parent=117795"}],"wp:term":[{"taxonomy":"product_cat","embeddable":true,"href":"https:\/\/grontkontor.dk\/de\/wp-json\/wp\/v2\/product_cat?post=117795"},{"taxonomy":"product_tag","embeddable":true,"href":"https:\/\/grontkontor.dk\/de\/wp-json\/wp\/v2\/product_tag?post=117795"}],"curies":[{"name":"wp","href":"https:\/\/api.w.org\/{rel}","templated":true}]}}