{"id":117969,"date":"2025-01-09T09:41:42","date_gmt":"2025-01-09T08:41:45","guid":{"rendered":"https:\/\/grontkontor.dk\/?post_type=product&#038;p=117969"},"modified":"2025-01-17T13:20:01","modified_gmt":"2025-01-17T12:20:01","slug":"kuglepen-recycled-aluminium","status":"publish","type":"product","link":"https:\/\/grontkontor.dk\/de\/shop\/kuglepen-recycled-aluminium\/","title":{"rendered":"Kugelschreiber, recyceltes Aluminium"},"content":{"rendered":"<p>Umweltfreundlicher Kugelschreiber aus recyceltem Aluminium. Erh\u00e4ltlich in Blau, Schwarz, Wei\u00df, Rot, Orange, Gr\u00fcn, Dunkelblau und klassischem Stahl. Ein robustes und preiswertes Produkt, das zirkul\u00e4res Denken f\u00f6rdert. <\/p>\n<p>Recyceltes Aluminium ist ein Material, das nahezu unendlich recycelt werden kann, ohne seine urspr\u00fcnglichen Eigenschaften zu verlieren. Recyceltes Aluminium verbraucht im Vergleich zu herk\u00f6mmlichem Aluminium weniger Energie und weniger Schadstoffe im Herstellungsprozess.<\/p>\n<p>[grs_s]<\/p>\n<p>&nbsp;<\/p>\n<p><img loading=\"lazy\" decoding=\"async\" src=\"https:\/\/grontkontor.dk\/wp-content\/uploads\/2021\/02\/genbrug.jpg\" alt=\"Fremstillet af genbrugsmaterialer\" width=\"50\" height=\"50\" class=\"size-full wp-image-23031\" srcset=\"https:\/\/grontkontor.dk\/wp-content\/uploads\/2021\/02\/genbrug.jpg 199w, https:\/\/grontkontor.dk\/wp-content\/uploads\/2021\/02\/genbrug-100x100.jpg 100w\" sizes=\"(max-width: 50px) 100vw, 50px\" \/> <span style=\"font-family: Arial, sans-serif;\"><span style=\"font-size: medium;\"><a href=\"https:\/\/textileexchange.org\/standards\/recycled-claim-standard-global-recycled-standard\/\"><img loading=\"lazy\" decoding=\"async\" src=\"https:\/\/grontkontor.dk\/wp-content\/uploads\/2021\/06\/global-recycled-standard-1.jpg\" alt=\"Global recycled standard\" width=\"50\" height=\"50\" class=\"size-full wp-image-25504\" \/> <\/a><\/span><\/span><\/p>\n","protected":false},"excerpt":{"rendered":"<p>Umweltfreundlicher Kugelschreiber aus recyceltem Aluminium. Erh\u00e4ltlich in Blau, Schwarz, Wei\u00df, Rot, Orange, Gr\u00fcn, Dunkelblau und klassischem Stahl. Ein robustes und preiswertes Produkt, das zirkul\u00e4res Denken f\u00f6rdert. Recyceltes Aluminium ist ein Material, das nahezu unendlich recycelt werden kann, ohne seine urspr\u00fcnglichen Eigenschaften zu verlieren. Recyceltes Aluminium verbraucht im Vergleich zu herk\u00f6mmlichem Aluminium weniger Energie und weniger [&hellip;]<\/p>\n","protected":false},"featured_media":118017,"comment_status":"closed","ping_status":"closed","template":"","meta":{"_acf_changed":false},"product_cat":[3431,3325,4403,3084,3423,3424],"product_tag":[3432,3427],"class_list":{"0":"post-117969","1":"product","2":"type-product","3":"status-publish","4":"has-post-thumbnail","6":"product_cat-bedruckte-stifte","7":"product_cat-dummy-moq-1-de","8":"product_cat-kugelschreiber-und-bleistifte","9":"product_cat-neuheiten","10":"product_cat-schreib-und-zeigegeraete","11":"product_cat-stifte","12":"product_tag-feder","13":"product_tag-kugelschreiber","14":"pa_farve-blau","15":"pa_farve-dunkelblau","16":"pa_farve-gruen","17":"pa_farve-orange-de","18":"pa_farve-rot","19":"pa_farve-schwarz","20":"pa_farve-silber","21":"pa_farve-weiss","22":"tm-has-options","24":"first","25":"instock","26":"taxable","27":"shipping-taxable","28":"purchasable","29":"product-type-variable","30":"has-default-attributes"},"acf":[],"yoast_head":"<!-- This site is optimized with the Yoast SEO Premium plugin v21.2 (Yoast SEO v21.2) - https:\/\/yoast.com\/wordpress\/plugins\/seo\/ -->\n<title>Kugelschreiber, recyceltes Aluminium - Gr\u00f8nt Kontor<\/title>\n<meta name=\"robots\" content=\"index, follow, max-snippet:-1, max-image-preview:large, max-video-preview:-1\" \/>\n<link rel=\"canonical\" href=\"https:\/\/grontkontor.dk\/de\/shop\/kuglepen-recycled-aluminium\/\" \/>\n<meta property=\"og:locale\" content=\"de_DE\" \/>\n<meta property=\"og:type\" content=\"article\" \/>\n<meta property=\"og:title\" content=\"Kugelschreiber, recyceltes Aluminium\" \/>\n<meta property=\"og:description\" content=\"Umweltfreundlicher Kugelschreiber aus recyceltem Aluminium. Erh\u00e4ltlich in Blau, Schwarz, Wei\u00df, Rot, Orange, Gr\u00fcn, Dunkelblau und klassischem Stahl. Ein robustes und preiswertes Produkt, das zirkul\u00e4res Denken f\u00f6rdert. Recyceltes Aluminium ist ein Material, das nahezu unendlich recycelt werden kann, ohne seine urspr\u00fcnglichen Eigenschaften zu verlieren. Recyceltes Aluminium verbraucht im Vergleich zu herk\u00f6mmlichem Aluminium weniger Energie und weniger [&hellip;]\" \/>\n<meta property=\"og:url\" content=\"https:\/\/grontkontor.dk\/de\/shop\/kuglepen-recycled-aluminium\/\" \/>\n<meta property=\"og:site_name\" content=\"Gr\u00f8nt Kontor\" \/>\n<meta property=\"article:publisher\" content=\"https:\/\/www.facebook.com\/grontkontor.dk\/\" \/>\n<meta property=\"article:modified_time\" content=\"2025-01-17T12:20:01+00:00\" \/>\n<meta property=\"og:image\" content=\"https:\/\/grontkontor.dk\/wp-content\/uploads\/2025\/01\/Klimavenlig-kuglepen-i-genanvendt-aluminium-collage-1.jpg\" \/>\n\t<meta property=\"og:image:width\" content=\"900\" \/>\n\t<meta property=\"og:image:height\" content=\"639\" \/>\n\t<meta property=\"og:image:type\" content=\"image\/jpeg\" \/>\n<meta name=\"twitter:card\" content=\"summary_large_image\" \/>\n<script type=\"application\/ld+json\" class=\"yoast-schema-graph\">{\"@context\":\"https:\/\/schema.org\",\"@graph\":[{\"@type\":\"WebPage\",\"@id\":\"https:\/\/grontkontor.dk\/de\/shop\/kuglepen-recycled-aluminium\/\",\"url\":\"https:\/\/grontkontor.dk\/de\/shop\/kuglepen-recycled-aluminium\/\",\"name\":\"Kugelschreiber, recyceltes Aluminium - Gr\u00f8nt Kontor\",\"isPartOf\":{\"@id\":\"https:\/\/grontkontor.dk\/#website\"},\"datePublished\":\"2025-01-09T08:41:45+00:00\",\"dateModified\":\"2025-01-17T12:20:01+00:00\",\"breadcrumb\":{\"@id\":\"https:\/\/grontkontor.dk\/de\/shop\/kuglepen-recycled-aluminium\/#breadcrumb\"},\"inLanguage\":\"de\",\"potentialAction\":[{\"@type\":\"ReadAction\",\"target\":[\"https:\/\/grontkontor.dk\/de\/shop\/kuglepen-recycled-aluminium\/\"]}]},{\"@type\":\"BreadcrumbList\",\"@id\":\"https:\/\/grontkontor.dk\/de\/shop\/kuglepen-recycled-aluminium\/#breadcrumb\",\"itemListElement\":[{\"@type\":\"ListItem\",\"position\":1,\"name\":\"Forside\",\"item\":\"https:\/\/grontkontor.dk\/de\/\"},{\"@type\":\"ListItem\",\"position\":2,\"name\":\"Laden\",\"item\":\"https:\/\/grontkontor.dk\/de\/laden\/\"},{\"@type\":\"ListItem\",\"position\":3,\"name\":\"Skrive- og pegeudstyr\",\"item\":\"https:\/\/grontkontor.dk\/produkt-kategori\/skrive-og-pegeudstyr\/\"},{\"@type\":\"ListItem\",\"position\":4,\"name\":\"Kuglepenne\",\"item\":\"https:\/\/grontkontor.dk\/produkt-kategori\/skrive-og-pegeudstyr\/kuglepenne\/\"},{\"@type\":\"ListItem\",\"position\":5,\"name\":\"Kugelschreiber, recyceltes Aluminium\"}]},{\"@type\":\"WebSite\",\"@id\":\"https:\/\/grontkontor.dk\/#website\",\"url\":\"https:\/\/grontkontor.dk\/\",\"name\":\"Gr\u00f8nt Kontor\",\"description\":\"Milj\u00f8venlige produkter til kontor og erhverv med fokus p\u00e5 b\u00e6redygtighed, design og fair trade.\",\"publisher\":{\"@id\":\"https:\/\/grontkontor.dk\/#organization\"},\"potentialAction\":[{\"@type\":\"SearchAction\",\"target\":{\"@type\":\"EntryPoint\",\"urlTemplate\":\"https:\/\/grontkontor.dk\/?s={search_term_string}\"},\"query-input\":\"required name=search_term_string\"}],\"inLanguage\":\"de\"},{\"@type\":\"Organization\",\"@id\":\"https:\/\/grontkontor.dk\/#organization\",\"name\":\"Gr\u00f8nt Kontor\",\"url\":\"https:\/\/grontkontor.dk\/\",\"logo\":{\"@type\":\"ImageObject\",\"inLanguage\":\"de\",\"@id\":\"https:\/\/grontkontor.dk\/#\/schema\/logo\/image\/\",\"url\":\"https:\/\/grontkontor.dk\/wp-content\/uploads\/2014\/02\/Logo_groent_kontor_300x80.png\",\"contentUrl\":\"https:\/\/grontkontor.dk\/wp-content\/uploads\/2014\/02\/Logo_groent_kontor_300x80.png\",\"width\":300,\"height\":80,\"caption\":\"Gr\u00f8nt Kontor\"},\"image\":{\"@id\":\"https:\/\/grontkontor.dk\/#\/schema\/logo\/image\/\"},\"sameAs\":[\"https:\/\/www.facebook.com\/grontkontor.dk\/\"]}]}<\/script>\n<!-- \/ Yoast SEO Premium plugin. -->","yoast_head_json":{"title":"Kugelschreiber, recyceltes Aluminium - Gr\u00f8nt Kontor","robots":{"index":"index","follow":"follow","max-snippet":"max-snippet:-1","max-image-preview":"max-image-preview:large","max-video-preview":"max-video-preview:-1"},"canonical":"https:\/\/grontkontor.dk\/de\/shop\/kuglepen-recycled-aluminium\/","og_locale":"de_DE","og_type":"article","og_title":"Kugelschreiber, recyceltes Aluminium","og_description":"Umweltfreundlicher Kugelschreiber aus recyceltem Aluminium. Erh\u00e4ltlich in Blau, Schwarz, Wei\u00df, Rot, Orange, Gr\u00fcn, Dunkelblau und klassischem Stahl. Ein robustes und preiswertes Produkt, das zirkul\u00e4res Denken f\u00f6rdert. Recyceltes Aluminium ist ein Material, das nahezu unendlich recycelt werden kann, ohne seine urspr\u00fcnglichen Eigenschaften zu verlieren. Recyceltes Aluminium verbraucht im Vergleich zu herk\u00f6mmlichem Aluminium weniger Energie und weniger [&hellip;]","og_url":"https:\/\/grontkontor.dk\/de\/shop\/kuglepen-recycled-aluminium\/","og_site_name":"Gr\u00f8nt Kontor","article_publisher":"https:\/\/www.facebook.com\/grontkontor.dk\/","article_modified_time":"2025-01-17T12:20:01+00:00","og_image":[{"width":900,"height":639,"url":"https:\/\/grontkontor.dk\/wp-content\/uploads\/2025\/01\/Klimavenlig-kuglepen-i-genanvendt-aluminium-collage-1.jpg","type":"image\/jpeg"}],"twitter_card":"summary_large_image","schema":{"@context":"https:\/\/schema.org","@graph":[{"@type":"WebPage","@id":"https:\/\/grontkontor.dk\/de\/shop\/kuglepen-recycled-aluminium\/","url":"https:\/\/grontkontor.dk\/de\/shop\/kuglepen-recycled-aluminium\/","name":"Kugelschreiber, recyceltes Aluminium - Gr\u00f8nt Kontor","isPartOf":{"@id":"https:\/\/grontkontor.dk\/#website"},"datePublished":"2025-01-09T08:41:45+00:00","dateModified":"2025-01-17T12:20:01+00:00","breadcrumb":{"@id":"https:\/\/grontkontor.dk\/de\/shop\/kuglepen-recycled-aluminium\/#breadcrumb"},"inLanguage":"de","potentialAction":[{"@type":"ReadAction","target":["https:\/\/grontkontor.dk\/de\/shop\/kuglepen-recycled-aluminium\/"]}]},{"@type":"BreadcrumbList","@id":"https:\/\/grontkontor.dk\/de\/shop\/kuglepen-recycled-aluminium\/#breadcrumb","itemListElement":[{"@type":"ListItem","position":1,"name":"Forside","item":"https:\/\/grontkontor.dk\/de\/"},{"@type":"ListItem","position":2,"name":"Laden","item":"https:\/\/grontkontor.dk\/de\/laden\/"},{"@type":"ListItem","position":3,"name":"Skrive- og pegeudstyr","item":"https:\/\/grontkontor.dk\/produkt-kategori\/skrive-og-pegeudstyr\/"},{"@type":"ListItem","position":4,"name":"Kuglepenne","item":"https:\/\/grontkontor.dk\/produkt-kategori\/skrive-og-pegeudstyr\/kuglepenne\/"},{"@type":"ListItem","position":5,"name":"Kugelschreiber, recyceltes Aluminium"}]},{"@type":"WebSite","@id":"https:\/\/grontkontor.dk\/#website","url":"https:\/\/grontkontor.dk\/","name":"Gr\u00f8nt Kontor","description":"Milj\u00f8venlige produkter til kontor og erhverv med fokus p\u00e5 b\u00e6redygtighed, design og fair trade.","publisher":{"@id":"https:\/\/grontkontor.dk\/#organization"},"potentialAction":[{"@type":"SearchAction","target":{"@type":"EntryPoint","urlTemplate":"https:\/\/grontkontor.dk\/?s={search_term_string}"},"query-input":"required name=search_term_string"}],"inLanguage":"de"},{"@type":"Organization","@id":"https:\/\/grontkontor.dk\/#organization","name":"Gr\u00f8nt Kontor","url":"https:\/\/grontkontor.dk\/","logo":{"@type":"ImageObject","inLanguage":"de","@id":"https:\/\/grontkontor.dk\/#\/schema\/logo\/image\/","url":"https:\/\/grontkontor.dk\/wp-content\/uploads\/2014\/02\/Logo_groent_kontor_300x80.png","contentUrl":"https:\/\/grontkontor.dk\/wp-content\/uploads\/2014\/02\/Logo_groent_kontor_300x80.png","width":300,"height":80,"caption":"Gr\u00f8nt Kontor"},"image":{"@id":"https:\/\/grontkontor.dk\/#\/schema\/logo\/image\/"},"sameAs":["https:\/\/www.facebook.com\/grontkontor.dk\/"]}]}},"_links":{"self":[{"href":"https:\/\/grontkontor.dk\/de\/wp-json\/wp\/v2\/product\/117969"}],"collection":[{"href":"https:\/\/grontkontor.dk\/de\/wp-json\/wp\/v2\/product"}],"about":[{"href":"https:\/\/grontkontor.dk\/de\/wp-json\/wp\/v2\/types\/product"}],"replies":[{"embeddable":true,"href":"https:\/\/grontkontor.dk\/de\/wp-json\/wp\/v2\/comments?post=117969"}],"wp:featuredmedia":[{"embeddable":true,"href":"https:\/\/grontkontor.dk\/de\/wp-json\/wp\/v2\/media\/118017"}],"wp:attachment":[{"href":"https:\/\/grontkontor.dk\/de\/wp-json\/wp\/v2\/media?parent=117969"}],"wp:term":[{"taxonomy":"product_cat","embeddable":true,"href":"https:\/\/grontkontor.dk\/de\/wp-json\/wp\/v2\/product_cat?post=117969"},{"taxonomy":"product_tag","embeddable":true,"href":"https:\/\/grontkontor.dk\/de\/wp-json\/wp\/v2\/product_tag?post=117969"}],"curies":[{"name":"wp","href":"https:\/\/api.w.org\/{rel}","templated":true}]}}