{"id":118171,"date":"2025-01-14T10:10:51","date_gmt":"2025-01-14T09:10:53","guid":{"rendered":"https:\/\/grontkontor.dk\/?post_type=product&#038;p=118171"},"modified":"2025-01-17T13:20:16","modified_gmt":"2025-01-17T12:20:16","slug":"notesbog-i-genanvendt-plast-og-kork","status":"publish","type":"product","link":"https:\/\/grontkontor.dk\/de\/shop\/notesbog-i-genanvendt-plast-og-kork\/","title":{"rendered":"Notizbuch aus recyceltem Kunststoff und Kork"},"content":{"rendered":"<p data-pm-slice=\"0 0 []\">A5 Notizblock mit Hardcover aus rPET und Korkr\u00fccken. Enth\u00e4lt 160 linierte Seiten, ebenfalls aus Recyclingpapier. Erh\u00e4ltlich in den Farben Natur, Grau, Blau und Schwarz.  <\/p>\n<p data-pm-slice=\"0 0 []\">Ein klimafreundliches Produkt, das sich perfekt als Handout \/ Giveaway f\u00fcr Studentenmessen, Konferenzen oder andere Veranstaltungen eignet.<\/p>\n<p>Kann mit Logodruck geliefert werden.<\/p>\n<p>[papir-recycled]<\/p>\n<p>[rpet_s]<br \/>\n[kork_s]<br \/>\n[grs_s]<\/p>\n<p>&nbsp;<\/p>\n<p><img loading=\"lazy\" decoding=\"async\" src=\"https:\/\/grontkontor.dk\/wp-content\/uploads\/2021\/02\/genbrug.jpg\" alt=\"Fremstillet af genbrugsmaterialer\" width=\"50\" height=\"50\" class=\"size-full wp-image-23031\" srcset=\"https:\/\/grontkontor.dk\/wp-content\/uploads\/2021\/02\/genbrug.jpg 199w, https:\/\/grontkontor.dk\/wp-content\/uploads\/2021\/02\/genbrug-100x100.jpg 100w\" sizes=\"(max-width: 50px) 100vw, 50px\" \/><a href=\"https:\/\/textileexchange.org\/standards\/recycled-claim-standard-global-recycled-standard\/\"><img loading=\"lazy\" decoding=\"async\" src=\"https:\/\/grontkontor.dk\/wp-content\/uploads\/2021\/06\/global-recycled-standard-1.jpg\" alt=\"Global recycled standard\" width=\"50\" height=\"50\" class=\"size-full wp-image-25504\" \/> <\/a><\/p>\n","protected":false},"excerpt":{"rendered":"<p>A5 Notizblock mit Hardcover aus rPET und Korkr\u00fccken. Enth\u00e4lt 160 linierte Seiten, ebenfalls aus Recyclingpapier. Erh\u00e4ltlich in den Farben Natur, Grau, Blau und Schwarz. Ein klimafreundliches Produkt, das sich perfekt als Handout \/ Giveaway f\u00fcr Studentenmessen, Konferenzen oder andere Veranstaltungen eignet. Kann mit Logodruck geliefert werden. [papir-recycled] [rpet_s] [kork_s] [grs_s] &nbsp;<\/p>\n","protected":false},"featured_media":118213,"comment_status":"closed","ping_status":"closed","template":"","meta":{"_acf_changed":false},"product_cat":[3325,3084,3728,3604],"product_tag":[3729,3608],"class_list":{"0":"post-118171","1":"product","2":"type-product","3":"status-publish","4":"has-post-thumbnail","6":"product_cat-dummy-moq-1-de","7":"product_cat-neuheiten","8":"product_cat-notizbloecke","9":"product_cat-papier-und-bloecke","10":"product_tag-notizblock","11":"product_tag-notizbuch","12":"pa_farve-blau","13":"pa_farve-grau-de","14":"pa_farve-natur-de","15":"pa_farve-schwarz","16":"tm-has-options","18":"first","19":"instock","20":"taxable","21":"shipping-taxable","22":"purchasable","23":"product-type-variable","24":"has-default-attributes"},"acf":[],"yoast_head":"<!-- This site is optimized with the Yoast SEO Premium plugin v21.2 (Yoast SEO v21.2) - https:\/\/yoast.com\/wordpress\/plugins\/seo\/ -->\n<title>Notizbuch aus recyceltem Kunststoff und Kork - Gr\u00f8nt Kontor<\/title>\n<meta name=\"robots\" content=\"index, follow, max-snippet:-1, max-image-preview:large, max-video-preview:-1\" \/>\n<link rel=\"canonical\" href=\"https:\/\/grontkontor.dk\/de\/shop\/notesbog-i-genanvendt-plast-og-kork\/\" \/>\n<meta property=\"og:locale\" content=\"de_DE\" \/>\n<meta property=\"og:type\" content=\"article\" \/>\n<meta property=\"og:title\" content=\"Notizbuch aus recyceltem Kunststoff und Kork\" \/>\n<meta property=\"og:description\" content=\"A5 Notizblock mit Hardcover aus rPET und Korkr\u00fccken. Enth\u00e4lt 160 linierte Seiten, ebenfalls aus Recyclingpapier. Erh\u00e4ltlich in den Farben Natur, Grau, Blau und Schwarz. Ein klimafreundliches Produkt, das sich perfekt als Handout \/ Giveaway f\u00fcr Studentenmessen, Konferenzen oder andere Veranstaltungen eignet. Kann mit Logodruck geliefert werden. [papir-recycled] [rpet_s] [kork_s] [grs_s] &nbsp;\" \/>\n<meta property=\"og:url\" content=\"https:\/\/grontkontor.dk\/de\/shop\/notesbog-i-genanvendt-plast-og-kork\/\" \/>\n<meta property=\"og:site_name\" content=\"Gr\u00f8nt Kontor\" \/>\n<meta property=\"article:publisher\" content=\"https:\/\/www.facebook.com\/grontkontor.dk\/\" \/>\n<meta property=\"article:modified_time\" content=\"2025-01-17T12:20:16+00:00\" \/>\n<meta property=\"og:image\" content=\"https:\/\/grontkontor.dk\/wp-content\/uploads\/2024\/08\/Klimavenlig-notesbog-i-frugtpapir-collage.jpg\" \/>\n\t<meta property=\"og:image:width\" content=\"900\" \/>\n\t<meta property=\"og:image:height\" content=\"639\" \/>\n\t<meta property=\"og:image:type\" content=\"image\/jpeg\" \/>\n<meta name=\"twitter:card\" content=\"summary_large_image\" \/>\n<meta name=\"twitter:label1\" content=\"Gesch\u00e4tzte Lesezeit\" \/>\n\t<meta name=\"twitter:data1\" content=\"1\u00a0Minute\" \/>\n<script type=\"application\/ld+json\" class=\"yoast-schema-graph\">{\"@context\":\"https:\/\/schema.org\",\"@graph\":[{\"@type\":\"WebPage\",\"@id\":\"https:\/\/grontkontor.dk\/de\/shop\/notesbog-i-genanvendt-plast-og-kork\/\",\"url\":\"https:\/\/grontkontor.dk\/de\/shop\/notesbog-i-genanvendt-plast-og-kork\/\",\"name\":\"Notizbuch aus recyceltem Kunststoff und Kork - Gr\u00f8nt Kontor\",\"isPartOf\":{\"@id\":\"https:\/\/grontkontor.dk\/#website\"},\"datePublished\":\"2025-01-14T09:10:53+00:00\",\"dateModified\":\"2025-01-17T12:20:16+00:00\",\"breadcrumb\":{\"@id\":\"https:\/\/grontkontor.dk\/de\/shop\/notesbog-i-genanvendt-plast-og-kork\/#breadcrumb\"},\"inLanguage\":\"de\",\"potentialAction\":[{\"@type\":\"ReadAction\",\"target\":[\"https:\/\/grontkontor.dk\/de\/shop\/notesbog-i-genanvendt-plast-og-kork\/\"]}]},{\"@type\":\"BreadcrumbList\",\"@id\":\"https:\/\/grontkontor.dk\/de\/shop\/notesbog-i-genanvendt-plast-og-kork\/#breadcrumb\",\"itemListElement\":[{\"@type\":\"ListItem\",\"position\":1,\"name\":\"Forside\",\"item\":\"https:\/\/grontkontor.dk\/de\/\"},{\"@type\":\"ListItem\",\"position\":2,\"name\":\"Laden\",\"item\":\"https:\/\/grontkontor.dk\/de\/laden\/\"},{\"@type\":\"ListItem\",\"position\":3,\"name\":\"Papir og blokke\",\"item\":\"https:\/\/grontkontor.dk\/produkt-kategori\/papir\/\"},{\"@type\":\"ListItem\",\"position\":4,\"name\":\"Memoblokke\",\"item\":\"https:\/\/grontkontor.dk\/produkt-kategori\/papir\/memoblokke\/\"},{\"@type\":\"ListItem\",\"position\":5,\"name\":\"Notizbuch aus recyceltem Kunststoff und Kork\"}]},{\"@type\":\"WebSite\",\"@id\":\"https:\/\/grontkontor.dk\/#website\",\"url\":\"https:\/\/grontkontor.dk\/\",\"name\":\"Gr\u00f8nt Kontor\",\"description\":\"Milj\u00f8venlige produkter til kontor og erhverv med fokus p\u00e5 b\u00e6redygtighed, design og fair trade.\",\"publisher\":{\"@id\":\"https:\/\/grontkontor.dk\/#organization\"},\"potentialAction\":[{\"@type\":\"SearchAction\",\"target\":{\"@type\":\"EntryPoint\",\"urlTemplate\":\"https:\/\/grontkontor.dk\/?s={search_term_string}\"},\"query-input\":\"required name=search_term_string\"}],\"inLanguage\":\"de\"},{\"@type\":\"Organization\",\"@id\":\"https:\/\/grontkontor.dk\/#organization\",\"name\":\"Gr\u00f8nt Kontor\",\"url\":\"https:\/\/grontkontor.dk\/\",\"logo\":{\"@type\":\"ImageObject\",\"inLanguage\":\"de\",\"@id\":\"https:\/\/grontkontor.dk\/#\/schema\/logo\/image\/\",\"url\":\"https:\/\/grontkontor.dk\/wp-content\/uploads\/2014\/02\/Logo_groent_kontor_300x80.png\",\"contentUrl\":\"https:\/\/grontkontor.dk\/wp-content\/uploads\/2014\/02\/Logo_groent_kontor_300x80.png\",\"width\":300,\"height\":80,\"caption\":\"Gr\u00f8nt Kontor\"},\"image\":{\"@id\":\"https:\/\/grontkontor.dk\/#\/schema\/logo\/image\/\"},\"sameAs\":[\"https:\/\/www.facebook.com\/grontkontor.dk\/\"]}]}<\/script>\n<!-- \/ Yoast SEO Premium plugin. -->","yoast_head_json":{"title":"Notizbuch aus recyceltem Kunststoff und Kork - Gr\u00f8nt Kontor","robots":{"index":"index","follow":"follow","max-snippet":"max-snippet:-1","max-image-preview":"max-image-preview:large","max-video-preview":"max-video-preview:-1"},"canonical":"https:\/\/grontkontor.dk\/de\/shop\/notesbog-i-genanvendt-plast-og-kork\/","og_locale":"de_DE","og_type":"article","og_title":"Notizbuch aus recyceltem Kunststoff und Kork","og_description":"A5 Notizblock mit Hardcover aus rPET und Korkr\u00fccken. Enth\u00e4lt 160 linierte Seiten, ebenfalls aus Recyclingpapier. Erh\u00e4ltlich in den Farben Natur, Grau, Blau und Schwarz. Ein klimafreundliches Produkt, das sich perfekt als Handout \/ Giveaway f\u00fcr Studentenmessen, Konferenzen oder andere Veranstaltungen eignet. Kann mit Logodruck geliefert werden. [papir-recycled] [rpet_s] [kork_s] [grs_s] &nbsp;","og_url":"https:\/\/grontkontor.dk\/de\/shop\/notesbog-i-genanvendt-plast-og-kork\/","og_site_name":"Gr\u00f8nt Kontor","article_publisher":"https:\/\/www.facebook.com\/grontkontor.dk\/","article_modified_time":"2025-01-17T12:20:16+00:00","og_image":[{"width":900,"height":639,"url":"https:\/\/grontkontor.dk\/wp-content\/uploads\/2024\/08\/Klimavenlig-notesbog-i-frugtpapir-collage.jpg","type":"image\/jpeg"}],"twitter_card":"summary_large_image","twitter_misc":{"Gesch\u00e4tzte Lesezeit":"1\u00a0Minute"},"schema":{"@context":"https:\/\/schema.org","@graph":[{"@type":"WebPage","@id":"https:\/\/grontkontor.dk\/de\/shop\/notesbog-i-genanvendt-plast-og-kork\/","url":"https:\/\/grontkontor.dk\/de\/shop\/notesbog-i-genanvendt-plast-og-kork\/","name":"Notizbuch aus recyceltem Kunststoff und Kork - Gr\u00f8nt Kontor","isPartOf":{"@id":"https:\/\/grontkontor.dk\/#website"},"datePublished":"2025-01-14T09:10:53+00:00","dateModified":"2025-01-17T12:20:16+00:00","breadcrumb":{"@id":"https:\/\/grontkontor.dk\/de\/shop\/notesbog-i-genanvendt-plast-og-kork\/#breadcrumb"},"inLanguage":"de","potentialAction":[{"@type":"ReadAction","target":["https:\/\/grontkontor.dk\/de\/shop\/notesbog-i-genanvendt-plast-og-kork\/"]}]},{"@type":"BreadcrumbList","@id":"https:\/\/grontkontor.dk\/de\/shop\/notesbog-i-genanvendt-plast-og-kork\/#breadcrumb","itemListElement":[{"@type":"ListItem","position":1,"name":"Forside","item":"https:\/\/grontkontor.dk\/de\/"},{"@type":"ListItem","position":2,"name":"Laden","item":"https:\/\/grontkontor.dk\/de\/laden\/"},{"@type":"ListItem","position":3,"name":"Papir og blokke","item":"https:\/\/grontkontor.dk\/produkt-kategori\/papir\/"},{"@type":"ListItem","position":4,"name":"Memoblokke","item":"https:\/\/grontkontor.dk\/produkt-kategori\/papir\/memoblokke\/"},{"@type":"ListItem","position":5,"name":"Notizbuch aus recyceltem Kunststoff und Kork"}]},{"@type":"WebSite","@id":"https:\/\/grontkontor.dk\/#website","url":"https:\/\/grontkontor.dk\/","name":"Gr\u00f8nt Kontor","description":"Milj\u00f8venlige produkter til kontor og erhverv med fokus p\u00e5 b\u00e6redygtighed, design og fair trade.","publisher":{"@id":"https:\/\/grontkontor.dk\/#organization"},"potentialAction":[{"@type":"SearchAction","target":{"@type":"EntryPoint","urlTemplate":"https:\/\/grontkontor.dk\/?s={search_term_string}"},"query-input":"required name=search_term_string"}],"inLanguage":"de"},{"@type":"Organization","@id":"https:\/\/grontkontor.dk\/#organization","name":"Gr\u00f8nt Kontor","url":"https:\/\/grontkontor.dk\/","logo":{"@type":"ImageObject","inLanguage":"de","@id":"https:\/\/grontkontor.dk\/#\/schema\/logo\/image\/","url":"https:\/\/grontkontor.dk\/wp-content\/uploads\/2014\/02\/Logo_groent_kontor_300x80.png","contentUrl":"https:\/\/grontkontor.dk\/wp-content\/uploads\/2014\/02\/Logo_groent_kontor_300x80.png","width":300,"height":80,"caption":"Gr\u00f8nt Kontor"},"image":{"@id":"https:\/\/grontkontor.dk\/#\/schema\/logo\/image\/"},"sameAs":["https:\/\/www.facebook.com\/grontkontor.dk\/"]}]}},"_links":{"self":[{"href":"https:\/\/grontkontor.dk\/de\/wp-json\/wp\/v2\/product\/118171"}],"collection":[{"href":"https:\/\/grontkontor.dk\/de\/wp-json\/wp\/v2\/product"}],"about":[{"href":"https:\/\/grontkontor.dk\/de\/wp-json\/wp\/v2\/types\/product"}],"replies":[{"embeddable":true,"href":"https:\/\/grontkontor.dk\/de\/wp-json\/wp\/v2\/comments?post=118171"}],"wp:featuredmedia":[{"embeddable":true,"href":"https:\/\/grontkontor.dk\/de\/wp-json\/wp\/v2\/media\/118213"}],"wp:attachment":[{"href":"https:\/\/grontkontor.dk\/de\/wp-json\/wp\/v2\/media?parent=118171"}],"wp:term":[{"taxonomy":"product_cat","embeddable":true,"href":"https:\/\/grontkontor.dk\/de\/wp-json\/wp\/v2\/product_cat?post=118171"},{"taxonomy":"product_tag","embeddable":true,"href":"https:\/\/grontkontor.dk\/de\/wp-json\/wp\/v2\/product_tag?post=118171"}],"curies":[{"name":"wp","href":"https:\/\/api.w.org\/{rel}","templated":true}]}}