{"id":118390,"date":"2025-01-15T13:06:29","date_gmt":"2025-01-15T12:06:34","guid":{"rendered":"https:\/\/grontkontor.dk\/?post_type=product&#038;p=118390"},"modified":"2025-01-17T13:20:21","modified_gmt":"2025-01-17T12:20:21","slug":"foldbar-kop-i-genanvendt-plast-220-ml-m-u-tryk","status":"publish","type":"product","link":"https:\/\/grontkontor.dk\/de\/shop\/foldbar-kop-i-genanvendt-plast-220-ml-m-u-tryk\/","title":{"rendered":"Faltbarer Becher aus recyceltem Kunststoff 220 ml ohne Druck"},"content":{"rendered":"<p>Klimafreundlicher faltbarer To-Go-Becher aus recyceltem PP mit einem Fassungsverm\u00f6gen von 220 ml. Wie alle unsere anderen Becher BPA-frei und f\u00fcr den Kontakt mit Lebensmitteln zugelassen. Ein Stahlkarabiner ist im Lieferumfang enthalten. Ein sch\u00f6nes und g\u00fcnstiges Produkt, perfekt f\u00fcr Werbegeschenke oder Handouts f\u00fcr Messen und Veranstaltungen. Erh\u00e4ltlich in Blau, Schwarz, Grau und Wei\u00df. <\/p>\n<p>[grs_s][rcs_s_100]<\/p>\n<p>&nbsp;<\/p>\n<p><img loading=\"lazy\" decoding=\"async\" src=\"https:\/\/grontkontor.dk\/wp-content\/uploads\/2021\/02\/genbrug.jpg\" alt=\"Fremstillet af genbrugsmaterialer\" width=\"50\" height=\"50\" class=\"size-full wp-image-23031\" srcset=\"https:\/\/grontkontor.dk\/wp-content\/uploads\/2021\/02\/genbrug.jpg 199w, https:\/\/grontkontor.dk\/wp-content\/uploads\/2021\/02\/genbrug-100x100.jpg 100w\" sizes=\"(max-width: 50px) 100vw, 50px\" \/><a href=\"https:\/\/www.scsglobalservices.com\/services\/recycled-claim-standard\"><img loading=\"lazy\" decoding=\"async\" src=\"https:\/\/grontkontor.dk\/wp-content\/uploads\/2023\/09\/recycled-claim-100-standard.png\" alt=\"\" width=\"50\" height=\"50\" class=\"alignnone size-full wp-image-24839\" \/><\/a> <a href=\"https:\/\/textileexchange.org\/standards\/recycled-claim-standard-global-recycled-standard\/\"><img loading=\"lazy\" decoding=\"async\" src=\"https:\/\/grontkontor.dk\/wp-content\/uploads\/2021\/06\/global-recycled-standard-1.jpg\" alt=\"Global recycled standard\" width=\"50\" height=\"50\" class=\"size-full wp-image-25504\" \/> <\/a><\/p>\n<p>&nbsp;<\/p>\n","protected":false},"excerpt":{"rendered":"<p>Klimafreundlicher faltbarer To-Go-Becher aus recyceltem PP mit einem Fassungsverm\u00f6gen von 220 ml. Wie alle unsere anderen Becher BPA-frei und f\u00fcr den Kontakt mit Lebensmitteln zugelassen. Ein Stahlkarabiner ist im Lieferumfang enthalten. Ein sch\u00f6nes und g\u00fcnstiges Produkt, perfekt f\u00fcr Werbegeschenke oder Handouts f\u00fcr Messen und Veranstaltungen. Erh\u00e4ltlich in Blau, Schwarz, Grau und Wei\u00df. [grs_s][rcs_s_100] &nbsp; &nbsp;<\/p>\n","protected":false},"featured_media":118503,"comment_status":"closed","ping_status":"closed","template":"","meta":{"_acf_changed":false},"product_cat":[3465,3325,3339,3084],"product_tag":[3663,3833],"class_list":{"0":"post-118390","1":"product","2":"type-product","3":"status-publish","4":"has-post-thumbnail","6":"product_cat-becher-tassen-etc","7":"product_cat-dummy-moq-1-de","8":"product_cat-essen-und-trinken","9":"product_cat-neuheiten","10":"product_tag-becher","11":"product_tag-thermo-becher","12":"pa_farve-armeegruen","13":"pa_farve-azurblau","14":"pa_farve-beige-de","15":"pa_farve-blau-de","16":"pa_farve-blau","17":"pa_farve-blau-min-15","18":"pa_farve-blau-min-100-stk","19":"pa_farve-blau-min-15-stueck","20":"pa_farve-blau-gelb","21":"pa_farve-blau-gruen-gelb","22":"pa_farve-blaue-tinte","23":"pa_farve-braun-de","24":"pa_farve-braun-de-2","25":"pa_farve-braun","26":"pa_farve-braun-mit-schwarzem-ober-und-unterteil","27":"pa_farve-browne-de","28":"pa_farve-dunkelblau","29":"pa_farve-dunkelgrau","30":"pa_farve-dunkelgrau-de","31":"pa_farve-dunkelgruen","32":"pa_farve-dunkelrot","33":"pa_farve-durchsichtig","34":"pa_farve-durchsichtig-de","35":"pa_farve-ed-de","36":"pa_farve-eiche","37":"pa_farve-fuchsia-min-100-stk-de","38":"pa_farve-gelb","39":"pa_farve-gelb-de","40":"pa_farve-gemischt","41":"pa_farve-gold-de","42":"pa_farve-graphit","43":"pa_farve-grau","44":"pa_farve-grau-de","45":"pa_farve-grau-min-100-stk","46":"pa_farve-gruen","47":"pa_farve-gruen-de","48":"pa_farve-hellblau","49":"pa_farve-himbeere-rot","50":"pa_farve-karmesinrot","51":"pa_farve-kastanienbraun","52":"pa_farve-kerosingruen","53":"pa_farve-khaki-de","54":"pa_farve-kriegsmarine","55":"pa_farve-koenigsblau-de","56":"pa_farve-koenigsblau","57":"pa_farve-lichtgrau","58":"pa_farve-lichtgruen","59":"pa_farve-lila","60":"pa_farve-limone","61":"pa_farve-lindgruen","62":"pa_farve-magenta-de","63":"pa_farve-minze","64":"pa_farve-mischen","65":"pa_farve-natur-de","66":"pa_farve-natur-min-100-stk-de","67":"pa_farve-olive","68":"pa_farve-orange-de","69":"pa_farve-ozeanblau","70":"pa_farve-pfirsich","71":"pa_farve-rahm-de","72":"pa_farve-rahm","73":"pa_farve-rosa-de","74":"pa_farve-rot","75":"pa_farve-rot-min-15","76":"pa_farve-rot-min-15-blau-min-15","77":"pa_farve-rot-min-100-stk","78":"pa_farve-rot-min-15-stueck","79":"pa_farve-rot-min-15-stueck-blau-min-15-stueck","80":"pa_farve-schwarz-de","81":"pa_farve-schwarz","82":"pa_farve-schwarz-min-100-stk","83":"pa_farve-schwarz-gold-silber","84":"pa_farve-schwarze-tinte","85":"pa_farve-senf","86":"pa_farve-senfgelb","87":"pa_farve-silber-de","88":"pa_farve-silber","89":"pa_farve-silber-de-2","90":"pa_farve-struktur-de","91":"pa_farve-tiefgruen","92":"pa_farve-tuerkis","93":"pa_farve-tuerkis-de","94":"pa_farve-verletzen","95":"pa_farve-viele","96":"pa_farve-violett","97":"pa_farve-walnuss","98":"pa_farve-weinrot","99":"pa_farve-weiss-de","100":"pa_farve-weiss","101":"pa_farve-weiss-pigmentiert","102":"pa_farve-weiss-pigmentiert-mit-brauner-ober-und-unterseite","103":"pa_farve-weiss-pigmentiert-mit-schwarzer-ober-und-unterseite","104":"tm-has-options","106":"first","107":"instock","108":"featured","109":"taxable","110":"shipping-taxable","111":"purchasable","112":"product-type-variable","113":"has-default-attributes"},"acf":[],"yoast_head":"<!-- This site is optimized with the Yoast SEO Premium plugin v21.2 (Yoast SEO v21.2) - https:\/\/yoast.com\/wordpress\/plugins\/seo\/ -->\n<title>Faltbarer Becher aus recyceltem Kunststoff 220 ml ohne Druck - Gr\u00f8nt Kontor<\/title>\n<meta name=\"robots\" content=\"index, follow, max-snippet:-1, max-image-preview:large, max-video-preview:-1\" \/>\n<link rel=\"canonical\" href=\"https:\/\/grontkontor.dk\/de\/shop\/foldbar-kop-i-genanvendt-plast-220-ml-m-u-tryk\/\" \/>\n<meta property=\"og:locale\" content=\"de_DE\" \/>\n<meta property=\"og:type\" content=\"article\" \/>\n<meta property=\"og:title\" content=\"Faltbarer Becher aus recyceltem Kunststoff 220 ml ohne Druck\" \/>\n<meta property=\"og:description\" content=\"Klimafreundlicher faltbarer To-Go-Becher aus recyceltem PP mit einem Fassungsverm\u00f6gen von 220 ml. Wie alle unsere anderen Becher BPA-frei und f\u00fcr den Kontakt mit Lebensmitteln zugelassen. Ein Stahlkarabiner ist im Lieferumfang enthalten. Ein sch\u00f6nes und g\u00fcnstiges Produkt, perfekt f\u00fcr Werbegeschenke oder Handouts f\u00fcr Messen und Veranstaltungen. Erh\u00e4ltlich in Blau, Schwarz, Grau und Wei\u00df. [grs_s][rcs_s_100] &nbsp; &nbsp;\" \/>\n<meta property=\"og:url\" content=\"https:\/\/grontkontor.dk\/de\/shop\/foldbar-kop-i-genanvendt-plast-220-ml-m-u-tryk\/\" \/>\n<meta property=\"og:site_name\" content=\"Gr\u00f8nt Kontor\" \/>\n<meta property=\"article:publisher\" content=\"https:\/\/www.facebook.com\/grontkontor.dk\/\" \/>\n<meta property=\"article:modified_time\" content=\"2025-01-17T12:20:21+00:00\" \/>\n<meta property=\"og:image\" content=\"https:\/\/grontkontor.dk\/wp-content\/uploads\/2025\/01\/Foldbar-kop-i-genanvendt-plast-collage.jpg\" \/>\n\t<meta property=\"og:image:width\" content=\"900\" \/>\n\t<meta property=\"og:image:height\" content=\"639\" \/>\n\t<meta property=\"og:image:type\" content=\"image\/jpeg\" \/>\n<meta name=\"twitter:card\" content=\"summary_large_image\" \/>\n<script type=\"application\/ld+json\" class=\"yoast-schema-graph\">{\"@context\":\"https:\/\/schema.org\",\"@graph\":[{\"@type\":\"WebPage\",\"@id\":\"https:\/\/grontkontor.dk\/de\/shop\/foldbar-kop-i-genanvendt-plast-220-ml-m-u-tryk\/\",\"url\":\"https:\/\/grontkontor.dk\/de\/shop\/foldbar-kop-i-genanvendt-plast-220-ml-m-u-tryk\/\",\"name\":\"Faltbarer Becher aus recyceltem Kunststoff 220 ml ohne Druck - Gr\u00f8nt Kontor\",\"isPartOf\":{\"@id\":\"https:\/\/grontkontor.dk\/#website\"},\"datePublished\":\"2025-01-15T12:06:34+00:00\",\"dateModified\":\"2025-01-17T12:20:21+00:00\",\"breadcrumb\":{\"@id\":\"https:\/\/grontkontor.dk\/de\/shop\/foldbar-kop-i-genanvendt-plast-220-ml-m-u-tryk\/#breadcrumb\"},\"inLanguage\":\"de\",\"potentialAction\":[{\"@type\":\"ReadAction\",\"target\":[\"https:\/\/grontkontor.dk\/de\/shop\/foldbar-kop-i-genanvendt-plast-220-ml-m-u-tryk\/\"]}]},{\"@type\":\"BreadcrumbList\",\"@id\":\"https:\/\/grontkontor.dk\/de\/shop\/foldbar-kop-i-genanvendt-plast-220-ml-m-u-tryk\/#breadcrumb\",\"itemListElement\":[{\"@type\":\"ListItem\",\"position\":1,\"name\":\"Forside\",\"item\":\"https:\/\/grontkontor.dk\/de\/\"},{\"@type\":\"ListItem\",\"position\":2,\"name\":\"Laden\",\"item\":\"https:\/\/grontkontor.dk\/de\/laden\/\"},{\"@type\":\"ListItem\",\"position\":3,\"name\":\"Mad og drikke\",\"item\":\"https:\/\/grontkontor.dk\/produkt-kategori\/mad-og-drikke\/\"},{\"@type\":\"ListItem\",\"position\":4,\"name\":\"Krus, kopper mm.\",\"item\":\"https:\/\/grontkontor.dk\/produkt-kategori\/mad-og-drikke\/to-go-krus-og-kopper\/\"},{\"@type\":\"ListItem\",\"position\":5,\"name\":\"Faltbarer Becher aus recyceltem Kunststoff 220 ml ohne Druck\"}]},{\"@type\":\"WebSite\",\"@id\":\"https:\/\/grontkontor.dk\/#website\",\"url\":\"https:\/\/grontkontor.dk\/\",\"name\":\"Gr\u00f8nt Kontor\",\"description\":\"Milj\u00f8venlige produkter til kontor og erhverv med fokus p\u00e5 b\u00e6redygtighed, design og fair trade.\",\"publisher\":{\"@id\":\"https:\/\/grontkontor.dk\/#organization\"},\"potentialAction\":[{\"@type\":\"SearchAction\",\"target\":{\"@type\":\"EntryPoint\",\"urlTemplate\":\"https:\/\/grontkontor.dk\/?s={search_term_string}\"},\"query-input\":\"required name=search_term_string\"}],\"inLanguage\":\"de\"},{\"@type\":\"Organization\",\"@id\":\"https:\/\/grontkontor.dk\/#organization\",\"name\":\"Gr\u00f8nt Kontor\",\"url\":\"https:\/\/grontkontor.dk\/\",\"logo\":{\"@type\":\"ImageObject\",\"inLanguage\":\"de\",\"@id\":\"https:\/\/grontkontor.dk\/#\/schema\/logo\/image\/\",\"url\":\"https:\/\/grontkontor.dk\/wp-content\/uploads\/2014\/02\/Logo_groent_kontor_300x80.png\",\"contentUrl\":\"https:\/\/grontkontor.dk\/wp-content\/uploads\/2014\/02\/Logo_groent_kontor_300x80.png\",\"width\":300,\"height\":80,\"caption\":\"Gr\u00f8nt Kontor\"},\"image\":{\"@id\":\"https:\/\/grontkontor.dk\/#\/schema\/logo\/image\/\"},\"sameAs\":[\"https:\/\/www.facebook.com\/grontkontor.dk\/\"]}]}<\/script>\n<!-- \/ Yoast SEO Premium plugin. -->","yoast_head_json":{"title":"Faltbarer Becher aus recyceltem Kunststoff 220 ml ohne Druck - Gr\u00f8nt Kontor","robots":{"index":"index","follow":"follow","max-snippet":"max-snippet:-1","max-image-preview":"max-image-preview:large","max-video-preview":"max-video-preview:-1"},"canonical":"https:\/\/grontkontor.dk\/de\/shop\/foldbar-kop-i-genanvendt-plast-220-ml-m-u-tryk\/","og_locale":"de_DE","og_type":"article","og_title":"Faltbarer Becher aus recyceltem Kunststoff 220 ml ohne Druck","og_description":"Klimafreundlicher faltbarer To-Go-Becher aus recyceltem PP mit einem Fassungsverm\u00f6gen von 220 ml. Wie alle unsere anderen Becher BPA-frei und f\u00fcr den Kontakt mit Lebensmitteln zugelassen. Ein Stahlkarabiner ist im Lieferumfang enthalten. Ein sch\u00f6nes und g\u00fcnstiges Produkt, perfekt f\u00fcr Werbegeschenke oder Handouts f\u00fcr Messen und Veranstaltungen. Erh\u00e4ltlich in Blau, Schwarz, Grau und Wei\u00df. [grs_s][rcs_s_100] &nbsp; &nbsp;","og_url":"https:\/\/grontkontor.dk\/de\/shop\/foldbar-kop-i-genanvendt-plast-220-ml-m-u-tryk\/","og_site_name":"Gr\u00f8nt Kontor","article_publisher":"https:\/\/www.facebook.com\/grontkontor.dk\/","article_modified_time":"2025-01-17T12:20:21+00:00","og_image":[{"width":900,"height":639,"url":"https:\/\/grontkontor.dk\/wp-content\/uploads\/2025\/01\/Foldbar-kop-i-genanvendt-plast-collage.jpg","type":"image\/jpeg"}],"twitter_card":"summary_large_image","schema":{"@context":"https:\/\/schema.org","@graph":[{"@type":"WebPage","@id":"https:\/\/grontkontor.dk\/de\/shop\/foldbar-kop-i-genanvendt-plast-220-ml-m-u-tryk\/","url":"https:\/\/grontkontor.dk\/de\/shop\/foldbar-kop-i-genanvendt-plast-220-ml-m-u-tryk\/","name":"Faltbarer Becher aus recyceltem Kunststoff 220 ml ohne Druck - Gr\u00f8nt Kontor","isPartOf":{"@id":"https:\/\/grontkontor.dk\/#website"},"datePublished":"2025-01-15T12:06:34+00:00","dateModified":"2025-01-17T12:20:21+00:00","breadcrumb":{"@id":"https:\/\/grontkontor.dk\/de\/shop\/foldbar-kop-i-genanvendt-plast-220-ml-m-u-tryk\/#breadcrumb"},"inLanguage":"de","potentialAction":[{"@type":"ReadAction","target":["https:\/\/grontkontor.dk\/de\/shop\/foldbar-kop-i-genanvendt-plast-220-ml-m-u-tryk\/"]}]},{"@type":"BreadcrumbList","@id":"https:\/\/grontkontor.dk\/de\/shop\/foldbar-kop-i-genanvendt-plast-220-ml-m-u-tryk\/#breadcrumb","itemListElement":[{"@type":"ListItem","position":1,"name":"Forside","item":"https:\/\/grontkontor.dk\/de\/"},{"@type":"ListItem","position":2,"name":"Laden","item":"https:\/\/grontkontor.dk\/de\/laden\/"},{"@type":"ListItem","position":3,"name":"Mad og drikke","item":"https:\/\/grontkontor.dk\/produkt-kategori\/mad-og-drikke\/"},{"@type":"ListItem","position":4,"name":"Krus, kopper mm.","item":"https:\/\/grontkontor.dk\/produkt-kategori\/mad-og-drikke\/to-go-krus-og-kopper\/"},{"@type":"ListItem","position":5,"name":"Faltbarer Becher aus recyceltem Kunststoff 220 ml ohne Druck"}]},{"@type":"WebSite","@id":"https:\/\/grontkontor.dk\/#website","url":"https:\/\/grontkontor.dk\/","name":"Gr\u00f8nt Kontor","description":"Milj\u00f8venlige produkter til kontor og erhverv med fokus p\u00e5 b\u00e6redygtighed, design og fair trade.","publisher":{"@id":"https:\/\/grontkontor.dk\/#organization"},"potentialAction":[{"@type":"SearchAction","target":{"@type":"EntryPoint","urlTemplate":"https:\/\/grontkontor.dk\/?s={search_term_string}"},"query-input":"required name=search_term_string"}],"inLanguage":"de"},{"@type":"Organization","@id":"https:\/\/grontkontor.dk\/#organization","name":"Gr\u00f8nt Kontor","url":"https:\/\/grontkontor.dk\/","logo":{"@type":"ImageObject","inLanguage":"de","@id":"https:\/\/grontkontor.dk\/#\/schema\/logo\/image\/","url":"https:\/\/grontkontor.dk\/wp-content\/uploads\/2014\/02\/Logo_groent_kontor_300x80.png","contentUrl":"https:\/\/grontkontor.dk\/wp-content\/uploads\/2014\/02\/Logo_groent_kontor_300x80.png","width":300,"height":80,"caption":"Gr\u00f8nt Kontor"},"image":{"@id":"https:\/\/grontkontor.dk\/#\/schema\/logo\/image\/"},"sameAs":["https:\/\/www.facebook.com\/grontkontor.dk\/"]}]}},"_links":{"self":[{"href":"https:\/\/grontkontor.dk\/de\/wp-json\/wp\/v2\/product\/118390"}],"collection":[{"href":"https:\/\/grontkontor.dk\/de\/wp-json\/wp\/v2\/product"}],"about":[{"href":"https:\/\/grontkontor.dk\/de\/wp-json\/wp\/v2\/types\/product"}],"replies":[{"embeddable":true,"href":"https:\/\/grontkontor.dk\/de\/wp-json\/wp\/v2\/comments?post=118390"}],"wp:featuredmedia":[{"embeddable":true,"href":"https:\/\/grontkontor.dk\/de\/wp-json\/wp\/v2\/media\/118503"}],"wp:attachment":[{"href":"https:\/\/grontkontor.dk\/de\/wp-json\/wp\/v2\/media?parent=118390"}],"wp:term":[{"taxonomy":"product_cat","embeddable":true,"href":"https:\/\/grontkontor.dk\/de\/wp-json\/wp\/v2\/product_cat?post=118390"},{"taxonomy":"product_tag","embeddable":true,"href":"https:\/\/grontkontor.dk\/de\/wp-json\/wp\/v2\/product_tag?post=118390"}],"curies":[{"name":"wp","href":"https:\/\/api.w.org\/{rel}","templated":true}]}}