{"id":118811,"date":"2024-12-05T14:52:12","date_gmt":"2025-01-17T12:19:18","guid":{"rendered":"https:\/\/grontkontor.dk\/shop\/hue-beanie-i-rpet\/"},"modified":"2025-11-06T11:27:46","modified_gmt":"2025-11-06T10:27:46","slug":"hue-beanie-i-rpet","status":"publish","type":"product","link":"https:\/\/grontkontor.dk\/de\/shop\/hue-beanie-i-rpet\/","title":{"rendered":"M\u00fctze\/M\u00fctze aus RPET ohne Print"},"content":{"rendered":"<p>Eine klimafreundliche M\u00fctze ist eine naheliegende Wahl f\u00fcr kalte Tage, an denen Komfort und Pflege Hand in Hand gehen m\u00fcssen. Diese warme M\u00fctze besteht aus 100 % Polyester aus recyceltem Kunststoff und ist damit ein umweltfreundliches Accessoire, das sowohl gut aussieht als auch ein gr\u00fcnes Signal sendet. Das Material ist weich, strapazierf\u00e4hig und bietet eine bequeme Passform, was die M\u00fctze sowohl f\u00fcr Outdoor-Aktivit\u00e4ten als auch f\u00fcr den t\u00e4glichen Gebrauch ideal macht.  <\/p>\n<p>Die M\u00fctze ist in klassischen Farben wie Schwarz, Hellgrau, Dunkelgrau, Natur und Blau erh\u00e4ltlich, so dass es einfach ist, eine Variante zu finden, die zum Profil oder pers\u00f6nlichen Stil des Unternehmens passt. Dank ihres zeitlosen Designs passt sie sowohl M\u00e4nnern als auch Frauen und ist ein vielseitiger Bestandteil jeder Garderobe. <\/p>\n<p>Als Werbeartikel ist ein klimafreundlicher Hut eine gute Wahl. Er kann mit Logodruck oder Stickerei geliefert werden, so dass Ihre Marke jedes Mal sichtbar wird, wenn der Hut getragen wird. Perfekt als Firmengeschenk, Mitarbeiterkleidung oder Handout auf Messen und Veranstaltungen.  <\/p>\n<p>Wenn du dich f\u00fcr eine umweltfreundliche M\u00fctze aus recyceltem Material entscheidest, bekommst du nicht nur ein praktisches Accessoire gegen die K\u00e4lte \u2013 du bekommst ein Produkt, das W\u00e4rme, Qualit\u00e4t und klimafreundliche Werte vereint.<\/p>\n<p>[broderi]<\/p>\n<p>[rpet]<\/p>\n<p>[grs_s]<\/p>\n<p>&nbsp;<\/p>\n<p><img loading=\"lazy\" decoding=\"async\" src=\"https:\/\/grontkontor.dk\/wp-content\/uploads\/2021\/02\/genbrug.jpg\" alt=\"Fremstillet af genbrugsmaterialer\" width=\"50\" height=\"50\" class=\"size-full wp-image-23031\" srcset=\"https:\/\/grontkontor.dk\/wp-content\/uploads\/2021\/02\/genbrug.jpg 199w, https:\/\/grontkontor.dk\/wp-content\/uploads\/2021\/02\/genbrug-100x100.jpg 100w\" sizes=\"(max-width: 50px) 100vw, 50px\" \/><a href=\"https:\/\/textileexchange.org\/standards\/recycled-claim-standard-global-recycled-standard\/\"><img loading=\"lazy\" decoding=\"async\" src=\"https:\/\/grontkontor.dk\/wp-content\/uploads\/2021\/06\/global-recycled-standard-1.jpg\" alt=\"Global recycled standard\" width=\"50\" height=\"50\" class=\"size-full wp-image-25504\" \/> <\/a><\/p>\n<p>&nbsp;<\/p>\n<p>&nbsp;<\/p>\n<p>&nbsp;<\/p>\n","protected":false},"excerpt":{"rendered":"<p>Eine klimafreundliche M\u00fctze ist eine naheliegende Wahl f\u00fcr kalte Tage, an denen Komfort und Pflege Hand in Hand gehen m\u00fcssen. Diese warme M\u00fctze besteht aus 100 % Polyester aus recyceltem Kunststoff und ist damit ein umweltfreundliches Accessoire, das sowohl gut aussieht als auch ein gr\u00fcnes Signal sendet. Das Material ist weich, strapazierf\u00e4hig und bietet eine [&hellip;]<\/p>\n","protected":false},"featured_media":117429,"comment_status":"closed","ping_status":"closed","template":"","meta":{"_acf_changed":false},"product_cat":[4890,3325,3084],"product_tag":[4045,4517],"class_list":{"0":"post-118811","1":"product","2":"type-product","3":"status-publish","4":"has-post-thumbnail","6":"product_cat-bei-regen-und-kaelte","7":"product_cat-dummy-moq-1-de","8":"product_cat-neuheiten","9":"product_tag-kopfschmuck","10":"product_tag-muetze-de","11":"pa_farve-grau-de","12":"pa_farve-kriegsmarine","13":"pa_farve-lichtgrau","14":"pa_farve-natur-de","15":"pa_farve-schwarz","16":"tm-has-options","18":"first","19":"instock","20":"taxable","21":"shipping-taxable","22":"purchasable","23":"product-type-variable","24":"has-default-attributes"},"acf":[],"yoast_head":"<!-- This site is optimized with the Yoast SEO Premium plugin v21.2 (Yoast SEO v21.2) - https:\/\/yoast.com\/wordpress\/plugins\/seo\/ -->\n<title>M\u00fctze\/M\u00fctze aus RPET ohne Print - Gr\u00f8nt Kontor<\/title>\n<meta name=\"description\" content=\"Klimafreundliche M\u00fctze aus 100% recyceltem Kunststoff. Umweltfreundlicher Hut in mehreren Farben, perfekt f\u00fcr Veranstaltungen und Firmengeschenke. Erh\u00e4ltlich mit Logodruck und Stickerei.\" \/>\n<meta name=\"robots\" content=\"index, follow, max-snippet:-1, max-image-preview:large, max-video-preview:-1\" \/>\n<link rel=\"canonical\" href=\"https:\/\/grontkontor.dk\/de\/shop\/hue-beanie-i-rpet\/\" \/>\n<meta property=\"og:locale\" content=\"de_DE\" \/>\n<meta property=\"og:type\" content=\"article\" \/>\n<meta property=\"og:title\" content=\"M\u00fctze\/M\u00fctze aus RPET ohne Print\" \/>\n<meta property=\"og:description\" content=\"Klimafreundliche M\u00fctze aus 100% recyceltem Kunststoff. Umweltfreundlicher Hut in mehreren Farben, perfekt f\u00fcr Veranstaltungen und Firmengeschenke. Erh\u00e4ltlich mit Logodruck und Stickerei.\" \/>\n<meta property=\"og:url\" content=\"https:\/\/grontkontor.dk\/de\/shop\/hue-beanie-i-rpet\/\" \/>\n<meta property=\"og:site_name\" content=\"Gr\u00f8nt Kontor\" \/>\n<meta property=\"article:publisher\" content=\"https:\/\/www.facebook.com\/grontkontor.dk\/\" \/>\n<meta property=\"article:modified_time\" content=\"2025-11-06T10:27:46+00:00\" \/>\n<meta property=\"og:image\" content=\"https:\/\/grontkontor.dk\/wp-content\/uploads\/2024\/12\/Klimavenlig-hue-i-genanvendt-plast-collage.jpg\" \/>\n\t<meta property=\"og:image:width\" content=\"900\" \/>\n\t<meta property=\"og:image:height\" content=\"639\" \/>\n\t<meta property=\"og:image:type\" content=\"image\/jpeg\" \/>\n<meta name=\"twitter:card\" content=\"summary_large_image\" \/>\n<meta name=\"twitter:label1\" content=\"Gesch\u00e4tzte Lesezeit\" \/>\n\t<meta name=\"twitter:data1\" content=\"1\u00a0Minute\" \/>\n<script type=\"application\/ld+json\" class=\"yoast-schema-graph\">{\"@context\":\"https:\/\/schema.org\",\"@graph\":[{\"@type\":\"WebPage\",\"@id\":\"https:\/\/grontkontor.dk\/de\/shop\/hue-beanie-i-rpet\/\",\"url\":\"https:\/\/grontkontor.dk\/de\/shop\/hue-beanie-i-rpet\/\",\"name\":\"M\u00fctze\/M\u00fctze aus RPET ohne Print - Gr\u00f8nt Kontor\",\"isPartOf\":{\"@id\":\"https:\/\/grontkontor.dk\/#website\"},\"datePublished\":\"2025-01-17T12:19:18+00:00\",\"dateModified\":\"2025-11-06T10:27:46+00:00\",\"description\":\"Klimafreundliche M\u00fctze aus 100% recyceltem Kunststoff. Umweltfreundlicher Hut in mehreren Farben, perfekt f\u00fcr Veranstaltungen und Firmengeschenke. Erh\u00e4ltlich mit Logodruck und Stickerei.\",\"breadcrumb\":{\"@id\":\"https:\/\/grontkontor.dk\/de\/shop\/hue-beanie-i-rpet\/#breadcrumb\"},\"inLanguage\":\"de\",\"potentialAction\":[{\"@type\":\"ReadAction\",\"target\":[\"https:\/\/grontkontor.dk\/de\/shop\/hue-beanie-i-rpet\/\"]}]},{\"@type\":\"BreadcrumbList\",\"@id\":\"https:\/\/grontkontor.dk\/de\/shop\/hue-beanie-i-rpet\/#breadcrumb\",\"itemListElement\":[{\"@type\":\"ListItem\",\"position\":1,\"name\":\"Forside\",\"item\":\"https:\/\/grontkontor.dk\/de\/\"},{\"@type\":\"ListItem\",\"position\":2,\"name\":\"Laden\",\"item\":\"https:\/\/grontkontor.dk\/de\/laden\/\"},{\"@type\":\"ListItem\",\"position\":3,\"name\":\"Bei Regen und K\u00e4lte\",\"item\":\"https:\/\/grontkontor.dk\/de\/produkt-kategori\/bei-regen-und-kaelte\/\"},{\"@type\":\"ListItem\",\"position\":4,\"name\":\"M\u00fctze\/M\u00fctze aus RPET ohne Print\"}]},{\"@type\":\"WebSite\",\"@id\":\"https:\/\/grontkontor.dk\/#website\",\"url\":\"https:\/\/grontkontor.dk\/\",\"name\":\"Gr\u00f8nt Kontor\",\"description\":\"Milj\u00f8venlige produkter til kontor og erhverv med fokus p\u00e5 b\u00e6redygtighed, design og fair trade.\",\"publisher\":{\"@id\":\"https:\/\/grontkontor.dk\/#organization\"},\"potentialAction\":[{\"@type\":\"SearchAction\",\"target\":{\"@type\":\"EntryPoint\",\"urlTemplate\":\"https:\/\/grontkontor.dk\/?s={search_term_string}\"},\"query-input\":\"required name=search_term_string\"}],\"inLanguage\":\"de\"},{\"@type\":\"Organization\",\"@id\":\"https:\/\/grontkontor.dk\/#organization\",\"name\":\"Gr\u00f8nt Kontor\",\"url\":\"https:\/\/grontkontor.dk\/\",\"logo\":{\"@type\":\"ImageObject\",\"inLanguage\":\"de\",\"@id\":\"https:\/\/grontkontor.dk\/#\/schema\/logo\/image\/\",\"url\":\"https:\/\/grontkontor.dk\/wp-content\/uploads\/2014\/02\/Logo_groent_kontor_300x80.png\",\"contentUrl\":\"https:\/\/grontkontor.dk\/wp-content\/uploads\/2014\/02\/Logo_groent_kontor_300x80.png\",\"width\":300,\"height\":80,\"caption\":\"Gr\u00f8nt Kontor\"},\"image\":{\"@id\":\"https:\/\/grontkontor.dk\/#\/schema\/logo\/image\/\"},\"sameAs\":[\"https:\/\/www.facebook.com\/grontkontor.dk\/\"]}]}<\/script>\n<!-- \/ Yoast SEO Premium plugin. -->","yoast_head_json":{"title":"M\u00fctze\/M\u00fctze aus RPET ohne Print - Gr\u00f8nt Kontor","description":"Klimafreundliche M\u00fctze aus 100% recyceltem Kunststoff. Umweltfreundlicher Hut in mehreren Farben, perfekt f\u00fcr Veranstaltungen und Firmengeschenke. Erh\u00e4ltlich mit Logodruck und Stickerei.","robots":{"index":"index","follow":"follow","max-snippet":"max-snippet:-1","max-image-preview":"max-image-preview:large","max-video-preview":"max-video-preview:-1"},"canonical":"https:\/\/grontkontor.dk\/de\/shop\/hue-beanie-i-rpet\/","og_locale":"de_DE","og_type":"article","og_title":"M\u00fctze\/M\u00fctze aus RPET ohne Print","og_description":"Klimafreundliche M\u00fctze aus 100% recyceltem Kunststoff. Umweltfreundlicher Hut in mehreren Farben, perfekt f\u00fcr Veranstaltungen und Firmengeschenke. Erh\u00e4ltlich mit Logodruck und Stickerei.","og_url":"https:\/\/grontkontor.dk\/de\/shop\/hue-beanie-i-rpet\/","og_site_name":"Gr\u00f8nt Kontor","article_publisher":"https:\/\/www.facebook.com\/grontkontor.dk\/","article_modified_time":"2025-11-06T10:27:46+00:00","og_image":[{"width":900,"height":639,"url":"https:\/\/grontkontor.dk\/wp-content\/uploads\/2024\/12\/Klimavenlig-hue-i-genanvendt-plast-collage.jpg","type":"image\/jpeg"}],"twitter_card":"summary_large_image","twitter_misc":{"Gesch\u00e4tzte Lesezeit":"1\u00a0Minute"},"schema":{"@context":"https:\/\/schema.org","@graph":[{"@type":"WebPage","@id":"https:\/\/grontkontor.dk\/de\/shop\/hue-beanie-i-rpet\/","url":"https:\/\/grontkontor.dk\/de\/shop\/hue-beanie-i-rpet\/","name":"M\u00fctze\/M\u00fctze aus RPET ohne Print - Gr\u00f8nt Kontor","isPartOf":{"@id":"https:\/\/grontkontor.dk\/#website"},"datePublished":"2025-01-17T12:19:18+00:00","dateModified":"2025-11-06T10:27:46+00:00","description":"Klimafreundliche M\u00fctze aus 100% recyceltem Kunststoff. Umweltfreundlicher Hut in mehreren Farben, perfekt f\u00fcr Veranstaltungen und Firmengeschenke. Erh\u00e4ltlich mit Logodruck und Stickerei.","breadcrumb":{"@id":"https:\/\/grontkontor.dk\/de\/shop\/hue-beanie-i-rpet\/#breadcrumb"},"inLanguage":"de","potentialAction":[{"@type":"ReadAction","target":["https:\/\/grontkontor.dk\/de\/shop\/hue-beanie-i-rpet\/"]}]},{"@type":"BreadcrumbList","@id":"https:\/\/grontkontor.dk\/de\/shop\/hue-beanie-i-rpet\/#breadcrumb","itemListElement":[{"@type":"ListItem","position":1,"name":"Forside","item":"https:\/\/grontkontor.dk\/de\/"},{"@type":"ListItem","position":2,"name":"Laden","item":"https:\/\/grontkontor.dk\/de\/laden\/"},{"@type":"ListItem","position":3,"name":"Bei Regen und K\u00e4lte","item":"https:\/\/grontkontor.dk\/de\/produkt-kategori\/bei-regen-und-kaelte\/"},{"@type":"ListItem","position":4,"name":"M\u00fctze\/M\u00fctze aus RPET ohne Print"}]},{"@type":"WebSite","@id":"https:\/\/grontkontor.dk\/#website","url":"https:\/\/grontkontor.dk\/","name":"Gr\u00f8nt Kontor","description":"Milj\u00f8venlige produkter til kontor og erhverv med fokus p\u00e5 b\u00e6redygtighed, design og fair trade.","publisher":{"@id":"https:\/\/grontkontor.dk\/#organization"},"potentialAction":[{"@type":"SearchAction","target":{"@type":"EntryPoint","urlTemplate":"https:\/\/grontkontor.dk\/?s={search_term_string}"},"query-input":"required name=search_term_string"}],"inLanguage":"de"},{"@type":"Organization","@id":"https:\/\/grontkontor.dk\/#organization","name":"Gr\u00f8nt Kontor","url":"https:\/\/grontkontor.dk\/","logo":{"@type":"ImageObject","inLanguage":"de","@id":"https:\/\/grontkontor.dk\/#\/schema\/logo\/image\/","url":"https:\/\/grontkontor.dk\/wp-content\/uploads\/2014\/02\/Logo_groent_kontor_300x80.png","contentUrl":"https:\/\/grontkontor.dk\/wp-content\/uploads\/2014\/02\/Logo_groent_kontor_300x80.png","width":300,"height":80,"caption":"Gr\u00f8nt Kontor"},"image":{"@id":"https:\/\/grontkontor.dk\/#\/schema\/logo\/image\/"},"sameAs":["https:\/\/www.facebook.com\/grontkontor.dk\/"]}]}},"_links":{"self":[{"href":"https:\/\/grontkontor.dk\/de\/wp-json\/wp\/v2\/product\/118811"}],"collection":[{"href":"https:\/\/grontkontor.dk\/de\/wp-json\/wp\/v2\/product"}],"about":[{"href":"https:\/\/grontkontor.dk\/de\/wp-json\/wp\/v2\/types\/product"}],"replies":[{"embeddable":true,"href":"https:\/\/grontkontor.dk\/de\/wp-json\/wp\/v2\/comments?post=118811"}],"wp:featuredmedia":[{"embeddable":true,"href":"https:\/\/grontkontor.dk\/de\/wp-json\/wp\/v2\/media\/117429"}],"wp:attachment":[{"href":"https:\/\/grontkontor.dk\/de\/wp-json\/wp\/v2\/media?parent=118811"}],"wp:term":[{"taxonomy":"product_cat","embeddable":true,"href":"https:\/\/grontkontor.dk\/de\/wp-json\/wp\/v2\/product_cat?post=118811"},{"taxonomy":"product_tag","embeddable":true,"href":"https:\/\/grontkontor.dk\/de\/wp-json\/wp\/v2\/product_tag?post=118811"}],"curies":[{"name":"wp","href":"https:\/\/api.w.org\/{rel}","templated":true}]}}