{"id":118823,"date":"2024-12-05T13:49:21","date_gmt":"2025-01-17T12:19:19","guid":{"rendered":"https:\/\/grontkontor.dk\/shop\/vinterhue-i-oekologisk-bomuld\/"},"modified":"2025-11-06T11:27:29","modified_gmt":"2025-11-06T10:27:29","slug":"vinterhue-i-oekologisk-bomuld","status":"publish","type":"product","link":"https:\/\/grontkontor.dk\/de\/shop\/vinterhue-i-oekologisk-bomuld\/","title":{"rendered":"M\u00fctze \/ M\u00fctze aus Bio-Baumwolle ohne Print"},"content":{"rendered":"<p>Eine klimafreundliche M\u00fctze aus Bio-Baumwolle ist eine stylische und umweltfreundliche L\u00f6sung, wenn du Komfort, Qualit\u00e4t und R\u00fccksichtnahme auf die Umwelt verbinden m\u00f6chtest. Dieser weiche Hut besteht aus 100% Bio-Baumwolle, die sich angenehm auf der Haut anf\u00fchlt und gleichzeitig einen nat\u00fcrlichen Look verleiht. <\/p>\n<p>Mit ihrem zeitlosen Design eignet sich diese M\u00fctze sowohl f\u00fcr den Alltag, Outdoor-Aktivit\u00e4ten als auch als Teil der Profilbekleidung f\u00fcr Mitarbeiter. Es ist in den Farben Schwarz, Grau, Blau und Gr\u00fcn erh\u00e4ltlich, sodass Sie die Variante ausw\u00e4hlen k\u00f6nnen, die Ihre Marke oder Ihren pers\u00f6nlichen Stil am besten repr\u00e4sentiert. <\/p>\n<p>Die M\u00fctze kann mit Logodruck oder Stickerei geliefert werden, was sie zu einem idealen Firmengeschenk oder Werbeartikel macht. Wenn Ihre Kunden oder Mitarbeiter einen klimafreundlichen Hut mit Ihrem Logo tragen, erhalten Sie eine effektive Pr\u00e4senz und unterst\u00fctzen gleichzeitig ein umweltfreundliches Profil. <\/p>\n<p>Als Handout auf Messen oder Veranstaltungen ist diese M\u00fctze aus Bio-Baumwolle ein sicherer Hit. Es ist funktional, komfortabel und ein klares Zeichen der Sorge um das Klima.<br \/>\nMit einer klimafreundlichen M\u00fctze aus Bio-Baumwolle bekommst du ein Produkt, das modernes Design, Funktionalit\u00e4t und umweltfreundliche Werte vereint \u2013 eine M\u00fctze, die sowohl w\u00e4rmt als auch inspiriert. <\/p>\n<p>[broderi]<\/p>\n<p>&nbsp;<\/p>\n<p>[oekobomuld_s]<\/p>\n<p>[gots_s]<\/p>\n<p>&nbsp;<\/p>\n<a href=\"https:\/\/www.eco-branding.dk\/miljoemaerkning\/gots.aspx\" rel=\"noopener\" target=\"_blank\"><img loading=\"lazy\" decoding=\"async\" class=\"size-full wp-image-12808\" src=\"https:\/\/grontkontor.dk\/wp-content\/uploads\/2019\/04\/gots-certificeret.jpg\" \n   alt=\"Gots certificeret - din garanti for, at produktet indeholder mindst 70% ?kologisk bomuld\"  description=\"Gots certificeret - din garanti for, at produktet indeholder mindst 70% ?kologisk bomuld\" width=\"50\" height=\"50\" \n\t border=0 \/><\/a>\n<p>&nbsp;<\/p>\n","protected":false},"excerpt":{"rendered":"<p>Eine klimafreundliche M\u00fctze aus Bio-Baumwolle ist eine stylische und umweltfreundliche L\u00f6sung, wenn du Komfort, Qualit\u00e4t und R\u00fccksichtnahme auf die Umwelt verbinden m\u00f6chtest. Dieser weiche Hut besteht aus 100% Bio-Baumwolle, die sich angenehm auf der Haut anf\u00fchlt und gleichzeitig einen nat\u00fcrlichen Look verleiht. Mit ihrem zeitlosen Design eignet sich diese M\u00fctze sowohl f\u00fcr den Alltag, Outdoor-Aktivit\u00e4ten [&hellip;]<\/p>\n","protected":false},"featured_media":117383,"comment_status":"closed","ping_status":"closed","template":"","meta":{"_acf_changed":false},"product_cat":[4890,3325,3084],"product_tag":[4045,4517],"class_list":{"0":"post-118823","1":"product","2":"type-product","3":"status-publish","4":"has-post-thumbnail","6":"product_cat-bei-regen-und-kaelte","7":"product_cat-dummy-moq-1-de","8":"product_cat-neuheiten","9":"product_tag-kopfschmuck","10":"product_tag-muetze-de","11":"tm-has-options","13":"first","14":"instock","15":"taxable","16":"shipping-taxable","17":"purchasable","18":"product-type-variable","19":"has-default-attributes"},"acf":[],"yoast_head":"<!-- This site is optimized with the Yoast SEO Premium plugin v21.2 (Yoast SEO v21.2) - https:\/\/yoast.com\/wordpress\/plugins\/seo\/ -->\n<title>M\u00fctze \/ M\u00fctze aus Bio-Baumwolle ohne Print - Gr\u00f8nt Kontor<\/title>\n<meta name=\"description\" content=\"Klimafreundliche M\u00fctze aus 100% Bio-Baumwolle. Umweltfreundlicher Hut in mehreren Farben, perfekt f\u00fcr Veranstaltungen und als Firmengeschenk. Erh\u00e4ltlich mit Logodruck und Stickerei.\" \/>\n<meta name=\"robots\" content=\"index, follow, max-snippet:-1, max-image-preview:large, max-video-preview:-1\" \/>\n<link rel=\"canonical\" href=\"https:\/\/grontkontor.dk\/de\/shop\/vinterhue-i-oekologisk-bomuld\/\" \/>\n<meta property=\"og:locale\" content=\"de_DE\" \/>\n<meta property=\"og:type\" content=\"article\" \/>\n<meta property=\"og:title\" content=\"M\u00fctze \/ M\u00fctze aus Bio-Baumwolle ohne Print\" \/>\n<meta property=\"og:description\" content=\"Klimafreundliche M\u00fctze aus 100% Bio-Baumwolle. Umweltfreundlicher Hut in mehreren Farben, perfekt f\u00fcr Veranstaltungen und als Firmengeschenk. Erh\u00e4ltlich mit Logodruck und Stickerei.\" \/>\n<meta property=\"og:url\" content=\"https:\/\/grontkontor.dk\/de\/shop\/vinterhue-i-oekologisk-bomuld\/\" \/>\n<meta property=\"og:site_name\" content=\"Gr\u00f8nt Kontor\" \/>\n<meta property=\"article:publisher\" content=\"https:\/\/www.facebook.com\/grontkontor.dk\/\" \/>\n<meta property=\"article:modified_time\" content=\"2025-11-06T10:27:29+00:00\" \/>\n<meta property=\"og:image\" content=\"https:\/\/grontkontor.dk\/wp-content\/uploads\/2024\/12\/Klimavenlig-hue-i-oekologisk-bomuld-collage.jpg\" \/>\n\t<meta property=\"og:image:width\" content=\"900\" \/>\n\t<meta property=\"og:image:height\" content=\"639\" \/>\n\t<meta property=\"og:image:type\" content=\"image\/jpeg\" \/>\n<meta name=\"twitter:card\" content=\"summary_large_image\" \/>\n<meta name=\"twitter:label1\" content=\"Gesch\u00e4tzte Lesezeit\" \/>\n\t<meta name=\"twitter:data1\" content=\"1\u00a0Minute\" \/>\n<script type=\"application\/ld+json\" class=\"yoast-schema-graph\">{\"@context\":\"https:\/\/schema.org\",\"@graph\":[{\"@type\":\"WebPage\",\"@id\":\"https:\/\/grontkontor.dk\/de\/shop\/vinterhue-i-oekologisk-bomuld\/\",\"url\":\"https:\/\/grontkontor.dk\/de\/shop\/vinterhue-i-oekologisk-bomuld\/\",\"name\":\"M\u00fctze \/ M\u00fctze aus Bio-Baumwolle ohne Print - Gr\u00f8nt Kontor\",\"isPartOf\":{\"@id\":\"https:\/\/grontkontor.dk\/#website\"},\"datePublished\":\"2025-01-17T12:19:19+00:00\",\"dateModified\":\"2025-11-06T10:27:29+00:00\",\"description\":\"Klimafreundliche M\u00fctze aus 100% Bio-Baumwolle. Umweltfreundlicher Hut in mehreren Farben, perfekt f\u00fcr Veranstaltungen und als Firmengeschenk. Erh\u00e4ltlich mit Logodruck und Stickerei.\",\"breadcrumb\":{\"@id\":\"https:\/\/grontkontor.dk\/de\/shop\/vinterhue-i-oekologisk-bomuld\/#breadcrumb\"},\"inLanguage\":\"de\",\"potentialAction\":[{\"@type\":\"ReadAction\",\"target\":[\"https:\/\/grontkontor.dk\/de\/shop\/vinterhue-i-oekologisk-bomuld\/\"]}]},{\"@type\":\"BreadcrumbList\",\"@id\":\"https:\/\/grontkontor.dk\/de\/shop\/vinterhue-i-oekologisk-bomuld\/#breadcrumb\",\"itemListElement\":[{\"@type\":\"ListItem\",\"position\":1,\"name\":\"Forside\",\"item\":\"https:\/\/grontkontor.dk\/de\/\"},{\"@type\":\"ListItem\",\"position\":2,\"name\":\"Laden\",\"item\":\"https:\/\/grontkontor.dk\/de\/laden\/\"},{\"@type\":\"ListItem\",\"position\":3,\"name\":\"Bei Regen und K\u00e4lte\",\"item\":\"https:\/\/grontkontor.dk\/de\/produkt-kategori\/bei-regen-und-kaelte\/\"},{\"@type\":\"ListItem\",\"position\":4,\"name\":\"M\u00fctze \/ M\u00fctze aus Bio-Baumwolle ohne Print\"}]},{\"@type\":\"WebSite\",\"@id\":\"https:\/\/grontkontor.dk\/#website\",\"url\":\"https:\/\/grontkontor.dk\/\",\"name\":\"Gr\u00f8nt Kontor\",\"description\":\"Milj\u00f8venlige produkter til kontor og erhverv med fokus p\u00e5 b\u00e6redygtighed, design og fair trade.\",\"publisher\":{\"@id\":\"https:\/\/grontkontor.dk\/#organization\"},\"potentialAction\":[{\"@type\":\"SearchAction\",\"target\":{\"@type\":\"EntryPoint\",\"urlTemplate\":\"https:\/\/grontkontor.dk\/?s={search_term_string}\"},\"query-input\":\"required name=search_term_string\"}],\"inLanguage\":\"de\"},{\"@type\":\"Organization\",\"@id\":\"https:\/\/grontkontor.dk\/#organization\",\"name\":\"Gr\u00f8nt Kontor\",\"url\":\"https:\/\/grontkontor.dk\/\",\"logo\":{\"@type\":\"ImageObject\",\"inLanguage\":\"de\",\"@id\":\"https:\/\/grontkontor.dk\/#\/schema\/logo\/image\/\",\"url\":\"https:\/\/grontkontor.dk\/wp-content\/uploads\/2014\/02\/Logo_groent_kontor_300x80.png\",\"contentUrl\":\"https:\/\/grontkontor.dk\/wp-content\/uploads\/2014\/02\/Logo_groent_kontor_300x80.png\",\"width\":300,\"height\":80,\"caption\":\"Gr\u00f8nt Kontor\"},\"image\":{\"@id\":\"https:\/\/grontkontor.dk\/#\/schema\/logo\/image\/\"},\"sameAs\":[\"https:\/\/www.facebook.com\/grontkontor.dk\/\"]}]}<\/script>\n<!-- \/ Yoast SEO Premium plugin. -->","yoast_head_json":{"title":"M\u00fctze \/ M\u00fctze aus Bio-Baumwolle ohne Print - Gr\u00f8nt Kontor","description":"Klimafreundliche M\u00fctze aus 100% Bio-Baumwolle. Umweltfreundlicher Hut in mehreren Farben, perfekt f\u00fcr Veranstaltungen und als Firmengeschenk. Erh\u00e4ltlich mit Logodruck und Stickerei.","robots":{"index":"index","follow":"follow","max-snippet":"max-snippet:-1","max-image-preview":"max-image-preview:large","max-video-preview":"max-video-preview:-1"},"canonical":"https:\/\/grontkontor.dk\/de\/shop\/vinterhue-i-oekologisk-bomuld\/","og_locale":"de_DE","og_type":"article","og_title":"M\u00fctze \/ M\u00fctze aus Bio-Baumwolle ohne Print","og_description":"Klimafreundliche M\u00fctze aus 100% Bio-Baumwolle. Umweltfreundlicher Hut in mehreren Farben, perfekt f\u00fcr Veranstaltungen und als Firmengeschenk. Erh\u00e4ltlich mit Logodruck und Stickerei.","og_url":"https:\/\/grontkontor.dk\/de\/shop\/vinterhue-i-oekologisk-bomuld\/","og_site_name":"Gr\u00f8nt Kontor","article_publisher":"https:\/\/www.facebook.com\/grontkontor.dk\/","article_modified_time":"2025-11-06T10:27:29+00:00","og_image":[{"width":900,"height":639,"url":"https:\/\/grontkontor.dk\/wp-content\/uploads\/2024\/12\/Klimavenlig-hue-i-oekologisk-bomuld-collage.jpg","type":"image\/jpeg"}],"twitter_card":"summary_large_image","twitter_misc":{"Gesch\u00e4tzte Lesezeit":"1\u00a0Minute"},"schema":{"@context":"https:\/\/schema.org","@graph":[{"@type":"WebPage","@id":"https:\/\/grontkontor.dk\/de\/shop\/vinterhue-i-oekologisk-bomuld\/","url":"https:\/\/grontkontor.dk\/de\/shop\/vinterhue-i-oekologisk-bomuld\/","name":"M\u00fctze \/ M\u00fctze aus Bio-Baumwolle ohne Print - Gr\u00f8nt Kontor","isPartOf":{"@id":"https:\/\/grontkontor.dk\/#website"},"datePublished":"2025-01-17T12:19:19+00:00","dateModified":"2025-11-06T10:27:29+00:00","description":"Klimafreundliche M\u00fctze aus 100% Bio-Baumwolle. Umweltfreundlicher Hut in mehreren Farben, perfekt f\u00fcr Veranstaltungen und als Firmengeschenk. Erh\u00e4ltlich mit Logodruck und Stickerei.","breadcrumb":{"@id":"https:\/\/grontkontor.dk\/de\/shop\/vinterhue-i-oekologisk-bomuld\/#breadcrumb"},"inLanguage":"de","potentialAction":[{"@type":"ReadAction","target":["https:\/\/grontkontor.dk\/de\/shop\/vinterhue-i-oekologisk-bomuld\/"]}]},{"@type":"BreadcrumbList","@id":"https:\/\/grontkontor.dk\/de\/shop\/vinterhue-i-oekologisk-bomuld\/#breadcrumb","itemListElement":[{"@type":"ListItem","position":1,"name":"Forside","item":"https:\/\/grontkontor.dk\/de\/"},{"@type":"ListItem","position":2,"name":"Laden","item":"https:\/\/grontkontor.dk\/de\/laden\/"},{"@type":"ListItem","position":3,"name":"Bei Regen und K\u00e4lte","item":"https:\/\/grontkontor.dk\/de\/produkt-kategori\/bei-regen-und-kaelte\/"},{"@type":"ListItem","position":4,"name":"M\u00fctze \/ M\u00fctze aus Bio-Baumwolle ohne Print"}]},{"@type":"WebSite","@id":"https:\/\/grontkontor.dk\/#website","url":"https:\/\/grontkontor.dk\/","name":"Gr\u00f8nt Kontor","description":"Milj\u00f8venlige produkter til kontor og erhverv med fokus p\u00e5 b\u00e6redygtighed, design og fair trade.","publisher":{"@id":"https:\/\/grontkontor.dk\/#organization"},"potentialAction":[{"@type":"SearchAction","target":{"@type":"EntryPoint","urlTemplate":"https:\/\/grontkontor.dk\/?s={search_term_string}"},"query-input":"required name=search_term_string"}],"inLanguage":"de"},{"@type":"Organization","@id":"https:\/\/grontkontor.dk\/#organization","name":"Gr\u00f8nt Kontor","url":"https:\/\/grontkontor.dk\/","logo":{"@type":"ImageObject","inLanguage":"de","@id":"https:\/\/grontkontor.dk\/#\/schema\/logo\/image\/","url":"https:\/\/grontkontor.dk\/wp-content\/uploads\/2014\/02\/Logo_groent_kontor_300x80.png","contentUrl":"https:\/\/grontkontor.dk\/wp-content\/uploads\/2014\/02\/Logo_groent_kontor_300x80.png","width":300,"height":80,"caption":"Gr\u00f8nt Kontor"},"image":{"@id":"https:\/\/grontkontor.dk\/#\/schema\/logo\/image\/"},"sameAs":["https:\/\/www.facebook.com\/grontkontor.dk\/"]}]}},"_links":{"self":[{"href":"https:\/\/grontkontor.dk\/de\/wp-json\/wp\/v2\/product\/118823"}],"collection":[{"href":"https:\/\/grontkontor.dk\/de\/wp-json\/wp\/v2\/product"}],"about":[{"href":"https:\/\/grontkontor.dk\/de\/wp-json\/wp\/v2\/types\/product"}],"replies":[{"embeddable":true,"href":"https:\/\/grontkontor.dk\/de\/wp-json\/wp\/v2\/comments?post=118823"}],"wp:featuredmedia":[{"embeddable":true,"href":"https:\/\/grontkontor.dk\/de\/wp-json\/wp\/v2\/media\/117383"}],"wp:attachment":[{"href":"https:\/\/grontkontor.dk\/de\/wp-json\/wp\/v2\/media?parent=118823"}],"wp:term":[{"taxonomy":"product_cat","embeddable":true,"href":"https:\/\/grontkontor.dk\/de\/wp-json\/wp\/v2\/product_cat?post=118823"},{"taxonomy":"product_tag","embeddable":true,"href":"https:\/\/grontkontor.dk\/de\/wp-json\/wp\/v2\/product_tag?post=118823"}],"curies":[{"name":"wp","href":"https:\/\/api.w.org\/{rel}","templated":true}]}}