{"id":118832,"date":"2024-12-09T11:42:30","date_gmt":"2025-01-17T12:19:20","guid":{"rendered":"https:\/\/grontkontor.dk\/shop\/handsker-i-rpet-med-touch-funktion\/"},"modified":"2025-11-06T11:27:49","modified_gmt":"2025-11-06T10:27:49","slug":"handsker-i-rpet-med-touch-funktion","status":"publish","type":"product","link":"https:\/\/grontkontor.dk\/de\/shop\/handsker-i-rpet-med-touch-funktion\/","title":{"rendered":"Handschuhe aus RPET mit Touch-Funktion"},"content":{"rendered":"<p>Klimafreundliche Touchscreen-Handschuhe sind eine praktische und stilvolle Wahl in moderner Kleidung. Diese Handschuhe bestehen aus recyceltem Kunststoff und sind damit eine umweltfreundliche L\u00f6sung, die sowohl W\u00e4rme spendet als auch volle Funktionalit\u00e4t bei der Verwendung Ihres Smartphones oder Tablets gew\u00e4hrleistet. Mit speziellen Fingerspitzen lassen sich die Schutzbleche bedienen, ohne die Handschuhe ausziehen zu m\u00fcssen \u2013 perfekt f\u00fcr kalte Tage unterwegs.  <\/p>\n<p>Die Handschuhe sind weich, elastisch und angenehm zu tragen. Sie sind in klassischen Farben wie Schwarz, Grau und Blau erh\u00e4ltlich und eignen sich daher sowohl f\u00fcr Berufskleidung als auch f\u00fcr l\u00e4ssigere Outfits. Die Kombination aus Komfort und Funktionalit\u00e4t macht sie zu einer offensichtlichen Wahl f\u00fcr alle, die ihre H\u00e4nde warm halten m\u00f6chten, w\u00e4hrend sie online auf dem Laufenden bleiben.  <\/p>\n<p>Als Firmengeschenk oder Werbeartikel sind die klimafreundlichen Handschuhe ein effektives Werkzeug. Sie k\u00f6nnen mit Logodruck oder Stickerei geliefert werden, um Ihrer Marke eine sichtbare und t\u00e4gliche Pr\u00e4senz zu verleihen. Die Handschuhe eignen sich sehr gut als Give-aways auf Messen und Veranstaltungen, wo sie sowohl R\u00fccksicht auf den Beschenkten als auch auf die Umwelt nehmen.  <\/p>\n<p>Indem Sie sich f\u00fcr umweltfreundliche Kleidung aus recycelten Materialien entscheiden, senden Sie ein klares Signal f\u00fcr gr\u00fcne Werte und Verantwortung. Diese Touchscreen-Handschuhe sind also mehr als nur ein praktisches Accessoire \u2013 sie sind eine klimafreundliche Wahl, die Funktionalit\u00e4t, Komfort und Branding auf beste Weise vereint. <\/p>\n<p>[broderi]<\/p>\n<p>[rpet]<\/p>\n<p>[grs_s]<\/p>\n<p>&nbsp;<\/p>\n<p><img loading=\"lazy\" decoding=\"async\" src=\"https:\/\/grontkontor.dk\/wp-content\/uploads\/2021\/02\/genbrug.jpg\" alt=\"Fremstillet af genbrugsmaterialer\" width=\"50\" height=\"50\" class=\"size-full wp-image-23031\" srcset=\"https:\/\/grontkontor.dk\/wp-content\/uploads\/2021\/02\/genbrug.jpg 199w, https:\/\/grontkontor.dk\/wp-content\/uploads\/2021\/02\/genbrug-100x100.jpg 100w\" sizes=\"(max-width: 50px) 100vw, 50px\" \/><a href=\"https:\/\/textileexchange.org\/standards\/recycled-claim-standard-global-recycled-standard\/\"><img loading=\"lazy\" decoding=\"async\" src=\"https:\/\/grontkontor.dk\/wp-content\/uploads\/2021\/06\/global-recycled-standard-1.jpg\" alt=\"Global recycled standard\" width=\"50\" height=\"50\" class=\"size-full wp-image-25504\" \/> <\/a><\/p>\n","protected":false},"excerpt":{"rendered":"<p>Klimafreundliche Touchscreen-Handschuhe sind eine praktische und stilvolle Wahl in moderner Kleidung. Diese Handschuhe bestehen aus recyceltem Kunststoff und sind damit eine umweltfreundliche L\u00f6sung, die sowohl W\u00e4rme spendet als auch volle Funktionalit\u00e4t bei der Verwendung Ihres Smartphones oder Tablets gew\u00e4hrleistet. Mit speziellen Fingerspitzen lassen sich die Schutzbleche bedienen, ohne die Handschuhe ausziehen zu m\u00fcssen \u2013 perfekt [&hellip;]<\/p>\n","protected":false},"featured_media":117491,"comment_status":"closed","ping_status":"closed","template":"","meta":{"_acf_changed":false},"product_cat":[4890,3325,3084],"product_tag":[4519,3964],"class_list":{"0":"post-118832","1":"product","2":"type-product","3":"status-publish","4":"has-post-thumbnail","6":"product_cat-bei-regen-und-kaelte","7":"product_cat-dummy-moq-1-de","8":"product_cat-neuheiten","9":"product_tag-handschuhe","10":"product_tag-kleidung","11":"pa_farve-grau-de","12":"pa_farve-kriegsmarine","13":"pa_farve-schwarz","14":"tm-has-options","16":"first","17":"instock","18":"taxable","19":"shipping-taxable","20":"purchasable","21":"product-type-variable","22":"has-default-attributes"},"acf":[],"yoast_head":"<!-- This site is optimized with the Yoast SEO Premium plugin v21.2 (Yoast SEO v21.2) - https:\/\/yoast.com\/wordpress\/plugins\/seo\/ -->\n<title>Handschuhe aus RPET mit Touch-Funktion - Gr\u00f8nt Kontor<\/title>\n<meta name=\"description\" content=\"Klimafreundliche Touchscreen-Handschuhe aus recyceltem Kunststoff. Umweltfreundliche Kleidung in Schwarz, Grau und Blau. Perfekt als Firmengeschenk mit Logodruck oder Stickerei.\" \/>\n<meta name=\"robots\" content=\"index, follow, max-snippet:-1, max-image-preview:large, max-video-preview:-1\" \/>\n<link rel=\"canonical\" href=\"https:\/\/grontkontor.dk\/de\/shop\/handsker-i-rpet-med-touch-funktion\/\" \/>\n<meta property=\"og:locale\" content=\"de_DE\" \/>\n<meta property=\"og:type\" content=\"article\" \/>\n<meta property=\"og:title\" content=\"Handschuhe aus RPET mit Touch-Funktion\" \/>\n<meta property=\"og:description\" content=\"Klimafreundliche Touchscreen-Handschuhe aus recyceltem Kunststoff. Umweltfreundliche Kleidung in Schwarz, Grau und Blau. Perfekt als Firmengeschenk mit Logodruck oder Stickerei.\" \/>\n<meta property=\"og:url\" content=\"https:\/\/grontkontor.dk\/de\/shop\/handsker-i-rpet-med-touch-funktion\/\" \/>\n<meta property=\"og:site_name\" content=\"Gr\u00f8nt Kontor\" \/>\n<meta property=\"article:publisher\" content=\"https:\/\/www.facebook.com\/grontkontor.dk\/\" \/>\n<meta property=\"article:modified_time\" content=\"2025-11-06T10:27:49+00:00\" \/>\n<meta property=\"og:image\" content=\"https:\/\/grontkontor.dk\/wp-content\/uploads\/2024\/12\/Klimavenlige-handsker-i-genanvendt-plast-collage.jpg\" \/>\n\t<meta property=\"og:image:width\" content=\"900\" \/>\n\t<meta property=\"og:image:height\" content=\"639\" \/>\n\t<meta property=\"og:image:type\" content=\"image\/jpeg\" \/>\n<meta name=\"twitter:card\" content=\"summary_large_image\" \/>\n<meta name=\"twitter:label1\" content=\"Gesch\u00e4tzte Lesezeit\" \/>\n\t<meta name=\"twitter:data1\" content=\"1\u00a0Minute\" \/>\n<script type=\"application\/ld+json\" class=\"yoast-schema-graph\">{\"@context\":\"https:\/\/schema.org\",\"@graph\":[{\"@type\":\"WebPage\",\"@id\":\"https:\/\/grontkontor.dk\/de\/shop\/handsker-i-rpet-med-touch-funktion\/\",\"url\":\"https:\/\/grontkontor.dk\/de\/shop\/handsker-i-rpet-med-touch-funktion\/\",\"name\":\"Handschuhe aus RPET mit Touch-Funktion - Gr\u00f8nt Kontor\",\"isPartOf\":{\"@id\":\"https:\/\/grontkontor.dk\/#website\"},\"datePublished\":\"2025-01-17T12:19:20+00:00\",\"dateModified\":\"2025-11-06T10:27:49+00:00\",\"description\":\"Klimafreundliche Touchscreen-Handschuhe aus recyceltem Kunststoff. Umweltfreundliche Kleidung in Schwarz, Grau und Blau. Perfekt als Firmengeschenk mit Logodruck oder Stickerei.\",\"breadcrumb\":{\"@id\":\"https:\/\/grontkontor.dk\/de\/shop\/handsker-i-rpet-med-touch-funktion\/#breadcrumb\"},\"inLanguage\":\"de\",\"potentialAction\":[{\"@type\":\"ReadAction\",\"target\":[\"https:\/\/grontkontor.dk\/de\/shop\/handsker-i-rpet-med-touch-funktion\/\"]}]},{\"@type\":\"BreadcrumbList\",\"@id\":\"https:\/\/grontkontor.dk\/de\/shop\/handsker-i-rpet-med-touch-funktion\/#breadcrumb\",\"itemListElement\":[{\"@type\":\"ListItem\",\"position\":1,\"name\":\"Forside\",\"item\":\"https:\/\/grontkontor.dk\/de\/\"},{\"@type\":\"ListItem\",\"position\":2,\"name\":\"Laden\",\"item\":\"https:\/\/grontkontor.dk\/de\/laden\/\"},{\"@type\":\"ListItem\",\"position\":3,\"name\":\"Bei Regen und K\u00e4lte\",\"item\":\"https:\/\/grontkontor.dk\/de\/produkt-kategori\/bei-regen-und-kaelte\/\"},{\"@type\":\"ListItem\",\"position\":4,\"name\":\"Handschuhe aus RPET mit Touch-Funktion\"}]},{\"@type\":\"WebSite\",\"@id\":\"https:\/\/grontkontor.dk\/#website\",\"url\":\"https:\/\/grontkontor.dk\/\",\"name\":\"Gr\u00f8nt Kontor\",\"description\":\"Milj\u00f8venlige produkter til kontor og erhverv med fokus p\u00e5 b\u00e6redygtighed, design og fair trade.\",\"publisher\":{\"@id\":\"https:\/\/grontkontor.dk\/#organization\"},\"potentialAction\":[{\"@type\":\"SearchAction\",\"target\":{\"@type\":\"EntryPoint\",\"urlTemplate\":\"https:\/\/grontkontor.dk\/?s={search_term_string}\"},\"query-input\":\"required name=search_term_string\"}],\"inLanguage\":\"de\"},{\"@type\":\"Organization\",\"@id\":\"https:\/\/grontkontor.dk\/#organization\",\"name\":\"Gr\u00f8nt Kontor\",\"url\":\"https:\/\/grontkontor.dk\/\",\"logo\":{\"@type\":\"ImageObject\",\"inLanguage\":\"de\",\"@id\":\"https:\/\/grontkontor.dk\/#\/schema\/logo\/image\/\",\"url\":\"https:\/\/grontkontor.dk\/wp-content\/uploads\/2014\/02\/Logo_groent_kontor_300x80.png\",\"contentUrl\":\"https:\/\/grontkontor.dk\/wp-content\/uploads\/2014\/02\/Logo_groent_kontor_300x80.png\",\"width\":300,\"height\":80,\"caption\":\"Gr\u00f8nt Kontor\"},\"image\":{\"@id\":\"https:\/\/grontkontor.dk\/#\/schema\/logo\/image\/\"},\"sameAs\":[\"https:\/\/www.facebook.com\/grontkontor.dk\/\"]}]}<\/script>\n<!-- \/ Yoast SEO Premium plugin. -->","yoast_head_json":{"title":"Handschuhe aus RPET mit Touch-Funktion - Gr\u00f8nt Kontor","description":"Klimafreundliche Touchscreen-Handschuhe aus recyceltem Kunststoff. Umweltfreundliche Kleidung in Schwarz, Grau und Blau. Perfekt als Firmengeschenk mit Logodruck oder Stickerei.","robots":{"index":"index","follow":"follow","max-snippet":"max-snippet:-1","max-image-preview":"max-image-preview:large","max-video-preview":"max-video-preview:-1"},"canonical":"https:\/\/grontkontor.dk\/de\/shop\/handsker-i-rpet-med-touch-funktion\/","og_locale":"de_DE","og_type":"article","og_title":"Handschuhe aus RPET mit Touch-Funktion","og_description":"Klimafreundliche Touchscreen-Handschuhe aus recyceltem Kunststoff. Umweltfreundliche Kleidung in Schwarz, Grau und Blau. Perfekt als Firmengeschenk mit Logodruck oder Stickerei.","og_url":"https:\/\/grontkontor.dk\/de\/shop\/handsker-i-rpet-med-touch-funktion\/","og_site_name":"Gr\u00f8nt Kontor","article_publisher":"https:\/\/www.facebook.com\/grontkontor.dk\/","article_modified_time":"2025-11-06T10:27:49+00:00","og_image":[{"width":900,"height":639,"url":"https:\/\/grontkontor.dk\/wp-content\/uploads\/2024\/12\/Klimavenlige-handsker-i-genanvendt-plast-collage.jpg","type":"image\/jpeg"}],"twitter_card":"summary_large_image","twitter_misc":{"Gesch\u00e4tzte Lesezeit":"1\u00a0Minute"},"schema":{"@context":"https:\/\/schema.org","@graph":[{"@type":"WebPage","@id":"https:\/\/grontkontor.dk\/de\/shop\/handsker-i-rpet-med-touch-funktion\/","url":"https:\/\/grontkontor.dk\/de\/shop\/handsker-i-rpet-med-touch-funktion\/","name":"Handschuhe aus RPET mit Touch-Funktion - Gr\u00f8nt Kontor","isPartOf":{"@id":"https:\/\/grontkontor.dk\/#website"},"datePublished":"2025-01-17T12:19:20+00:00","dateModified":"2025-11-06T10:27:49+00:00","description":"Klimafreundliche Touchscreen-Handschuhe aus recyceltem Kunststoff. Umweltfreundliche Kleidung in Schwarz, Grau und Blau. Perfekt als Firmengeschenk mit Logodruck oder Stickerei.","breadcrumb":{"@id":"https:\/\/grontkontor.dk\/de\/shop\/handsker-i-rpet-med-touch-funktion\/#breadcrumb"},"inLanguage":"de","potentialAction":[{"@type":"ReadAction","target":["https:\/\/grontkontor.dk\/de\/shop\/handsker-i-rpet-med-touch-funktion\/"]}]},{"@type":"BreadcrumbList","@id":"https:\/\/grontkontor.dk\/de\/shop\/handsker-i-rpet-med-touch-funktion\/#breadcrumb","itemListElement":[{"@type":"ListItem","position":1,"name":"Forside","item":"https:\/\/grontkontor.dk\/de\/"},{"@type":"ListItem","position":2,"name":"Laden","item":"https:\/\/grontkontor.dk\/de\/laden\/"},{"@type":"ListItem","position":3,"name":"Bei Regen und K\u00e4lte","item":"https:\/\/grontkontor.dk\/de\/produkt-kategori\/bei-regen-und-kaelte\/"},{"@type":"ListItem","position":4,"name":"Handschuhe aus RPET mit Touch-Funktion"}]},{"@type":"WebSite","@id":"https:\/\/grontkontor.dk\/#website","url":"https:\/\/grontkontor.dk\/","name":"Gr\u00f8nt Kontor","description":"Milj\u00f8venlige produkter til kontor og erhverv med fokus p\u00e5 b\u00e6redygtighed, design og fair trade.","publisher":{"@id":"https:\/\/grontkontor.dk\/#organization"},"potentialAction":[{"@type":"SearchAction","target":{"@type":"EntryPoint","urlTemplate":"https:\/\/grontkontor.dk\/?s={search_term_string}"},"query-input":"required name=search_term_string"}],"inLanguage":"de"},{"@type":"Organization","@id":"https:\/\/grontkontor.dk\/#organization","name":"Gr\u00f8nt Kontor","url":"https:\/\/grontkontor.dk\/","logo":{"@type":"ImageObject","inLanguage":"de","@id":"https:\/\/grontkontor.dk\/#\/schema\/logo\/image\/","url":"https:\/\/grontkontor.dk\/wp-content\/uploads\/2014\/02\/Logo_groent_kontor_300x80.png","contentUrl":"https:\/\/grontkontor.dk\/wp-content\/uploads\/2014\/02\/Logo_groent_kontor_300x80.png","width":300,"height":80,"caption":"Gr\u00f8nt Kontor"},"image":{"@id":"https:\/\/grontkontor.dk\/#\/schema\/logo\/image\/"},"sameAs":["https:\/\/www.facebook.com\/grontkontor.dk\/"]}]}},"_links":{"self":[{"href":"https:\/\/grontkontor.dk\/de\/wp-json\/wp\/v2\/product\/118832"}],"collection":[{"href":"https:\/\/grontkontor.dk\/de\/wp-json\/wp\/v2\/product"}],"about":[{"href":"https:\/\/grontkontor.dk\/de\/wp-json\/wp\/v2\/types\/product"}],"replies":[{"embeddable":true,"href":"https:\/\/grontkontor.dk\/de\/wp-json\/wp\/v2\/comments?post=118832"}],"wp:featuredmedia":[{"embeddable":true,"href":"https:\/\/grontkontor.dk\/de\/wp-json\/wp\/v2\/media\/117491"}],"wp:attachment":[{"href":"https:\/\/grontkontor.dk\/de\/wp-json\/wp\/v2\/media?parent=118832"}],"wp:term":[{"taxonomy":"product_cat","embeddable":true,"href":"https:\/\/grontkontor.dk\/de\/wp-json\/wp\/v2\/product_cat?post=118832"},{"taxonomy":"product_tag","embeddable":true,"href":"https:\/\/grontkontor.dk\/de\/wp-json\/wp\/v2\/product_tag?post=118832"}],"curies":[{"name":"wp","href":"https:\/\/api.w.org\/{rel}","templated":true}]}}