{"id":119216,"date":"2025-01-28T13:54:51","date_gmt":"2025-01-28T12:54:53","guid":{"rendered":"https:\/\/grontkontor.dk\/?post_type=product&#038;p=119216"},"modified":"2025-01-30T13:28:59","modified_gmt":"2025-01-30T12:28:59","slug":"rygsaek-i-genbrugsplast","status":"publish","type":"product","link":"https:\/\/grontkontor.dk\/de\/shop\/rygsaek-i-genbrugsplast\/","title":{"rendered":"Rucksack aus recyceltem Kunststoff"},"content":{"rendered":"<p>Dieser umweltfreundliche Rucksack besteht aus 300D RPC, PVC-freiem Polyester, das aus recyceltem Kunststoff hergestellt wird. Es verf\u00fcgt \u00fcber ein gepolstertes Fach f\u00fcr einen Laptop bis zu 15&#8243; und ein Tablet bis zu 10&#8243;. Das Hauptfach wird mit Metallschnallen geschlossen und es gibt eine praktische Fronttasche mit Rei\u00dfverschluss. Die verstellbaren, gepolsterten Schultergurte sorgen f\u00fcr hohen Komfort, w\u00e4hrend das strapazierf\u00e4hige Material den Rucksack sowohl f\u00fcr den Alltag als auch f\u00fcr Ausfl\u00fcge ideal macht.   <\/p>\n<p>[rpet]<\/p>\n<p>[grs_s]<\/p>\n<p>&nbsp;<\/p>\n<p><img loading=\"lazy\" decoding=\"async\" src=\"https:\/\/grontkontor.dk\/wp-content\/uploads\/2021\/02\/genbrug.jpg\" alt=\"Fremstillet af genbrugsmaterialer\" width=\"50\" height=\"50\" class=\"size-full wp-image-23031\" srcset=\"https:\/\/grontkontor.dk\/wp-content\/uploads\/2021\/02\/genbrug.jpg 199w, https:\/\/grontkontor.dk\/wp-content\/uploads\/2021\/02\/genbrug-100x100.jpg 100w\" sizes=\"(max-width: 50px) 100vw, 50px\" \/><a href=\"https:\/\/textileexchange.org\/standards\/recycled-claim-standard-global-recycled-standard\/\"><img loading=\"lazy\" decoding=\"async\" src=\"https:\/\/grontkontor.dk\/wp-content\/uploads\/2021\/06\/global-recycled-standard-1.jpg\" alt=\"Global recycled standard\" width=\"50\" height=\"50\" class=\"size-full wp-image-25504\" \/> <\/a><\/p>\n<p>&nbsp;<\/p>\n<p>&nbsp;<\/p>\n","protected":false},"excerpt":{"rendered":"<p>Dieser umweltfreundliche Rucksack besteht aus 300D RPC, PVC-freiem Polyester, das aus recyceltem Kunststoff hergestellt wird. Es verf\u00fcgt \u00fcber ein gepolstertes Fach f\u00fcr einen Laptop bis zu 15&#8243; und ein Tablet bis zu 10&#8243;. Das Hauptfach wird mit Metallschnallen geschlossen und es gibt eine praktische Fronttasche mit Rei\u00dfverschluss. Die verstellbaren, gepolsterten Schultergurte sorgen f\u00fcr hohen Komfort, [&hellip;]<\/p>\n","protected":false},"featured_media":119247,"comment_status":"closed","ping_status":"closed","template":"","meta":{"_acf_changed":false},"product_cat":[3325,3321,4056,3084,3512],"product_tag":[4057,3747,3552],"class_list":{"0":"post-119216","1":"product","2":"type-product","3":"status-publish","4":"has-post-thumbnail","6":"product_cat-dummy-moq-1-de","7":"product_cat-klimafreundliche-werbegeschenke","8":"product_cat-laptoptaschen-und-huellen","9":"product_cat-neuheiten","10":"product_cat-taschen-tueten-und-huellen","11":"product_tag-pc-tasche","12":"product_tag-rucksack","13":"product_tag-tasche","14":"tm-has-options","16":"first","17":"instock","18":"taxable","19":"shipping-taxable","20":"purchasable","21":"product-type-variable","22":"has-default-attributes"},"acf":[],"yoast_head":"<!-- This site is optimized with the Yoast SEO Premium plugin v21.2 (Yoast SEO v21.2) - https:\/\/yoast.com\/wordpress\/plugins\/seo\/ -->\n<title>Rucksack aus recyceltem Kunststoff - Gr\u00f8nt Kontor<\/title>\n<meta name=\"robots\" content=\"index, follow, max-snippet:-1, max-image-preview:large, max-video-preview:-1\" \/>\n<link rel=\"canonical\" href=\"https:\/\/grontkontor.dk\/de\/shop\/rygsaek-i-genbrugsplast\/\" \/>\n<meta property=\"og:locale\" content=\"de_DE\" \/>\n<meta property=\"og:type\" content=\"article\" \/>\n<meta property=\"og:title\" content=\"Rucksack aus recyceltem Kunststoff\" \/>\n<meta property=\"og:description\" content=\"Dieser umweltfreundliche Rucksack besteht aus 300D RPC, PVC-freiem Polyester, das aus recyceltem Kunststoff hergestellt wird. Es verf\u00fcgt \u00fcber ein gepolstertes Fach f\u00fcr einen Laptop bis zu 15&#8243; und ein Tablet bis zu 10&#8243;. Das Hauptfach wird mit Metallschnallen geschlossen und es gibt eine praktische Fronttasche mit Rei\u00dfverschluss. Die verstellbaren, gepolsterten Schultergurte sorgen f\u00fcr hohen Komfort, [&hellip;]\" \/>\n<meta property=\"og:url\" content=\"https:\/\/grontkontor.dk\/de\/shop\/rygsaek-i-genbrugsplast\/\" \/>\n<meta property=\"og:site_name\" content=\"Gr\u00f8nt Kontor\" \/>\n<meta property=\"article:publisher\" content=\"https:\/\/www.facebook.com\/grontkontor.dk\/\" \/>\n<meta property=\"article:modified_time\" content=\"2025-01-30T12:28:59+00:00\" \/>\n<meta property=\"og:image\" content=\"https:\/\/grontkontor.dk\/wp-content\/uploads\/2025\/01\/Klimavenlig-rygsaek-recycled-plast-collage.jpg\" \/>\n\t<meta property=\"og:image:width\" content=\"900\" \/>\n\t<meta property=\"og:image:height\" content=\"639\" \/>\n\t<meta property=\"og:image:type\" content=\"image\/jpeg\" \/>\n<meta name=\"twitter:card\" content=\"summary_large_image\" \/>\n<script type=\"application\/ld+json\" class=\"yoast-schema-graph\">{\"@context\":\"https:\/\/schema.org\",\"@graph\":[{\"@type\":\"WebPage\",\"@id\":\"https:\/\/grontkontor.dk\/de\/shop\/rygsaek-i-genbrugsplast\/\",\"url\":\"https:\/\/grontkontor.dk\/de\/shop\/rygsaek-i-genbrugsplast\/\",\"name\":\"Rucksack aus recyceltem Kunststoff - Gr\u00f8nt Kontor\",\"isPartOf\":{\"@id\":\"https:\/\/grontkontor.dk\/#website\"},\"datePublished\":\"2025-01-28T12:54:53+00:00\",\"dateModified\":\"2025-01-30T12:28:59+00:00\",\"breadcrumb\":{\"@id\":\"https:\/\/grontkontor.dk\/de\/shop\/rygsaek-i-genbrugsplast\/#breadcrumb\"},\"inLanguage\":\"de\",\"potentialAction\":[{\"@type\":\"ReadAction\",\"target\":[\"https:\/\/grontkontor.dk\/de\/shop\/rygsaek-i-genbrugsplast\/\"]}]},{\"@type\":\"BreadcrumbList\",\"@id\":\"https:\/\/grontkontor.dk\/de\/shop\/rygsaek-i-genbrugsplast\/#breadcrumb\",\"itemListElement\":[{\"@type\":\"ListItem\",\"position\":1,\"name\":\"Forside\",\"item\":\"https:\/\/grontkontor.dk\/de\/\"},{\"@type\":\"ListItem\",\"position\":2,\"name\":\"Laden\",\"item\":\"https:\/\/grontkontor.dk\/de\/laden\/\"},{\"@type\":\"ListItem\",\"position\":3,\"name\":\"Taschen, Taschen und H\u00fcllen\",\"item\":\"https:\/\/grontkontor.dk\/de\/produkt-kategori\/taschen-tueten-und-huellen\/\"},{\"@type\":\"ListItem\",\"position\":4,\"name\":\"Laptoptaschen und -h\u00fcllen\",\"item\":\"https:\/\/grontkontor.dk\/de\/produkt-kategori\/taschen-tueten-und-huellen\/laptoptaschen-und-huellen\/\"},{\"@type\":\"ListItem\",\"position\":5,\"name\":\"Rucksack aus recyceltem Kunststoff\"}]},{\"@type\":\"WebSite\",\"@id\":\"https:\/\/grontkontor.dk\/#website\",\"url\":\"https:\/\/grontkontor.dk\/\",\"name\":\"Gr\u00f8nt Kontor\",\"description\":\"Milj\u00f8venlige produkter til kontor og erhverv med fokus p\u00e5 b\u00e6redygtighed, design og fair trade.\",\"publisher\":{\"@id\":\"https:\/\/grontkontor.dk\/#organization\"},\"potentialAction\":[{\"@type\":\"SearchAction\",\"target\":{\"@type\":\"EntryPoint\",\"urlTemplate\":\"https:\/\/grontkontor.dk\/?s={search_term_string}\"},\"query-input\":\"required name=search_term_string\"}],\"inLanguage\":\"de\"},{\"@type\":\"Organization\",\"@id\":\"https:\/\/grontkontor.dk\/#organization\",\"name\":\"Gr\u00f8nt Kontor\",\"url\":\"https:\/\/grontkontor.dk\/\",\"logo\":{\"@type\":\"ImageObject\",\"inLanguage\":\"de\",\"@id\":\"https:\/\/grontkontor.dk\/#\/schema\/logo\/image\/\",\"url\":\"https:\/\/grontkontor.dk\/wp-content\/uploads\/2014\/02\/Logo_groent_kontor_300x80.png\",\"contentUrl\":\"https:\/\/grontkontor.dk\/wp-content\/uploads\/2014\/02\/Logo_groent_kontor_300x80.png\",\"width\":300,\"height\":80,\"caption\":\"Gr\u00f8nt Kontor\"},\"image\":{\"@id\":\"https:\/\/grontkontor.dk\/#\/schema\/logo\/image\/\"},\"sameAs\":[\"https:\/\/www.facebook.com\/grontkontor.dk\/\"]}]}<\/script>\n<!-- \/ Yoast SEO Premium plugin. -->","yoast_head_json":{"title":"Rucksack aus recyceltem Kunststoff - Gr\u00f8nt Kontor","robots":{"index":"index","follow":"follow","max-snippet":"max-snippet:-1","max-image-preview":"max-image-preview:large","max-video-preview":"max-video-preview:-1"},"canonical":"https:\/\/grontkontor.dk\/de\/shop\/rygsaek-i-genbrugsplast\/","og_locale":"de_DE","og_type":"article","og_title":"Rucksack aus recyceltem Kunststoff","og_description":"Dieser umweltfreundliche Rucksack besteht aus 300D RPC, PVC-freiem Polyester, das aus recyceltem Kunststoff hergestellt wird. Es verf\u00fcgt \u00fcber ein gepolstertes Fach f\u00fcr einen Laptop bis zu 15&#8243; und ein Tablet bis zu 10&#8243;. Das Hauptfach wird mit Metallschnallen geschlossen und es gibt eine praktische Fronttasche mit Rei\u00dfverschluss. Die verstellbaren, gepolsterten Schultergurte sorgen f\u00fcr hohen Komfort, [&hellip;]","og_url":"https:\/\/grontkontor.dk\/de\/shop\/rygsaek-i-genbrugsplast\/","og_site_name":"Gr\u00f8nt Kontor","article_publisher":"https:\/\/www.facebook.com\/grontkontor.dk\/","article_modified_time":"2025-01-30T12:28:59+00:00","og_image":[{"width":900,"height":639,"url":"https:\/\/grontkontor.dk\/wp-content\/uploads\/2025\/01\/Klimavenlig-rygsaek-recycled-plast-collage.jpg","type":"image\/jpeg"}],"twitter_card":"summary_large_image","schema":{"@context":"https:\/\/schema.org","@graph":[{"@type":"WebPage","@id":"https:\/\/grontkontor.dk\/de\/shop\/rygsaek-i-genbrugsplast\/","url":"https:\/\/grontkontor.dk\/de\/shop\/rygsaek-i-genbrugsplast\/","name":"Rucksack aus recyceltem Kunststoff - Gr\u00f8nt Kontor","isPartOf":{"@id":"https:\/\/grontkontor.dk\/#website"},"datePublished":"2025-01-28T12:54:53+00:00","dateModified":"2025-01-30T12:28:59+00:00","breadcrumb":{"@id":"https:\/\/grontkontor.dk\/de\/shop\/rygsaek-i-genbrugsplast\/#breadcrumb"},"inLanguage":"de","potentialAction":[{"@type":"ReadAction","target":["https:\/\/grontkontor.dk\/de\/shop\/rygsaek-i-genbrugsplast\/"]}]},{"@type":"BreadcrumbList","@id":"https:\/\/grontkontor.dk\/de\/shop\/rygsaek-i-genbrugsplast\/#breadcrumb","itemListElement":[{"@type":"ListItem","position":1,"name":"Forside","item":"https:\/\/grontkontor.dk\/de\/"},{"@type":"ListItem","position":2,"name":"Laden","item":"https:\/\/grontkontor.dk\/de\/laden\/"},{"@type":"ListItem","position":3,"name":"Taschen, Taschen und H\u00fcllen","item":"https:\/\/grontkontor.dk\/de\/produkt-kategori\/taschen-tueten-und-huellen\/"},{"@type":"ListItem","position":4,"name":"Laptoptaschen und -h\u00fcllen","item":"https:\/\/grontkontor.dk\/de\/produkt-kategori\/taschen-tueten-und-huellen\/laptoptaschen-und-huellen\/"},{"@type":"ListItem","position":5,"name":"Rucksack aus recyceltem Kunststoff"}]},{"@type":"WebSite","@id":"https:\/\/grontkontor.dk\/#website","url":"https:\/\/grontkontor.dk\/","name":"Gr\u00f8nt Kontor","description":"Milj\u00f8venlige produkter til kontor og erhverv med fokus p\u00e5 b\u00e6redygtighed, design og fair trade.","publisher":{"@id":"https:\/\/grontkontor.dk\/#organization"},"potentialAction":[{"@type":"SearchAction","target":{"@type":"EntryPoint","urlTemplate":"https:\/\/grontkontor.dk\/?s={search_term_string}"},"query-input":"required name=search_term_string"}],"inLanguage":"de"},{"@type":"Organization","@id":"https:\/\/grontkontor.dk\/#organization","name":"Gr\u00f8nt Kontor","url":"https:\/\/grontkontor.dk\/","logo":{"@type":"ImageObject","inLanguage":"de","@id":"https:\/\/grontkontor.dk\/#\/schema\/logo\/image\/","url":"https:\/\/grontkontor.dk\/wp-content\/uploads\/2014\/02\/Logo_groent_kontor_300x80.png","contentUrl":"https:\/\/grontkontor.dk\/wp-content\/uploads\/2014\/02\/Logo_groent_kontor_300x80.png","width":300,"height":80,"caption":"Gr\u00f8nt Kontor"},"image":{"@id":"https:\/\/grontkontor.dk\/#\/schema\/logo\/image\/"},"sameAs":["https:\/\/www.facebook.com\/grontkontor.dk\/"]}]}},"_links":{"self":[{"href":"https:\/\/grontkontor.dk\/de\/wp-json\/wp\/v2\/product\/119216"}],"collection":[{"href":"https:\/\/grontkontor.dk\/de\/wp-json\/wp\/v2\/product"}],"about":[{"href":"https:\/\/grontkontor.dk\/de\/wp-json\/wp\/v2\/types\/product"}],"replies":[{"embeddable":true,"href":"https:\/\/grontkontor.dk\/de\/wp-json\/wp\/v2\/comments?post=119216"}],"wp:featuredmedia":[{"embeddable":true,"href":"https:\/\/grontkontor.dk\/de\/wp-json\/wp\/v2\/media\/119247"}],"wp:attachment":[{"href":"https:\/\/grontkontor.dk\/de\/wp-json\/wp\/v2\/media?parent=119216"}],"wp:term":[{"taxonomy":"product_cat","embeddable":true,"href":"https:\/\/grontkontor.dk\/de\/wp-json\/wp\/v2\/product_cat?post=119216"},{"taxonomy":"product_tag","embeddable":true,"href":"https:\/\/grontkontor.dk\/de\/wp-json\/wp\/v2\/product_tag?post=119216"}],"curies":[{"name":"wp","href":"https:\/\/api.w.org\/{rel}","templated":true}]}}