{"id":119409,"date":"2025-01-30T14:01:45","date_gmt":"2025-01-30T13:01:46","guid":{"rendered":"https:\/\/grontkontor.dk\/?post_type=product&#038;p=119409"},"modified":"2025-11-06T11:19:14","modified_gmt":"2025-11-06T10:19:14","slug":"svedbaand-i-rpet","status":"publish","type":"product","link":"https:\/\/grontkontor.dk\/de\/shop\/svedbaand-i-rpet\/","title":{"rendered":"Schwei\u00dfband aus rPET ohne Druck"},"content":{"rendered":"<p data-start=\"102\" data-end=\"403\">Ein klimafreundliches Schwei\u00dfband mit integrierter Rei\u00dfverschlusstasche ist eine smarte und umweltfreundliche L\u00f6sung, die Funktionalit\u00e4t mit Komfort verbindet. Aus recyceltem Kunststoff gefertigt, gibt dieses Schwei\u00dfarmband dem Material ein neues Leben und wird so zu einer klimafreundlichen Wahl, die sowohl praktisch ist als auch R\u00fccksichtnahme auf die Umwelt signalisiert. <\/p>\n<p data-start=\"405\" data-end=\"761\">Das Schwei\u00dfband ist dehnbar, weich und angenehm zu tragen bei Sport, Sport und Outdoor-Aktivit\u00e4ten. Die kleine Rei\u00dfverschlusstasche eignet sich perfekt zum Verstauen von Schl\u00fcsseln, M\u00fcnzen oder anderen kleinen Gegenst\u00e4nden, sodass Sie sich frei bewegen k\u00f6nnen, ohne sich um Taschen oder Taschen k\u00fcmmern zu m\u00fcssen. Damit ist das Schwei\u00dfband mehr als nur ein Accessoire \u2013 es ist ein praktisches Werkzeug im Alltag.  <\/p>\n<p data-start=\"763\" data-end=\"1040\">Die umweltfreundlichen Schwei\u00dfb\u00e4nder sind in den Farben Schwarz, Rot, Gelb, Pink und Blau erh\u00e4ltlich, sodass Sie genau die Variante ausw\u00e4hlen k\u00f6nnen, die zu Ihrer Marke oder Veranstaltung passt. Mit der Option des Logodrucks werden sie zu einem effektiven Werbeartikel, bei dem Ihr Logo jedes Mal angezeigt wird, wenn das Schwei\u00dfband verwendet wird. <\/p>\n<p data-start=\"1042\" data-end=\"1282\">Klimafreundliche Schwei\u00dfb\u00e4nder sind eine naheliegende Wahl als Give-away f\u00fcr Messen, Firmenevents oder Sportveranstaltungen. Sie vereinen einen hohen Nutzwert mit einem klaren gr\u00fcnen Signal und sind damit ein Werbeartikel, der sowohl in Erinnerung bleibt als auch immer wieder verwendet wird. <\/p>\n<p data-start=\"1284\" data-end=\"1456\">Wenn du dich f\u00fcr ein umweltfreundliches Sweatarmband mit praktischer Rei\u00dfverschlusstasche entscheidest, bekommst du ein funktionales Produkt, das klimafreundliche Werte unterst\u00fctzt und gleichzeitig maximalen praktischen Nutzen bietet.<\/p>\n<p>[rpet]<\/p>\n<p>[grs_s]<\/p>\n<p>&nbsp;<\/p>\n<p><img loading=\"lazy\" decoding=\"async\" src=\"https:\/\/grontkontor.dk\/wp-content\/uploads\/2021\/02\/genbrug.jpg\" alt=\"Fremstillet af genbrugsmaterialer\" width=\"50\" height=\"50\" class=\"size-full wp-image-23031\" srcset=\"https:\/\/grontkontor.dk\/wp-content\/uploads\/2021\/02\/genbrug.jpg 199w, https:\/\/grontkontor.dk\/wp-content\/uploads\/2021\/02\/genbrug-100x100.jpg 100w\" sizes=\"(max-width: 50px) 100vw, 50px\" \/><a href=\"https:\/\/textileexchange.org\/standards\/recycled-claim-standard-global-recycled-standard\/\"><img loading=\"lazy\" decoding=\"async\" src=\"https:\/\/grontkontor.dk\/wp-content\/uploads\/2021\/06\/global-recycled-standard-1.jpg\" alt=\"Global recycled standard\" width=\"50\" height=\"50\" class=\"size-full wp-image-25504\" \/> <\/a><\/p>\n<p>&nbsp;<\/p>\n<p>&nbsp;<\/p>\n","protected":false},"excerpt":{"rendered":"<p>Ein klimafreundliches Schwei\u00dfband mit integrierter Rei\u00dfverschlusstasche ist eine smarte und umweltfreundliche L\u00f6sung, die Funktionalit\u00e4t mit Komfort verbindet. Aus recyceltem Kunststoff gefertigt, gibt dieses Schwei\u00dfarmband dem Material ein neues Leben und wird so zu einer klimafreundlichen Wahl, die sowohl praktisch ist als auch R\u00fccksichtnahme auf die Umwelt signalisiert. Das Schwei\u00dfband ist dehnbar, weich und angenehm zu [&hellip;]<\/p>\n","protected":false},"featured_media":119461,"comment_status":"closed","ping_status":"closed","template":"","meta":{"_acf_changed":false},"product_cat":[3325,3458,3084],"product_tag":[3964],"class_list":{"0":"post-119409","1":"product","2":"type-product","3":"status-publish","4":"has-post-thumbnail","6":"product_cat-dummy-moq-1-de","7":"product_cat-kleidung","8":"product_cat-neuheiten","9":"product_tag-kleidung","10":"pa_farve-blau","11":"pa_farve-gelb-de","12":"pa_farve-rosa-de","13":"pa_farve-rot","14":"pa_farve-schwarz","15":"tm-has-options","17":"first","18":"instock","19":"taxable","20":"shipping-taxable","21":"purchasable","22":"product-type-variable","23":"has-default-attributes"},"acf":[],"yoast_head":"<!-- This site is optimized with the Yoast SEO Premium plugin v21.2 (Yoast SEO v21.2) - https:\/\/yoast.com\/wordpress\/plugins\/seo\/ -->\n<title>Schwei\u00dfband aus rPET ohne Druck - Gr\u00f8nt Kontor<\/title>\n<meta name=\"description\" content=\"Klimafreundliches Schwei\u00dfband aus recyceltem Kunststoff mit integrierter Rei\u00dfverschlusstasche. Umweltfreundliche L\u00f6sung f\u00fcr Sport und Veranstaltungen. Erh\u00e4ltlich in mehreren Farben mit Logodruck.\" \/>\n<meta name=\"robots\" content=\"index, follow, max-snippet:-1, max-image-preview:large, max-video-preview:-1\" \/>\n<link rel=\"canonical\" href=\"https:\/\/grontkontor.dk\/de\/shop\/svedbaand-i-rpet\/\" \/>\n<meta property=\"og:locale\" content=\"de_DE\" \/>\n<meta property=\"og:type\" content=\"article\" \/>\n<meta property=\"og:title\" content=\"Schwei\u00dfband aus rPET ohne Druck\" \/>\n<meta property=\"og:description\" content=\"Klimafreundliches Schwei\u00dfband aus recyceltem Kunststoff mit integrierter Rei\u00dfverschlusstasche. Umweltfreundliche L\u00f6sung f\u00fcr Sport und Veranstaltungen. Erh\u00e4ltlich in mehreren Farben mit Logodruck.\" \/>\n<meta property=\"og:url\" content=\"https:\/\/grontkontor.dk\/de\/shop\/svedbaand-i-rpet\/\" \/>\n<meta property=\"og:site_name\" content=\"Gr\u00f8nt Kontor\" \/>\n<meta property=\"article:publisher\" content=\"https:\/\/www.facebook.com\/grontkontor.dk\/\" \/>\n<meta property=\"article:modified_time\" content=\"2025-11-06T10:19:14+00:00\" \/>\n<meta property=\"og:image\" content=\"https:\/\/grontkontor.dk\/wp-content\/uploads\/2025\/01\/Klimavenlige-armbaand-rpet-collage.jpg\" \/>\n\t<meta property=\"og:image:width\" content=\"900\" \/>\n\t<meta property=\"og:image:height\" content=\"639\" \/>\n\t<meta property=\"og:image:type\" content=\"image\/jpeg\" \/>\n<meta name=\"twitter:card\" content=\"summary_large_image\" \/>\n<meta name=\"twitter:label1\" content=\"Gesch\u00e4tzte Lesezeit\" \/>\n\t<meta name=\"twitter:data1\" content=\"1\u00a0Minute\" \/>\n<script type=\"application\/ld+json\" class=\"yoast-schema-graph\">{\"@context\":\"https:\/\/schema.org\",\"@graph\":[{\"@type\":\"WebPage\",\"@id\":\"https:\/\/grontkontor.dk\/de\/shop\/svedbaand-i-rpet\/\",\"url\":\"https:\/\/grontkontor.dk\/de\/shop\/svedbaand-i-rpet\/\",\"name\":\"Schwei\u00dfband aus rPET ohne Druck - Gr\u00f8nt Kontor\",\"isPartOf\":{\"@id\":\"https:\/\/grontkontor.dk\/#website\"},\"datePublished\":\"2025-01-30T13:01:46+00:00\",\"dateModified\":\"2025-11-06T10:19:14+00:00\",\"description\":\"Klimafreundliches Schwei\u00dfband aus recyceltem Kunststoff mit integrierter Rei\u00dfverschlusstasche. Umweltfreundliche L\u00f6sung f\u00fcr Sport und Veranstaltungen. Erh\u00e4ltlich in mehreren Farben mit Logodruck.\",\"breadcrumb\":{\"@id\":\"https:\/\/grontkontor.dk\/de\/shop\/svedbaand-i-rpet\/#breadcrumb\"},\"inLanguage\":\"de\",\"potentialAction\":[{\"@type\":\"ReadAction\",\"target\":[\"https:\/\/grontkontor.dk\/de\/shop\/svedbaand-i-rpet\/\"]}]},{\"@type\":\"BreadcrumbList\",\"@id\":\"https:\/\/grontkontor.dk\/de\/shop\/svedbaand-i-rpet\/#breadcrumb\",\"itemListElement\":[{\"@type\":\"ListItem\",\"position\":1,\"name\":\"Forside\",\"item\":\"https:\/\/grontkontor.dk\/de\/\"},{\"@type\":\"ListItem\",\"position\":2,\"name\":\"Laden\",\"item\":\"https:\/\/grontkontor.dk\/de\/laden\/\"},{\"@type\":\"ListItem\",\"position\":3,\"name\":\"Dummy MOQ 1\",\"item\":\"https:\/\/grontkontor.dk\/de\/produkt-kategori\/dummy-moq-1-de\/\"},{\"@type\":\"ListItem\",\"position\":4,\"name\":\"Schwei\u00dfband aus rPET ohne Druck\"}]},{\"@type\":\"WebSite\",\"@id\":\"https:\/\/grontkontor.dk\/#website\",\"url\":\"https:\/\/grontkontor.dk\/\",\"name\":\"Gr\u00f8nt Kontor\",\"description\":\"Milj\u00f8venlige produkter til kontor og erhverv med fokus p\u00e5 b\u00e6redygtighed, design og fair trade.\",\"publisher\":{\"@id\":\"https:\/\/grontkontor.dk\/#organization\"},\"potentialAction\":[{\"@type\":\"SearchAction\",\"target\":{\"@type\":\"EntryPoint\",\"urlTemplate\":\"https:\/\/grontkontor.dk\/?s={search_term_string}\"},\"query-input\":\"required name=search_term_string\"}],\"inLanguage\":\"de\"},{\"@type\":\"Organization\",\"@id\":\"https:\/\/grontkontor.dk\/#organization\",\"name\":\"Gr\u00f8nt Kontor\",\"url\":\"https:\/\/grontkontor.dk\/\",\"logo\":{\"@type\":\"ImageObject\",\"inLanguage\":\"de\",\"@id\":\"https:\/\/grontkontor.dk\/#\/schema\/logo\/image\/\",\"url\":\"https:\/\/grontkontor.dk\/wp-content\/uploads\/2014\/02\/Logo_groent_kontor_300x80.png\",\"contentUrl\":\"https:\/\/grontkontor.dk\/wp-content\/uploads\/2014\/02\/Logo_groent_kontor_300x80.png\",\"width\":300,\"height\":80,\"caption\":\"Gr\u00f8nt Kontor\"},\"image\":{\"@id\":\"https:\/\/grontkontor.dk\/#\/schema\/logo\/image\/\"},\"sameAs\":[\"https:\/\/www.facebook.com\/grontkontor.dk\/\"]}]}<\/script>\n<!-- \/ Yoast SEO Premium plugin. -->","yoast_head_json":{"title":"Schwei\u00dfband aus rPET ohne Druck - Gr\u00f8nt Kontor","description":"Klimafreundliches Schwei\u00dfband aus recyceltem Kunststoff mit integrierter Rei\u00dfverschlusstasche. Umweltfreundliche L\u00f6sung f\u00fcr Sport und Veranstaltungen. Erh\u00e4ltlich in mehreren Farben mit Logodruck.","robots":{"index":"index","follow":"follow","max-snippet":"max-snippet:-1","max-image-preview":"max-image-preview:large","max-video-preview":"max-video-preview:-1"},"canonical":"https:\/\/grontkontor.dk\/de\/shop\/svedbaand-i-rpet\/","og_locale":"de_DE","og_type":"article","og_title":"Schwei\u00dfband aus rPET ohne Druck","og_description":"Klimafreundliches Schwei\u00dfband aus recyceltem Kunststoff mit integrierter Rei\u00dfverschlusstasche. Umweltfreundliche L\u00f6sung f\u00fcr Sport und Veranstaltungen. Erh\u00e4ltlich in mehreren Farben mit Logodruck.","og_url":"https:\/\/grontkontor.dk\/de\/shop\/svedbaand-i-rpet\/","og_site_name":"Gr\u00f8nt Kontor","article_publisher":"https:\/\/www.facebook.com\/grontkontor.dk\/","article_modified_time":"2025-11-06T10:19:14+00:00","og_image":[{"width":900,"height":639,"url":"https:\/\/grontkontor.dk\/wp-content\/uploads\/2025\/01\/Klimavenlige-armbaand-rpet-collage.jpg","type":"image\/jpeg"}],"twitter_card":"summary_large_image","twitter_misc":{"Gesch\u00e4tzte Lesezeit":"1\u00a0Minute"},"schema":{"@context":"https:\/\/schema.org","@graph":[{"@type":"WebPage","@id":"https:\/\/grontkontor.dk\/de\/shop\/svedbaand-i-rpet\/","url":"https:\/\/grontkontor.dk\/de\/shop\/svedbaand-i-rpet\/","name":"Schwei\u00dfband aus rPET ohne Druck - Gr\u00f8nt Kontor","isPartOf":{"@id":"https:\/\/grontkontor.dk\/#website"},"datePublished":"2025-01-30T13:01:46+00:00","dateModified":"2025-11-06T10:19:14+00:00","description":"Klimafreundliches Schwei\u00dfband aus recyceltem Kunststoff mit integrierter Rei\u00dfverschlusstasche. Umweltfreundliche L\u00f6sung f\u00fcr Sport und Veranstaltungen. Erh\u00e4ltlich in mehreren Farben mit Logodruck.","breadcrumb":{"@id":"https:\/\/grontkontor.dk\/de\/shop\/svedbaand-i-rpet\/#breadcrumb"},"inLanguage":"de","potentialAction":[{"@type":"ReadAction","target":["https:\/\/grontkontor.dk\/de\/shop\/svedbaand-i-rpet\/"]}]},{"@type":"BreadcrumbList","@id":"https:\/\/grontkontor.dk\/de\/shop\/svedbaand-i-rpet\/#breadcrumb","itemListElement":[{"@type":"ListItem","position":1,"name":"Forside","item":"https:\/\/grontkontor.dk\/de\/"},{"@type":"ListItem","position":2,"name":"Laden","item":"https:\/\/grontkontor.dk\/de\/laden\/"},{"@type":"ListItem","position":3,"name":"Dummy MOQ 1","item":"https:\/\/grontkontor.dk\/de\/produkt-kategori\/dummy-moq-1-de\/"},{"@type":"ListItem","position":4,"name":"Schwei\u00dfband aus rPET ohne Druck"}]},{"@type":"WebSite","@id":"https:\/\/grontkontor.dk\/#website","url":"https:\/\/grontkontor.dk\/","name":"Gr\u00f8nt Kontor","description":"Milj\u00f8venlige produkter til kontor og erhverv med fokus p\u00e5 b\u00e6redygtighed, design og fair trade.","publisher":{"@id":"https:\/\/grontkontor.dk\/#organization"},"potentialAction":[{"@type":"SearchAction","target":{"@type":"EntryPoint","urlTemplate":"https:\/\/grontkontor.dk\/?s={search_term_string}"},"query-input":"required name=search_term_string"}],"inLanguage":"de"},{"@type":"Organization","@id":"https:\/\/grontkontor.dk\/#organization","name":"Gr\u00f8nt Kontor","url":"https:\/\/grontkontor.dk\/","logo":{"@type":"ImageObject","inLanguage":"de","@id":"https:\/\/grontkontor.dk\/#\/schema\/logo\/image\/","url":"https:\/\/grontkontor.dk\/wp-content\/uploads\/2014\/02\/Logo_groent_kontor_300x80.png","contentUrl":"https:\/\/grontkontor.dk\/wp-content\/uploads\/2014\/02\/Logo_groent_kontor_300x80.png","width":300,"height":80,"caption":"Gr\u00f8nt Kontor"},"image":{"@id":"https:\/\/grontkontor.dk\/#\/schema\/logo\/image\/"},"sameAs":["https:\/\/www.facebook.com\/grontkontor.dk\/"]}]}},"_links":{"self":[{"href":"https:\/\/grontkontor.dk\/de\/wp-json\/wp\/v2\/product\/119409"}],"collection":[{"href":"https:\/\/grontkontor.dk\/de\/wp-json\/wp\/v2\/product"}],"about":[{"href":"https:\/\/grontkontor.dk\/de\/wp-json\/wp\/v2\/types\/product"}],"replies":[{"embeddable":true,"href":"https:\/\/grontkontor.dk\/de\/wp-json\/wp\/v2\/comments?post=119409"}],"wp:featuredmedia":[{"embeddable":true,"href":"https:\/\/grontkontor.dk\/de\/wp-json\/wp\/v2\/media\/119461"}],"wp:attachment":[{"href":"https:\/\/grontkontor.dk\/de\/wp-json\/wp\/v2\/media?parent=119409"}],"wp:term":[{"taxonomy":"product_cat","embeddable":true,"href":"https:\/\/grontkontor.dk\/de\/wp-json\/wp\/v2\/product_cat?post=119409"},{"taxonomy":"product_tag","embeddable":true,"href":"https:\/\/grontkontor.dk\/de\/wp-json\/wp\/v2\/product_tag?post=119409"}],"curies":[{"name":"wp","href":"https:\/\/api.w.org\/{rel}","templated":true}]}}