{"id":119626,"date":"2025-02-04T11:12:40","date_gmt":"2025-02-04T10:12:42","guid":{"rendered":"https:\/\/grontkontor.dk\/?post_type=product&#038;p=119626"},"modified":"2025-02-13T10:01:27","modified_gmt":"2025-02-13T09:01:27","slug":"rygsaek-i-recycled-plast","status":"publish","type":"product","link":"https:\/\/grontkontor.dk\/de\/shop\/rygsaek-i-recycled-plast\/","title":{"rendered":"Rucksack aus recyceltem Kunststoff"},"content":{"rendered":"<p>Dieser umweltfreundliche Rucksack besteht aus 600D RPET-Polyester, das aus recyceltem Kunststoff hergestellt wird. Die verstellbaren, gepolsterten Schultergurte sorgen f\u00fcr hohen Komfort, w\u00e4hrend das strapazierf\u00e4hige Material den Rucksack sowohl f\u00fcr den Alltag als auch f\u00fcr Ausfl\u00fcge ideal macht. <\/p>\n<p>Gekaufte Ware &#8211; Lieferzeit 1-2 Wochen<\/p>\n<p>[rpet]<\/p>\n<p>[grs_s]<\/p>\n<p>&nbsp;<\/p>\n<p><img loading=\"lazy\" decoding=\"async\" src=\"https:\/\/grontkontor.dk\/wp-content\/uploads\/2021\/02\/genbrug.jpg\" alt=\"Fremstillet af genbrugsmaterialer\" width=\"50\" height=\"50\" class=\"size-full wp-image-23031\" srcset=\"https:\/\/grontkontor.dk\/wp-content\/uploads\/2021\/02\/genbrug.jpg 199w, https:\/\/grontkontor.dk\/wp-content\/uploads\/2021\/02\/genbrug-100x100.jpg 100w\" sizes=\"(max-width: 50px) 100vw, 50px\" \/><a href=\"https:\/\/textileexchange.org\/standards\/recycled-claim-standard-global-recycled-standard\/\"><img loading=\"lazy\" decoding=\"async\" src=\"https:\/\/grontkontor.dk\/wp-content\/uploads\/2021\/06\/global-recycled-standard-1.jpg\" alt=\"Global recycled standard\" width=\"50\" height=\"50\" class=\"size-full wp-image-25504\" \/> <\/a><\/p>\n<p>&nbsp;<\/p>\n<p>&nbsp;<\/p>\n","protected":false},"excerpt":{"rendered":"<p>Dieser umweltfreundliche Rucksack besteht aus 600D RPET-Polyester, das aus recyceltem Kunststoff hergestellt wird. Die verstellbaren, gepolsterten Schultergurte sorgen f\u00fcr hohen Komfort, w\u00e4hrend das strapazierf\u00e4hige Material den Rucksack sowohl f\u00fcr den Alltag als auch f\u00fcr Ausfl\u00fcge ideal macht. Gekaufte Ware &#8211; Lieferzeit 1-2 Wochen [rpet] [grs_s] &nbsp; &nbsp; &nbsp;<\/p>\n","protected":false},"featured_media":119656,"comment_status":"closed","ping_status":"closed","template":"","meta":{"_acf_changed":false},"product_cat":[3325,3321,4056,3084,3512],"product_tag":[3747,3552],"class_list":{"0":"post-119626","1":"product","2":"type-product","3":"status-publish","4":"has-post-thumbnail","6":"product_cat-dummy-moq-1-de","7":"product_cat-klimafreundliche-werbegeschenke","8":"product_cat-laptoptaschen-und-huellen","9":"product_cat-neuheiten","10":"product_cat-taschen-tueten-und-huellen","11":"product_tag-rucksack","12":"product_tag-tasche","13":"tm-has-options","15":"first","16":"instock","17":"taxable","18":"shipping-taxable","19":"purchasable","20":"product-type-variable","21":"has-default-attributes"},"acf":[],"yoast_head":"<!-- This site is optimized with the Yoast SEO Premium plugin v21.2 (Yoast SEO v21.2) - https:\/\/yoast.com\/wordpress\/plugins\/seo\/ -->\n<title>Rucksack aus recyceltem Kunststoff - Gr\u00f8nt Kontor<\/title>\n<meta name=\"robots\" content=\"index, follow, max-snippet:-1, max-image-preview:large, max-video-preview:-1\" \/>\n<link rel=\"canonical\" href=\"https:\/\/grontkontor.dk\/de\/shop\/rygsaek-i-recycled-plast\/\" \/>\n<meta property=\"og:locale\" content=\"de_DE\" \/>\n<meta property=\"og:type\" content=\"article\" \/>\n<meta property=\"og:title\" content=\"Rucksack aus recyceltem Kunststoff\" \/>\n<meta property=\"og:description\" content=\"Dieser umweltfreundliche Rucksack besteht aus 600D RPET-Polyester, das aus recyceltem Kunststoff hergestellt wird. Die verstellbaren, gepolsterten Schultergurte sorgen f\u00fcr hohen Komfort, w\u00e4hrend das strapazierf\u00e4hige Material den Rucksack sowohl f\u00fcr den Alltag als auch f\u00fcr Ausfl\u00fcge ideal macht. Gekaufte Ware &#8211; Lieferzeit 1-2 Wochen [rpet] [grs_s] &nbsp; &nbsp; &nbsp;\" \/>\n<meta property=\"og:url\" content=\"https:\/\/grontkontor.dk\/de\/shop\/rygsaek-i-recycled-plast\/\" \/>\n<meta property=\"og:site_name\" content=\"Gr\u00f8nt Kontor\" \/>\n<meta property=\"article:publisher\" content=\"https:\/\/www.facebook.com\/grontkontor.dk\/\" \/>\n<meta property=\"article:modified_time\" content=\"2025-02-13T09:01:27+00:00\" \/>\n<meta property=\"og:image\" content=\"https:\/\/grontkontor.dk\/wp-content\/uploads\/2025\/02\/Miljoevenlig-rygsaek-i-genanvendt-plast-collage.jpg\" \/>\n\t<meta property=\"og:image:width\" content=\"900\" \/>\n\t<meta property=\"og:image:height\" content=\"639\" \/>\n\t<meta property=\"og:image:type\" content=\"image\/jpeg\" \/>\n<meta name=\"twitter:card\" content=\"summary_large_image\" \/>\n<script type=\"application\/ld+json\" class=\"yoast-schema-graph\">{\"@context\":\"https:\/\/schema.org\",\"@graph\":[{\"@type\":\"WebPage\",\"@id\":\"https:\/\/grontkontor.dk\/de\/shop\/rygsaek-i-recycled-plast\/\",\"url\":\"https:\/\/grontkontor.dk\/de\/shop\/rygsaek-i-recycled-plast\/\",\"name\":\"Rucksack aus recyceltem Kunststoff - Gr\u00f8nt Kontor\",\"isPartOf\":{\"@id\":\"https:\/\/grontkontor.dk\/#website\"},\"datePublished\":\"2025-02-04T10:12:42+00:00\",\"dateModified\":\"2025-02-13T09:01:27+00:00\",\"breadcrumb\":{\"@id\":\"https:\/\/grontkontor.dk\/de\/shop\/rygsaek-i-recycled-plast\/#breadcrumb\"},\"inLanguage\":\"de\",\"potentialAction\":[{\"@type\":\"ReadAction\",\"target\":[\"https:\/\/grontkontor.dk\/de\/shop\/rygsaek-i-recycled-plast\/\"]}]},{\"@type\":\"BreadcrumbList\",\"@id\":\"https:\/\/grontkontor.dk\/de\/shop\/rygsaek-i-recycled-plast\/#breadcrumb\",\"itemListElement\":[{\"@type\":\"ListItem\",\"position\":1,\"name\":\"Forside\",\"item\":\"https:\/\/grontkontor.dk\/de\/\"},{\"@type\":\"ListItem\",\"position\":2,\"name\":\"Laden\",\"item\":\"https:\/\/grontkontor.dk\/de\/laden\/\"},{\"@type\":\"ListItem\",\"position\":3,\"name\":\"Taschen, Taschen und H\u00fcllen\",\"item\":\"https:\/\/grontkontor.dk\/de\/produkt-kategori\/taschen-tueten-und-huellen\/\"},{\"@type\":\"ListItem\",\"position\":4,\"name\":\"Laptoptaschen und -h\u00fcllen\",\"item\":\"https:\/\/grontkontor.dk\/de\/produkt-kategori\/taschen-tueten-und-huellen\/laptoptaschen-und-huellen\/\"},{\"@type\":\"ListItem\",\"position\":5,\"name\":\"Rucksack aus recyceltem Kunststoff\"}]},{\"@type\":\"WebSite\",\"@id\":\"https:\/\/grontkontor.dk\/#website\",\"url\":\"https:\/\/grontkontor.dk\/\",\"name\":\"Gr\u00f8nt Kontor\",\"description\":\"Milj\u00f8venlige produkter til kontor og erhverv med fokus p\u00e5 b\u00e6redygtighed, design og fair trade.\",\"publisher\":{\"@id\":\"https:\/\/grontkontor.dk\/#organization\"},\"potentialAction\":[{\"@type\":\"SearchAction\",\"target\":{\"@type\":\"EntryPoint\",\"urlTemplate\":\"https:\/\/grontkontor.dk\/?s={search_term_string}\"},\"query-input\":\"required name=search_term_string\"}],\"inLanguage\":\"de\"},{\"@type\":\"Organization\",\"@id\":\"https:\/\/grontkontor.dk\/#organization\",\"name\":\"Gr\u00f8nt Kontor\",\"url\":\"https:\/\/grontkontor.dk\/\",\"logo\":{\"@type\":\"ImageObject\",\"inLanguage\":\"de\",\"@id\":\"https:\/\/grontkontor.dk\/#\/schema\/logo\/image\/\",\"url\":\"https:\/\/grontkontor.dk\/wp-content\/uploads\/2014\/02\/Logo_groent_kontor_300x80.png\",\"contentUrl\":\"https:\/\/grontkontor.dk\/wp-content\/uploads\/2014\/02\/Logo_groent_kontor_300x80.png\",\"width\":300,\"height\":80,\"caption\":\"Gr\u00f8nt Kontor\"},\"image\":{\"@id\":\"https:\/\/grontkontor.dk\/#\/schema\/logo\/image\/\"},\"sameAs\":[\"https:\/\/www.facebook.com\/grontkontor.dk\/\"]}]}<\/script>\n<!-- \/ Yoast SEO Premium plugin. -->","yoast_head_json":{"title":"Rucksack aus recyceltem Kunststoff - Gr\u00f8nt Kontor","robots":{"index":"index","follow":"follow","max-snippet":"max-snippet:-1","max-image-preview":"max-image-preview:large","max-video-preview":"max-video-preview:-1"},"canonical":"https:\/\/grontkontor.dk\/de\/shop\/rygsaek-i-recycled-plast\/","og_locale":"de_DE","og_type":"article","og_title":"Rucksack aus recyceltem Kunststoff","og_description":"Dieser umweltfreundliche Rucksack besteht aus 600D RPET-Polyester, das aus recyceltem Kunststoff hergestellt wird. Die verstellbaren, gepolsterten Schultergurte sorgen f\u00fcr hohen Komfort, w\u00e4hrend das strapazierf\u00e4hige Material den Rucksack sowohl f\u00fcr den Alltag als auch f\u00fcr Ausfl\u00fcge ideal macht. Gekaufte Ware &#8211; Lieferzeit 1-2 Wochen [rpet] [grs_s] &nbsp; &nbsp; &nbsp;","og_url":"https:\/\/grontkontor.dk\/de\/shop\/rygsaek-i-recycled-plast\/","og_site_name":"Gr\u00f8nt Kontor","article_publisher":"https:\/\/www.facebook.com\/grontkontor.dk\/","article_modified_time":"2025-02-13T09:01:27+00:00","og_image":[{"width":900,"height":639,"url":"https:\/\/grontkontor.dk\/wp-content\/uploads\/2025\/02\/Miljoevenlig-rygsaek-i-genanvendt-plast-collage.jpg","type":"image\/jpeg"}],"twitter_card":"summary_large_image","schema":{"@context":"https:\/\/schema.org","@graph":[{"@type":"WebPage","@id":"https:\/\/grontkontor.dk\/de\/shop\/rygsaek-i-recycled-plast\/","url":"https:\/\/grontkontor.dk\/de\/shop\/rygsaek-i-recycled-plast\/","name":"Rucksack aus recyceltem Kunststoff - Gr\u00f8nt Kontor","isPartOf":{"@id":"https:\/\/grontkontor.dk\/#website"},"datePublished":"2025-02-04T10:12:42+00:00","dateModified":"2025-02-13T09:01:27+00:00","breadcrumb":{"@id":"https:\/\/grontkontor.dk\/de\/shop\/rygsaek-i-recycled-plast\/#breadcrumb"},"inLanguage":"de","potentialAction":[{"@type":"ReadAction","target":["https:\/\/grontkontor.dk\/de\/shop\/rygsaek-i-recycled-plast\/"]}]},{"@type":"BreadcrumbList","@id":"https:\/\/grontkontor.dk\/de\/shop\/rygsaek-i-recycled-plast\/#breadcrumb","itemListElement":[{"@type":"ListItem","position":1,"name":"Forside","item":"https:\/\/grontkontor.dk\/de\/"},{"@type":"ListItem","position":2,"name":"Laden","item":"https:\/\/grontkontor.dk\/de\/laden\/"},{"@type":"ListItem","position":3,"name":"Taschen, Taschen und H\u00fcllen","item":"https:\/\/grontkontor.dk\/de\/produkt-kategori\/taschen-tueten-und-huellen\/"},{"@type":"ListItem","position":4,"name":"Laptoptaschen und -h\u00fcllen","item":"https:\/\/grontkontor.dk\/de\/produkt-kategori\/taschen-tueten-und-huellen\/laptoptaschen-und-huellen\/"},{"@type":"ListItem","position":5,"name":"Rucksack aus recyceltem Kunststoff"}]},{"@type":"WebSite","@id":"https:\/\/grontkontor.dk\/#website","url":"https:\/\/grontkontor.dk\/","name":"Gr\u00f8nt Kontor","description":"Milj\u00f8venlige produkter til kontor og erhverv med fokus p\u00e5 b\u00e6redygtighed, design og fair trade.","publisher":{"@id":"https:\/\/grontkontor.dk\/#organization"},"potentialAction":[{"@type":"SearchAction","target":{"@type":"EntryPoint","urlTemplate":"https:\/\/grontkontor.dk\/?s={search_term_string}"},"query-input":"required name=search_term_string"}],"inLanguage":"de"},{"@type":"Organization","@id":"https:\/\/grontkontor.dk\/#organization","name":"Gr\u00f8nt Kontor","url":"https:\/\/grontkontor.dk\/","logo":{"@type":"ImageObject","inLanguage":"de","@id":"https:\/\/grontkontor.dk\/#\/schema\/logo\/image\/","url":"https:\/\/grontkontor.dk\/wp-content\/uploads\/2014\/02\/Logo_groent_kontor_300x80.png","contentUrl":"https:\/\/grontkontor.dk\/wp-content\/uploads\/2014\/02\/Logo_groent_kontor_300x80.png","width":300,"height":80,"caption":"Gr\u00f8nt Kontor"},"image":{"@id":"https:\/\/grontkontor.dk\/#\/schema\/logo\/image\/"},"sameAs":["https:\/\/www.facebook.com\/grontkontor.dk\/"]}]}},"_links":{"self":[{"href":"https:\/\/grontkontor.dk\/de\/wp-json\/wp\/v2\/product\/119626"}],"collection":[{"href":"https:\/\/grontkontor.dk\/de\/wp-json\/wp\/v2\/product"}],"about":[{"href":"https:\/\/grontkontor.dk\/de\/wp-json\/wp\/v2\/types\/product"}],"replies":[{"embeddable":true,"href":"https:\/\/grontkontor.dk\/de\/wp-json\/wp\/v2\/comments?post=119626"}],"wp:featuredmedia":[{"embeddable":true,"href":"https:\/\/grontkontor.dk\/de\/wp-json\/wp\/v2\/media\/119656"}],"wp:attachment":[{"href":"https:\/\/grontkontor.dk\/de\/wp-json\/wp\/v2\/media?parent=119626"}],"wp:term":[{"taxonomy":"product_cat","embeddable":true,"href":"https:\/\/grontkontor.dk\/de\/wp-json\/wp\/v2\/product_cat?post=119626"},{"taxonomy":"product_tag","embeddable":true,"href":"https:\/\/grontkontor.dk\/de\/wp-json\/wp\/v2\/product_tag?post=119626"}],"curies":[{"name":"wp","href":"https:\/\/api.w.org\/{rel}","templated":true}]}}