{"id":120681,"date":"2025-02-19T10:07:21","date_gmt":"2025-02-19T09:07:24","guid":{"rendered":"https:\/\/grontkontor.dk\/?post_type=product&#038;p=120681"},"modified":"2025-11-06T10:44:44","modified_gmt":"2025-11-06T09:44:44","slug":"rejsepude-i-genanvendt-plast","status":"publish","type":"product","link":"https:\/\/grontkontor.dk\/de\/shop\/rejsepude-i-genanvendt-plast\/","title":{"rendered":"Reisekissen aus recyceltem Kunststoff"},"content":{"rendered":"<p data-start=\"121\" data-end=\"462\">Ein bequemes Nackenkissen macht die Reise viel komfortabler \u2013 egal ob im Flugzeug, Zug, Auto oder Bus. Dieses klimafreundliche Nackenkissen ist mit einer weichen F\u00fcllung gepolstert, die sich dem Nacken anschmiegt und optimal st\u00fctzt. Der verstellbare Kordelzugverschluss sorgt daf\u00fcr, dass das Kissen an Ort und Stelle bleibt, sodass Sie sich entspannen und ein komfortableres Reiseerlebnis haben k\u00f6nnen.  <\/p>\n<p data-start=\"464\" data-end=\"744\">Als zus\u00e4tzliches Detail wird das Nackenkissen mit einer praktischen Tasche aus recyceltem Kunststoff geliefert, die es bei Nichtgebrauch sch\u00fctzt und es leicht macht, es \u00fcberall hin mitzunehmen. Das macht ihn sowohl funktional als auch umweltfreundlich \u2013 perfekt f\u00fcr den modernen Reisenden, der Komfort und R\u00fccksicht auf das Klima sch\u00e4tzt. <\/p>\n<p data-start=\"746\" data-end=\"1064\">Nackenkissen sind beliebte Werbegeschenke und Werbegeschenke, weil sie Praktikabilit\u00e4t mit einem positiven Signal verbinden. Dieses Modell kann mit Logodruck geliefert werden, so dass Ihre Marke jedes Mal pr\u00e4sentiert wird, wenn das Kissen verwendet wird. Damit eignet er sich hervorragend f\u00fcr Promotionen, Messen oder als exklusives Geschenk f\u00fcr Mitarbeiter und Kunden.  <\/p>\n<p data-start=\"1066\" data-end=\"1277\">Mit der Entscheidung f\u00fcr ein klimafreundliches Nackenkissen zeigen Sie, dass Ihnen sowohl Komfort als auch die Umwelt am Herzen liegen. Ein einfaches, aber effektives Produkt, das sich von herk\u00f6mmlichen Werbeartikeln abhebt und ein unvergessliches Erlebnis bietet. <\/p>\n<p>[rpet]<\/p>\n<p>&nbsp;<\/p>\n<p>[grs_s]<\/p>\n<p>&nbsp;<\/p>\n<p><img loading=\"lazy\" decoding=\"async\" src=\"https:\/\/grontkontor.dk\/wp-content\/uploads\/2021\/02\/genbrug.jpg\" alt=\"Fremstillet af genbrugsmaterialer\" width=\"50\" height=\"50\" class=\"size-full wp-image-23031\" srcset=\"https:\/\/grontkontor.dk\/wp-content\/uploads\/2021\/02\/genbrug.jpg 199w, https:\/\/grontkontor.dk\/wp-content\/uploads\/2021\/02\/genbrug-100x100.jpg 100w\" sizes=\"(max-width: 50px) 100vw, 50px\" \/><a href=\"https:\/\/textileexchange.org\/standards\/recycled-claim-standard-global-recycled-standard\/\"><img loading=\"lazy\" decoding=\"async\" src=\"https:\/\/grontkontor.dk\/wp-content\/uploads\/2021\/06\/global-recycled-standard-1.jpg\" alt=\"Global recycled standard\" width=\"50\" height=\"50\" class=\"size-full wp-image-25504\" \/> <\/a><\/p>\n<p>&nbsp;<\/p>\n<p>&nbsp;<\/p>\n","protected":false},"excerpt":{"rendered":"<p>Ein bequemes Nackenkissen macht die Reise viel komfortabler \u2013 egal ob im Flugzeug, Zug, Auto oder Bus. Dieses klimafreundliche Nackenkissen ist mit einer weichen F\u00fcllung gepolstert, die sich dem Nacken anschmiegt und optimal st\u00fctzt. Der verstellbare Kordelzugverschluss sorgt daf\u00fcr, dass das Kissen an Ort und Stelle bleibt, sodass Sie sich entspannen und ein komfortableres Reiseerlebnis [&hellip;]<\/p>\n","protected":false},"featured_media":120728,"comment_status":"closed","ping_status":"closed","template":"","meta":{"_acf_changed":false},"product_cat":[3325,3458,3084],"product_tag":[3964],"class_list":{"0":"post-120681","1":"product","2":"type-product","3":"status-publish","4":"has-post-thumbnail","6":"product_cat-dummy-moq-1-de","7":"product_cat-kleidung","8":"product_cat-neuheiten","9":"product_tag-kleidung","10":"pa_farve-blau","11":"pa_farve-gelb-de","12":"pa_farve-rosa-de","13":"pa_farve-rot","14":"pa_farve-schwarz","15":"tm-has-options","17":"first","18":"instock","19":"taxable","20":"shipping-taxable","21":"purchasable","22":"product-type-simple"},"acf":[],"yoast_head":"<!-- This site is optimized with the Yoast SEO Premium plugin v21.2 (Yoast SEO v21.2) - https:\/\/yoast.com\/wordpress\/plugins\/seo\/ -->\n<title>Reisekissen aus recyceltem Kunststoff - Gr\u00f8nt Kontor<\/title>\n<meta name=\"description\" content=\"Bequemes und klimafreundliches Nackenkissen mit weicher Polsterung und Kordelzugverschluss. Die umweltfreundliche L\u00f6sung wird in einer T\u00fcte aus recyceltem Kunststoff geliefert. Erh\u00e4ltlich mit Logo-Print.\" \/>\n<meta name=\"robots\" content=\"index, follow, max-snippet:-1, max-image-preview:large, max-video-preview:-1\" \/>\n<link rel=\"canonical\" href=\"https:\/\/grontkontor.dk\/de\/shop\/rejsepude-i-genanvendt-plast\/\" \/>\n<meta property=\"og:locale\" content=\"de_DE\" \/>\n<meta property=\"og:type\" content=\"article\" \/>\n<meta property=\"og:title\" content=\"Reisekissen aus recyceltem Kunststoff\" \/>\n<meta property=\"og:description\" content=\"Bequemes und klimafreundliches Nackenkissen mit weicher Polsterung und Kordelzugverschluss. Die umweltfreundliche L\u00f6sung wird in einer T\u00fcte aus recyceltem Kunststoff geliefert. Erh\u00e4ltlich mit Logo-Print.\" \/>\n<meta property=\"og:url\" content=\"https:\/\/grontkontor.dk\/de\/shop\/rejsepude-i-genanvendt-plast\/\" \/>\n<meta property=\"og:site_name\" content=\"Gr\u00f8nt Kontor\" \/>\n<meta property=\"article:publisher\" content=\"https:\/\/www.facebook.com\/grontkontor.dk\/\" \/>\n<meta property=\"article:modified_time\" content=\"2025-11-06T09:44:44+00:00\" \/>\n<meta property=\"og:image\" content=\"https:\/\/grontkontor.dk\/wp-content\/uploads\/2025\/02\/Nakkestoette-i-klimavenligt-rpet.jpg\" \/>\n\t<meta property=\"og:image:width\" content=\"900\" \/>\n\t<meta property=\"og:image:height\" content=\"639\" \/>\n\t<meta property=\"og:image:type\" content=\"image\/jpeg\" \/>\n<meta name=\"twitter:card\" content=\"summary_large_image\" \/>\n<meta name=\"twitter:label1\" content=\"Gesch\u00e4tzte Lesezeit\" \/>\n\t<meta name=\"twitter:data1\" content=\"1\u00a0Minute\" \/>\n<script type=\"application\/ld+json\" class=\"yoast-schema-graph\">{\"@context\":\"https:\/\/schema.org\",\"@graph\":[{\"@type\":\"WebPage\",\"@id\":\"https:\/\/grontkontor.dk\/de\/shop\/rejsepude-i-genanvendt-plast\/\",\"url\":\"https:\/\/grontkontor.dk\/de\/shop\/rejsepude-i-genanvendt-plast\/\",\"name\":\"Reisekissen aus recyceltem Kunststoff - Gr\u00f8nt Kontor\",\"isPartOf\":{\"@id\":\"https:\/\/grontkontor.dk\/#website\"},\"datePublished\":\"2025-02-19T09:07:24+00:00\",\"dateModified\":\"2025-11-06T09:44:44+00:00\",\"description\":\"Bequemes und klimafreundliches Nackenkissen mit weicher Polsterung und Kordelzugverschluss. Die umweltfreundliche L\u00f6sung wird in einer T\u00fcte aus recyceltem Kunststoff geliefert. Erh\u00e4ltlich mit Logo-Print.\",\"breadcrumb\":{\"@id\":\"https:\/\/grontkontor.dk\/de\/shop\/rejsepude-i-genanvendt-plast\/#breadcrumb\"},\"inLanguage\":\"de\",\"potentialAction\":[{\"@type\":\"ReadAction\",\"target\":[\"https:\/\/grontkontor.dk\/de\/shop\/rejsepude-i-genanvendt-plast\/\"]}]},{\"@type\":\"BreadcrumbList\",\"@id\":\"https:\/\/grontkontor.dk\/de\/shop\/rejsepude-i-genanvendt-plast\/#breadcrumb\",\"itemListElement\":[{\"@type\":\"ListItem\",\"position\":1,\"name\":\"Forside\",\"item\":\"https:\/\/grontkontor.dk\/de\/\"},{\"@type\":\"ListItem\",\"position\":2,\"name\":\"Laden\",\"item\":\"https:\/\/grontkontor.dk\/de\/laden\/\"},{\"@type\":\"ListItem\",\"position\":3,\"name\":\"Dummy MOQ 1\",\"item\":\"https:\/\/grontkontor.dk\/de\/produkt-kategori\/dummy-moq-1-de\/\"},{\"@type\":\"ListItem\",\"position\":4,\"name\":\"Reisekissen aus recyceltem Kunststoff\"}]},{\"@type\":\"WebSite\",\"@id\":\"https:\/\/grontkontor.dk\/#website\",\"url\":\"https:\/\/grontkontor.dk\/\",\"name\":\"Gr\u00f8nt Kontor\",\"description\":\"Milj\u00f8venlige produkter til kontor og erhverv med fokus p\u00e5 b\u00e6redygtighed, design og fair trade.\",\"publisher\":{\"@id\":\"https:\/\/grontkontor.dk\/#organization\"},\"potentialAction\":[{\"@type\":\"SearchAction\",\"target\":{\"@type\":\"EntryPoint\",\"urlTemplate\":\"https:\/\/grontkontor.dk\/?s={search_term_string}\"},\"query-input\":\"required name=search_term_string\"}],\"inLanguage\":\"de\"},{\"@type\":\"Organization\",\"@id\":\"https:\/\/grontkontor.dk\/#organization\",\"name\":\"Gr\u00f8nt Kontor\",\"url\":\"https:\/\/grontkontor.dk\/\",\"logo\":{\"@type\":\"ImageObject\",\"inLanguage\":\"de\",\"@id\":\"https:\/\/grontkontor.dk\/#\/schema\/logo\/image\/\",\"url\":\"https:\/\/grontkontor.dk\/wp-content\/uploads\/2014\/02\/Logo_groent_kontor_300x80.png\",\"contentUrl\":\"https:\/\/grontkontor.dk\/wp-content\/uploads\/2014\/02\/Logo_groent_kontor_300x80.png\",\"width\":300,\"height\":80,\"caption\":\"Gr\u00f8nt Kontor\"},\"image\":{\"@id\":\"https:\/\/grontkontor.dk\/#\/schema\/logo\/image\/\"},\"sameAs\":[\"https:\/\/www.facebook.com\/grontkontor.dk\/\"]}]}<\/script>\n<!-- \/ Yoast SEO Premium plugin. -->","yoast_head_json":{"title":"Reisekissen aus recyceltem Kunststoff - Gr\u00f8nt Kontor","description":"Bequemes und klimafreundliches Nackenkissen mit weicher Polsterung und Kordelzugverschluss. Die umweltfreundliche L\u00f6sung wird in einer T\u00fcte aus recyceltem Kunststoff geliefert. Erh\u00e4ltlich mit Logo-Print.","robots":{"index":"index","follow":"follow","max-snippet":"max-snippet:-1","max-image-preview":"max-image-preview:large","max-video-preview":"max-video-preview:-1"},"canonical":"https:\/\/grontkontor.dk\/de\/shop\/rejsepude-i-genanvendt-plast\/","og_locale":"de_DE","og_type":"article","og_title":"Reisekissen aus recyceltem Kunststoff","og_description":"Bequemes und klimafreundliches Nackenkissen mit weicher Polsterung und Kordelzugverschluss. Die umweltfreundliche L\u00f6sung wird in einer T\u00fcte aus recyceltem Kunststoff geliefert. Erh\u00e4ltlich mit Logo-Print.","og_url":"https:\/\/grontkontor.dk\/de\/shop\/rejsepude-i-genanvendt-plast\/","og_site_name":"Gr\u00f8nt Kontor","article_publisher":"https:\/\/www.facebook.com\/grontkontor.dk\/","article_modified_time":"2025-11-06T09:44:44+00:00","og_image":[{"width":900,"height":639,"url":"https:\/\/grontkontor.dk\/wp-content\/uploads\/2025\/02\/Nakkestoette-i-klimavenligt-rpet.jpg","type":"image\/jpeg"}],"twitter_card":"summary_large_image","twitter_misc":{"Gesch\u00e4tzte Lesezeit":"1\u00a0Minute"},"schema":{"@context":"https:\/\/schema.org","@graph":[{"@type":"WebPage","@id":"https:\/\/grontkontor.dk\/de\/shop\/rejsepude-i-genanvendt-plast\/","url":"https:\/\/grontkontor.dk\/de\/shop\/rejsepude-i-genanvendt-plast\/","name":"Reisekissen aus recyceltem Kunststoff - Gr\u00f8nt Kontor","isPartOf":{"@id":"https:\/\/grontkontor.dk\/#website"},"datePublished":"2025-02-19T09:07:24+00:00","dateModified":"2025-11-06T09:44:44+00:00","description":"Bequemes und klimafreundliches Nackenkissen mit weicher Polsterung und Kordelzugverschluss. Die umweltfreundliche L\u00f6sung wird in einer T\u00fcte aus recyceltem Kunststoff geliefert. Erh\u00e4ltlich mit Logo-Print.","breadcrumb":{"@id":"https:\/\/grontkontor.dk\/de\/shop\/rejsepude-i-genanvendt-plast\/#breadcrumb"},"inLanguage":"de","potentialAction":[{"@type":"ReadAction","target":["https:\/\/grontkontor.dk\/de\/shop\/rejsepude-i-genanvendt-plast\/"]}]},{"@type":"BreadcrumbList","@id":"https:\/\/grontkontor.dk\/de\/shop\/rejsepude-i-genanvendt-plast\/#breadcrumb","itemListElement":[{"@type":"ListItem","position":1,"name":"Forside","item":"https:\/\/grontkontor.dk\/de\/"},{"@type":"ListItem","position":2,"name":"Laden","item":"https:\/\/grontkontor.dk\/de\/laden\/"},{"@type":"ListItem","position":3,"name":"Dummy MOQ 1","item":"https:\/\/grontkontor.dk\/de\/produkt-kategori\/dummy-moq-1-de\/"},{"@type":"ListItem","position":4,"name":"Reisekissen aus recyceltem Kunststoff"}]},{"@type":"WebSite","@id":"https:\/\/grontkontor.dk\/#website","url":"https:\/\/grontkontor.dk\/","name":"Gr\u00f8nt Kontor","description":"Milj\u00f8venlige produkter til kontor og erhverv med fokus p\u00e5 b\u00e6redygtighed, design og fair trade.","publisher":{"@id":"https:\/\/grontkontor.dk\/#organization"},"potentialAction":[{"@type":"SearchAction","target":{"@type":"EntryPoint","urlTemplate":"https:\/\/grontkontor.dk\/?s={search_term_string}"},"query-input":"required name=search_term_string"}],"inLanguage":"de"},{"@type":"Organization","@id":"https:\/\/grontkontor.dk\/#organization","name":"Gr\u00f8nt Kontor","url":"https:\/\/grontkontor.dk\/","logo":{"@type":"ImageObject","inLanguage":"de","@id":"https:\/\/grontkontor.dk\/#\/schema\/logo\/image\/","url":"https:\/\/grontkontor.dk\/wp-content\/uploads\/2014\/02\/Logo_groent_kontor_300x80.png","contentUrl":"https:\/\/grontkontor.dk\/wp-content\/uploads\/2014\/02\/Logo_groent_kontor_300x80.png","width":300,"height":80,"caption":"Gr\u00f8nt Kontor"},"image":{"@id":"https:\/\/grontkontor.dk\/#\/schema\/logo\/image\/"},"sameAs":["https:\/\/www.facebook.com\/grontkontor.dk\/"]}]}},"_links":{"self":[{"href":"https:\/\/grontkontor.dk\/de\/wp-json\/wp\/v2\/product\/120681"}],"collection":[{"href":"https:\/\/grontkontor.dk\/de\/wp-json\/wp\/v2\/product"}],"about":[{"href":"https:\/\/grontkontor.dk\/de\/wp-json\/wp\/v2\/types\/product"}],"replies":[{"embeddable":true,"href":"https:\/\/grontkontor.dk\/de\/wp-json\/wp\/v2\/comments?post=120681"}],"wp:featuredmedia":[{"embeddable":true,"href":"https:\/\/grontkontor.dk\/de\/wp-json\/wp\/v2\/media\/120728"}],"wp:attachment":[{"href":"https:\/\/grontkontor.dk\/de\/wp-json\/wp\/v2\/media?parent=120681"}],"wp:term":[{"taxonomy":"product_cat","embeddable":true,"href":"https:\/\/grontkontor.dk\/de\/wp-json\/wp\/v2\/product_cat?post=120681"},{"taxonomy":"product_tag","embeddable":true,"href":"https:\/\/grontkontor.dk\/de\/wp-json\/wp\/v2\/product_tag?post=120681"}],"curies":[{"name":"wp","href":"https:\/\/api.w.org\/{rel}","templated":true}]}}