{"id":122018,"date":"2025-03-19T09:28:53","date_gmt":"2025-03-19T08:28:54","guid":{"rendered":"https:\/\/grontkontor.dk\/?post_type=product&#038;p=122018"},"modified":"2025-05-07T15:57:49","modified_gmt":"2025-05-07T13:57:49","slug":"kande-i-glas-1-2-l","status":"publish","type":"product","link":"https:\/\/grontkontor.dk\/de\/shop\/kande-i-glas-1-2-l\/","title":{"rendered":"Glaskanne 1,2 L"},"content":{"rendered":"<p>Klimafreundliche Karaffe mit einem Fassungsverm\u00f6gen von 1,2 Litern. Hergestellt aus Borosilikatglas, das eine au\u00dfergew\u00f6hnliche Festigkeit und Haltbarkeit bietet, seine Lebensdauer verl\u00e4ngert und eine lange Recyclingf\u00e4higkeit bietet. Mit Silikondeckeln in verschiedenen Farben oder Deckeln in Eichen- oder Nussbaumholz. Erh\u00e4ltlich in einer einzelnen Box.   &nbsp; [glas] &nbsp; <img loading=\"lazy\" decoding=\"async\" src=\"https:\/\/grontkontor.dk\/wp-content\/uploads\/2022\/04\/fremstillet-i-danmark.jpg\" alt=\"Fremstillet i dk danmark\" width=\"66\" height=\"50\" class=\"size-full wp-image-35747\" \/><\/p>\n","protected":false},"excerpt":{"rendered":"<p>Klimafreundliche Karaffe mit einem Fassungsverm\u00f6gen von 1,2 Litern. Hergestellt aus Borosilikatglas, das eine au\u00dfergew\u00f6hnliche Festigkeit und Haltbarkeit bietet, seine Lebensdauer verl\u00e4ngert und eine lange Recyclingf\u00e4higkeit bietet. Mit Silikondeckeln in verschiedenen Farben oder Deckeln in Eichen- oder Nussbaumholz. Erh\u00e4ltlich in einer einzelnen Box. &nbsp; [glas] &nbsp;<\/p>\n","protected":false},"featured_media":122053,"comment_status":"closed","ping_status":"closed","template":"","meta":{"_acf_changed":false},"product_cat":[4489,3465,3517,3466,3084],"product_tag":[3468],"class_list":{"0":"post-122018","1":"product","2":"type-product","3":"status-publish","4":"has-post-thumbnail","6":"product_cat-becher-und-tassen","7":"product_cat-becher-tassen-etc","8":"product_cat-dummy-moq-50-100-de","9":"product_cat-hotel-restaurant","10":"product_cat-neuheiten","11":"product_tag-krug","12":"pa_farve-blau","13":"pa_farve-eiche","14":"pa_farve-grau-de","15":"pa_farve-gruen","16":"pa_farve-kriegsmarine","17":"pa_farve-rot","18":"pa_farve-schwarz","19":"pa_farve-walnuss","20":"tm-has-options","22":"first","23":"instock","24":"taxable","25":"shipping-taxable","26":"purchasable","27":"product-type-variable","28":"has-default-attributes"},"acf":[],"yoast_head":"<!-- This site is optimized with the Yoast SEO Premium plugin v21.2 (Yoast SEO v21.2) - https:\/\/yoast.com\/wordpress\/plugins\/seo\/ -->\n<title>Glaskanne 1,2 L - Gr\u00f8nt Kontor<\/title>\n<meta name=\"robots\" content=\"index, follow, max-snippet:-1, max-image-preview:large, max-video-preview:-1\" \/>\n<link rel=\"canonical\" href=\"https:\/\/grontkontor.dk\/de\/shop\/kande-i-glas-1-2-l\/\" \/>\n<meta property=\"og:locale\" content=\"de_DE\" \/>\n<meta property=\"og:type\" content=\"article\" \/>\n<meta property=\"og:title\" content=\"Glaskanne 1,2 L\" \/>\n<meta property=\"og:description\" content=\"Klimafreundliche Karaffe mit einem Fassungsverm\u00f6gen von 1,2 Litern. Hergestellt aus Borosilikatglas, das eine au\u00dfergew\u00f6hnliche Festigkeit und Haltbarkeit bietet, seine Lebensdauer verl\u00e4ngert und eine lange Recyclingf\u00e4higkeit bietet. Mit Silikondeckeln in verschiedenen Farben oder Deckeln in Eichen- oder Nussbaumholz. Erh\u00e4ltlich in einer einzelnen Box. &nbsp; [glas] &nbsp;\" \/>\n<meta property=\"og:url\" content=\"https:\/\/grontkontor.dk\/de\/shop\/kande-i-glas-1-2-l\/\" \/>\n<meta property=\"og:site_name\" content=\"Gr\u00f8nt Kontor\" \/>\n<meta property=\"article:publisher\" content=\"https:\/\/www.facebook.com\/grontkontor.dk\/\" \/>\n<meta property=\"article:modified_time\" content=\"2025-05-07T13:57:49+00:00\" \/>\n<meta property=\"og:image\" content=\"https:\/\/grontkontor.dk\/wp-content\/uploads\/2024\/03\/Klimavenlig-karaffel-glas-bambus-laag.jpg\" \/>\n\t<meta property=\"og:image:width\" content=\"900\" \/>\n\t<meta property=\"og:image:height\" content=\"639\" \/>\n\t<meta property=\"og:image:type\" content=\"image\/jpeg\" \/>\n<meta name=\"twitter:card\" content=\"summary_large_image\" \/>\n<script type=\"application\/ld+json\" class=\"yoast-schema-graph\">{\"@context\":\"https:\/\/schema.org\",\"@graph\":[{\"@type\":\"WebPage\",\"@id\":\"https:\/\/grontkontor.dk\/de\/shop\/kande-i-glas-1-2-l\/\",\"url\":\"https:\/\/grontkontor.dk\/de\/shop\/kande-i-glas-1-2-l\/\",\"name\":\"Glaskanne 1,2 L - Gr\u00f8nt Kontor\",\"isPartOf\":{\"@id\":\"https:\/\/grontkontor.dk\/#website\"},\"datePublished\":\"2025-03-19T08:28:54+00:00\",\"dateModified\":\"2025-05-07T13:57:49+00:00\",\"breadcrumb\":{\"@id\":\"https:\/\/grontkontor.dk\/de\/shop\/kande-i-glas-1-2-l\/#breadcrumb\"},\"inLanguage\":\"de\",\"potentialAction\":[{\"@type\":\"ReadAction\",\"target\":[\"https:\/\/grontkontor.dk\/de\/shop\/kande-i-glas-1-2-l\/\"]}]},{\"@type\":\"BreadcrumbList\",\"@id\":\"https:\/\/grontkontor.dk\/de\/shop\/kande-i-glas-1-2-l\/#breadcrumb\",\"itemListElement\":[{\"@type\":\"ListItem\",\"position\":1,\"name\":\"Forside\",\"item\":\"https:\/\/grontkontor.dk\/de\/\"},{\"@type\":\"ListItem\",\"position\":2,\"name\":\"Laden\",\"item\":\"https:\/\/grontkontor.dk\/de\/laden\/\"},{\"@type\":\"ListItem\",\"position\":3,\"name\":\"Mad og drikke\",\"item\":\"https:\/\/grontkontor.dk\/produkt-kategori\/mad-og-drikke\/\"},{\"@type\":\"ListItem\",\"position\":4,\"name\":\"Krus, kopper mm.\",\"item\":\"https:\/\/grontkontor.dk\/produkt-kategori\/mad-og-drikke\/to-go-krus-og-kopper\/\"},{\"@type\":\"ListItem\",\"position\":5,\"name\":\"Glaskanne 1,2 L\"}]},{\"@type\":\"WebSite\",\"@id\":\"https:\/\/grontkontor.dk\/#website\",\"url\":\"https:\/\/grontkontor.dk\/\",\"name\":\"Gr\u00f8nt Kontor\",\"description\":\"Milj\u00f8venlige produkter til kontor og erhverv med fokus p\u00e5 b\u00e6redygtighed, design og fair trade.\",\"publisher\":{\"@id\":\"https:\/\/grontkontor.dk\/#organization\"},\"potentialAction\":[{\"@type\":\"SearchAction\",\"target\":{\"@type\":\"EntryPoint\",\"urlTemplate\":\"https:\/\/grontkontor.dk\/?s={search_term_string}\"},\"query-input\":\"required name=search_term_string\"}],\"inLanguage\":\"de\"},{\"@type\":\"Organization\",\"@id\":\"https:\/\/grontkontor.dk\/#organization\",\"name\":\"Gr\u00f8nt Kontor\",\"url\":\"https:\/\/grontkontor.dk\/\",\"logo\":{\"@type\":\"ImageObject\",\"inLanguage\":\"de\",\"@id\":\"https:\/\/grontkontor.dk\/#\/schema\/logo\/image\/\",\"url\":\"https:\/\/grontkontor.dk\/wp-content\/uploads\/2014\/02\/Logo_groent_kontor_300x80.png\",\"contentUrl\":\"https:\/\/grontkontor.dk\/wp-content\/uploads\/2014\/02\/Logo_groent_kontor_300x80.png\",\"width\":300,\"height\":80,\"caption\":\"Gr\u00f8nt Kontor\"},\"image\":{\"@id\":\"https:\/\/grontkontor.dk\/#\/schema\/logo\/image\/\"},\"sameAs\":[\"https:\/\/www.facebook.com\/grontkontor.dk\/\"]}]}<\/script>\n<!-- \/ Yoast SEO Premium plugin. -->","yoast_head_json":{"title":"Glaskanne 1,2 L - Gr\u00f8nt Kontor","robots":{"index":"index","follow":"follow","max-snippet":"max-snippet:-1","max-image-preview":"max-image-preview:large","max-video-preview":"max-video-preview:-1"},"canonical":"https:\/\/grontkontor.dk\/de\/shop\/kande-i-glas-1-2-l\/","og_locale":"de_DE","og_type":"article","og_title":"Glaskanne 1,2 L","og_description":"Klimafreundliche Karaffe mit einem Fassungsverm\u00f6gen von 1,2 Litern. Hergestellt aus Borosilikatglas, das eine au\u00dfergew\u00f6hnliche Festigkeit und Haltbarkeit bietet, seine Lebensdauer verl\u00e4ngert und eine lange Recyclingf\u00e4higkeit bietet. Mit Silikondeckeln in verschiedenen Farben oder Deckeln in Eichen- oder Nussbaumholz. Erh\u00e4ltlich in einer einzelnen Box. &nbsp; [glas] &nbsp;","og_url":"https:\/\/grontkontor.dk\/de\/shop\/kande-i-glas-1-2-l\/","og_site_name":"Gr\u00f8nt Kontor","article_publisher":"https:\/\/www.facebook.com\/grontkontor.dk\/","article_modified_time":"2025-05-07T13:57:49+00:00","og_image":[{"width":900,"height":639,"url":"https:\/\/grontkontor.dk\/wp-content\/uploads\/2024\/03\/Klimavenlig-karaffel-glas-bambus-laag.jpg","type":"image\/jpeg"}],"twitter_card":"summary_large_image","schema":{"@context":"https:\/\/schema.org","@graph":[{"@type":"WebPage","@id":"https:\/\/grontkontor.dk\/de\/shop\/kande-i-glas-1-2-l\/","url":"https:\/\/grontkontor.dk\/de\/shop\/kande-i-glas-1-2-l\/","name":"Glaskanne 1,2 L - Gr\u00f8nt Kontor","isPartOf":{"@id":"https:\/\/grontkontor.dk\/#website"},"datePublished":"2025-03-19T08:28:54+00:00","dateModified":"2025-05-07T13:57:49+00:00","breadcrumb":{"@id":"https:\/\/grontkontor.dk\/de\/shop\/kande-i-glas-1-2-l\/#breadcrumb"},"inLanguage":"de","potentialAction":[{"@type":"ReadAction","target":["https:\/\/grontkontor.dk\/de\/shop\/kande-i-glas-1-2-l\/"]}]},{"@type":"BreadcrumbList","@id":"https:\/\/grontkontor.dk\/de\/shop\/kande-i-glas-1-2-l\/#breadcrumb","itemListElement":[{"@type":"ListItem","position":1,"name":"Forside","item":"https:\/\/grontkontor.dk\/de\/"},{"@type":"ListItem","position":2,"name":"Laden","item":"https:\/\/grontkontor.dk\/de\/laden\/"},{"@type":"ListItem","position":3,"name":"Mad og drikke","item":"https:\/\/grontkontor.dk\/produkt-kategori\/mad-og-drikke\/"},{"@type":"ListItem","position":4,"name":"Krus, kopper mm.","item":"https:\/\/grontkontor.dk\/produkt-kategori\/mad-og-drikke\/to-go-krus-og-kopper\/"},{"@type":"ListItem","position":5,"name":"Glaskanne 1,2 L"}]},{"@type":"WebSite","@id":"https:\/\/grontkontor.dk\/#website","url":"https:\/\/grontkontor.dk\/","name":"Gr\u00f8nt Kontor","description":"Milj\u00f8venlige produkter til kontor og erhverv med fokus p\u00e5 b\u00e6redygtighed, design og fair trade.","publisher":{"@id":"https:\/\/grontkontor.dk\/#organization"},"potentialAction":[{"@type":"SearchAction","target":{"@type":"EntryPoint","urlTemplate":"https:\/\/grontkontor.dk\/?s={search_term_string}"},"query-input":"required name=search_term_string"}],"inLanguage":"de"},{"@type":"Organization","@id":"https:\/\/grontkontor.dk\/#organization","name":"Gr\u00f8nt Kontor","url":"https:\/\/grontkontor.dk\/","logo":{"@type":"ImageObject","inLanguage":"de","@id":"https:\/\/grontkontor.dk\/#\/schema\/logo\/image\/","url":"https:\/\/grontkontor.dk\/wp-content\/uploads\/2014\/02\/Logo_groent_kontor_300x80.png","contentUrl":"https:\/\/grontkontor.dk\/wp-content\/uploads\/2014\/02\/Logo_groent_kontor_300x80.png","width":300,"height":80,"caption":"Gr\u00f8nt Kontor"},"image":{"@id":"https:\/\/grontkontor.dk\/#\/schema\/logo\/image\/"},"sameAs":["https:\/\/www.facebook.com\/grontkontor.dk\/"]}]}},"_links":{"self":[{"href":"https:\/\/grontkontor.dk\/de\/wp-json\/wp\/v2\/product\/122018"}],"collection":[{"href":"https:\/\/grontkontor.dk\/de\/wp-json\/wp\/v2\/product"}],"about":[{"href":"https:\/\/grontkontor.dk\/de\/wp-json\/wp\/v2\/types\/product"}],"replies":[{"embeddable":true,"href":"https:\/\/grontkontor.dk\/de\/wp-json\/wp\/v2\/comments?post=122018"}],"wp:featuredmedia":[{"embeddable":true,"href":"https:\/\/grontkontor.dk\/de\/wp-json\/wp\/v2\/media\/122053"}],"wp:attachment":[{"href":"https:\/\/grontkontor.dk\/de\/wp-json\/wp\/v2\/media?parent=122018"}],"wp:term":[{"taxonomy":"product_cat","embeddable":true,"href":"https:\/\/grontkontor.dk\/de\/wp-json\/wp\/v2\/product_cat?post=122018"},{"taxonomy":"product_tag","embeddable":true,"href":"https:\/\/grontkontor.dk\/de\/wp-json\/wp\/v2\/product_tag?post=122018"}],"curies":[{"name":"wp","href":"https:\/\/api.w.org\/{rel}","templated":true}]}}