{"id":122422,"date":"2025-03-25T13:09:59","date_gmt":"2025-03-25T12:10:01","guid":{"rendered":"https:\/\/grontkontor.dk\/?post_type=product&#038;p=122422"},"modified":"2025-05-07T15:57:58","modified_gmt":"2025-05-07T13:57:58","slug":"laptop-sleeve-genanvendt-bomuld","status":"publish","type":"product","link":"https:\/\/grontkontor.dk\/de\/shop\/laptop-sleeve-genanvendt-bomuld\/","title":{"rendered":"Laptoph\u00fclle aus recycelter Baumwolle"},"content":{"rendered":"<p>Sch\u00fctzen Sie Ihren PC mit dieser intelligenten und handlichen, umweltfreundlichen Laptop-H\u00fclle (bis zu 14 Zoll) &#8211; perfekt als Handout und Giveaway auf Messen oder als Firmengeschenk. Das Geh\u00e4use besteht aus recycelter Baumwolle und ist gepolstert, um Ihren PC bestm\u00f6glich zu sch\u00fctzen.  Das Case ist mit einem soliden Rei\u00dfverschluss ausgestattet.  [genbrugsbomuld] &nbsp; [grs_s] &nbsp; <img loading=\"lazy\" decoding=\"async\" src=\"https:\/\/grontkontor.dk\/wp-content\/uploads\/2021\/02\/genbrug.jpg\" alt=\"Fremstillet af genbrugsmaterialer\" width=\"50\" height=\"50\" class=\"size-full wp-image-23031\" srcset=\"https:\/\/grontkontor.dk\/wp-content\/uploads\/2021\/02\/genbrug.jpg 199w, https:\/\/grontkontor.dk\/wp-content\/uploads\/2021\/02\/genbrug-100x100.jpg 100w\" sizes=\"(max-width: 50px) 100vw, 50px\" \/><a href=\"https:\/\/textileexchange.org\/standards\/recycled-claim-standard-global-recycled-standard\/\"><img loading=\"lazy\" decoding=\"async\" src=\"https:\/\/grontkontor.dk\/wp-content\/uploads\/2021\/06\/global-recycled-standard-1.jpg\" alt=\"Global recycled standard\" width=\"50\" height=\"50\" class=\"size-full wp-image-25504\" \/> <\/a> &nbsp;<\/p>\n","protected":false},"excerpt":{"rendered":"<p>Sch\u00fctzen Sie Ihren PC mit dieser intelligenten und handlichen, umweltfreundlichen Laptop-H\u00fclle (bis zu 14 Zoll) &#8211; perfekt als Handout und Giveaway auf Messen oder als Firmengeschenk. Das Geh\u00e4use besteht aus recycelter Baumwolle und ist gepolstert, um Ihren PC bestm\u00f6glich zu sch\u00fctzen. Das Case ist mit einem soliden Rei\u00dfverschluss ausgestattet. [genbrugsbomuld] &nbsp; [grs_s] &nbsp; &nbsp;<\/p>\n","protected":false},"featured_media":122474,"comment_status":"closed","ping_status":"closed","template":"","meta":{"_acf_changed":false},"product_cat":[3325,3321,4056,3084,3512],"product_tag":[4118,4063,4062,4681],"class_list":{"0":"post-122422","1":"product","2":"type-product","3":"status-publish","4":"has-post-thumbnail","6":"product_cat-dummy-moq-1-de","7":"product_cat-klimafreundliche-werbegeschenke","8":"product_cat-laptoptaschen-und-huellen","9":"product_cat-neuheiten","10":"product_cat-taschen-tueten-und-huellen","11":"product_tag-computertasche","12":"product_tag-cover-de","13":"product_tag-laptop-huelle-de","14":"product_tag-aermel","15":"tm-has-options","17":"first","18":"instock","19":"taxable","20":"shipping-taxable","21":"purchasable","22":"product-type-variable","23":"has-default-attributes"},"acf":[],"yoast_head":"<!-- This site is optimized with the Yoast SEO Premium plugin v21.2 (Yoast SEO v21.2) - https:\/\/yoast.com\/wordpress\/plugins\/seo\/ -->\n<title>Laptoph\u00fclle aus recycelter Baumwolle - Gr\u00f8nt Kontor<\/title>\n<meta name=\"robots\" content=\"index, follow, max-snippet:-1, max-image-preview:large, max-video-preview:-1\" \/>\n<link rel=\"canonical\" href=\"https:\/\/grontkontor.dk\/de\/shop\/laptop-sleeve-genanvendt-bomuld\/\" \/>\n<meta property=\"og:locale\" content=\"de_DE\" \/>\n<meta property=\"og:type\" content=\"article\" \/>\n<meta property=\"og:title\" content=\"Laptoph\u00fclle aus recycelter Baumwolle\" \/>\n<meta property=\"og:description\" content=\"Sch\u00fctzen Sie Ihren PC mit dieser intelligenten und handlichen, umweltfreundlichen Laptop-H\u00fclle (bis zu 14 Zoll) &#8211; perfekt als Handout und Giveaway auf Messen oder als Firmengeschenk. Das Geh\u00e4use besteht aus recycelter Baumwolle und ist gepolstert, um Ihren PC bestm\u00f6glich zu sch\u00fctzen. Das Case ist mit einem soliden Rei\u00dfverschluss ausgestattet. [genbrugsbomuld] &nbsp; [grs_s] &nbsp; &nbsp;\" \/>\n<meta property=\"og:url\" content=\"https:\/\/grontkontor.dk\/de\/shop\/laptop-sleeve-genanvendt-bomuld\/\" \/>\n<meta property=\"og:site_name\" content=\"Gr\u00f8nt Kontor\" \/>\n<meta property=\"article:publisher\" content=\"https:\/\/www.facebook.com\/grontkontor.dk\/\" \/>\n<meta property=\"article:modified_time\" content=\"2025-05-07T13:57:58+00:00\" \/>\n<meta property=\"og:image\" content=\"https:\/\/grontkontor.dk\/wp-content\/uploads\/2025\/03\/Klimavenlig-computertaske-genavendt-bomuld-collage.jpg\" \/>\n\t<meta property=\"og:image:width\" content=\"900\" \/>\n\t<meta property=\"og:image:height\" content=\"639\" \/>\n\t<meta property=\"og:image:type\" content=\"image\/jpeg\" \/>\n<meta name=\"twitter:card\" content=\"summary_large_image\" \/>\n<script type=\"application\/ld+json\" class=\"yoast-schema-graph\">{\"@context\":\"https:\/\/schema.org\",\"@graph\":[{\"@type\":\"WebPage\",\"@id\":\"https:\/\/grontkontor.dk\/de\/shop\/laptop-sleeve-genanvendt-bomuld\/\",\"url\":\"https:\/\/grontkontor.dk\/de\/shop\/laptop-sleeve-genanvendt-bomuld\/\",\"name\":\"Laptoph\u00fclle aus recycelter Baumwolle - Gr\u00f8nt Kontor\",\"isPartOf\":{\"@id\":\"https:\/\/grontkontor.dk\/#website\"},\"datePublished\":\"2025-03-25T12:10:01+00:00\",\"dateModified\":\"2025-05-07T13:57:58+00:00\",\"breadcrumb\":{\"@id\":\"https:\/\/grontkontor.dk\/de\/shop\/laptop-sleeve-genanvendt-bomuld\/#breadcrumb\"},\"inLanguage\":\"de\",\"potentialAction\":[{\"@type\":\"ReadAction\",\"target\":[\"https:\/\/grontkontor.dk\/de\/shop\/laptop-sleeve-genanvendt-bomuld\/\"]}]},{\"@type\":\"BreadcrumbList\",\"@id\":\"https:\/\/grontkontor.dk\/de\/shop\/laptop-sleeve-genanvendt-bomuld\/#breadcrumb\",\"itemListElement\":[{\"@type\":\"ListItem\",\"position\":1,\"name\":\"Forside\",\"item\":\"https:\/\/grontkontor.dk\/de\/\"},{\"@type\":\"ListItem\",\"position\":2,\"name\":\"Laden\",\"item\":\"https:\/\/grontkontor.dk\/de\/laden\/\"},{\"@type\":\"ListItem\",\"position\":3,\"name\":\"Taschen, Taschen und H\u00fcllen\",\"item\":\"https:\/\/grontkontor.dk\/de\/produkt-kategori\/taschen-tueten-und-huellen\/\"},{\"@type\":\"ListItem\",\"position\":4,\"name\":\"Laptoptaschen und -h\u00fcllen\",\"item\":\"https:\/\/grontkontor.dk\/de\/produkt-kategori\/taschen-tueten-und-huellen\/laptoptaschen-und-huellen\/\"},{\"@type\":\"ListItem\",\"position\":5,\"name\":\"Laptoph\u00fclle aus recycelter Baumwolle\"}]},{\"@type\":\"WebSite\",\"@id\":\"https:\/\/grontkontor.dk\/#website\",\"url\":\"https:\/\/grontkontor.dk\/\",\"name\":\"Gr\u00f8nt Kontor\",\"description\":\"Milj\u00f8venlige produkter til kontor og erhverv med fokus p\u00e5 b\u00e6redygtighed, design og fair trade.\",\"publisher\":{\"@id\":\"https:\/\/grontkontor.dk\/#organization\"},\"potentialAction\":[{\"@type\":\"SearchAction\",\"target\":{\"@type\":\"EntryPoint\",\"urlTemplate\":\"https:\/\/grontkontor.dk\/?s={search_term_string}\"},\"query-input\":\"required name=search_term_string\"}],\"inLanguage\":\"de\"},{\"@type\":\"Organization\",\"@id\":\"https:\/\/grontkontor.dk\/#organization\",\"name\":\"Gr\u00f8nt Kontor\",\"url\":\"https:\/\/grontkontor.dk\/\",\"logo\":{\"@type\":\"ImageObject\",\"inLanguage\":\"de\",\"@id\":\"https:\/\/grontkontor.dk\/#\/schema\/logo\/image\/\",\"url\":\"https:\/\/grontkontor.dk\/wp-content\/uploads\/2014\/02\/Logo_groent_kontor_300x80.png\",\"contentUrl\":\"https:\/\/grontkontor.dk\/wp-content\/uploads\/2014\/02\/Logo_groent_kontor_300x80.png\",\"width\":300,\"height\":80,\"caption\":\"Gr\u00f8nt Kontor\"},\"image\":{\"@id\":\"https:\/\/grontkontor.dk\/#\/schema\/logo\/image\/\"},\"sameAs\":[\"https:\/\/www.facebook.com\/grontkontor.dk\/\"]}]}<\/script>\n<!-- \/ Yoast SEO Premium plugin. -->","yoast_head_json":{"title":"Laptoph\u00fclle aus recycelter Baumwolle - Gr\u00f8nt Kontor","robots":{"index":"index","follow":"follow","max-snippet":"max-snippet:-1","max-image-preview":"max-image-preview:large","max-video-preview":"max-video-preview:-1"},"canonical":"https:\/\/grontkontor.dk\/de\/shop\/laptop-sleeve-genanvendt-bomuld\/","og_locale":"de_DE","og_type":"article","og_title":"Laptoph\u00fclle aus recycelter Baumwolle","og_description":"Sch\u00fctzen Sie Ihren PC mit dieser intelligenten und handlichen, umweltfreundlichen Laptop-H\u00fclle (bis zu 14 Zoll) &#8211; perfekt als Handout und Giveaway auf Messen oder als Firmengeschenk. Das Geh\u00e4use besteht aus recycelter Baumwolle und ist gepolstert, um Ihren PC bestm\u00f6glich zu sch\u00fctzen. Das Case ist mit einem soliden Rei\u00dfverschluss ausgestattet. [genbrugsbomuld] &nbsp; [grs_s] &nbsp; &nbsp;","og_url":"https:\/\/grontkontor.dk\/de\/shop\/laptop-sleeve-genanvendt-bomuld\/","og_site_name":"Gr\u00f8nt Kontor","article_publisher":"https:\/\/www.facebook.com\/grontkontor.dk\/","article_modified_time":"2025-05-07T13:57:58+00:00","og_image":[{"width":900,"height":639,"url":"https:\/\/grontkontor.dk\/wp-content\/uploads\/2025\/03\/Klimavenlig-computertaske-genavendt-bomuld-collage.jpg","type":"image\/jpeg"}],"twitter_card":"summary_large_image","schema":{"@context":"https:\/\/schema.org","@graph":[{"@type":"WebPage","@id":"https:\/\/grontkontor.dk\/de\/shop\/laptop-sleeve-genanvendt-bomuld\/","url":"https:\/\/grontkontor.dk\/de\/shop\/laptop-sleeve-genanvendt-bomuld\/","name":"Laptoph\u00fclle aus recycelter Baumwolle - Gr\u00f8nt Kontor","isPartOf":{"@id":"https:\/\/grontkontor.dk\/#website"},"datePublished":"2025-03-25T12:10:01+00:00","dateModified":"2025-05-07T13:57:58+00:00","breadcrumb":{"@id":"https:\/\/grontkontor.dk\/de\/shop\/laptop-sleeve-genanvendt-bomuld\/#breadcrumb"},"inLanguage":"de","potentialAction":[{"@type":"ReadAction","target":["https:\/\/grontkontor.dk\/de\/shop\/laptop-sleeve-genanvendt-bomuld\/"]}]},{"@type":"BreadcrumbList","@id":"https:\/\/grontkontor.dk\/de\/shop\/laptop-sleeve-genanvendt-bomuld\/#breadcrumb","itemListElement":[{"@type":"ListItem","position":1,"name":"Forside","item":"https:\/\/grontkontor.dk\/de\/"},{"@type":"ListItem","position":2,"name":"Laden","item":"https:\/\/grontkontor.dk\/de\/laden\/"},{"@type":"ListItem","position":3,"name":"Taschen, Taschen und H\u00fcllen","item":"https:\/\/grontkontor.dk\/de\/produkt-kategori\/taschen-tueten-und-huellen\/"},{"@type":"ListItem","position":4,"name":"Laptoptaschen und -h\u00fcllen","item":"https:\/\/grontkontor.dk\/de\/produkt-kategori\/taschen-tueten-und-huellen\/laptoptaschen-und-huellen\/"},{"@type":"ListItem","position":5,"name":"Laptoph\u00fclle aus recycelter Baumwolle"}]},{"@type":"WebSite","@id":"https:\/\/grontkontor.dk\/#website","url":"https:\/\/grontkontor.dk\/","name":"Gr\u00f8nt Kontor","description":"Milj\u00f8venlige produkter til kontor og erhverv med fokus p\u00e5 b\u00e6redygtighed, design og fair trade.","publisher":{"@id":"https:\/\/grontkontor.dk\/#organization"},"potentialAction":[{"@type":"SearchAction","target":{"@type":"EntryPoint","urlTemplate":"https:\/\/grontkontor.dk\/?s={search_term_string}"},"query-input":"required name=search_term_string"}],"inLanguage":"de"},{"@type":"Organization","@id":"https:\/\/grontkontor.dk\/#organization","name":"Gr\u00f8nt Kontor","url":"https:\/\/grontkontor.dk\/","logo":{"@type":"ImageObject","inLanguage":"de","@id":"https:\/\/grontkontor.dk\/#\/schema\/logo\/image\/","url":"https:\/\/grontkontor.dk\/wp-content\/uploads\/2014\/02\/Logo_groent_kontor_300x80.png","contentUrl":"https:\/\/grontkontor.dk\/wp-content\/uploads\/2014\/02\/Logo_groent_kontor_300x80.png","width":300,"height":80,"caption":"Gr\u00f8nt Kontor"},"image":{"@id":"https:\/\/grontkontor.dk\/#\/schema\/logo\/image\/"},"sameAs":["https:\/\/www.facebook.com\/grontkontor.dk\/"]}]}},"_links":{"self":[{"href":"https:\/\/grontkontor.dk\/de\/wp-json\/wp\/v2\/product\/122422"}],"collection":[{"href":"https:\/\/grontkontor.dk\/de\/wp-json\/wp\/v2\/product"}],"about":[{"href":"https:\/\/grontkontor.dk\/de\/wp-json\/wp\/v2\/types\/product"}],"replies":[{"embeddable":true,"href":"https:\/\/grontkontor.dk\/de\/wp-json\/wp\/v2\/comments?post=122422"}],"wp:featuredmedia":[{"embeddable":true,"href":"https:\/\/grontkontor.dk\/de\/wp-json\/wp\/v2\/media\/122474"}],"wp:attachment":[{"href":"https:\/\/grontkontor.dk\/de\/wp-json\/wp\/v2\/media?parent=122422"}],"wp:term":[{"taxonomy":"product_cat","embeddable":true,"href":"https:\/\/grontkontor.dk\/de\/wp-json\/wp\/v2\/product_cat?post=122422"},{"taxonomy":"product_tag","embeddable":true,"href":"https:\/\/grontkontor.dk\/de\/wp-json\/wp\/v2\/product_tag?post=122422"}],"curies":[{"name":"wp","href":"https:\/\/api.w.org\/{rel}","templated":true}]}}