{"id":122744,"date":"2025-04-08T09:47:45","date_gmt":"2025-04-08T07:47:45","guid":{"rendered":"https:\/\/grontkontor.dk\/?post_type=product&#038;p=122744"},"modified":"2025-05-07T15:58:32","modified_gmt":"2025-05-07T13:58:32","slug":"rygsaek-genanvendt-plast","status":"publish","type":"product","link":"https:\/\/grontkontor.dk\/de\/shop\/rygsaek-genanvendt-plast\/","title":{"rendered":"Rucksack aus recyceltem Kunststoff"},"content":{"rendered":"<p class=\"\" data-start=\"94\" data-end=\"301\">Umweltfreundlicher Rucksack aus starkem und wasserabweisendem Polyester aus recyceltem Kunststoff. Es hat einen gepolsterten R\u00fccken und gepolsterte Gurte f\u00fcr guten Komfort und Atmungsaktivit\u00e4t sowie breite Schultergurte, die den Druck bei l\u00e4ngerem Gebrauch entlasten. <\/p>\n<p class=\"\" data-start=\"303\" data-end=\"361\">Perfekt f\u00fcr den Alltag und die Reise mit vielen praktischen F\u00e4chern:<\/p>\n<ul data-start=\"363\" data-end=\"582\">\n<li class=\"\" data-start=\"363\" data-end=\"380\">\n<p class=\"\" data-start=\"365\" data-end=\"380\">2 Fronttaschen<\/p>\n<\/li>\n<li class=\"\" data-start=\"381\" data-end=\"484\">\n<p class=\"\" data-start=\"383\" data-end=\"484\">3 Hauptf\u00e4cher: eines mit Organizer, eines ger\u00e4umig f\u00fcr Kleidung\/Accessoires und eines gepolstert f\u00fcr Laptops bis zu 17,3&#8243;<\/p>\n<\/li>\n<li class=\"\" data-start=\"485\" data-end=\"582\">\n<p class=\"\" data-start=\"487\" data-end=\"582\">3 zus\u00e4tzliche F\u00e4cher: schnell zug\u00e4ngliche Seitentasche, bel\u00fcftetes Schuhfach an der Unterseite und diebstahlsichere Ges\u00e4\u00dftasche<\/p>\n<\/li>\n<\/ul>\n<p class=\"\" data-start=\"584\" data-end=\"696\">Kommt mit USB-Kabel, verstellbaren Gurten und RPET-Marke. Erh\u00e4ltlich in Schwarz, Marineblau und Grau. <\/p>\n<p>Quelle: Lieferzeit 1-2 Wochen  [rpet] [grs_s]   <img loading=\"lazy\" decoding=\"async\" src=\"https:\/\/grontkontor.dk\/wp-content\/uploads\/2021\/02\/genbrug.jpg\" alt=\"Fremstillet af genbrugsmaterialer\" width=\"50\" height=\"50\" class=\"size-full wp-image-23031\" srcset=\"https:\/\/grontkontor.dk\/wp-content\/uploads\/2021\/02\/genbrug.jpg 199w, https:\/\/grontkontor.dk\/wp-content\/uploads\/2021\/02\/genbrug-100x100.jpg 100w\" sizes=\"(max-width: 50px) 100vw, 50px\" \/><a href=\"https:\/\/textileexchange.org\/standards\/recycled-claim-standard-global-recycled-standard\/\"><img loading=\"lazy\" decoding=\"async\" src=\"https:\/\/grontkontor.dk\/wp-content\/uploads\/2021\/06\/global-recycled-standard-1.jpg\" alt=\"Global recycled standard\" width=\"50\" height=\"50\" class=\"size-full wp-image-25504\" \/> <\/a><\/p>\n","protected":false},"excerpt":{"rendered":"<p>Umweltfreundlicher Rucksack aus starkem und wasserabweisendem Polyester aus recyceltem Kunststoff. Es hat einen gepolsterten R\u00fccken und gepolsterte Gurte f\u00fcr guten Komfort und Atmungsaktivit\u00e4t sowie breite Schultergurte, die den Druck bei l\u00e4ngerem Gebrauch entlasten. Perfekt f\u00fcr den Alltag und die Reise mit vielen praktischen F\u00e4chern: 2 Fronttaschen 3 Hauptf\u00e4cher: eines mit Organizer, eines ger\u00e4umig f\u00fcr Kleidung\/Accessoires [&hellip;]<\/p>\n","protected":false},"featured_media":122768,"comment_status":"closed","ping_status":"closed","template":"","meta":{"_acf_changed":false},"product_cat":[3325,3321,4056,3084,3512],"product_tag":[3747,3552],"class_list":{"0":"post-122744","1":"product","2":"type-product","3":"status-publish","4":"has-post-thumbnail","6":"product_cat-dummy-moq-1-de","7":"product_cat-klimafreundliche-werbegeschenke","8":"product_cat-laptoptaschen-und-huellen","9":"product_cat-neuheiten","10":"product_cat-taschen-tueten-und-huellen","11":"product_tag-rucksack","12":"product_tag-tasche","13":"tm-has-options","15":"first","16":"instock","17":"taxable","18":"shipping-taxable","19":"purchasable","20":"product-type-variable","21":"has-default-attributes"},"acf":[],"yoast_head":"<!-- This site is optimized with the Yoast SEO Premium plugin v21.2 (Yoast SEO v21.2) - https:\/\/yoast.com\/wordpress\/plugins\/seo\/ -->\n<title>Rucksack aus recyceltem Kunststoff - Gr\u00f8nt Kontor<\/title>\n<meta name=\"robots\" content=\"index, follow, max-snippet:-1, max-image-preview:large, max-video-preview:-1\" \/>\n<link rel=\"canonical\" href=\"https:\/\/grontkontor.dk\/de\/shop\/rygsaek-genanvendt-plast\/\" \/>\n<meta property=\"og:locale\" content=\"de_DE\" \/>\n<meta property=\"og:type\" content=\"article\" \/>\n<meta property=\"og:title\" content=\"Rucksack aus recyceltem Kunststoff\" \/>\n<meta property=\"og:description\" content=\"Umweltfreundlicher Rucksack aus starkem und wasserabweisendem Polyester aus recyceltem Kunststoff. Es hat einen gepolsterten R\u00fccken und gepolsterte Gurte f\u00fcr guten Komfort und Atmungsaktivit\u00e4t sowie breite Schultergurte, die den Druck bei l\u00e4ngerem Gebrauch entlasten. Perfekt f\u00fcr den Alltag und die Reise mit vielen praktischen F\u00e4chern: 2 Fronttaschen 3 Hauptf\u00e4cher: eines mit Organizer, eines ger\u00e4umig f\u00fcr Kleidung\/Accessoires [&hellip;]\" \/>\n<meta property=\"og:url\" content=\"https:\/\/grontkontor.dk\/de\/shop\/rygsaek-genanvendt-plast\/\" \/>\n<meta property=\"og:site_name\" content=\"Gr\u00f8nt Kontor\" \/>\n<meta property=\"article:publisher\" content=\"https:\/\/www.facebook.com\/grontkontor.dk\/\" \/>\n<meta property=\"article:modified_time\" content=\"2025-05-07T13:58:32+00:00\" \/>\n<meta property=\"og:image\" content=\"https:\/\/grontkontor.dk\/wp-content\/uploads\/2025\/04\/Klimavenlige-rygsaekke-rpet-collage.jpg\" \/>\n\t<meta property=\"og:image:width\" content=\"900\" \/>\n\t<meta property=\"og:image:height\" content=\"639\" \/>\n\t<meta property=\"og:image:type\" content=\"image\/jpeg\" \/>\n<meta name=\"twitter:card\" content=\"summary_large_image\" \/>\n<meta name=\"twitter:label1\" content=\"Gesch\u00e4tzte Lesezeit\" \/>\n\t<meta name=\"twitter:data1\" content=\"1\u00a0Minute\" \/>\n<script type=\"application\/ld+json\" class=\"yoast-schema-graph\">{\"@context\":\"https:\/\/schema.org\",\"@graph\":[{\"@type\":\"WebPage\",\"@id\":\"https:\/\/grontkontor.dk\/de\/shop\/rygsaek-genanvendt-plast\/\",\"url\":\"https:\/\/grontkontor.dk\/de\/shop\/rygsaek-genanvendt-plast\/\",\"name\":\"Rucksack aus recyceltem Kunststoff - Gr\u00f8nt Kontor\",\"isPartOf\":{\"@id\":\"https:\/\/grontkontor.dk\/#website\"},\"datePublished\":\"2025-04-08T07:47:45+00:00\",\"dateModified\":\"2025-05-07T13:58:32+00:00\",\"breadcrumb\":{\"@id\":\"https:\/\/grontkontor.dk\/de\/shop\/rygsaek-genanvendt-plast\/#breadcrumb\"},\"inLanguage\":\"de\",\"potentialAction\":[{\"@type\":\"ReadAction\",\"target\":[\"https:\/\/grontkontor.dk\/de\/shop\/rygsaek-genanvendt-plast\/\"]}]},{\"@type\":\"BreadcrumbList\",\"@id\":\"https:\/\/grontkontor.dk\/de\/shop\/rygsaek-genanvendt-plast\/#breadcrumb\",\"itemListElement\":[{\"@type\":\"ListItem\",\"position\":1,\"name\":\"Forside\",\"item\":\"https:\/\/grontkontor.dk\/de\/\"},{\"@type\":\"ListItem\",\"position\":2,\"name\":\"Laden\",\"item\":\"https:\/\/grontkontor.dk\/de\/laden\/\"},{\"@type\":\"ListItem\",\"position\":3,\"name\":\"Taschen, Taschen und H\u00fcllen\",\"item\":\"https:\/\/grontkontor.dk\/de\/produkt-kategori\/taschen-tueten-und-huellen\/\"},{\"@type\":\"ListItem\",\"position\":4,\"name\":\"Laptoptaschen und -h\u00fcllen\",\"item\":\"https:\/\/grontkontor.dk\/de\/produkt-kategori\/taschen-tueten-und-huellen\/laptoptaschen-und-huellen\/\"},{\"@type\":\"ListItem\",\"position\":5,\"name\":\"Rucksack aus recyceltem Kunststoff\"}]},{\"@type\":\"WebSite\",\"@id\":\"https:\/\/grontkontor.dk\/#website\",\"url\":\"https:\/\/grontkontor.dk\/\",\"name\":\"Gr\u00f8nt Kontor\",\"description\":\"Milj\u00f8venlige produkter til kontor og erhverv med fokus p\u00e5 b\u00e6redygtighed, design og fair trade.\",\"publisher\":{\"@id\":\"https:\/\/grontkontor.dk\/#organization\"},\"potentialAction\":[{\"@type\":\"SearchAction\",\"target\":{\"@type\":\"EntryPoint\",\"urlTemplate\":\"https:\/\/grontkontor.dk\/?s={search_term_string}\"},\"query-input\":\"required name=search_term_string\"}],\"inLanguage\":\"de\"},{\"@type\":\"Organization\",\"@id\":\"https:\/\/grontkontor.dk\/#organization\",\"name\":\"Gr\u00f8nt Kontor\",\"url\":\"https:\/\/grontkontor.dk\/\",\"logo\":{\"@type\":\"ImageObject\",\"inLanguage\":\"de\",\"@id\":\"https:\/\/grontkontor.dk\/#\/schema\/logo\/image\/\",\"url\":\"https:\/\/grontkontor.dk\/wp-content\/uploads\/2014\/02\/Logo_groent_kontor_300x80.png\",\"contentUrl\":\"https:\/\/grontkontor.dk\/wp-content\/uploads\/2014\/02\/Logo_groent_kontor_300x80.png\",\"width\":300,\"height\":80,\"caption\":\"Gr\u00f8nt Kontor\"},\"image\":{\"@id\":\"https:\/\/grontkontor.dk\/#\/schema\/logo\/image\/\"},\"sameAs\":[\"https:\/\/www.facebook.com\/grontkontor.dk\/\"]}]}<\/script>\n<!-- \/ Yoast SEO Premium plugin. -->","yoast_head_json":{"title":"Rucksack aus recyceltem Kunststoff - Gr\u00f8nt Kontor","robots":{"index":"index","follow":"follow","max-snippet":"max-snippet:-1","max-image-preview":"max-image-preview:large","max-video-preview":"max-video-preview:-1"},"canonical":"https:\/\/grontkontor.dk\/de\/shop\/rygsaek-genanvendt-plast\/","og_locale":"de_DE","og_type":"article","og_title":"Rucksack aus recyceltem Kunststoff","og_description":"Umweltfreundlicher Rucksack aus starkem und wasserabweisendem Polyester aus recyceltem Kunststoff. Es hat einen gepolsterten R\u00fccken und gepolsterte Gurte f\u00fcr guten Komfort und Atmungsaktivit\u00e4t sowie breite Schultergurte, die den Druck bei l\u00e4ngerem Gebrauch entlasten. Perfekt f\u00fcr den Alltag und die Reise mit vielen praktischen F\u00e4chern: 2 Fronttaschen 3 Hauptf\u00e4cher: eines mit Organizer, eines ger\u00e4umig f\u00fcr Kleidung\/Accessoires [&hellip;]","og_url":"https:\/\/grontkontor.dk\/de\/shop\/rygsaek-genanvendt-plast\/","og_site_name":"Gr\u00f8nt Kontor","article_publisher":"https:\/\/www.facebook.com\/grontkontor.dk\/","article_modified_time":"2025-05-07T13:58:32+00:00","og_image":[{"width":900,"height":639,"url":"https:\/\/grontkontor.dk\/wp-content\/uploads\/2025\/04\/Klimavenlige-rygsaekke-rpet-collage.jpg","type":"image\/jpeg"}],"twitter_card":"summary_large_image","twitter_misc":{"Gesch\u00e4tzte Lesezeit":"1\u00a0Minute"},"schema":{"@context":"https:\/\/schema.org","@graph":[{"@type":"WebPage","@id":"https:\/\/grontkontor.dk\/de\/shop\/rygsaek-genanvendt-plast\/","url":"https:\/\/grontkontor.dk\/de\/shop\/rygsaek-genanvendt-plast\/","name":"Rucksack aus recyceltem Kunststoff - Gr\u00f8nt Kontor","isPartOf":{"@id":"https:\/\/grontkontor.dk\/#website"},"datePublished":"2025-04-08T07:47:45+00:00","dateModified":"2025-05-07T13:58:32+00:00","breadcrumb":{"@id":"https:\/\/grontkontor.dk\/de\/shop\/rygsaek-genanvendt-plast\/#breadcrumb"},"inLanguage":"de","potentialAction":[{"@type":"ReadAction","target":["https:\/\/grontkontor.dk\/de\/shop\/rygsaek-genanvendt-plast\/"]}]},{"@type":"BreadcrumbList","@id":"https:\/\/grontkontor.dk\/de\/shop\/rygsaek-genanvendt-plast\/#breadcrumb","itemListElement":[{"@type":"ListItem","position":1,"name":"Forside","item":"https:\/\/grontkontor.dk\/de\/"},{"@type":"ListItem","position":2,"name":"Laden","item":"https:\/\/grontkontor.dk\/de\/laden\/"},{"@type":"ListItem","position":3,"name":"Taschen, Taschen und H\u00fcllen","item":"https:\/\/grontkontor.dk\/de\/produkt-kategori\/taschen-tueten-und-huellen\/"},{"@type":"ListItem","position":4,"name":"Laptoptaschen und -h\u00fcllen","item":"https:\/\/grontkontor.dk\/de\/produkt-kategori\/taschen-tueten-und-huellen\/laptoptaschen-und-huellen\/"},{"@type":"ListItem","position":5,"name":"Rucksack aus recyceltem Kunststoff"}]},{"@type":"WebSite","@id":"https:\/\/grontkontor.dk\/#website","url":"https:\/\/grontkontor.dk\/","name":"Gr\u00f8nt Kontor","description":"Milj\u00f8venlige produkter til kontor og erhverv med fokus p\u00e5 b\u00e6redygtighed, design og fair trade.","publisher":{"@id":"https:\/\/grontkontor.dk\/#organization"},"potentialAction":[{"@type":"SearchAction","target":{"@type":"EntryPoint","urlTemplate":"https:\/\/grontkontor.dk\/?s={search_term_string}"},"query-input":"required name=search_term_string"}],"inLanguage":"de"},{"@type":"Organization","@id":"https:\/\/grontkontor.dk\/#organization","name":"Gr\u00f8nt Kontor","url":"https:\/\/grontkontor.dk\/","logo":{"@type":"ImageObject","inLanguage":"de","@id":"https:\/\/grontkontor.dk\/#\/schema\/logo\/image\/","url":"https:\/\/grontkontor.dk\/wp-content\/uploads\/2014\/02\/Logo_groent_kontor_300x80.png","contentUrl":"https:\/\/grontkontor.dk\/wp-content\/uploads\/2014\/02\/Logo_groent_kontor_300x80.png","width":300,"height":80,"caption":"Gr\u00f8nt Kontor"},"image":{"@id":"https:\/\/grontkontor.dk\/#\/schema\/logo\/image\/"},"sameAs":["https:\/\/www.facebook.com\/grontkontor.dk\/"]}]}},"_links":{"self":[{"href":"https:\/\/grontkontor.dk\/de\/wp-json\/wp\/v2\/product\/122744"}],"collection":[{"href":"https:\/\/grontkontor.dk\/de\/wp-json\/wp\/v2\/product"}],"about":[{"href":"https:\/\/grontkontor.dk\/de\/wp-json\/wp\/v2\/types\/product"}],"replies":[{"embeddable":true,"href":"https:\/\/grontkontor.dk\/de\/wp-json\/wp\/v2\/comments?post=122744"}],"wp:featuredmedia":[{"embeddable":true,"href":"https:\/\/grontkontor.dk\/de\/wp-json\/wp\/v2\/media\/122768"}],"wp:attachment":[{"href":"https:\/\/grontkontor.dk\/de\/wp-json\/wp\/v2\/media?parent=122744"}],"wp:term":[{"taxonomy":"product_cat","embeddable":true,"href":"https:\/\/grontkontor.dk\/de\/wp-json\/wp\/v2\/product_cat?post=122744"},{"taxonomy":"product_tag","embeddable":true,"href":"https:\/\/grontkontor.dk\/de\/wp-json\/wp\/v2\/product_tag?post=122744"}],"curies":[{"name":"wp","href":"https:\/\/api.w.org\/{rel}","templated":true}]}}