{"id":123135,"date":"2025-04-10T09:35:04","date_gmt":"2025-04-10T07:35:07","guid":{"rendered":"https:\/\/grontkontor.dk\/?post_type=product&#038;p=123135"},"modified":"2025-05-07T15:55:20","modified_gmt":"2025-05-07T13:55:20","slug":"blyanter-med-viskelaeder","status":"publish","type":"product","link":"https:\/\/grontkontor.dk\/de\/shop\/blyanter-med-viskelaeder\/","title":{"rendered":"Bleistifte mit Radiergummi"},"content":{"rendered":"<p>Klassischer Holzstift mit gl\u00e4nzendem Finish und runder Form. Ausgestattet mit wei\u00dfem Radiergummi. Die Spitze ist vorgeklebt. Erh\u00e4ltlich in mehreren Farben. <strong>Anmerkung. <\/strong>Nat\u00fcrliche Farben werden bis zu einem St\u00fcck verkauft, w\u00e4hrend andere Farben in Packungen mit 100 St\u00fcck verkauft werden.<\/p>\n","protected":false},"excerpt":{"rendered":"<p>Klassischer Holzstift mit gl\u00e4nzendem Finish und runder Form. Ausgestattet mit wei\u00dfem Radiergummi. Die Spitze ist vorgeklebt. Erh\u00e4ltlich in mehreren Farben. Anmerkung. Nat\u00fcrliche Farben werden bis zu einem St\u00fcck verkauft, w\u00e4hrend andere Farben in Packungen mit 100 St\u00fcck verkauft werden.<\/p>\n","protected":false},"featured_media":122931,"comment_status":"closed","ping_status":"closed","template":"","meta":{"_acf_changed":false},"product_cat":[3431,3325,3084,3423,3424],"product_tag":[3432,3427],"class_list":{"0":"post-123135","1":"product","2":"type-product","3":"status-publish","4":"has-post-thumbnail","6":"product_cat-bedruckte-stifte","7":"product_cat-dummy-moq-1-de","8":"product_cat-neuheiten","9":"product_cat-schreib-und-zeigegeraete","10":"product_cat-stifte","11":"product_tag-feder","12":"product_tag-kugelschreiber","13":"pa_farve-blau","14":"pa_farve-gelb-de","15":"pa_farve-gruen","16":"pa_farve-kriegsmarine","17":"pa_farve-lila","18":"pa_farve-natur-de","19":"pa_farve-orange-de","20":"pa_farve-rosa-de","21":"pa_farve-rot","22":"pa_farve-schwarz","23":"pa_farve-weiss","24":"tm-has-options","26":"first","27":"instock","28":"featured","29":"taxable","30":"shipping-taxable","31":"purchasable","32":"product-type-variable","33":"has-default-attributes"},"acf":[],"yoast_head":"<!-- This site is optimized with the Yoast SEO Premium plugin v21.2 (Yoast SEO v21.2) - https:\/\/yoast.com\/wordpress\/plugins\/seo\/ -->\n<title>Bleistifte mit Radiergummi - Gr\u00f8nt Kontor<\/title>\n<meta name=\"robots\" content=\"index, follow, max-snippet:-1, max-image-preview:large, max-video-preview:-1\" \/>\n<link rel=\"canonical\" href=\"https:\/\/grontkontor.dk\/de\/shop\/blyanter-med-viskelaeder\/\" \/>\n<meta property=\"og:locale\" content=\"de_DE\" \/>\n<meta property=\"og:type\" content=\"article\" \/>\n<meta property=\"og:title\" content=\"Bleistifte mit Radiergummi\" \/>\n<meta property=\"og:description\" content=\"Klassischer Holzstift mit gl\u00e4nzendem Finish und runder Form. Ausgestattet mit wei\u00dfem Radiergummi. Die Spitze ist vorgeklebt. Erh\u00e4ltlich in mehreren Farben. Anmerkung. Nat\u00fcrliche Farben werden bis zu einem St\u00fcck verkauft, w\u00e4hrend andere Farben in Packungen mit 100 St\u00fcck verkauft werden.\" \/>\n<meta property=\"og:url\" content=\"https:\/\/grontkontor.dk\/de\/shop\/blyanter-med-viskelaeder\/\" \/>\n<meta property=\"og:site_name\" content=\"Gr\u00f8nt Kontor\" \/>\n<meta property=\"article:publisher\" content=\"https:\/\/www.facebook.com\/grontkontor.dk\/\" \/>\n<meta property=\"article:modified_time\" content=\"2025-05-07T13:55:20+00:00\" \/>\n<meta property=\"og:image\" content=\"https:\/\/grontkontor.dk\/wp-content\/uploads\/2025\/04\/Blyanter-med-viskelaeder-i-trae-collage.jpg\" \/>\n\t<meta property=\"og:image:width\" content=\"900\" \/>\n\t<meta property=\"og:image:height\" content=\"639\" \/>\n\t<meta property=\"og:image:type\" content=\"image\/jpeg\" \/>\n<meta name=\"twitter:card\" content=\"summary_large_image\" \/>\n<script type=\"application\/ld+json\" class=\"yoast-schema-graph\">{\"@context\":\"https:\/\/schema.org\",\"@graph\":[{\"@type\":\"WebPage\",\"@id\":\"https:\/\/grontkontor.dk\/de\/shop\/blyanter-med-viskelaeder\/\",\"url\":\"https:\/\/grontkontor.dk\/de\/shop\/blyanter-med-viskelaeder\/\",\"name\":\"Bleistifte mit Radiergummi - Gr\u00f8nt Kontor\",\"isPartOf\":{\"@id\":\"https:\/\/grontkontor.dk\/#website\"},\"datePublished\":\"2025-04-10T07:35:07+00:00\",\"dateModified\":\"2025-05-07T13:55:20+00:00\",\"breadcrumb\":{\"@id\":\"https:\/\/grontkontor.dk\/de\/shop\/blyanter-med-viskelaeder\/#breadcrumb\"},\"inLanguage\":\"de\",\"potentialAction\":[{\"@type\":\"ReadAction\",\"target\":[\"https:\/\/grontkontor.dk\/de\/shop\/blyanter-med-viskelaeder\/\"]}]},{\"@type\":\"BreadcrumbList\",\"@id\":\"https:\/\/grontkontor.dk\/de\/shop\/blyanter-med-viskelaeder\/#breadcrumb\",\"itemListElement\":[{\"@type\":\"ListItem\",\"position\":1,\"name\":\"Forside\",\"item\":\"https:\/\/grontkontor.dk\/de\/\"},{\"@type\":\"ListItem\",\"position\":2,\"name\":\"Laden\",\"item\":\"https:\/\/grontkontor.dk\/de\/laden\/\"},{\"@type\":\"ListItem\",\"position\":3,\"name\":\"Skrive- og pegeudstyr\",\"item\":\"https:\/\/grontkontor.dk\/produkt-kategori\/skrive-og-pegeudstyr\/\"},{\"@type\":\"ListItem\",\"position\":4,\"name\":\"Kuglepenne\",\"item\":\"https:\/\/grontkontor.dk\/produkt-kategori\/skrive-og-pegeudstyr\/kuglepenne\/\"},{\"@type\":\"ListItem\",\"position\":5,\"name\":\"Bleistifte mit Radiergummi\"}]},{\"@type\":\"WebSite\",\"@id\":\"https:\/\/grontkontor.dk\/#website\",\"url\":\"https:\/\/grontkontor.dk\/\",\"name\":\"Gr\u00f8nt Kontor\",\"description\":\"Milj\u00f8venlige produkter til kontor og erhverv med fokus p\u00e5 b\u00e6redygtighed, design og fair trade.\",\"publisher\":{\"@id\":\"https:\/\/grontkontor.dk\/#organization\"},\"potentialAction\":[{\"@type\":\"SearchAction\",\"target\":{\"@type\":\"EntryPoint\",\"urlTemplate\":\"https:\/\/grontkontor.dk\/?s={search_term_string}\"},\"query-input\":\"required name=search_term_string\"}],\"inLanguage\":\"de\"},{\"@type\":\"Organization\",\"@id\":\"https:\/\/grontkontor.dk\/#organization\",\"name\":\"Gr\u00f8nt Kontor\",\"url\":\"https:\/\/grontkontor.dk\/\",\"logo\":{\"@type\":\"ImageObject\",\"inLanguage\":\"de\",\"@id\":\"https:\/\/grontkontor.dk\/#\/schema\/logo\/image\/\",\"url\":\"https:\/\/grontkontor.dk\/wp-content\/uploads\/2014\/02\/Logo_groent_kontor_300x80.png\",\"contentUrl\":\"https:\/\/grontkontor.dk\/wp-content\/uploads\/2014\/02\/Logo_groent_kontor_300x80.png\",\"width\":300,\"height\":80,\"caption\":\"Gr\u00f8nt Kontor\"},\"image\":{\"@id\":\"https:\/\/grontkontor.dk\/#\/schema\/logo\/image\/\"},\"sameAs\":[\"https:\/\/www.facebook.com\/grontkontor.dk\/\"]}]}<\/script>\n<!-- \/ Yoast SEO Premium plugin. -->","yoast_head_json":{"title":"Bleistifte mit Radiergummi - Gr\u00f8nt Kontor","robots":{"index":"index","follow":"follow","max-snippet":"max-snippet:-1","max-image-preview":"max-image-preview:large","max-video-preview":"max-video-preview:-1"},"canonical":"https:\/\/grontkontor.dk\/de\/shop\/blyanter-med-viskelaeder\/","og_locale":"de_DE","og_type":"article","og_title":"Bleistifte mit Radiergummi","og_description":"Klassischer Holzstift mit gl\u00e4nzendem Finish und runder Form. Ausgestattet mit wei\u00dfem Radiergummi. Die Spitze ist vorgeklebt. Erh\u00e4ltlich in mehreren Farben. Anmerkung. Nat\u00fcrliche Farben werden bis zu einem St\u00fcck verkauft, w\u00e4hrend andere Farben in Packungen mit 100 St\u00fcck verkauft werden.","og_url":"https:\/\/grontkontor.dk\/de\/shop\/blyanter-med-viskelaeder\/","og_site_name":"Gr\u00f8nt Kontor","article_publisher":"https:\/\/www.facebook.com\/grontkontor.dk\/","article_modified_time":"2025-05-07T13:55:20+00:00","og_image":[{"width":900,"height":639,"url":"https:\/\/grontkontor.dk\/wp-content\/uploads\/2025\/04\/Blyanter-med-viskelaeder-i-trae-collage.jpg","type":"image\/jpeg"}],"twitter_card":"summary_large_image","schema":{"@context":"https:\/\/schema.org","@graph":[{"@type":"WebPage","@id":"https:\/\/grontkontor.dk\/de\/shop\/blyanter-med-viskelaeder\/","url":"https:\/\/grontkontor.dk\/de\/shop\/blyanter-med-viskelaeder\/","name":"Bleistifte mit Radiergummi - Gr\u00f8nt Kontor","isPartOf":{"@id":"https:\/\/grontkontor.dk\/#website"},"datePublished":"2025-04-10T07:35:07+00:00","dateModified":"2025-05-07T13:55:20+00:00","breadcrumb":{"@id":"https:\/\/grontkontor.dk\/de\/shop\/blyanter-med-viskelaeder\/#breadcrumb"},"inLanguage":"de","potentialAction":[{"@type":"ReadAction","target":["https:\/\/grontkontor.dk\/de\/shop\/blyanter-med-viskelaeder\/"]}]},{"@type":"BreadcrumbList","@id":"https:\/\/grontkontor.dk\/de\/shop\/blyanter-med-viskelaeder\/#breadcrumb","itemListElement":[{"@type":"ListItem","position":1,"name":"Forside","item":"https:\/\/grontkontor.dk\/de\/"},{"@type":"ListItem","position":2,"name":"Laden","item":"https:\/\/grontkontor.dk\/de\/laden\/"},{"@type":"ListItem","position":3,"name":"Skrive- og pegeudstyr","item":"https:\/\/grontkontor.dk\/produkt-kategori\/skrive-og-pegeudstyr\/"},{"@type":"ListItem","position":4,"name":"Kuglepenne","item":"https:\/\/grontkontor.dk\/produkt-kategori\/skrive-og-pegeudstyr\/kuglepenne\/"},{"@type":"ListItem","position":5,"name":"Bleistifte mit Radiergummi"}]},{"@type":"WebSite","@id":"https:\/\/grontkontor.dk\/#website","url":"https:\/\/grontkontor.dk\/","name":"Gr\u00f8nt Kontor","description":"Milj\u00f8venlige produkter til kontor og erhverv med fokus p\u00e5 b\u00e6redygtighed, design og fair trade.","publisher":{"@id":"https:\/\/grontkontor.dk\/#organization"},"potentialAction":[{"@type":"SearchAction","target":{"@type":"EntryPoint","urlTemplate":"https:\/\/grontkontor.dk\/?s={search_term_string}"},"query-input":"required name=search_term_string"}],"inLanguage":"de"},{"@type":"Organization","@id":"https:\/\/grontkontor.dk\/#organization","name":"Gr\u00f8nt Kontor","url":"https:\/\/grontkontor.dk\/","logo":{"@type":"ImageObject","inLanguage":"de","@id":"https:\/\/grontkontor.dk\/#\/schema\/logo\/image\/","url":"https:\/\/grontkontor.dk\/wp-content\/uploads\/2014\/02\/Logo_groent_kontor_300x80.png","contentUrl":"https:\/\/grontkontor.dk\/wp-content\/uploads\/2014\/02\/Logo_groent_kontor_300x80.png","width":300,"height":80,"caption":"Gr\u00f8nt Kontor"},"image":{"@id":"https:\/\/grontkontor.dk\/#\/schema\/logo\/image\/"},"sameAs":["https:\/\/www.facebook.com\/grontkontor.dk\/"]}]}},"_links":{"self":[{"href":"https:\/\/grontkontor.dk\/de\/wp-json\/wp\/v2\/product\/123135"}],"collection":[{"href":"https:\/\/grontkontor.dk\/de\/wp-json\/wp\/v2\/product"}],"about":[{"href":"https:\/\/grontkontor.dk\/de\/wp-json\/wp\/v2\/types\/product"}],"replies":[{"embeddable":true,"href":"https:\/\/grontkontor.dk\/de\/wp-json\/wp\/v2\/comments?post=123135"}],"wp:featuredmedia":[{"embeddable":true,"href":"https:\/\/grontkontor.dk\/de\/wp-json\/wp\/v2\/media\/122931"}],"wp:attachment":[{"href":"https:\/\/grontkontor.dk\/de\/wp-json\/wp\/v2\/media?parent=123135"}],"wp:term":[{"taxonomy":"product_cat","embeddable":true,"href":"https:\/\/grontkontor.dk\/de\/wp-json\/wp\/v2\/product_cat?post=123135"},{"taxonomy":"product_tag","embeddable":true,"href":"https:\/\/grontkontor.dk\/de\/wp-json\/wp\/v2\/product_tag?post=123135"}],"curies":[{"name":"wp","href":"https:\/\/api.w.org\/{rel}","templated":true}]}}