{"id":123370,"date":"2025-04-24T08:49:54","date_gmt":"2025-04-24T06:49:54","guid":{"rendered":"https:\/\/grontkontor.dk\/?post_type=product&#038;p=123370"},"modified":"2025-05-07T15:55:42","modified_gmt":"2025-05-07T13:55:42","slug":"reol-i-boeg-og-eg","status":"publish","type":"product","link":"https:\/\/grontkontor.dk\/de\/shop\/reol-i-boeg-og-eg\/","title":{"rendered":"B\u00fccherregal aus Buche und Eiche"},"content":{"rendered":"<p>Das Regal ist aus FSC-zertifiziertem Buchen- und Eichenfurnier gefertigt, was f\u00fcr einen nat\u00fcrlichen und stilvollen Look sorgt. Mit einem Kern aus FSC-zertifiziertem MDF und Eichenfurnier. Die starken Regale tragen bis zu 25 kg, und das Regal hat ein elegantes und minimalistisches Design, das sich gut in jeden Raum einf\u00fcgt. Das Regal ist einfach zu montieren und erfordert nur sehr wenig Wartung.   <\/p>\n<p>[FSC_s] [tryk]<\/p>\n<p>&nbsp;<\/p>\n<a href=\"https:\/\/ic.fsc.org\/en\/\" target=\"window\"><img loading=\"lazy\" decoding=\"async\" class=\"size-full wp-image-12735\" src=\"https:\/\/grontkontor.dk\/wp-content\/uploads\/2019\/04\/fsc-certificeret.png\" \n\t\t alt=\"FSC-certificeret\" title=\"FSC-certificeret\" width=\"44\" height=\"51\" border=0\/><\/a>\n","protected":false},"excerpt":{"rendered":"<p>Das Regal ist aus FSC-zertifiziertem Buchen- und Eichenfurnier gefertigt, was f\u00fcr einen nat\u00fcrlichen und stilvollen Look sorgt. Mit einem Kern aus FSC-zertifiziertem MDF und Eichenfurnier. Die starken Regale tragen bis zu 25 kg, und das Regal hat ein elegantes und minimalistisches Design, das sich gut in jeden Raum einf\u00fcgt. Das Regal ist einfach zu montieren [&hellip;]<\/p>\n","protected":false},"featured_media":123375,"comment_status":"closed","ping_status":"closed","template":"","meta":{"_acf_changed":false},"product_cat":[3325,3895,3084,3323,3489],"product_tag":[3607,4617],"class_list":{"0":"post-123370","1":"product","2":"type-product","3":"status-publish","4":"has-post-thumbnail","6":"product_cat-dummy-moq-1-de","7":"product_cat-eiche","8":"product_cat-neuheiten","9":"product_cat-produktserien","10":"product_cat-sonstige-leuchten","11":"product_tag-buecherregal","12":"product_tag-einlegeboeden","13":"tm-has-options","15":"first","16":"instock","17":"taxable","18":"shipping-taxable","19":"purchasable","20":"product-type-simple"},"acf":[],"yoast_head":"<!-- This site is optimized with the Yoast SEO Premium plugin v21.2 (Yoast SEO v21.2) - https:\/\/yoast.com\/wordpress\/plugins\/seo\/ -->\n<title>B\u00fccherregal aus Buche und Eiche - Gr\u00f8nt Kontor<\/title>\n<meta name=\"robots\" content=\"index, follow, max-snippet:-1, max-image-preview:large, max-video-preview:-1\" \/>\n<link rel=\"canonical\" href=\"https:\/\/grontkontor.dk\/de\/shop\/reol-i-boeg-og-eg\/\" \/>\n<meta property=\"og:locale\" content=\"de_DE\" \/>\n<meta property=\"og:type\" content=\"article\" \/>\n<meta property=\"og:title\" content=\"B\u00fccherregal aus Buche und Eiche\" \/>\n<meta property=\"og:description\" content=\"Das Regal ist aus FSC-zertifiziertem Buchen- und Eichenfurnier gefertigt, was f\u00fcr einen nat\u00fcrlichen und stilvollen Look sorgt. Mit einem Kern aus FSC-zertifiziertem MDF und Eichenfurnier. Die starken Regale tragen bis zu 25 kg, und das Regal hat ein elegantes und minimalistisches Design, das sich gut in jeden Raum einf\u00fcgt. Das Regal ist einfach zu montieren [&hellip;]\" \/>\n<meta property=\"og:url\" content=\"https:\/\/grontkontor.dk\/de\/shop\/reol-i-boeg-og-eg\/\" \/>\n<meta property=\"og:site_name\" content=\"Gr\u00f8nt Kontor\" \/>\n<meta property=\"article:publisher\" content=\"https:\/\/www.facebook.com\/grontkontor.dk\/\" \/>\n<meta property=\"article:modified_time\" content=\"2025-05-07T13:55:42+00:00\" \/>\n<meta property=\"og:image\" content=\"https:\/\/grontkontor.dk\/wp-content\/uploads\/2023\/03\/Opslagstavle-FSC-egetrae-klimavenlig.jpg\" \/>\n\t<meta property=\"og:image:width\" content=\"900\" \/>\n\t<meta property=\"og:image:height\" content=\"639\" \/>\n\t<meta property=\"og:image:type\" content=\"image\/jpeg\" \/>\n<meta name=\"twitter:card\" content=\"summary_large_image\" \/>\n<script type=\"application\/ld+json\" class=\"yoast-schema-graph\">{\"@context\":\"https:\/\/schema.org\",\"@graph\":[{\"@type\":\"WebPage\",\"@id\":\"https:\/\/grontkontor.dk\/de\/shop\/reol-i-boeg-og-eg\/\",\"url\":\"https:\/\/grontkontor.dk\/de\/shop\/reol-i-boeg-og-eg\/\",\"name\":\"B\u00fccherregal aus Buche und Eiche - Gr\u00f8nt Kontor\",\"isPartOf\":{\"@id\":\"https:\/\/grontkontor.dk\/#website\"},\"datePublished\":\"2025-04-24T06:49:54+00:00\",\"dateModified\":\"2025-05-07T13:55:42+00:00\",\"breadcrumb\":{\"@id\":\"https:\/\/grontkontor.dk\/de\/shop\/reol-i-boeg-og-eg\/#breadcrumb\"},\"inLanguage\":\"de\",\"potentialAction\":[{\"@type\":\"ReadAction\",\"target\":[\"https:\/\/grontkontor.dk\/de\/shop\/reol-i-boeg-og-eg\/\"]}]},{\"@type\":\"BreadcrumbList\",\"@id\":\"https:\/\/grontkontor.dk\/de\/shop\/reol-i-boeg-og-eg\/#breadcrumb\",\"itemListElement\":[{\"@type\":\"ListItem\",\"position\":1,\"name\":\"Forside\",\"item\":\"https:\/\/grontkontor.dk\/de\/\"},{\"@type\":\"ListItem\",\"position\":2,\"name\":\"Laden\",\"item\":\"https:\/\/grontkontor.dk\/de\/laden\/\"},{\"@type\":\"ListItem\",\"position\":3,\"name\":\"M\u00f8bler og inventar\",\"item\":\"https:\/\/grontkontor.dk\/produkt-kategori\/mobler-og-inventar\/\"},{\"@type\":\"ListItem\",\"position\":4,\"name\":\"Diverse inventar\",\"item\":\"https:\/\/grontkontor.dk\/produkt-kategori\/mobler-og-inventar\/diverse-inventar\/\"},{\"@type\":\"ListItem\",\"position\":5,\"name\":\"B\u00fccherregal aus Buche und Eiche\"}]},{\"@type\":\"WebSite\",\"@id\":\"https:\/\/grontkontor.dk\/#website\",\"url\":\"https:\/\/grontkontor.dk\/\",\"name\":\"Gr\u00f8nt Kontor\",\"description\":\"Milj\u00f8venlige produkter til kontor og erhverv med fokus p\u00e5 b\u00e6redygtighed, design og fair trade.\",\"publisher\":{\"@id\":\"https:\/\/grontkontor.dk\/#organization\"},\"potentialAction\":[{\"@type\":\"SearchAction\",\"target\":{\"@type\":\"EntryPoint\",\"urlTemplate\":\"https:\/\/grontkontor.dk\/?s={search_term_string}\"},\"query-input\":\"required name=search_term_string\"}],\"inLanguage\":\"de\"},{\"@type\":\"Organization\",\"@id\":\"https:\/\/grontkontor.dk\/#organization\",\"name\":\"Gr\u00f8nt Kontor\",\"url\":\"https:\/\/grontkontor.dk\/\",\"logo\":{\"@type\":\"ImageObject\",\"inLanguage\":\"de\",\"@id\":\"https:\/\/grontkontor.dk\/#\/schema\/logo\/image\/\",\"url\":\"https:\/\/grontkontor.dk\/wp-content\/uploads\/2014\/02\/Logo_groent_kontor_300x80.png\",\"contentUrl\":\"https:\/\/grontkontor.dk\/wp-content\/uploads\/2014\/02\/Logo_groent_kontor_300x80.png\",\"width\":300,\"height\":80,\"caption\":\"Gr\u00f8nt Kontor\"},\"image\":{\"@id\":\"https:\/\/grontkontor.dk\/#\/schema\/logo\/image\/\"},\"sameAs\":[\"https:\/\/www.facebook.com\/grontkontor.dk\/\"]}]}<\/script>\n<!-- \/ Yoast SEO Premium plugin. -->","yoast_head_json":{"title":"B\u00fccherregal aus Buche und Eiche - Gr\u00f8nt Kontor","robots":{"index":"index","follow":"follow","max-snippet":"max-snippet:-1","max-image-preview":"max-image-preview:large","max-video-preview":"max-video-preview:-1"},"canonical":"https:\/\/grontkontor.dk\/de\/shop\/reol-i-boeg-og-eg\/","og_locale":"de_DE","og_type":"article","og_title":"B\u00fccherregal aus Buche und Eiche","og_description":"Das Regal ist aus FSC-zertifiziertem Buchen- und Eichenfurnier gefertigt, was f\u00fcr einen nat\u00fcrlichen und stilvollen Look sorgt. Mit einem Kern aus FSC-zertifiziertem MDF und Eichenfurnier. Die starken Regale tragen bis zu 25 kg, und das Regal hat ein elegantes und minimalistisches Design, das sich gut in jeden Raum einf\u00fcgt. Das Regal ist einfach zu montieren [&hellip;]","og_url":"https:\/\/grontkontor.dk\/de\/shop\/reol-i-boeg-og-eg\/","og_site_name":"Gr\u00f8nt Kontor","article_publisher":"https:\/\/www.facebook.com\/grontkontor.dk\/","article_modified_time":"2025-05-07T13:55:42+00:00","og_image":[{"width":900,"height":639,"url":"https:\/\/grontkontor.dk\/wp-content\/uploads\/2023\/03\/Opslagstavle-FSC-egetrae-klimavenlig.jpg","type":"image\/jpeg"}],"twitter_card":"summary_large_image","schema":{"@context":"https:\/\/schema.org","@graph":[{"@type":"WebPage","@id":"https:\/\/grontkontor.dk\/de\/shop\/reol-i-boeg-og-eg\/","url":"https:\/\/grontkontor.dk\/de\/shop\/reol-i-boeg-og-eg\/","name":"B\u00fccherregal aus Buche und Eiche - Gr\u00f8nt Kontor","isPartOf":{"@id":"https:\/\/grontkontor.dk\/#website"},"datePublished":"2025-04-24T06:49:54+00:00","dateModified":"2025-05-07T13:55:42+00:00","breadcrumb":{"@id":"https:\/\/grontkontor.dk\/de\/shop\/reol-i-boeg-og-eg\/#breadcrumb"},"inLanguage":"de","potentialAction":[{"@type":"ReadAction","target":["https:\/\/grontkontor.dk\/de\/shop\/reol-i-boeg-og-eg\/"]}]},{"@type":"BreadcrumbList","@id":"https:\/\/grontkontor.dk\/de\/shop\/reol-i-boeg-og-eg\/#breadcrumb","itemListElement":[{"@type":"ListItem","position":1,"name":"Forside","item":"https:\/\/grontkontor.dk\/de\/"},{"@type":"ListItem","position":2,"name":"Laden","item":"https:\/\/grontkontor.dk\/de\/laden\/"},{"@type":"ListItem","position":3,"name":"M\u00f8bler og inventar","item":"https:\/\/grontkontor.dk\/produkt-kategori\/mobler-og-inventar\/"},{"@type":"ListItem","position":4,"name":"Diverse inventar","item":"https:\/\/grontkontor.dk\/produkt-kategori\/mobler-og-inventar\/diverse-inventar\/"},{"@type":"ListItem","position":5,"name":"B\u00fccherregal aus Buche und Eiche"}]},{"@type":"WebSite","@id":"https:\/\/grontkontor.dk\/#website","url":"https:\/\/grontkontor.dk\/","name":"Gr\u00f8nt Kontor","description":"Milj\u00f8venlige produkter til kontor og erhverv med fokus p\u00e5 b\u00e6redygtighed, design og fair trade.","publisher":{"@id":"https:\/\/grontkontor.dk\/#organization"},"potentialAction":[{"@type":"SearchAction","target":{"@type":"EntryPoint","urlTemplate":"https:\/\/grontkontor.dk\/?s={search_term_string}"},"query-input":"required name=search_term_string"}],"inLanguage":"de"},{"@type":"Organization","@id":"https:\/\/grontkontor.dk\/#organization","name":"Gr\u00f8nt Kontor","url":"https:\/\/grontkontor.dk\/","logo":{"@type":"ImageObject","inLanguage":"de","@id":"https:\/\/grontkontor.dk\/#\/schema\/logo\/image\/","url":"https:\/\/grontkontor.dk\/wp-content\/uploads\/2014\/02\/Logo_groent_kontor_300x80.png","contentUrl":"https:\/\/grontkontor.dk\/wp-content\/uploads\/2014\/02\/Logo_groent_kontor_300x80.png","width":300,"height":80,"caption":"Gr\u00f8nt Kontor"},"image":{"@id":"https:\/\/grontkontor.dk\/#\/schema\/logo\/image\/"},"sameAs":["https:\/\/www.facebook.com\/grontkontor.dk\/"]}]}},"_links":{"self":[{"href":"https:\/\/grontkontor.dk\/de\/wp-json\/wp\/v2\/product\/123370"}],"collection":[{"href":"https:\/\/grontkontor.dk\/de\/wp-json\/wp\/v2\/product"}],"about":[{"href":"https:\/\/grontkontor.dk\/de\/wp-json\/wp\/v2\/types\/product"}],"replies":[{"embeddable":true,"href":"https:\/\/grontkontor.dk\/de\/wp-json\/wp\/v2\/comments?post=123370"}],"wp:featuredmedia":[{"embeddable":true,"href":"https:\/\/grontkontor.dk\/de\/wp-json\/wp\/v2\/media\/123375"}],"wp:attachment":[{"href":"https:\/\/grontkontor.dk\/de\/wp-json\/wp\/v2\/media?parent=123370"}],"wp:term":[{"taxonomy":"product_cat","embeddable":true,"href":"https:\/\/grontkontor.dk\/de\/wp-json\/wp\/v2\/product_cat?post=123370"},{"taxonomy":"product_tag","embeddable":true,"href":"https:\/\/grontkontor.dk\/de\/wp-json\/wp\/v2\/product_tag?post=123370"}],"curies":[{"name":"wp","href":"https:\/\/api.w.org\/{rel}","templated":true}]}}