{"id":123534,"date":"2025-05-01T11:01:01","date_gmt":"2025-05-01T09:01:05","guid":{"rendered":"https:\/\/grontkontor.dk\/?post_type=product&#038;p=123534"},"modified":"2025-05-07T15:56:03","modified_gmt":"2025-05-07T13:56:03","slug":"mulepose-oekologisk-bomuld-eu","status":"publish","type":"product","link":"https:\/\/grontkontor.dk\/de\/shop\/mulepose-oekologisk-bomuld-eu\/","title":{"rendered":"Tragetasche Bio-Baumwolle EU"},"content":{"rendered":"<p>Robuste und umweltfreundliche Tragetasche aus Bio-Baumwolle 180 g\/m\u00b2, hergestellt in der EU. Perfekt f\u00fcr Firmengeschenke, Handouts oder als Geschenkt\u00fcte mit oder ohne Logodruck.  &nbsp;<\/p>\n<p>[amfori_s] &nbsp;<\/p>\n<p>&nbsp;<\/p>\n<a href=\"https:\/\/en.wikipedia.org\/wiki\/Blue_Angel_(certification)\" rel=\"noopener\" target=\"_blank\"><img loading=\"lazy\" decoding=\"async\" class=\"size-full wp-image-12701\" src=\"https:\/\/grontkontor.dk\/wp-content\/uploads\/2023\/09\/amfori-logo.jpg\" width=\"202\" height=\"62\" border=0 \/><\/a>\n","protected":false},"excerpt":{"rendered":"<p>Robuste und umweltfreundliche Tragetasche aus Bio-Baumwolle 180 g\/m\u00b2, hergestellt in der EU. Perfekt f\u00fcr Firmengeschenke, Handouts oder als Geschenkt\u00fcte mit oder ohne Logodruck. &nbsp; [amfori_s] &nbsp; &nbsp;<\/p>\n","protected":false},"featured_media":123679,"comment_status":"closed","ping_status":"closed","template":"","meta":{"_acf_changed":false},"product_cat":[3325,4449,3084,3512,3341],"product_tag":[4632,4631,3554,3345,3342],"class_list":{"0":"post-123534","1":"product","2":"type-product","3":"status-publish","4":"has-post-thumbnail","6":"product_cat-dummy-moq-1-de","7":"product_cat-geschenktueten-und-geschenkboxen","8":"product_cat-neuheiten","9":"product_cat-taschen-tueten-und-huellen","10":"product_cat-stofftaschen","11":"product_tag-einkaufstasche-de","12":"product_tag-einkaufstasche","13":"product_tag-stofftasche","14":"product_tag-tragetasche-de","15":"product_tag-tragetasche","16":"pa_farve-blau","17":"pa_farve-braun-de","18":"pa_farve-gruen","19":"pa_farve-natur-de","20":"pa_farve-schwarz","21":"tm-has-options","23":"first","24":"instock","25":"taxable","26":"shipping-taxable","27":"purchasable","28":"product-type-simple"},"acf":[],"yoast_head":"<!-- This site is optimized with the Yoast SEO Premium plugin v21.2 (Yoast SEO v21.2) - https:\/\/yoast.com\/wordpress\/plugins\/seo\/ -->\n<title>Tragetasche Bio-Baumwolle EU - Gr\u00f8nt Kontor<\/title>\n<meta name=\"robots\" content=\"index, follow, max-snippet:-1, max-image-preview:large, max-video-preview:-1\" \/>\n<link rel=\"canonical\" href=\"https:\/\/grontkontor.dk\/shop\/mulepose-oekologisk-bomuld-eu\/\" \/>\n<meta property=\"og:locale\" content=\"de_DE\" \/>\n<meta property=\"og:type\" content=\"article\" \/>\n<meta property=\"og:title\" content=\"Tragetasche Bio-Baumwolle EU\" \/>\n<meta property=\"og:description\" content=\"Robuste und umweltfreundliche Tragetasche aus Bio-Baumwolle 180 g\/m\u00b2, hergestellt in der EU. Perfekt f\u00fcr Firmengeschenke, Handouts oder als Geschenkt\u00fcte mit oder ohne Logodruck. &nbsp; [amfori_s] &nbsp; &nbsp;\" \/>\n<meta property=\"og:url\" content=\"https:\/\/grontkontor.dk\/shop\/mulepose-oekologisk-bomuld-eu\/\" \/>\n<meta property=\"og:site_name\" content=\"Gr\u00f8nt Kontor\" \/>\n<meta property=\"article:publisher\" content=\"https:\/\/www.facebook.com\/grontkontor.dk\/\" \/>\n<meta property=\"article:modified_time\" content=\"2025-05-07T13:56:03+00:00\" \/>\n<meta property=\"og:image\" content=\"https:\/\/grontkontor.dk\/wp-content\/uploads\/2022\/02\/mulepose-hamp-begge-farver.jpg\" \/>\n\t<meta property=\"og:image:width\" content=\"900\" \/>\n\t<meta property=\"og:image:height\" content=\"639\" \/>\n\t<meta property=\"og:image:type\" content=\"image\/jpeg\" \/>\n<meta name=\"twitter:card\" content=\"summary_large_image\" \/>\n<script type=\"application\/ld+json\" class=\"yoast-schema-graph\">{\"@context\":\"https:\/\/schema.org\",\"@graph\":[{\"@type\":\"WebPage\",\"@id\":\"https:\/\/grontkontor.dk\/shop\/mulepose-oekologisk-bomuld-eu\/\",\"url\":\"https:\/\/grontkontor.dk\/shop\/mulepose-oekologisk-bomuld-eu\/\",\"name\":\"Tragetasche Bio-Baumwolle EU - Gr\u00f8nt Kontor\",\"isPartOf\":{\"@id\":\"https:\/\/grontkontor.dk\/#website\"},\"datePublished\":\"2025-05-01T09:01:05+00:00\",\"dateModified\":\"2025-05-07T13:56:03+00:00\",\"breadcrumb\":{\"@id\":\"https:\/\/grontkontor.dk\/shop\/mulepose-oekologisk-bomuld-eu\/#breadcrumb\"},\"inLanguage\":\"de\",\"potentialAction\":[{\"@type\":\"ReadAction\",\"target\":[\"https:\/\/grontkontor.dk\/shop\/mulepose-oekologisk-bomuld-eu\/\"]}]},{\"@type\":\"BreadcrumbList\",\"@id\":\"https:\/\/grontkontor.dk\/shop\/mulepose-oekologisk-bomuld-eu\/#breadcrumb\",\"itemListElement\":[{\"@type\":\"ListItem\",\"position\":1,\"name\":\"Forside\",\"item\":\"https:\/\/grontkontor.dk\/de\/\"},{\"@type\":\"ListItem\",\"position\":2,\"name\":\"Laden\",\"item\":\"https:\/\/grontkontor.dk\/de\/laden\/\"},{\"@type\":\"ListItem\",\"position\":3,\"name\":\"Klimafreundliche Werbegeschenke\",\"item\":\"https:\/\/grontkontor.dk\/de\/produkt-kategori\/klimafreundliche-werbegeschenke\/\"},{\"@type\":\"ListItem\",\"position\":4,\"name\":\"Geschenkt\u00fcten und Geschenkboxen\",\"item\":\"https:\/\/grontkontor.dk\/de\/produkt-kategori\/klimafreundliche-werbegeschenke\/geschenktueten-und-geschenkboxen\/\"},{\"@type\":\"ListItem\",\"position\":5,\"name\":\"Tragetasche Bio-Baumwolle EU\"}]},{\"@type\":\"WebSite\",\"@id\":\"https:\/\/grontkontor.dk\/#website\",\"url\":\"https:\/\/grontkontor.dk\/\",\"name\":\"Gr\u00f8nt Kontor\",\"description\":\"Milj\u00f8venlige produkter til kontor og erhverv med fokus p\u00e5 b\u00e6redygtighed, design og fair trade.\",\"publisher\":{\"@id\":\"https:\/\/grontkontor.dk\/#organization\"},\"potentialAction\":[{\"@type\":\"SearchAction\",\"target\":{\"@type\":\"EntryPoint\",\"urlTemplate\":\"https:\/\/grontkontor.dk\/?s={search_term_string}\"},\"query-input\":\"required name=search_term_string\"}],\"inLanguage\":\"de\"},{\"@type\":\"Organization\",\"@id\":\"https:\/\/grontkontor.dk\/#organization\",\"name\":\"Gr\u00f8nt Kontor\",\"url\":\"https:\/\/grontkontor.dk\/\",\"logo\":{\"@type\":\"ImageObject\",\"inLanguage\":\"de\",\"@id\":\"https:\/\/grontkontor.dk\/#\/schema\/logo\/image\/\",\"url\":\"https:\/\/grontkontor.dk\/wp-content\/uploads\/2014\/02\/Logo_groent_kontor_300x80.png\",\"contentUrl\":\"https:\/\/grontkontor.dk\/wp-content\/uploads\/2014\/02\/Logo_groent_kontor_300x80.png\",\"width\":300,\"height\":80,\"caption\":\"Gr\u00f8nt Kontor\"},\"image\":{\"@id\":\"https:\/\/grontkontor.dk\/#\/schema\/logo\/image\/\"},\"sameAs\":[\"https:\/\/www.facebook.com\/grontkontor.dk\/\"]}]}<\/script>\n<!-- \/ Yoast SEO Premium plugin. -->","yoast_head_json":{"title":"Tragetasche Bio-Baumwolle EU - Gr\u00f8nt Kontor","robots":{"index":"index","follow":"follow","max-snippet":"max-snippet:-1","max-image-preview":"max-image-preview:large","max-video-preview":"max-video-preview:-1"},"canonical":"https:\/\/grontkontor.dk\/shop\/mulepose-oekologisk-bomuld-eu\/","og_locale":"de_DE","og_type":"article","og_title":"Tragetasche Bio-Baumwolle EU","og_description":"Robuste und umweltfreundliche Tragetasche aus Bio-Baumwolle 180 g\/m\u00b2, hergestellt in der EU. Perfekt f\u00fcr Firmengeschenke, Handouts oder als Geschenkt\u00fcte mit oder ohne Logodruck. &nbsp; [amfori_s] &nbsp; &nbsp;","og_url":"https:\/\/grontkontor.dk\/shop\/mulepose-oekologisk-bomuld-eu\/","og_site_name":"Gr\u00f8nt Kontor","article_publisher":"https:\/\/www.facebook.com\/grontkontor.dk\/","article_modified_time":"2025-05-07T13:56:03+00:00","og_image":[{"width":900,"height":639,"url":"https:\/\/grontkontor.dk\/wp-content\/uploads\/2022\/02\/mulepose-hamp-begge-farver.jpg","type":"image\/jpeg"}],"twitter_card":"summary_large_image","schema":{"@context":"https:\/\/schema.org","@graph":[{"@type":"WebPage","@id":"https:\/\/grontkontor.dk\/shop\/mulepose-oekologisk-bomuld-eu\/","url":"https:\/\/grontkontor.dk\/shop\/mulepose-oekologisk-bomuld-eu\/","name":"Tragetasche Bio-Baumwolle EU - Gr\u00f8nt Kontor","isPartOf":{"@id":"https:\/\/grontkontor.dk\/#website"},"datePublished":"2025-05-01T09:01:05+00:00","dateModified":"2025-05-07T13:56:03+00:00","breadcrumb":{"@id":"https:\/\/grontkontor.dk\/shop\/mulepose-oekologisk-bomuld-eu\/#breadcrumb"},"inLanguage":"de","potentialAction":[{"@type":"ReadAction","target":["https:\/\/grontkontor.dk\/shop\/mulepose-oekologisk-bomuld-eu\/"]}]},{"@type":"BreadcrumbList","@id":"https:\/\/grontkontor.dk\/shop\/mulepose-oekologisk-bomuld-eu\/#breadcrumb","itemListElement":[{"@type":"ListItem","position":1,"name":"Forside","item":"https:\/\/grontkontor.dk\/de\/"},{"@type":"ListItem","position":2,"name":"Laden","item":"https:\/\/grontkontor.dk\/de\/laden\/"},{"@type":"ListItem","position":3,"name":"Klimafreundliche Werbegeschenke","item":"https:\/\/grontkontor.dk\/de\/produkt-kategori\/klimafreundliche-werbegeschenke\/"},{"@type":"ListItem","position":4,"name":"Geschenkt\u00fcten und Geschenkboxen","item":"https:\/\/grontkontor.dk\/de\/produkt-kategori\/klimafreundliche-werbegeschenke\/geschenktueten-und-geschenkboxen\/"},{"@type":"ListItem","position":5,"name":"Tragetasche Bio-Baumwolle EU"}]},{"@type":"WebSite","@id":"https:\/\/grontkontor.dk\/#website","url":"https:\/\/grontkontor.dk\/","name":"Gr\u00f8nt Kontor","description":"Milj\u00f8venlige produkter til kontor og erhverv med fokus p\u00e5 b\u00e6redygtighed, design og fair trade.","publisher":{"@id":"https:\/\/grontkontor.dk\/#organization"},"potentialAction":[{"@type":"SearchAction","target":{"@type":"EntryPoint","urlTemplate":"https:\/\/grontkontor.dk\/?s={search_term_string}"},"query-input":"required name=search_term_string"}],"inLanguage":"de"},{"@type":"Organization","@id":"https:\/\/grontkontor.dk\/#organization","name":"Gr\u00f8nt Kontor","url":"https:\/\/grontkontor.dk\/","logo":{"@type":"ImageObject","inLanguage":"de","@id":"https:\/\/grontkontor.dk\/#\/schema\/logo\/image\/","url":"https:\/\/grontkontor.dk\/wp-content\/uploads\/2014\/02\/Logo_groent_kontor_300x80.png","contentUrl":"https:\/\/grontkontor.dk\/wp-content\/uploads\/2014\/02\/Logo_groent_kontor_300x80.png","width":300,"height":80,"caption":"Gr\u00f8nt Kontor"},"image":{"@id":"https:\/\/grontkontor.dk\/#\/schema\/logo\/image\/"},"sameAs":["https:\/\/www.facebook.com\/grontkontor.dk\/"]}]}},"_links":{"self":[{"href":"https:\/\/grontkontor.dk\/de\/wp-json\/wp\/v2\/product\/123534"}],"collection":[{"href":"https:\/\/grontkontor.dk\/de\/wp-json\/wp\/v2\/product"}],"about":[{"href":"https:\/\/grontkontor.dk\/de\/wp-json\/wp\/v2\/types\/product"}],"replies":[{"embeddable":true,"href":"https:\/\/grontkontor.dk\/de\/wp-json\/wp\/v2\/comments?post=123534"}],"wp:featuredmedia":[{"embeddable":true,"href":"https:\/\/grontkontor.dk\/de\/wp-json\/wp\/v2\/media\/123679"}],"wp:attachment":[{"href":"https:\/\/grontkontor.dk\/de\/wp-json\/wp\/v2\/media?parent=123534"}],"wp:term":[{"taxonomy":"product_cat","embeddable":true,"href":"https:\/\/grontkontor.dk\/de\/wp-json\/wp\/v2\/product_cat?post=123534"},{"taxonomy":"product_tag","embeddable":true,"href":"https:\/\/grontkontor.dk\/de\/wp-json\/wp\/v2\/product_tag?post=123534"}],"curies":[{"name":"wp","href":"https:\/\/api.w.org\/{rel}","templated":true}]}}