{"id":124453,"date":"2025-04-09T09:40:27","date_gmt":"2025-05-07T13:55:20","guid":{"rendered":"https:\/\/grontkontor.dk\/shop\/sweatshirt-oekologisk-bomuld-og-rpet\/"},"modified":"2025-11-06T11:41:17","modified_gmt":"2025-11-06T10:41:17","slug":"sweatshirt-oekologisk-bomuld-og-rpet","status":"publish","type":"product","link":"https:\/\/grontkontor.dk\/de\/shop\/sweatshirt-oekologisk-bomuld-og-rpet\/","title":{"rendered":"Sweatshirt aus Bio-Baumwolle und rpet ohne Print"},"content":{"rendered":"<p>Ein klimafreundliches Sweatshirt ist eine naheliegende Wahl f\u00fcr Unternehmen, die Komfort, Qualit\u00e4t und R\u00fccksichtnahme auf die Umwelt verbinden m\u00f6chten. Dieses Modell besteht aus Bio-Baumwolle und rPET, dem recycelten Kunststoff aus gebrauchten Flaschen. Das Ergebnis ist ein umweltfreundliches Sweatshirt mit klassischem Schnitt, das sich sowohl f\u00fcr Arbeit, Freizeit als auch f\u00fcr Veranstaltungen eignet.<br \/>\nDas Sweatshirt hat ein Gewicht von 280 g\/m\u00b2, was eine weiche und dennoch robuste Qualit\u00e4t bietet, die f\u00fcr den t\u00e4glichen Gebrauch h\u00e4lt. Er ist in den Gr\u00f6\u00dfen XS bis XXXL erh\u00e4ltlich und kann je nach Druckverfahren mit Logodruck in bis zu vier Farben geliefert werden. Dar\u00fcber hinaus kann es auch bestickt werden, was einen besonders exklusiven Look verleiht. Die Bestellung beginnt bereits ab 15 St\u00fcck, und Sie k\u00f6nnen die Gr\u00f6\u00dfen frei mischen, damit alle Mitarbeiter die perfekte Passform erhalten.     <\/p>\n<p>Als Firmen- und Mitarbeitergeschenk ist das klimafreundliche Sweatshirt eine naheliegende Alternative zu herk\u00f6mmlichen Werbeartikeln. Es kann leicht zusammen mit einem Sweatshirt oder T-Shirt in eine Kollektion von Profilkleidung aufgenommen werden, damit das Unternehmen einheitlich und professionell erscheint. <\/p>\n<p>Wenn du dich f\u00fcr Sweatshirts und Hoodies aus organischen und recycelten Materialien entscheidest, sendest du ein klares Zeichen von Verantwortung und R\u00fccksichtnahme. Dieses umweltfreundliche Sweatshirt vereint Stil, Funktionalit\u00e4t und klimafreundliche Werte \u2013 und wird schnell zum Liebling der Garderobe.<br \/>\n[oekobomuld] [rpet_s]<\/p>\n<p>[gots_s]<\/p>\n<p>&nbsp;<\/p>\n<a href=\"https:\/\/www.eco-branding.dk\/miljoemaerkning\/gots.aspx\" rel=\"noopener\" target=\"_blank\"><img loading=\"lazy\" decoding=\"async\" class=\"size-full wp-image-12808\" src=\"https:\/\/grontkontor.dk\/wp-content\/uploads\/2019\/04\/gots-certificeret.jpg\" \n   alt=\"Gots certificeret - din garanti for, at produktet indeholder mindst 70% ?kologisk bomuld\"  description=\"Gots certificeret - din garanti for, at produktet indeholder mindst 70% ?kologisk bomuld\" width=\"50\" height=\"50\" \n\t border=0 \/><\/a>\n","protected":false},"excerpt":{"rendered":"<p>Ein klimafreundliches Sweatshirt ist eine naheliegende Wahl f\u00fcr Unternehmen, die Komfort, Qualit\u00e4t und R\u00fccksichtnahme auf die Umwelt verbinden m\u00f6chten. Dieses Modell besteht aus Bio-Baumwolle und rPET, dem recycelten Kunststoff aus gebrauchten Flaschen. Das Ergebnis ist ein umweltfreundliches Sweatshirt mit klassischem Schnitt, das sich sowohl f\u00fcr Arbeit, Freizeit als auch f\u00fcr Veranstaltungen eignet. Das Sweatshirt hat [&hellip;]<\/p>\n","protected":false},"featured_media":116825,"comment_status":"closed","ping_status":"closed","template":"","meta":{"_acf_changed":false},"product_cat":[3089,3321,3084,4842],"product_tag":[4608,4607],"class_list":{"0":"post-124453","1":"product","2":"type-product","3":"status-publish","4":"has-post-thumbnail","6":"product_cat-dummy-moq-10-50-de","7":"product_cat-klimafreundliche-werbegeschenke","8":"product_cat-neuheiten","9":"product_cat-t-shirts-sweatshirts-und-poloshirts","10":"product_tag-kapuzenpullover","11":"product_tag-sweatshirt-de","12":"pa_farve-blau","13":"pa_farve-dunkelblau","14":"pa_farve-dunkelgrau-de","15":"pa_farve-grau-de","16":"pa_farve-gruen","17":"pa_farve-rot","18":"pa_farve-schwarz","19":"pa_farve-weiss","20":"tm-has-styled-variations","21":"tm-has-options","23":"first","24":"instock","25":"taxable","26":"shipping-taxable","27":"purchasable","28":"product-type-simple"},"acf":[],"yoast_head":"<!-- This site is optimized with the Yoast SEO Premium plugin v21.2 (Yoast SEO v21.2) - https:\/\/yoast.com\/wordpress\/plugins\/seo\/ -->\n<title>Sweatshirt aus Bio-Baumwolle und rpet ohne Print - Gr\u00f8nt Kontor<\/title>\n<meta name=\"description\" content=\"Klimafreundliches Sweatshirt aus 60% Bio-Baumwolle und 40% rPET. Umweltfreundliches Werbegeschenk in vielen Farben und Gr\u00f6\u00dfen. Erh\u00e4ltlich mit Logodruck oder Stickerei.\" \/>\n<meta name=\"robots\" content=\"index, follow, max-snippet:-1, max-image-preview:large, max-video-preview:-1\" \/>\n<link rel=\"canonical\" href=\"https:\/\/grontkontor.dk\/de\/shop\/sweatshirt-oekologisk-bomuld-og-rpet\/\" \/>\n<meta property=\"og:locale\" content=\"de_DE\" \/>\n<meta property=\"og:type\" content=\"article\" \/>\n<meta property=\"og:title\" content=\"Sweatshirt aus Bio-Baumwolle und rpet ohne Print\" \/>\n<meta property=\"og:description\" content=\"Klimafreundliches Sweatshirt aus 60% Bio-Baumwolle und 40% rPET. Umweltfreundliches Werbegeschenk in vielen Farben und Gr\u00f6\u00dfen. Erh\u00e4ltlich mit Logodruck oder Stickerei.\" \/>\n<meta property=\"og:url\" content=\"https:\/\/grontkontor.dk\/de\/shop\/sweatshirt-oekologisk-bomuld-og-rpet\/\" \/>\n<meta property=\"og:site_name\" content=\"Gr\u00f8nt Kontor\" \/>\n<meta property=\"article:publisher\" content=\"https:\/\/www.facebook.com\/grontkontor.dk\/\" \/>\n<meta property=\"article:modified_time\" content=\"2025-11-06T10:41:17+00:00\" \/>\n<meta property=\"og:image\" content=\"https:\/\/grontkontor.dk\/wp-content\/uploads\/2024\/11\/Klimavenlig-sweatshirt-i-oekologisk-bomuld-og-rpet-collage-2.jpg\" \/>\n\t<meta property=\"og:image:width\" content=\"900\" \/>\n\t<meta property=\"og:image:height\" content=\"639\" \/>\n\t<meta property=\"og:image:type\" content=\"image\/jpeg\" \/>\n<meta name=\"twitter:card\" content=\"summary_large_image\" \/>\n<meta name=\"twitter:label1\" content=\"Gesch\u00e4tzte Lesezeit\" \/>\n\t<meta name=\"twitter:data1\" content=\"1\u00a0Minute\" \/>\n<script type=\"application\/ld+json\" class=\"yoast-schema-graph\">{\"@context\":\"https:\/\/schema.org\",\"@graph\":[{\"@type\":\"WebPage\",\"@id\":\"https:\/\/grontkontor.dk\/de\/shop\/sweatshirt-oekologisk-bomuld-og-rpet\/\",\"url\":\"https:\/\/grontkontor.dk\/de\/shop\/sweatshirt-oekologisk-bomuld-og-rpet\/\",\"name\":\"Sweatshirt aus Bio-Baumwolle und rpet ohne Print - Gr\u00f8nt Kontor\",\"isPartOf\":{\"@id\":\"https:\/\/grontkontor.dk\/#website\"},\"datePublished\":\"2025-05-07T13:55:20+00:00\",\"dateModified\":\"2025-11-06T10:41:17+00:00\",\"description\":\"Klimafreundliches Sweatshirt aus 60% Bio-Baumwolle und 40% rPET. Umweltfreundliches Werbegeschenk in vielen Farben und Gr\u00f6\u00dfen. Erh\u00e4ltlich mit Logodruck oder Stickerei.\",\"breadcrumb\":{\"@id\":\"https:\/\/grontkontor.dk\/de\/shop\/sweatshirt-oekologisk-bomuld-og-rpet\/#breadcrumb\"},\"inLanguage\":\"de\",\"potentialAction\":[{\"@type\":\"ReadAction\",\"target\":[\"https:\/\/grontkontor.dk\/de\/shop\/sweatshirt-oekologisk-bomuld-og-rpet\/\"]}]},{\"@type\":\"BreadcrumbList\",\"@id\":\"https:\/\/grontkontor.dk\/de\/shop\/sweatshirt-oekologisk-bomuld-og-rpet\/#breadcrumb\",\"itemListElement\":[{\"@type\":\"ListItem\",\"position\":1,\"name\":\"Forside\",\"item\":\"https:\/\/grontkontor.dk\/de\/\"},{\"@type\":\"ListItem\",\"position\":2,\"name\":\"Laden\",\"item\":\"https:\/\/grontkontor.dk\/de\/laden\/\"},{\"@type\":\"ListItem\",\"position\":3,\"name\":\"Kleidung\",\"item\":\"https:\/\/grontkontor.dk\/de\/produkt-kategori\/kleidung\/\"},{\"@type\":\"ListItem\",\"position\":4,\"name\":\"T-Shirts, Sweatshirts und Poloshirts\",\"item\":\"https:\/\/grontkontor.dk\/de\/produkt-kategori\/kleidung\/t-shirts-sweatshirts-und-poloshirts\/\"},{\"@type\":\"ListItem\",\"position\":5,\"name\":\"Sweatshirt aus Bio-Baumwolle und rpet ohne Print\"}]},{\"@type\":\"WebSite\",\"@id\":\"https:\/\/grontkontor.dk\/#website\",\"url\":\"https:\/\/grontkontor.dk\/\",\"name\":\"Gr\u00f8nt Kontor\",\"description\":\"Milj\u00f8venlige produkter til kontor og erhverv med fokus p\u00e5 b\u00e6redygtighed, design og fair trade.\",\"publisher\":{\"@id\":\"https:\/\/grontkontor.dk\/#organization\"},\"potentialAction\":[{\"@type\":\"SearchAction\",\"target\":{\"@type\":\"EntryPoint\",\"urlTemplate\":\"https:\/\/grontkontor.dk\/?s={search_term_string}\"},\"query-input\":\"required name=search_term_string\"}],\"inLanguage\":\"de\"},{\"@type\":\"Organization\",\"@id\":\"https:\/\/grontkontor.dk\/#organization\",\"name\":\"Gr\u00f8nt Kontor\",\"url\":\"https:\/\/grontkontor.dk\/\",\"logo\":{\"@type\":\"ImageObject\",\"inLanguage\":\"de\",\"@id\":\"https:\/\/grontkontor.dk\/#\/schema\/logo\/image\/\",\"url\":\"https:\/\/grontkontor.dk\/wp-content\/uploads\/2014\/02\/Logo_groent_kontor_300x80.png\",\"contentUrl\":\"https:\/\/grontkontor.dk\/wp-content\/uploads\/2014\/02\/Logo_groent_kontor_300x80.png\",\"width\":300,\"height\":80,\"caption\":\"Gr\u00f8nt Kontor\"},\"image\":{\"@id\":\"https:\/\/grontkontor.dk\/#\/schema\/logo\/image\/\"},\"sameAs\":[\"https:\/\/www.facebook.com\/grontkontor.dk\/\"]}]}<\/script>\n<!-- \/ Yoast SEO Premium plugin. -->","yoast_head_json":{"title":"Sweatshirt aus Bio-Baumwolle und rpet ohne Print - Gr\u00f8nt Kontor","description":"Klimafreundliches Sweatshirt aus 60% Bio-Baumwolle und 40% rPET. Umweltfreundliches Werbegeschenk in vielen Farben und Gr\u00f6\u00dfen. Erh\u00e4ltlich mit Logodruck oder Stickerei.","robots":{"index":"index","follow":"follow","max-snippet":"max-snippet:-1","max-image-preview":"max-image-preview:large","max-video-preview":"max-video-preview:-1"},"canonical":"https:\/\/grontkontor.dk\/de\/shop\/sweatshirt-oekologisk-bomuld-og-rpet\/","og_locale":"de_DE","og_type":"article","og_title":"Sweatshirt aus Bio-Baumwolle und rpet ohne Print","og_description":"Klimafreundliches Sweatshirt aus 60% Bio-Baumwolle und 40% rPET. Umweltfreundliches Werbegeschenk in vielen Farben und Gr\u00f6\u00dfen. Erh\u00e4ltlich mit Logodruck oder Stickerei.","og_url":"https:\/\/grontkontor.dk\/de\/shop\/sweatshirt-oekologisk-bomuld-og-rpet\/","og_site_name":"Gr\u00f8nt Kontor","article_publisher":"https:\/\/www.facebook.com\/grontkontor.dk\/","article_modified_time":"2025-11-06T10:41:17+00:00","og_image":[{"width":900,"height":639,"url":"https:\/\/grontkontor.dk\/wp-content\/uploads\/2024\/11\/Klimavenlig-sweatshirt-i-oekologisk-bomuld-og-rpet-collage-2.jpg","type":"image\/jpeg"}],"twitter_card":"summary_large_image","twitter_misc":{"Gesch\u00e4tzte Lesezeit":"1\u00a0Minute"},"schema":{"@context":"https:\/\/schema.org","@graph":[{"@type":"WebPage","@id":"https:\/\/grontkontor.dk\/de\/shop\/sweatshirt-oekologisk-bomuld-og-rpet\/","url":"https:\/\/grontkontor.dk\/de\/shop\/sweatshirt-oekologisk-bomuld-og-rpet\/","name":"Sweatshirt aus Bio-Baumwolle und rpet ohne Print - Gr\u00f8nt Kontor","isPartOf":{"@id":"https:\/\/grontkontor.dk\/#website"},"datePublished":"2025-05-07T13:55:20+00:00","dateModified":"2025-11-06T10:41:17+00:00","description":"Klimafreundliches Sweatshirt aus 60% Bio-Baumwolle und 40% rPET. Umweltfreundliches Werbegeschenk in vielen Farben und Gr\u00f6\u00dfen. Erh\u00e4ltlich mit Logodruck oder Stickerei.","breadcrumb":{"@id":"https:\/\/grontkontor.dk\/de\/shop\/sweatshirt-oekologisk-bomuld-og-rpet\/#breadcrumb"},"inLanguage":"de","potentialAction":[{"@type":"ReadAction","target":["https:\/\/grontkontor.dk\/de\/shop\/sweatshirt-oekologisk-bomuld-og-rpet\/"]}]},{"@type":"BreadcrumbList","@id":"https:\/\/grontkontor.dk\/de\/shop\/sweatshirt-oekologisk-bomuld-og-rpet\/#breadcrumb","itemListElement":[{"@type":"ListItem","position":1,"name":"Forside","item":"https:\/\/grontkontor.dk\/de\/"},{"@type":"ListItem","position":2,"name":"Laden","item":"https:\/\/grontkontor.dk\/de\/laden\/"},{"@type":"ListItem","position":3,"name":"Kleidung","item":"https:\/\/grontkontor.dk\/de\/produkt-kategori\/kleidung\/"},{"@type":"ListItem","position":4,"name":"T-Shirts, Sweatshirts und Poloshirts","item":"https:\/\/grontkontor.dk\/de\/produkt-kategori\/kleidung\/t-shirts-sweatshirts-und-poloshirts\/"},{"@type":"ListItem","position":5,"name":"Sweatshirt aus Bio-Baumwolle und rpet ohne Print"}]},{"@type":"WebSite","@id":"https:\/\/grontkontor.dk\/#website","url":"https:\/\/grontkontor.dk\/","name":"Gr\u00f8nt Kontor","description":"Milj\u00f8venlige produkter til kontor og erhverv med fokus p\u00e5 b\u00e6redygtighed, design og fair trade.","publisher":{"@id":"https:\/\/grontkontor.dk\/#organization"},"potentialAction":[{"@type":"SearchAction","target":{"@type":"EntryPoint","urlTemplate":"https:\/\/grontkontor.dk\/?s={search_term_string}"},"query-input":"required name=search_term_string"}],"inLanguage":"de"},{"@type":"Organization","@id":"https:\/\/grontkontor.dk\/#organization","name":"Gr\u00f8nt Kontor","url":"https:\/\/grontkontor.dk\/","logo":{"@type":"ImageObject","inLanguage":"de","@id":"https:\/\/grontkontor.dk\/#\/schema\/logo\/image\/","url":"https:\/\/grontkontor.dk\/wp-content\/uploads\/2014\/02\/Logo_groent_kontor_300x80.png","contentUrl":"https:\/\/grontkontor.dk\/wp-content\/uploads\/2014\/02\/Logo_groent_kontor_300x80.png","width":300,"height":80,"caption":"Gr\u00f8nt Kontor"},"image":{"@id":"https:\/\/grontkontor.dk\/#\/schema\/logo\/image\/"},"sameAs":["https:\/\/www.facebook.com\/grontkontor.dk\/"]}]}},"_links":{"self":[{"href":"https:\/\/grontkontor.dk\/de\/wp-json\/wp\/v2\/product\/124453"}],"collection":[{"href":"https:\/\/grontkontor.dk\/de\/wp-json\/wp\/v2\/product"}],"about":[{"href":"https:\/\/grontkontor.dk\/de\/wp-json\/wp\/v2\/types\/product"}],"replies":[{"embeddable":true,"href":"https:\/\/grontkontor.dk\/de\/wp-json\/wp\/v2\/comments?post=124453"}],"wp:featuredmedia":[{"embeddable":true,"href":"https:\/\/grontkontor.dk\/de\/wp-json\/wp\/v2\/media\/116825"}],"wp:attachment":[{"href":"https:\/\/grontkontor.dk\/de\/wp-json\/wp\/v2\/media?parent=124453"}],"wp:term":[{"taxonomy":"product_cat","embeddable":true,"href":"https:\/\/grontkontor.dk\/de\/wp-json\/wp\/v2\/product_cat?post=124453"},{"taxonomy":"product_tag","embeddable":true,"href":"https:\/\/grontkontor.dk\/de\/wp-json\/wp\/v2\/product_tag?post=124453"}],"curies":[{"name":"wp","href":"https:\/\/api.w.org\/{rel}","templated":true}]}}