{"id":124463,"date":"2025-04-03T13:53:44","date_gmt":"2025-05-07T13:58:17","guid":{"rendered":"https:\/\/grontkontor.dk\/shop\/dame-t-shirt-i-oekologisk-bomuld-natur\/"},"modified":"2025-11-06T10:45:01","modified_gmt":"2025-11-06T09:45:01","slug":"dame-t-shirt-i-oekologisk-bomuld-natur","status":"publish","type":"product","link":"https:\/\/grontkontor.dk\/de\/shop\/dame-t-shirt-i-oekologisk-bomuld-natur\/","title":{"rendered":"Damen T-Shirt aus Bio-Baumwolle natur"},"content":{"rendered":"<p>Ein leichtes und bequemes Damen-T-Shirt aus 100% GOTS-zertifizierter Bio-Baumwolle ist die ideale Wahl, wenn Stil, Qualit\u00e4t und R\u00fccksichtnahme Hand in Hand gehen m\u00fcssen. Bei diesem Shirt wird sowohl \u00d6kologie als auch soziale Verantwortung im Vordergrund gestanden, was es zu einer klimafreundlichen und umweltfreundlichen L\u00f6sung macht, die jeder mit gutem Gewissen tragen kann.<br \/>\nMit einem Gewicht von 150 g\/m\u00b2 ist der Stoff leicht und atmungsaktiv, was das T-Shirt sowohl f\u00fcr den Alltag, Events als auch als klassisches Giveaway perfekt macht. Es wird mit dem offiziellen GOTS-Siegel geliefert, so dass Sie eine Dokumentation haben, dass die Produktion strenge Anforderungen an die Umwelt und die Arbeitsbedingungen erf\u00fcllt.  <\/p>\n<p>Als Profilkleidungsst\u00fcck bietet sich dieses klimafreundliche Damen-T-Shirt an. Er kann mit einem Logodruck geliefert werden, wodurch er sich ideal als Werbeartikel f\u00fcr Messen, Firmenveranstaltungen oder als Teil der Mitarbeiteruniform eignet. Das T-Shirt kombiniert eine feminine Passform mit hohem Tragekomfort und sendet gleichzeitig ein gr\u00fcnes Signal.  <\/p>\n<p>Wenn du dich f\u00fcr Shirts aus Bio-Baumwolle entscheidest, bekommst du eine funktionale und stylische L\u00f6sung, die klimafreundliche Werte unterst\u00fctzt. Dieses T-Shirt zeigt, dass sich Mode und Umwelt auf einfache und elegante Weise verbinden lassen. <\/p>\n<p>[oekobomuld] [gots_s]<\/p>\n<p>&nbsp;<\/p>\n<p>&nbsp;<\/p>\n<a href=\"https:\/\/www.eco-branding.dk\/miljoemaerkning\/gots.aspx\" rel=\"noopener\" target=\"_blank\"><img loading=\"lazy\" decoding=\"async\" class=\"size-full wp-image-12808\" src=\"https:\/\/grontkontor.dk\/wp-content\/uploads\/2019\/04\/gots-certificeret.jpg\" \n   alt=\"Gots certificeret - din garanti for, at produktet indeholder mindst 70% ?kologisk bomuld\"  description=\"Gots certificeret - din garanti for, at produktet indeholder mindst 70% ?kologisk bomuld\" width=\"50\" height=\"50\" \n\t border=0 \/><\/a>\n","protected":false},"excerpt":{"rendered":"<p>Ein leichtes und bequemes Damen-T-Shirt aus 100% GOTS-zertifizierter Bio-Baumwolle ist die ideale Wahl, wenn Stil, Qualit\u00e4t und R\u00fccksichtnahme Hand in Hand gehen m\u00fcssen. Bei diesem Shirt wird sowohl \u00d6kologie als auch soziale Verantwortung im Vordergrund gestanden, was es zu einer klimafreundlichen und umweltfreundlichen L\u00f6sung macht, die jeder mit gutem Gewissen tragen kann. Mit einem Gewicht [&hellip;]<\/p>\n","protected":false},"featured_media":113208,"comment_status":"closed","ping_status":"closed","template":"","meta":{"_acf_changed":false},"product_cat":[3517,3321,3084,4842],"product_tag":[4814,3460,4815,4817,4816],"class_list":{"0":"post-124463","1":"product","2":"type-product","3":"status-publish","4":"has-post-thumbnail","6":"product_cat-dummy-moq-50-100-de","7":"product_cat-klimafreundliche-werbegeschenke","8":"product_cat-neuheiten","9":"product_cat-t-shirts-sweatshirts-und-poloshirts","10":"product_tag-hemd","11":"product_tag-t-shirt-de","12":"product_tag-t-shirt-de-2","13":"product_tag-t-shirts-de-2","14":"product_tag-t-shirts-de","15":"tm-has-styled-variations","16":"tm-has-options","18":"first","19":"instock","20":"taxable","21":"shipping-taxable","22":"purchasable","23":"product-type-simple"},"acf":[],"yoast_head":"<!-- This site is optimized with the Yoast SEO Premium plugin v21.2 (Yoast SEO v21.2) - https:\/\/yoast.com\/wordpress\/plugins\/seo\/ -->\n<title>Damen T-Shirt aus Bio-Baumwolle natur - Gr\u00f8nt Kontor<\/title>\n<meta name=\"description\" content=\"Damen-T-Shirt aus 100% GOTS-zertifizierter Bio-Baumwolle. Klimafreundliches Shirt mit GOTS-Label. Perfekt als Giveaway oder mit Logo-Print.\" \/>\n<meta name=\"robots\" content=\"index, follow, max-snippet:-1, max-image-preview:large, max-video-preview:-1\" \/>\n<link rel=\"canonical\" href=\"https:\/\/grontkontor.dk\/de\/shop\/dame-t-shirt-i-oekologisk-bomuld-natur\/\" \/>\n<meta property=\"og:locale\" content=\"de_DE\" \/>\n<meta property=\"og:type\" content=\"article\" \/>\n<meta property=\"og:title\" content=\"Damen T-Shirt aus Bio-Baumwolle natur\" \/>\n<meta property=\"og:description\" content=\"Damen-T-Shirt aus 100% GOTS-zertifizierter Bio-Baumwolle. Klimafreundliches Shirt mit GOTS-Label. Perfekt als Giveaway oder mit Logo-Print.\" \/>\n<meta property=\"og:url\" content=\"https:\/\/grontkontor.dk\/de\/shop\/dame-t-shirt-i-oekologisk-bomuld-natur\/\" \/>\n<meta property=\"og:site_name\" content=\"Gr\u00f8nt Kontor\" \/>\n<meta property=\"article:publisher\" content=\"https:\/\/www.facebook.com\/grontkontor.dk\/\" \/>\n<meta property=\"article:modified_time\" content=\"2025-11-06T09:45:01+00:00\" \/>\n<meta property=\"og:image\" content=\"https:\/\/grontkontor.dk\/wp-content\/uploads\/2022\/05\/miljoevenlig-t-shirt-oekologisk-dame-bomuld-natur-02.jpg\" \/>\n\t<meta property=\"og:image:width\" content=\"900\" \/>\n\t<meta property=\"og:image:height\" content=\"639\" \/>\n\t<meta property=\"og:image:type\" content=\"image\/jpeg\" \/>\n<meta name=\"twitter:card\" content=\"summary_large_image\" \/>\n<meta name=\"twitter:label1\" content=\"Gesch\u00e4tzte Lesezeit\" \/>\n\t<meta name=\"twitter:data1\" content=\"1\u00a0Minute\" \/>\n<script type=\"application\/ld+json\" class=\"yoast-schema-graph\">{\"@context\":\"https:\/\/schema.org\",\"@graph\":[{\"@type\":\"WebPage\",\"@id\":\"https:\/\/grontkontor.dk\/de\/shop\/dame-t-shirt-i-oekologisk-bomuld-natur\/\",\"url\":\"https:\/\/grontkontor.dk\/de\/shop\/dame-t-shirt-i-oekologisk-bomuld-natur\/\",\"name\":\"Damen T-Shirt aus Bio-Baumwolle natur - Gr\u00f8nt Kontor\",\"isPartOf\":{\"@id\":\"https:\/\/grontkontor.dk\/#website\"},\"datePublished\":\"2025-05-07T13:58:17+00:00\",\"dateModified\":\"2025-11-06T09:45:01+00:00\",\"description\":\"Damen-T-Shirt aus 100% GOTS-zertifizierter Bio-Baumwolle. Klimafreundliches Shirt mit GOTS-Label. Perfekt als Giveaway oder mit Logo-Print.\",\"breadcrumb\":{\"@id\":\"https:\/\/grontkontor.dk\/de\/shop\/dame-t-shirt-i-oekologisk-bomuld-natur\/#breadcrumb\"},\"inLanguage\":\"de\",\"potentialAction\":[{\"@type\":\"ReadAction\",\"target\":[\"https:\/\/grontkontor.dk\/de\/shop\/dame-t-shirt-i-oekologisk-bomuld-natur\/\"]}]},{\"@type\":\"BreadcrumbList\",\"@id\":\"https:\/\/grontkontor.dk\/de\/shop\/dame-t-shirt-i-oekologisk-bomuld-natur\/#breadcrumb\",\"itemListElement\":[{\"@type\":\"ListItem\",\"position\":1,\"name\":\"Forside\",\"item\":\"https:\/\/grontkontor.dk\/de\/\"},{\"@type\":\"ListItem\",\"position\":2,\"name\":\"Laden\",\"item\":\"https:\/\/grontkontor.dk\/de\/laden\/\"},{\"@type\":\"ListItem\",\"position\":3,\"name\":\"Kleidung\",\"item\":\"https:\/\/grontkontor.dk\/de\/produkt-kategori\/kleidung\/\"},{\"@type\":\"ListItem\",\"position\":4,\"name\":\"T-Shirts, Sweatshirts und Poloshirts\",\"item\":\"https:\/\/grontkontor.dk\/de\/produkt-kategori\/kleidung\/t-shirts-sweatshirts-und-poloshirts\/\"},{\"@type\":\"ListItem\",\"position\":5,\"name\":\"Damen T-Shirt aus Bio-Baumwolle natur\"}]},{\"@type\":\"WebSite\",\"@id\":\"https:\/\/grontkontor.dk\/#website\",\"url\":\"https:\/\/grontkontor.dk\/\",\"name\":\"Gr\u00f8nt Kontor\",\"description\":\"Milj\u00f8venlige produkter til kontor og erhverv med fokus p\u00e5 b\u00e6redygtighed, design og fair trade.\",\"publisher\":{\"@id\":\"https:\/\/grontkontor.dk\/#organization\"},\"potentialAction\":[{\"@type\":\"SearchAction\",\"target\":{\"@type\":\"EntryPoint\",\"urlTemplate\":\"https:\/\/grontkontor.dk\/?s={search_term_string}\"},\"query-input\":\"required name=search_term_string\"}],\"inLanguage\":\"de\"},{\"@type\":\"Organization\",\"@id\":\"https:\/\/grontkontor.dk\/#organization\",\"name\":\"Gr\u00f8nt Kontor\",\"url\":\"https:\/\/grontkontor.dk\/\",\"logo\":{\"@type\":\"ImageObject\",\"inLanguage\":\"de\",\"@id\":\"https:\/\/grontkontor.dk\/#\/schema\/logo\/image\/\",\"url\":\"https:\/\/grontkontor.dk\/wp-content\/uploads\/2014\/02\/Logo_groent_kontor_300x80.png\",\"contentUrl\":\"https:\/\/grontkontor.dk\/wp-content\/uploads\/2014\/02\/Logo_groent_kontor_300x80.png\",\"width\":300,\"height\":80,\"caption\":\"Gr\u00f8nt Kontor\"},\"image\":{\"@id\":\"https:\/\/grontkontor.dk\/#\/schema\/logo\/image\/\"},\"sameAs\":[\"https:\/\/www.facebook.com\/grontkontor.dk\/\"]}]}<\/script>\n<!-- \/ Yoast SEO Premium plugin. -->","yoast_head_json":{"title":"Damen T-Shirt aus Bio-Baumwolle natur - Gr\u00f8nt Kontor","description":"Damen-T-Shirt aus 100% GOTS-zertifizierter Bio-Baumwolle. Klimafreundliches Shirt mit GOTS-Label. Perfekt als Giveaway oder mit Logo-Print.","robots":{"index":"index","follow":"follow","max-snippet":"max-snippet:-1","max-image-preview":"max-image-preview:large","max-video-preview":"max-video-preview:-1"},"canonical":"https:\/\/grontkontor.dk\/de\/shop\/dame-t-shirt-i-oekologisk-bomuld-natur\/","og_locale":"de_DE","og_type":"article","og_title":"Damen T-Shirt aus Bio-Baumwolle natur","og_description":"Damen-T-Shirt aus 100% GOTS-zertifizierter Bio-Baumwolle. Klimafreundliches Shirt mit GOTS-Label. Perfekt als Giveaway oder mit Logo-Print.","og_url":"https:\/\/grontkontor.dk\/de\/shop\/dame-t-shirt-i-oekologisk-bomuld-natur\/","og_site_name":"Gr\u00f8nt Kontor","article_publisher":"https:\/\/www.facebook.com\/grontkontor.dk\/","article_modified_time":"2025-11-06T09:45:01+00:00","og_image":[{"width":900,"height":639,"url":"https:\/\/grontkontor.dk\/wp-content\/uploads\/2022\/05\/miljoevenlig-t-shirt-oekologisk-dame-bomuld-natur-02.jpg","type":"image\/jpeg"}],"twitter_card":"summary_large_image","twitter_misc":{"Gesch\u00e4tzte Lesezeit":"1\u00a0Minute"},"schema":{"@context":"https:\/\/schema.org","@graph":[{"@type":"WebPage","@id":"https:\/\/grontkontor.dk\/de\/shop\/dame-t-shirt-i-oekologisk-bomuld-natur\/","url":"https:\/\/grontkontor.dk\/de\/shop\/dame-t-shirt-i-oekologisk-bomuld-natur\/","name":"Damen T-Shirt aus Bio-Baumwolle natur - Gr\u00f8nt Kontor","isPartOf":{"@id":"https:\/\/grontkontor.dk\/#website"},"datePublished":"2025-05-07T13:58:17+00:00","dateModified":"2025-11-06T09:45:01+00:00","description":"Damen-T-Shirt aus 100% GOTS-zertifizierter Bio-Baumwolle. Klimafreundliches Shirt mit GOTS-Label. Perfekt als Giveaway oder mit Logo-Print.","breadcrumb":{"@id":"https:\/\/grontkontor.dk\/de\/shop\/dame-t-shirt-i-oekologisk-bomuld-natur\/#breadcrumb"},"inLanguage":"de","potentialAction":[{"@type":"ReadAction","target":["https:\/\/grontkontor.dk\/de\/shop\/dame-t-shirt-i-oekologisk-bomuld-natur\/"]}]},{"@type":"BreadcrumbList","@id":"https:\/\/grontkontor.dk\/de\/shop\/dame-t-shirt-i-oekologisk-bomuld-natur\/#breadcrumb","itemListElement":[{"@type":"ListItem","position":1,"name":"Forside","item":"https:\/\/grontkontor.dk\/de\/"},{"@type":"ListItem","position":2,"name":"Laden","item":"https:\/\/grontkontor.dk\/de\/laden\/"},{"@type":"ListItem","position":3,"name":"Kleidung","item":"https:\/\/grontkontor.dk\/de\/produkt-kategori\/kleidung\/"},{"@type":"ListItem","position":4,"name":"T-Shirts, Sweatshirts und Poloshirts","item":"https:\/\/grontkontor.dk\/de\/produkt-kategori\/kleidung\/t-shirts-sweatshirts-und-poloshirts\/"},{"@type":"ListItem","position":5,"name":"Damen T-Shirt aus Bio-Baumwolle natur"}]},{"@type":"WebSite","@id":"https:\/\/grontkontor.dk\/#website","url":"https:\/\/grontkontor.dk\/","name":"Gr\u00f8nt Kontor","description":"Milj\u00f8venlige produkter til kontor og erhverv med fokus p\u00e5 b\u00e6redygtighed, design og fair trade.","publisher":{"@id":"https:\/\/grontkontor.dk\/#organization"},"potentialAction":[{"@type":"SearchAction","target":{"@type":"EntryPoint","urlTemplate":"https:\/\/grontkontor.dk\/?s={search_term_string}"},"query-input":"required name=search_term_string"}],"inLanguage":"de"},{"@type":"Organization","@id":"https:\/\/grontkontor.dk\/#organization","name":"Gr\u00f8nt Kontor","url":"https:\/\/grontkontor.dk\/","logo":{"@type":"ImageObject","inLanguage":"de","@id":"https:\/\/grontkontor.dk\/#\/schema\/logo\/image\/","url":"https:\/\/grontkontor.dk\/wp-content\/uploads\/2014\/02\/Logo_groent_kontor_300x80.png","contentUrl":"https:\/\/grontkontor.dk\/wp-content\/uploads\/2014\/02\/Logo_groent_kontor_300x80.png","width":300,"height":80,"caption":"Gr\u00f8nt Kontor"},"image":{"@id":"https:\/\/grontkontor.dk\/#\/schema\/logo\/image\/"},"sameAs":["https:\/\/www.facebook.com\/grontkontor.dk\/"]}]}},"_links":{"self":[{"href":"https:\/\/grontkontor.dk\/de\/wp-json\/wp\/v2\/product\/124463"}],"collection":[{"href":"https:\/\/grontkontor.dk\/de\/wp-json\/wp\/v2\/product"}],"about":[{"href":"https:\/\/grontkontor.dk\/de\/wp-json\/wp\/v2\/types\/product"}],"replies":[{"embeddable":true,"href":"https:\/\/grontkontor.dk\/de\/wp-json\/wp\/v2\/comments?post=124463"}],"wp:featuredmedia":[{"embeddable":true,"href":"https:\/\/grontkontor.dk\/de\/wp-json\/wp\/v2\/media\/113208"}],"wp:attachment":[{"href":"https:\/\/grontkontor.dk\/de\/wp-json\/wp\/v2\/media?parent=124463"}],"wp:term":[{"taxonomy":"product_cat","embeddable":true,"href":"https:\/\/grontkontor.dk\/de\/wp-json\/wp\/v2\/product_cat?post=124463"},{"taxonomy":"product_tag","embeddable":true,"href":"https:\/\/grontkontor.dk\/de\/wp-json\/wp\/v2\/product_tag?post=124463"}],"curies":[{"name":"wp","href":"https:\/\/api.w.org\/{rel}","templated":true}]}}