{"id":125782,"date":"2025-06-03T15:19:00","date_gmt":"2025-06-03T13:19:01","guid":{"rendered":"https:\/\/grontkontor.dk\/?post_type=product&#038;p=125782"},"modified":"2025-06-17T13:24:54","modified_gmt":"2025-06-17T11:24:54","slug":"notesblok-i-recycled-maelkekarton-m-pen","status":"publish","type":"product","link":"https:\/\/grontkontor.dk\/de\/shop\/notesblok-i-recycled-maelkekarton-m-pen\/","title":{"rendered":"Notizblock im recycelten Milchkarton mit Kugelschreiber"},"content":{"rendered":"<p>Notizblock mit 80 linierten Seiten. Hardcover und inklusive Kugelschreiber aus recycelten Milchkartons.  Ein klimafreundliches, robustes, leichtes Notebook. Ein exklusives und einzigartiges Produkt, das sich gut f\u00fcr Messen, Konferenzen, Veranstaltungen, als Firmengeschenk oder Werbegeschenk eignet.  &nbsp;<\/p>\n<p>&nbsp;<\/p>\n<img loading=\"lazy\" decoding=\"async\" src=\"https:\/\/grontkontor.dk\/wp-content\/uploads\/2021\/02\/genbrug.jpg\" alt=\"Fremstillet af genbrugsmaterialer\" width=\"50\" height=\"50\" class=\"size-full wp-image-23031\" srcset=\"https:\/\/grontkontor.dk\/wp-content\/uploads\/2021\/02\/genbrug.jpg 199w, https:\/\/grontkontor.dk\/wp-content\/uploads\/2021\/02\/genbrug-100x100.jpg 100w\" sizes=\"(max-width: 50px) 100vw, 50px\" \/>\n","protected":false},"excerpt":{"rendered":"<p>Notizblock mit 80 linierten Seiten. Hardcover und inklusive Kugelschreiber aus recycelten Milchkartons. Ein klimafreundliches, robustes, leichtes Notebook. Ein exklusives und einzigartiges Produkt, das sich gut f\u00fcr Messen, Konferenzen, Veranstaltungen, als Firmengeschenk oder Werbegeschenk eignet. &nbsp; &nbsp;<\/p>\n","protected":false},"featured_media":125787,"comment_status":"closed","ping_status":"closed","template":"","meta":{"_acf_changed":false},"product_cat":[3325,3321,3084,3606,3604],"product_tag":[3729,3608],"class_list":{"0":"post-125782","1":"product","2":"type-product","3":"status-publish","4":"has-post-thumbnail","6":"product_cat-dummy-moq-1-de","7":"product_cat-klimafreundliche-werbegeschenke","8":"product_cat-neuheiten","9":"product_cat-notizbuecher","10":"product_cat-papier-und-bloecke","11":"product_tag-notizblock","12":"product_tag-notizbuch","13":"tm-has-options","15":"first","16":"instock","17":"taxable","18":"shipping-taxable","19":"purchasable","20":"product-type-simple"},"acf":[],"yoast_head":"<!-- This site is optimized with the Yoast SEO Premium plugin v21.2 (Yoast SEO v21.2) - https:\/\/yoast.com\/wordpress\/plugins\/seo\/ -->\n<title>Notizblock im recycelten Milchkarton mit Kugelschreiber - Gr\u00f8nt Kontor<\/title>\n<meta name=\"robots\" content=\"index, follow, max-snippet:-1, max-image-preview:large, max-video-preview:-1\" \/>\n<link rel=\"canonical\" href=\"https:\/\/grontkontor.dk\/de\/shop\/notesblok-i-recycled-maelkekarton-m-pen\/\" \/>\n<meta property=\"og:locale\" content=\"de_DE\" \/>\n<meta property=\"og:type\" content=\"article\" \/>\n<meta property=\"og:title\" content=\"Notizblock im recycelten Milchkarton mit Kugelschreiber\" \/>\n<meta property=\"og:description\" content=\"Notizblock mit 80 linierten Seiten. Hardcover und inklusive Kugelschreiber aus recycelten Milchkartons. Ein klimafreundliches, robustes, leichtes Notebook. Ein exklusives und einzigartiges Produkt, das sich gut f\u00fcr Messen, Konferenzen, Veranstaltungen, als Firmengeschenk oder Werbegeschenk eignet. &nbsp; &nbsp;\" \/>\n<meta property=\"og:url\" content=\"https:\/\/grontkontor.dk\/de\/shop\/notesblok-i-recycled-maelkekarton-m-pen\/\" \/>\n<meta property=\"og:site_name\" content=\"Gr\u00f8nt Kontor\" \/>\n<meta property=\"article:publisher\" content=\"https:\/\/www.facebook.com\/grontkontor.dk\/\" \/>\n<meta property=\"article:modified_time\" content=\"2025-06-17T11:24:54+00:00\" \/>\n<meta property=\"og:image\" content=\"https:\/\/grontkontor.dk\/wp-content\/uploads\/2023\/09\/klimavenlig-notesbog-med-holder-2.jpg\" \/>\n\t<meta property=\"og:image:width\" content=\"900\" \/>\n\t<meta property=\"og:image:height\" content=\"639\" \/>\n\t<meta property=\"og:image:type\" content=\"image\/jpeg\" \/>\n<meta name=\"twitter:card\" content=\"summary_large_image\" \/>\n<script type=\"application\/ld+json\" class=\"yoast-schema-graph\">{\"@context\":\"https:\/\/schema.org\",\"@graph\":[{\"@type\":\"WebPage\",\"@id\":\"https:\/\/grontkontor.dk\/de\/shop\/notesblok-i-recycled-maelkekarton-m-pen\/\",\"url\":\"https:\/\/grontkontor.dk\/de\/shop\/notesblok-i-recycled-maelkekarton-m-pen\/\",\"name\":\"Notizblock im recycelten Milchkarton mit Kugelschreiber - Gr\u00f8nt Kontor\",\"isPartOf\":{\"@id\":\"https:\/\/grontkontor.dk\/#website\"},\"datePublished\":\"2025-06-03T13:19:01+00:00\",\"dateModified\":\"2025-06-17T11:24:54+00:00\",\"breadcrumb\":{\"@id\":\"https:\/\/grontkontor.dk\/de\/shop\/notesblok-i-recycled-maelkekarton-m-pen\/#breadcrumb\"},\"inLanguage\":\"de\",\"potentialAction\":[{\"@type\":\"ReadAction\",\"target\":[\"https:\/\/grontkontor.dk\/de\/shop\/notesblok-i-recycled-maelkekarton-m-pen\/\"]}]},{\"@type\":\"BreadcrumbList\",\"@id\":\"https:\/\/grontkontor.dk\/de\/shop\/notesblok-i-recycled-maelkekarton-m-pen\/#breadcrumb\",\"itemListElement\":[{\"@type\":\"ListItem\",\"position\":1,\"name\":\"Forside\",\"item\":\"https:\/\/grontkontor.dk\/de\/\"},{\"@type\":\"ListItem\",\"position\":2,\"name\":\"Laden\",\"item\":\"https:\/\/grontkontor.dk\/de\/laden\/\"},{\"@type\":\"ListItem\",\"position\":3,\"name\":\"Papir og blokke\",\"item\":\"https:\/\/grontkontor.dk\/produkt-kategori\/papir\/\"},{\"@type\":\"ListItem\",\"position\":4,\"name\":\"Notesb\u00f8ger\",\"item\":\"https:\/\/grontkontor.dk\/produkt-kategori\/papir\/notesboeger\/\"},{\"@type\":\"ListItem\",\"position\":5,\"name\":\"Notizblock im recycelten Milchkarton mit Kugelschreiber\"}]},{\"@type\":\"WebSite\",\"@id\":\"https:\/\/grontkontor.dk\/#website\",\"url\":\"https:\/\/grontkontor.dk\/\",\"name\":\"Gr\u00f8nt Kontor\",\"description\":\"Milj\u00f8venlige produkter til kontor og erhverv med fokus p\u00e5 b\u00e6redygtighed, design og fair trade.\",\"publisher\":{\"@id\":\"https:\/\/grontkontor.dk\/#organization\"},\"potentialAction\":[{\"@type\":\"SearchAction\",\"target\":{\"@type\":\"EntryPoint\",\"urlTemplate\":\"https:\/\/grontkontor.dk\/?s={search_term_string}\"},\"query-input\":\"required name=search_term_string\"}],\"inLanguage\":\"de\"},{\"@type\":\"Organization\",\"@id\":\"https:\/\/grontkontor.dk\/#organization\",\"name\":\"Gr\u00f8nt Kontor\",\"url\":\"https:\/\/grontkontor.dk\/\",\"logo\":{\"@type\":\"ImageObject\",\"inLanguage\":\"de\",\"@id\":\"https:\/\/grontkontor.dk\/#\/schema\/logo\/image\/\",\"url\":\"https:\/\/grontkontor.dk\/wp-content\/uploads\/2014\/02\/Logo_groent_kontor_300x80.png\",\"contentUrl\":\"https:\/\/grontkontor.dk\/wp-content\/uploads\/2014\/02\/Logo_groent_kontor_300x80.png\",\"width\":300,\"height\":80,\"caption\":\"Gr\u00f8nt Kontor\"},\"image\":{\"@id\":\"https:\/\/grontkontor.dk\/#\/schema\/logo\/image\/\"},\"sameAs\":[\"https:\/\/www.facebook.com\/grontkontor.dk\/\"]}]}<\/script>\n<!-- \/ Yoast SEO Premium plugin. -->","yoast_head_json":{"title":"Notizblock im recycelten Milchkarton mit Kugelschreiber - Gr\u00f8nt Kontor","robots":{"index":"index","follow":"follow","max-snippet":"max-snippet:-1","max-image-preview":"max-image-preview:large","max-video-preview":"max-video-preview:-1"},"canonical":"https:\/\/grontkontor.dk\/de\/shop\/notesblok-i-recycled-maelkekarton-m-pen\/","og_locale":"de_DE","og_type":"article","og_title":"Notizblock im recycelten Milchkarton mit Kugelschreiber","og_description":"Notizblock mit 80 linierten Seiten. Hardcover und inklusive Kugelschreiber aus recycelten Milchkartons. Ein klimafreundliches, robustes, leichtes Notebook. Ein exklusives und einzigartiges Produkt, das sich gut f\u00fcr Messen, Konferenzen, Veranstaltungen, als Firmengeschenk oder Werbegeschenk eignet. &nbsp; &nbsp;","og_url":"https:\/\/grontkontor.dk\/de\/shop\/notesblok-i-recycled-maelkekarton-m-pen\/","og_site_name":"Gr\u00f8nt Kontor","article_publisher":"https:\/\/www.facebook.com\/grontkontor.dk\/","article_modified_time":"2025-06-17T11:24:54+00:00","og_image":[{"width":900,"height":639,"url":"https:\/\/grontkontor.dk\/wp-content\/uploads\/2023\/09\/klimavenlig-notesbog-med-holder-2.jpg","type":"image\/jpeg"}],"twitter_card":"summary_large_image","schema":{"@context":"https:\/\/schema.org","@graph":[{"@type":"WebPage","@id":"https:\/\/grontkontor.dk\/de\/shop\/notesblok-i-recycled-maelkekarton-m-pen\/","url":"https:\/\/grontkontor.dk\/de\/shop\/notesblok-i-recycled-maelkekarton-m-pen\/","name":"Notizblock im recycelten Milchkarton mit Kugelschreiber - Gr\u00f8nt Kontor","isPartOf":{"@id":"https:\/\/grontkontor.dk\/#website"},"datePublished":"2025-06-03T13:19:01+00:00","dateModified":"2025-06-17T11:24:54+00:00","breadcrumb":{"@id":"https:\/\/grontkontor.dk\/de\/shop\/notesblok-i-recycled-maelkekarton-m-pen\/#breadcrumb"},"inLanguage":"de","potentialAction":[{"@type":"ReadAction","target":["https:\/\/grontkontor.dk\/de\/shop\/notesblok-i-recycled-maelkekarton-m-pen\/"]}]},{"@type":"BreadcrumbList","@id":"https:\/\/grontkontor.dk\/de\/shop\/notesblok-i-recycled-maelkekarton-m-pen\/#breadcrumb","itemListElement":[{"@type":"ListItem","position":1,"name":"Forside","item":"https:\/\/grontkontor.dk\/de\/"},{"@type":"ListItem","position":2,"name":"Laden","item":"https:\/\/grontkontor.dk\/de\/laden\/"},{"@type":"ListItem","position":3,"name":"Papir og blokke","item":"https:\/\/grontkontor.dk\/produkt-kategori\/papir\/"},{"@type":"ListItem","position":4,"name":"Notesb\u00f8ger","item":"https:\/\/grontkontor.dk\/produkt-kategori\/papir\/notesboeger\/"},{"@type":"ListItem","position":5,"name":"Notizblock im recycelten Milchkarton mit Kugelschreiber"}]},{"@type":"WebSite","@id":"https:\/\/grontkontor.dk\/#website","url":"https:\/\/grontkontor.dk\/","name":"Gr\u00f8nt Kontor","description":"Milj\u00f8venlige produkter til kontor og erhverv med fokus p\u00e5 b\u00e6redygtighed, design og fair trade.","publisher":{"@id":"https:\/\/grontkontor.dk\/#organization"},"potentialAction":[{"@type":"SearchAction","target":{"@type":"EntryPoint","urlTemplate":"https:\/\/grontkontor.dk\/?s={search_term_string}"},"query-input":"required name=search_term_string"}],"inLanguage":"de"},{"@type":"Organization","@id":"https:\/\/grontkontor.dk\/#organization","name":"Gr\u00f8nt Kontor","url":"https:\/\/grontkontor.dk\/","logo":{"@type":"ImageObject","inLanguage":"de","@id":"https:\/\/grontkontor.dk\/#\/schema\/logo\/image\/","url":"https:\/\/grontkontor.dk\/wp-content\/uploads\/2014\/02\/Logo_groent_kontor_300x80.png","contentUrl":"https:\/\/grontkontor.dk\/wp-content\/uploads\/2014\/02\/Logo_groent_kontor_300x80.png","width":300,"height":80,"caption":"Gr\u00f8nt Kontor"},"image":{"@id":"https:\/\/grontkontor.dk\/#\/schema\/logo\/image\/"},"sameAs":["https:\/\/www.facebook.com\/grontkontor.dk\/"]}]}},"_links":{"self":[{"href":"https:\/\/grontkontor.dk\/de\/wp-json\/wp\/v2\/product\/125782"}],"collection":[{"href":"https:\/\/grontkontor.dk\/de\/wp-json\/wp\/v2\/product"}],"about":[{"href":"https:\/\/grontkontor.dk\/de\/wp-json\/wp\/v2\/types\/product"}],"replies":[{"embeddable":true,"href":"https:\/\/grontkontor.dk\/de\/wp-json\/wp\/v2\/comments?post=125782"}],"wp:featuredmedia":[{"embeddable":true,"href":"https:\/\/grontkontor.dk\/de\/wp-json\/wp\/v2\/media\/125787"}],"wp:attachment":[{"href":"https:\/\/grontkontor.dk\/de\/wp-json\/wp\/v2\/media?parent=125782"}],"wp:term":[{"taxonomy":"product_cat","embeddable":true,"href":"https:\/\/grontkontor.dk\/de\/wp-json\/wp\/v2\/product_cat?post=125782"},{"taxonomy":"product_tag","embeddable":true,"href":"https:\/\/grontkontor.dk\/de\/wp-json\/wp\/v2\/product_tag?post=125782"}],"curies":[{"name":"wp","href":"https:\/\/api.w.org\/{rel}","templated":true}]}}