{"id":126127,"date":"2025-06-17T09:15:58","date_gmt":"2025-06-17T07:15:59","guid":{"rendered":"https:\/\/grontkontor.dk\/?post_type=product&#038;p=126127"},"modified":"2025-08-14T14:49:52","modified_gmt":"2025-08-14T12:49:52","slug":"magnetisk-bogmaerke-genanvendt-papir","status":"publish","type":"product","link":"https:\/\/grontkontor.dk\/de\/shop\/magnetisk-bogmaerke-genanvendt-papir\/","title":{"rendered":"Magnetisches Lesezeichen Recyclingpapier"},"content":{"rendered":"<p>Machen Sie das Lesen nachhaltiger mit unserem umweltfreundlichen Lesemagneten \u2013 hergestellt aus recyceltem Papier. Dieses Lesezeichen verbindet Funktionalit\u00e4t mit Schonung der Umwelt und ist die perfekte Wahl f\u00fcr Studenten, Leser und alle, die gr\u00fcne Alternativen zu sch\u00e4tzen wissen. Das magnetische Design sorgt daf\u00fcr, dass das Lesezeichen genau dort bleibt, wo Sie es verlassen haben \u2013 ohne die Seiten zu besch\u00e4digen oder herauszurutschen. Die beiden kleinen Magnete halten sich an der Seite fest und eignen sich daher sowohl f\u00fcr gro\u00dfe Romane als auch f\u00fcr kleine Notizb\u00fccher.   <\/p>\n<p>Vorteile: Hergestellt aus recyceltem Papier \u2013 gut f\u00fcr die Umwelt <br \/>Schlank und leicht \u2013 passt perfekt in jedes Buch <br \/>Magnetverschluss &#8211; sicher befestigt &#8211; Kann immer wieder verwendet werden<\/p>\n<p>Ein magnetisches Lesezeichen aus Recyclingpapier ist mehr als nur ein praktischer Leseassistent \u2013 es ist ein kleiner Schritt in Richtung eines gr\u00fcneren Alltags. Perfekt als Geschenk, Firmengeschenk oder als Teil eines klimafreundlichen B\u00fcro- oder Schulpakets.  Kann mit Logodruck geliefert werden.<\/p>\n<p>[papir] &nbsp;<\/p>\n<p>&nbsp;<\/p>\n<img loading=\"lazy\" decoding=\"async\" src=\"https:\/\/grontkontor.dk\/wp-content\/uploads\/2021\/02\/genbrug.jpg\" alt=\"Fremstillet af genbrugsmaterialer\" width=\"50\" height=\"50\" class=\"size-full wp-image-23031\" srcset=\"https:\/\/grontkontor.dk\/wp-content\/uploads\/2021\/02\/genbrug.jpg 199w, https:\/\/grontkontor.dk\/wp-content\/uploads\/2021\/02\/genbrug-100x100.jpg 100w\" sizes=\"(max-width: 50px) 100vw, 50px\" \/>\n","protected":false},"excerpt":{"rendered":"<p>Machen Sie das Lesen nachhaltiger mit unserem umweltfreundlichen Lesemagneten \u2013 hergestellt aus recyceltem Papier. Dieses Lesezeichen verbindet Funktionalit\u00e4t mit Schonung der Umwelt und ist die perfekte Wahl f\u00fcr Studenten, Leser und alle, die gr\u00fcne Alternativen zu sch\u00e4tzen wissen. Das magnetische Design sorgt daf\u00fcr, dass das Lesezeichen genau dort bleibt, wo Sie es verlassen haben \u2013 [&hellip;]<\/p>\n","protected":false},"featured_media":102911,"comment_status":"closed","ping_status":"closed","template":"","meta":{"_acf_changed":false},"product_cat":[3325,3084,3728,3604],"product_tag":[4735,4734],"class_list":{"0":"post-126127","1":"product","2":"type-product","3":"status-publish","4":"has-post-thumbnail","6":"product_cat-dummy-moq-1-de","7":"product_cat-neuheiten","8":"product_cat-notizbloecke","9":"product_cat-papier-und-bloecke","10":"product_tag-lesezeichen-de","11":"product_tag-lesezeichen","12":"tm-has-options","14":"first","15":"instock","16":"taxable","17":"shipping-taxable","18":"purchasable","19":"product-type-simple"},"acf":[],"yoast_head":"<!-- This site is optimized with the Yoast SEO Premium plugin v21.2 (Yoast SEO v21.2) - https:\/\/yoast.com\/wordpress\/plugins\/seo\/ -->\n<title>Magnetisches Lesezeichen Recyclingpapier - Gr\u00f8nt Kontor<\/title>\n<meta name=\"robots\" content=\"index, follow, max-snippet:-1, max-image-preview:large, max-video-preview:-1\" \/>\n<link rel=\"canonical\" href=\"https:\/\/grontkontor.dk\/de\/shop\/magnetisk-bogmaerke-genanvendt-papir\/\" \/>\n<meta property=\"og:locale\" content=\"de_DE\" \/>\n<meta property=\"og:type\" content=\"article\" \/>\n<meta property=\"og:title\" content=\"Magnetisches Lesezeichen Recyclingpapier\" \/>\n<meta property=\"og:description\" content=\"Machen Sie das Lesen nachhaltiger mit unserem umweltfreundlichen Lesemagneten \u2013 hergestellt aus recyceltem Papier. Dieses Lesezeichen verbindet Funktionalit\u00e4t mit Schonung der Umwelt und ist die perfekte Wahl f\u00fcr Studenten, Leser und alle, die gr\u00fcne Alternativen zu sch\u00e4tzen wissen. Das magnetische Design sorgt daf\u00fcr, dass das Lesezeichen genau dort bleibt, wo Sie es verlassen haben \u2013 [&hellip;]\" \/>\n<meta property=\"og:url\" content=\"https:\/\/grontkontor.dk\/de\/shop\/magnetisk-bogmaerke-genanvendt-papir\/\" \/>\n<meta property=\"og:site_name\" content=\"Gr\u00f8nt Kontor\" \/>\n<meta property=\"article:publisher\" content=\"https:\/\/www.facebook.com\/grontkontor.dk\/\" \/>\n<meta property=\"article:modified_time\" content=\"2025-08-14T12:49:52+00:00\" \/>\n<meta property=\"og:image\" content=\"https:\/\/grontkontor.dk\/wp-content\/uploads\/2024\/06\/Klimavenligt-bogmaerke-i-froepapir-med-sticky-notes.jpg\" \/>\n\t<meta property=\"og:image:width\" content=\"900\" \/>\n\t<meta property=\"og:image:height\" content=\"639\" \/>\n\t<meta property=\"og:image:type\" content=\"image\/jpeg\" \/>\n<meta name=\"twitter:card\" content=\"summary_large_image\" \/>\n<meta name=\"twitter:label1\" content=\"Gesch\u00e4tzte Lesezeit\" \/>\n\t<meta name=\"twitter:data1\" content=\"1\u00a0Minute\" \/>\n<script type=\"application\/ld+json\" class=\"yoast-schema-graph\">{\"@context\":\"https:\/\/schema.org\",\"@graph\":[{\"@type\":\"WebPage\",\"@id\":\"https:\/\/grontkontor.dk\/de\/shop\/magnetisk-bogmaerke-genanvendt-papir\/\",\"url\":\"https:\/\/grontkontor.dk\/de\/shop\/magnetisk-bogmaerke-genanvendt-papir\/\",\"name\":\"Magnetisches Lesezeichen Recyclingpapier - Gr\u00f8nt Kontor\",\"isPartOf\":{\"@id\":\"https:\/\/grontkontor.dk\/#website\"},\"datePublished\":\"2025-06-17T07:15:59+00:00\",\"dateModified\":\"2025-08-14T12:49:52+00:00\",\"breadcrumb\":{\"@id\":\"https:\/\/grontkontor.dk\/de\/shop\/magnetisk-bogmaerke-genanvendt-papir\/#breadcrumb\"},\"inLanguage\":\"de\",\"potentialAction\":[{\"@type\":\"ReadAction\",\"target\":[\"https:\/\/grontkontor.dk\/de\/shop\/magnetisk-bogmaerke-genanvendt-papir\/\"]}]},{\"@type\":\"BreadcrumbList\",\"@id\":\"https:\/\/grontkontor.dk\/de\/shop\/magnetisk-bogmaerke-genanvendt-papir\/#breadcrumb\",\"itemListElement\":[{\"@type\":\"ListItem\",\"position\":1,\"name\":\"Forside\",\"item\":\"https:\/\/grontkontor.dk\/de\/\"},{\"@type\":\"ListItem\",\"position\":2,\"name\":\"Laden\",\"item\":\"https:\/\/grontkontor.dk\/de\/laden\/\"},{\"@type\":\"ListItem\",\"position\":3,\"name\":\"Papir og blokke\",\"item\":\"https:\/\/grontkontor.dk\/produkt-kategori\/papir\/\"},{\"@type\":\"ListItem\",\"position\":4,\"name\":\"Memoblokke\",\"item\":\"https:\/\/grontkontor.dk\/produkt-kategori\/papir\/memoblokke\/\"},{\"@type\":\"ListItem\",\"position\":5,\"name\":\"Magnetisches Lesezeichen Recyclingpapier\"}]},{\"@type\":\"WebSite\",\"@id\":\"https:\/\/grontkontor.dk\/#website\",\"url\":\"https:\/\/grontkontor.dk\/\",\"name\":\"Gr\u00f8nt Kontor\",\"description\":\"Milj\u00f8venlige produkter til kontor og erhverv med fokus p\u00e5 b\u00e6redygtighed, design og fair trade.\",\"publisher\":{\"@id\":\"https:\/\/grontkontor.dk\/#organization\"},\"potentialAction\":[{\"@type\":\"SearchAction\",\"target\":{\"@type\":\"EntryPoint\",\"urlTemplate\":\"https:\/\/grontkontor.dk\/?s={search_term_string}\"},\"query-input\":\"required name=search_term_string\"}],\"inLanguage\":\"de\"},{\"@type\":\"Organization\",\"@id\":\"https:\/\/grontkontor.dk\/#organization\",\"name\":\"Gr\u00f8nt Kontor\",\"url\":\"https:\/\/grontkontor.dk\/\",\"logo\":{\"@type\":\"ImageObject\",\"inLanguage\":\"de\",\"@id\":\"https:\/\/grontkontor.dk\/#\/schema\/logo\/image\/\",\"url\":\"https:\/\/grontkontor.dk\/wp-content\/uploads\/2014\/02\/Logo_groent_kontor_300x80.png\",\"contentUrl\":\"https:\/\/grontkontor.dk\/wp-content\/uploads\/2014\/02\/Logo_groent_kontor_300x80.png\",\"width\":300,\"height\":80,\"caption\":\"Gr\u00f8nt Kontor\"},\"image\":{\"@id\":\"https:\/\/grontkontor.dk\/#\/schema\/logo\/image\/\"},\"sameAs\":[\"https:\/\/www.facebook.com\/grontkontor.dk\/\"]}]}<\/script>\n<!-- \/ Yoast SEO Premium plugin. -->","yoast_head_json":{"title":"Magnetisches Lesezeichen Recyclingpapier - Gr\u00f8nt Kontor","robots":{"index":"index","follow":"follow","max-snippet":"max-snippet:-1","max-image-preview":"max-image-preview:large","max-video-preview":"max-video-preview:-1"},"canonical":"https:\/\/grontkontor.dk\/de\/shop\/magnetisk-bogmaerke-genanvendt-papir\/","og_locale":"de_DE","og_type":"article","og_title":"Magnetisches Lesezeichen Recyclingpapier","og_description":"Machen Sie das Lesen nachhaltiger mit unserem umweltfreundlichen Lesemagneten \u2013 hergestellt aus recyceltem Papier. Dieses Lesezeichen verbindet Funktionalit\u00e4t mit Schonung der Umwelt und ist die perfekte Wahl f\u00fcr Studenten, Leser und alle, die gr\u00fcne Alternativen zu sch\u00e4tzen wissen. Das magnetische Design sorgt daf\u00fcr, dass das Lesezeichen genau dort bleibt, wo Sie es verlassen haben \u2013 [&hellip;]","og_url":"https:\/\/grontkontor.dk\/de\/shop\/magnetisk-bogmaerke-genanvendt-papir\/","og_site_name":"Gr\u00f8nt Kontor","article_publisher":"https:\/\/www.facebook.com\/grontkontor.dk\/","article_modified_time":"2025-08-14T12:49:52+00:00","og_image":[{"width":900,"height":639,"url":"https:\/\/grontkontor.dk\/wp-content\/uploads\/2024\/06\/Klimavenligt-bogmaerke-i-froepapir-med-sticky-notes.jpg","type":"image\/jpeg"}],"twitter_card":"summary_large_image","twitter_misc":{"Gesch\u00e4tzte Lesezeit":"1\u00a0Minute"},"schema":{"@context":"https:\/\/schema.org","@graph":[{"@type":"WebPage","@id":"https:\/\/grontkontor.dk\/de\/shop\/magnetisk-bogmaerke-genanvendt-papir\/","url":"https:\/\/grontkontor.dk\/de\/shop\/magnetisk-bogmaerke-genanvendt-papir\/","name":"Magnetisches Lesezeichen Recyclingpapier - Gr\u00f8nt Kontor","isPartOf":{"@id":"https:\/\/grontkontor.dk\/#website"},"datePublished":"2025-06-17T07:15:59+00:00","dateModified":"2025-08-14T12:49:52+00:00","breadcrumb":{"@id":"https:\/\/grontkontor.dk\/de\/shop\/magnetisk-bogmaerke-genanvendt-papir\/#breadcrumb"},"inLanguage":"de","potentialAction":[{"@type":"ReadAction","target":["https:\/\/grontkontor.dk\/de\/shop\/magnetisk-bogmaerke-genanvendt-papir\/"]}]},{"@type":"BreadcrumbList","@id":"https:\/\/grontkontor.dk\/de\/shop\/magnetisk-bogmaerke-genanvendt-papir\/#breadcrumb","itemListElement":[{"@type":"ListItem","position":1,"name":"Forside","item":"https:\/\/grontkontor.dk\/de\/"},{"@type":"ListItem","position":2,"name":"Laden","item":"https:\/\/grontkontor.dk\/de\/laden\/"},{"@type":"ListItem","position":3,"name":"Papir og blokke","item":"https:\/\/grontkontor.dk\/produkt-kategori\/papir\/"},{"@type":"ListItem","position":4,"name":"Memoblokke","item":"https:\/\/grontkontor.dk\/produkt-kategori\/papir\/memoblokke\/"},{"@type":"ListItem","position":5,"name":"Magnetisches Lesezeichen Recyclingpapier"}]},{"@type":"WebSite","@id":"https:\/\/grontkontor.dk\/#website","url":"https:\/\/grontkontor.dk\/","name":"Gr\u00f8nt Kontor","description":"Milj\u00f8venlige produkter til kontor og erhverv med fokus p\u00e5 b\u00e6redygtighed, design og fair trade.","publisher":{"@id":"https:\/\/grontkontor.dk\/#organization"},"potentialAction":[{"@type":"SearchAction","target":{"@type":"EntryPoint","urlTemplate":"https:\/\/grontkontor.dk\/?s={search_term_string}"},"query-input":"required name=search_term_string"}],"inLanguage":"de"},{"@type":"Organization","@id":"https:\/\/grontkontor.dk\/#organization","name":"Gr\u00f8nt Kontor","url":"https:\/\/grontkontor.dk\/","logo":{"@type":"ImageObject","inLanguage":"de","@id":"https:\/\/grontkontor.dk\/#\/schema\/logo\/image\/","url":"https:\/\/grontkontor.dk\/wp-content\/uploads\/2014\/02\/Logo_groent_kontor_300x80.png","contentUrl":"https:\/\/grontkontor.dk\/wp-content\/uploads\/2014\/02\/Logo_groent_kontor_300x80.png","width":300,"height":80,"caption":"Gr\u00f8nt Kontor"},"image":{"@id":"https:\/\/grontkontor.dk\/#\/schema\/logo\/image\/"},"sameAs":["https:\/\/www.facebook.com\/grontkontor.dk\/"]}]}},"_links":{"self":[{"href":"https:\/\/grontkontor.dk\/de\/wp-json\/wp\/v2\/product\/126127"}],"collection":[{"href":"https:\/\/grontkontor.dk\/de\/wp-json\/wp\/v2\/product"}],"about":[{"href":"https:\/\/grontkontor.dk\/de\/wp-json\/wp\/v2\/types\/product"}],"replies":[{"embeddable":true,"href":"https:\/\/grontkontor.dk\/de\/wp-json\/wp\/v2\/comments?post=126127"}],"wp:featuredmedia":[{"embeddable":true,"href":"https:\/\/grontkontor.dk\/de\/wp-json\/wp\/v2\/media\/102911"}],"wp:attachment":[{"href":"https:\/\/grontkontor.dk\/de\/wp-json\/wp\/v2\/media?parent=126127"}],"wp:term":[{"taxonomy":"product_cat","embeddable":true,"href":"https:\/\/grontkontor.dk\/de\/wp-json\/wp\/v2\/product_cat?post=126127"},{"taxonomy":"product_tag","embeddable":true,"href":"https:\/\/grontkontor.dk\/de\/wp-json\/wp\/v2\/product_tag?post=126127"}],"curies":[{"name":"wp","href":"https:\/\/api.w.org\/{rel}","templated":true}]}}