{"id":126270,"date":"2025-06-18T10:25:01","date_gmt":"2025-06-18T08:25:02","guid":{"rendered":"https:\/\/grontkontor.dk\/?post_type=product&#038;p=126270"},"modified":"2025-08-14T14:49:44","modified_gmt":"2025-08-14T12:49:44","slug":"opladersaet-i-bambus-og-hvedefibre","status":"publish","type":"product","link":"https:\/\/grontkontor.dk\/de\/shop\/opladersaet-i-bambus-og-hvedefibre\/","title":{"rendered":"Ladeset aus Bambus und Weizenfasern"},"content":{"rendered":"<p>Machen Sie das Aufladen sowohl intelligent als auch umweltfreundlich mit diesem kompletten Ladekabel-Set aus Weizenstroh und einem schlanken, polierten Bambusgeh\u00e4use. Perfekt f\u00fcr alle, die eine klimafreundliche L\u00f6sung suchen, ohne Kompromisse bei der Funktionalit\u00e4t einzugehen. Das Kit enth\u00e4lt ein praktisches Kabel mit Daten\u00fcbertragung und drei Anschlusstypen: Micro-USB, USB-C und Lightning \u2013 damit Sie die meisten Ger\u00e4te, einschlie\u00dflich iPhones, Android-Telefone und Tablets, aufladen und synchronisieren k\u00f6nnen. Unterst\u00fctzt 5V DC 3A. Hergestellt aus nat\u00fcrlichen pflanzlichen Materialien wie Weizenstroh und Bambus, um die Umweltbelastung zu reduzieren und die Nutzung erneuerbarer Ressourcen zu f\u00f6rdern. Der mitgelieferte Tragegriff und die strapazierf\u00e4hige Geschenkbox aus recyceltem Karton machen dieses Set ideal als Firmengeschenk oder f\u00fcr den t\u00e4glichen Gebrauch. Spezifikationen: Material: Weizenstroh und Bambus Anschl\u00fcsse: Micro USB, USB-C und Lightning Unterst\u00fctzt die Daten\u00fcbertragung Ausgang: 5V DC 3A Kommt in einer Power-Design-Geschenkbox      <\/p>\n<p>[bambus_s]<\/p>\n","protected":false},"excerpt":{"rendered":"<p>Machen Sie das Aufladen sowohl intelligent als auch umweltfreundlich mit diesem kompletten Ladekabel-Set aus Weizenstroh und einem schlanken, polierten Bambusgeh\u00e4use. Perfekt f\u00fcr alle, die eine klimafreundliche L\u00f6sung suchen, ohne Kompromisse bei der Funktionalit\u00e4t einzugehen. Das Kit enth\u00e4lt ein praktisches Kabel mit Daten\u00fcbertragung und drei Anschlusstypen: Micro-USB, USB-C und Lightning \u2013 damit Sie die meisten Ger\u00e4te, [&hellip;]<\/p>\n","protected":false},"featured_media":126275,"comment_status":"closed","ping_status":"closed","template":"","meta":{"_acf_changed":false},"product_cat":[3334,3325,3331,4397,3084,3323],"product_tag":[3484],"class_list":{"0":"post-126270","1":"product","2":"type-product","3":"status-publish","4":"has-post-thumbnail","6":"product_cat-bambus-de","7":"product_cat-dummy-moq-1-de","8":"product_cat-elektronik-gadgets","9":"product_cat-elektronik-gadgets-de","10":"product_cat-neuheiten","11":"product_cat-produktserien","12":"product_tag-powerbank-de","13":"tm-has-options","15":"first","16":"instock","17":"taxable","18":"shipping-taxable","19":"purchasable","20":"product-type-simple"},"acf":[],"yoast_head":"<!-- This site is optimized with the Yoast SEO Premium plugin v21.2 (Yoast SEO v21.2) - https:\/\/yoast.com\/wordpress\/plugins\/seo\/ -->\n<title>Ladeset aus Bambus und Weizenfasern - Gr\u00f8nt Kontor<\/title>\n<meta name=\"robots\" content=\"index, follow, max-snippet:-1, max-image-preview:large, max-video-preview:-1\" \/>\n<link rel=\"canonical\" href=\"https:\/\/grontkontor.dk\/de\/shop\/opladersaet-i-bambus-og-hvedefibre\/\" \/>\n<meta property=\"og:locale\" content=\"de_DE\" \/>\n<meta property=\"og:type\" content=\"article\" \/>\n<meta property=\"og:title\" content=\"Ladeset aus Bambus und Weizenfasern\" \/>\n<meta property=\"og:description\" content=\"Machen Sie das Aufladen sowohl intelligent als auch umweltfreundlich mit diesem kompletten Ladekabel-Set aus Weizenstroh und einem schlanken, polierten Bambusgeh\u00e4use. Perfekt f\u00fcr alle, die eine klimafreundliche L\u00f6sung suchen, ohne Kompromisse bei der Funktionalit\u00e4t einzugehen. Das Kit enth\u00e4lt ein praktisches Kabel mit Daten\u00fcbertragung und drei Anschlusstypen: Micro-USB, USB-C und Lightning \u2013 damit Sie die meisten Ger\u00e4te, [&hellip;]\" \/>\n<meta property=\"og:url\" content=\"https:\/\/grontkontor.dk\/de\/shop\/opladersaet-i-bambus-og-hvedefibre\/\" \/>\n<meta property=\"og:site_name\" content=\"Gr\u00f8nt Kontor\" \/>\n<meta property=\"article:publisher\" content=\"https:\/\/www.facebook.com\/grontkontor.dk\/\" \/>\n<meta property=\"article:modified_time\" content=\"2025-08-14T12:49:44+00:00\" \/>\n<meta property=\"og:image\" content=\"https:\/\/grontkontor.dk\/wp-content\/uploads\/2025\/06\/Klimavenligt-opladersaet-i-bambus.jpg\" \/>\n\t<meta property=\"og:image:width\" content=\"900\" \/>\n\t<meta property=\"og:image:height\" content=\"639\" \/>\n\t<meta property=\"og:image:type\" content=\"image\/jpeg\" \/>\n<meta name=\"twitter:card\" content=\"summary_large_image\" \/>\n<meta name=\"twitter:label1\" content=\"Gesch\u00e4tzte Lesezeit\" \/>\n\t<meta name=\"twitter:data1\" content=\"1\u00a0Minute\" \/>\n<script type=\"application\/ld+json\" class=\"yoast-schema-graph\">{\"@context\":\"https:\/\/schema.org\",\"@graph\":[{\"@type\":\"WebPage\",\"@id\":\"https:\/\/grontkontor.dk\/de\/shop\/opladersaet-i-bambus-og-hvedefibre\/\",\"url\":\"https:\/\/grontkontor.dk\/de\/shop\/opladersaet-i-bambus-og-hvedefibre\/\",\"name\":\"Ladeset aus Bambus und Weizenfasern - Gr\u00f8nt Kontor\",\"isPartOf\":{\"@id\":\"https:\/\/grontkontor.dk\/#website\"},\"datePublished\":\"2025-06-18T08:25:02+00:00\",\"dateModified\":\"2025-08-14T12:49:44+00:00\",\"breadcrumb\":{\"@id\":\"https:\/\/grontkontor.dk\/de\/shop\/opladersaet-i-bambus-og-hvedefibre\/#breadcrumb\"},\"inLanguage\":\"de\",\"potentialAction\":[{\"@type\":\"ReadAction\",\"target\":[\"https:\/\/grontkontor.dk\/de\/shop\/opladersaet-i-bambus-og-hvedefibre\/\"]}]},{\"@type\":\"BreadcrumbList\",\"@id\":\"https:\/\/grontkontor.dk\/de\/shop\/opladersaet-i-bambus-og-hvedefibre\/#breadcrumb\",\"itemListElement\":[{\"@type\":\"ListItem\",\"position\":1,\"name\":\"Forside\",\"item\":\"https:\/\/grontkontor.dk\/de\/\"},{\"@type\":\"ListItem\",\"position\":2,\"name\":\"Laden\",\"item\":\"https:\/\/grontkontor.dk\/de\/laden\/\"},{\"@type\":\"ListItem\",\"position\":3,\"name\":\"Elektronik og gadgets\",\"item\":\"https:\/\/grontkontor.dk\/produkt-kategori\/elektronik-og-gadgets\/\"},{\"@type\":\"ListItem\",\"position\":4,\"name\":\"Ladeset aus Bambus und Weizenfasern\"}]},{\"@type\":\"WebSite\",\"@id\":\"https:\/\/grontkontor.dk\/#website\",\"url\":\"https:\/\/grontkontor.dk\/\",\"name\":\"Gr\u00f8nt Kontor\",\"description\":\"Milj\u00f8venlige produkter til kontor og erhverv med fokus p\u00e5 b\u00e6redygtighed, design og fair trade.\",\"publisher\":{\"@id\":\"https:\/\/grontkontor.dk\/#organization\"},\"potentialAction\":[{\"@type\":\"SearchAction\",\"target\":{\"@type\":\"EntryPoint\",\"urlTemplate\":\"https:\/\/grontkontor.dk\/?s={search_term_string}\"},\"query-input\":\"required name=search_term_string\"}],\"inLanguage\":\"de\"},{\"@type\":\"Organization\",\"@id\":\"https:\/\/grontkontor.dk\/#organization\",\"name\":\"Gr\u00f8nt Kontor\",\"url\":\"https:\/\/grontkontor.dk\/\",\"logo\":{\"@type\":\"ImageObject\",\"inLanguage\":\"de\",\"@id\":\"https:\/\/grontkontor.dk\/#\/schema\/logo\/image\/\",\"url\":\"https:\/\/grontkontor.dk\/wp-content\/uploads\/2014\/02\/Logo_groent_kontor_300x80.png\",\"contentUrl\":\"https:\/\/grontkontor.dk\/wp-content\/uploads\/2014\/02\/Logo_groent_kontor_300x80.png\",\"width\":300,\"height\":80,\"caption\":\"Gr\u00f8nt Kontor\"},\"image\":{\"@id\":\"https:\/\/grontkontor.dk\/#\/schema\/logo\/image\/\"},\"sameAs\":[\"https:\/\/www.facebook.com\/grontkontor.dk\/\"]}]}<\/script>\n<!-- \/ Yoast SEO Premium plugin. -->","yoast_head_json":{"title":"Ladeset aus Bambus und Weizenfasern - Gr\u00f8nt Kontor","robots":{"index":"index","follow":"follow","max-snippet":"max-snippet:-1","max-image-preview":"max-image-preview:large","max-video-preview":"max-video-preview:-1"},"canonical":"https:\/\/grontkontor.dk\/de\/shop\/opladersaet-i-bambus-og-hvedefibre\/","og_locale":"de_DE","og_type":"article","og_title":"Ladeset aus Bambus und Weizenfasern","og_description":"Machen Sie das Aufladen sowohl intelligent als auch umweltfreundlich mit diesem kompletten Ladekabel-Set aus Weizenstroh und einem schlanken, polierten Bambusgeh\u00e4use. Perfekt f\u00fcr alle, die eine klimafreundliche L\u00f6sung suchen, ohne Kompromisse bei der Funktionalit\u00e4t einzugehen. Das Kit enth\u00e4lt ein praktisches Kabel mit Daten\u00fcbertragung und drei Anschlusstypen: Micro-USB, USB-C und Lightning \u2013 damit Sie die meisten Ger\u00e4te, [&hellip;]","og_url":"https:\/\/grontkontor.dk\/de\/shop\/opladersaet-i-bambus-og-hvedefibre\/","og_site_name":"Gr\u00f8nt Kontor","article_publisher":"https:\/\/www.facebook.com\/grontkontor.dk\/","article_modified_time":"2025-08-14T12:49:44+00:00","og_image":[{"width":900,"height":639,"url":"https:\/\/grontkontor.dk\/wp-content\/uploads\/2025\/06\/Klimavenligt-opladersaet-i-bambus.jpg","type":"image\/jpeg"}],"twitter_card":"summary_large_image","twitter_misc":{"Gesch\u00e4tzte Lesezeit":"1\u00a0Minute"},"schema":{"@context":"https:\/\/schema.org","@graph":[{"@type":"WebPage","@id":"https:\/\/grontkontor.dk\/de\/shop\/opladersaet-i-bambus-og-hvedefibre\/","url":"https:\/\/grontkontor.dk\/de\/shop\/opladersaet-i-bambus-og-hvedefibre\/","name":"Ladeset aus Bambus und Weizenfasern - Gr\u00f8nt Kontor","isPartOf":{"@id":"https:\/\/grontkontor.dk\/#website"},"datePublished":"2025-06-18T08:25:02+00:00","dateModified":"2025-08-14T12:49:44+00:00","breadcrumb":{"@id":"https:\/\/grontkontor.dk\/de\/shop\/opladersaet-i-bambus-og-hvedefibre\/#breadcrumb"},"inLanguage":"de","potentialAction":[{"@type":"ReadAction","target":["https:\/\/grontkontor.dk\/de\/shop\/opladersaet-i-bambus-og-hvedefibre\/"]}]},{"@type":"BreadcrumbList","@id":"https:\/\/grontkontor.dk\/de\/shop\/opladersaet-i-bambus-og-hvedefibre\/#breadcrumb","itemListElement":[{"@type":"ListItem","position":1,"name":"Forside","item":"https:\/\/grontkontor.dk\/de\/"},{"@type":"ListItem","position":2,"name":"Laden","item":"https:\/\/grontkontor.dk\/de\/laden\/"},{"@type":"ListItem","position":3,"name":"Elektronik og gadgets","item":"https:\/\/grontkontor.dk\/produkt-kategori\/elektronik-og-gadgets\/"},{"@type":"ListItem","position":4,"name":"Ladeset aus Bambus und Weizenfasern"}]},{"@type":"WebSite","@id":"https:\/\/grontkontor.dk\/#website","url":"https:\/\/grontkontor.dk\/","name":"Gr\u00f8nt Kontor","description":"Milj\u00f8venlige produkter til kontor og erhverv med fokus p\u00e5 b\u00e6redygtighed, design og fair trade.","publisher":{"@id":"https:\/\/grontkontor.dk\/#organization"},"potentialAction":[{"@type":"SearchAction","target":{"@type":"EntryPoint","urlTemplate":"https:\/\/grontkontor.dk\/?s={search_term_string}"},"query-input":"required name=search_term_string"}],"inLanguage":"de"},{"@type":"Organization","@id":"https:\/\/grontkontor.dk\/#organization","name":"Gr\u00f8nt Kontor","url":"https:\/\/grontkontor.dk\/","logo":{"@type":"ImageObject","inLanguage":"de","@id":"https:\/\/grontkontor.dk\/#\/schema\/logo\/image\/","url":"https:\/\/grontkontor.dk\/wp-content\/uploads\/2014\/02\/Logo_groent_kontor_300x80.png","contentUrl":"https:\/\/grontkontor.dk\/wp-content\/uploads\/2014\/02\/Logo_groent_kontor_300x80.png","width":300,"height":80,"caption":"Gr\u00f8nt Kontor"},"image":{"@id":"https:\/\/grontkontor.dk\/#\/schema\/logo\/image\/"},"sameAs":["https:\/\/www.facebook.com\/grontkontor.dk\/"]}]}},"_links":{"self":[{"href":"https:\/\/grontkontor.dk\/de\/wp-json\/wp\/v2\/product\/126270"}],"collection":[{"href":"https:\/\/grontkontor.dk\/de\/wp-json\/wp\/v2\/product"}],"about":[{"href":"https:\/\/grontkontor.dk\/de\/wp-json\/wp\/v2\/types\/product"}],"replies":[{"embeddable":true,"href":"https:\/\/grontkontor.dk\/de\/wp-json\/wp\/v2\/comments?post=126270"}],"wp:featuredmedia":[{"embeddable":true,"href":"https:\/\/grontkontor.dk\/de\/wp-json\/wp\/v2\/media\/126275"}],"wp:attachment":[{"href":"https:\/\/grontkontor.dk\/de\/wp-json\/wp\/v2\/media?parent=126270"}],"wp:term":[{"taxonomy":"product_cat","embeddable":true,"href":"https:\/\/grontkontor.dk\/de\/wp-json\/wp\/v2\/product_cat?post=126270"},{"taxonomy":"product_tag","embeddable":true,"href":"https:\/\/grontkontor.dk\/de\/wp-json\/wp\/v2\/product_tag?post=126270"}],"curies":[{"name":"wp","href":"https:\/\/api.w.org\/{rel}","templated":true}]}}