{"id":126961,"date":"2025-07-07T12:54:38","date_gmt":"2025-07-07T10:54:38","guid":{"rendered":"https:\/\/grontkontor.dk\/?post_type=product&#038;p=126961"},"modified":"2025-11-06T10:45:27","modified_gmt":"2025-11-06T09:45:27","slug":"boellehat-genanvendt-bomuld-m-u-tryk","status":"publish","type":"product","link":"https:\/\/grontkontor.dk\/de\/shop\/boellehat-genanvendt-bomuld-m-u-tryk\/","title":{"rendered":"Fischerhut aus recycelter Baumwolle ohne Druck"},"content":{"rendered":"<p>Sch\u00fctzen Sie sich stilvoll und mit gutem Gewissen vor der Sonne mit unserem umweltfreundlichen Fischerhut aus recycelter Baumwolle. Dieser Hut ist ein Statement sowohl in Bezug auf Mode als auch auf Verantwortung. Er besteht aus robuster und langlebiger recycelter Baumwolle, einem Material, das dazu beitr\u00e4gt, die Ressourcen der Erde zu schonen. Die langlebige Konstruktion sorgt daf\u00fcr, dass der Hut lange h\u00e4lt, egal ob Sie ihn f\u00fcr ein Festival, einen Spaziergang im Park oder f\u00fcr den Alltag verwenden. Mit unserem umweltfreundlichen Fischerhut aus recycelter Baumwolle erhalten Sie ein Produkt, das Qualit\u00e4t mit R\u00fccksicht auf die Umwelt verbindet.    <\/p>\n<p>Die M\u00fctze ist mit gestickten Bel\u00fcftungsl\u00f6chern ausgestattet, die auch an den hei\u00dfesten Tagen f\u00fcr erh\u00f6hte Atmungsaktivit\u00e4t und Komfort sorgen. Es ist ein praktisches Detail, das es zu einem unverzichtbaren Bestandteil Ihrer Sommergarderobe macht. Das \u00e4u\u00dfere Etikett mit dem &#8220;Recycled Cotton&#8221;-Logo unterstreicht dezent, dass Sie sich f\u00fcr ein klimafreundliches Produkt entschieden haben. Der Hut ist eine kluge Wahl f\u00fcr alle, die zeigen wollen, dass Stil und Verantwortung leicht Hand in Hand gehen k\u00f6nnen.   <\/p>\n<p>Unser Fischerhut ist in mehreren Farben erh\u00e4ltlich, so dass Sie diejenige ausw\u00e4hlen k\u00f6nnen, die am besten zu Ihrem pers\u00f6nlichen Stil passt. Es kann mit oder ohne Logodruck bestellt werden, was es zu einem perfekten Produkt f\u00fcr Werbegeschenke, Merchandise oder zur sinnvollen Hervorhebung Ihrer Marke macht. Ideal f\u00fcr M\u00e4nner und Frauen, sorgt sein zeitloses Design daf\u00fcr, dass er nie aus der Mode kommt. Machen Sie einen Unterschied mit Ihrem Stil und w\u00e4hlen Sie einen Fischerhut, der mit Blick auf die Zukunft kreiert wurde.   <\/p>\n<p>[grs_s]<\/p>\n<p><img loading=\"lazy\" decoding=\"async\" src=\"https:\/\/grontkontor.dk\/wp-content\/uploads\/2021\/02\/genbrug.jpg\" alt=\"Fremstillet af genbrugsmaterialer\" width=\"50\" height=\"50\" class=\"size-full wp-image-23031\" srcset=\"https:\/\/grontkontor.dk\/wp-content\/uploads\/2021\/02\/genbrug.jpg 199w, https:\/\/grontkontor.dk\/wp-content\/uploads\/2021\/02\/genbrug-100x100.jpg 100w\" sizes=\"(max-width: 50px) 100vw, 50px\" \/> <a href=\"https:\/\/textileexchange.org\/standards\/recycled-claim-standard-global-recycled-standard\/\"><img loading=\"lazy\" decoding=\"async\" src=\"https:\/\/grontkontor.dk\/wp-content\/uploads\/2021\/06\/global-recycled-standard-1.jpg\" alt=\"Global recycled standard\" width=\"50\" height=\"50\" class=\"size-full wp-image-25504\" \/> <\/a><\/p>\n","protected":false},"excerpt":{"rendered":"<p><br data-mce-bogus=\"1\"><\/p>\n","protected":false},"featured_media":126970,"comment_status":"closed","ping_status":"closed","template":"","meta":{"_acf_changed":false},"product_cat":[3325,4836,3084,3327],"product_tag":[4746,4045],"class_list":{"0":"post-126961","1":"product","2":"type-product","3":"status-publish","4":"has-post-thumbnail","6":"product_cat-dummy-moq-1-de","7":"product_cat-kopfschmuck","8":"product_cat-neuheiten","9":"product_cat-sport-und-freizeit","10":"product_tag-hut","11":"product_tag-kopfschmuck","12":"tm-has-options","14":"first","15":"instock","16":"taxable","17":"shipping-taxable","18":"purchasable","19":"product-type-variable","20":"has-default-attributes"},"acf":[],"yoast_head":"<!-- This site is optimized with the Yoast SEO Premium plugin v21.2 (Yoast SEO v21.2) - https:\/\/yoast.com\/wordpress\/plugins\/seo\/ -->\n<title>Umweltfreundlicher Fischerhut aus recycelter Baumwolle<\/title>\n<meta name=\"description\" content=\"Kaufen Sie einen umweltfreundlichen Fischerhut aus recycelter Baumwolle. Der strapazierf\u00e4hige Hut ist eine klimafreundliche Wahl, ist in mehreren Farben erh\u00e4ltlich und kann mit Logodruck geliefert werden.\" \/>\n<meta name=\"robots\" content=\"index, follow, max-snippet:-1, max-image-preview:large, max-video-preview:-1\" \/>\n<link rel=\"canonical\" href=\"https:\/\/grontkontor.dk\/de\/shop\/boellehat-genanvendt-bomuld-m-u-tryk\/\" \/>\n<meta property=\"og:locale\" content=\"de_DE\" \/>\n<meta property=\"og:type\" content=\"article\" \/>\n<meta property=\"og:title\" content=\"Fischerhut aus recycelter Baumwolle ohne Druck\" \/>\n<meta property=\"og:description\" content=\"Kaufen Sie einen umweltfreundlichen Fischerhut aus recycelter Baumwolle. Der strapazierf\u00e4hige Hut ist eine klimafreundliche Wahl, ist in mehreren Farben erh\u00e4ltlich und kann mit Logodruck geliefert werden.\" \/>\n<meta property=\"og:url\" content=\"https:\/\/grontkontor.dk\/de\/shop\/boellehat-genanvendt-bomuld-m-u-tryk\/\" \/>\n<meta property=\"og:site_name\" content=\"Gr\u00f8nt Kontor\" \/>\n<meta property=\"article:publisher\" content=\"https:\/\/www.facebook.com\/grontkontor.dk\/\" \/>\n<meta property=\"article:modified_time\" content=\"2025-11-06T09:45:27+00:00\" \/>\n<meta property=\"og:image\" content=\"https:\/\/grontkontor.dk\/wp-content\/uploads\/2025\/07\/Klimavenlig-boellehat-i-genanvendt-bomuld-collage-scaled.jpg\" \/>\n\t<meta property=\"og:image:width\" content=\"2560\" \/>\n\t<meta property=\"og:image:height\" content=\"1817\" \/>\n\t<meta property=\"og:image:type\" content=\"image\/jpeg\" \/>\n<meta name=\"twitter:card\" content=\"summary_large_image\" \/>\n<meta name=\"twitter:label1\" content=\"Gesch\u00e4tzte Lesezeit\" \/>\n\t<meta name=\"twitter:data1\" content=\"1\u00a0Minute\" \/>\n<script type=\"application\/ld+json\" class=\"yoast-schema-graph\">{\"@context\":\"https:\/\/schema.org\",\"@graph\":[{\"@type\":\"WebPage\",\"@id\":\"https:\/\/grontkontor.dk\/de\/shop\/boellehat-genanvendt-bomuld-m-u-tryk\/\",\"url\":\"https:\/\/grontkontor.dk\/de\/shop\/boellehat-genanvendt-bomuld-m-u-tryk\/\",\"name\":\"Umweltfreundlicher Fischerhut aus recycelter Baumwolle\",\"isPartOf\":{\"@id\":\"https:\/\/grontkontor.dk\/#website\"},\"datePublished\":\"2025-07-07T10:54:38+00:00\",\"dateModified\":\"2025-11-06T09:45:27+00:00\",\"description\":\"Kaufen Sie einen umweltfreundlichen Fischerhut aus recycelter Baumwolle. Der strapazierf\u00e4hige Hut ist eine klimafreundliche Wahl, ist in mehreren Farben erh\u00e4ltlich und kann mit Logodruck geliefert werden.\",\"breadcrumb\":{\"@id\":\"https:\/\/grontkontor.dk\/de\/shop\/boellehat-genanvendt-bomuld-m-u-tryk\/#breadcrumb\"},\"inLanguage\":\"de\",\"potentialAction\":[{\"@type\":\"ReadAction\",\"target\":[\"https:\/\/grontkontor.dk\/de\/shop\/boellehat-genanvendt-bomuld-m-u-tryk\/\"]}]},{\"@type\":\"BreadcrumbList\",\"@id\":\"https:\/\/grontkontor.dk\/de\/shop\/boellehat-genanvendt-bomuld-m-u-tryk\/#breadcrumb\",\"itemListElement\":[{\"@type\":\"ListItem\",\"position\":1,\"name\":\"Forside\",\"item\":\"https:\/\/grontkontor.dk\/de\/\"},{\"@type\":\"ListItem\",\"position\":2,\"name\":\"Laden\",\"item\":\"https:\/\/grontkontor.dk\/de\/laden\/\"},{\"@type\":\"ListItem\",\"position\":3,\"name\":\"Kleidung\",\"item\":\"https:\/\/grontkontor.dk\/de\/produkt-kategori\/kleidung\/\"},{\"@type\":\"ListItem\",\"position\":4,\"name\":\"Kopfschmuck\",\"item\":\"https:\/\/grontkontor.dk\/de\/produkt-kategori\/kleidung\/kopfschmuck\/\"},{\"@type\":\"ListItem\",\"position\":5,\"name\":\"Fischerhut aus recycelter Baumwolle ohne Druck\"}]},{\"@type\":\"WebSite\",\"@id\":\"https:\/\/grontkontor.dk\/#website\",\"url\":\"https:\/\/grontkontor.dk\/\",\"name\":\"Gr\u00f8nt Kontor\",\"description\":\"Milj\u00f8venlige produkter til kontor og erhverv med fokus p\u00e5 b\u00e6redygtighed, design og fair trade.\",\"publisher\":{\"@id\":\"https:\/\/grontkontor.dk\/#organization\"},\"potentialAction\":[{\"@type\":\"SearchAction\",\"target\":{\"@type\":\"EntryPoint\",\"urlTemplate\":\"https:\/\/grontkontor.dk\/?s={search_term_string}\"},\"query-input\":\"required name=search_term_string\"}],\"inLanguage\":\"de\"},{\"@type\":\"Organization\",\"@id\":\"https:\/\/grontkontor.dk\/#organization\",\"name\":\"Gr\u00f8nt Kontor\",\"url\":\"https:\/\/grontkontor.dk\/\",\"logo\":{\"@type\":\"ImageObject\",\"inLanguage\":\"de\",\"@id\":\"https:\/\/grontkontor.dk\/#\/schema\/logo\/image\/\",\"url\":\"https:\/\/grontkontor.dk\/wp-content\/uploads\/2014\/02\/Logo_groent_kontor_300x80.png\",\"contentUrl\":\"https:\/\/grontkontor.dk\/wp-content\/uploads\/2014\/02\/Logo_groent_kontor_300x80.png\",\"width\":300,\"height\":80,\"caption\":\"Gr\u00f8nt Kontor\"},\"image\":{\"@id\":\"https:\/\/grontkontor.dk\/#\/schema\/logo\/image\/\"},\"sameAs\":[\"https:\/\/www.facebook.com\/grontkontor.dk\/\"]}]}<\/script>\n<!-- \/ Yoast SEO Premium plugin. -->","yoast_head_json":{"title":"Umweltfreundlicher Fischerhut aus recycelter Baumwolle","description":"Kaufen Sie einen umweltfreundlichen Fischerhut aus recycelter Baumwolle. Der strapazierf\u00e4hige Hut ist eine klimafreundliche Wahl, ist in mehreren Farben erh\u00e4ltlich und kann mit Logodruck geliefert werden.","robots":{"index":"index","follow":"follow","max-snippet":"max-snippet:-1","max-image-preview":"max-image-preview:large","max-video-preview":"max-video-preview:-1"},"canonical":"https:\/\/grontkontor.dk\/de\/shop\/boellehat-genanvendt-bomuld-m-u-tryk\/","og_locale":"de_DE","og_type":"article","og_title":"Fischerhut aus recycelter Baumwolle ohne Druck","og_description":"Kaufen Sie einen umweltfreundlichen Fischerhut aus recycelter Baumwolle. Der strapazierf\u00e4hige Hut ist eine klimafreundliche Wahl, ist in mehreren Farben erh\u00e4ltlich und kann mit Logodruck geliefert werden.","og_url":"https:\/\/grontkontor.dk\/de\/shop\/boellehat-genanvendt-bomuld-m-u-tryk\/","og_site_name":"Gr\u00f8nt Kontor","article_publisher":"https:\/\/www.facebook.com\/grontkontor.dk\/","article_modified_time":"2025-11-06T09:45:27+00:00","og_image":[{"width":2560,"height":1817,"url":"https:\/\/grontkontor.dk\/wp-content\/uploads\/2025\/07\/Klimavenlig-boellehat-i-genanvendt-bomuld-collage-scaled.jpg","type":"image\/jpeg"}],"twitter_card":"summary_large_image","twitter_misc":{"Gesch\u00e4tzte Lesezeit":"1\u00a0Minute"},"schema":{"@context":"https:\/\/schema.org","@graph":[{"@type":"WebPage","@id":"https:\/\/grontkontor.dk\/de\/shop\/boellehat-genanvendt-bomuld-m-u-tryk\/","url":"https:\/\/grontkontor.dk\/de\/shop\/boellehat-genanvendt-bomuld-m-u-tryk\/","name":"Umweltfreundlicher Fischerhut aus recycelter Baumwolle","isPartOf":{"@id":"https:\/\/grontkontor.dk\/#website"},"datePublished":"2025-07-07T10:54:38+00:00","dateModified":"2025-11-06T09:45:27+00:00","description":"Kaufen Sie einen umweltfreundlichen Fischerhut aus recycelter Baumwolle. Der strapazierf\u00e4hige Hut ist eine klimafreundliche Wahl, ist in mehreren Farben erh\u00e4ltlich und kann mit Logodruck geliefert werden.","breadcrumb":{"@id":"https:\/\/grontkontor.dk\/de\/shop\/boellehat-genanvendt-bomuld-m-u-tryk\/#breadcrumb"},"inLanguage":"de","potentialAction":[{"@type":"ReadAction","target":["https:\/\/grontkontor.dk\/de\/shop\/boellehat-genanvendt-bomuld-m-u-tryk\/"]}]},{"@type":"BreadcrumbList","@id":"https:\/\/grontkontor.dk\/de\/shop\/boellehat-genanvendt-bomuld-m-u-tryk\/#breadcrumb","itemListElement":[{"@type":"ListItem","position":1,"name":"Forside","item":"https:\/\/grontkontor.dk\/de\/"},{"@type":"ListItem","position":2,"name":"Laden","item":"https:\/\/grontkontor.dk\/de\/laden\/"},{"@type":"ListItem","position":3,"name":"Kleidung","item":"https:\/\/grontkontor.dk\/de\/produkt-kategori\/kleidung\/"},{"@type":"ListItem","position":4,"name":"Kopfschmuck","item":"https:\/\/grontkontor.dk\/de\/produkt-kategori\/kleidung\/kopfschmuck\/"},{"@type":"ListItem","position":5,"name":"Fischerhut aus recycelter Baumwolle ohne Druck"}]},{"@type":"WebSite","@id":"https:\/\/grontkontor.dk\/#website","url":"https:\/\/grontkontor.dk\/","name":"Gr\u00f8nt Kontor","description":"Milj\u00f8venlige produkter til kontor og erhverv med fokus p\u00e5 b\u00e6redygtighed, design og fair trade.","publisher":{"@id":"https:\/\/grontkontor.dk\/#organization"},"potentialAction":[{"@type":"SearchAction","target":{"@type":"EntryPoint","urlTemplate":"https:\/\/grontkontor.dk\/?s={search_term_string}"},"query-input":"required name=search_term_string"}],"inLanguage":"de"},{"@type":"Organization","@id":"https:\/\/grontkontor.dk\/#organization","name":"Gr\u00f8nt Kontor","url":"https:\/\/grontkontor.dk\/","logo":{"@type":"ImageObject","inLanguage":"de","@id":"https:\/\/grontkontor.dk\/#\/schema\/logo\/image\/","url":"https:\/\/grontkontor.dk\/wp-content\/uploads\/2014\/02\/Logo_groent_kontor_300x80.png","contentUrl":"https:\/\/grontkontor.dk\/wp-content\/uploads\/2014\/02\/Logo_groent_kontor_300x80.png","width":300,"height":80,"caption":"Gr\u00f8nt Kontor"},"image":{"@id":"https:\/\/grontkontor.dk\/#\/schema\/logo\/image\/"},"sameAs":["https:\/\/www.facebook.com\/grontkontor.dk\/"]}]}},"_links":{"self":[{"href":"https:\/\/grontkontor.dk\/de\/wp-json\/wp\/v2\/product\/126961"}],"collection":[{"href":"https:\/\/grontkontor.dk\/de\/wp-json\/wp\/v2\/product"}],"about":[{"href":"https:\/\/grontkontor.dk\/de\/wp-json\/wp\/v2\/types\/product"}],"replies":[{"embeddable":true,"href":"https:\/\/grontkontor.dk\/de\/wp-json\/wp\/v2\/comments?post=126961"}],"wp:featuredmedia":[{"embeddable":true,"href":"https:\/\/grontkontor.dk\/de\/wp-json\/wp\/v2\/media\/126970"}],"wp:attachment":[{"href":"https:\/\/grontkontor.dk\/de\/wp-json\/wp\/v2\/media?parent=126961"}],"wp:term":[{"taxonomy":"product_cat","embeddable":true,"href":"https:\/\/grontkontor.dk\/de\/wp-json\/wp\/v2\/product_cat?post=126961"},{"taxonomy":"product_tag","embeddable":true,"href":"https:\/\/grontkontor.dk\/de\/wp-json\/wp\/v2\/product_tag?post=126961"}],"curies":[{"name":"wp","href":"https:\/\/api.w.org\/{rel}","templated":true}]}}