{"id":127394,"date":"2025-07-17T11:10:18","date_gmt":"2025-07-17T09:10:18","guid":{"rendered":"https:\/\/grontkontor.dk\/?post_type=product&#038;p=127394"},"modified":"2025-08-14T14:49:40","modified_gmt":"2025-08-14T12:49:40","slug":"ludo-i-trae","status":"publish","type":"product","link":"https:\/\/grontkontor.dk\/de\/shop\/ludo-i-trae\/","title":{"rendered":"Ludo aus Holz"},"content":{"rendered":"<p>Umweltfreundliches Ludo-Spiel aus Holz mit Baumwolltasche \u2013 klassisches Familienspiel f\u00fcr 2\u20134 Personen Unterhaltsames und klimafreundliches Ludo-Spiel aus Holz. Das Set enth\u00e4lt einen Spielplan, 16 Pl\u00e4ttchen in 4 Farben und einen W\u00fcrfel. Kommt in einer praktischen Baumwolltasche zur Aufbewahrung und wird einzeln in einer Box mit nat\u00fcrlicher Optik pr\u00e4sentiert (Power Design). Perfekt f\u00fcr Firmengeschenke oder Handouts f\u00fcr Messen und Veranstaltungen.   <\/p>\n<p>[bambus]<\/p>\n","protected":false},"excerpt":{"rendered":"<p>Umweltfreundliches Ludo-Spiel aus Holz mit Baumwolltasche \u2013 klassisches Familienspiel f\u00fcr 2\u20134 Personen Unterhaltsames und klimafreundliches Ludo-Spiel aus Holz. Das Set enth\u00e4lt einen Spielplan, 16 Pl\u00e4ttchen in 4 Farben und einen W\u00fcrfel. Kommt in einer praktischen Baumwolltasche zur Aufbewahrung und wird einzeln in einer Box mit nat\u00fcrlicher Optik pr\u00e4sentiert (Power Design). Perfekt f\u00fcr Firmengeschenke oder Handouts [&hellip;]<\/p>\n","protected":false},"featured_media":127398,"comment_status":"closed","ping_status":"closed","template":"","meta":{"_acf_changed":false},"product_cat":[3325,3321,3084,3327],"product_tag":[4116],"class_list":{"0":"post-127394","1":"product","2":"type-product","3":"status-publish","4":"has-post-thumbnail","6":"product_cat-dummy-moq-1-de","7":"product_cat-klimafreundliche-werbegeschenke","8":"product_cat-neuheiten","9":"product_cat-sport-und-freizeit","10":"product_tag-spiel","11":"tm-has-options","13":"first","14":"instock","15":"taxable","16":"shipping-taxable","17":"purchasable","18":"product-type-simple"},"acf":[],"yoast_head":"<!-- This site is optimized with the Yoast SEO Premium plugin v21.2 (Yoast SEO v21.2) - https:\/\/yoast.com\/wordpress\/plugins\/seo\/ -->\n<title>Ludo aus Holz - Gr\u00f8nt Kontor<\/title>\n<meta name=\"robots\" content=\"index, follow, max-snippet:-1, max-image-preview:large, max-video-preview:-1\" \/>\n<link rel=\"canonical\" href=\"https:\/\/grontkontor.dk\/de\/shop\/ludo-i-trae\/\" \/>\n<meta property=\"og:locale\" content=\"de_DE\" \/>\n<meta property=\"og:type\" content=\"article\" \/>\n<meta property=\"og:title\" content=\"Ludo aus Holz\" \/>\n<meta property=\"og:description\" content=\"Umweltfreundliches Ludo-Spiel aus Holz mit Baumwolltasche \u2013 klassisches Familienspiel f\u00fcr 2\u20134 Personen Unterhaltsames und klimafreundliches Ludo-Spiel aus Holz. Das Set enth\u00e4lt einen Spielplan, 16 Pl\u00e4ttchen in 4 Farben und einen W\u00fcrfel. Kommt in einer praktischen Baumwolltasche zur Aufbewahrung und wird einzeln in einer Box mit nat\u00fcrlicher Optik pr\u00e4sentiert (Power Design). Perfekt f\u00fcr Firmengeschenke oder Handouts [&hellip;]\" \/>\n<meta property=\"og:url\" content=\"https:\/\/grontkontor.dk\/de\/shop\/ludo-i-trae\/\" \/>\n<meta property=\"og:site_name\" content=\"Gr\u00f8nt Kontor\" \/>\n<meta property=\"article:publisher\" content=\"https:\/\/www.facebook.com\/grontkontor.dk\/\" \/>\n<meta property=\"article:modified_time\" content=\"2025-08-14T12:49:40+00:00\" \/>\n<meta property=\"og:image\" content=\"https:\/\/grontkontor.dk\/wp-content\/uploads\/2025\/07\/Miljoevenligt-ludospil-i-trae-og-bomuldspose.jpg\" \/>\n\t<meta property=\"og:image:width\" content=\"1080\" \/>\n\t<meta property=\"og:image:height\" content=\"766\" \/>\n\t<meta property=\"og:image:type\" content=\"image\/jpeg\" \/>\n<meta name=\"twitter:card\" content=\"summary_large_image\" \/>\n<script type=\"application\/ld+json\" class=\"yoast-schema-graph\">{\"@context\":\"https:\/\/schema.org\",\"@graph\":[{\"@type\":\"WebPage\",\"@id\":\"https:\/\/grontkontor.dk\/de\/shop\/ludo-i-trae\/\",\"url\":\"https:\/\/grontkontor.dk\/de\/shop\/ludo-i-trae\/\",\"name\":\"Ludo aus Holz - Gr\u00f8nt Kontor\",\"isPartOf\":{\"@id\":\"https:\/\/grontkontor.dk\/#website\"},\"datePublished\":\"2025-07-17T09:10:18+00:00\",\"dateModified\":\"2025-08-14T12:49:40+00:00\",\"breadcrumb\":{\"@id\":\"https:\/\/grontkontor.dk\/de\/shop\/ludo-i-trae\/#breadcrumb\"},\"inLanguage\":\"de\",\"potentialAction\":[{\"@type\":\"ReadAction\",\"target\":[\"https:\/\/grontkontor.dk\/de\/shop\/ludo-i-trae\/\"]}]},{\"@type\":\"BreadcrumbList\",\"@id\":\"https:\/\/grontkontor.dk\/de\/shop\/ludo-i-trae\/#breadcrumb\",\"itemListElement\":[{\"@type\":\"ListItem\",\"position\":1,\"name\":\"Forside\",\"item\":\"https:\/\/grontkontor.dk\/de\/\"},{\"@type\":\"ListItem\",\"position\":2,\"name\":\"Laden\",\"item\":\"https:\/\/grontkontor.dk\/de\/laden\/\"},{\"@type\":\"ListItem\",\"position\":3,\"name\":\"Sport og fritid\",\"item\":\"https:\/\/grontkontor.dk\/produkt-kategori\/sport-og-fritid\/\"},{\"@type\":\"ListItem\",\"position\":4,\"name\":\"Ludo aus Holz\"}]},{\"@type\":\"WebSite\",\"@id\":\"https:\/\/grontkontor.dk\/#website\",\"url\":\"https:\/\/grontkontor.dk\/\",\"name\":\"Gr\u00f8nt Kontor\",\"description\":\"Milj\u00f8venlige produkter til kontor og erhverv med fokus p\u00e5 b\u00e6redygtighed, design og fair trade.\",\"publisher\":{\"@id\":\"https:\/\/grontkontor.dk\/#organization\"},\"potentialAction\":[{\"@type\":\"SearchAction\",\"target\":{\"@type\":\"EntryPoint\",\"urlTemplate\":\"https:\/\/grontkontor.dk\/?s={search_term_string}\"},\"query-input\":\"required name=search_term_string\"}],\"inLanguage\":\"de\"},{\"@type\":\"Organization\",\"@id\":\"https:\/\/grontkontor.dk\/#organization\",\"name\":\"Gr\u00f8nt Kontor\",\"url\":\"https:\/\/grontkontor.dk\/\",\"logo\":{\"@type\":\"ImageObject\",\"inLanguage\":\"de\",\"@id\":\"https:\/\/grontkontor.dk\/#\/schema\/logo\/image\/\",\"url\":\"https:\/\/grontkontor.dk\/wp-content\/uploads\/2014\/02\/Logo_groent_kontor_300x80.png\",\"contentUrl\":\"https:\/\/grontkontor.dk\/wp-content\/uploads\/2014\/02\/Logo_groent_kontor_300x80.png\",\"width\":300,\"height\":80,\"caption\":\"Gr\u00f8nt Kontor\"},\"image\":{\"@id\":\"https:\/\/grontkontor.dk\/#\/schema\/logo\/image\/\"},\"sameAs\":[\"https:\/\/www.facebook.com\/grontkontor.dk\/\"]}]}<\/script>\n<!-- \/ Yoast SEO Premium plugin. -->","yoast_head_json":{"title":"Ludo aus Holz - Gr\u00f8nt Kontor","robots":{"index":"index","follow":"follow","max-snippet":"max-snippet:-1","max-image-preview":"max-image-preview:large","max-video-preview":"max-video-preview:-1"},"canonical":"https:\/\/grontkontor.dk\/de\/shop\/ludo-i-trae\/","og_locale":"de_DE","og_type":"article","og_title":"Ludo aus Holz","og_description":"Umweltfreundliches Ludo-Spiel aus Holz mit Baumwolltasche \u2013 klassisches Familienspiel f\u00fcr 2\u20134 Personen Unterhaltsames und klimafreundliches Ludo-Spiel aus Holz. Das Set enth\u00e4lt einen Spielplan, 16 Pl\u00e4ttchen in 4 Farben und einen W\u00fcrfel. Kommt in einer praktischen Baumwolltasche zur Aufbewahrung und wird einzeln in einer Box mit nat\u00fcrlicher Optik pr\u00e4sentiert (Power Design). Perfekt f\u00fcr Firmengeschenke oder Handouts [&hellip;]","og_url":"https:\/\/grontkontor.dk\/de\/shop\/ludo-i-trae\/","og_site_name":"Gr\u00f8nt Kontor","article_publisher":"https:\/\/www.facebook.com\/grontkontor.dk\/","article_modified_time":"2025-08-14T12:49:40+00:00","og_image":[{"width":1080,"height":766,"url":"https:\/\/grontkontor.dk\/wp-content\/uploads\/2025\/07\/Miljoevenligt-ludospil-i-trae-og-bomuldspose.jpg","type":"image\/jpeg"}],"twitter_card":"summary_large_image","schema":{"@context":"https:\/\/schema.org","@graph":[{"@type":"WebPage","@id":"https:\/\/grontkontor.dk\/de\/shop\/ludo-i-trae\/","url":"https:\/\/grontkontor.dk\/de\/shop\/ludo-i-trae\/","name":"Ludo aus Holz - Gr\u00f8nt Kontor","isPartOf":{"@id":"https:\/\/grontkontor.dk\/#website"},"datePublished":"2025-07-17T09:10:18+00:00","dateModified":"2025-08-14T12:49:40+00:00","breadcrumb":{"@id":"https:\/\/grontkontor.dk\/de\/shop\/ludo-i-trae\/#breadcrumb"},"inLanguage":"de","potentialAction":[{"@type":"ReadAction","target":["https:\/\/grontkontor.dk\/de\/shop\/ludo-i-trae\/"]}]},{"@type":"BreadcrumbList","@id":"https:\/\/grontkontor.dk\/de\/shop\/ludo-i-trae\/#breadcrumb","itemListElement":[{"@type":"ListItem","position":1,"name":"Forside","item":"https:\/\/grontkontor.dk\/de\/"},{"@type":"ListItem","position":2,"name":"Laden","item":"https:\/\/grontkontor.dk\/de\/laden\/"},{"@type":"ListItem","position":3,"name":"Sport og fritid","item":"https:\/\/grontkontor.dk\/produkt-kategori\/sport-og-fritid\/"},{"@type":"ListItem","position":4,"name":"Ludo aus Holz"}]},{"@type":"WebSite","@id":"https:\/\/grontkontor.dk\/#website","url":"https:\/\/grontkontor.dk\/","name":"Gr\u00f8nt Kontor","description":"Milj\u00f8venlige produkter til kontor og erhverv med fokus p\u00e5 b\u00e6redygtighed, design og fair trade.","publisher":{"@id":"https:\/\/grontkontor.dk\/#organization"},"potentialAction":[{"@type":"SearchAction","target":{"@type":"EntryPoint","urlTemplate":"https:\/\/grontkontor.dk\/?s={search_term_string}"},"query-input":"required name=search_term_string"}],"inLanguage":"de"},{"@type":"Organization","@id":"https:\/\/grontkontor.dk\/#organization","name":"Gr\u00f8nt Kontor","url":"https:\/\/grontkontor.dk\/","logo":{"@type":"ImageObject","inLanguage":"de","@id":"https:\/\/grontkontor.dk\/#\/schema\/logo\/image\/","url":"https:\/\/grontkontor.dk\/wp-content\/uploads\/2014\/02\/Logo_groent_kontor_300x80.png","contentUrl":"https:\/\/grontkontor.dk\/wp-content\/uploads\/2014\/02\/Logo_groent_kontor_300x80.png","width":300,"height":80,"caption":"Gr\u00f8nt Kontor"},"image":{"@id":"https:\/\/grontkontor.dk\/#\/schema\/logo\/image\/"},"sameAs":["https:\/\/www.facebook.com\/grontkontor.dk\/"]}]}},"_links":{"self":[{"href":"https:\/\/grontkontor.dk\/de\/wp-json\/wp\/v2\/product\/127394"}],"collection":[{"href":"https:\/\/grontkontor.dk\/de\/wp-json\/wp\/v2\/product"}],"about":[{"href":"https:\/\/grontkontor.dk\/de\/wp-json\/wp\/v2\/types\/product"}],"replies":[{"embeddable":true,"href":"https:\/\/grontkontor.dk\/de\/wp-json\/wp\/v2\/comments?post=127394"}],"wp:featuredmedia":[{"embeddable":true,"href":"https:\/\/grontkontor.dk\/de\/wp-json\/wp\/v2\/media\/127398"}],"wp:attachment":[{"href":"https:\/\/grontkontor.dk\/de\/wp-json\/wp\/v2\/media?parent=127394"}],"wp:term":[{"taxonomy":"product_cat","embeddable":true,"href":"https:\/\/grontkontor.dk\/de\/wp-json\/wp\/v2\/product_cat?post=127394"},{"taxonomy":"product_tag","embeddable":true,"href":"https:\/\/grontkontor.dk\/de\/wp-json\/wp\/v2\/product_tag?post=127394"}],"curies":[{"name":"wp","href":"https:\/\/api.w.org\/{rel}","templated":true}]}}