{"id":127554,"date":"2025-08-19T09:26:25","date_gmt":"2025-08-19T07:26:26","guid":{"rendered":"https:\/\/grontkontor.dk\/?post_type=product&#038;p=127554"},"modified":"2025-09-10T09:57:07","modified_gmt":"2025-09-10T07:57:07","slug":"skrivebord-med-skuffer-fsc-asketrae","status":"publish","type":"product","link":"https:\/\/grontkontor.dk\/de\/shop\/skrivebord-med-skuffer-fsc-asketrae\/","title":{"rendered":"Schreibtisch mit Schubladen FSC Eschenholz"},"content":{"rendered":"<p data-start=\"157\" data-end=\"397\">Der klimafreundliche Esstisch ist eine stilvolle Wahl f\u00fcr alle, die modernes Design und nat\u00fcrliche Materialien in ihrem Zuhause kombinieren m\u00f6chten. Der Tisch ist aus FSC-zertifiziertem Eschenholz und Eschenfurnier gefertigt, was ihm ein langlebiges und elegantes Aussehen verleiht. <\/p>\n<p data-start=\"399\" data-end=\"678\">Die robuste Tischplatte ist sowohl langlebig als auch funktional und eignet sich sowohl f\u00fcr allt\u00e4gliche Mahlzeiten als auch f\u00fcr gem\u00fctliche Abendessen mit Familie und Freunden. Mit seinem leichten und eleganten Design l\u00e4sst sich der Tisch leicht in verschiedenen R\u00e4umen platzieren und passt sowohl in moderne als auch in klassische Innenr\u00e4ume. <\/p>\n<p>[FSC_s]<\/p>\n<a href=\"https:\/\/ic.fsc.org\/en\/\" target=\"window\"><img loading=\"lazy\" decoding=\"async\" class=\"size-full wp-image-12735\" src=\"https:\/\/grontkontor.dk\/wp-content\/uploads\/2019\/04\/fsc-certificeret.png\" \n\t\t alt=\"FSC-certificeret\" title=\"FSC-certificeret\" width=\"44\" height=\"51\" border=0\/><\/a>\n","protected":false},"excerpt":{"rendered":"<p>Der klimafreundliche Esstisch ist eine stilvolle Wahl f\u00fcr alle, die modernes Design und nat\u00fcrliche Materialien in ihrem Zuhause kombinieren m\u00f6chten. Der Tisch ist aus FSC-zertifiziertem Eschenholz und Eschenfurnier gefertigt, was ihm ein langlebiges und elegantes Aussehen verleiht. Die robuste Tischplatte ist sowohl langlebig als auch funktional und eignet sich sowohl f\u00fcr allt\u00e4gliche Mahlzeiten als auch [&hellip;]<\/p>\n","protected":false},"featured_media":127558,"comment_status":"closed","ping_status":"closed","template":"","meta":{"_acf_changed":false},"product_cat":[3325,3084,3580],"product_tag":[3629,3582],"class_list":{"0":"post-127554","1":"product","2":"type-product","3":"status-publish","4":"has-post-thumbnail","6":"product_cat-dummy-moq-1-de","7":"product_cat-neuheiten","8":"product_cat-tabellen","9":"product_tag-schreibtisch","10":"product_tag-tisch","11":"tm-has-options","13":"first","14":"instock","15":"taxable","16":"shipping-taxable","17":"purchasable","18":"product-type-simple"},"acf":[],"yoast_head":"<!-- This site is optimized with the Yoast SEO Premium plugin v21.2 (Yoast SEO v21.2) - https:\/\/yoast.com\/wordpress\/plugins\/seo\/ -->\n<title>Schreibtisch mit Schubladen FSC Eschenholz - Gr\u00f8nt Kontor<\/title>\n<meta name=\"robots\" content=\"index, follow, max-snippet:-1, max-image-preview:large, max-video-preview:-1\" \/>\n<link rel=\"canonical\" href=\"https:\/\/grontkontor.dk\/de\/shop\/skrivebord-med-skuffer-fsc-asketrae\/\" \/>\n<meta property=\"og:locale\" content=\"de_DE\" \/>\n<meta property=\"og:type\" content=\"article\" \/>\n<meta property=\"og:title\" content=\"Schreibtisch mit Schubladen FSC Eschenholz\" \/>\n<meta property=\"og:description\" content=\"Der klimafreundliche Esstisch ist eine stilvolle Wahl f\u00fcr alle, die modernes Design und nat\u00fcrliche Materialien in ihrem Zuhause kombinieren m\u00f6chten. Der Tisch ist aus FSC-zertifiziertem Eschenholz und Eschenfurnier gefertigt, was ihm ein langlebiges und elegantes Aussehen verleiht. Die robuste Tischplatte ist sowohl langlebig als auch funktional und eignet sich sowohl f\u00fcr allt\u00e4gliche Mahlzeiten als auch [&hellip;]\" \/>\n<meta property=\"og:url\" content=\"https:\/\/grontkontor.dk\/de\/shop\/skrivebord-med-skuffer-fsc-asketrae\/\" \/>\n<meta property=\"og:site_name\" content=\"Gr\u00f8nt Kontor\" \/>\n<meta property=\"article:publisher\" content=\"https:\/\/www.facebook.com\/grontkontor.dk\/\" \/>\n<meta property=\"article:modified_time\" content=\"2025-09-10T07:57:07+00:00\" \/>\n<meta property=\"og:image\" content=\"https:\/\/grontkontor.dk\/wp-content\/uploads\/2025\/08\/Klimavenligt-skrivebord-i-asketrae.jpg\" \/>\n\t<meta property=\"og:image:width\" content=\"1765\" \/>\n\t<meta property=\"og:image:height\" content=\"1254\" \/>\n\t<meta property=\"og:image:type\" content=\"image\/jpeg\" \/>\n<meta name=\"twitter:card\" content=\"summary_large_image\" \/>\n<meta name=\"twitter:label1\" content=\"Gesch\u00e4tzte Lesezeit\" \/>\n\t<meta name=\"twitter:data1\" content=\"1\u00a0Minute\" \/>\n<script type=\"application\/ld+json\" class=\"yoast-schema-graph\">{\"@context\":\"https:\/\/schema.org\",\"@graph\":[{\"@type\":\"WebPage\",\"@id\":\"https:\/\/grontkontor.dk\/de\/shop\/skrivebord-med-skuffer-fsc-asketrae\/\",\"url\":\"https:\/\/grontkontor.dk\/de\/shop\/skrivebord-med-skuffer-fsc-asketrae\/\",\"name\":\"Schreibtisch mit Schubladen FSC Eschenholz - Gr\u00f8nt Kontor\",\"isPartOf\":{\"@id\":\"https:\/\/grontkontor.dk\/#website\"},\"datePublished\":\"2025-08-19T07:26:26+00:00\",\"dateModified\":\"2025-09-10T07:57:07+00:00\",\"breadcrumb\":{\"@id\":\"https:\/\/grontkontor.dk\/de\/shop\/skrivebord-med-skuffer-fsc-asketrae\/#breadcrumb\"},\"inLanguage\":\"de\",\"potentialAction\":[{\"@type\":\"ReadAction\",\"target\":[\"https:\/\/grontkontor.dk\/de\/shop\/skrivebord-med-skuffer-fsc-asketrae\/\"]}]},{\"@type\":\"BreadcrumbList\",\"@id\":\"https:\/\/grontkontor.dk\/de\/shop\/skrivebord-med-skuffer-fsc-asketrae\/#breadcrumb\",\"itemListElement\":[{\"@type\":\"ListItem\",\"position\":1,\"name\":\"Forside\",\"item\":\"https:\/\/grontkontor.dk\/de\/\"},{\"@type\":\"ListItem\",\"position\":2,\"name\":\"Laden\",\"item\":\"https:\/\/grontkontor.dk\/de\/laden\/\"},{\"@type\":\"ListItem\",\"position\":3,\"name\":\"M\u00f8bler og inventar\",\"item\":\"https:\/\/grontkontor.dk\/produkt-kategori\/mobler-og-inventar\/\"},{\"@type\":\"ListItem\",\"position\":4,\"name\":\"Borde\",\"item\":\"https:\/\/grontkontor.dk\/produkt-kategori\/mobler-og-inventar\/borde\/\"},{\"@type\":\"ListItem\",\"position\":5,\"name\":\"Schreibtisch mit Schubladen FSC Eschenholz\"}]},{\"@type\":\"WebSite\",\"@id\":\"https:\/\/grontkontor.dk\/#website\",\"url\":\"https:\/\/grontkontor.dk\/\",\"name\":\"Gr\u00f8nt Kontor\",\"description\":\"Milj\u00f8venlige produkter til kontor og erhverv med fokus p\u00e5 b\u00e6redygtighed, design og fair trade.\",\"publisher\":{\"@id\":\"https:\/\/grontkontor.dk\/#organization\"},\"potentialAction\":[{\"@type\":\"SearchAction\",\"target\":{\"@type\":\"EntryPoint\",\"urlTemplate\":\"https:\/\/grontkontor.dk\/?s={search_term_string}\"},\"query-input\":\"required name=search_term_string\"}],\"inLanguage\":\"de\"},{\"@type\":\"Organization\",\"@id\":\"https:\/\/grontkontor.dk\/#organization\",\"name\":\"Gr\u00f8nt Kontor\",\"url\":\"https:\/\/grontkontor.dk\/\",\"logo\":{\"@type\":\"ImageObject\",\"inLanguage\":\"de\",\"@id\":\"https:\/\/grontkontor.dk\/#\/schema\/logo\/image\/\",\"url\":\"https:\/\/grontkontor.dk\/wp-content\/uploads\/2014\/02\/Logo_groent_kontor_300x80.png\",\"contentUrl\":\"https:\/\/grontkontor.dk\/wp-content\/uploads\/2014\/02\/Logo_groent_kontor_300x80.png\",\"width\":300,\"height\":80,\"caption\":\"Gr\u00f8nt Kontor\"},\"image\":{\"@id\":\"https:\/\/grontkontor.dk\/#\/schema\/logo\/image\/\"},\"sameAs\":[\"https:\/\/www.facebook.com\/grontkontor.dk\/\"]}]}<\/script>\n<!-- \/ Yoast SEO Premium plugin. -->","yoast_head_json":{"title":"Schreibtisch mit Schubladen FSC Eschenholz - Gr\u00f8nt Kontor","robots":{"index":"index","follow":"follow","max-snippet":"max-snippet:-1","max-image-preview":"max-image-preview:large","max-video-preview":"max-video-preview:-1"},"canonical":"https:\/\/grontkontor.dk\/de\/shop\/skrivebord-med-skuffer-fsc-asketrae\/","og_locale":"de_DE","og_type":"article","og_title":"Schreibtisch mit Schubladen FSC Eschenholz","og_description":"Der klimafreundliche Esstisch ist eine stilvolle Wahl f\u00fcr alle, die modernes Design und nat\u00fcrliche Materialien in ihrem Zuhause kombinieren m\u00f6chten. Der Tisch ist aus FSC-zertifiziertem Eschenholz und Eschenfurnier gefertigt, was ihm ein langlebiges und elegantes Aussehen verleiht. Die robuste Tischplatte ist sowohl langlebig als auch funktional und eignet sich sowohl f\u00fcr allt\u00e4gliche Mahlzeiten als auch [&hellip;]","og_url":"https:\/\/grontkontor.dk\/de\/shop\/skrivebord-med-skuffer-fsc-asketrae\/","og_site_name":"Gr\u00f8nt Kontor","article_publisher":"https:\/\/www.facebook.com\/grontkontor.dk\/","article_modified_time":"2025-09-10T07:57:07+00:00","og_image":[{"width":1765,"height":1254,"url":"https:\/\/grontkontor.dk\/wp-content\/uploads\/2025\/08\/Klimavenligt-skrivebord-i-asketrae.jpg","type":"image\/jpeg"}],"twitter_card":"summary_large_image","twitter_misc":{"Gesch\u00e4tzte Lesezeit":"1\u00a0Minute"},"schema":{"@context":"https:\/\/schema.org","@graph":[{"@type":"WebPage","@id":"https:\/\/grontkontor.dk\/de\/shop\/skrivebord-med-skuffer-fsc-asketrae\/","url":"https:\/\/grontkontor.dk\/de\/shop\/skrivebord-med-skuffer-fsc-asketrae\/","name":"Schreibtisch mit Schubladen FSC Eschenholz - Gr\u00f8nt Kontor","isPartOf":{"@id":"https:\/\/grontkontor.dk\/#website"},"datePublished":"2025-08-19T07:26:26+00:00","dateModified":"2025-09-10T07:57:07+00:00","breadcrumb":{"@id":"https:\/\/grontkontor.dk\/de\/shop\/skrivebord-med-skuffer-fsc-asketrae\/#breadcrumb"},"inLanguage":"de","potentialAction":[{"@type":"ReadAction","target":["https:\/\/grontkontor.dk\/de\/shop\/skrivebord-med-skuffer-fsc-asketrae\/"]}]},{"@type":"BreadcrumbList","@id":"https:\/\/grontkontor.dk\/de\/shop\/skrivebord-med-skuffer-fsc-asketrae\/#breadcrumb","itemListElement":[{"@type":"ListItem","position":1,"name":"Forside","item":"https:\/\/grontkontor.dk\/de\/"},{"@type":"ListItem","position":2,"name":"Laden","item":"https:\/\/grontkontor.dk\/de\/laden\/"},{"@type":"ListItem","position":3,"name":"M\u00f8bler og inventar","item":"https:\/\/grontkontor.dk\/produkt-kategori\/mobler-og-inventar\/"},{"@type":"ListItem","position":4,"name":"Borde","item":"https:\/\/grontkontor.dk\/produkt-kategori\/mobler-og-inventar\/borde\/"},{"@type":"ListItem","position":5,"name":"Schreibtisch mit Schubladen FSC Eschenholz"}]},{"@type":"WebSite","@id":"https:\/\/grontkontor.dk\/#website","url":"https:\/\/grontkontor.dk\/","name":"Gr\u00f8nt Kontor","description":"Milj\u00f8venlige produkter til kontor og erhverv med fokus p\u00e5 b\u00e6redygtighed, design og fair trade.","publisher":{"@id":"https:\/\/grontkontor.dk\/#organization"},"potentialAction":[{"@type":"SearchAction","target":{"@type":"EntryPoint","urlTemplate":"https:\/\/grontkontor.dk\/?s={search_term_string}"},"query-input":"required name=search_term_string"}],"inLanguage":"de"},{"@type":"Organization","@id":"https:\/\/grontkontor.dk\/#organization","name":"Gr\u00f8nt Kontor","url":"https:\/\/grontkontor.dk\/","logo":{"@type":"ImageObject","inLanguage":"de","@id":"https:\/\/grontkontor.dk\/#\/schema\/logo\/image\/","url":"https:\/\/grontkontor.dk\/wp-content\/uploads\/2014\/02\/Logo_groent_kontor_300x80.png","contentUrl":"https:\/\/grontkontor.dk\/wp-content\/uploads\/2014\/02\/Logo_groent_kontor_300x80.png","width":300,"height":80,"caption":"Gr\u00f8nt Kontor"},"image":{"@id":"https:\/\/grontkontor.dk\/#\/schema\/logo\/image\/"},"sameAs":["https:\/\/www.facebook.com\/grontkontor.dk\/"]}]}},"_links":{"self":[{"href":"https:\/\/grontkontor.dk\/de\/wp-json\/wp\/v2\/product\/127554"}],"collection":[{"href":"https:\/\/grontkontor.dk\/de\/wp-json\/wp\/v2\/product"}],"about":[{"href":"https:\/\/grontkontor.dk\/de\/wp-json\/wp\/v2\/types\/product"}],"replies":[{"embeddable":true,"href":"https:\/\/grontkontor.dk\/de\/wp-json\/wp\/v2\/comments?post=127554"}],"wp:featuredmedia":[{"embeddable":true,"href":"https:\/\/grontkontor.dk\/de\/wp-json\/wp\/v2\/media\/127558"}],"wp:attachment":[{"href":"https:\/\/grontkontor.dk\/de\/wp-json\/wp\/v2\/media?parent=127554"}],"wp:term":[{"taxonomy":"product_cat","embeddable":true,"href":"https:\/\/grontkontor.dk\/de\/wp-json\/wp\/v2\/product_cat?post=127554"},{"taxonomy":"product_tag","embeddable":true,"href":"https:\/\/grontkontor.dk\/de\/wp-json\/wp\/v2\/product_tag?post=127554"}],"curies":[{"name":"wp","href":"https:\/\/api.w.org\/{rel}","templated":true}]}}