{"id":127583,"date":"2025-08-20T10:18:35","date_gmt":"2025-08-20T08:18:36","guid":{"rendered":"https:\/\/grontkontor.dk\/?post_type=product&#038;p=127583"},"modified":"2025-09-10T09:57:11","modified_gmt":"2025-09-10T07:57:11","slug":"baenk-egetrae-fsc-2","status":"publish","type":"product","link":"https:\/\/grontkontor.dk\/de\/shop\/baenk-egetrae-fsc-2\/","title":{"rendered":"Bank Eiche FSC"},"content":{"rendered":"<p data-start=\"146\" data-end=\"385\">Klimafreundliche Bank aus FSC-zertifizierter Eiche, ein elegantes und funktionales M\u00f6belst\u00fcck, das modernes Design mit nat\u00fcrlichen Materialien verbindet. Die Bank ist aus FSC-zertifizierter Eiche und Eichenfurnier gefertigt, was sowohl f\u00fcr Umweltfreundlichkeit als auch f\u00fcr hohe Qualit\u00e4t sorgt. <\/p>\n<p data-start=\"387\" data-end=\"601\">Mit ihrem schlichten und zeitlosen Ausdruck passt die Bank perfekt in viele Wohnstile \u2013 von minimalistisch bis klassisch. Es eignet sich ideal als zus\u00e4tzliche Sitzgelegenheit am Esstisch, im Flur oder als dekoratives M\u00f6bel im Wohnzimmer. <\/p>\n<p>[FSC_s] [tryk] &nbsp; <a href=\"https:\/\/ic.fsc.org\/en\/\" target=\"window\"><img loading=\"lazy\" decoding=\"async\" class=\"size-full wp-image-12735\" src=\"https:\/\/grontkontor.dk\/wp-content\/uploads\/2019\/04\/fsc-certificeret.png\" \n\t\t alt=\"FSC-certificeret\" title=\"FSC-certificeret\" width=\"44\" height=\"51\" border=0\/><\/a><\/p>\n","protected":false},"excerpt":{"rendered":"<p>Klimafreundliche Bank aus FSC-zertifizierter Eiche, ein elegantes und funktionales M\u00f6belst\u00fcck, das modernes Design mit nat\u00fcrlichen Materialien verbindet. Die Bank ist aus FSC-zertifizierter Eiche und Eichenfurnier gefertigt, was sowohl f\u00fcr Umweltfreundlichkeit als auch f\u00fcr hohe Qualit\u00e4t sorgt. Mit ihrem schlichten und zeitlosen Ausdruck passt die Bank perfekt in viele Wohnstile \u2013 von minimalistisch bis klassisch. Es [&hellip;]<\/p>\n","protected":false},"featured_media":127590,"comment_status":"closed","ping_status":"closed","template":"","meta":{"_acf_changed":false},"product_cat":[3325,3895,3084,3323,3489],"product_tag":[3625,3538],"class_list":{"0":"post-127583","1":"product","2":"type-product","3":"status-publish","4":"has-post-thumbnail","6":"product_cat-dummy-moq-1-de","7":"product_cat-eiche","8":"product_cat-neuheiten","9":"product_cat-produktserien","10":"product_cat-sonstige-leuchten","11":"product_tag-bank","12":"product_tag-moebel-de","13":"tm-has-options","15":"first","16":"instock","17":"taxable","18":"shipping-taxable","19":"purchasable","20":"product-type-simple"},"acf":[],"yoast_head":"<!-- This site is optimized with the Yoast SEO Premium plugin v21.2 (Yoast SEO v21.2) - https:\/\/yoast.com\/wordpress\/plugins\/seo\/ -->\n<title>Bank Eiche FSC - Gr\u00f8nt Kontor<\/title>\n<meta name=\"robots\" content=\"index, follow, max-snippet:-1, max-image-preview:large, max-video-preview:-1\" \/>\n<link rel=\"canonical\" href=\"https:\/\/grontkontor.dk\/de\/shop\/baenk-egetrae-fsc-2\/\" \/>\n<meta property=\"og:locale\" content=\"de_DE\" \/>\n<meta property=\"og:type\" content=\"article\" \/>\n<meta property=\"og:title\" content=\"Bank Eiche FSC\" \/>\n<meta property=\"og:description\" content=\"Klimafreundliche Bank aus FSC-zertifizierter Eiche, ein elegantes und funktionales M\u00f6belst\u00fcck, das modernes Design mit nat\u00fcrlichen Materialien verbindet. Die Bank ist aus FSC-zertifizierter Eiche und Eichenfurnier gefertigt, was sowohl f\u00fcr Umweltfreundlichkeit als auch f\u00fcr hohe Qualit\u00e4t sorgt. Mit ihrem schlichten und zeitlosen Ausdruck passt die Bank perfekt in viele Wohnstile \u2013 von minimalistisch bis klassisch. Es [&hellip;]\" \/>\n<meta property=\"og:url\" content=\"https:\/\/grontkontor.dk\/de\/shop\/baenk-egetrae-fsc-2\/\" \/>\n<meta property=\"og:site_name\" content=\"Gr\u00f8nt Kontor\" \/>\n<meta property=\"article:publisher\" content=\"https:\/\/www.facebook.com\/grontkontor.dk\/\" \/>\n<meta property=\"article:modified_time\" content=\"2025-09-10T07:57:11+00:00\" \/>\n<meta property=\"og:image\" content=\"https:\/\/grontkontor.dk\/wp-content\/uploads\/2023\/03\/Opslagstavle-FSC-egetrae-klimavenlig.jpg\" \/>\n\t<meta property=\"og:image:width\" content=\"900\" \/>\n\t<meta property=\"og:image:height\" content=\"639\" \/>\n\t<meta property=\"og:image:type\" content=\"image\/jpeg\" \/>\n<meta name=\"twitter:card\" content=\"summary_large_image\" \/>\n<script type=\"application\/ld+json\" class=\"yoast-schema-graph\">{\"@context\":\"https:\/\/schema.org\",\"@graph\":[{\"@type\":\"WebPage\",\"@id\":\"https:\/\/grontkontor.dk\/de\/shop\/baenk-egetrae-fsc-2\/\",\"url\":\"https:\/\/grontkontor.dk\/de\/shop\/baenk-egetrae-fsc-2\/\",\"name\":\"Bank Eiche FSC - Gr\u00f8nt Kontor\",\"isPartOf\":{\"@id\":\"https:\/\/grontkontor.dk\/#website\"},\"datePublished\":\"2025-08-20T08:18:36+00:00\",\"dateModified\":\"2025-09-10T07:57:11+00:00\",\"breadcrumb\":{\"@id\":\"https:\/\/grontkontor.dk\/de\/shop\/baenk-egetrae-fsc-2\/#breadcrumb\"},\"inLanguage\":\"de\",\"potentialAction\":[{\"@type\":\"ReadAction\",\"target\":[\"https:\/\/grontkontor.dk\/de\/shop\/baenk-egetrae-fsc-2\/\"]}]},{\"@type\":\"BreadcrumbList\",\"@id\":\"https:\/\/grontkontor.dk\/de\/shop\/baenk-egetrae-fsc-2\/#breadcrumb\",\"itemListElement\":[{\"@type\":\"ListItem\",\"position\":1,\"name\":\"Forside\",\"item\":\"https:\/\/grontkontor.dk\/de\/\"},{\"@type\":\"ListItem\",\"position\":2,\"name\":\"Laden\",\"item\":\"https:\/\/grontkontor.dk\/de\/laden\/\"},{\"@type\":\"ListItem\",\"position\":3,\"name\":\"M\u00f8bler og inventar\",\"item\":\"https:\/\/grontkontor.dk\/produkt-kategori\/mobler-og-inventar\/\"},{\"@type\":\"ListItem\",\"position\":4,\"name\":\"Diverse inventar\",\"item\":\"https:\/\/grontkontor.dk\/produkt-kategori\/mobler-og-inventar\/diverse-inventar\/\"},{\"@type\":\"ListItem\",\"position\":5,\"name\":\"Bank Eiche FSC\"}]},{\"@type\":\"WebSite\",\"@id\":\"https:\/\/grontkontor.dk\/#website\",\"url\":\"https:\/\/grontkontor.dk\/\",\"name\":\"Gr\u00f8nt Kontor\",\"description\":\"Milj\u00f8venlige produkter til kontor og erhverv med fokus p\u00e5 b\u00e6redygtighed, design og fair trade.\",\"publisher\":{\"@id\":\"https:\/\/grontkontor.dk\/#organization\"},\"potentialAction\":[{\"@type\":\"SearchAction\",\"target\":{\"@type\":\"EntryPoint\",\"urlTemplate\":\"https:\/\/grontkontor.dk\/?s={search_term_string}\"},\"query-input\":\"required name=search_term_string\"}],\"inLanguage\":\"de\"},{\"@type\":\"Organization\",\"@id\":\"https:\/\/grontkontor.dk\/#organization\",\"name\":\"Gr\u00f8nt Kontor\",\"url\":\"https:\/\/grontkontor.dk\/\",\"logo\":{\"@type\":\"ImageObject\",\"inLanguage\":\"de\",\"@id\":\"https:\/\/grontkontor.dk\/#\/schema\/logo\/image\/\",\"url\":\"https:\/\/grontkontor.dk\/wp-content\/uploads\/2014\/02\/Logo_groent_kontor_300x80.png\",\"contentUrl\":\"https:\/\/grontkontor.dk\/wp-content\/uploads\/2014\/02\/Logo_groent_kontor_300x80.png\",\"width\":300,\"height\":80,\"caption\":\"Gr\u00f8nt Kontor\"},\"image\":{\"@id\":\"https:\/\/grontkontor.dk\/#\/schema\/logo\/image\/\"},\"sameAs\":[\"https:\/\/www.facebook.com\/grontkontor.dk\/\"]}]}<\/script>\n<!-- \/ Yoast SEO Premium plugin. -->","yoast_head_json":{"title":"Bank Eiche FSC - Gr\u00f8nt Kontor","robots":{"index":"index","follow":"follow","max-snippet":"max-snippet:-1","max-image-preview":"max-image-preview:large","max-video-preview":"max-video-preview:-1"},"canonical":"https:\/\/grontkontor.dk\/de\/shop\/baenk-egetrae-fsc-2\/","og_locale":"de_DE","og_type":"article","og_title":"Bank Eiche FSC","og_description":"Klimafreundliche Bank aus FSC-zertifizierter Eiche, ein elegantes und funktionales M\u00f6belst\u00fcck, das modernes Design mit nat\u00fcrlichen Materialien verbindet. Die Bank ist aus FSC-zertifizierter Eiche und Eichenfurnier gefertigt, was sowohl f\u00fcr Umweltfreundlichkeit als auch f\u00fcr hohe Qualit\u00e4t sorgt. Mit ihrem schlichten und zeitlosen Ausdruck passt die Bank perfekt in viele Wohnstile \u2013 von minimalistisch bis klassisch. Es [&hellip;]","og_url":"https:\/\/grontkontor.dk\/de\/shop\/baenk-egetrae-fsc-2\/","og_site_name":"Gr\u00f8nt Kontor","article_publisher":"https:\/\/www.facebook.com\/grontkontor.dk\/","article_modified_time":"2025-09-10T07:57:11+00:00","og_image":[{"width":900,"height":639,"url":"https:\/\/grontkontor.dk\/wp-content\/uploads\/2023\/03\/Opslagstavle-FSC-egetrae-klimavenlig.jpg","type":"image\/jpeg"}],"twitter_card":"summary_large_image","schema":{"@context":"https:\/\/schema.org","@graph":[{"@type":"WebPage","@id":"https:\/\/grontkontor.dk\/de\/shop\/baenk-egetrae-fsc-2\/","url":"https:\/\/grontkontor.dk\/de\/shop\/baenk-egetrae-fsc-2\/","name":"Bank Eiche FSC - Gr\u00f8nt Kontor","isPartOf":{"@id":"https:\/\/grontkontor.dk\/#website"},"datePublished":"2025-08-20T08:18:36+00:00","dateModified":"2025-09-10T07:57:11+00:00","breadcrumb":{"@id":"https:\/\/grontkontor.dk\/de\/shop\/baenk-egetrae-fsc-2\/#breadcrumb"},"inLanguage":"de","potentialAction":[{"@type":"ReadAction","target":["https:\/\/grontkontor.dk\/de\/shop\/baenk-egetrae-fsc-2\/"]}]},{"@type":"BreadcrumbList","@id":"https:\/\/grontkontor.dk\/de\/shop\/baenk-egetrae-fsc-2\/#breadcrumb","itemListElement":[{"@type":"ListItem","position":1,"name":"Forside","item":"https:\/\/grontkontor.dk\/de\/"},{"@type":"ListItem","position":2,"name":"Laden","item":"https:\/\/grontkontor.dk\/de\/laden\/"},{"@type":"ListItem","position":3,"name":"M\u00f8bler og inventar","item":"https:\/\/grontkontor.dk\/produkt-kategori\/mobler-og-inventar\/"},{"@type":"ListItem","position":4,"name":"Diverse inventar","item":"https:\/\/grontkontor.dk\/produkt-kategori\/mobler-og-inventar\/diverse-inventar\/"},{"@type":"ListItem","position":5,"name":"Bank Eiche FSC"}]},{"@type":"WebSite","@id":"https:\/\/grontkontor.dk\/#website","url":"https:\/\/grontkontor.dk\/","name":"Gr\u00f8nt Kontor","description":"Milj\u00f8venlige produkter til kontor og erhverv med fokus p\u00e5 b\u00e6redygtighed, design og fair trade.","publisher":{"@id":"https:\/\/grontkontor.dk\/#organization"},"potentialAction":[{"@type":"SearchAction","target":{"@type":"EntryPoint","urlTemplate":"https:\/\/grontkontor.dk\/?s={search_term_string}"},"query-input":"required name=search_term_string"}],"inLanguage":"de"},{"@type":"Organization","@id":"https:\/\/grontkontor.dk\/#organization","name":"Gr\u00f8nt Kontor","url":"https:\/\/grontkontor.dk\/","logo":{"@type":"ImageObject","inLanguage":"de","@id":"https:\/\/grontkontor.dk\/#\/schema\/logo\/image\/","url":"https:\/\/grontkontor.dk\/wp-content\/uploads\/2014\/02\/Logo_groent_kontor_300x80.png","contentUrl":"https:\/\/grontkontor.dk\/wp-content\/uploads\/2014\/02\/Logo_groent_kontor_300x80.png","width":300,"height":80,"caption":"Gr\u00f8nt Kontor"},"image":{"@id":"https:\/\/grontkontor.dk\/#\/schema\/logo\/image\/"},"sameAs":["https:\/\/www.facebook.com\/grontkontor.dk\/"]}]}},"_links":{"self":[{"href":"https:\/\/grontkontor.dk\/de\/wp-json\/wp\/v2\/product\/127583"}],"collection":[{"href":"https:\/\/grontkontor.dk\/de\/wp-json\/wp\/v2\/product"}],"about":[{"href":"https:\/\/grontkontor.dk\/de\/wp-json\/wp\/v2\/types\/product"}],"replies":[{"embeddable":true,"href":"https:\/\/grontkontor.dk\/de\/wp-json\/wp\/v2\/comments?post=127583"}],"wp:featuredmedia":[{"embeddable":true,"href":"https:\/\/grontkontor.dk\/de\/wp-json\/wp\/v2\/media\/127590"}],"wp:attachment":[{"href":"https:\/\/grontkontor.dk\/de\/wp-json\/wp\/v2\/media?parent=127583"}],"wp:term":[{"taxonomy":"product_cat","embeddable":true,"href":"https:\/\/grontkontor.dk\/de\/wp-json\/wp\/v2\/product_cat?post=127583"},{"taxonomy":"product_tag","embeddable":true,"href":"https:\/\/grontkontor.dk\/de\/wp-json\/wp\/v2\/product_tag?post=127583"}],"curies":[{"name":"wp","href":"https:\/\/api.w.org\/{rel}","templated":true}]}}