{"id":127707,"date":"2025-08-28T14:32:31","date_gmt":"2025-08-28T12:32:52","guid":{"rendered":"https:\/\/grontkontor.dk\/?post_type=product&#038;p=127707"},"modified":"2025-09-10T09:56:39","modified_gmt":"2025-09-10T07:56:39","slug":"genanvendelige-eventkrus-900ml","status":"publish","type":"product","link":"https:\/\/grontkontor.dk\/de\/shop\/genanvendelige-eventkrus-900ml\/","title":{"rendered":"Event Becher Wiederverwendbar 900ml"},"content":{"rendered":"<div id=\"user-query-content-1\" class=\"query-content ng-star-inserted\" data-hveid=\"0\" data-ved=\"0CAAQ3ucQahcKEwjPmcbOhLyPAxUAAAAAHQAAAAAQOA\">\n<div class=\"ng-star-inserted\">\n<div class=\"avatar_spinner_animation ng-tns-c2526146019-29 ng-star-inserted\">\n<div id=\"model-response-message-contentr_d05997e24e5f5cc0\" class=\"markdown markdown-main-panel enable-updated-hr-color\" dir=\"ltr\">\n<p>Sie sind auf der Suche nach der perfekten L\u00f6sung f\u00fcr Ihre Veranstaltungen und Festivals, die Funktionalit\u00e4t mit einem starken Fokus auf Recyclingf\u00e4higkeit verbindet? Unser wiederverwendbarer Eventbecher aus strapazierf\u00e4higem Kunststoff ist die ideale Wahl. Diese Becher sind so konzipiert, dass sie immer wieder verwendet werden k\u00f6nnen, was sie in vielen F\u00e4llen zu einer nachhaltigeren Alternative zu Einwegbechern macht. Wenn Sie sich f\u00fcr diese Becher entscheiden, reduzieren Sie nicht nur die Abfallmenge, sondern senden auch ein klares Signal f\u00fcr die Verantwortung Ihrer Marke.    F\u00fcr individuelle Veranstaltungen empfehlen wir jedoch unsere <a href=\"..\/produkt\/plastfrit-papkrus-logotryk-47-cl\/\">plastikfreien Einwegbecher f\u00fcr Hei\u00dfgetr\u00e4nke<\/a> (3 Gr\u00f6\u00dfen) oder <a href=\"..\/produkt\/plastfri-papkrust-med-logotryk-47cl\/\">plastikfreie Einwegbecher f\u00fcr Kaltgetr\u00e4nke<\/a> (3 Gr\u00f6\u00dfen)<\/p>\n<p>Unsere Festivalbecher sind nicht nur langlebig \u2013 sie sind auch unglaublich praktisch. Sie sind sp\u00fclmaschinenfest und sorgen daf\u00fcr, dass sie nach jedem Gebrauch einfach und effektiv gereinigt werden k\u00f6nnen, um f\u00fcr den n\u00e4chsten Einsatz ger\u00fcstet zu sein. Diese Recyclingf\u00e4higkeit spart Ihnen jedes Mal die Kosten f\u00fcr neue Becher und minimiert Ihren \u00f6kologischen Fu\u00dfabdruck.  <\/p>\n<p>Machen Sie Ihre Marke sichtbar! Wir bieten Logodruck auf den Tassen an, damit Sie ein einzigartiges, wiedererkennbares Design erstellen k\u00f6nnen, das Ihr Branding st\u00e4rkt. Ihr Logo wird Teil des Festivalerlebnisses und sorgt daf\u00fcr, dass Ihre Botschaft noch lange nach der Veranstaltung fortbesteht. Die Becher eignen sich perfekt f\u00fcr alles, von Konzerten und Sportveranstaltungen bis hin zu Firmenfeiern und Messen.   <\/p>\n<p>Investieren Sie in eine L\u00f6sung, die sowohl wirtschaftlich vorteilhaft als auch umweltbewusst ist. Mit unseren wiederverwendbaren Eventbechern erhalten Sie ein Produkt, das Qualit\u00e4t und verantwortungsvollen Konsum vereint. Sie werden nicht aus recyceltem Kunststoff hergestellt, aber ihre F\u00e4higkeit, immer wieder verwendet zu werden, macht sie zu einer guten Wahl f\u00fcr alle, die ihren Verbrauch von Einwegmaterialien reduzieren m\u00f6chten.  <\/p>\n<p>Sind Sie bereit, den Schritt zu einem verantwortungsvolleren und professionelleren Branding zu gehen? Bestellen Sie noch heute Ihre Festivaltassen mit Logodruck und erleben Sie den Unterschied! <\/p>\n<\/div>\n<\/div>\n<\/div>\n<\/div>\n<p>Der Becher ist [food-c] auch wiederverwendbar.<\/p>\n","protected":false},"excerpt":{"rendered":"<p>Sie sind auf der Suche nach der perfekten L\u00f6sung f\u00fcr Ihre Veranstaltungen und Festivals, die Funktionalit\u00e4t mit einem starken Fokus auf Recyclingf\u00e4higkeit verbindet? Unser wiederverwendbarer Eventbecher aus strapazierf\u00e4higem Kunststoff ist die ideale Wahl. Diese Becher sind so konzipiert, dass sie immer wieder verwendet werden k\u00f6nnen, was sie in vielen F\u00e4llen zu einer nachhaltigeren Alternative zu [&hellip;]<\/p>\n","protected":false},"featured_media":127711,"comment_status":"closed","ping_status":"closed","template":"","meta":{"_acf_changed":false},"product_cat":[3662,3465,3517,3418,3084],"product_tag":[3663,3664,4772],"class_list":{"0":"post-127707","1":"product","2":"type-product","3":"status-publish","4":"has-post-thumbnail","6":"product_cat-becher-und-tassen-fuer-die-messe","7":"product_cat-becher-tassen-etc","8":"product_cat-dummy-moq-50-100-de","9":"product_cat-messe-und-event","10":"product_cat-neuheiten","11":"product_tag-becher","12":"product_tag-festival-tassen","13":"product_tag-messbecher","14":"pa_farve-durchsichtig","15":"pa_farve-schwarz","16":"pa_farve-weiss","17":"tm-has-options","19":"first","20":"instock","21":"taxable","22":"shipping-taxable","23":"purchasable","24":"product-type-simple"},"acf":[],"yoast_head":"<!-- This site is optimized with the Yoast SEO Premium plugin v21.2 (Yoast SEO v21.2) - https:\/\/yoast.com\/wordpress\/plugins\/seo\/ -->\n<title>Wiederverwendbare Event-Becher<\/title>\n<meta name=\"description\" content=\"Wiederverwendbare Eventbecher aus strapazierf\u00e4higem Kunststoff. Perfekt f\u00fcr Events und Messen mit Logodruck. Sp\u00fclmaschinenfest. Entscheiden Sie sich f\u00fcr eine nachhaltige L\u00f6sung f\u00fcr Ihr Branding und reduzieren Sie Abfall.\" \/>\n<meta name=\"robots\" content=\"index, follow, max-snippet:-1, max-image-preview:large, max-video-preview:-1\" \/>\n<link rel=\"canonical\" href=\"https:\/\/grontkontor.dk\/de\/shop\/genanvendelige-eventkrus-900ml\/\" \/>\n<meta property=\"og:locale\" content=\"de_DE\" \/>\n<meta property=\"og:type\" content=\"article\" \/>\n<meta property=\"og:title\" content=\"Event Becher Wiederverwendbar 900ml\" \/>\n<meta property=\"og:description\" content=\"Wiederverwendbare Eventbecher aus strapazierf\u00e4higem Kunststoff. Perfekt f\u00fcr Events und Messen mit Logodruck. Sp\u00fclmaschinenfest. Entscheiden Sie sich f\u00fcr eine nachhaltige L\u00f6sung f\u00fcr Ihr Branding und reduzieren Sie Abfall.\" \/>\n<meta property=\"og:url\" content=\"https:\/\/grontkontor.dk\/de\/shop\/genanvendelige-eventkrus-900ml\/\" \/>\n<meta property=\"og:site_name\" content=\"Gr\u00f8nt Kontor\" \/>\n<meta property=\"article:publisher\" content=\"https:\/\/www.facebook.com\/grontkontor.dk\/\" \/>\n<meta property=\"article:modified_time\" content=\"2025-09-10T07:56:39+00:00\" \/>\n<meta property=\"og:image\" content=\"https:\/\/grontkontor.dk\/wp-content\/uploads\/2025\/08\/Genanvendeligt-plast-krus-til-events.jpg\" \/>\n\t<meta property=\"og:image:width\" content=\"1378\" \/>\n\t<meta property=\"og:image:height\" content=\"979\" \/>\n\t<meta property=\"og:image:type\" content=\"image\/jpeg\" \/>\n<meta name=\"twitter:card\" content=\"summary_large_image\" \/>\n<meta name=\"twitter:label1\" content=\"Gesch\u00e4tzte Lesezeit\" \/>\n\t<meta name=\"twitter:data1\" content=\"2\u00a0Minuten\" \/>\n<script type=\"application\/ld+json\" class=\"yoast-schema-graph\">{\"@context\":\"https:\/\/schema.org\",\"@graph\":[{\"@type\":\"WebPage\",\"@id\":\"https:\/\/grontkontor.dk\/de\/shop\/genanvendelige-eventkrus-900ml\/\",\"url\":\"https:\/\/grontkontor.dk\/de\/shop\/genanvendelige-eventkrus-900ml\/\",\"name\":\"Wiederverwendbare Event-Becher\",\"isPartOf\":{\"@id\":\"https:\/\/grontkontor.dk\/#website\"},\"datePublished\":\"2025-08-28T12:32:52+00:00\",\"dateModified\":\"2025-09-10T07:56:39+00:00\",\"description\":\"Wiederverwendbare Eventbecher aus strapazierf\u00e4higem Kunststoff. Perfekt f\u00fcr Events und Messen mit Logodruck. Sp\u00fclmaschinenfest. Entscheiden Sie sich f\u00fcr eine nachhaltige L\u00f6sung f\u00fcr Ihr Branding und reduzieren Sie Abfall.\",\"breadcrumb\":{\"@id\":\"https:\/\/grontkontor.dk\/de\/shop\/genanvendelige-eventkrus-900ml\/#breadcrumb\"},\"inLanguage\":\"de\",\"potentialAction\":[{\"@type\":\"ReadAction\",\"target\":[\"https:\/\/grontkontor.dk\/de\/shop\/genanvendelige-eventkrus-900ml\/\"]}]},{\"@type\":\"BreadcrumbList\",\"@id\":\"https:\/\/grontkontor.dk\/de\/shop\/genanvendelige-eventkrus-900ml\/#breadcrumb\",\"itemListElement\":[{\"@type\":\"ListItem\",\"position\":1,\"name\":\"Forside\",\"item\":\"https:\/\/grontkontor.dk\/de\/\"},{\"@type\":\"ListItem\",\"position\":2,\"name\":\"Laden\",\"item\":\"https:\/\/grontkontor.dk\/de\/laden\/\"},{\"@type\":\"ListItem\",\"position\":3,\"name\":\"Mad og drikke\",\"item\":\"https:\/\/grontkontor.dk\/produkt-kategori\/mad-og-drikke\/\"},{\"@type\":\"ListItem\",\"position\":4,\"name\":\"Krus, kopper mm.\",\"item\":\"https:\/\/grontkontor.dk\/produkt-kategori\/mad-og-drikke\/to-go-krus-og-kopper\/\"},{\"@type\":\"ListItem\",\"position\":5,\"name\":\"Event Becher Wiederverwendbar 900ml\"}]},{\"@type\":\"WebSite\",\"@id\":\"https:\/\/grontkontor.dk\/#website\",\"url\":\"https:\/\/grontkontor.dk\/\",\"name\":\"Gr\u00f8nt Kontor\",\"description\":\"Milj\u00f8venlige produkter til kontor og erhverv med fokus p\u00e5 b\u00e6redygtighed, design og fair trade.\",\"publisher\":{\"@id\":\"https:\/\/grontkontor.dk\/#organization\"},\"potentialAction\":[{\"@type\":\"SearchAction\",\"target\":{\"@type\":\"EntryPoint\",\"urlTemplate\":\"https:\/\/grontkontor.dk\/?s={search_term_string}\"},\"query-input\":\"required name=search_term_string\"}],\"inLanguage\":\"de\"},{\"@type\":\"Organization\",\"@id\":\"https:\/\/grontkontor.dk\/#organization\",\"name\":\"Gr\u00f8nt Kontor\",\"url\":\"https:\/\/grontkontor.dk\/\",\"logo\":{\"@type\":\"ImageObject\",\"inLanguage\":\"de\",\"@id\":\"https:\/\/grontkontor.dk\/#\/schema\/logo\/image\/\",\"url\":\"https:\/\/grontkontor.dk\/wp-content\/uploads\/2014\/02\/Logo_groent_kontor_300x80.png\",\"contentUrl\":\"https:\/\/grontkontor.dk\/wp-content\/uploads\/2014\/02\/Logo_groent_kontor_300x80.png\",\"width\":300,\"height\":80,\"caption\":\"Gr\u00f8nt Kontor\"},\"image\":{\"@id\":\"https:\/\/grontkontor.dk\/#\/schema\/logo\/image\/\"},\"sameAs\":[\"https:\/\/www.facebook.com\/grontkontor.dk\/\"]}]}<\/script>\n<!-- \/ Yoast SEO Premium plugin. -->","yoast_head_json":{"title":"Wiederverwendbare Event-Becher","description":"Wiederverwendbare Eventbecher aus strapazierf\u00e4higem Kunststoff. Perfekt f\u00fcr Events und Messen mit Logodruck. Sp\u00fclmaschinenfest. Entscheiden Sie sich f\u00fcr eine nachhaltige L\u00f6sung f\u00fcr Ihr Branding und reduzieren Sie Abfall.","robots":{"index":"index","follow":"follow","max-snippet":"max-snippet:-1","max-image-preview":"max-image-preview:large","max-video-preview":"max-video-preview:-1"},"canonical":"https:\/\/grontkontor.dk\/de\/shop\/genanvendelige-eventkrus-900ml\/","og_locale":"de_DE","og_type":"article","og_title":"Event Becher Wiederverwendbar 900ml","og_description":"Wiederverwendbare Eventbecher aus strapazierf\u00e4higem Kunststoff. Perfekt f\u00fcr Events und Messen mit Logodruck. Sp\u00fclmaschinenfest. Entscheiden Sie sich f\u00fcr eine nachhaltige L\u00f6sung f\u00fcr Ihr Branding und reduzieren Sie Abfall.","og_url":"https:\/\/grontkontor.dk\/de\/shop\/genanvendelige-eventkrus-900ml\/","og_site_name":"Gr\u00f8nt Kontor","article_publisher":"https:\/\/www.facebook.com\/grontkontor.dk\/","article_modified_time":"2025-09-10T07:56:39+00:00","og_image":[{"width":1378,"height":979,"url":"https:\/\/grontkontor.dk\/wp-content\/uploads\/2025\/08\/Genanvendeligt-plast-krus-til-events.jpg","type":"image\/jpeg"}],"twitter_card":"summary_large_image","twitter_misc":{"Gesch\u00e4tzte Lesezeit":"2\u00a0Minuten"},"schema":{"@context":"https:\/\/schema.org","@graph":[{"@type":"WebPage","@id":"https:\/\/grontkontor.dk\/de\/shop\/genanvendelige-eventkrus-900ml\/","url":"https:\/\/grontkontor.dk\/de\/shop\/genanvendelige-eventkrus-900ml\/","name":"Wiederverwendbare Event-Becher","isPartOf":{"@id":"https:\/\/grontkontor.dk\/#website"},"datePublished":"2025-08-28T12:32:52+00:00","dateModified":"2025-09-10T07:56:39+00:00","description":"Wiederverwendbare Eventbecher aus strapazierf\u00e4higem Kunststoff. Perfekt f\u00fcr Events und Messen mit Logodruck. Sp\u00fclmaschinenfest. Entscheiden Sie sich f\u00fcr eine nachhaltige L\u00f6sung f\u00fcr Ihr Branding und reduzieren Sie Abfall.","breadcrumb":{"@id":"https:\/\/grontkontor.dk\/de\/shop\/genanvendelige-eventkrus-900ml\/#breadcrumb"},"inLanguage":"de","potentialAction":[{"@type":"ReadAction","target":["https:\/\/grontkontor.dk\/de\/shop\/genanvendelige-eventkrus-900ml\/"]}]},{"@type":"BreadcrumbList","@id":"https:\/\/grontkontor.dk\/de\/shop\/genanvendelige-eventkrus-900ml\/#breadcrumb","itemListElement":[{"@type":"ListItem","position":1,"name":"Forside","item":"https:\/\/grontkontor.dk\/de\/"},{"@type":"ListItem","position":2,"name":"Laden","item":"https:\/\/grontkontor.dk\/de\/laden\/"},{"@type":"ListItem","position":3,"name":"Mad og drikke","item":"https:\/\/grontkontor.dk\/produkt-kategori\/mad-og-drikke\/"},{"@type":"ListItem","position":4,"name":"Krus, kopper mm.","item":"https:\/\/grontkontor.dk\/produkt-kategori\/mad-og-drikke\/to-go-krus-og-kopper\/"},{"@type":"ListItem","position":5,"name":"Event Becher Wiederverwendbar 900ml"}]},{"@type":"WebSite","@id":"https:\/\/grontkontor.dk\/#website","url":"https:\/\/grontkontor.dk\/","name":"Gr\u00f8nt Kontor","description":"Milj\u00f8venlige produkter til kontor og erhverv med fokus p\u00e5 b\u00e6redygtighed, design og fair trade.","publisher":{"@id":"https:\/\/grontkontor.dk\/#organization"},"potentialAction":[{"@type":"SearchAction","target":{"@type":"EntryPoint","urlTemplate":"https:\/\/grontkontor.dk\/?s={search_term_string}"},"query-input":"required name=search_term_string"}],"inLanguage":"de"},{"@type":"Organization","@id":"https:\/\/grontkontor.dk\/#organization","name":"Gr\u00f8nt Kontor","url":"https:\/\/grontkontor.dk\/","logo":{"@type":"ImageObject","inLanguage":"de","@id":"https:\/\/grontkontor.dk\/#\/schema\/logo\/image\/","url":"https:\/\/grontkontor.dk\/wp-content\/uploads\/2014\/02\/Logo_groent_kontor_300x80.png","contentUrl":"https:\/\/grontkontor.dk\/wp-content\/uploads\/2014\/02\/Logo_groent_kontor_300x80.png","width":300,"height":80,"caption":"Gr\u00f8nt Kontor"},"image":{"@id":"https:\/\/grontkontor.dk\/#\/schema\/logo\/image\/"},"sameAs":["https:\/\/www.facebook.com\/grontkontor.dk\/"]}]}},"_links":{"self":[{"href":"https:\/\/grontkontor.dk\/de\/wp-json\/wp\/v2\/product\/127707"}],"collection":[{"href":"https:\/\/grontkontor.dk\/de\/wp-json\/wp\/v2\/product"}],"about":[{"href":"https:\/\/grontkontor.dk\/de\/wp-json\/wp\/v2\/types\/product"}],"replies":[{"embeddable":true,"href":"https:\/\/grontkontor.dk\/de\/wp-json\/wp\/v2\/comments?post=127707"}],"wp:featuredmedia":[{"embeddable":true,"href":"https:\/\/grontkontor.dk\/de\/wp-json\/wp\/v2\/media\/127711"}],"wp:attachment":[{"href":"https:\/\/grontkontor.dk\/de\/wp-json\/wp\/v2\/media?parent=127707"}],"wp:term":[{"taxonomy":"product_cat","embeddable":true,"href":"https:\/\/grontkontor.dk\/de\/wp-json\/wp\/v2\/product_cat?post=127707"},{"taxonomy":"product_tag","embeddable":true,"href":"https:\/\/grontkontor.dk\/de\/wp-json\/wp\/v2\/product_tag?post=127707"}],"curies":[{"name":"wp","href":"https:\/\/api.w.org\/{rel}","templated":true}]}}