{"id":128002,"date":"2025-09-03T14:22:17","date_gmt":"2025-09-03T12:22:18","guid":{"rendered":"https:\/\/grontkontor.dk\/?post_type=product&#038;p=128002"},"modified":"2025-09-10T09:57:42","modified_gmt":"2025-09-10T07:57:42","slug":"klimavenlig-notesbog-produceret-eu","status":"publish","type":"product","link":"https:\/\/grontkontor.dk\/de\/shop\/klimavenlig-notesbog-produceret-eu\/","title":{"rendered":"Notizbuch A4 Natur EU Liniert"},"content":{"rendered":"<p>Steigern Sie Ihre Produktivit\u00e4t mit unserem A4-Notizbuch made in the EU \u2013 die perfekte Kombination aus Eleganz und Funktionalit\u00e4t f\u00fcr Ihren Alltag. Mit seinem minimalistischen, nordischen Design und dem stilvollen naturfarbenen Einband ist dieses Notizbuch daf\u00fcr gemacht, sowohl im B\u00fcro als auch unterwegs zu begeistern. Die Gr\u00f6\u00dfe des A4 bietet Ihnen viel Platz zum Schreiben, ohne Kompromisse bei der Mobilit\u00e4t eingehen zu m\u00fcssen. Dar\u00fcber hinaus k\u00f6nnen Sie in einer gro\u00dfen Auswahl an Farben, sowie mit oder ohne Logodruck bestellen   <\/p>\n<p>Jedes Notizbuch ist ein Zeugnis hochwertiger Handwerkskunst. Es verf\u00fcgt \u00fcber ein weiches Softcover mit einer stabilen Klammer, die f\u00fcr Langlebigkeit und ein komfortables Benutzererlebnis sorgt. Im Inneren befinden sich 80 unlinierte Seiten, die Ihnen die v\u00f6llige Freiheit geben, Notizen zu machen, zu skizzieren oder Ihre Projekte genau so zu planen, wie Sie es m\u00f6chten. Das dicke Papier widersteht dem Durchbruch der Tinte, sodass Sie alle Seiten effizient nutzen k\u00f6nnen.   <\/p>\n<p>Wir sind stolz darauf, ein in der EU produziertes A4-Notizbuch anbieten zu k\u00f6nnen. Diese lokale Produktion sichert nicht nur h\u00f6chste Qualit\u00e4tsstandards, sondern tr\u00e4gt auch zu einer Reduzierung der CO2-Emissionen beim Transport bei. Der Bezug besteht aus recyceltem und recycelbarem FSC-zertifiziertem Papier und ist mit Klebstoff auf Wasserbasis verbunden, was ihn zu einer umweltfreundlichen Wahl macht, die auch einen erheblichen klimafreundlichen Fu\u00dfabdruck hat.  <\/p>\n<p>W\u00e4hlen Sie ein Notizbuch, das Ihre Werte widerspiegelt und Ihren Arbeitstag verbessert. Mit unserem in der EU hergestellten A4-Notizbuch erhalten Sie ein Qualit\u00e4tsprodukt, das auf Langlebigkeit ausgelegt ist. Es ist ideal f\u00fcr Unternehmen, Studenten und alle, die sowohl Stil als auch Substanz sch\u00e4tzen. Treffen Sie eine kluge Wahl f\u00fcr Ihre Arbeit und f\u00fcr den Planeten \u2013 kaufen Sie es noch heute und erleben Sie den Unterschied.   <\/p>\n<p data-start=\"2355\" data-end=\"2441\">[bigso_all]<\/p>\n","protected":false},"excerpt":{"rendered":"<p>Steigern Sie Ihre Produktivit\u00e4t mit unserem A4-Notizbuch made in the EU \u2013 die perfekte Kombination aus Eleganz und Funktionalit\u00e4t f\u00fcr Ihren Alltag. Mit seinem minimalistischen, nordischen Design und dem stilvollen naturfarbenen Einband ist dieses Notizbuch daf\u00fcr gemacht, sowohl im B\u00fcro als auch unterwegs zu begeistern. Die Gr\u00f6\u00dfe des A4 bietet Ihnen viel Platz zum Schreiben, [&hellip;]<\/p>\n","protected":false},"featured_media":128017,"comment_status":"closed","ping_status":"closed","template":"","meta":{"_acf_changed":false},"product_cat":[3325,3083,3606,3604,3323],"product_tag":[3729,3864,4773,3608,3862],"class_list":{"0":"post-128002","1":"product","2":"type-product","3":"status-publish","4":"has-post-thumbnail","6":"product_cat-dummy-moq-1-de","7":"product_cat-nature-recyclingpapier","8":"product_cat-notizbuecher","9":"product_cat-papier-und-bloecke","10":"product_cat-produktserien","11":"product_tag-notizblock","12":"product_tag-notizblock-de","13":"product_tag-notizblaetter","14":"product_tag-notizbuch","15":"product_tag-notizbuecher","16":"tm-has-options","18":"first","19":"instock","20":"taxable","21":"shipping-taxable","22":"purchasable","23":"product-type-simple"},"acf":[],"yoast_head":"<!-- This site is optimized with the Yoast SEO Premium plugin v21.2 (Yoast SEO v21.2) - https:\/\/yoast.com\/wordpress\/plugins\/seo\/ -->\n<title>A4-Notizbuch aus EU-Recyclingpapier<\/title>\n<meta name=\"description\" content=\"Hochwertiges, umweltfreundliches A4-Notizbuch, produziert in der EU mit einem umweltfreundlichen und klimafreundlichen Fokus. Hergestellt aus recyceltem, FSC-zertifiziertem Papier.\" \/>\n<meta name=\"robots\" content=\"index, follow, max-snippet:-1, max-image-preview:large, max-video-preview:-1\" \/>\n<link rel=\"canonical\" href=\"https:\/\/grontkontor.dk\/shop\/klimavenlig-notesbog-produceret-eu\/\" \/>\n<meta property=\"og:locale\" content=\"de_DE\" \/>\n<meta property=\"og:type\" content=\"article\" \/>\n<meta property=\"og:title\" content=\"Notizbuch A4 Natur EU Liniert\" \/>\n<meta property=\"og:description\" content=\"Hochwertiges, umweltfreundliches A4-Notizbuch, produziert in der EU mit einem umweltfreundlichen und klimafreundlichen Fokus. Hergestellt aus recyceltem, FSC-zertifiziertem Papier.\" \/>\n<meta property=\"og:url\" content=\"https:\/\/grontkontor.dk\/shop\/klimavenlig-notesbog-produceret-eu\/\" \/>\n<meta property=\"og:site_name\" content=\"Gr\u00f8nt Kontor\" \/>\n<meta property=\"article:publisher\" content=\"https:\/\/www.facebook.com\/grontkontor.dk\/\" \/>\n<meta property=\"article:modified_time\" content=\"2025-09-10T07:57:42+00:00\" \/>\n<meta property=\"og:image\" content=\"https:\/\/grontkontor.dk\/wp-content\/uploads\/2025\/09\/A4-notesbog-produceret-i-EU.jpg\" \/>\n\t<meta property=\"og:image:width\" content=\"900\" \/>\n\t<meta property=\"og:image:height\" content=\"639\" \/>\n\t<meta property=\"og:image:type\" content=\"image\/jpeg\" \/>\n<meta name=\"twitter:card\" content=\"summary_large_image\" \/>\n<meta name=\"twitter:label1\" content=\"Gesch\u00e4tzte Lesezeit\" \/>\n\t<meta name=\"twitter:data1\" content=\"2\u00a0Minuten\" \/>\n<script type=\"application\/ld+json\" class=\"yoast-schema-graph\">{\"@context\":\"https:\/\/schema.org\",\"@graph\":[{\"@type\":\"WebPage\",\"@id\":\"https:\/\/grontkontor.dk\/shop\/klimavenlig-notesbog-produceret-eu\/\",\"url\":\"https:\/\/grontkontor.dk\/shop\/klimavenlig-notesbog-produceret-eu\/\",\"name\":\"A4-Notizbuch aus EU-Recyclingpapier\",\"isPartOf\":{\"@id\":\"https:\/\/grontkontor.dk\/#website\"},\"datePublished\":\"2025-09-03T12:22:18+00:00\",\"dateModified\":\"2025-09-10T07:57:42+00:00\",\"description\":\"Hochwertiges, umweltfreundliches A4-Notizbuch, produziert in der EU mit einem umweltfreundlichen und klimafreundlichen Fokus. Hergestellt aus recyceltem, FSC-zertifiziertem Papier.\",\"breadcrumb\":{\"@id\":\"https:\/\/grontkontor.dk\/shop\/klimavenlig-notesbog-produceret-eu\/#breadcrumb\"},\"inLanguage\":\"de\",\"potentialAction\":[{\"@type\":\"ReadAction\",\"target\":[\"https:\/\/grontkontor.dk\/shop\/klimavenlig-notesbog-produceret-eu\/\"]}]},{\"@type\":\"BreadcrumbList\",\"@id\":\"https:\/\/grontkontor.dk\/shop\/klimavenlig-notesbog-produceret-eu\/#breadcrumb\",\"itemListElement\":[{\"@type\":\"ListItem\",\"position\":1,\"name\":\"Forside\",\"item\":\"https:\/\/grontkontor.dk\/de\/\"},{\"@type\":\"ListItem\",\"position\":2,\"name\":\"Laden\",\"item\":\"https:\/\/grontkontor.dk\/de\/laden\/\"},{\"@type\":\"ListItem\",\"position\":3,\"name\":\"Produktserien\",\"item\":\"https:\/\/grontkontor.dk\/de\/produkt-kategori\/produktserien\/\"},{\"@type\":\"ListItem\",\"position\":4,\"name\":\"Nature-Recyclingpapier\",\"item\":\"https:\/\/grontkontor.dk\/de\/produkt-kategori\/produktserien\/nature-recyclingpapier\/\"},{\"@type\":\"ListItem\",\"position\":5,\"name\":\"Notizbuch A4 Natur EU Liniert\"}]},{\"@type\":\"WebSite\",\"@id\":\"https:\/\/grontkontor.dk\/#website\",\"url\":\"https:\/\/grontkontor.dk\/\",\"name\":\"Gr\u00f8nt Kontor\",\"description\":\"Milj\u00f8venlige produkter til kontor og erhverv med fokus p\u00e5 b\u00e6redygtighed, design og fair trade.\",\"publisher\":{\"@id\":\"https:\/\/grontkontor.dk\/#organization\"},\"potentialAction\":[{\"@type\":\"SearchAction\",\"target\":{\"@type\":\"EntryPoint\",\"urlTemplate\":\"https:\/\/grontkontor.dk\/?s={search_term_string}\"},\"query-input\":\"required name=search_term_string\"}],\"inLanguage\":\"de\"},{\"@type\":\"Organization\",\"@id\":\"https:\/\/grontkontor.dk\/#organization\",\"name\":\"Gr\u00f8nt Kontor\",\"url\":\"https:\/\/grontkontor.dk\/\",\"logo\":{\"@type\":\"ImageObject\",\"inLanguage\":\"de\",\"@id\":\"https:\/\/grontkontor.dk\/#\/schema\/logo\/image\/\",\"url\":\"https:\/\/grontkontor.dk\/wp-content\/uploads\/2014\/02\/Logo_groent_kontor_300x80.png\",\"contentUrl\":\"https:\/\/grontkontor.dk\/wp-content\/uploads\/2014\/02\/Logo_groent_kontor_300x80.png\",\"width\":300,\"height\":80,\"caption\":\"Gr\u00f8nt Kontor\"},\"image\":{\"@id\":\"https:\/\/grontkontor.dk\/#\/schema\/logo\/image\/\"},\"sameAs\":[\"https:\/\/www.facebook.com\/grontkontor.dk\/\"]}]}<\/script>\n<!-- \/ Yoast SEO Premium plugin. -->","yoast_head_json":{"title":"A4-Notizbuch aus EU-Recyclingpapier","description":"Hochwertiges, umweltfreundliches A4-Notizbuch, produziert in der EU mit einem umweltfreundlichen und klimafreundlichen Fokus. Hergestellt aus recyceltem, FSC-zertifiziertem Papier.","robots":{"index":"index","follow":"follow","max-snippet":"max-snippet:-1","max-image-preview":"max-image-preview:large","max-video-preview":"max-video-preview:-1"},"canonical":"https:\/\/grontkontor.dk\/shop\/klimavenlig-notesbog-produceret-eu\/","og_locale":"de_DE","og_type":"article","og_title":"Notizbuch A4 Natur EU Liniert","og_description":"Hochwertiges, umweltfreundliches A4-Notizbuch, produziert in der EU mit einem umweltfreundlichen und klimafreundlichen Fokus. Hergestellt aus recyceltem, FSC-zertifiziertem Papier.","og_url":"https:\/\/grontkontor.dk\/shop\/klimavenlig-notesbog-produceret-eu\/","og_site_name":"Gr\u00f8nt Kontor","article_publisher":"https:\/\/www.facebook.com\/grontkontor.dk\/","article_modified_time":"2025-09-10T07:57:42+00:00","og_image":[{"width":900,"height":639,"url":"https:\/\/grontkontor.dk\/wp-content\/uploads\/2025\/09\/A4-notesbog-produceret-i-EU.jpg","type":"image\/jpeg"}],"twitter_card":"summary_large_image","twitter_misc":{"Gesch\u00e4tzte Lesezeit":"2\u00a0Minuten"},"schema":{"@context":"https:\/\/schema.org","@graph":[{"@type":"WebPage","@id":"https:\/\/grontkontor.dk\/shop\/klimavenlig-notesbog-produceret-eu\/","url":"https:\/\/grontkontor.dk\/shop\/klimavenlig-notesbog-produceret-eu\/","name":"A4-Notizbuch aus EU-Recyclingpapier","isPartOf":{"@id":"https:\/\/grontkontor.dk\/#website"},"datePublished":"2025-09-03T12:22:18+00:00","dateModified":"2025-09-10T07:57:42+00:00","description":"Hochwertiges, umweltfreundliches A4-Notizbuch, produziert in der EU mit einem umweltfreundlichen und klimafreundlichen Fokus. Hergestellt aus recyceltem, FSC-zertifiziertem Papier.","breadcrumb":{"@id":"https:\/\/grontkontor.dk\/shop\/klimavenlig-notesbog-produceret-eu\/#breadcrumb"},"inLanguage":"de","potentialAction":[{"@type":"ReadAction","target":["https:\/\/grontkontor.dk\/shop\/klimavenlig-notesbog-produceret-eu\/"]}]},{"@type":"BreadcrumbList","@id":"https:\/\/grontkontor.dk\/shop\/klimavenlig-notesbog-produceret-eu\/#breadcrumb","itemListElement":[{"@type":"ListItem","position":1,"name":"Forside","item":"https:\/\/grontkontor.dk\/de\/"},{"@type":"ListItem","position":2,"name":"Laden","item":"https:\/\/grontkontor.dk\/de\/laden\/"},{"@type":"ListItem","position":3,"name":"Produktserien","item":"https:\/\/grontkontor.dk\/de\/produkt-kategori\/produktserien\/"},{"@type":"ListItem","position":4,"name":"Nature-Recyclingpapier","item":"https:\/\/grontkontor.dk\/de\/produkt-kategori\/produktserien\/nature-recyclingpapier\/"},{"@type":"ListItem","position":5,"name":"Notizbuch A4 Natur EU Liniert"}]},{"@type":"WebSite","@id":"https:\/\/grontkontor.dk\/#website","url":"https:\/\/grontkontor.dk\/","name":"Gr\u00f8nt Kontor","description":"Milj\u00f8venlige produkter til kontor og erhverv med fokus p\u00e5 b\u00e6redygtighed, design og fair trade.","publisher":{"@id":"https:\/\/grontkontor.dk\/#organization"},"potentialAction":[{"@type":"SearchAction","target":{"@type":"EntryPoint","urlTemplate":"https:\/\/grontkontor.dk\/?s={search_term_string}"},"query-input":"required name=search_term_string"}],"inLanguage":"de"},{"@type":"Organization","@id":"https:\/\/grontkontor.dk\/#organization","name":"Gr\u00f8nt Kontor","url":"https:\/\/grontkontor.dk\/","logo":{"@type":"ImageObject","inLanguage":"de","@id":"https:\/\/grontkontor.dk\/#\/schema\/logo\/image\/","url":"https:\/\/grontkontor.dk\/wp-content\/uploads\/2014\/02\/Logo_groent_kontor_300x80.png","contentUrl":"https:\/\/grontkontor.dk\/wp-content\/uploads\/2014\/02\/Logo_groent_kontor_300x80.png","width":300,"height":80,"caption":"Gr\u00f8nt Kontor"},"image":{"@id":"https:\/\/grontkontor.dk\/#\/schema\/logo\/image\/"},"sameAs":["https:\/\/www.facebook.com\/grontkontor.dk\/"]}]}},"_links":{"self":[{"href":"https:\/\/grontkontor.dk\/de\/wp-json\/wp\/v2\/product\/128002"}],"collection":[{"href":"https:\/\/grontkontor.dk\/de\/wp-json\/wp\/v2\/product"}],"about":[{"href":"https:\/\/grontkontor.dk\/de\/wp-json\/wp\/v2\/types\/product"}],"replies":[{"embeddable":true,"href":"https:\/\/grontkontor.dk\/de\/wp-json\/wp\/v2\/comments?post=128002"}],"wp:featuredmedia":[{"embeddable":true,"href":"https:\/\/grontkontor.dk\/de\/wp-json\/wp\/v2\/media\/128017"}],"wp:attachment":[{"href":"https:\/\/grontkontor.dk\/de\/wp-json\/wp\/v2\/media?parent=128002"}],"wp:term":[{"taxonomy":"product_cat","embeddable":true,"href":"https:\/\/grontkontor.dk\/de\/wp-json\/wp\/v2\/product_cat?post=128002"},{"taxonomy":"product_tag","embeddable":true,"href":"https:\/\/grontkontor.dk\/de\/wp-json\/wp\/v2\/product_tag?post=128002"}],"curies":[{"name":"wp","href":"https:\/\/api.w.org\/{rel}","templated":true}]}}