{"id":128457,"date":"2025-09-11T09:55:00","date_gmt":"2025-09-11T07:55:08","guid":{"rendered":"https:\/\/grontkontor.dk\/?post_type=product&#038;p=128457"},"modified":"2025-09-19T20:22:19","modified_gmt":"2025-09-19T18:22:19","slug":"staal-krus-med-karabinhage","status":"publish","type":"product","link":"https:\/\/grontkontor.dk\/de\/shop\/staal-krus-med-karabinhage\/","title":{"rendered":"To-go Becher Stahl 220 ml Karabiner"},"content":{"rendered":"<p>Bereiten Sie sich auf Ihr n\u00e4chstes Abenteuer vor mit unserem kompakten und langlebigen Stahlbecher mit Karabiner. Entworfen f\u00fcr den modernen Reisenden und Outdoor-Enthusiasten. Dieser Becher ist der perfekte Begleiter f\u00fcr unterwegs. Mit einem Fassungsverm\u00f6gen von 220 ml ist er ideal f\u00fcr eine hei\u00dfe Tasse Kaffee an einem k\u00fchlen Morgen, ein erfrischendes Getr\u00e4nk auf der Wanderung oder f\u00fcr das Lieblingsessen am Lagerfeuer. Der Korpus des Bechers besteht aus gl\u00e4nzendem Edelstahl, was eine lange Lebensdauer und eine einfache Reinigung gew\u00e4hrleistet.    <\/p>\n<p>Wir empfehlen unsere <a href=\"https:\/\/grontkontor.dk\/shop\/miljoevenlig-to-go-krus-i-genanvendt-staal\/\">To-Go-Becher aus recyceltem Stahl<\/a> f\u00fcr eine nachhaltigere Alternative.<\/p>\n<p>Was diesen Becher wirklich auszeichnet, ist der funktionale Karabiner, aus dem der Griff besteht. Dieses clevere Detail macht es unglaublich einfach, den Becher an deinem Rucksack, G\u00fcrtel oder deiner Ausr\u00fcstung zu befestigen, sodass du ihn immer griffbereit hast, ohne dass er Platz in deinem Rucksack einnimmt. Sein kompaktes Design macht ihn zu einem praktischen und unverzichtbaren Gegenstand f\u00fcr alle, die es lieben, im Freien zu sein.  <\/p>\n<p>Unser Stahlbecher mit Karabiner ist in einer Vielzahl von Farben erh\u00e4ltlich, sodass Sie diejenige ausw\u00e4hlen k\u00f6nnen, die am besten zu Ihrem pers\u00f6nlichen Stil oder Ihrer Marke passt. Jeder Becher wird in einer einzelnen Schachtel aus Kraftkarton geliefert, was ihn zu einem sch\u00f6nen und vorverpackten Geschenk oder zu einem attraktiven Produkt f\u00fcr den Wiederverkauf macht. Mit diesem Becher erhalten Sie ein robustes und stilvolles Produkt, das auf Langlebigkeit ausgelegt ist und Sie auf all Ihren Abenteuern begleitet.  <\/p>\n<p>[staal]<\/p>\n<p>&nbsp;<\/p>\n","protected":false},"excerpt":{"rendered":"<p>Bereiten Sie sich auf Ihr n\u00e4chstes Abenteuer vor mit unserem kompakten und langlebigen Stahlbecher mit Karabiner. Entworfen f\u00fcr den modernen Reisenden und Outdoor-Enthusiasten. Dieser Becher ist der perfekte Begleiter f\u00fcr unterwegs. Mit einem Fassungsverm\u00f6gen von 220 ml ist er ideal f\u00fcr eine hei\u00dfe Tasse Kaffee an einem k\u00fchlen Morgen, ein erfrischendes Getr\u00e4nk auf der Wanderung [&hellip;]<\/p>\n","protected":false},"featured_media":128536,"comment_status":"closed","ping_status":"closed","template":"","meta":{"_acf_changed":false},"product_cat":[3465,3325,3339,3084],"product_tag":[3663,3833],"class_list":{"0":"post-128457","1":"product","2":"type-product","3":"status-publish","4":"has-post-thumbnail","6":"product_cat-becher-tassen-etc","7":"product_cat-dummy-moq-1-de","8":"product_cat-essen-und-trinken","9":"product_cat-neuheiten","10":"product_tag-becher","11":"product_tag-thermo-becher","12":"pa_farve-blau","13":"pa_farve-gelb-de","14":"pa_farve-gruen","15":"pa_farve-rot","16":"pa_farve-schwarz","17":"pa_farve-silber","18":"tm-has-options","20":"first","21":"instock","22":"featured","23":"taxable","24":"shipping-taxable","25":"purchasable","26":"product-type-variable","27":"has-default-attributes"},"acf":[],"yoast_head":"<!-- This site is optimized with the Yoast SEO Premium plugin v21.2 (Yoast SEO v21.2) - https:\/\/yoast.com\/wordpress\/plugins\/seo\/ -->\n<title>Stahlbecher mit Karabiner<\/title>\n<meta name=\"description\" content=\"Kaufen Sie Stahlbecher mit Karabiner f\u00fcr Ihre Abenteuer. Dieser kompakte und langlebige Becher aus Edelstahl l\u00e4sst sich leicht \u00fcberall hin mitnehmen.\" \/>\n<meta name=\"robots\" content=\"index, follow, max-snippet:-1, max-image-preview:large, max-video-preview:-1\" \/>\n<link rel=\"canonical\" href=\"https:\/\/grontkontor.dk\/shop\/staal-krus-med-karabinhage\/\" \/>\n<meta property=\"og:locale\" content=\"de_DE\" \/>\n<meta property=\"og:type\" content=\"article\" \/>\n<meta property=\"og:title\" content=\"To-go Becher Stahl 220 ml Karabiner\" \/>\n<meta property=\"og:description\" content=\"Kaufen Sie Stahlbecher mit Karabiner f\u00fcr Ihre Abenteuer. Dieser kompakte und langlebige Becher aus Edelstahl l\u00e4sst sich leicht \u00fcberall hin mitnehmen.\" \/>\n<meta property=\"og:url\" content=\"https:\/\/grontkontor.dk\/shop\/staal-krus-med-karabinhage\/\" \/>\n<meta property=\"og:site_name\" content=\"Gr\u00f8nt Kontor\" \/>\n<meta property=\"article:publisher\" content=\"https:\/\/www.facebook.com\/grontkontor.dk\/\" \/>\n<meta property=\"article:modified_time\" content=\"2025-09-19T18:22:19+00:00\" \/>\n<meta property=\"og:image\" content=\"https:\/\/grontkontor.dk\/wp-content\/uploads\/2025\/09\/Staal-krus-med-karabinhage-collage.jpg\" \/>\n\t<meta property=\"og:image:width\" content=\"900\" \/>\n\t<meta property=\"og:image:height\" content=\"639\" \/>\n\t<meta property=\"og:image:type\" content=\"image\/jpeg\" \/>\n<meta name=\"twitter:card\" content=\"summary_large_image\" \/>\n<meta name=\"twitter:label1\" content=\"Gesch\u00e4tzte Lesezeit\" \/>\n\t<meta name=\"twitter:data1\" content=\"1\u00a0Minute\" \/>\n<script type=\"application\/ld+json\" class=\"yoast-schema-graph\">{\"@context\":\"https:\/\/schema.org\",\"@graph\":[{\"@type\":\"WebPage\",\"@id\":\"https:\/\/grontkontor.dk\/shop\/staal-krus-med-karabinhage\/\",\"url\":\"https:\/\/grontkontor.dk\/shop\/staal-krus-med-karabinhage\/\",\"name\":\"Stahlbecher mit Karabiner\",\"isPartOf\":{\"@id\":\"https:\/\/grontkontor.dk\/#website\"},\"datePublished\":\"2025-09-11T07:55:08+00:00\",\"dateModified\":\"2025-09-19T18:22:19+00:00\",\"description\":\"Kaufen Sie Stahlbecher mit Karabiner f\u00fcr Ihre Abenteuer. Dieser kompakte und langlebige Becher aus Edelstahl l\u00e4sst sich leicht \u00fcberall hin mitnehmen.\",\"breadcrumb\":{\"@id\":\"https:\/\/grontkontor.dk\/shop\/staal-krus-med-karabinhage\/#breadcrumb\"},\"inLanguage\":\"de\",\"potentialAction\":[{\"@type\":\"ReadAction\",\"target\":[\"https:\/\/grontkontor.dk\/shop\/staal-krus-med-karabinhage\/\"]}]},{\"@type\":\"BreadcrumbList\",\"@id\":\"https:\/\/grontkontor.dk\/shop\/staal-krus-med-karabinhage\/#breadcrumb\",\"itemListElement\":[{\"@type\":\"ListItem\",\"position\":1,\"name\":\"Forside\",\"item\":\"https:\/\/grontkontor.dk\/de\/\"},{\"@type\":\"ListItem\",\"position\":2,\"name\":\"Laden\",\"item\":\"https:\/\/grontkontor.dk\/de\/laden\/\"},{\"@type\":\"ListItem\",\"position\":3,\"name\":\"Mad og drikke\",\"item\":\"https:\/\/grontkontor.dk\/produkt-kategori\/mad-og-drikke\/\"},{\"@type\":\"ListItem\",\"position\":4,\"name\":\"Krus, kopper mm.\",\"item\":\"https:\/\/grontkontor.dk\/produkt-kategori\/mad-og-drikke\/to-go-krus-og-kopper\/\"},{\"@type\":\"ListItem\",\"position\":5,\"name\":\"To-go Becher Stahl 220 ml Karabiner\"}]},{\"@type\":\"WebSite\",\"@id\":\"https:\/\/grontkontor.dk\/#website\",\"url\":\"https:\/\/grontkontor.dk\/\",\"name\":\"Gr\u00f8nt Kontor\",\"description\":\"Milj\u00f8venlige produkter til kontor og erhverv med fokus p\u00e5 b\u00e6redygtighed, design og fair trade.\",\"publisher\":{\"@id\":\"https:\/\/grontkontor.dk\/#organization\"},\"potentialAction\":[{\"@type\":\"SearchAction\",\"target\":{\"@type\":\"EntryPoint\",\"urlTemplate\":\"https:\/\/grontkontor.dk\/?s={search_term_string}\"},\"query-input\":\"required name=search_term_string\"}],\"inLanguage\":\"de\"},{\"@type\":\"Organization\",\"@id\":\"https:\/\/grontkontor.dk\/#organization\",\"name\":\"Gr\u00f8nt Kontor\",\"url\":\"https:\/\/grontkontor.dk\/\",\"logo\":{\"@type\":\"ImageObject\",\"inLanguage\":\"de\",\"@id\":\"https:\/\/grontkontor.dk\/#\/schema\/logo\/image\/\",\"url\":\"https:\/\/grontkontor.dk\/wp-content\/uploads\/2014\/02\/Logo_groent_kontor_300x80.png\",\"contentUrl\":\"https:\/\/grontkontor.dk\/wp-content\/uploads\/2014\/02\/Logo_groent_kontor_300x80.png\",\"width\":300,\"height\":80,\"caption\":\"Gr\u00f8nt Kontor\"},\"image\":{\"@id\":\"https:\/\/grontkontor.dk\/#\/schema\/logo\/image\/\"},\"sameAs\":[\"https:\/\/www.facebook.com\/grontkontor.dk\/\"]}]}<\/script>\n<!-- \/ Yoast SEO Premium plugin. -->","yoast_head_json":{"title":"Stahlbecher mit Karabiner","description":"Kaufen Sie Stahlbecher mit Karabiner f\u00fcr Ihre Abenteuer. Dieser kompakte und langlebige Becher aus Edelstahl l\u00e4sst sich leicht \u00fcberall hin mitnehmen.","robots":{"index":"index","follow":"follow","max-snippet":"max-snippet:-1","max-image-preview":"max-image-preview:large","max-video-preview":"max-video-preview:-1"},"canonical":"https:\/\/grontkontor.dk\/shop\/staal-krus-med-karabinhage\/","og_locale":"de_DE","og_type":"article","og_title":"To-go Becher Stahl 220 ml Karabiner","og_description":"Kaufen Sie Stahlbecher mit Karabiner f\u00fcr Ihre Abenteuer. Dieser kompakte und langlebige Becher aus Edelstahl l\u00e4sst sich leicht \u00fcberall hin mitnehmen.","og_url":"https:\/\/grontkontor.dk\/shop\/staal-krus-med-karabinhage\/","og_site_name":"Gr\u00f8nt Kontor","article_publisher":"https:\/\/www.facebook.com\/grontkontor.dk\/","article_modified_time":"2025-09-19T18:22:19+00:00","og_image":[{"width":900,"height":639,"url":"https:\/\/grontkontor.dk\/wp-content\/uploads\/2025\/09\/Staal-krus-med-karabinhage-collage.jpg","type":"image\/jpeg"}],"twitter_card":"summary_large_image","twitter_misc":{"Gesch\u00e4tzte Lesezeit":"1\u00a0Minute"},"schema":{"@context":"https:\/\/schema.org","@graph":[{"@type":"WebPage","@id":"https:\/\/grontkontor.dk\/shop\/staal-krus-med-karabinhage\/","url":"https:\/\/grontkontor.dk\/shop\/staal-krus-med-karabinhage\/","name":"Stahlbecher mit Karabiner","isPartOf":{"@id":"https:\/\/grontkontor.dk\/#website"},"datePublished":"2025-09-11T07:55:08+00:00","dateModified":"2025-09-19T18:22:19+00:00","description":"Kaufen Sie Stahlbecher mit Karabiner f\u00fcr Ihre Abenteuer. Dieser kompakte und langlebige Becher aus Edelstahl l\u00e4sst sich leicht \u00fcberall hin mitnehmen.","breadcrumb":{"@id":"https:\/\/grontkontor.dk\/shop\/staal-krus-med-karabinhage\/#breadcrumb"},"inLanguage":"de","potentialAction":[{"@type":"ReadAction","target":["https:\/\/grontkontor.dk\/shop\/staal-krus-med-karabinhage\/"]}]},{"@type":"BreadcrumbList","@id":"https:\/\/grontkontor.dk\/shop\/staal-krus-med-karabinhage\/#breadcrumb","itemListElement":[{"@type":"ListItem","position":1,"name":"Forside","item":"https:\/\/grontkontor.dk\/de\/"},{"@type":"ListItem","position":2,"name":"Laden","item":"https:\/\/grontkontor.dk\/de\/laden\/"},{"@type":"ListItem","position":3,"name":"Mad og drikke","item":"https:\/\/grontkontor.dk\/produkt-kategori\/mad-og-drikke\/"},{"@type":"ListItem","position":4,"name":"Krus, kopper mm.","item":"https:\/\/grontkontor.dk\/produkt-kategori\/mad-og-drikke\/to-go-krus-og-kopper\/"},{"@type":"ListItem","position":5,"name":"To-go Becher Stahl 220 ml Karabiner"}]},{"@type":"WebSite","@id":"https:\/\/grontkontor.dk\/#website","url":"https:\/\/grontkontor.dk\/","name":"Gr\u00f8nt Kontor","description":"Milj\u00f8venlige produkter til kontor og erhverv med fokus p\u00e5 b\u00e6redygtighed, design og fair trade.","publisher":{"@id":"https:\/\/grontkontor.dk\/#organization"},"potentialAction":[{"@type":"SearchAction","target":{"@type":"EntryPoint","urlTemplate":"https:\/\/grontkontor.dk\/?s={search_term_string}"},"query-input":"required name=search_term_string"}],"inLanguage":"de"},{"@type":"Organization","@id":"https:\/\/grontkontor.dk\/#organization","name":"Gr\u00f8nt Kontor","url":"https:\/\/grontkontor.dk\/","logo":{"@type":"ImageObject","inLanguage":"de","@id":"https:\/\/grontkontor.dk\/#\/schema\/logo\/image\/","url":"https:\/\/grontkontor.dk\/wp-content\/uploads\/2014\/02\/Logo_groent_kontor_300x80.png","contentUrl":"https:\/\/grontkontor.dk\/wp-content\/uploads\/2014\/02\/Logo_groent_kontor_300x80.png","width":300,"height":80,"caption":"Gr\u00f8nt Kontor"},"image":{"@id":"https:\/\/grontkontor.dk\/#\/schema\/logo\/image\/"},"sameAs":["https:\/\/www.facebook.com\/grontkontor.dk\/"]}]}},"_links":{"self":[{"href":"https:\/\/grontkontor.dk\/de\/wp-json\/wp\/v2\/product\/128457"}],"collection":[{"href":"https:\/\/grontkontor.dk\/de\/wp-json\/wp\/v2\/product"}],"about":[{"href":"https:\/\/grontkontor.dk\/de\/wp-json\/wp\/v2\/types\/product"}],"replies":[{"embeddable":true,"href":"https:\/\/grontkontor.dk\/de\/wp-json\/wp\/v2\/comments?post=128457"}],"wp:featuredmedia":[{"embeddable":true,"href":"https:\/\/grontkontor.dk\/de\/wp-json\/wp\/v2\/media\/128536"}],"wp:attachment":[{"href":"https:\/\/grontkontor.dk\/de\/wp-json\/wp\/v2\/media?parent=128457"}],"wp:term":[{"taxonomy":"product_cat","embeddable":true,"href":"https:\/\/grontkontor.dk\/de\/wp-json\/wp\/v2\/product_cat?post=128457"},{"taxonomy":"product_tag","embeddable":true,"href":"https:\/\/grontkontor.dk\/de\/wp-json\/wp\/v2\/product_tag?post=128457"}],"curies":[{"name":"wp","href":"https:\/\/api.w.org\/{rel}","templated":true}]}}