{"id":129045,"date":"2025-09-11T14:23:00","date_gmt":"2025-09-19T18:22:25","guid":{"rendered":"https:\/\/grontkontor.dk\/shop\/t-shirt-oekologisk-bomuld-herre-175-gsm\/"},"modified":"2025-11-06T09:56:54","modified_gmt":"2025-11-06T08:56:54","slug":"t-shirt-oekologisk-bomuld-herre-175-gsm","status":"publish","type":"product","link":"https:\/\/grontkontor.dk\/de\/shop\/t-shirt-oekologisk-bomuld-herre-175-gsm\/","title":{"rendered":"Herren T-Shirt aus Bio-Baumwolle 175 g\/m\u00b2"},"content":{"rendered":"<p>Geben Sie Ihrer Marke einen Schub und Ihren Mitarbeitern ein Geschenk mit unserem umweltfreundlichen T-Shirt f\u00fcr Unternehmen. Dieses T-Shirt kombiniert klassisches Design mit einer starken Botschaft der Verantwortung. Es besteht aus einer weichen und bequemen Mischung aus 100% Bio-Baumwolle. Die nat\u00fcrlichen Materialien sind nicht nur angenehm zu tragen, sondern wurden auch mit Sorgfalt f\u00fcr den Planeten ausgew\u00e4hlt. Diese Materialkombination sorgt f\u00fcr ein leichtes und luftiges Produkt, das sich perfekt f\u00fcr den t\u00e4glichen Gebrauch eignet.    <\/p>\n<p>Unser umweltfreundliches Firmen-T-Shirt ist das ideale Firmengeschenk oder Teil einer Mitarbeiteruniform. Mit einem Gewicht von 175 g\/m\u00b2 ist die Qualit\u00e4t erstklassig, was f\u00fcr ein strapazierf\u00e4higes T-Shirt sorgt, das seine Form und Farbe nach jeder W\u00e4sche beh\u00e4lt. Um ein optimales Druckergebnis zu gew\u00e4hrleisten, empfehlen wir den Transferdruck oder den doppelten Siebdruck auf den dunklen Farben, was eine bessere Optik ergibt.  <\/p>\n<p>Dieses klimafreundliche T-Shirt kann in einer Vielzahl von Gr\u00f6\u00dfen bestellt werden, von XS bis 4XL, und Sie k\u00f6nnen Farben und Gr\u00f6\u00dfen in Ihrer Bestellung frei mischen. Wir bieten Logodruck in bis zu 4 Farben, je nach gew\u00e4hltem Druckverfahren, sowie Stickerei, damit Sie das T-Shirt genau nach Ihren W\u00fcnschen personalisieren k\u00f6nnen. Die Mindestbestellmenge betr\u00e4gt 25 St\u00fcck. Entscheiden Sie sich f\u00fcr dieses T-Shirt und zeigen Sie, dass Ihr Unternehmen eine umweltfreundliche Produktion ernst nimmt, und machen Sie gleichzeitig ein leckeres und praktisches Geschenk.   <\/p>\n<p>[oekobomuld]<\/p>\n<p>[gots_s]<\/p>\n<p>&amp;nbsp;<\/p>\n<a href=\"https:\/\/www.eco-branding.dk\/miljoemaerkning\/gots.aspx\" rel=\"noopener\" target=\"_blank\"><img loading=\"lazy\" decoding=\"async\" class=\"size-full wp-image-12808\" src=\"https:\/\/grontkontor.dk\/wp-content\/uploads\/2019\/04\/gots-certificeret.jpg\" \n   alt=\"Gots certificeret - din garanti for, at produktet indeholder mindst 70% ?kologisk bomuld\"  description=\"Gots certificeret - din garanti for, at produktet indeholder mindst 70% ?kologisk bomuld\" width=\"50\" height=\"50\" \n\t border=0 \/><\/a>\n","protected":false},"excerpt":{"rendered":"<p>Geben Sie Ihrer Marke einen Schub und Ihren Mitarbeitern ein Geschenk mit unserem umweltfreundlichen T-Shirt f\u00fcr Unternehmen. Dieses T-Shirt kombiniert klassisches Design mit einer starken Botschaft der Verantwortung. Es besteht aus einer weichen und bequemen Mischung aus 100% Bio-Baumwolle. Die nat\u00fcrlichen Materialien sind nicht nur angenehm zu tragen, sondern wurden auch mit Sorgfalt f\u00fcr den [&hellip;]<\/p>\n","protected":false},"featured_media":128733,"comment_status":"closed","ping_status":"closed","template":"","meta":{"_acf_changed":false},"product_cat":[3089,3321,3084,4842],"product_tag":[4814,4815,3460,4817,4816],"class_list":{"0":"post-129045","1":"product","2":"type-product","3":"status-publish","4":"has-post-thumbnail","6":"product_cat-dummy-moq-10-50-de","7":"product_cat-klimafreundliche-werbegeschenke","8":"product_cat-neuheiten","9":"product_cat-t-shirts-sweatshirts-und-poloshirts","10":"product_tag-hemd","11":"product_tag-t-shirt-de-2","12":"product_tag-t-shirt-de","13":"product_tag-t-shirts-de-2","14":"product_tag-t-shirts-de","15":"pa_farve-armeegruen","16":"pa_farve-beige-de","17":"pa_farve-bordeaux-de","18":"pa_farve-dunkelblau","19":"pa_farve-dunkelgrau-de","20":"pa_farve-dunkelgruen","21":"pa_farve-dunkelrot","22":"pa_farve-flaschengruen","23":"pa_farve-gebrochenes-weiss","24":"pa_farve-gelb-de","25":"pa_farve-grau-de","26":"pa_farve-kriegsmarine","27":"pa_farve-koenigsblau-de","28":"pa_farve-lichtgrau","29":"pa_farve-lichtgruen","30":"pa_farve-natur-de","31":"pa_farve-orange-de","32":"pa_farve-rosa-de","33":"pa_farve-rose","34":"pa_farve-rot","35":"pa_farve-schwarz","36":"pa_farve-tuerkis-de","37":"pa_farve-weiss","38":"tm-has-options","40":"first","41":"instock","42":"sale","43":"taxable","44":"shipping-taxable","45":"purchasable","46":"product-type-simple"},"acf":[],"yoast_head":"<!-- This site is optimized with the Yoast SEO Premium plugin v21.2 (Yoast SEO v21.2) - https:\/\/yoast.com\/wordpress\/plugins\/seo\/ -->\n<title>Umweltfreundliches T-Shirt f\u00fcr Unternehmen aus Bio-Baumwolle<\/title>\n<meta name=\"description\" content=\"Umweltfreundliches T-Shirt f\u00fcr Unternehmen aus Bio-Baumwolle. Es handelt sich um eine klimafreundliche Wahl, die in mehreren Gr\u00f6\u00dfen und mit Ihrem aufgedruckten Logo geliefert werden kann.\" \/>\n<meta name=\"robots\" content=\"index, follow, max-snippet:-1, max-image-preview:large, max-video-preview:-1\" \/>\n<link rel=\"canonical\" href=\"https:\/\/grontkontor.dk\/de\/shop\/t-shirt-oekologisk-bomuld-herre-175-gsm\/\" \/>\n<meta property=\"og:locale\" content=\"de_DE\" \/>\n<meta property=\"og:type\" content=\"article\" \/>\n<meta property=\"og:title\" content=\"Herren T-Shirt aus Bio-Baumwolle 175 g\/m\u00b2\" \/>\n<meta property=\"og:description\" content=\"Umweltfreundliches T-Shirt f\u00fcr Unternehmen aus Bio-Baumwolle. Es handelt sich um eine klimafreundliche Wahl, die in mehreren Gr\u00f6\u00dfen und mit Ihrem aufgedruckten Logo geliefert werden kann.\" \/>\n<meta property=\"og:url\" content=\"https:\/\/grontkontor.dk\/de\/shop\/t-shirt-oekologisk-bomuld-herre-175-gsm\/\" \/>\n<meta property=\"og:site_name\" content=\"Gr\u00f8nt Kontor\" \/>\n<meta property=\"article:publisher\" content=\"https:\/\/www.facebook.com\/grontkontor.dk\/\" \/>\n<meta property=\"article:modified_time\" content=\"2025-11-06T08:56:54+00:00\" \/>\n<meta property=\"og:image\" content=\"https:\/\/grontkontor.dk\/wp-content\/uploads\/2024\/11\/Klimavenlig-t-shirt-herre-i-oekologisk-bomuld-175-gsm-sort.jpg\" \/>\n\t<meta property=\"og:image:width\" content=\"900\" \/>\n\t<meta property=\"og:image:height\" content=\"639\" \/>\n\t<meta property=\"og:image:type\" content=\"image\/jpeg\" \/>\n<meta name=\"twitter:card\" content=\"summary_large_image\" \/>\n<meta name=\"twitter:label1\" content=\"Gesch\u00e4tzte Lesezeit\" \/>\n\t<meta name=\"twitter:data1\" content=\"1\u00a0Minute\" \/>\n<script type=\"application\/ld+json\" class=\"yoast-schema-graph\">{\"@context\":\"https:\/\/schema.org\",\"@graph\":[{\"@type\":\"WebPage\",\"@id\":\"https:\/\/grontkontor.dk\/de\/shop\/t-shirt-oekologisk-bomuld-herre-175-gsm\/\",\"url\":\"https:\/\/grontkontor.dk\/de\/shop\/t-shirt-oekologisk-bomuld-herre-175-gsm\/\",\"name\":\"Umweltfreundliches T-Shirt f\u00fcr Unternehmen aus Bio-Baumwolle\",\"isPartOf\":{\"@id\":\"https:\/\/grontkontor.dk\/#website\"},\"datePublished\":\"2025-09-19T18:22:25+00:00\",\"dateModified\":\"2025-11-06T08:56:54+00:00\",\"description\":\"Umweltfreundliches T-Shirt f\u00fcr Unternehmen aus Bio-Baumwolle. Es handelt sich um eine klimafreundliche Wahl, die in mehreren Gr\u00f6\u00dfen und mit Ihrem aufgedruckten Logo geliefert werden kann.\",\"breadcrumb\":{\"@id\":\"https:\/\/grontkontor.dk\/de\/shop\/t-shirt-oekologisk-bomuld-herre-175-gsm\/#breadcrumb\"},\"inLanguage\":\"de\",\"potentialAction\":[{\"@type\":\"ReadAction\",\"target\":[\"https:\/\/grontkontor.dk\/de\/shop\/t-shirt-oekologisk-bomuld-herre-175-gsm\/\"]}]},{\"@type\":\"BreadcrumbList\",\"@id\":\"https:\/\/grontkontor.dk\/de\/shop\/t-shirt-oekologisk-bomuld-herre-175-gsm\/#breadcrumb\",\"itemListElement\":[{\"@type\":\"ListItem\",\"position\":1,\"name\":\"Forside\",\"item\":\"https:\/\/grontkontor.dk\/de\/\"},{\"@type\":\"ListItem\",\"position\":2,\"name\":\"Laden\",\"item\":\"https:\/\/grontkontor.dk\/de\/laden\/\"},{\"@type\":\"ListItem\",\"position\":3,\"name\":\"Kleidung\",\"item\":\"https:\/\/grontkontor.dk\/de\/produkt-kategori\/kleidung\/\"},{\"@type\":\"ListItem\",\"position\":4,\"name\":\"T-Shirts, Sweatshirts und Poloshirts\",\"item\":\"https:\/\/grontkontor.dk\/de\/produkt-kategori\/kleidung\/t-shirts-sweatshirts-und-poloshirts\/\"},{\"@type\":\"ListItem\",\"position\":5,\"name\":\"Herren T-Shirt aus Bio-Baumwolle 175 g\/m\u00b2\"}]},{\"@type\":\"WebSite\",\"@id\":\"https:\/\/grontkontor.dk\/#website\",\"url\":\"https:\/\/grontkontor.dk\/\",\"name\":\"Gr\u00f8nt Kontor\",\"description\":\"Milj\u00f8venlige produkter til kontor og erhverv med fokus p\u00e5 b\u00e6redygtighed, design og fair trade.\",\"publisher\":{\"@id\":\"https:\/\/grontkontor.dk\/#organization\"},\"potentialAction\":[{\"@type\":\"SearchAction\",\"target\":{\"@type\":\"EntryPoint\",\"urlTemplate\":\"https:\/\/grontkontor.dk\/?s={search_term_string}\"},\"query-input\":\"required name=search_term_string\"}],\"inLanguage\":\"de\"},{\"@type\":\"Organization\",\"@id\":\"https:\/\/grontkontor.dk\/#organization\",\"name\":\"Gr\u00f8nt Kontor\",\"url\":\"https:\/\/grontkontor.dk\/\",\"logo\":{\"@type\":\"ImageObject\",\"inLanguage\":\"de\",\"@id\":\"https:\/\/grontkontor.dk\/#\/schema\/logo\/image\/\",\"url\":\"https:\/\/grontkontor.dk\/wp-content\/uploads\/2014\/02\/Logo_groent_kontor_300x80.png\",\"contentUrl\":\"https:\/\/grontkontor.dk\/wp-content\/uploads\/2014\/02\/Logo_groent_kontor_300x80.png\",\"width\":300,\"height\":80,\"caption\":\"Gr\u00f8nt Kontor\"},\"image\":{\"@id\":\"https:\/\/grontkontor.dk\/#\/schema\/logo\/image\/\"},\"sameAs\":[\"https:\/\/www.facebook.com\/grontkontor.dk\/\"]}]}<\/script>\n<!-- \/ Yoast SEO Premium plugin. -->","yoast_head_json":{"title":"Umweltfreundliches T-Shirt f\u00fcr Unternehmen aus Bio-Baumwolle","description":"Umweltfreundliches T-Shirt f\u00fcr Unternehmen aus Bio-Baumwolle. Es handelt sich um eine klimafreundliche Wahl, die in mehreren Gr\u00f6\u00dfen und mit Ihrem aufgedruckten Logo geliefert werden kann.","robots":{"index":"index","follow":"follow","max-snippet":"max-snippet:-1","max-image-preview":"max-image-preview:large","max-video-preview":"max-video-preview:-1"},"canonical":"https:\/\/grontkontor.dk\/de\/shop\/t-shirt-oekologisk-bomuld-herre-175-gsm\/","og_locale":"de_DE","og_type":"article","og_title":"Herren T-Shirt aus Bio-Baumwolle 175 g\/m\u00b2","og_description":"Umweltfreundliches T-Shirt f\u00fcr Unternehmen aus Bio-Baumwolle. Es handelt sich um eine klimafreundliche Wahl, die in mehreren Gr\u00f6\u00dfen und mit Ihrem aufgedruckten Logo geliefert werden kann.","og_url":"https:\/\/grontkontor.dk\/de\/shop\/t-shirt-oekologisk-bomuld-herre-175-gsm\/","og_site_name":"Gr\u00f8nt Kontor","article_publisher":"https:\/\/www.facebook.com\/grontkontor.dk\/","article_modified_time":"2025-11-06T08:56:54+00:00","og_image":[{"width":900,"height":639,"url":"https:\/\/grontkontor.dk\/wp-content\/uploads\/2024\/11\/Klimavenlig-t-shirt-herre-i-oekologisk-bomuld-175-gsm-sort.jpg","type":"image\/jpeg"}],"twitter_card":"summary_large_image","twitter_misc":{"Gesch\u00e4tzte Lesezeit":"1\u00a0Minute"},"schema":{"@context":"https:\/\/schema.org","@graph":[{"@type":"WebPage","@id":"https:\/\/grontkontor.dk\/de\/shop\/t-shirt-oekologisk-bomuld-herre-175-gsm\/","url":"https:\/\/grontkontor.dk\/de\/shop\/t-shirt-oekologisk-bomuld-herre-175-gsm\/","name":"Umweltfreundliches T-Shirt f\u00fcr Unternehmen aus Bio-Baumwolle","isPartOf":{"@id":"https:\/\/grontkontor.dk\/#website"},"datePublished":"2025-09-19T18:22:25+00:00","dateModified":"2025-11-06T08:56:54+00:00","description":"Umweltfreundliches T-Shirt f\u00fcr Unternehmen aus Bio-Baumwolle. Es handelt sich um eine klimafreundliche Wahl, die in mehreren Gr\u00f6\u00dfen und mit Ihrem aufgedruckten Logo geliefert werden kann.","breadcrumb":{"@id":"https:\/\/grontkontor.dk\/de\/shop\/t-shirt-oekologisk-bomuld-herre-175-gsm\/#breadcrumb"},"inLanguage":"de","potentialAction":[{"@type":"ReadAction","target":["https:\/\/grontkontor.dk\/de\/shop\/t-shirt-oekologisk-bomuld-herre-175-gsm\/"]}]},{"@type":"BreadcrumbList","@id":"https:\/\/grontkontor.dk\/de\/shop\/t-shirt-oekologisk-bomuld-herre-175-gsm\/#breadcrumb","itemListElement":[{"@type":"ListItem","position":1,"name":"Forside","item":"https:\/\/grontkontor.dk\/de\/"},{"@type":"ListItem","position":2,"name":"Laden","item":"https:\/\/grontkontor.dk\/de\/laden\/"},{"@type":"ListItem","position":3,"name":"Kleidung","item":"https:\/\/grontkontor.dk\/de\/produkt-kategori\/kleidung\/"},{"@type":"ListItem","position":4,"name":"T-Shirts, Sweatshirts und Poloshirts","item":"https:\/\/grontkontor.dk\/de\/produkt-kategori\/kleidung\/t-shirts-sweatshirts-und-poloshirts\/"},{"@type":"ListItem","position":5,"name":"Herren T-Shirt aus Bio-Baumwolle 175 g\/m\u00b2"}]},{"@type":"WebSite","@id":"https:\/\/grontkontor.dk\/#website","url":"https:\/\/grontkontor.dk\/","name":"Gr\u00f8nt Kontor","description":"Milj\u00f8venlige produkter til kontor og erhverv med fokus p\u00e5 b\u00e6redygtighed, design og fair trade.","publisher":{"@id":"https:\/\/grontkontor.dk\/#organization"},"potentialAction":[{"@type":"SearchAction","target":{"@type":"EntryPoint","urlTemplate":"https:\/\/grontkontor.dk\/?s={search_term_string}"},"query-input":"required name=search_term_string"}],"inLanguage":"de"},{"@type":"Organization","@id":"https:\/\/grontkontor.dk\/#organization","name":"Gr\u00f8nt Kontor","url":"https:\/\/grontkontor.dk\/","logo":{"@type":"ImageObject","inLanguage":"de","@id":"https:\/\/grontkontor.dk\/#\/schema\/logo\/image\/","url":"https:\/\/grontkontor.dk\/wp-content\/uploads\/2014\/02\/Logo_groent_kontor_300x80.png","contentUrl":"https:\/\/grontkontor.dk\/wp-content\/uploads\/2014\/02\/Logo_groent_kontor_300x80.png","width":300,"height":80,"caption":"Gr\u00f8nt Kontor"},"image":{"@id":"https:\/\/grontkontor.dk\/#\/schema\/logo\/image\/"},"sameAs":["https:\/\/www.facebook.com\/grontkontor.dk\/"]}]}},"_links":{"self":[{"href":"https:\/\/grontkontor.dk\/de\/wp-json\/wp\/v2\/product\/129045"}],"collection":[{"href":"https:\/\/grontkontor.dk\/de\/wp-json\/wp\/v2\/product"}],"about":[{"href":"https:\/\/grontkontor.dk\/de\/wp-json\/wp\/v2\/types\/product"}],"replies":[{"embeddable":true,"href":"https:\/\/grontkontor.dk\/de\/wp-json\/wp\/v2\/comments?post=129045"}],"wp:featuredmedia":[{"embeddable":true,"href":"https:\/\/grontkontor.dk\/de\/wp-json\/wp\/v2\/media\/128733"}],"wp:attachment":[{"href":"https:\/\/grontkontor.dk\/de\/wp-json\/wp\/v2\/media?parent=129045"}],"wp:term":[{"taxonomy":"product_cat","embeddable":true,"href":"https:\/\/grontkontor.dk\/de\/wp-json\/wp\/v2\/product_cat?post=129045"},{"taxonomy":"product_tag","embeddable":true,"href":"https:\/\/grontkontor.dk\/de\/wp-json\/wp\/v2\/product_tag?post=129045"}],"curies":[{"name":"wp","href":"https:\/\/api.w.org\/{rel}","templated":true}]}}