{"id":129047,"date":"2025-09-17T09:17:49","date_gmt":"2025-09-19T18:22:36","guid":{"rendered":"https:\/\/grontkontor.dk\/shop\/t-shirt-oekologisk-bomuld-dame-175-gsm\/"},"modified":"2025-11-06T09:57:00","modified_gmt":"2025-11-06T08:57:00","slug":"t-shirt-oekologisk-bomuld-dame-175-gsm","status":"publish","type":"product","link":"https:\/\/grontkontor.dk\/de\/shop\/t-shirt-oekologisk-bomuld-dame-175-gsm\/","title":{"rendered":"T-Shirt aus Bio-Baumwolle Damen 175 g\/m\u00b2"},"content":{"rendered":"<p>Geben Sie Ihrer Marke einen Schub und Ihren Mitarbeitern ein Geschenk, das mit unseren umweltfreundlichen Damen-T-Shirts aus Bio-Baumwolle einen Unterschied macht. Dieses T-Shirt kombiniert klassisches Design mit einer starken Botschaft der Verantwortung. Es besteht aus 100 % Bio-Baumwolle, einer weichen und bequemen Mischung, die mit Sorgfalt f\u00fcr den Planeten ausgew\u00e4hlt wurde. Die nat\u00fcrlichen Materialien sind nicht nur angenehm zu tragen, sondern auch eine bewusste Wahl f\u00fcr einen kleineren Fu\u00dfabdruck. Dieses T-Shirt ist daher ein klimafreundliches Produkt, das leicht und luftig ist, sich perfekt f\u00fcr den Alltag eignet und ein klares Zeichen f\u00fcr die Sorge um die Umwelt setzt.    <\/p>\n<p>Dieses T-Shirt wurde speziell f\u00fcr Frauen entwickelt und hat eine Passform, die sowohl stilvoll als auch bequem ist. Es ist in den Gr\u00f6\u00dfen S bis XXL erh\u00e4ltlich, so dass Sie leicht die richtige Gr\u00f6\u00dfe f\u00fcr Ihre Mitarbeiter finden k\u00f6nnen. Mit einem Gewicht von 175 g\/m\u00b2 ist die Qualit\u00e4t erstklassig, was f\u00fcr ein strapazierf\u00e4higes T-Shirt sorgt, das seine Form und Farbe nach jeder W\u00e4sche beh\u00e4lt. Um ein optimales Druckergebnis zu gew\u00e4hrleisten, empfehlen wir den Transferdruck oder den doppelten Siebdruck auf den dunklen Farben, was eine bessere Optik ergibt.   <\/p>\n<p>Unsere umweltfreundlichen Damen-T-Shirts aus Bio-Baumwolle sind das ideale Firmengeschenk oder Teil der Mitarbeiteruniform. Es kann in einer Vielzahl von Farben bestellt werden, und Sie k\u00f6nnen Farben und Gr\u00f6\u00dfen in Ihrer Bestellung frei mischen. Wir bieten Logodruck in bis zu vier Farben, je nach gew\u00e4hlter Druckmethode, sowie Stickerei, damit Sie das T-Shirt genau nach Ihren W\u00fcnschen personalisieren k\u00f6nnen. Die Mindestbestellmenge betr\u00e4gt 25 St\u00fcck. W\u00e4hlen Sie dieses T-Shirt und zeigen Sie, dass Ihr Unternehmen eine verantwortungsvolle Produktion ernst nimmt, und machen Sie gleichzeitig ein k\u00f6stliches und praktisches Geschenk.    <\/p>\n<p>[oekobomuld]<\/p>\n<p>[gots_s]<\/p>\n<p>&amp;nbsp;<\/p>\n<a href=\"https:\/\/www.eco-branding.dk\/miljoemaerkning\/gots.aspx\" rel=\"noopener\" target=\"_blank\"><img loading=\"lazy\" decoding=\"async\" class=\"size-full wp-image-12808\" src=\"https:\/\/grontkontor.dk\/wp-content\/uploads\/2019\/04\/gots-certificeret.jpg\" \n   alt=\"Gots certificeret - din garanti for, at produktet indeholder mindst 70% ?kologisk bomuld\"  description=\"Gots certificeret - din garanti for, at produktet indeholder mindst 70% ?kologisk bomuld\" width=\"50\" height=\"50\" \n\t border=0 \/><\/a>\n","protected":false},"excerpt":{"rendered":"<p>Geben Sie Ihrer Marke einen Schub und Ihren Mitarbeitern ein Geschenk, das mit unseren umweltfreundlichen Damen-T-Shirts aus Bio-Baumwolle einen Unterschied macht. Dieses T-Shirt kombiniert klassisches Design mit einer starken Botschaft der Verantwortung. Es besteht aus 100 % Bio-Baumwolle, einer weichen und bequemen Mischung, die mit Sorgfalt f\u00fcr den Planeten ausgew\u00e4hlt wurde. Die nat\u00fcrlichen Materialien sind [&hellip;]<\/p>\n","protected":false},"featured_media":116942,"comment_status":"closed","ping_status":"closed","template":"","meta":{"_acf_changed":false},"product_cat":[3089,3321,3084,4842],"product_tag":[4814,4815,3460,4817,4816],"class_list":{"0":"post-129047","1":"product","2":"type-product","3":"status-publish","4":"has-post-thumbnail","6":"product_cat-dummy-moq-10-50-de","7":"product_cat-klimafreundliche-werbegeschenke","8":"product_cat-neuheiten","9":"product_cat-t-shirts-sweatshirts-und-poloshirts","10":"product_tag-hemd","11":"product_tag-t-shirt-de-2","12":"product_tag-t-shirt-de","13":"product_tag-t-shirts-de-2","14":"product_tag-t-shirts-de","15":"pa_farve-blau","16":"pa_farve-dunkelblau","17":"pa_farve-gebrochenes-weiss","18":"pa_farve-grau-de","19":"pa_farve-natur-de","20":"pa_farve-rot","21":"pa_farve-schwarz","22":"pa_farve-weiss","23":"tm-has-options","25":"first","26":"instock","27":"sale","28":"taxable","29":"shipping-taxable","30":"purchasable","31":"product-type-simple"},"acf":[],"yoast_head":"<!-- This site is optimized with the Yoast SEO Premium plugin v21.2 (Yoast SEO v21.2) - https:\/\/yoast.com\/wordpress\/plugins\/seo\/ -->\n<title>Umweltfreundliche Damen-T-Shirts aus Bio-Baumwolle<\/title>\n<meta name=\"description\" content=\"Umweltfreundliche Damen-T-Shirts aus Bio-Baumwolle. Unser klimafreundliches T-Shirt eignet sich perfekt f\u00fcr Firmengeschenke, kann mit Ihrem Logo geliefert werden.\" \/>\n<meta name=\"robots\" content=\"index, follow, max-snippet:-1, max-image-preview:large, max-video-preview:-1\" \/>\n<link rel=\"canonical\" href=\"https:\/\/grontkontor.dk\/de\/shop\/t-shirt-oekologisk-bomuld-dame-175-gsm\/\" \/>\n<meta property=\"og:locale\" content=\"de_DE\" \/>\n<meta property=\"og:type\" content=\"article\" \/>\n<meta property=\"og:title\" content=\"T-Shirt aus Bio-Baumwolle Damen 175 g\/m\u00b2\" \/>\n<meta property=\"og:description\" content=\"Umweltfreundliche Damen-T-Shirts aus Bio-Baumwolle. Unser klimafreundliches T-Shirt eignet sich perfekt f\u00fcr Firmengeschenke, kann mit Ihrem Logo geliefert werden.\" \/>\n<meta property=\"og:url\" content=\"https:\/\/grontkontor.dk\/de\/shop\/t-shirt-oekologisk-bomuld-dame-175-gsm\/\" \/>\n<meta property=\"og:site_name\" content=\"Gr\u00f8nt Kontor\" \/>\n<meta property=\"article:publisher\" content=\"https:\/\/www.facebook.com\/grontkontor.dk\/\" \/>\n<meta property=\"article:modified_time\" content=\"2025-11-06T08:57:00+00:00\" \/>\n<meta property=\"og:image\" content=\"https:\/\/grontkontor.dk\/wp-content\/uploads\/2024\/11\/Klimavenlig-t-shirt-i-oekologisk-bomuld-hvid.jpg\" \/>\n\t<meta property=\"og:image:width\" content=\"900\" \/>\n\t<meta property=\"og:image:height\" content=\"639\" \/>\n\t<meta property=\"og:image:type\" content=\"image\/jpeg\" \/>\n<meta name=\"twitter:card\" content=\"summary_large_image\" \/>\n<meta name=\"twitter:label1\" content=\"Gesch\u00e4tzte Lesezeit\" \/>\n\t<meta name=\"twitter:data1\" content=\"2\u00a0Minuten\" \/>\n<script type=\"application\/ld+json\" class=\"yoast-schema-graph\">{\"@context\":\"https:\/\/schema.org\",\"@graph\":[{\"@type\":\"WebPage\",\"@id\":\"https:\/\/grontkontor.dk\/de\/shop\/t-shirt-oekologisk-bomuld-dame-175-gsm\/\",\"url\":\"https:\/\/grontkontor.dk\/de\/shop\/t-shirt-oekologisk-bomuld-dame-175-gsm\/\",\"name\":\"Umweltfreundliche Damen-T-Shirts aus Bio-Baumwolle\",\"isPartOf\":{\"@id\":\"https:\/\/grontkontor.dk\/#website\"},\"datePublished\":\"2025-09-19T18:22:36+00:00\",\"dateModified\":\"2025-11-06T08:57:00+00:00\",\"description\":\"Umweltfreundliche Damen-T-Shirts aus Bio-Baumwolle. Unser klimafreundliches T-Shirt eignet sich perfekt f\u00fcr Firmengeschenke, kann mit Ihrem Logo geliefert werden.\",\"breadcrumb\":{\"@id\":\"https:\/\/grontkontor.dk\/de\/shop\/t-shirt-oekologisk-bomuld-dame-175-gsm\/#breadcrumb\"},\"inLanguage\":\"de\",\"potentialAction\":[{\"@type\":\"ReadAction\",\"target\":[\"https:\/\/grontkontor.dk\/de\/shop\/t-shirt-oekologisk-bomuld-dame-175-gsm\/\"]}]},{\"@type\":\"BreadcrumbList\",\"@id\":\"https:\/\/grontkontor.dk\/de\/shop\/t-shirt-oekologisk-bomuld-dame-175-gsm\/#breadcrumb\",\"itemListElement\":[{\"@type\":\"ListItem\",\"position\":1,\"name\":\"Forside\",\"item\":\"https:\/\/grontkontor.dk\/de\/\"},{\"@type\":\"ListItem\",\"position\":2,\"name\":\"Laden\",\"item\":\"https:\/\/grontkontor.dk\/de\/laden\/\"},{\"@type\":\"ListItem\",\"position\":3,\"name\":\"Bekl\u00e6dning\",\"item\":\"https:\/\/grontkontor.dk\/produkt-kategori\/beklaedning\/\"},{\"@type\":\"ListItem\",\"position\":4,\"name\":\"T-shirts, sweat shirts og polo shirts\",\"item\":\"https:\/\/grontkontor.dk\/produkt-kategori\/beklaedning\/t-shirts-sweat-shirts-og-polo-shirts\/\"},{\"@type\":\"ListItem\",\"position\":5,\"name\":\"T-Shirt aus Bio-Baumwolle Damen 175 g\/m\u00b2\"}]},{\"@type\":\"WebSite\",\"@id\":\"https:\/\/grontkontor.dk\/#website\",\"url\":\"https:\/\/grontkontor.dk\/\",\"name\":\"Gr\u00f8nt Kontor\",\"description\":\"Milj\u00f8venlige produkter til kontor og erhverv med fokus p\u00e5 b\u00e6redygtighed, design og fair trade.\",\"publisher\":{\"@id\":\"https:\/\/grontkontor.dk\/#organization\"},\"potentialAction\":[{\"@type\":\"SearchAction\",\"target\":{\"@type\":\"EntryPoint\",\"urlTemplate\":\"https:\/\/grontkontor.dk\/?s={search_term_string}\"},\"query-input\":\"required name=search_term_string\"}],\"inLanguage\":\"de\"},{\"@type\":\"Organization\",\"@id\":\"https:\/\/grontkontor.dk\/#organization\",\"name\":\"Gr\u00f8nt Kontor\",\"url\":\"https:\/\/grontkontor.dk\/\",\"logo\":{\"@type\":\"ImageObject\",\"inLanguage\":\"de\",\"@id\":\"https:\/\/grontkontor.dk\/#\/schema\/logo\/image\/\",\"url\":\"https:\/\/grontkontor.dk\/wp-content\/uploads\/2014\/02\/Logo_groent_kontor_300x80.png\",\"contentUrl\":\"https:\/\/grontkontor.dk\/wp-content\/uploads\/2014\/02\/Logo_groent_kontor_300x80.png\",\"width\":300,\"height\":80,\"caption\":\"Gr\u00f8nt Kontor\"},\"image\":{\"@id\":\"https:\/\/grontkontor.dk\/#\/schema\/logo\/image\/\"},\"sameAs\":[\"https:\/\/www.facebook.com\/grontkontor.dk\/\"]}]}<\/script>\n<!-- \/ Yoast SEO Premium plugin. -->","yoast_head_json":{"title":"Umweltfreundliche Damen-T-Shirts aus Bio-Baumwolle","description":"Umweltfreundliche Damen-T-Shirts aus Bio-Baumwolle. Unser klimafreundliches T-Shirt eignet sich perfekt f\u00fcr Firmengeschenke, kann mit Ihrem Logo geliefert werden.","robots":{"index":"index","follow":"follow","max-snippet":"max-snippet:-1","max-image-preview":"max-image-preview:large","max-video-preview":"max-video-preview:-1"},"canonical":"https:\/\/grontkontor.dk\/de\/shop\/t-shirt-oekologisk-bomuld-dame-175-gsm\/","og_locale":"de_DE","og_type":"article","og_title":"T-Shirt aus Bio-Baumwolle Damen 175 g\/m\u00b2","og_description":"Umweltfreundliche Damen-T-Shirts aus Bio-Baumwolle. Unser klimafreundliches T-Shirt eignet sich perfekt f\u00fcr Firmengeschenke, kann mit Ihrem Logo geliefert werden.","og_url":"https:\/\/grontkontor.dk\/de\/shop\/t-shirt-oekologisk-bomuld-dame-175-gsm\/","og_site_name":"Gr\u00f8nt Kontor","article_publisher":"https:\/\/www.facebook.com\/grontkontor.dk\/","article_modified_time":"2025-11-06T08:57:00+00:00","og_image":[{"width":900,"height":639,"url":"https:\/\/grontkontor.dk\/wp-content\/uploads\/2024\/11\/Klimavenlig-t-shirt-i-oekologisk-bomuld-hvid.jpg","type":"image\/jpeg"}],"twitter_card":"summary_large_image","twitter_misc":{"Gesch\u00e4tzte Lesezeit":"2\u00a0Minuten"},"schema":{"@context":"https:\/\/schema.org","@graph":[{"@type":"WebPage","@id":"https:\/\/grontkontor.dk\/de\/shop\/t-shirt-oekologisk-bomuld-dame-175-gsm\/","url":"https:\/\/grontkontor.dk\/de\/shop\/t-shirt-oekologisk-bomuld-dame-175-gsm\/","name":"Umweltfreundliche Damen-T-Shirts aus Bio-Baumwolle","isPartOf":{"@id":"https:\/\/grontkontor.dk\/#website"},"datePublished":"2025-09-19T18:22:36+00:00","dateModified":"2025-11-06T08:57:00+00:00","description":"Umweltfreundliche Damen-T-Shirts aus Bio-Baumwolle. Unser klimafreundliches T-Shirt eignet sich perfekt f\u00fcr Firmengeschenke, kann mit Ihrem Logo geliefert werden.","breadcrumb":{"@id":"https:\/\/grontkontor.dk\/de\/shop\/t-shirt-oekologisk-bomuld-dame-175-gsm\/#breadcrumb"},"inLanguage":"de","potentialAction":[{"@type":"ReadAction","target":["https:\/\/grontkontor.dk\/de\/shop\/t-shirt-oekologisk-bomuld-dame-175-gsm\/"]}]},{"@type":"BreadcrumbList","@id":"https:\/\/grontkontor.dk\/de\/shop\/t-shirt-oekologisk-bomuld-dame-175-gsm\/#breadcrumb","itemListElement":[{"@type":"ListItem","position":1,"name":"Forside","item":"https:\/\/grontkontor.dk\/de\/"},{"@type":"ListItem","position":2,"name":"Laden","item":"https:\/\/grontkontor.dk\/de\/laden\/"},{"@type":"ListItem","position":3,"name":"Bekl\u00e6dning","item":"https:\/\/grontkontor.dk\/produkt-kategori\/beklaedning\/"},{"@type":"ListItem","position":4,"name":"T-shirts, sweat shirts og polo shirts","item":"https:\/\/grontkontor.dk\/produkt-kategori\/beklaedning\/t-shirts-sweat-shirts-og-polo-shirts\/"},{"@type":"ListItem","position":5,"name":"T-Shirt aus Bio-Baumwolle Damen 175 g\/m\u00b2"}]},{"@type":"WebSite","@id":"https:\/\/grontkontor.dk\/#website","url":"https:\/\/grontkontor.dk\/","name":"Gr\u00f8nt Kontor","description":"Milj\u00f8venlige produkter til kontor og erhverv med fokus p\u00e5 b\u00e6redygtighed, design og fair trade.","publisher":{"@id":"https:\/\/grontkontor.dk\/#organization"},"potentialAction":[{"@type":"SearchAction","target":{"@type":"EntryPoint","urlTemplate":"https:\/\/grontkontor.dk\/?s={search_term_string}"},"query-input":"required name=search_term_string"}],"inLanguage":"de"},{"@type":"Organization","@id":"https:\/\/grontkontor.dk\/#organization","name":"Gr\u00f8nt Kontor","url":"https:\/\/grontkontor.dk\/","logo":{"@type":"ImageObject","inLanguage":"de","@id":"https:\/\/grontkontor.dk\/#\/schema\/logo\/image\/","url":"https:\/\/grontkontor.dk\/wp-content\/uploads\/2014\/02\/Logo_groent_kontor_300x80.png","contentUrl":"https:\/\/grontkontor.dk\/wp-content\/uploads\/2014\/02\/Logo_groent_kontor_300x80.png","width":300,"height":80,"caption":"Gr\u00f8nt Kontor"},"image":{"@id":"https:\/\/grontkontor.dk\/#\/schema\/logo\/image\/"},"sameAs":["https:\/\/www.facebook.com\/grontkontor.dk\/"]}]}},"_links":{"self":[{"href":"https:\/\/grontkontor.dk\/de\/wp-json\/wp\/v2\/product\/129047"}],"collection":[{"href":"https:\/\/grontkontor.dk\/de\/wp-json\/wp\/v2\/product"}],"about":[{"href":"https:\/\/grontkontor.dk\/de\/wp-json\/wp\/v2\/types\/product"}],"replies":[{"embeddable":true,"href":"https:\/\/grontkontor.dk\/de\/wp-json\/wp\/v2\/comments?post=129047"}],"wp:featuredmedia":[{"embeddable":true,"href":"https:\/\/grontkontor.dk\/de\/wp-json\/wp\/v2\/media\/116942"}],"wp:attachment":[{"href":"https:\/\/grontkontor.dk\/de\/wp-json\/wp\/v2\/media?parent=129047"}],"wp:term":[{"taxonomy":"product_cat","embeddable":true,"href":"https:\/\/grontkontor.dk\/de\/wp-json\/wp\/v2\/product_cat?post=129047"},{"taxonomy":"product_tag","embeddable":true,"href":"https:\/\/grontkontor.dk\/de\/wp-json\/wp\/v2\/product_tag?post=129047"}],"curies":[{"name":"wp","href":"https:\/\/api.w.org\/{rel}","templated":true}]}}