{"id":129656,"date":"2025-10-01T08:53:26","date_gmt":"2025-10-01T06:53:30","guid":{"rendered":"https:\/\/grontkontor.dk\/?post_type=product&#038;p=129656"},"modified":"2025-11-03T09:57:24","modified_gmt":"2025-11-03T08:57:24","slug":"halstoerklaede-oekologisk-bomuld","status":"publish","type":"product","link":"https:\/\/grontkontor.dk\/de\/shop\/halstoerklaede-oekologisk-bomuld\/","title":{"rendered":"Schal Bio-Baumwolle"},"content":{"rendered":"<p>Werten Sie Ihren Stil mit einem klimafreundlichen Schal aus Bio-Baumwolle auf, der sowohl weichen Komfort als auch eine verantwortungsvolle Wahl bietet. Dieser Schal besteht aus 100% Bio-Baumwolle, die f\u00fcr ein unglaublich weiches und angenehmes Gef\u00fchl auf der Haut sorgt. Indem Sie sich f\u00fcr Bio-Baumwolle entscheiden, tragen Sie dazu bei, den Einsatz von Pestiziden und den Wasserverbrauch zu reduzieren, was diese Baumwolle zu einem wirklich umweltfreundlichen Accessoire macht. Es ist der Beweis daf\u00fcr, dass Sie sich stilvoll kleiden k\u00f6nnen, ohne Kompromisse beim Umweltschutz einzugehen.   <\/p>\n<p>Der Schal ist in einer Vielzahl von Farben erh\u00e4ltlich, so dass Sie leicht den Farbton finden k\u00f6nnen, der perfekt zu Ihrer Garderobe oder Ihrem Firmenprofil passt. Es ist das ideale Firmengeschenk oder ein elegantes Accessoire f\u00fcr Mitarbeiter, die ein klimafreundliches Image aufwerten m\u00f6chten. Als sch\u00f6nes Detail ist der Schal mit einem klaren Etikett versehen, das best\u00e4tigt, dass er aus Bio-Baumwolle besteht.  <\/p>\n<p>Dieser klimafreundliche Schal aus Bio-Baumwolle wird in einer passenden Bio-Baumwolltasche mit Kordelzugverschluss geliefert und ist somit ein sch\u00f6nes und vorverpacktes Geschenk. Die Tasche ist nicht nur bequem zu lagern, sondern reduziert auch den Bedarf an Einwegverpackungen. Die M\u00f6glichkeit, Ihr Logo oder Ihre Botschaft mit einem Druck hinzuzuf\u00fcgen, macht diesen Schal zu einem effektiven Marketinginstrument, das Eleganz mit einer starken, umweltfreundlichen Botschaft verbindet.<\/p>\n","protected":false},"excerpt":{"rendered":"<p><br data-mce-bogus=\"1\"><\/p>\n","protected":false},"featured_media":129737,"comment_status":"closed","ping_status":"closed","template":"","meta":{"_acf_changed":false},"product_cat":[3325,4836,3084,3327],"product_tag":[4045],"class_list":{"0":"post-129656","1":"product","2":"type-product","3":"status-publish","4":"has-post-thumbnail","6":"product_cat-dummy-moq-1-de","7":"product_cat-kopfschmuck","8":"product_cat-neuheiten","9":"product_cat-sport-und-freizeit","10":"product_tag-kopfschmuck","11":"tm-has-options","13":"first","14":"instock","15":"taxable","16":"shipping-taxable","17":"purchasable","18":"product-type-variable","19":"has-default-attributes"},"acf":[],"yoast_head":"<!-- This site is optimized with the Yoast SEO Premium plugin v21.2 (Yoast SEO v21.2) - https:\/\/yoast.com\/wordpress\/plugins\/seo\/ -->\n<title>Klimafreundlicher Schal aus Bio-Baumwolle<\/title>\n<meta name=\"description\" content=\"Klimafreundlicher Schal aus Bio-Baumwolle. Erh\u00e4ltlich in mehreren Farben mit oder ohne Logodruck. Perfekt f\u00fcr Firmengeschenke oder als Handout f\u00fcr Messen und Veranstaltungen.\" \/>\n<meta name=\"robots\" content=\"index, follow, max-snippet:-1, max-image-preview:large, max-video-preview:-1\" \/>\n<link rel=\"canonical\" href=\"https:\/\/grontkontor.dk\/de\/shop\/halstoerklaede-oekologisk-bomuld\/\" \/>\n<meta property=\"og:locale\" content=\"de_DE\" \/>\n<meta property=\"og:type\" content=\"article\" \/>\n<meta property=\"og:title\" content=\"Schal Bio-Baumwolle\" \/>\n<meta property=\"og:description\" content=\"Klimafreundlicher Schal aus Bio-Baumwolle. Erh\u00e4ltlich in mehreren Farben mit oder ohne Logodruck. Perfekt f\u00fcr Firmengeschenke oder als Handout f\u00fcr Messen und Veranstaltungen.\" \/>\n<meta property=\"og:url\" content=\"https:\/\/grontkontor.dk\/de\/shop\/halstoerklaede-oekologisk-bomuld\/\" \/>\n<meta property=\"og:site_name\" content=\"Gr\u00f8nt Kontor\" \/>\n<meta property=\"article:publisher\" content=\"https:\/\/www.facebook.com\/grontkontor.dk\/\" \/>\n<meta property=\"article:modified_time\" content=\"2025-11-03T08:57:24+00:00\" \/>\n<meta property=\"og:image\" content=\"https:\/\/grontkontor.dk\/wp-content\/uploads\/2025\/10\/Klimavenligt-halstoerklaede-oekologisk-bomuld-collage.jpg\" \/>\n\t<meta property=\"og:image:width\" content=\"900\" \/>\n\t<meta property=\"og:image:height\" content=\"639\" \/>\n\t<meta property=\"og:image:type\" content=\"image\/jpeg\" \/>\n<meta name=\"twitter:card\" content=\"summary_large_image\" \/>\n<meta name=\"twitter:label1\" content=\"Gesch\u00e4tzte Lesezeit\" \/>\n\t<meta name=\"twitter:data1\" content=\"1\u00a0Minute\" \/>\n<script type=\"application\/ld+json\" class=\"yoast-schema-graph\">{\"@context\":\"https:\/\/schema.org\",\"@graph\":[{\"@type\":\"WebPage\",\"@id\":\"https:\/\/grontkontor.dk\/de\/shop\/halstoerklaede-oekologisk-bomuld\/\",\"url\":\"https:\/\/grontkontor.dk\/de\/shop\/halstoerklaede-oekologisk-bomuld\/\",\"name\":\"Klimafreundlicher Schal aus Bio-Baumwolle\",\"isPartOf\":{\"@id\":\"https:\/\/grontkontor.dk\/#website\"},\"datePublished\":\"2025-10-01T06:53:30+00:00\",\"dateModified\":\"2025-11-03T08:57:24+00:00\",\"description\":\"Klimafreundlicher Schal aus Bio-Baumwolle. Erh\u00e4ltlich in mehreren Farben mit oder ohne Logodruck. Perfekt f\u00fcr Firmengeschenke oder als Handout f\u00fcr Messen und Veranstaltungen.\",\"breadcrumb\":{\"@id\":\"https:\/\/grontkontor.dk\/de\/shop\/halstoerklaede-oekologisk-bomuld\/#breadcrumb\"},\"inLanguage\":\"de\",\"potentialAction\":[{\"@type\":\"ReadAction\",\"target\":[\"https:\/\/grontkontor.dk\/de\/shop\/halstoerklaede-oekologisk-bomuld\/\"]}]},{\"@type\":\"BreadcrumbList\",\"@id\":\"https:\/\/grontkontor.dk\/de\/shop\/halstoerklaede-oekologisk-bomuld\/#breadcrumb\",\"itemListElement\":[{\"@type\":\"ListItem\",\"position\":1,\"name\":\"Forside\",\"item\":\"https:\/\/grontkontor.dk\/de\/\"},{\"@type\":\"ListItem\",\"position\":2,\"name\":\"Laden\",\"item\":\"https:\/\/grontkontor.dk\/de\/laden\/\"},{\"@type\":\"ListItem\",\"position\":3,\"name\":\"Bekl\u00e6dning\",\"item\":\"https:\/\/grontkontor.dk\/produkt-kategori\/beklaedning\/\"},{\"@type\":\"ListItem\",\"position\":4,\"name\":\"Hovedbekl\u00e6dning\",\"item\":\"https:\/\/grontkontor.dk\/produkt-kategori\/beklaedning\/hovedbeklaedning\/\"},{\"@type\":\"ListItem\",\"position\":5,\"name\":\"Schal Bio-Baumwolle\"}]},{\"@type\":\"WebSite\",\"@id\":\"https:\/\/grontkontor.dk\/#website\",\"url\":\"https:\/\/grontkontor.dk\/\",\"name\":\"Gr\u00f8nt Kontor\",\"description\":\"Milj\u00f8venlige produkter til kontor og erhverv med fokus p\u00e5 b\u00e6redygtighed, design og fair trade.\",\"publisher\":{\"@id\":\"https:\/\/grontkontor.dk\/#organization\"},\"potentialAction\":[{\"@type\":\"SearchAction\",\"target\":{\"@type\":\"EntryPoint\",\"urlTemplate\":\"https:\/\/grontkontor.dk\/?s={search_term_string}\"},\"query-input\":\"required name=search_term_string\"}],\"inLanguage\":\"de\"},{\"@type\":\"Organization\",\"@id\":\"https:\/\/grontkontor.dk\/#organization\",\"name\":\"Gr\u00f8nt Kontor\",\"url\":\"https:\/\/grontkontor.dk\/\",\"logo\":{\"@type\":\"ImageObject\",\"inLanguage\":\"de\",\"@id\":\"https:\/\/grontkontor.dk\/#\/schema\/logo\/image\/\",\"url\":\"https:\/\/grontkontor.dk\/wp-content\/uploads\/2014\/02\/Logo_groent_kontor_300x80.png\",\"contentUrl\":\"https:\/\/grontkontor.dk\/wp-content\/uploads\/2014\/02\/Logo_groent_kontor_300x80.png\",\"width\":300,\"height\":80,\"caption\":\"Gr\u00f8nt Kontor\"},\"image\":{\"@id\":\"https:\/\/grontkontor.dk\/#\/schema\/logo\/image\/\"},\"sameAs\":[\"https:\/\/www.facebook.com\/grontkontor.dk\/\"]}]}<\/script>\n<!-- \/ Yoast SEO Premium plugin. -->","yoast_head_json":{"title":"Klimafreundlicher Schal aus Bio-Baumwolle","description":"Klimafreundlicher Schal aus Bio-Baumwolle. Erh\u00e4ltlich in mehreren Farben mit oder ohne Logodruck. Perfekt f\u00fcr Firmengeschenke oder als Handout f\u00fcr Messen und Veranstaltungen.","robots":{"index":"index","follow":"follow","max-snippet":"max-snippet:-1","max-image-preview":"max-image-preview:large","max-video-preview":"max-video-preview:-1"},"canonical":"https:\/\/grontkontor.dk\/de\/shop\/halstoerklaede-oekologisk-bomuld\/","og_locale":"de_DE","og_type":"article","og_title":"Schal Bio-Baumwolle","og_description":"Klimafreundlicher Schal aus Bio-Baumwolle. Erh\u00e4ltlich in mehreren Farben mit oder ohne Logodruck. Perfekt f\u00fcr Firmengeschenke oder als Handout f\u00fcr Messen und Veranstaltungen.","og_url":"https:\/\/grontkontor.dk\/de\/shop\/halstoerklaede-oekologisk-bomuld\/","og_site_name":"Gr\u00f8nt Kontor","article_publisher":"https:\/\/www.facebook.com\/grontkontor.dk\/","article_modified_time":"2025-11-03T08:57:24+00:00","og_image":[{"width":900,"height":639,"url":"https:\/\/grontkontor.dk\/wp-content\/uploads\/2025\/10\/Klimavenligt-halstoerklaede-oekologisk-bomuld-collage.jpg","type":"image\/jpeg"}],"twitter_card":"summary_large_image","twitter_misc":{"Gesch\u00e4tzte Lesezeit":"1\u00a0Minute"},"schema":{"@context":"https:\/\/schema.org","@graph":[{"@type":"WebPage","@id":"https:\/\/grontkontor.dk\/de\/shop\/halstoerklaede-oekologisk-bomuld\/","url":"https:\/\/grontkontor.dk\/de\/shop\/halstoerklaede-oekologisk-bomuld\/","name":"Klimafreundlicher Schal aus Bio-Baumwolle","isPartOf":{"@id":"https:\/\/grontkontor.dk\/#website"},"datePublished":"2025-10-01T06:53:30+00:00","dateModified":"2025-11-03T08:57:24+00:00","description":"Klimafreundlicher Schal aus Bio-Baumwolle. Erh\u00e4ltlich in mehreren Farben mit oder ohne Logodruck. Perfekt f\u00fcr Firmengeschenke oder als Handout f\u00fcr Messen und Veranstaltungen.","breadcrumb":{"@id":"https:\/\/grontkontor.dk\/de\/shop\/halstoerklaede-oekologisk-bomuld\/#breadcrumb"},"inLanguage":"de","potentialAction":[{"@type":"ReadAction","target":["https:\/\/grontkontor.dk\/de\/shop\/halstoerklaede-oekologisk-bomuld\/"]}]},{"@type":"BreadcrumbList","@id":"https:\/\/grontkontor.dk\/de\/shop\/halstoerklaede-oekologisk-bomuld\/#breadcrumb","itemListElement":[{"@type":"ListItem","position":1,"name":"Forside","item":"https:\/\/grontkontor.dk\/de\/"},{"@type":"ListItem","position":2,"name":"Laden","item":"https:\/\/grontkontor.dk\/de\/laden\/"},{"@type":"ListItem","position":3,"name":"Bekl\u00e6dning","item":"https:\/\/grontkontor.dk\/produkt-kategori\/beklaedning\/"},{"@type":"ListItem","position":4,"name":"Hovedbekl\u00e6dning","item":"https:\/\/grontkontor.dk\/produkt-kategori\/beklaedning\/hovedbeklaedning\/"},{"@type":"ListItem","position":5,"name":"Schal Bio-Baumwolle"}]},{"@type":"WebSite","@id":"https:\/\/grontkontor.dk\/#website","url":"https:\/\/grontkontor.dk\/","name":"Gr\u00f8nt Kontor","description":"Milj\u00f8venlige produkter til kontor og erhverv med fokus p\u00e5 b\u00e6redygtighed, design og fair trade.","publisher":{"@id":"https:\/\/grontkontor.dk\/#organization"},"potentialAction":[{"@type":"SearchAction","target":{"@type":"EntryPoint","urlTemplate":"https:\/\/grontkontor.dk\/?s={search_term_string}"},"query-input":"required name=search_term_string"}],"inLanguage":"de"},{"@type":"Organization","@id":"https:\/\/grontkontor.dk\/#organization","name":"Gr\u00f8nt Kontor","url":"https:\/\/grontkontor.dk\/","logo":{"@type":"ImageObject","inLanguage":"de","@id":"https:\/\/grontkontor.dk\/#\/schema\/logo\/image\/","url":"https:\/\/grontkontor.dk\/wp-content\/uploads\/2014\/02\/Logo_groent_kontor_300x80.png","contentUrl":"https:\/\/grontkontor.dk\/wp-content\/uploads\/2014\/02\/Logo_groent_kontor_300x80.png","width":300,"height":80,"caption":"Gr\u00f8nt Kontor"},"image":{"@id":"https:\/\/grontkontor.dk\/#\/schema\/logo\/image\/"},"sameAs":["https:\/\/www.facebook.com\/grontkontor.dk\/"]}]}},"_links":{"self":[{"href":"https:\/\/grontkontor.dk\/de\/wp-json\/wp\/v2\/product\/129656"}],"collection":[{"href":"https:\/\/grontkontor.dk\/de\/wp-json\/wp\/v2\/product"}],"about":[{"href":"https:\/\/grontkontor.dk\/de\/wp-json\/wp\/v2\/types\/product"}],"replies":[{"embeddable":true,"href":"https:\/\/grontkontor.dk\/de\/wp-json\/wp\/v2\/comments?post=129656"}],"wp:featuredmedia":[{"embeddable":true,"href":"https:\/\/grontkontor.dk\/de\/wp-json\/wp\/v2\/media\/129737"}],"wp:attachment":[{"href":"https:\/\/grontkontor.dk\/de\/wp-json\/wp\/v2\/media?parent=129656"}],"wp:term":[{"taxonomy":"product_cat","embeddable":true,"href":"https:\/\/grontkontor.dk\/de\/wp-json\/wp\/v2\/product_cat?post=129656"},{"taxonomy":"product_tag","embeddable":true,"href":"https:\/\/grontkontor.dk\/de\/wp-json\/wp\/v2\/product_tag?post=129656"}],"curies":[{"name":"wp","href":"https:\/\/api.w.org\/{rel}","templated":true}]}}