{"id":130047,"date":"2025-10-20T13:48:21","date_gmt":"2025-10-20T11:48:21","guid":{"rendered":"https:\/\/grontkontor.dk\/?post_type=product&#038;p=130047"},"modified":"2025-11-03T10:00:05","modified_gmt":"2025-11-03T09:00:05","slug":"julepynt-i-skifer-stjerne","status":"publish","type":"product","link":"https:\/\/grontkontor.dk\/de\/shop\/julepynt-i-skifer-stjerne\/","title":{"rendered":"Weihnachtsdekoration aus Schiefer &#8211; Stern"},"content":{"rendered":"<p>Verleihen Sie Ihrer Weihnachtsdekoration eine einzigartige und verantwortungsvolle Note mit klimafreundlicher Weihnachtsdekoration aus Schiefer. Dieser wundersch\u00f6ne Sternh\u00e4nger ist eine elegante Alternative zu herk\u00f6mmlichen Kunststoffornamenten und wird aus Naturschiefer hergestellt. Das Material verleiht einen rustikalen und zeitlosen Look, der sowohl in das moderne als auch in das klassische Weihnachtshaus perfekt passt. Die dunkle, matte Oberfl\u00e4che des Schiefers bildet einen sch\u00f6nen Kontrast zur gr\u00fcnen Farbe des Weihnachtsbaums und dem Schein des Lichts.   <\/p>\n<p>Kann mit einer Woche Logodruck oder Gravur geliefert werden.<\/p>\n<p>Holen Sie sich klimafreundliche Weihnachtsdekoration in Schiefer in Form eines klassischen Weihnachtssterns und kommen Sie mit einem Fadenaufh\u00e4nger, damit sie sofort zum Aufh\u00e4ngen bereit sind. Der Stern ist ein Symbol der Hoffnung und Freude und wird wundersch\u00f6n an Ihrem Weihnachtsbaum oder als Teil einer Weihnachtsdekoration schm\u00fccken. Schiefer ist ein extrem langlebiges und nat\u00fcrliches Material, was es zu einer umweltfreundlichen Wahl macht, die Sie Jahr f\u00fcr Jahr wiederverwenden k\u00f6nnen. Es ist ein kleiner, aber feiner Schritt in Richtung eines klimafreundlicheren Weihnachtsfestes.   <\/p>\n<p>Die Dekorationen eignen sich perfekt als durchdachtes und stilvolles Weihnachtsgeschenk f\u00fcr Mitarbeiter, Kunden oder als Teil eines Geschenkkorbs. Es ist eine elegante Art, zu zeigen, dass Ihr Unternehmen Wert auf Qualit\u00e4t und nat\u00fcrliche Materialien legt. Die Dekoration kann vorteilhaft mit einem Logo oder einer pers\u00f6nlichen Weihnachtsbotschaft graviert werden, was sie zu einem unvergesslichen St\u00fcck Weihnachtsdekoration macht. Gestalten Sie das diesj\u00e4hrige Weihnachtsgeschenk umweltfreundlich und sch\u00f6n.   <\/p>\n<p>&nbsp;<\/p>\n","protected":false},"excerpt":{"rendered":"<p>Verleihen Sie Ihrer Weihnachtsdekoration eine einzigartige und verantwortungsvolle Note mit klimafreundlicher Weihnachtsdekoration aus Schiefer. Dieser wundersch\u00f6ne Sternh\u00e4nger ist eine elegante Alternative zu herk\u00f6mmlichen Kunststoffornamenten und wird aus Naturschiefer hergestellt. Das Material verleiht einen rustikalen und zeitlosen Look, der sowohl in das moderne als auch in das klassische Weihnachtshaus perfekt passt. Die dunkle, matte Oberfl\u00e4che des [&hellip;]<\/p>\n","protected":false},"featured_media":130051,"comment_status":"closed","ping_status":"closed","template":"","meta":{"_acf_changed":false},"product_cat":[3325,3084,4848],"product_tag":[4849,3655],"class_list":{"0":"post-130047","1":"product","2":"type-product","3":"status-publish","4":"has-post-thumbnail","6":"product_cat-dummy-moq-1-de","7":"product_cat-neuheiten","8":"product_cat-weihnachten-und-feiertage","9":"product_tag-weihnachten","10":"product_tag-weihnachtsdekoration","11":"tm-has-options","13":"first","14":"instock","15":"taxable","16":"shipping-taxable","17":"purchasable","18":"product-type-simple"},"acf":[],"yoast_head":"<!-- This site is optimized with the Yoast SEO Premium plugin v21.2 (Yoast SEO v21.2) - https:\/\/yoast.com\/wordpress\/plugins\/seo\/ -->\n<title>Klimafreundliche Weihnachtsdekoration in Schiefer<\/title>\n<meta name=\"description\" content=\"Kaufen Sie klimafreundliche Weihnachtsdekoration in Schiefer. Der Aufh\u00e4nger aus Naturschiefer, der wie ein Stern geformt ist, ist eine umweltfreundliche Wahl f\u00fcr den Weihnachtsbaum. Rustikal, elegant und perfekt f\u00fcr Firmengeschenke.\" \/>\n<meta name=\"robots\" content=\"index, follow, max-snippet:-1, max-image-preview:large, max-video-preview:-1\" \/>\n<link rel=\"canonical\" href=\"https:\/\/grontkontor.dk\/de\/shop\/julepynt-i-skifer-stjerne\/\" \/>\n<meta property=\"og:locale\" content=\"de_DE\" \/>\n<meta property=\"og:type\" content=\"article\" \/>\n<meta property=\"og:title\" content=\"Weihnachtsdekoration aus Schiefer - Stern\" \/>\n<meta property=\"og:description\" content=\"Kaufen Sie klimafreundliche Weihnachtsdekoration in Schiefer. Der Aufh\u00e4nger aus Naturschiefer, der wie ein Stern geformt ist, ist eine umweltfreundliche Wahl f\u00fcr den Weihnachtsbaum. Rustikal, elegant und perfekt f\u00fcr Firmengeschenke.\" \/>\n<meta property=\"og:url\" content=\"https:\/\/grontkontor.dk\/de\/shop\/julepynt-i-skifer-stjerne\/\" \/>\n<meta property=\"og:site_name\" content=\"Gr\u00f8nt Kontor\" \/>\n<meta property=\"article:publisher\" content=\"https:\/\/www.facebook.com\/grontkontor.dk\/\" \/>\n<meta property=\"article:modified_time\" content=\"2025-11-03T09:00:05+00:00\" \/>\n<meta property=\"og:image\" content=\"https:\/\/grontkontor.dk\/wp-content\/uploads\/2025\/10\/Klimavenligt-julepynt-i-skifer.jpg\" \/>\n\t<meta property=\"og:image:width\" content=\"900\" \/>\n\t<meta property=\"og:image:height\" content=\"639\" \/>\n\t<meta property=\"og:image:type\" content=\"image\/jpeg\" \/>\n<meta name=\"twitter:card\" content=\"summary_large_image\" \/>\n<meta name=\"twitter:label1\" content=\"Gesch\u00e4tzte Lesezeit\" \/>\n\t<meta name=\"twitter:data1\" content=\"1\u00a0Minute\" \/>\n<script type=\"application\/ld+json\" class=\"yoast-schema-graph\">{\"@context\":\"https:\/\/schema.org\",\"@graph\":[{\"@type\":\"WebPage\",\"@id\":\"https:\/\/grontkontor.dk\/de\/shop\/julepynt-i-skifer-stjerne\/\",\"url\":\"https:\/\/grontkontor.dk\/de\/shop\/julepynt-i-skifer-stjerne\/\",\"name\":\"Klimafreundliche Weihnachtsdekoration in Schiefer\",\"isPartOf\":{\"@id\":\"https:\/\/grontkontor.dk\/#website\"},\"datePublished\":\"2025-10-20T11:48:21+00:00\",\"dateModified\":\"2025-11-03T09:00:05+00:00\",\"description\":\"Kaufen Sie klimafreundliche Weihnachtsdekoration in Schiefer. Der Aufh\u00e4nger aus Naturschiefer, der wie ein Stern geformt ist, ist eine umweltfreundliche Wahl f\u00fcr den Weihnachtsbaum. Rustikal, elegant und perfekt f\u00fcr Firmengeschenke.\",\"breadcrumb\":{\"@id\":\"https:\/\/grontkontor.dk\/de\/shop\/julepynt-i-skifer-stjerne\/#breadcrumb\"},\"inLanguage\":\"de\",\"potentialAction\":[{\"@type\":\"ReadAction\",\"target\":[\"https:\/\/grontkontor.dk\/de\/shop\/julepynt-i-skifer-stjerne\/\"]}]},{\"@type\":\"BreadcrumbList\",\"@id\":\"https:\/\/grontkontor.dk\/de\/shop\/julepynt-i-skifer-stjerne\/#breadcrumb\",\"itemListElement\":[{\"@type\":\"ListItem\",\"position\":1,\"name\":\"Forside\",\"item\":\"https:\/\/grontkontor.dk\/de\/\"},{\"@type\":\"ListItem\",\"position\":2,\"name\":\"Laden\",\"item\":\"https:\/\/grontkontor.dk\/de\/laden\/\"},{\"@type\":\"ListItem\",\"position\":3,\"name\":\"Jul og h\u00f8jtid\",\"item\":\"https:\/\/grontkontor.dk\/produkt-kategori\/jul-og-hoejtid\/\"},{\"@type\":\"ListItem\",\"position\":4,\"name\":\"Weihnachtsdekoration aus Schiefer &#8211; Stern\"}]},{\"@type\":\"WebSite\",\"@id\":\"https:\/\/grontkontor.dk\/#website\",\"url\":\"https:\/\/grontkontor.dk\/\",\"name\":\"Gr\u00f8nt Kontor\",\"description\":\"Milj\u00f8venlige produkter til kontor og erhverv med fokus p\u00e5 b\u00e6redygtighed, design og fair trade.\",\"publisher\":{\"@id\":\"https:\/\/grontkontor.dk\/#organization\"},\"potentialAction\":[{\"@type\":\"SearchAction\",\"target\":{\"@type\":\"EntryPoint\",\"urlTemplate\":\"https:\/\/grontkontor.dk\/?s={search_term_string}\"},\"query-input\":\"required name=search_term_string\"}],\"inLanguage\":\"de\"},{\"@type\":\"Organization\",\"@id\":\"https:\/\/grontkontor.dk\/#organization\",\"name\":\"Gr\u00f8nt Kontor\",\"url\":\"https:\/\/grontkontor.dk\/\",\"logo\":{\"@type\":\"ImageObject\",\"inLanguage\":\"de\",\"@id\":\"https:\/\/grontkontor.dk\/#\/schema\/logo\/image\/\",\"url\":\"https:\/\/grontkontor.dk\/wp-content\/uploads\/2014\/02\/Logo_groent_kontor_300x80.png\",\"contentUrl\":\"https:\/\/grontkontor.dk\/wp-content\/uploads\/2014\/02\/Logo_groent_kontor_300x80.png\",\"width\":300,\"height\":80,\"caption\":\"Gr\u00f8nt Kontor\"},\"image\":{\"@id\":\"https:\/\/grontkontor.dk\/#\/schema\/logo\/image\/\"},\"sameAs\":[\"https:\/\/www.facebook.com\/grontkontor.dk\/\"]}]}<\/script>\n<!-- \/ Yoast SEO Premium plugin. -->","yoast_head_json":{"title":"Klimafreundliche Weihnachtsdekoration in Schiefer","description":"Kaufen Sie klimafreundliche Weihnachtsdekoration in Schiefer. Der Aufh\u00e4nger aus Naturschiefer, der wie ein Stern geformt ist, ist eine umweltfreundliche Wahl f\u00fcr den Weihnachtsbaum. Rustikal, elegant und perfekt f\u00fcr Firmengeschenke.","robots":{"index":"index","follow":"follow","max-snippet":"max-snippet:-1","max-image-preview":"max-image-preview:large","max-video-preview":"max-video-preview:-1"},"canonical":"https:\/\/grontkontor.dk\/de\/shop\/julepynt-i-skifer-stjerne\/","og_locale":"de_DE","og_type":"article","og_title":"Weihnachtsdekoration aus Schiefer - Stern","og_description":"Kaufen Sie klimafreundliche Weihnachtsdekoration in Schiefer. Der Aufh\u00e4nger aus Naturschiefer, der wie ein Stern geformt ist, ist eine umweltfreundliche Wahl f\u00fcr den Weihnachtsbaum. Rustikal, elegant und perfekt f\u00fcr Firmengeschenke.","og_url":"https:\/\/grontkontor.dk\/de\/shop\/julepynt-i-skifer-stjerne\/","og_site_name":"Gr\u00f8nt Kontor","article_publisher":"https:\/\/www.facebook.com\/grontkontor.dk\/","article_modified_time":"2025-11-03T09:00:05+00:00","og_image":[{"width":900,"height":639,"url":"https:\/\/grontkontor.dk\/wp-content\/uploads\/2025\/10\/Klimavenligt-julepynt-i-skifer.jpg","type":"image\/jpeg"}],"twitter_card":"summary_large_image","twitter_misc":{"Gesch\u00e4tzte Lesezeit":"1\u00a0Minute"},"schema":{"@context":"https:\/\/schema.org","@graph":[{"@type":"WebPage","@id":"https:\/\/grontkontor.dk\/de\/shop\/julepynt-i-skifer-stjerne\/","url":"https:\/\/grontkontor.dk\/de\/shop\/julepynt-i-skifer-stjerne\/","name":"Klimafreundliche Weihnachtsdekoration in Schiefer","isPartOf":{"@id":"https:\/\/grontkontor.dk\/#website"},"datePublished":"2025-10-20T11:48:21+00:00","dateModified":"2025-11-03T09:00:05+00:00","description":"Kaufen Sie klimafreundliche Weihnachtsdekoration in Schiefer. Der Aufh\u00e4nger aus Naturschiefer, der wie ein Stern geformt ist, ist eine umweltfreundliche Wahl f\u00fcr den Weihnachtsbaum. Rustikal, elegant und perfekt f\u00fcr Firmengeschenke.","breadcrumb":{"@id":"https:\/\/grontkontor.dk\/de\/shop\/julepynt-i-skifer-stjerne\/#breadcrumb"},"inLanguage":"de","potentialAction":[{"@type":"ReadAction","target":["https:\/\/grontkontor.dk\/de\/shop\/julepynt-i-skifer-stjerne\/"]}]},{"@type":"BreadcrumbList","@id":"https:\/\/grontkontor.dk\/de\/shop\/julepynt-i-skifer-stjerne\/#breadcrumb","itemListElement":[{"@type":"ListItem","position":1,"name":"Forside","item":"https:\/\/grontkontor.dk\/de\/"},{"@type":"ListItem","position":2,"name":"Laden","item":"https:\/\/grontkontor.dk\/de\/laden\/"},{"@type":"ListItem","position":3,"name":"Jul og h\u00f8jtid","item":"https:\/\/grontkontor.dk\/produkt-kategori\/jul-og-hoejtid\/"},{"@type":"ListItem","position":4,"name":"Weihnachtsdekoration aus Schiefer &#8211; Stern"}]},{"@type":"WebSite","@id":"https:\/\/grontkontor.dk\/#website","url":"https:\/\/grontkontor.dk\/","name":"Gr\u00f8nt Kontor","description":"Milj\u00f8venlige produkter til kontor og erhverv med fokus p\u00e5 b\u00e6redygtighed, design og fair trade.","publisher":{"@id":"https:\/\/grontkontor.dk\/#organization"},"potentialAction":[{"@type":"SearchAction","target":{"@type":"EntryPoint","urlTemplate":"https:\/\/grontkontor.dk\/?s={search_term_string}"},"query-input":"required name=search_term_string"}],"inLanguage":"de"},{"@type":"Organization","@id":"https:\/\/grontkontor.dk\/#organization","name":"Gr\u00f8nt Kontor","url":"https:\/\/grontkontor.dk\/","logo":{"@type":"ImageObject","inLanguage":"de","@id":"https:\/\/grontkontor.dk\/#\/schema\/logo\/image\/","url":"https:\/\/grontkontor.dk\/wp-content\/uploads\/2014\/02\/Logo_groent_kontor_300x80.png","contentUrl":"https:\/\/grontkontor.dk\/wp-content\/uploads\/2014\/02\/Logo_groent_kontor_300x80.png","width":300,"height":80,"caption":"Gr\u00f8nt Kontor"},"image":{"@id":"https:\/\/grontkontor.dk\/#\/schema\/logo\/image\/"},"sameAs":["https:\/\/www.facebook.com\/grontkontor.dk\/"]}]}},"_links":{"self":[{"href":"https:\/\/grontkontor.dk\/de\/wp-json\/wp\/v2\/product\/130047"}],"collection":[{"href":"https:\/\/grontkontor.dk\/de\/wp-json\/wp\/v2\/product"}],"about":[{"href":"https:\/\/grontkontor.dk\/de\/wp-json\/wp\/v2\/types\/product"}],"replies":[{"embeddable":true,"href":"https:\/\/grontkontor.dk\/de\/wp-json\/wp\/v2\/comments?post=130047"}],"wp:featuredmedia":[{"embeddable":true,"href":"https:\/\/grontkontor.dk\/de\/wp-json\/wp\/v2\/media\/130051"}],"wp:attachment":[{"href":"https:\/\/grontkontor.dk\/de\/wp-json\/wp\/v2\/media?parent=130047"}],"wp:term":[{"taxonomy":"product_cat","embeddable":true,"href":"https:\/\/grontkontor.dk\/de\/wp-json\/wp\/v2\/product_cat?post=130047"},{"taxonomy":"product_tag","embeddable":true,"href":"https:\/\/grontkontor.dk\/de\/wp-json\/wp\/v2\/product_tag?post=130047"}],"curies":[{"name":"wp","href":"https:\/\/api.w.org\/{rel}","templated":true}]}}