{"id":130174,"date":"2025-10-21T15:56:22","date_gmt":"2025-10-21T13:56:30","guid":{"rendered":"https:\/\/grontkontor.dk\/?post_type=product&#038;p=130174"},"modified":"2025-11-03T09:58:48","modified_gmt":"2025-11-03T08:58:48","slug":"julemandspose-bomuld","status":"publish","type":"product","link":"https:\/\/grontkontor.dk\/de\/shop\/julemandspose-bomuld\/","title":{"rendered":"Weihnachtsmann Tasche Baumwolle"},"content":{"rendered":"<p>Machen Sie die diesj\u00e4hrige Geschenkverpackung zum Teil der Weihnachtsfreude mit unserer klimafreundlichen Weihnachtsgeschenkt\u00fcte aus Baumwolle. Diese gro\u00dfe und ger\u00e4umige Tasche ist die perfekte umweltfreundliche Alternative zu herk\u00f6mmlichem Geschenkpapier und Einwegverpackungen. Gefertigt aus einer starken Baumwollqualit\u00e4t von 180 g\/m\u00b2 sorgt diese Weihnachtsgeschenkt\u00fcte daf\u00fcr, dass Ihre Geschenke sicher und repr\u00e4sentativ aufbewahrt werden. Mit seinen gro\u00dfz\u00fcgigen Ma\u00dfen von ca. 50&#215;70 cm ist er gro\u00df genug f\u00fcr selbst volumin\u00f6seste Geschenke und weihnachtliche \u00dcberraschungen.   <\/p>\n<p>Erh\u00e4ltlich mit oder ohne Logodruck.<\/p>\n<p>Dies ist die ultimative Weihnachtsmanntasche, die mit ihrem Kordelzugverschluss daf\u00fcr sorgt, dass der Inhalt bis zum magischen Moment verborgen bleibt. Seine Wiederverwendbarkeit macht es zu einem wirklich klimafreundlichen Produkt, das Jahr f\u00fcr Jahr verwendet werden kann und Ihren Abfall erheblich reduziert. Es ist nicht nur praktisch; Es ist auch ein sch\u00f6ner Teil der Weihnachtsdekoration unter dem Baum.  <\/p>\n<p>Unsere klimafreundliche Weihnachtsgeschenkt\u00fcte aus Baumwolle eignet sich hervorragend als Firmengeschenk, wenn Sie Mitarbeitergeschenke stilvoll und mit R\u00fccksicht auf die Umwelt verpacken m\u00f6chten. Die Tasche kann ganz einfach mit dem Druck Ihres Firmenlogos oder einer Weihnachtsbotschaft personalisiert werden, was sie zu einem einzigartigen und umweltfreundlichen Marketinginstrument macht. Senden Sie ein klares Zeichen der Verantwortung und w\u00e4hlen Sie eine wiederverwendbare L\u00f6sung f\u00fcr die diesj\u00e4hrigen Geschenke.  <\/p>\n<p data-start=\"350\" data-end=\"656\">[bomuld]<\/p>\n<p data-start=\"350\" data-end=\"656\"><a href=\"https:\/\/en.wikipedia.org\/wiki\/Blue_Angel_(certification)\" rel=\"noopener\" target=\"_blank\"><img loading=\"lazy\" decoding=\"async\" class=\"size-full wp-image-12701\" src=\"https:\/\/grontkontor.dk\/wp-content\/uploads\/2023\/09\/amfori-logo.jpg\" width=\"202\" height=\"62\" border=0 \/><\/a><\/p>\n","protected":false},"excerpt":{"rendered":"<p>Machen Sie die diesj\u00e4hrige Geschenkverpackung zum Teil der Weihnachtsfreude mit unserer klimafreundlichen Weihnachtsgeschenkt\u00fcte aus Baumwolle. Diese gro\u00dfe und ger\u00e4umige Tasche ist die perfekte umweltfreundliche Alternative zu herk\u00f6mmlichem Geschenkpapier und Einwegverpackungen. Gefertigt aus einer starken Baumwollqualit\u00e4t von 180 g\/m\u00b2 sorgt diese Weihnachtsgeschenkt\u00fcte daf\u00fcr, dass Ihre Geschenke sicher und repr\u00e4sentativ aufbewahrt werden. Mit seinen gro\u00dfz\u00fcgigen Ma\u00dfen von [&hellip;]<\/p>\n","protected":false},"featured_media":130263,"comment_status":"closed","ping_status":"closed","template":"","meta":{"_acf_changed":false},"product_cat":[3325,4449,3084,3341,4848],"product_tag":[3631,4849],"class_list":{"0":"post-130174","1":"product","2":"type-product","3":"status-publish","4":"has-post-thumbnail","6":"product_cat-dummy-moq-1-de","7":"product_cat-geschenktueten-und-geschenkboxen","8":"product_cat-neuheiten","9":"product_cat-stofftaschen","10":"product_cat-weihnachten-und-feiertage","11":"product_tag-geschenktuete","12":"product_tag-weihnachten","13":"pa_farve-gruen","14":"pa_farve-rot","15":"tm-has-options","17":"first","18":"instock","19":"taxable","20":"shipping-taxable","21":"purchasable","22":"product-type-variable","23":"has-default-attributes"},"acf":[],"yoast_head":"<!-- This site is optimized with the Yoast SEO Premium plugin v21.2 (Yoast SEO v21.2) - https:\/\/yoast.com\/wordpress\/plugins\/seo\/ -->\n<title>Klimafreundliche Weihnachtsgeschenkt\u00fcte aus Baumwolle<\/title>\n<meta name=\"description\" content=\"Kaufen Sie eine klimafreundliche Weihnachtsgeschenkt\u00fcte aus Baumwolle (ca. 50x70 cm). Die gro\u00dfe Nikolaustasche ist eine umweltfreundliche Alternative zu Geschenkpapier. Perfekt als Weihnachtsgeschenkt\u00fcte f\u00fcr Firmengeschenke und Recycling Jahr f\u00fcr Jahr.\" \/>\n<meta name=\"robots\" content=\"index, follow, max-snippet:-1, max-image-preview:large, max-video-preview:-1\" \/>\n<link rel=\"canonical\" href=\"https:\/\/grontkontor.dk\/de\/shop\/julemandspose-bomuld\/\" \/>\n<meta property=\"og:locale\" content=\"de_DE\" \/>\n<meta property=\"og:type\" content=\"article\" \/>\n<meta property=\"og:title\" content=\"Weihnachtsmann Tasche Baumwolle\" \/>\n<meta property=\"og:description\" content=\"Kaufen Sie eine klimafreundliche Weihnachtsgeschenkt\u00fcte aus Baumwolle (ca. 50x70 cm). Die gro\u00dfe Nikolaustasche ist eine umweltfreundliche Alternative zu Geschenkpapier. Perfekt als Weihnachtsgeschenkt\u00fcte f\u00fcr Firmengeschenke und Recycling Jahr f\u00fcr Jahr.\" \/>\n<meta property=\"og:url\" content=\"https:\/\/grontkontor.dk\/de\/shop\/julemandspose-bomuld\/\" \/>\n<meta property=\"og:site_name\" content=\"Gr\u00f8nt Kontor\" \/>\n<meta property=\"article:publisher\" content=\"https:\/\/www.facebook.com\/grontkontor.dk\/\" \/>\n<meta property=\"article:modified_time\" content=\"2025-11-03T08:58:48+00:00\" \/>\n<meta property=\"og:image\" content=\"https:\/\/grontkontor.dk\/wp-content\/uploads\/2025\/10\/Klimavenlig-julegavepose-i-bomuld-groen.jpg\" \/>\n\t<meta property=\"og:image:width\" content=\"900\" \/>\n\t<meta property=\"og:image:height\" content=\"639\" \/>\n\t<meta property=\"og:image:type\" content=\"image\/jpeg\" \/>\n<meta name=\"twitter:card\" content=\"summary_large_image\" \/>\n<meta name=\"twitter:label1\" content=\"Gesch\u00e4tzte Lesezeit\" \/>\n\t<meta name=\"twitter:data1\" content=\"1\u00a0Minute\" \/>\n<script type=\"application\/ld+json\" class=\"yoast-schema-graph\">{\"@context\":\"https:\/\/schema.org\",\"@graph\":[{\"@type\":\"WebPage\",\"@id\":\"https:\/\/grontkontor.dk\/de\/shop\/julemandspose-bomuld\/\",\"url\":\"https:\/\/grontkontor.dk\/de\/shop\/julemandspose-bomuld\/\",\"name\":\"Klimafreundliche Weihnachtsgeschenkt\u00fcte aus Baumwolle\",\"isPartOf\":{\"@id\":\"https:\/\/grontkontor.dk\/#website\"},\"datePublished\":\"2025-10-21T13:56:30+00:00\",\"dateModified\":\"2025-11-03T08:58:48+00:00\",\"description\":\"Kaufen Sie eine klimafreundliche Weihnachtsgeschenkt\u00fcte aus Baumwolle (ca. 50x70 cm). Die gro\u00dfe Nikolaustasche ist eine umweltfreundliche Alternative zu Geschenkpapier. Perfekt als Weihnachtsgeschenkt\u00fcte f\u00fcr Firmengeschenke und Recycling Jahr f\u00fcr Jahr.\",\"breadcrumb\":{\"@id\":\"https:\/\/grontkontor.dk\/de\/shop\/julemandspose-bomuld\/#breadcrumb\"},\"inLanguage\":\"de\",\"potentialAction\":[{\"@type\":\"ReadAction\",\"target\":[\"https:\/\/grontkontor.dk\/de\/shop\/julemandspose-bomuld\/\"]}]},{\"@type\":\"BreadcrumbList\",\"@id\":\"https:\/\/grontkontor.dk\/de\/shop\/julemandspose-bomuld\/#breadcrumb\",\"itemListElement\":[{\"@type\":\"ListItem\",\"position\":1,\"name\":\"Forside\",\"item\":\"https:\/\/grontkontor.dk\/de\/\"},{\"@type\":\"ListItem\",\"position\":2,\"name\":\"Laden\",\"item\":\"https:\/\/grontkontor.dk\/de\/laden\/\"},{\"@type\":\"ListItem\",\"position\":3,\"name\":\"Klimafreundliche Werbegeschenke\",\"item\":\"https:\/\/grontkontor.dk\/de\/produkt-kategori\/klimafreundliche-werbegeschenke\/\"},{\"@type\":\"ListItem\",\"position\":4,\"name\":\"Geschenkt\u00fcten und Geschenkboxen\",\"item\":\"https:\/\/grontkontor.dk\/de\/produkt-kategori\/klimafreundliche-werbegeschenke\/geschenktueten-und-geschenkboxen\/\"},{\"@type\":\"ListItem\",\"position\":5,\"name\":\"Weihnachtsmann Tasche Baumwolle\"}]},{\"@type\":\"WebSite\",\"@id\":\"https:\/\/grontkontor.dk\/#website\",\"url\":\"https:\/\/grontkontor.dk\/\",\"name\":\"Gr\u00f8nt Kontor\",\"description\":\"Milj\u00f8venlige produkter til kontor og erhverv med fokus p\u00e5 b\u00e6redygtighed, design og fair trade.\",\"publisher\":{\"@id\":\"https:\/\/grontkontor.dk\/#organization\"},\"potentialAction\":[{\"@type\":\"SearchAction\",\"target\":{\"@type\":\"EntryPoint\",\"urlTemplate\":\"https:\/\/grontkontor.dk\/?s={search_term_string}\"},\"query-input\":\"required name=search_term_string\"}],\"inLanguage\":\"de\"},{\"@type\":\"Organization\",\"@id\":\"https:\/\/grontkontor.dk\/#organization\",\"name\":\"Gr\u00f8nt Kontor\",\"url\":\"https:\/\/grontkontor.dk\/\",\"logo\":{\"@type\":\"ImageObject\",\"inLanguage\":\"de\",\"@id\":\"https:\/\/grontkontor.dk\/#\/schema\/logo\/image\/\",\"url\":\"https:\/\/grontkontor.dk\/wp-content\/uploads\/2014\/02\/Logo_groent_kontor_300x80.png\",\"contentUrl\":\"https:\/\/grontkontor.dk\/wp-content\/uploads\/2014\/02\/Logo_groent_kontor_300x80.png\",\"width\":300,\"height\":80,\"caption\":\"Gr\u00f8nt Kontor\"},\"image\":{\"@id\":\"https:\/\/grontkontor.dk\/#\/schema\/logo\/image\/\"},\"sameAs\":[\"https:\/\/www.facebook.com\/grontkontor.dk\/\"]}]}<\/script>\n<!-- \/ Yoast SEO Premium plugin. -->","yoast_head_json":{"title":"Klimafreundliche Weihnachtsgeschenkt\u00fcte aus Baumwolle","description":"Kaufen Sie eine klimafreundliche Weihnachtsgeschenkt\u00fcte aus Baumwolle (ca. 50x70 cm). Die gro\u00dfe Nikolaustasche ist eine umweltfreundliche Alternative zu Geschenkpapier. Perfekt als Weihnachtsgeschenkt\u00fcte f\u00fcr Firmengeschenke und Recycling Jahr f\u00fcr Jahr.","robots":{"index":"index","follow":"follow","max-snippet":"max-snippet:-1","max-image-preview":"max-image-preview:large","max-video-preview":"max-video-preview:-1"},"canonical":"https:\/\/grontkontor.dk\/de\/shop\/julemandspose-bomuld\/","og_locale":"de_DE","og_type":"article","og_title":"Weihnachtsmann Tasche Baumwolle","og_description":"Kaufen Sie eine klimafreundliche Weihnachtsgeschenkt\u00fcte aus Baumwolle (ca. 50x70 cm). Die gro\u00dfe Nikolaustasche ist eine umweltfreundliche Alternative zu Geschenkpapier. Perfekt als Weihnachtsgeschenkt\u00fcte f\u00fcr Firmengeschenke und Recycling Jahr f\u00fcr Jahr.","og_url":"https:\/\/grontkontor.dk\/de\/shop\/julemandspose-bomuld\/","og_site_name":"Gr\u00f8nt Kontor","article_publisher":"https:\/\/www.facebook.com\/grontkontor.dk\/","article_modified_time":"2025-11-03T08:58:48+00:00","og_image":[{"width":900,"height":639,"url":"https:\/\/grontkontor.dk\/wp-content\/uploads\/2025\/10\/Klimavenlig-julegavepose-i-bomuld-groen.jpg","type":"image\/jpeg"}],"twitter_card":"summary_large_image","twitter_misc":{"Gesch\u00e4tzte Lesezeit":"1\u00a0Minute"},"schema":{"@context":"https:\/\/schema.org","@graph":[{"@type":"WebPage","@id":"https:\/\/grontkontor.dk\/de\/shop\/julemandspose-bomuld\/","url":"https:\/\/grontkontor.dk\/de\/shop\/julemandspose-bomuld\/","name":"Klimafreundliche Weihnachtsgeschenkt\u00fcte aus Baumwolle","isPartOf":{"@id":"https:\/\/grontkontor.dk\/#website"},"datePublished":"2025-10-21T13:56:30+00:00","dateModified":"2025-11-03T08:58:48+00:00","description":"Kaufen Sie eine klimafreundliche Weihnachtsgeschenkt\u00fcte aus Baumwolle (ca. 50x70 cm). Die gro\u00dfe Nikolaustasche ist eine umweltfreundliche Alternative zu Geschenkpapier. Perfekt als Weihnachtsgeschenkt\u00fcte f\u00fcr Firmengeschenke und Recycling Jahr f\u00fcr Jahr.","breadcrumb":{"@id":"https:\/\/grontkontor.dk\/de\/shop\/julemandspose-bomuld\/#breadcrumb"},"inLanguage":"de","potentialAction":[{"@type":"ReadAction","target":["https:\/\/grontkontor.dk\/de\/shop\/julemandspose-bomuld\/"]}]},{"@type":"BreadcrumbList","@id":"https:\/\/grontkontor.dk\/de\/shop\/julemandspose-bomuld\/#breadcrumb","itemListElement":[{"@type":"ListItem","position":1,"name":"Forside","item":"https:\/\/grontkontor.dk\/de\/"},{"@type":"ListItem","position":2,"name":"Laden","item":"https:\/\/grontkontor.dk\/de\/laden\/"},{"@type":"ListItem","position":3,"name":"Klimafreundliche Werbegeschenke","item":"https:\/\/grontkontor.dk\/de\/produkt-kategori\/klimafreundliche-werbegeschenke\/"},{"@type":"ListItem","position":4,"name":"Geschenkt\u00fcten und Geschenkboxen","item":"https:\/\/grontkontor.dk\/de\/produkt-kategori\/klimafreundliche-werbegeschenke\/geschenktueten-und-geschenkboxen\/"},{"@type":"ListItem","position":5,"name":"Weihnachtsmann Tasche Baumwolle"}]},{"@type":"WebSite","@id":"https:\/\/grontkontor.dk\/#website","url":"https:\/\/grontkontor.dk\/","name":"Gr\u00f8nt Kontor","description":"Milj\u00f8venlige produkter til kontor og erhverv med fokus p\u00e5 b\u00e6redygtighed, design og fair trade.","publisher":{"@id":"https:\/\/grontkontor.dk\/#organization"},"potentialAction":[{"@type":"SearchAction","target":{"@type":"EntryPoint","urlTemplate":"https:\/\/grontkontor.dk\/?s={search_term_string}"},"query-input":"required name=search_term_string"}],"inLanguage":"de"},{"@type":"Organization","@id":"https:\/\/grontkontor.dk\/#organization","name":"Gr\u00f8nt Kontor","url":"https:\/\/grontkontor.dk\/","logo":{"@type":"ImageObject","inLanguage":"de","@id":"https:\/\/grontkontor.dk\/#\/schema\/logo\/image\/","url":"https:\/\/grontkontor.dk\/wp-content\/uploads\/2014\/02\/Logo_groent_kontor_300x80.png","contentUrl":"https:\/\/grontkontor.dk\/wp-content\/uploads\/2014\/02\/Logo_groent_kontor_300x80.png","width":300,"height":80,"caption":"Gr\u00f8nt Kontor"},"image":{"@id":"https:\/\/grontkontor.dk\/#\/schema\/logo\/image\/"},"sameAs":["https:\/\/www.facebook.com\/grontkontor.dk\/"]}]}},"_links":{"self":[{"href":"https:\/\/grontkontor.dk\/de\/wp-json\/wp\/v2\/product\/130174"}],"collection":[{"href":"https:\/\/grontkontor.dk\/de\/wp-json\/wp\/v2\/product"}],"about":[{"href":"https:\/\/grontkontor.dk\/de\/wp-json\/wp\/v2\/types\/product"}],"replies":[{"embeddable":true,"href":"https:\/\/grontkontor.dk\/de\/wp-json\/wp\/v2\/comments?post=130174"}],"wp:featuredmedia":[{"embeddable":true,"href":"https:\/\/grontkontor.dk\/de\/wp-json\/wp\/v2\/media\/130263"}],"wp:attachment":[{"href":"https:\/\/grontkontor.dk\/de\/wp-json\/wp\/v2\/media?parent=130174"}],"wp:term":[{"taxonomy":"product_cat","embeddable":true,"href":"https:\/\/grontkontor.dk\/de\/wp-json\/wp\/v2\/product_cat?post=130174"},{"taxonomy":"product_tag","embeddable":true,"href":"https:\/\/grontkontor.dk\/de\/wp-json\/wp\/v2\/product_tag?post=130174"}],"curies":[{"name":"wp","href":"https:\/\/api.w.org\/{rel}","templated":true}]}}