{"id":130306,"date":"2025-10-22T14:18:32","date_gmt":"2025-10-22T12:18:33","guid":{"rendered":"https:\/\/grontkontor.dk\/?post_type=product&#038;p=130306"},"modified":"2025-11-06T09:22:17","modified_gmt":"2025-11-06T08:22:17","slug":"yoyo-i-klassisk-design-i-fyrretrae","status":"publish","type":"product","link":"https:\/\/grontkontor.dk\/de\/shop\/yoyo-i-klassisk-design-i-fyrretrae\/","title":{"rendered":"Yoyo im klassischen Design aus Zirbenholz"},"content":{"rendered":"<p>Dieses Jojo im klassischen Design macht Spa\u00df und ist gleichzeitig nachhaltig \u2013 ein zeitloser Spielzeugklassiker, der sowohl Kindern als auch Erwachsenen Freude bereitet. Hergestellt aus naturbelassener Kiefer, hat es eine sch\u00f6ne, glatte Oberfl\u00e4che und ein leichtes, angenehmes Gewicht, das es f\u00fcr alle Altersgruppen einfach zu handhaben macht. Das Naturholz verleiht jedem Jojo eine ganz eigene Optik und ist gleichzeitig eine umweltfreundliche Alternative zu Plastikspielzeug.  <\/p>\n<p>Das Jojo ist ein perfektes Giveaway f\u00fcr Messen, Events und Kampagnen, bei denen Sie Unterhaltung mit einer gr\u00fcnen Botschaft verbinden m\u00f6chten. Es eignet sich auch hervorragend als Geschenk f\u00fcr Kinder in Kinderg\u00e4rten, Schulen oder nach der Schule \u2013 ein kleines St\u00fcck Nostalgie, das zum Spielen und Bewegen anregt.<x id=\"gid_0\"><\/x>Das Produkt kann mit Ihrem Firmenlogo oder Ihrer Botschaft in bis zu vier Farben gedruckt werden und kann auf beiden Seiten des Jojos bedruckt werden (Druckfl\u00e4che \u00d830 mm). Es bietet eine gro\u00dfartige Gelegenheit, einen pers\u00f6nlichen und wiedererkennbaren Ausdruck zu schaffen, der sowohl Freude verbreitet als auch Ihre Marke st\u00e4rkt.  <\/p>\n<p>W\u00e4hlen Sie das klassische Jojo aus Holz, wenn Sie ein einfaches, nachhaltiges und einpr\u00e4gsames Produkt verschenken m\u00f6chten, das verwendet wird \u2013 und in Erinnerung bleibt.<\/p>\n","protected":false},"excerpt":{"rendered":"<p>Dieses Jojo im klassischen Design macht Spa\u00df und ist gleichzeitig nachhaltig \u2013 ein zeitloser Spielzeugklassiker, der sowohl Kindern als auch Erwachsenen Freude bereitet. Hergestellt aus naturbelassener Kiefer, hat es eine sch\u00f6ne, glatte Oberfl\u00e4che und ein leichtes, angenehmes Gewicht, das es f\u00fcr alle Altersgruppen einfach zu handhaben macht. Das Naturholz verleiht jedem Jojo eine ganz eigene [&hellip;]<\/p>\n","protected":false},"featured_media":111278,"comment_status":"closed","ping_status":"closed","template":"","meta":{"_acf_changed":false},"product_cat":[3325,3321],"product_tag":[4218,4232],"class_list":{"0":"post-130306","1":"product","2":"type-product","3":"status-publish","4":"has-post-thumbnail","6":"product_cat-dummy-moq-1-de","7":"product_cat-klimafreundliche-werbegeschenke","8":"product_tag-spielzeug","9":"product_tag-yoyo-de","10":"tm-has-options","12":"first","13":"instock","14":"taxable","15":"shipping-taxable","16":"purchasable","17":"product-type-simple"},"acf":[],"yoast_head":"<!-- This site is optimized with the Yoast SEO Premium plugin v21.2 (Yoast SEO v21.2) - https:\/\/yoast.com\/wordpress\/plugins\/seo\/ -->\n<title>Yoyo im klassischen Design aus Zirbenholz - Gr\u00f8nt Kontor<\/title>\n<meta name=\"robots\" content=\"index, follow, max-snippet:-1, max-image-preview:large, max-video-preview:-1\" \/>\n<link rel=\"canonical\" href=\"https:\/\/grontkontor.dk\/de\/shop\/yoyo-i-klassisk-design-i-fyrretrae\/\" \/>\n<meta property=\"og:locale\" content=\"de_DE\" \/>\n<meta property=\"og:type\" content=\"article\" \/>\n<meta property=\"og:title\" content=\"Yoyo im klassischen Design aus Zirbenholz\" \/>\n<meta property=\"og:description\" content=\"Dieses Jojo im klassischen Design macht Spa\u00df und ist gleichzeitig nachhaltig \u2013 ein zeitloser Spielzeugklassiker, der sowohl Kindern als auch Erwachsenen Freude bereitet. Hergestellt aus naturbelassener Kiefer, hat es eine sch\u00f6ne, glatte Oberfl\u00e4che und ein leichtes, angenehmes Gewicht, das es f\u00fcr alle Altersgruppen einfach zu handhaben macht. Das Naturholz verleiht jedem Jojo eine ganz eigene [&hellip;]\" \/>\n<meta property=\"og:url\" content=\"https:\/\/grontkontor.dk\/de\/shop\/yoyo-i-klassisk-design-i-fyrretrae\/\" \/>\n<meta property=\"og:site_name\" content=\"Gr\u00f8nt Kontor\" \/>\n<meta property=\"article:publisher\" content=\"https:\/\/www.facebook.com\/grontkontor.dk\/\" \/>\n<meta property=\"article:modified_time\" content=\"2025-11-06T08:22:17+00:00\" \/>\n<meta property=\"og:image\" content=\"https:\/\/grontkontor.dk\/wp-content\/uploads\/2020\/03\/yoyo-baeredygtigt-trae-02.jpg\" \/>\n\t<meta property=\"og:image:width\" content=\"800\" \/>\n\t<meta property=\"og:image:height\" content=\"568\" \/>\n\t<meta property=\"og:image:type\" content=\"image\/jpeg\" \/>\n<meta name=\"twitter:card\" content=\"summary_large_image\" \/>\n<meta name=\"twitter:label1\" content=\"Gesch\u00e4tzte Lesezeit\" \/>\n\t<meta name=\"twitter:data1\" content=\"1\u00a0Minute\" \/>\n<script type=\"application\/ld+json\" class=\"yoast-schema-graph\">{\"@context\":\"https:\/\/schema.org\",\"@graph\":[{\"@type\":\"WebPage\",\"@id\":\"https:\/\/grontkontor.dk\/de\/shop\/yoyo-i-klassisk-design-i-fyrretrae\/\",\"url\":\"https:\/\/grontkontor.dk\/de\/shop\/yoyo-i-klassisk-design-i-fyrretrae\/\",\"name\":\"Yoyo im klassischen Design aus Zirbenholz - Gr\u00f8nt Kontor\",\"isPartOf\":{\"@id\":\"https:\/\/grontkontor.dk\/#website\"},\"datePublished\":\"2025-10-22T12:18:33+00:00\",\"dateModified\":\"2025-11-06T08:22:17+00:00\",\"breadcrumb\":{\"@id\":\"https:\/\/grontkontor.dk\/de\/shop\/yoyo-i-klassisk-design-i-fyrretrae\/#breadcrumb\"},\"inLanguage\":\"de\",\"potentialAction\":[{\"@type\":\"ReadAction\",\"target\":[\"https:\/\/grontkontor.dk\/de\/shop\/yoyo-i-klassisk-design-i-fyrretrae\/\"]}]},{\"@type\":\"BreadcrumbList\",\"@id\":\"https:\/\/grontkontor.dk\/de\/shop\/yoyo-i-klassisk-design-i-fyrretrae\/#breadcrumb\",\"itemListElement\":[{\"@type\":\"ListItem\",\"position\":1,\"name\":\"Forside\",\"item\":\"https:\/\/grontkontor.dk\/de\/\"},{\"@type\":\"ListItem\",\"position\":2,\"name\":\"Laden\",\"item\":\"https:\/\/grontkontor.dk\/de\/laden\/\"},{\"@type\":\"ListItem\",\"position\":3,\"name\":\"Dummy MOQ 1\",\"item\":\"https:\/\/grontkontor.dk\/produkt-kategori\/dummy-moq-1\/\"},{\"@type\":\"ListItem\",\"position\":4,\"name\":\"Yoyo im klassischen Design aus Zirbenholz\"}]},{\"@type\":\"WebSite\",\"@id\":\"https:\/\/grontkontor.dk\/#website\",\"url\":\"https:\/\/grontkontor.dk\/\",\"name\":\"Gr\u00f8nt Kontor\",\"description\":\"Milj\u00f8venlige produkter til kontor og erhverv med fokus p\u00e5 b\u00e6redygtighed, design og fair trade.\",\"publisher\":{\"@id\":\"https:\/\/grontkontor.dk\/#organization\"},\"potentialAction\":[{\"@type\":\"SearchAction\",\"target\":{\"@type\":\"EntryPoint\",\"urlTemplate\":\"https:\/\/grontkontor.dk\/?s={search_term_string}\"},\"query-input\":\"required name=search_term_string\"}],\"inLanguage\":\"de\"},{\"@type\":\"Organization\",\"@id\":\"https:\/\/grontkontor.dk\/#organization\",\"name\":\"Gr\u00f8nt Kontor\",\"url\":\"https:\/\/grontkontor.dk\/\",\"logo\":{\"@type\":\"ImageObject\",\"inLanguage\":\"de\",\"@id\":\"https:\/\/grontkontor.dk\/#\/schema\/logo\/image\/\",\"url\":\"https:\/\/grontkontor.dk\/wp-content\/uploads\/2014\/02\/Logo_groent_kontor_300x80.png\",\"contentUrl\":\"https:\/\/grontkontor.dk\/wp-content\/uploads\/2014\/02\/Logo_groent_kontor_300x80.png\",\"width\":300,\"height\":80,\"caption\":\"Gr\u00f8nt Kontor\"},\"image\":{\"@id\":\"https:\/\/grontkontor.dk\/#\/schema\/logo\/image\/\"},\"sameAs\":[\"https:\/\/www.facebook.com\/grontkontor.dk\/\"]}]}<\/script>\n<!-- \/ Yoast SEO Premium plugin. -->","yoast_head_json":{"title":"Yoyo im klassischen Design aus Zirbenholz - Gr\u00f8nt Kontor","robots":{"index":"index","follow":"follow","max-snippet":"max-snippet:-1","max-image-preview":"max-image-preview:large","max-video-preview":"max-video-preview:-1"},"canonical":"https:\/\/grontkontor.dk\/de\/shop\/yoyo-i-klassisk-design-i-fyrretrae\/","og_locale":"de_DE","og_type":"article","og_title":"Yoyo im klassischen Design aus Zirbenholz","og_description":"Dieses Jojo im klassischen Design macht Spa\u00df und ist gleichzeitig nachhaltig \u2013 ein zeitloser Spielzeugklassiker, der sowohl Kindern als auch Erwachsenen Freude bereitet. Hergestellt aus naturbelassener Kiefer, hat es eine sch\u00f6ne, glatte Oberfl\u00e4che und ein leichtes, angenehmes Gewicht, das es f\u00fcr alle Altersgruppen einfach zu handhaben macht. Das Naturholz verleiht jedem Jojo eine ganz eigene [&hellip;]","og_url":"https:\/\/grontkontor.dk\/de\/shop\/yoyo-i-klassisk-design-i-fyrretrae\/","og_site_name":"Gr\u00f8nt Kontor","article_publisher":"https:\/\/www.facebook.com\/grontkontor.dk\/","article_modified_time":"2025-11-06T08:22:17+00:00","og_image":[{"width":800,"height":568,"url":"https:\/\/grontkontor.dk\/wp-content\/uploads\/2020\/03\/yoyo-baeredygtigt-trae-02.jpg","type":"image\/jpeg"}],"twitter_card":"summary_large_image","twitter_misc":{"Gesch\u00e4tzte Lesezeit":"1\u00a0Minute"},"schema":{"@context":"https:\/\/schema.org","@graph":[{"@type":"WebPage","@id":"https:\/\/grontkontor.dk\/de\/shop\/yoyo-i-klassisk-design-i-fyrretrae\/","url":"https:\/\/grontkontor.dk\/de\/shop\/yoyo-i-klassisk-design-i-fyrretrae\/","name":"Yoyo im klassischen Design aus Zirbenholz - Gr\u00f8nt Kontor","isPartOf":{"@id":"https:\/\/grontkontor.dk\/#website"},"datePublished":"2025-10-22T12:18:33+00:00","dateModified":"2025-11-06T08:22:17+00:00","breadcrumb":{"@id":"https:\/\/grontkontor.dk\/de\/shop\/yoyo-i-klassisk-design-i-fyrretrae\/#breadcrumb"},"inLanguage":"de","potentialAction":[{"@type":"ReadAction","target":["https:\/\/grontkontor.dk\/de\/shop\/yoyo-i-klassisk-design-i-fyrretrae\/"]}]},{"@type":"BreadcrumbList","@id":"https:\/\/grontkontor.dk\/de\/shop\/yoyo-i-klassisk-design-i-fyrretrae\/#breadcrumb","itemListElement":[{"@type":"ListItem","position":1,"name":"Forside","item":"https:\/\/grontkontor.dk\/de\/"},{"@type":"ListItem","position":2,"name":"Laden","item":"https:\/\/grontkontor.dk\/de\/laden\/"},{"@type":"ListItem","position":3,"name":"Dummy MOQ 1","item":"https:\/\/grontkontor.dk\/produkt-kategori\/dummy-moq-1\/"},{"@type":"ListItem","position":4,"name":"Yoyo im klassischen Design aus Zirbenholz"}]},{"@type":"WebSite","@id":"https:\/\/grontkontor.dk\/#website","url":"https:\/\/grontkontor.dk\/","name":"Gr\u00f8nt Kontor","description":"Milj\u00f8venlige produkter til kontor og erhverv med fokus p\u00e5 b\u00e6redygtighed, design og fair trade.","publisher":{"@id":"https:\/\/grontkontor.dk\/#organization"},"potentialAction":[{"@type":"SearchAction","target":{"@type":"EntryPoint","urlTemplate":"https:\/\/grontkontor.dk\/?s={search_term_string}"},"query-input":"required name=search_term_string"}],"inLanguage":"de"},{"@type":"Organization","@id":"https:\/\/grontkontor.dk\/#organization","name":"Gr\u00f8nt Kontor","url":"https:\/\/grontkontor.dk\/","logo":{"@type":"ImageObject","inLanguage":"de","@id":"https:\/\/grontkontor.dk\/#\/schema\/logo\/image\/","url":"https:\/\/grontkontor.dk\/wp-content\/uploads\/2014\/02\/Logo_groent_kontor_300x80.png","contentUrl":"https:\/\/grontkontor.dk\/wp-content\/uploads\/2014\/02\/Logo_groent_kontor_300x80.png","width":300,"height":80,"caption":"Gr\u00f8nt Kontor"},"image":{"@id":"https:\/\/grontkontor.dk\/#\/schema\/logo\/image\/"},"sameAs":["https:\/\/www.facebook.com\/grontkontor.dk\/"]}]}},"_links":{"self":[{"href":"https:\/\/grontkontor.dk\/de\/wp-json\/wp\/v2\/product\/130306"}],"collection":[{"href":"https:\/\/grontkontor.dk\/de\/wp-json\/wp\/v2\/product"}],"about":[{"href":"https:\/\/grontkontor.dk\/de\/wp-json\/wp\/v2\/types\/product"}],"replies":[{"embeddable":true,"href":"https:\/\/grontkontor.dk\/de\/wp-json\/wp\/v2\/comments?post=130306"}],"wp:featuredmedia":[{"embeddable":true,"href":"https:\/\/grontkontor.dk\/de\/wp-json\/wp\/v2\/media\/111278"}],"wp:attachment":[{"href":"https:\/\/grontkontor.dk\/de\/wp-json\/wp\/v2\/media?parent=130306"}],"wp:term":[{"taxonomy":"product_cat","embeddable":true,"href":"https:\/\/grontkontor.dk\/de\/wp-json\/wp\/v2\/product_cat?post=130306"},{"taxonomy":"product_tag","embeddable":true,"href":"https:\/\/grontkontor.dk\/de\/wp-json\/wp\/v2\/product_tag?post=130306"}],"curies":[{"name":"wp","href":"https:\/\/api.w.org\/{rel}","templated":true}]}}