{"id":130400,"date":"2025-10-27T13:15:26","date_gmt":"2025-10-27T12:15:28","guid":{"rendered":"https:\/\/grontkontor.dk\/?post_type=product&#038;p=130400"},"modified":"2025-11-03T09:59:08","modified_gmt":"2025-11-03T08:59:08","slug":"cykellygtesaet","status":"publish","type":"product","link":"https:\/\/grontkontor.dk\/de\/shop\/cykellygtesaet\/","title":{"rendered":"Fahrradlicht-Set mit oder ohne Logo-Print"},"content":{"rendered":"<p data-start=\"294\" data-end=\"533\">Erh\u00f6hen Sie die Sichtbarkeit auf der Stra\u00dfe mit diesem praktischen Fahrradlicht-Set mit oder ohne Logo-Print. Das Set besteht aus zwei LED-Leuchten \u2013 eine f\u00fcr das Frontlicht und eine f\u00fcr das R\u00fccklicht \u2013 die sowohl bei Tag- als auch bei Abendfahrten f\u00fcr eine gute Ausleuchtung und erh\u00f6hte Sicherheit sorgen. <\/p>\n<p data-start=\"535\" data-end=\"780\">Jede Leuchte verf\u00fcgt \u00fcber zwei Lichtmodi: ein Dauerlicht und ein Blinklicht, sodass Sie die Einstellung w\u00e4hlen k\u00f6nnen, die Ihren Bed\u00fcrfnissen und Ihrer Umgebung am besten entspricht. Die Leuchten werden mit Knopfzellenbatterien (im Lieferumfang enthalten) betrieben, so dass sie sofort einsatzbereit sind. <\/p>\n<p data-start=\"782\" data-end=\"1024\">Die Fahrradbeleuchtung wird in einem schlagfesten Etui mit Magnetverschluss geliefert, der die Leuchten w\u00e4hrend der Lagerung oder des Transports sch\u00fctzt. Durch ihre kompakte Gr\u00f6\u00dfe und ihr geringes Gewicht lassen sie sich einfach am Lenker oder an der Sattelst\u00fctze montieren \u2013 ohne Werkzeug. <\/p>\n<p data-start=\"1026\" data-end=\"1361\">Dieses Fahrradbeleuchtungsset ist ideal f\u00fcr den privaten Gebrauch, Veranstaltungen oder als Firmengeschenk. Sie k\u00f6nnen das Set mit oder ohne Logodruck w\u00e4hlen, das zum Profil und zur visuellen Identit\u00e4t Ihres Unternehmens passt. Ein Logodruck auf dem Geh\u00e4use oder der Beleuchtung macht das Set zu einem funktionalen Werbeartikel, an dem Kunden und Mitarbeiter viele Jahre Freude haben werden.  <\/p>\n<p>Das Set ist nicht besonders umweltfreundlich, sondern Ausdruck unseres Wunsches, die Radfahrer bestm\u00f6glich zu bedienen.<\/p>\n<p>&nbsp;<\/p>\n","protected":false},"excerpt":{"rendered":"<p>Erh\u00f6hen Sie die Sichtbarkeit auf der Stra\u00dfe mit diesem praktischen Fahrradlicht-Set mit oder ohne Logo-Print. Das Set besteht aus zwei LED-Leuchten \u2013 eine f\u00fcr das Frontlicht und eine f\u00fcr das R\u00fccklicht \u2013 die sowohl bei Tag- als auch bei Abendfahrten f\u00fcr eine gute Ausleuchtung und erh\u00f6hte Sicherheit sorgen. Jede Leuchte verf\u00fcgt \u00fcber zwei Lichtmodi: ein [&hellip;]<\/p>\n","protected":false},"featured_media":130406,"comment_status":"closed","ping_status":"closed","template":"","meta":{"_acf_changed":false},"product_cat":[3325],"product_tag":[],"class_list":{"0":"post-130400","1":"product","2":"type-product","3":"status-publish","4":"has-post-thumbnail","6":"product_cat-dummy-moq-1-de","7":"tm-has-options","9":"first","10":"instock","11":"taxable","12":"shipping-taxable","13":"purchasable","14":"product-type-simple"},"acf":[],"yoast_head":"<!-- This site is optimized with the Yoast SEO Premium plugin v21.2 (Yoast SEO v21.2) - https:\/\/yoast.com\/wordpress\/plugins\/seo\/ -->\n<title>Fahrradlicht-Set mit oder ohne Logo-Print<\/title>\n<meta name=\"description\" content=\"Fahrradlicht-Set mit oder ohne Logo-Print. 2 LED-Leuchten mit festen und blinkenden Lichtern, geliefert in einem stabilen Koffer mit Batterien im Lieferumfang enthalten.\" \/>\n<meta name=\"robots\" content=\"index, follow, max-snippet:-1, max-image-preview:large, max-video-preview:-1\" \/>\n<link rel=\"canonical\" href=\"https:\/\/grontkontor.dk\/de\/shop\/cykellygtesaet\/\" \/>\n<meta property=\"og:locale\" content=\"de_DE\" \/>\n<meta property=\"og:type\" content=\"article\" \/>\n<meta property=\"og:title\" content=\"Fahrradlicht-Set mit oder ohne Logo-Print\" \/>\n<meta property=\"og:description\" content=\"Fahrradlicht-Set mit oder ohne Logo-Print. 2 LED-Leuchten mit festen und blinkenden Lichtern, geliefert in einem stabilen Koffer mit Batterien im Lieferumfang enthalten.\" \/>\n<meta property=\"og:url\" content=\"https:\/\/grontkontor.dk\/de\/shop\/cykellygtesaet\/\" \/>\n<meta property=\"og:site_name\" content=\"Gr\u00f8nt Kontor\" \/>\n<meta property=\"article:publisher\" content=\"https:\/\/www.facebook.com\/grontkontor.dk\/\" \/>\n<meta property=\"article:modified_time\" content=\"2025-11-03T08:59:08+00:00\" \/>\n<meta property=\"og:image\" content=\"https:\/\/grontkontor.dk\/wp-content\/uploads\/2025\/10\/Cykellygtesaet-med-eller-uden-logotryk.jpg\" \/>\n\t<meta property=\"og:image:width\" content=\"900\" \/>\n\t<meta property=\"og:image:height\" content=\"639\" \/>\n\t<meta property=\"og:image:type\" content=\"image\/jpeg\" \/>\n<meta name=\"twitter:card\" content=\"summary_large_image\" \/>\n<meta name=\"twitter:label1\" content=\"Gesch\u00e4tzte Lesezeit\" \/>\n\t<meta name=\"twitter:data1\" content=\"1\u00a0Minute\" \/>\n<script type=\"application\/ld+json\" class=\"yoast-schema-graph\">{\"@context\":\"https:\/\/schema.org\",\"@graph\":[{\"@type\":\"WebPage\",\"@id\":\"https:\/\/grontkontor.dk\/de\/shop\/cykellygtesaet\/\",\"url\":\"https:\/\/grontkontor.dk\/de\/shop\/cykellygtesaet\/\",\"name\":\"Fahrradlicht-Set mit oder ohne Logo-Print\",\"isPartOf\":{\"@id\":\"https:\/\/grontkontor.dk\/#website\"},\"datePublished\":\"2025-10-27T12:15:28+00:00\",\"dateModified\":\"2025-11-03T08:59:08+00:00\",\"description\":\"Fahrradlicht-Set mit oder ohne Logo-Print. 2 LED-Leuchten mit festen und blinkenden Lichtern, geliefert in einem stabilen Koffer mit Batterien im Lieferumfang enthalten.\",\"breadcrumb\":{\"@id\":\"https:\/\/grontkontor.dk\/de\/shop\/cykellygtesaet\/#breadcrumb\"},\"inLanguage\":\"de\",\"potentialAction\":[{\"@type\":\"ReadAction\",\"target\":[\"https:\/\/grontkontor.dk\/de\/shop\/cykellygtesaet\/\"]}]},{\"@type\":\"BreadcrumbList\",\"@id\":\"https:\/\/grontkontor.dk\/de\/shop\/cykellygtesaet\/#breadcrumb\",\"itemListElement\":[{\"@type\":\"ListItem\",\"position\":1,\"name\":\"Forside\",\"item\":\"https:\/\/grontkontor.dk\/de\/\"},{\"@type\":\"ListItem\",\"position\":2,\"name\":\"Laden\",\"item\":\"https:\/\/grontkontor.dk\/de\/laden\/\"},{\"@type\":\"ListItem\",\"position\":3,\"name\":\"Dummy MOQ 1\",\"item\":\"https:\/\/grontkontor.dk\/produkt-kategori\/dummy-moq-1\/\"},{\"@type\":\"ListItem\",\"position\":4,\"name\":\"Fahrradlicht-Set mit oder ohne Logo-Print\"}]},{\"@type\":\"WebSite\",\"@id\":\"https:\/\/grontkontor.dk\/#website\",\"url\":\"https:\/\/grontkontor.dk\/\",\"name\":\"Gr\u00f8nt Kontor\",\"description\":\"Milj\u00f8venlige produkter til kontor og erhverv med fokus p\u00e5 b\u00e6redygtighed, design og fair trade.\",\"publisher\":{\"@id\":\"https:\/\/grontkontor.dk\/#organization\"},\"potentialAction\":[{\"@type\":\"SearchAction\",\"target\":{\"@type\":\"EntryPoint\",\"urlTemplate\":\"https:\/\/grontkontor.dk\/?s={search_term_string}\"},\"query-input\":\"required name=search_term_string\"}],\"inLanguage\":\"de\"},{\"@type\":\"Organization\",\"@id\":\"https:\/\/grontkontor.dk\/#organization\",\"name\":\"Gr\u00f8nt Kontor\",\"url\":\"https:\/\/grontkontor.dk\/\",\"logo\":{\"@type\":\"ImageObject\",\"inLanguage\":\"de\",\"@id\":\"https:\/\/grontkontor.dk\/#\/schema\/logo\/image\/\",\"url\":\"https:\/\/grontkontor.dk\/wp-content\/uploads\/2014\/02\/Logo_groent_kontor_300x80.png\",\"contentUrl\":\"https:\/\/grontkontor.dk\/wp-content\/uploads\/2014\/02\/Logo_groent_kontor_300x80.png\",\"width\":300,\"height\":80,\"caption\":\"Gr\u00f8nt Kontor\"},\"image\":{\"@id\":\"https:\/\/grontkontor.dk\/#\/schema\/logo\/image\/\"},\"sameAs\":[\"https:\/\/www.facebook.com\/grontkontor.dk\/\"]}]}<\/script>\n<!-- \/ Yoast SEO Premium plugin. -->","yoast_head_json":{"title":"Fahrradlicht-Set mit oder ohne Logo-Print","description":"Fahrradlicht-Set mit oder ohne Logo-Print. 2 LED-Leuchten mit festen und blinkenden Lichtern, geliefert in einem stabilen Koffer mit Batterien im Lieferumfang enthalten.","robots":{"index":"index","follow":"follow","max-snippet":"max-snippet:-1","max-image-preview":"max-image-preview:large","max-video-preview":"max-video-preview:-1"},"canonical":"https:\/\/grontkontor.dk\/de\/shop\/cykellygtesaet\/","og_locale":"de_DE","og_type":"article","og_title":"Fahrradlicht-Set mit oder ohne Logo-Print","og_description":"Fahrradlicht-Set mit oder ohne Logo-Print. 2 LED-Leuchten mit festen und blinkenden Lichtern, geliefert in einem stabilen Koffer mit Batterien im Lieferumfang enthalten.","og_url":"https:\/\/grontkontor.dk\/de\/shop\/cykellygtesaet\/","og_site_name":"Gr\u00f8nt Kontor","article_publisher":"https:\/\/www.facebook.com\/grontkontor.dk\/","article_modified_time":"2025-11-03T08:59:08+00:00","og_image":[{"width":900,"height":639,"url":"https:\/\/grontkontor.dk\/wp-content\/uploads\/2025\/10\/Cykellygtesaet-med-eller-uden-logotryk.jpg","type":"image\/jpeg"}],"twitter_card":"summary_large_image","twitter_misc":{"Gesch\u00e4tzte Lesezeit":"1\u00a0Minute"},"schema":{"@context":"https:\/\/schema.org","@graph":[{"@type":"WebPage","@id":"https:\/\/grontkontor.dk\/de\/shop\/cykellygtesaet\/","url":"https:\/\/grontkontor.dk\/de\/shop\/cykellygtesaet\/","name":"Fahrradlicht-Set mit oder ohne Logo-Print","isPartOf":{"@id":"https:\/\/grontkontor.dk\/#website"},"datePublished":"2025-10-27T12:15:28+00:00","dateModified":"2025-11-03T08:59:08+00:00","description":"Fahrradlicht-Set mit oder ohne Logo-Print. 2 LED-Leuchten mit festen und blinkenden Lichtern, geliefert in einem stabilen Koffer mit Batterien im Lieferumfang enthalten.","breadcrumb":{"@id":"https:\/\/grontkontor.dk\/de\/shop\/cykellygtesaet\/#breadcrumb"},"inLanguage":"de","potentialAction":[{"@type":"ReadAction","target":["https:\/\/grontkontor.dk\/de\/shop\/cykellygtesaet\/"]}]},{"@type":"BreadcrumbList","@id":"https:\/\/grontkontor.dk\/de\/shop\/cykellygtesaet\/#breadcrumb","itemListElement":[{"@type":"ListItem","position":1,"name":"Forside","item":"https:\/\/grontkontor.dk\/de\/"},{"@type":"ListItem","position":2,"name":"Laden","item":"https:\/\/grontkontor.dk\/de\/laden\/"},{"@type":"ListItem","position":3,"name":"Dummy MOQ 1","item":"https:\/\/grontkontor.dk\/produkt-kategori\/dummy-moq-1\/"},{"@type":"ListItem","position":4,"name":"Fahrradlicht-Set mit oder ohne Logo-Print"}]},{"@type":"WebSite","@id":"https:\/\/grontkontor.dk\/#website","url":"https:\/\/grontkontor.dk\/","name":"Gr\u00f8nt Kontor","description":"Milj\u00f8venlige produkter til kontor og erhverv med fokus p\u00e5 b\u00e6redygtighed, design og fair trade.","publisher":{"@id":"https:\/\/grontkontor.dk\/#organization"},"potentialAction":[{"@type":"SearchAction","target":{"@type":"EntryPoint","urlTemplate":"https:\/\/grontkontor.dk\/?s={search_term_string}"},"query-input":"required name=search_term_string"}],"inLanguage":"de"},{"@type":"Organization","@id":"https:\/\/grontkontor.dk\/#organization","name":"Gr\u00f8nt Kontor","url":"https:\/\/grontkontor.dk\/","logo":{"@type":"ImageObject","inLanguage":"de","@id":"https:\/\/grontkontor.dk\/#\/schema\/logo\/image\/","url":"https:\/\/grontkontor.dk\/wp-content\/uploads\/2014\/02\/Logo_groent_kontor_300x80.png","contentUrl":"https:\/\/grontkontor.dk\/wp-content\/uploads\/2014\/02\/Logo_groent_kontor_300x80.png","width":300,"height":80,"caption":"Gr\u00f8nt Kontor"},"image":{"@id":"https:\/\/grontkontor.dk\/#\/schema\/logo\/image\/"},"sameAs":["https:\/\/www.facebook.com\/grontkontor.dk\/"]}]}},"_links":{"self":[{"href":"https:\/\/grontkontor.dk\/de\/wp-json\/wp\/v2\/product\/130400"}],"collection":[{"href":"https:\/\/grontkontor.dk\/de\/wp-json\/wp\/v2\/product"}],"about":[{"href":"https:\/\/grontkontor.dk\/de\/wp-json\/wp\/v2\/types\/product"}],"replies":[{"embeddable":true,"href":"https:\/\/grontkontor.dk\/de\/wp-json\/wp\/v2\/comments?post=130400"}],"wp:featuredmedia":[{"embeddable":true,"href":"https:\/\/grontkontor.dk\/de\/wp-json\/wp\/v2\/media\/130406"}],"wp:attachment":[{"href":"https:\/\/grontkontor.dk\/de\/wp-json\/wp\/v2\/media?parent=130400"}],"wp:term":[{"taxonomy":"product_cat","embeddable":true,"href":"https:\/\/grontkontor.dk\/de\/wp-json\/wp\/v2\/product_cat?post=130400"},{"taxonomy":"product_tag","embeddable":true,"href":"https:\/\/grontkontor.dk\/de\/wp-json\/wp\/v2\/product_tag?post=130400"}],"curies":[{"name":"wp","href":"https:\/\/api.w.org\/{rel}","templated":true}]}}