{"id":130510,"date":"2025-10-28T15:49:02","date_gmt":"2025-10-28T14:49:04","guid":{"rendered":"https:\/\/grontkontor.dk\/?post_type=product&#038;p=130510"},"modified":"2025-11-03T09:57:42","modified_gmt":"2025-11-03T08:57:42","slug":"juledragee-aeg-oekologisk","status":"publish","type":"product","link":"https:\/\/grontkontor.dk\/de\/shop\/juledragee-aeg-oekologisk\/","title":{"rendered":"Weihnachtsdrag\u00e9e-Eier bio"},"content":{"rendered":"<p>Feiern Sie Weihnachten mit einem exquisiten Geschmackserlebnis, das auch umweltfreundlich ist: Bio-Schokolade f\u00fcr Weihnachten. Merry Christmas Drag\u00e9e Mix ist eine festliche Kombination aus zwei unwiderstehlichen Geschmacksrichtungen, die Sie sofort in Weihnachtsstimmung versetzen wird. Die erste Variante besteht aus knackigen Haseln\u00fcssen, umarmt von einer Schicht wei\u00dfer Schokolade mit dem s\u00fc\u00dfen Geschmack von Himbeeren. Das andere bietet Haseln\u00fcsse mit luxuri\u00f6sem Karamellgeschmack, die ebenfalls mit wei\u00dfer Schokolade \u00fcberzogen sind. Beide K\u00f6stlichkeiten sind wundersch\u00f6n in klassischen Weihnachtsfarben gef\u00e4rbt.    <\/p>\n<p>Holen Sie sich zu Weihnachten eine Bio-Schokolade, die aus sorgf\u00e4ltig ausgew\u00e4hlten Zutaten hergestellt wird, die mit Respekt f\u00fcr die Umwelt hergestellt werden. Mit der Entscheidung f\u00fcr Bio-Schokolade unterst\u00fctzen Sie landwirtschaftliche Praktiken, die die Gesundheit und Artenvielfalt des Bodens ber\u00fccksichtigen und Ihre Wahl zu einem klimafreundlichen Beitrag zur Weihnachtszeit machen. <\/p>\n<p>Mit seiner eleganten Pr\u00e4sentation und der hohen Qualit\u00e4t eignet sich der Drag\u00e9e Mix ideal als durchdachtes Firmengeschenk, Teil eines Weihnachtskorbs oder als kleiner Luxus f\u00fcr den Couchtisch. Begr\u00fc\u00dfen Sie Ihre Mitarbeiter oder Kunden liebevoll und verantwortungsbewusst. So l\u00e4sst sich perfekt &#8220;Frohe Weihnachten&#8221; sagen \u2013 mit Geschmack und Gewissen.  <\/p>\n<p data-start=\"1148\" data-end=\"1429\"><strong>Zutaten:<br \/>\n<\/strong>Rohrzucker*, Kakaobutter*, <strong>Haseln\u00fcsse*(19%)<\/strong>), <strong>Vollmilchpulver*<\/strong>, Kakaomasse*, gefriergetrocknete Himbeere* (1,5%), Karamellaroma* (&lt;1%). Oberfl\u00e4che behandelt mit Spirulina*, F\u00e4rberdistel*, Apfel*, Wasser, Maltodextrin*, Saccharose* und Zitronens\u00e4ure.<br \/>\n* =organisch<br \/>\nKann Spuren enthalten von<br \/>\n<b>Soja, Mandeln, Cashewn\u00fcsse<\/b><\/p>\n<p><strong>N\u00e4hrwertangaben pro 100 g:<br \/>\n<\/strong>Energie 2552 KJ<br \/>\nEnergie 613 kcal<br \/>\nFett 46 g \u2013 davon ges\u00e4ttigte Fetts\u00e4uren 22 g<br \/>\nKohlenhydrate 43 g \u2013 davon Zucker 40 g<br \/>\nEiwei\u00df 6,8 g<br \/>\nSalz 0,20 g<br \/>\nBallaststoffe 2,09 g<\/p>\n<a href=\"https:\/\/www.foedevarestyrelsen.dk\/Leksikon\/Sider\/%C3%98-m%C3%A6rket.aspx\"><img loading=\"lazy\" decoding=\"async\" class=\"size-medium wp-image-24418\" src=\"https:\/\/grontkontor.dk\/wp-content\/uploads\/2024\/05\/statskontrolleret-oekologisk-2.jpg\" alt=\"Statskontrolleret \u00f8kologisk\" width=\"54\" height=\"50\" \/><\/a>\n","protected":false},"excerpt":{"rendered":"<p>Feiern Sie Weihnachten mit einem exquisiten Geschmackserlebnis, das auch umweltfreundlich ist: Bio-Schokolade f\u00fcr Weihnachten. Merry Christmas Drag\u00e9e Mix ist eine festliche Kombination aus zwei unwiderstehlichen Geschmacksrichtungen, die Sie sofort in Weihnachtsstimmung versetzen wird. Die erste Variante besteht aus knackigen Haseln\u00fcssen, umarmt von einer Schicht wei\u00dfer Schokolade mit dem s\u00fc\u00dfen Geschmack von Himbeeren. Das andere bietet [&hellip;]<\/p>\n","protected":false},"featured_media":112158,"comment_status":"closed","ping_status":"closed","template":"","meta":{"_acf_changed":false},"product_cat":[3089,3420,3824,4848],"product_tag":[3421],"class_list":{"0":"post-130510","1":"product","2":"type-product","3":"status-publish","4":"has-post-thumbnail","6":"product_cat-dummy-moq-10-50-de","7":"product_cat-suessigkeiten-und-snacks","8":"product_cat-suessigkeiten-snacks-und-snacks","9":"product_cat-weihnachten-und-feiertage","10":"product_tag-schokolade","11":"tm-no-options","13":"first","14":"instock","15":"taxable","16":"shipping-taxable","17":"purchasable","18":"product-type-simple"},"acf":[],"yoast_head":"<!-- This site is optimized with the Yoast SEO Premium plugin v21.2 (Yoast SEO v21.2) - https:\/\/yoast.com\/wordpress\/plugins\/seo\/ -->\n<title>Bio-Schokolade zu Weihnachten<\/title>\n<meta name=\"description\" content=\"Bio-Schokolade zu Weihnachten kaufen: Ein festlicher Drag\u00e9e-Mix mit Haseln\u00fcssen, Himbeeren und Karamell in wei\u00dfer Schokolade. Genie\u00dfen Sie einen umwelt- und klimafreundlichen Weihnachtsgenuss.\" \/>\n<meta name=\"robots\" content=\"index, follow, max-snippet:-1, max-image-preview:large, max-video-preview:-1\" \/>\n<link rel=\"canonical\" href=\"https:\/\/grontkontor.dk\/de\/shop\/juledragee-aeg-oekologisk\/\" \/>\n<meta property=\"og:locale\" content=\"de_DE\" \/>\n<meta property=\"og:type\" content=\"article\" \/>\n<meta property=\"og:title\" content=\"Weihnachtsdrag\u00e9e-Eier bio\" \/>\n<meta property=\"og:description\" content=\"Bio-Schokolade zu Weihnachten kaufen: Ein festlicher Drag\u00e9e-Mix mit Haseln\u00fcssen, Himbeeren und Karamell in wei\u00dfer Schokolade. Genie\u00dfen Sie einen umwelt- und klimafreundlichen Weihnachtsgenuss.\" \/>\n<meta property=\"og:url\" content=\"https:\/\/grontkontor.dk\/de\/shop\/juledragee-aeg-oekologisk\/\" \/>\n<meta property=\"og:site_name\" content=\"Gr\u00f8nt Kontor\" \/>\n<meta property=\"article:publisher\" content=\"https:\/\/www.facebook.com\/grontkontor.dk\/\" \/>\n<meta property=\"article:modified_time\" content=\"2025-11-03T08:57:42+00:00\" \/>\n<meta property=\"og:image\" content=\"https:\/\/grontkontor.dk\/wp-content\/uploads\/2021\/06\/marcipanhjerter-3-varianter.jpg\" \/>\n\t<meta property=\"og:image:width\" content=\"900\" \/>\n\t<meta property=\"og:image:height\" content=\"639\" \/>\n\t<meta property=\"og:image:type\" content=\"image\/jpeg\" \/>\n<meta name=\"twitter:card\" content=\"summary_large_image\" \/>\n<meta name=\"twitter:label1\" content=\"Gesch\u00e4tzte Lesezeit\" \/>\n\t<meta name=\"twitter:data1\" content=\"1\u00a0Minute\" \/>\n<script type=\"application\/ld+json\" class=\"yoast-schema-graph\">{\"@context\":\"https:\/\/schema.org\",\"@graph\":[{\"@type\":\"WebPage\",\"@id\":\"https:\/\/grontkontor.dk\/de\/shop\/juledragee-aeg-oekologisk\/\",\"url\":\"https:\/\/grontkontor.dk\/de\/shop\/juledragee-aeg-oekologisk\/\",\"name\":\"Bio-Schokolade zu Weihnachten\",\"isPartOf\":{\"@id\":\"https:\/\/grontkontor.dk\/#website\"},\"datePublished\":\"2025-10-28T14:49:04+00:00\",\"dateModified\":\"2025-11-03T08:57:42+00:00\",\"description\":\"Bio-Schokolade zu Weihnachten kaufen: Ein festlicher Drag\u00e9e-Mix mit Haseln\u00fcssen, Himbeeren und Karamell in wei\u00dfer Schokolade. Genie\u00dfen Sie einen umwelt- und klimafreundlichen Weihnachtsgenuss.\",\"breadcrumb\":{\"@id\":\"https:\/\/grontkontor.dk\/de\/shop\/juledragee-aeg-oekologisk\/#breadcrumb\"},\"inLanguage\":\"de\",\"potentialAction\":[{\"@type\":\"ReadAction\",\"target\":[\"https:\/\/grontkontor.dk\/de\/shop\/juledragee-aeg-oekologisk\/\"]}]},{\"@type\":\"BreadcrumbList\",\"@id\":\"https:\/\/grontkontor.dk\/de\/shop\/juledragee-aeg-oekologisk\/#breadcrumb\",\"itemListElement\":[{\"@type\":\"ListItem\",\"position\":1,\"name\":\"Forside\",\"item\":\"https:\/\/grontkontor.dk\/de\/\"},{\"@type\":\"ListItem\",\"position\":2,\"name\":\"Laden\",\"item\":\"https:\/\/grontkontor.dk\/de\/laden\/\"},{\"@type\":\"ListItem\",\"position\":3,\"name\":\"Mad og drikke\",\"item\":\"https:\/\/grontkontor.dk\/produkt-kategori\/mad-og-drikke\/\"},{\"@type\":\"ListItem\",\"position\":4,\"name\":\"Slik og snacks\",\"item\":\"https:\/\/grontkontor.dk\/produkt-kategori\/mad-og-drikke\/slik-og-snacks\/\"},{\"@type\":\"ListItem\",\"position\":5,\"name\":\"Weihnachtsdrag\u00e9e-Eier bio\"}]},{\"@type\":\"WebSite\",\"@id\":\"https:\/\/grontkontor.dk\/#website\",\"url\":\"https:\/\/grontkontor.dk\/\",\"name\":\"Gr\u00f8nt Kontor\",\"description\":\"Milj\u00f8venlige produkter til kontor og erhverv med fokus p\u00e5 b\u00e6redygtighed, design og fair trade.\",\"publisher\":{\"@id\":\"https:\/\/grontkontor.dk\/#organization\"},\"potentialAction\":[{\"@type\":\"SearchAction\",\"target\":{\"@type\":\"EntryPoint\",\"urlTemplate\":\"https:\/\/grontkontor.dk\/?s={search_term_string}\"},\"query-input\":\"required name=search_term_string\"}],\"inLanguage\":\"de\"},{\"@type\":\"Organization\",\"@id\":\"https:\/\/grontkontor.dk\/#organization\",\"name\":\"Gr\u00f8nt Kontor\",\"url\":\"https:\/\/grontkontor.dk\/\",\"logo\":{\"@type\":\"ImageObject\",\"inLanguage\":\"de\",\"@id\":\"https:\/\/grontkontor.dk\/#\/schema\/logo\/image\/\",\"url\":\"https:\/\/grontkontor.dk\/wp-content\/uploads\/2014\/02\/Logo_groent_kontor_300x80.png\",\"contentUrl\":\"https:\/\/grontkontor.dk\/wp-content\/uploads\/2014\/02\/Logo_groent_kontor_300x80.png\",\"width\":300,\"height\":80,\"caption\":\"Gr\u00f8nt Kontor\"},\"image\":{\"@id\":\"https:\/\/grontkontor.dk\/#\/schema\/logo\/image\/\"},\"sameAs\":[\"https:\/\/www.facebook.com\/grontkontor.dk\/\"]}]}<\/script>\n<!-- \/ Yoast SEO Premium plugin. -->","yoast_head_json":{"title":"Bio-Schokolade zu Weihnachten","description":"Bio-Schokolade zu Weihnachten kaufen: Ein festlicher Drag\u00e9e-Mix mit Haseln\u00fcssen, Himbeeren und Karamell in wei\u00dfer Schokolade. Genie\u00dfen Sie einen umwelt- und klimafreundlichen Weihnachtsgenuss.","robots":{"index":"index","follow":"follow","max-snippet":"max-snippet:-1","max-image-preview":"max-image-preview:large","max-video-preview":"max-video-preview:-1"},"canonical":"https:\/\/grontkontor.dk\/de\/shop\/juledragee-aeg-oekologisk\/","og_locale":"de_DE","og_type":"article","og_title":"Weihnachtsdrag\u00e9e-Eier bio","og_description":"Bio-Schokolade zu Weihnachten kaufen: Ein festlicher Drag\u00e9e-Mix mit Haseln\u00fcssen, Himbeeren und Karamell in wei\u00dfer Schokolade. Genie\u00dfen Sie einen umwelt- und klimafreundlichen Weihnachtsgenuss.","og_url":"https:\/\/grontkontor.dk\/de\/shop\/juledragee-aeg-oekologisk\/","og_site_name":"Gr\u00f8nt Kontor","article_publisher":"https:\/\/www.facebook.com\/grontkontor.dk\/","article_modified_time":"2025-11-03T08:57:42+00:00","og_image":[{"width":900,"height":639,"url":"https:\/\/grontkontor.dk\/wp-content\/uploads\/2021\/06\/marcipanhjerter-3-varianter.jpg","type":"image\/jpeg"}],"twitter_card":"summary_large_image","twitter_misc":{"Gesch\u00e4tzte Lesezeit":"1\u00a0Minute"},"schema":{"@context":"https:\/\/schema.org","@graph":[{"@type":"WebPage","@id":"https:\/\/grontkontor.dk\/de\/shop\/juledragee-aeg-oekologisk\/","url":"https:\/\/grontkontor.dk\/de\/shop\/juledragee-aeg-oekologisk\/","name":"Bio-Schokolade zu Weihnachten","isPartOf":{"@id":"https:\/\/grontkontor.dk\/#website"},"datePublished":"2025-10-28T14:49:04+00:00","dateModified":"2025-11-03T08:57:42+00:00","description":"Bio-Schokolade zu Weihnachten kaufen: Ein festlicher Drag\u00e9e-Mix mit Haseln\u00fcssen, Himbeeren und Karamell in wei\u00dfer Schokolade. Genie\u00dfen Sie einen umwelt- und klimafreundlichen Weihnachtsgenuss.","breadcrumb":{"@id":"https:\/\/grontkontor.dk\/de\/shop\/juledragee-aeg-oekologisk\/#breadcrumb"},"inLanguage":"de","potentialAction":[{"@type":"ReadAction","target":["https:\/\/grontkontor.dk\/de\/shop\/juledragee-aeg-oekologisk\/"]}]},{"@type":"BreadcrumbList","@id":"https:\/\/grontkontor.dk\/de\/shop\/juledragee-aeg-oekologisk\/#breadcrumb","itemListElement":[{"@type":"ListItem","position":1,"name":"Forside","item":"https:\/\/grontkontor.dk\/de\/"},{"@type":"ListItem","position":2,"name":"Laden","item":"https:\/\/grontkontor.dk\/de\/laden\/"},{"@type":"ListItem","position":3,"name":"Mad og drikke","item":"https:\/\/grontkontor.dk\/produkt-kategori\/mad-og-drikke\/"},{"@type":"ListItem","position":4,"name":"Slik og snacks","item":"https:\/\/grontkontor.dk\/produkt-kategori\/mad-og-drikke\/slik-og-snacks\/"},{"@type":"ListItem","position":5,"name":"Weihnachtsdrag\u00e9e-Eier bio"}]},{"@type":"WebSite","@id":"https:\/\/grontkontor.dk\/#website","url":"https:\/\/grontkontor.dk\/","name":"Gr\u00f8nt Kontor","description":"Milj\u00f8venlige produkter til kontor og erhverv med fokus p\u00e5 b\u00e6redygtighed, design og fair trade.","publisher":{"@id":"https:\/\/grontkontor.dk\/#organization"},"potentialAction":[{"@type":"SearchAction","target":{"@type":"EntryPoint","urlTemplate":"https:\/\/grontkontor.dk\/?s={search_term_string}"},"query-input":"required name=search_term_string"}],"inLanguage":"de"},{"@type":"Organization","@id":"https:\/\/grontkontor.dk\/#organization","name":"Gr\u00f8nt Kontor","url":"https:\/\/grontkontor.dk\/","logo":{"@type":"ImageObject","inLanguage":"de","@id":"https:\/\/grontkontor.dk\/#\/schema\/logo\/image\/","url":"https:\/\/grontkontor.dk\/wp-content\/uploads\/2014\/02\/Logo_groent_kontor_300x80.png","contentUrl":"https:\/\/grontkontor.dk\/wp-content\/uploads\/2014\/02\/Logo_groent_kontor_300x80.png","width":300,"height":80,"caption":"Gr\u00f8nt Kontor"},"image":{"@id":"https:\/\/grontkontor.dk\/#\/schema\/logo\/image\/"},"sameAs":["https:\/\/www.facebook.com\/grontkontor.dk\/"]}]}},"_links":{"self":[{"href":"https:\/\/grontkontor.dk\/de\/wp-json\/wp\/v2\/product\/130510"}],"collection":[{"href":"https:\/\/grontkontor.dk\/de\/wp-json\/wp\/v2\/product"}],"about":[{"href":"https:\/\/grontkontor.dk\/de\/wp-json\/wp\/v2\/types\/product"}],"replies":[{"embeddable":true,"href":"https:\/\/grontkontor.dk\/de\/wp-json\/wp\/v2\/comments?post=130510"}],"wp:featuredmedia":[{"embeddable":true,"href":"https:\/\/grontkontor.dk\/de\/wp-json\/wp\/v2\/media\/112158"}],"wp:attachment":[{"href":"https:\/\/grontkontor.dk\/de\/wp-json\/wp\/v2\/media?parent=130510"}],"wp:term":[{"taxonomy":"product_cat","embeddable":true,"href":"https:\/\/grontkontor.dk\/de\/wp-json\/wp\/v2\/product_cat?post=130510"},{"taxonomy":"product_tag","embeddable":true,"href":"https:\/\/grontkontor.dk\/de\/wp-json\/wp\/v2\/product_tag?post=130510"}],"curies":[{"name":"wp","href":"https:\/\/api.w.org\/{rel}","templated":true}]}}