{"id":130541,"date":"2025-10-29T10:19:43","date_gmt":"2025-10-29T09:19:44","guid":{"rendered":"https:\/\/grontkontor.dk\/?post_type=product&#038;p=130541"},"modified":"2025-11-03T09:59:03","modified_gmt":"2025-11-03T08:59:03","slug":"julechokolade-med-ophaeng-oekologisk","status":"publish","type":"product","link":"https:\/\/grontkontor.dk\/de\/shop\/julechokolade-med-ophaeng-oekologisk\/","title":{"rendered":"Weihnachtsschokolade mit Aufh\u00e4nger Bio"},"content":{"rendered":"<p>Schaffen Sie eine gem\u00fctliche und s\u00fc\u00dfe Atmosph\u00e4re in Ihrem Zuhause mit Bio Weihnachtsschokolade zum Aufh\u00e4ngen. Dieses kleine Weihnachtshaus ist die perfekte Kombination aus Dekoration und Verw\u00f6hnung. Das Design eignet sich ideal zum Aufh\u00e4ngen am Weihnachtsbaum oder als Teil der Weihnachtsdekoration im Haus, wo es mit seinem klassischen Look Gem\u00fctlichkeit und Weihnachtsstimmung verbreitet.  <\/p>\n<p>Im Haus befindet sich eine kleine, feine \u00dcberraschung: zwei St\u00fccke Milchschokolade mit einem Gewicht von je 9 Gramm und satten 40% Kakao. Es ist die perfekte kleine Leckerei, um sich das Warten zu vers\u00fc\u00dfen oder in einem ruhigen Moment zu genie\u00dfen. Mit den Ma\u00dfen von 11 x 7 x 4 cm ist das Geh\u00e4use kompakt und l\u00e4sst sich leicht \u00fcberall platzieren.  <\/p>\n<p>Holen Sie sich Bio-Weihnachtsschokolade zum Aufh\u00e4ngen, die eine ideale, abgepackte L\u00f6sung ist, um Mitarbeiter, Kunden oder G\u00e4ste zu Weihnachten zu erfreuen. Er eignet sich hervorragend als kleines, aufmerksamkeitsstarkes Firmengeschenk oder als s\u00fc\u00dfer Gru\u00df im B\u00fcro. Obwohl sich das Produkt auf die Freude konzentriert, ist es eine gut durchdachte Wahl, da es ein kleines, pers\u00f6nliches Erlebnis bietet.  <\/p>\n<p>Zutaten:<br \/>\n Rohrzucker*, Kakaobutter*,<strong> Vollmilchpulver*<\/strong>, Kakaomasse* (Dom. Rep.)<br \/>\n* = bio<br \/>\nMindestens 40% Kakao in der Milchschokolade.<\/p>\n<p>N\u00e4hrwertangaben pro 100 g:<\/p>\n<p>Energie 2443 KJ<br \/>\nEnergie 584 kcal<br \/>\nFett 40g \u2013 davon ges\u00e4ttigte Fetts\u00e4uren 24g<br \/>\nKohlenhydrate 48g \u2013 davon Zucker 47g<br \/>\nEiwei\u00df 6,2g<br \/>\nSalz 0,17g<br \/>\nBallaststoffe 2,2 g<\/p>\n<a href=\"https:\/\/www.foedevarestyrelsen.dk\/Leksikon\/Sider\/%C3%98-m%C3%A6rket.aspx\"><img loading=\"lazy\" decoding=\"async\" class=\"size-medium wp-image-24418\" src=\"https:\/\/grontkontor.dk\/wp-content\/uploads\/2024\/05\/statskontrolleret-oekologisk-2.jpg\" alt=\"Statskontrolleret \u00f8kologisk\" width=\"54\" height=\"50\" \/><\/a>\n","protected":false},"excerpt":{"rendered":"<p>Schaffen Sie eine gem\u00fctliche und s\u00fc\u00dfe Atmosph\u00e4re in Ihrem Zuhause mit Bio Weihnachtsschokolade zum Aufh\u00e4ngen. Dieses kleine Weihnachtshaus ist die perfekte Kombination aus Dekoration und Verw\u00f6hnung. Das Design eignet sich ideal zum Aufh\u00e4ngen am Weihnachtsbaum oder als Teil der Weihnachtsdekoration im Haus, wo es mit seinem klassischen Look Gem\u00fctlichkeit und Weihnachtsstimmung verbreitet. Im Haus befindet [&hellip;]<\/p>\n","protected":false},"featured_media":112158,"comment_status":"closed","ping_status":"closed","template":"","meta":{"_acf_changed":false},"product_cat":[3089,3420,3824,4848],"product_tag":[3421],"class_list":{"0":"post-130541","1":"product","2":"type-product","3":"status-publish","4":"has-post-thumbnail","6":"product_cat-dummy-moq-10-50-de","7":"product_cat-suessigkeiten-und-snacks","8":"product_cat-suessigkeiten-snacks-und-snacks","9":"product_cat-weihnachten-und-feiertage","10":"product_tag-schokolade","11":"tm-no-options","13":"first","14":"instock","15":"taxable","16":"shipping-taxable","17":"purchasable","18":"product-type-simple"},"acf":[],"yoast_head":"<!-- This site is optimized with the Yoast SEO Premium plugin v21.2 (Yoast SEO v21.2) - https:\/\/yoast.com\/wordpress\/plugins\/seo\/ -->\n<title>Bio Weihnachtsschokolade zum Aufh\u00e4ngen<\/title>\n<meta name=\"description\" content=\"Bio Weihnachtsschokolade zum Aufh\u00e4ngen kaufen. Das kleine H\u00e4uschen (11x7x4 cm) eignet sich perfekt f\u00fcr den Weihnachtsbaum und enth\u00e4lt 2 St\u00fccke Milchschokolade (40% Kakao). Ideal als s\u00fc\u00dfes und durchdachtes Firmengeschenk.\" \/>\n<meta name=\"robots\" content=\"index, follow, max-snippet:-1, max-image-preview:large, max-video-preview:-1\" \/>\n<link rel=\"canonical\" href=\"https:\/\/grontkontor.dk\/de\/shop\/julechokolade-med-ophaeng-oekologisk\/\" \/>\n<meta property=\"og:locale\" content=\"de_DE\" \/>\n<meta property=\"og:type\" content=\"article\" \/>\n<meta property=\"og:title\" content=\"Weihnachtsschokolade mit Aufh\u00e4nger Bio\" \/>\n<meta property=\"og:description\" content=\"Bio Weihnachtsschokolade zum Aufh\u00e4ngen kaufen. Das kleine H\u00e4uschen (11x7x4 cm) eignet sich perfekt f\u00fcr den Weihnachtsbaum und enth\u00e4lt 2 St\u00fccke Milchschokolade (40% Kakao). Ideal als s\u00fc\u00dfes und durchdachtes Firmengeschenk.\" \/>\n<meta property=\"og:url\" content=\"https:\/\/grontkontor.dk\/de\/shop\/julechokolade-med-ophaeng-oekologisk\/\" \/>\n<meta property=\"og:site_name\" content=\"Gr\u00f8nt Kontor\" \/>\n<meta property=\"article:publisher\" content=\"https:\/\/www.facebook.com\/grontkontor.dk\/\" \/>\n<meta property=\"article:modified_time\" content=\"2025-11-03T08:59:03+00:00\" \/>\n<meta property=\"og:image\" content=\"https:\/\/grontkontor.dk\/wp-content\/uploads\/2021\/06\/marcipanhjerter-3-varianter.jpg\" \/>\n\t<meta property=\"og:image:width\" content=\"900\" \/>\n\t<meta property=\"og:image:height\" content=\"639\" \/>\n\t<meta property=\"og:image:type\" content=\"image\/jpeg\" \/>\n<meta name=\"twitter:card\" content=\"summary_large_image\" \/>\n<meta name=\"twitter:label1\" content=\"Gesch\u00e4tzte Lesezeit\" \/>\n\t<meta name=\"twitter:data1\" content=\"1\u00a0Minute\" \/>\n<script type=\"application\/ld+json\" class=\"yoast-schema-graph\">{\"@context\":\"https:\/\/schema.org\",\"@graph\":[{\"@type\":\"WebPage\",\"@id\":\"https:\/\/grontkontor.dk\/de\/shop\/julechokolade-med-ophaeng-oekologisk\/\",\"url\":\"https:\/\/grontkontor.dk\/de\/shop\/julechokolade-med-ophaeng-oekologisk\/\",\"name\":\"Bio Weihnachtsschokolade zum Aufh\u00e4ngen\",\"isPartOf\":{\"@id\":\"https:\/\/grontkontor.dk\/#website\"},\"datePublished\":\"2025-10-29T09:19:44+00:00\",\"dateModified\":\"2025-11-03T08:59:03+00:00\",\"description\":\"Bio Weihnachtsschokolade zum Aufh\u00e4ngen kaufen. Das kleine H\u00e4uschen (11x7x4 cm) eignet sich perfekt f\u00fcr den Weihnachtsbaum und enth\u00e4lt 2 St\u00fccke Milchschokolade (40% Kakao). Ideal als s\u00fc\u00dfes und durchdachtes Firmengeschenk.\",\"breadcrumb\":{\"@id\":\"https:\/\/grontkontor.dk\/de\/shop\/julechokolade-med-ophaeng-oekologisk\/#breadcrumb\"},\"inLanguage\":\"de\",\"potentialAction\":[{\"@type\":\"ReadAction\",\"target\":[\"https:\/\/grontkontor.dk\/de\/shop\/julechokolade-med-ophaeng-oekologisk\/\"]}]},{\"@type\":\"BreadcrumbList\",\"@id\":\"https:\/\/grontkontor.dk\/de\/shop\/julechokolade-med-ophaeng-oekologisk\/#breadcrumb\",\"itemListElement\":[{\"@type\":\"ListItem\",\"position\":1,\"name\":\"Forside\",\"item\":\"https:\/\/grontkontor.dk\/de\/\"},{\"@type\":\"ListItem\",\"position\":2,\"name\":\"Laden\",\"item\":\"https:\/\/grontkontor.dk\/de\/laden\/\"},{\"@type\":\"ListItem\",\"position\":3,\"name\":\"Mad og drikke\",\"item\":\"https:\/\/grontkontor.dk\/produkt-kategori\/mad-og-drikke\/\"},{\"@type\":\"ListItem\",\"position\":4,\"name\":\"Slik og snacks\",\"item\":\"https:\/\/grontkontor.dk\/produkt-kategori\/mad-og-drikke\/slik-og-snacks\/\"},{\"@type\":\"ListItem\",\"position\":5,\"name\":\"Weihnachtsschokolade mit Aufh\u00e4nger Bio\"}]},{\"@type\":\"WebSite\",\"@id\":\"https:\/\/grontkontor.dk\/#website\",\"url\":\"https:\/\/grontkontor.dk\/\",\"name\":\"Gr\u00f8nt Kontor\",\"description\":\"Milj\u00f8venlige produkter til kontor og erhverv med fokus p\u00e5 b\u00e6redygtighed, design og fair trade.\",\"publisher\":{\"@id\":\"https:\/\/grontkontor.dk\/#organization\"},\"potentialAction\":[{\"@type\":\"SearchAction\",\"target\":{\"@type\":\"EntryPoint\",\"urlTemplate\":\"https:\/\/grontkontor.dk\/?s={search_term_string}\"},\"query-input\":\"required name=search_term_string\"}],\"inLanguage\":\"de\"},{\"@type\":\"Organization\",\"@id\":\"https:\/\/grontkontor.dk\/#organization\",\"name\":\"Gr\u00f8nt Kontor\",\"url\":\"https:\/\/grontkontor.dk\/\",\"logo\":{\"@type\":\"ImageObject\",\"inLanguage\":\"de\",\"@id\":\"https:\/\/grontkontor.dk\/#\/schema\/logo\/image\/\",\"url\":\"https:\/\/grontkontor.dk\/wp-content\/uploads\/2014\/02\/Logo_groent_kontor_300x80.png\",\"contentUrl\":\"https:\/\/grontkontor.dk\/wp-content\/uploads\/2014\/02\/Logo_groent_kontor_300x80.png\",\"width\":300,\"height\":80,\"caption\":\"Gr\u00f8nt Kontor\"},\"image\":{\"@id\":\"https:\/\/grontkontor.dk\/#\/schema\/logo\/image\/\"},\"sameAs\":[\"https:\/\/www.facebook.com\/grontkontor.dk\/\"]}]}<\/script>\n<!-- \/ Yoast SEO Premium plugin. -->","yoast_head_json":{"title":"Bio Weihnachtsschokolade zum Aufh\u00e4ngen","description":"Bio Weihnachtsschokolade zum Aufh\u00e4ngen kaufen. Das kleine H\u00e4uschen (11x7x4 cm) eignet sich perfekt f\u00fcr den Weihnachtsbaum und enth\u00e4lt 2 St\u00fccke Milchschokolade (40% Kakao). Ideal als s\u00fc\u00dfes und durchdachtes Firmengeschenk.","robots":{"index":"index","follow":"follow","max-snippet":"max-snippet:-1","max-image-preview":"max-image-preview:large","max-video-preview":"max-video-preview:-1"},"canonical":"https:\/\/grontkontor.dk\/de\/shop\/julechokolade-med-ophaeng-oekologisk\/","og_locale":"de_DE","og_type":"article","og_title":"Weihnachtsschokolade mit Aufh\u00e4nger Bio","og_description":"Bio Weihnachtsschokolade zum Aufh\u00e4ngen kaufen. Das kleine H\u00e4uschen (11x7x4 cm) eignet sich perfekt f\u00fcr den Weihnachtsbaum und enth\u00e4lt 2 St\u00fccke Milchschokolade (40% Kakao). Ideal als s\u00fc\u00dfes und durchdachtes Firmengeschenk.","og_url":"https:\/\/grontkontor.dk\/de\/shop\/julechokolade-med-ophaeng-oekologisk\/","og_site_name":"Gr\u00f8nt Kontor","article_publisher":"https:\/\/www.facebook.com\/grontkontor.dk\/","article_modified_time":"2025-11-03T08:59:03+00:00","og_image":[{"width":900,"height":639,"url":"https:\/\/grontkontor.dk\/wp-content\/uploads\/2021\/06\/marcipanhjerter-3-varianter.jpg","type":"image\/jpeg"}],"twitter_card":"summary_large_image","twitter_misc":{"Gesch\u00e4tzte Lesezeit":"1\u00a0Minute"},"schema":{"@context":"https:\/\/schema.org","@graph":[{"@type":"WebPage","@id":"https:\/\/grontkontor.dk\/de\/shop\/julechokolade-med-ophaeng-oekologisk\/","url":"https:\/\/grontkontor.dk\/de\/shop\/julechokolade-med-ophaeng-oekologisk\/","name":"Bio Weihnachtsschokolade zum Aufh\u00e4ngen","isPartOf":{"@id":"https:\/\/grontkontor.dk\/#website"},"datePublished":"2025-10-29T09:19:44+00:00","dateModified":"2025-11-03T08:59:03+00:00","description":"Bio Weihnachtsschokolade zum Aufh\u00e4ngen kaufen. Das kleine H\u00e4uschen (11x7x4 cm) eignet sich perfekt f\u00fcr den Weihnachtsbaum und enth\u00e4lt 2 St\u00fccke Milchschokolade (40% Kakao). Ideal als s\u00fc\u00dfes und durchdachtes Firmengeschenk.","breadcrumb":{"@id":"https:\/\/grontkontor.dk\/de\/shop\/julechokolade-med-ophaeng-oekologisk\/#breadcrumb"},"inLanguage":"de","potentialAction":[{"@type":"ReadAction","target":["https:\/\/grontkontor.dk\/de\/shop\/julechokolade-med-ophaeng-oekologisk\/"]}]},{"@type":"BreadcrumbList","@id":"https:\/\/grontkontor.dk\/de\/shop\/julechokolade-med-ophaeng-oekologisk\/#breadcrumb","itemListElement":[{"@type":"ListItem","position":1,"name":"Forside","item":"https:\/\/grontkontor.dk\/de\/"},{"@type":"ListItem","position":2,"name":"Laden","item":"https:\/\/grontkontor.dk\/de\/laden\/"},{"@type":"ListItem","position":3,"name":"Mad og drikke","item":"https:\/\/grontkontor.dk\/produkt-kategori\/mad-og-drikke\/"},{"@type":"ListItem","position":4,"name":"Slik og snacks","item":"https:\/\/grontkontor.dk\/produkt-kategori\/mad-og-drikke\/slik-og-snacks\/"},{"@type":"ListItem","position":5,"name":"Weihnachtsschokolade mit Aufh\u00e4nger Bio"}]},{"@type":"WebSite","@id":"https:\/\/grontkontor.dk\/#website","url":"https:\/\/grontkontor.dk\/","name":"Gr\u00f8nt Kontor","description":"Milj\u00f8venlige produkter til kontor og erhverv med fokus p\u00e5 b\u00e6redygtighed, design og fair trade.","publisher":{"@id":"https:\/\/grontkontor.dk\/#organization"},"potentialAction":[{"@type":"SearchAction","target":{"@type":"EntryPoint","urlTemplate":"https:\/\/grontkontor.dk\/?s={search_term_string}"},"query-input":"required name=search_term_string"}],"inLanguage":"de"},{"@type":"Organization","@id":"https:\/\/grontkontor.dk\/#organization","name":"Gr\u00f8nt Kontor","url":"https:\/\/grontkontor.dk\/","logo":{"@type":"ImageObject","inLanguage":"de","@id":"https:\/\/grontkontor.dk\/#\/schema\/logo\/image\/","url":"https:\/\/grontkontor.dk\/wp-content\/uploads\/2014\/02\/Logo_groent_kontor_300x80.png","contentUrl":"https:\/\/grontkontor.dk\/wp-content\/uploads\/2014\/02\/Logo_groent_kontor_300x80.png","width":300,"height":80,"caption":"Gr\u00f8nt Kontor"},"image":{"@id":"https:\/\/grontkontor.dk\/#\/schema\/logo\/image\/"},"sameAs":["https:\/\/www.facebook.com\/grontkontor.dk\/"]}]}},"_links":{"self":[{"href":"https:\/\/grontkontor.dk\/de\/wp-json\/wp\/v2\/product\/130541"}],"collection":[{"href":"https:\/\/grontkontor.dk\/de\/wp-json\/wp\/v2\/product"}],"about":[{"href":"https:\/\/grontkontor.dk\/de\/wp-json\/wp\/v2\/types\/product"}],"replies":[{"embeddable":true,"href":"https:\/\/grontkontor.dk\/de\/wp-json\/wp\/v2\/comments?post=130541"}],"wp:featuredmedia":[{"embeddable":true,"href":"https:\/\/grontkontor.dk\/de\/wp-json\/wp\/v2\/media\/112158"}],"wp:attachment":[{"href":"https:\/\/grontkontor.dk\/de\/wp-json\/wp\/v2\/media?parent=130541"}],"wp:term":[{"taxonomy":"product_cat","embeddable":true,"href":"https:\/\/grontkontor.dk\/de\/wp-json\/wp\/v2\/product_cat?post=130541"},{"taxonomy":"product_tag","embeddable":true,"href":"https:\/\/grontkontor.dk\/de\/wp-json\/wp\/v2\/product_tag?post=130541"}],"curies":[{"name":"wp","href":"https:\/\/api.w.org\/{rel}","templated":true}]}}